{"id":1336,"date":"2011-04-12T03:08:19","date_gmt":"2011-04-11T19:08:19","guid":{"rendered":"https:\/\/arturf.com\/"},"modified":"2023-07-19T08:35:43","modified_gmt":"2023-07-19T00:35:43","slug":"dealer","status":"publish","type":"page","link":"https:\/\/arturf.com\/pt\/contact\/dealer\/","title":{"rendered":"Oportunidade de revendedor"},"content":{"rendered":"<div class=\"banner has-hover\" id=\"banner-218242634\">\n          <div class=\"banner-inner fill\">\n        <div class=\"banner-bg fill\" >\n            <img loading=\"lazy\" decoding=\"async\" width=\"1020\" height=\"325\" src=\"https:\/\/arturf.com\/wp-content\/uploads\/2020\/08\/Arturf-Artificial-Grass-Dealer-1024x326.jpg\" class=\"bg attachment-large size-large\" alt=\"\" \/>                        <div class=\"overlay\"><\/div>            \n                    <\/div>\n\t\t\n        <div class=\"banner-layers container\">\n            <div class=\"fill banner-link\"><\/div>            \n\n   <div id=\"text-box-248509168\" class=\"text-box banner-layer x50 md-x50 lg-x50 y50 md-y50 lg-y50 res-text\">\n                                <div class=\"text-box-content text dark\">\n              \n              <div class=\"text-inner text-center\">\n                  \n\n\t<div id=\"text-2419511918\" class=\"text\">\n\t\t\n\n<h3>Seu parceiro de neg\u00f3cios confi\u00e1vel de grama artificial<\/h3>\n\t\t\n<style>\n#text-2419511918 {\n  font-size: 1rem;\n}\n@media (min-width:550px) {\n  #text-2419511918 {\n    font-size: 1.5rem;\n  }\n}\n<\/style>\n\t<\/div>\n\t\n\n              <\/div>\n           <\/div>\n                            \n<style>\n#text-box-248509168 {\n  width: 60%;\n}\n#text-box-248509168 .text-box-content {\n  font-size: 100%;\n}\n@media (min-width:550px) {\n  #text-box-248509168 {\n    width: 40%;\n  }\n}\n<\/style>\n    <\/div>\n \n\n        <\/div>\n      <\/div>\n\n            \n<style>\n#banner-218242634 {\n  padding-top: 400px;\n}\n#banner-218242634 .overlay {\n  background-color: rgba(0, 0, 0, 0.35);\n}\n<\/style>\n  <\/div>\n\n\n\n\t<section class=\"section\" id=\"section_204491640\">\n\t\t<div class=\"section-bg fill\" >\n\t\t\t\t\t\t\t\t\t\n\t\t\t\n\n\t\t<\/div>\n\n\t\t\n\n\t\t<div class=\"section-content relative\">\n\t\t\t\n\n\t<div id=\"gap-969272183\" class=\"gap-element clearfix\" style=\"display:block; height:auto;\">\n\t\t\n<style>\n#gap-969272183 {\n  padding-top: 40px;\n}\n<\/style>\n\t<\/div>\n\t\n\n<div class=\"row align-center\"  id=\"row-512406747\">\n\n\n\t<div id=\"col-56953937\" class=\"col medium-4 small-12 large-4\"  >\n\t\t\t\t<div class=\"col-inner\"  >\n\t\t\t\n\t\t\t\n\n<h1 class=\"uppercase\"><span style=\"font-size: 150%;\">tornar-se revendedor<\/span><\/h1>\n<p>Construa sua empresa nos ombros de um dos principais fabricantes de grama artificial.\u00a0<\/p>\n\n\t\t<\/div>\n\t\t\t\t\t<\/div>\n\n\t\n\n\t<div id=\"col-1217190906\" class=\"col medium-8 small-12 large-8\"  >\n\t\t\t\t<div class=\"col-inner\"  >\n\t\t\t\n\t\t\t\n\n<p style=\"text-align: left;\">Voc\u00ea est\u00e1 procurando importar grama artificial para maior lucratividade em vez de comprar localmente?<br \/>Voc\u00ea procura um fornecedor mais confi\u00e1vel para suas necessidades de grama artificial?<br \/>Voc\u00ea est\u00e1 interessado em uma oportunidade de neg\u00f3cio em tempo parcial ou integral?<br \/>Voc\u00ea est\u00e1 pensando em adicionar grama artificial como uma atividade secund\u00e1ria lucrativa ao seu neg\u00f3cio existente?<\/p>\n<p style=\"text-align: left;\">N\u00e3o procure mais do que Arturf!<\/p>\n<h3 style=\"text-align: left;\">Ao fazer parceria conosco, voc\u00ea desfrutar\u00e1 dos seguintes benef\u00edcios de concession\u00e1ria:<\/h3>\n<ol>\n<li>Garantia de qualidade inabal\u00e1vel: nossa qualidade est\u00e1vel e consistente garante tranquilidade.<\/li>\n<li>Pre\u00e7o competitivo do revendedor: garanta grama artificial a pre\u00e7os competitivos para maximizar sua vantagem no mercado.<\/li>\n<li>Op\u00e7\u00f5es de personaliza\u00e7\u00e3o: Aproveite a conveni\u00eancia de nossos servi\u00e7os OEM\/ODM, <a href=\"https:\/\/arturf.com\/pt\/info\/customized-artificial-grass-products\/\">costura de produtos de relva artificial<\/a> especificamente para o seu neg\u00f3cio. Aproveite nossa experi\u00eancia para recomendar produtos adequados para o seu mercado ou forne\u00e7a amostras para replicar (garantindo que n\u00e3o haja viola\u00e7\u00e3o de patente).<\/li>\n<li>Suporte financeiro para revendedores VIP: assist\u00eancia financeira exclusiva dispon\u00edvel para nossos valiosos parceiros.<\/li>\n<li>Equipe Profissional Dedicada: Receba suporte abrangente de nossa equipe experiente.<\/li>\n<li>Assist\u00eancia de marketing: beneficie-se de nossa experi\u00eancia em marketing, incluindo sugest\u00f5es personalizadas, impress\u00e3o de material de marketing gratuito e, se necess\u00e1rio, um site gratuito e hospedagem (ou suporte de TI).<\/li>\n<li>Garantia robusta: Nossos produtos v\u00eam com uma garantia confi\u00e1vel para maior satisfa\u00e7\u00e3o do cliente.<\/li>\n<li>E muito mais\u2026<\/li>\n<\/ol>\n<p style=\"text-align: left;\">Se voc\u00ea estiver interessado em ser nosso revendedor, preencha o formul\u00e1rio de contato abaixo. Teremos um representante para entrar em contato com voc\u00ea dentro de 48 horas.<\/p>\n<form id=\"forminator-module-15408\" class=\"forminator-custom-form forminator-custom-form-15408\" method=\"post\" data-forminator-render=\"0\" data-uid=\"69deb6149dca9\" action=\"\"><div role=\"alert\" aria-live=\"polite\" class=\"forminator-response-message forminator-error\" aria-hidden=\"true\"><\/div><input type=\"hidden\" name=\"trp-form-language\" value=\"pt\"\/><\/form>\n\n\t\t<\/div>\n\t\t\t\t\t<\/div>\n\n\t\n\n<\/div>\n\n\t\t<\/div>\n\n\t\t\n<style>\n#section_204491640 {\n  padding-top: 30px;\n  padding-bottom: 30px;\n}\n<\/style>\n\t<\/section>","protected":false},"excerpt":{"rendered":"","protected":false},"author":3,"featured_media":0,"parent":2234,"menu_order":26,"comment_status":"closed","ping_status":"closed","template":"page-blank.php","meta":{"_seopress_robots_primary_cat":"","_seopress_titles_title":"Artificial Grass Dealer Opportunity","_seopress_titles_desc":"Our dealership package can provide complete range of artificial grass products,related materials such as infill-rubber granules,special glue for installation","_seopress_robots_index":"","footnotes":""},"class_list":["post-1336","page","type-page","status-publish","hentry"],"_links":{"self":[{"href":"https:\/\/arturf.com\/pt\/wp-json\/wp\/v2\/pages\/1336","targetHints":{"allow":["GET"]}}],"collection":[{"href":"https:\/\/arturf.com\/pt\/wp-json\/wp\/v2\/pages"}],"about":[{"href":"https:\/\/arturf.com\/pt\/wp-json\/wp\/v2\/types\/page"}],"author":[{"embeddable":true,"href":"https:\/\/arturf.com\/pt\/wp-json\/wp\/v2\/users\/3"}],"replies":[{"embeddable":true,"href":"https:\/\/arturf.com\/pt\/wp-json\/wp\/v2\/comments?post=1336"}],"version-history":[{"count":0,"href":"https:\/\/arturf.com\/pt\/wp-json\/wp\/v2\/pages\/1336\/revisions"}],"up":[{"embeddable":true,"href":"https:\/\/arturf.com\/pt\/wp-json\/wp\/v2\/pages\/2234"}],"wp:attachment":[{"href":"https:\/\/arturf.com\/pt\/wp-json\/wp\/v2\/media?parent=1336"}],"curies":[{"name":"wp","href":"https:\/\/api.w.org\/{rel}","templated":true}]}}