{"id":13630,"date":"2021-01-05T21:12:52","date_gmt":"2021-01-05T13:12:52","guid":{"rendered":"https:\/\/arturf.com\/?page_id=13630"},"modified":"2023-08-25T21:55:53","modified_gmt":"2023-08-25T13:55:53","slug":"wall-grass","status":"publish","type":"page","link":"https:\/\/arturf.com\/pt\/landscape\/wall-grass\/","title":{"rendered":"Grama de parede"},"content":{"rendered":"<section class=\"section dark has-scroll-for-more\" id=\"section_1097484462\">\n\t\t<div class=\"section-bg fill\" >\n\t\t\t<img loading=\"lazy\" decoding=\"async\" width=\"1500\" height=\"681\" src=\"https:\/\/arturf.com\/wp-content\/uploads\/2021\/01\/Artificial-Hedge-Wall-HX.jpg\" class=\"bg attachment- size-\" alt=\"\" \/>\t\t\t\t\t\t<div class=\"section-bg-overlay absolute fill\"><\/div><button class=\"scroll-for-more z-5 icon absolute bottom h-center\" aria-label=\"Role para mais\"><i class=\"icon-angle-down\" aria-hidden=\"true\" style=\"font-size:42px;\"><\/i><\/button><div class=\"effect-rain bg-effect fill no-click\"><\/div>\n\t\t\t\n\n\t\t<\/div>\n\n\t\t\n\n\t\t<div class=\"section-content relative\">\n\t\t\t\n\n<div class=\"row\"  id=\"row-1713653486\">\n\n\n\t<div id=\"col-274059593\" class=\"col small-12 large-12\"  >\n\t\t\t\t<div class=\"col-inner\"  >\n\t\t\t\n\t\t\t\n\n<p><a href=\"https:\/\/arturf.com\/pt\/\">Casa<\/a> \/ <a href=\"https:\/\/arturf.com\/pt\/landscape\/wall-grass\/\">Grama de parede \/<\/a> <a href=\"https:\/\/arturf.com\/pt\/products\/artificial-hedge\/\">Produtos<\/a><\/p>\n\n\t\t<\/div>\n\t\t\t\t\t<\/div>\n\n\t\n\n<\/div>\n<div class=\"row\"  id=\"row-1651010422\">\n\n\n\t<div id=\"col-831824728\" class=\"col medium-8 small-12 large-6\"  >\n\t\t\t\t<div class=\"col-inner\"  >\n\t\t\t\n\t\t\t\n\n<h1 style=\"font-size: 300%;\">Grama de parede e sebes artificiais<\/h1>\n<p>A grama artificial ganhou popularidade. A sebe artificial, a cerca artificial e a grama de parede tamb\u00e9m est\u00e3o se tornando cada vez mais populares. Al\u00e9m de fabricar grama artificial, fornecemos sebes artificiais de n\u00edvel comercial, cercas artificiais, grama de parede e plantas.<\/p>\n\n\t\t<\/div>\n\t\t\t\t\t<\/div>\n\n\t\n\n<\/div>\n\n\t\t<\/div>\n\n\t\t\n<style>\n#section_1097484462 {\n  padding-top: 20px;\n  padding-bottom: 20px;\n}\n#section_1097484462 .section-bg-overlay {\n  background-color: rgba(0,0,0,.5);\n}\n<\/style>\n\t<\/section>\n\t\n\n\t<section class=\"section\" id=\"section_548695822\">\n\t\t<div class=\"section-bg fill\" >\n\t\t\t\t\t\t\t\t\t\n\t\t\t\n\n\t\t<\/div>\n\n\t\t\n\n\t\t<div class=\"section-content relative\">\n\t\t\t\n\n<div class=\"row\"  id=\"row-2142942244\">\n\n\n\t<div id=\"col-1491988704\" class=\"col small-12 large-12\"  >\n\t\t\t\t<div class=\"col-inner\"  >\n\t\t\t\n\t\t\t\n\n<div class=\"row row-collapse align-middle\"  id=\"row-906728336\">\n\n\n\t<div id=\"col-1318758779\" class=\"col medium-5 small-12 large-4\"  >\n\t\t\t\t<div class=\"col-inner\"  >\n\t\t\t\n\t\t\t\n\n\n  <div class=\"banner has-hover\" id=\"banner-1988580195\">\n          <div class=\"banner-inner fill\">\n        <div class=\"banner-bg fill\" >\n            <img loading=\"lazy\" decoding=\"async\" width=\"700\" height=\"700\" src=\"https:\/\/arturf.com\/wp-content\/uploads\/2021\/01\/Artificial-Boxwood-Hedges.jpg\" class=\"bg attachment-original size-original\" alt=\"\" \/>                                    \n                    <\/div>\n\t\t\n        <div class=\"banner-layers container\">\n            <div class=\"fill banner-link\"><\/div>            \n\n\n        <\/div>\n      <\/div>\n\n            \n<style>\n#banner-1988580195 {\n  padding-top: 400px;\n  background-color: rgb(244, 244, 244);\n}\n@media (min-width:550px) {\n  #banner-1988580195 {\n    padding-top: 500px;\n  }\n}\n<\/style>\n  <\/div>\n\n\n\n\t\t<\/div>\n\t\t\t\t\t<\/div>\n\n\t\n\n\t<div id=\"col-1338211089\" class=\"col team-sorted-info medium-7 small-12 large-8\"  >\n\t\t\t\t<div class=\"col-inner\"  >\n\t\t\t\n\t\t\t\n\n<h2>Esteiras para sebes artificiais<\/h2>\n\t<div id=\"gap-999004019\" class=\"gap-element clearfix\" style=\"display:block; height:auto;\">\n\t\t\n<style>\n#gap-999004019 {\n  padding-top: 5px;\n}\n<\/style>\n\t<\/div>\n\t\n\n<p>As nossas sebes e esteiras artificiais s\u00e3o feitas com folhas simples mas vivas que nunca saem de moda. Eles podem ser cortados para caber em \u00e1reas irregulares e podem ser instalados facilmente sobre superf\u00edcies curvas ou onduladas. N\u00e3o importa o tamanho, forma ou escala do seu projeto, nossas esteiras sebes artificiais s\u00e3o a maneira perfeita de trazer o verde exuberante de uma sebe luxuosa para qualquer espa\u00e7o.<\/p>\n<div class=\"is-divider divider clearfix\" style=\"margin-top:1.2em;margin-bottom:1.2em;max-width:100%;height:2px;background-color:rgba(0, 0, 0, 0.09);\"><\/div>\n\n<div class=\"row row-small\"  id=\"row-683208964\">\n\n\n\t<div id=\"col-1912551445\" class=\"col medium-12 small-12 large-7\"  >\n\t\t\t\t<div class=\"col-inner\"  >\n\t\t\t\n\t\t\t\n\n\n\t\t<\/div>\n\t\t\t\t\t<\/div>\n\n\t\n\n\t<div id=\"col-72032317\" class=\"col medium-12 small-12 large-5\"  >\n\t\t\t\t<div class=\"col-inner\"  >\n\t\t\t\n\t\t\t\n\n<a href=\"https:\/\/arturf.com\/pt\/product\/artificial-hedge-mats\/\" class=\"button secondary lowercase expand\" >\n\t\t<span>Detalhes do produto<\/span>\n\t<i class=\"icon-angle-right\" aria-hidden=\"true\"><\/i><\/a>\n\n\n\n\t\t<\/div>\n\t\t\t\t\t<\/div>\n\n\t\n\n<\/div>\n\n\t\t<\/div>\n\t\t\t\t\n<style>\n#col-1338211089 > .col-inner {\n  padding: 40px 40px 40px 40px;\n}\n<\/style>\n\t<\/div>\n\n\t\n\n<\/div>\n\n\t\t<\/div>\n\t\t\t\t\n<style>\n#col-1491988704 > .col-inner {\n  margin: 10px 0px 10px 0px;\n}\n<\/style>\n\t<\/div>\n\n\t\n\n\n<style>\n#row-2142942244 > .col > .col-inner {\n  background-color: rgb(255,255,255);\n}\n<\/style>\n<\/div>\n<div class=\"row\"  id=\"row-1952988375\">\n\n\n\t<div id=\"col-430497196\" class=\"col small-12 large-12\"  >\n\t\t\t\t<div class=\"col-inner\"  >\n\t\t\t\n\t\t\t\n\n<div class=\"row row-collapse align-middle\"  id=\"row-1620801380\">\n\n\n\t<div id=\"col-508634141\" class=\"col team-sorted-info medium-7 small-12 large-8\"  >\n\t\t\t\t<div class=\"col-inner\"  >\n\t\t\t\n\t\t\t\n\n<h2>Pain\u00e9is de jardim verticais<\/h2>\n\t<div id=\"gap-1374652007\" class=\"gap-element clearfix\" style=\"display:block; height:auto;\">\n\t\t\n<style>\n#gap-1374652007 {\n  padding-top: 5px;\n}\n<\/style>\n\t<\/div>\n\t\n\n<p>O incr\u00edvel efeito 3D desses pain\u00e9is de sebes artificiais tropicais \u00e9 criado pelos v\u00e1rios tamanhos, profundidades e estilos de plantas contidos no design. As plantas se elevam e se afastam do painel e d\u00e3o \u00e0 parede verde mais profundidade e realismo.<\/p>\n<p>Ideal para paredes verdes artificiais em escrit\u00f3rios, resid\u00eancias, lojas, hot\u00e9is, bares, caf\u00e9s e restaurantes. \u00d3timo para estandes de exposi\u00e7\u00e3o, eventos corporativos, casamentos e outros eventos privados, bem como cen\u00e1rios deslumbrantes para logotipos, letreiros de n\u00e9on e letras.<\/p>\n<div class=\"is-divider divider clearfix\" style=\"margin-top:1.2em;margin-bottom:1.2em;max-width:100%;height:2px;background-color:rgba(0, 0, 0, 0.09);\"><\/div>\n\n<div class=\"row row-small\"  id=\"row-1129050992\">\n\n\n\t<div id=\"col-1655364106\" class=\"col medium-12 small-12 large-5\"  >\n\t\t\t\t<div class=\"col-inner\"  >\n\t\t\t\n\t\t\t\n\n<a href=\"https:\/\/arturf.com\/pt\/product\/vertical-garden-panels\/\" class=\"button secondary lowercase expand\" >\n\t\t<span>Detalhes do produto<\/span>\n\t<i class=\"icon-angle-right\" aria-hidden=\"true\"><\/i><\/a>\n\n\n\n\t\t<\/div>\n\t\t\t\t\t<\/div>\n\n\t\n\n\t<div id=\"col-496233909\" class=\"col medium-12 small-12 large-7\"  >\n\t\t\t\t<div class=\"col-inner\"  >\n\t\t\t\n\t\t\t\n\n\n\t\t<\/div>\n\t\t\t\t\t<\/div>\n\n\t\n\n<\/div>\n\n\t\t<\/div>\n\t\t\t\t\n<style>\n#col-508634141 > .col-inner {\n  padding: 40px 40px 40px 40px;\n}\n<\/style>\n\t<\/div>\n\n\t\n\n\t<div id=\"col-1500680524\" class=\"col medium-5 small-12 large-4 small-col-first\"  >\n\t\t\t\t<div class=\"col-inner\"  >\n\t\t\t\n\t\t\t\n\n\n  <div class=\"banner has-hover\" id=\"banner-1196741475\">\n          <div class=\"banner-inner fill\">\n        <div class=\"banner-bg fill\" >\n            <img loading=\"lazy\" decoding=\"async\" width=\"600\" height=\"838\" src=\"https:\/\/arturf.com\/wp-content\/uploads\/2021\/01\/3D-Vertical-Garden-Panel.jpg\" class=\"bg attachment-original size-original\" alt=\"\" \/>                                    \n                    <\/div>\n\t\t\n        <div class=\"banner-layers container\">\n            <div class=\"fill banner-link\"><\/div>            \n\n\n        <\/div>\n      <\/div>\n\n            \n<style>\n#banner-1196741475 {\n  padding-top: 400px;\n  background-color: rgb(244, 244, 244);\n}\n@media (min-width:550px) {\n  #banner-1196741475 {\n    padding-top: 500px;\n  }\n}\n<\/style>\n  <\/div>\n\n\n\n\t\t<\/div>\n\t\t\t\t\t<\/div>\n\n\t\n\n<\/div>\n\n\t\t<\/div>\n\t\t\t\t\n<style>\n#col-430497196 > .col-inner {\n  margin: 10px 0px 10px 0px;\n}\n<\/style>\n\t<\/div>\n\n\t\n\n\n<style>\n#row-1952988375 > .col > .col-inner {\n  background-color: rgb(255,255,255);\n}\n<\/style>\n<\/div>\n\n\t\t<\/div>\n\n\t\t\n<style>\n#section_548695822 {\n  padding-top: 60px;\n  padding-bottom: 60px;\n  background-color: rgb(228, 228, 228);\n}\n<\/style>\n\t<\/section>\n\t\n<div class=\"row\"  id=\"row-882105878\">\n\n\n\t<div id=\"col-1050004318\" class=\"col medium-4 small-12 large-4\"  >\n\t\t\t\t<div class=\"col-inner\"  >\n\t\t\t\n\t\t\t\n\n<h3 style=\"text-align: center;\">100% PE fresco<\/h3>\n<p style=\"text-align: center;\">Fabricado em polietileno premium. Os materiais novos do 100% garantem uma longa vida \u00fatil \u00e0s nossas sebes artificiais.<\/p>\n\n\t\t<\/div>\n\t\t\t\t\t<\/div>\n\n\t\n\n\t<div id=\"col-1095946464\" class=\"col medium-4 small-12 large-4\"  >\n\t\t\t\t<div class=\"col-inner\"  >\n\t\t\t\n\t\t\t\n\n<h3 style=\"text-align: center;\">UV estabilizado<\/h3>\n<p style=\"text-align: center;\">Sebes artificiais com resist\u00eancia aos raios ultravioleta (sim ou opcional), concebidas para manter a sua planta viva por mais tempo e cheia de cor.<\/p>\n\n\t\t<\/div>\n\t\t\t\t\t<\/div>\n\n\t\n\n\t<div id=\"col-1332617950\" class=\"col medium-4 small-12 large-4\"  >\n\t\t\t\t<div class=\"col-inner\"  >\n\t\t\t\n\t\t\t\n\n<h3 style=\"text-align: center;\">Realistas<\/h3>\n<p style=\"text-align: center;\">Cada folha \u00e9 moldada individualmente, garantindo que o produto final seja quase indistingu\u00edvel de uma sebe real.<\/p>\n\n\t\t<\/div>\n\t\t\t\t\t<\/div>\n\n\t\n\n<\/div>\n\n\t<section class=\"section dark\" id=\"section_1778035556\">\n\t\t<div class=\"section-bg fill\" >\n\t\t\t\t\t\t\t\t\t\n\t\t\t\n\n\t\t<\/div>\n\n\t\t\n\n\t\t<div class=\"section-content relative\">\n\t\t\t\n\n<div class=\"row\"  id=\"row-1084161583\">\n\n\n\t<div id=\"col-88519297\" class=\"col medium-8 small-12 large-6\"  >\n\t\t\t\t<div class=\"col-inner\"  >\n\t\t\t\n\t\t\t\n\n<h3 style=\"font-size: 250%;\">Solicite amostras gr\u00e1tis e cota\u00e7\u00f5es hoje mesmo!<\/h3>\n<p>Entre em contato conosco para receber amostras gratuitas de nossas sebes artificiais e obter um or\u00e7amento gratuito. Valorizamos seu interesse em nossos produtos e estamos comprometidos em fornecer um excelente atendimento ao cliente.<\/p>\n<a href=\"mailto:info@arturf.com\" class=\"button white lowercase\" >\n\t\t<span>hedge@arturf.com<\/span>\n\t<\/a>\n\n\n\n\t\t<\/div>\n\t\t\t\t\n<style>\n#col-88519297 > .col-inner {\n  padding: 30px 0px 0px 0px;\n}\n<\/style>\n\t<\/div>\n\n\t\n\n\t<div id=\"col-856045855\" class=\"col medium-8 small-12 large-6\"  >\n\t\t\t\t<div class=\"col-inner\"  >\n\t\t\t\n\t\t\t\n\n<p><form id=\"forminator-module-15348\" class=\"forminator-custom-form forminator-custom-form-15348\" method=\"post\" data-forminator-render=\"0\" data-uid=\"69f2704603738\" action=\"\"><div role=\"alert\" aria-live=\"polite\" class=\"forminator-response-message forminator-error\" aria-hidden=\"true\"><\/div><input type=\"hidden\" name=\"trp-form-language\" value=\"pt\"\/><\/form><\/p>\n<p><em>Para obter informa\u00e7\u00f5es detalhadas, visite nosso site dedicado para <a href=\"https:\/\/pandagreens.com\/\">sebes artificiais<\/a><\/em><\/p>\n\n\t\t<\/div>\n\t\t\t\t\n<style>\n#col-856045855 > .col-inner {\n  padding: 30px 0px 0px 0px;\n}\n<\/style>\n\t<\/div>\n\n\t\n\n<\/div>\n\n\t\t<\/div>\n\n\t\t\n<style>\n#section_1778035556 {\n  padding-top: 60px;\n  padding-bottom: 60px;\n  background-color: rgb(43, 43, 43);\n}\n<\/style>\n\t<\/section>","protected":false},"excerpt":{"rendered":"","protected":false},"author":3,"featured_media":0,"parent":6461,"menu_order":0,"comment_status":"closed","ping_status":"closed","template":"page-blank-landingpage.php","meta":{"_seopress_robots_primary_cat":"","_seopress_titles_title":"Artificial Hedge Mats-Vertical Garden Panels-Wall Grass","_seopress_titles_desc":"We provide commercial-grade artificial hedges and plants at unbeatable price. Reliable artificial hedge manufacturer located in China.","_seopress_robots_index":"","footnotes":""},"class_list":["post-13630","page","type-page","status-publish","hentry"],"_links":{"self":[{"href":"https:\/\/arturf.com\/pt\/wp-json\/wp\/v2\/pages\/13630","targetHints":{"allow":["GET"]}}],"collection":[{"href":"https:\/\/arturf.com\/pt\/wp-json\/wp\/v2\/pages"}],"about":[{"href":"https:\/\/arturf.com\/pt\/wp-json\/wp\/v2\/types\/page"}],"author":[{"embeddable":true,"href":"https:\/\/arturf.com\/pt\/wp-json\/wp\/v2\/users\/3"}],"replies":[{"embeddable":true,"href":"https:\/\/arturf.com\/pt\/wp-json\/wp\/v2\/comments?post=13630"}],"version-history":[{"count":0,"href":"https:\/\/arturf.com\/pt\/wp-json\/wp\/v2\/pages\/13630\/revisions"}],"up":[{"embeddable":true,"href":"https:\/\/arturf.com\/pt\/wp-json\/wp\/v2\/pages\/6461"}],"wp:attachment":[{"href":"https:\/\/arturf.com\/pt\/wp-json\/wp\/v2\/media?parent=13630"}],"curies":[{"name":"wp","href":"https:\/\/api.w.org\/{rel}","templated":true}]}}