{"id":18911,"date":"2023-07-08T18:19:01","date_gmt":"2023-07-08T10:19:01","guid":{"rendered":"https:\/\/arturf.com\/?page_id=18911"},"modified":"2023-07-10T15:10:33","modified_gmt":"2023-07-10T07:10:33","slug":"quality-assurance","status":"publish","type":"page","link":"https:\/\/arturf.com\/pt\/about\/quality-assurance\/","title":{"rendered":"Garantia da Qualidade"},"content":{"rendered":"<section class=\"section\" id=\"section_2066608803\">\n\t\t<div class=\"section-bg fill\" >\n\t\t\t<img loading=\"lazy\" decoding=\"async\" width=\"1440\" height=\"500\" src=\"https:\/\/arturf.com\/wp-content\/uploads\/2023\/07\/Artificial-Turf-Durability-Testing.webp\" class=\"bg attachment-1536x1536 size-1536x1536\" alt=\"Qualidade\" \/>\t\t\t\t\t\t\n\t\t\t\n\n\t\t<\/div>\n\n\t\t\n\n\t\t<div class=\"section-content relative\">\n\t\t\t\n\n<div class=\"row\" style=\"max-width:1200px\" id=\"row-751214465\">\n\n\n\t<div id=\"col-1071121239\" class=\"col medium-5 small-12 large-5\"  >\n\t\t\t\t<div class=\"col-inner\"  >\n\t\t\t\n\t\t\t\n\n\t<div id=\"gap-235552394\" class=\"gap-element clearfix\" style=\"display:block; height:auto;\">\n\t\t\n<style>\n#gap-235552394 {\n  padding-top: 0px;\n}\n@media (min-width:850px) {\n  #gap-235552394 {\n    padding-top: 30px;\n  }\n}\n<\/style>\n\t<\/div>\n\t\n\n\n\t\t<\/div>\n\t\t\t\t\t<\/div>\n\n\t\n\n\t<div id=\"col-904706433\" class=\"col medium-12 small-12 large-7\"  >\n\t\t\t\t<div class=\"col-inner\"  >\n\t\t\t\n\t\t\t\n\n\t<div id=\"gap-1799551785\" class=\"gap-element clearfix\" style=\"display:block; height:auto;\">\n\t\t\n<style>\n#gap-1799551785 {\n  padding-top: 30px;\n}\n<\/style>\n\t<\/div>\n\t\n\n\t<div id=\"text-2129726131\" class=\"text\">\n\t\t\n\n<h1>Garantia da Qualidade<\/h1>\n\t\t\n<style>\n#text-2129726131 {\n  font-size: 2.5rem;\n  color: rgb(255,255,255);\n}\n#text-2129726131 > * {\n  color: rgb(255,255,255);\n}\n@media (min-width:550px) {\n  #text-2129726131 {\n    font-size: 2rem;\n  }\n}\n<\/style>\n\t<\/div>\n\t\n\n\t\t<\/div>\n\t\t\t\t\n<style>\n#col-904706433 > .col-inner {\n  padding: 0px 0px 0px 0;\n}\n@media (min-width:550px) {\n  #col-904706433 > .col-inner {\n    padding: 0px 0px 0px 30px;\n  }\n}\n<\/style>\n\t<\/div>\n\n\t\n\n<\/div>\n\n\t\t<\/div>\n\n\t\t\n<style>\n#section_2066608803 {\n  padding-top: 30px;\n  padding-bottom: 30px;\n  min-height: 300px;\n}\n#section_2066608803 .section-bg img {\n  object-position: left;\n}\n@media (min-width:550px) {\n  #section_2066608803 {\n    min-height: 450px;\n  }\n}\n@media (min-width:850px) {\n  #section_2066608803 {\n    min-height: 500px;\n  }\n}\n<\/style>\n\t<\/section>\n\t\n<div class=\"row\" style=\"max-width:1200px\" id=\"row-1417704093\">\n\n\n\t<div id=\"col-556125993\" class=\"col medium-12 small-12 large-5\"  >\n\t\t\t\t<div class=\"col-inner\"  >\n\t\t\t\n\t\t\t\n\n\n  <div class=\"banner has-hover\" id=\"banner-1361895300\">\n          <div class=\"banner-inner fill\">\n        <div class=\"banner-bg fill\" >\n            <img loading=\"lazy\" decoding=\"async\" width=\"780\" height=\"844\" src=\"https:\/\/arturf.com\/wp-content\/uploads\/2023\/07\/Artificial-Turf-Fiber-Tensile-Test.jpg\" class=\"bg attachment-large size-large\" alt=\"Qualidade\" \/>                                    \n                    <\/div>\n\t\t\n        <div class=\"banner-layers container\">\n            <div class=\"fill banner-link\"><\/div>            \n\n\n        <\/div>\n      <\/div>\n\n            \n<style>\n#banner-1361895300 {\n  padding-top: 300px;\n  background-color: rgb(255, 255, 255);\n}\n#banner-1361895300 .banner-bg img {\n  object-position: 50% 56%;\n}\n@media (min-width:550px) {\n  #banner-1361895300 {\n    padding-top: 500px;\n  }\n}\n@media (min-width:850px) {\n  #banner-1361895300 {\n    padding-top: 650px;\n  }\n}\n<\/style>\n  <\/div>\n\n\n\t<div id=\"gap-1590198813\" class=\"gap-element clearfix\" style=\"display:block; height:auto;\">\n\t\t\n<style>\n#gap-1590198813 {\n  padding-top: 0px;\n}\n@media (min-width:850px) {\n  #gap-1590198813 {\n    padding-top: 50px;\n  }\n}\n<\/style>\n\t<\/div>\n\t\n\n\n\t\t<\/div>\n\t\t\t\t\n<style>\n#col-556125993 > .col-inner {\n  margin: -100px 0px 0px 0px;\n}\n@media (min-width:550px) {\n  #col-556125993 > .col-inner {\n    margin: -150px 0px 0px 0px;\n  }\n}\n@media (min-width:850px) {\n  #col-556125993 > .col-inner {\n    margin: -400px 0px 0px 0px;\n  }\n}\n<\/style>\n\t<\/div>\n\n\t\n\n\t<div id=\"col-489777626\" class=\"col medium-11 small-12 large-7\"  >\n\t\t\t\t<div class=\"col-inner\"  >\n\t\t\t\n\t\t\t\n\n\t<div id=\"gap-2015359120\" class=\"gap-element clearfix\" style=\"display:block; height:auto;\">\n\t\t\n<style>\n#gap-2015359120 {\n  padding-top: 30px;\n}\n<\/style>\n\t<\/div>\n\t\n\n<p>Na Arturf, temos imenso orgulho de ser o principal fabricante de grama artificial na China, comprometido em fornecer produtos de alta qualidade que superam as expectativas dos clientes. Nossa dedica\u00e7\u00e3o \u00e0 garantia de qualidade est\u00e1 enraizada em cada etapa de nosso processo de fabrica\u00e7\u00e3o. Desde a sele\u00e7\u00e3o das melhores mat\u00e9rias-primas at\u00e9 a implementa\u00e7\u00e3o de rigorosos protocolos de teste, n\u00e3o deixamos pedra sobre pedra para garantir que nossa grama artificial se destaque em termos de durabilidade, est\u00e9tica e desempenho.<\/p>\n\n\t\t<\/div>\n\t\t\t\t\n<style>\n#col-489777626 > .col-inner {\n  padding: 0px 0px 0px 0;\n}\n@media (min-width:550px) {\n  #col-489777626 > .col-inner {\n    padding: 0px 0px 0px 30px;\n  }\n}\n<\/style>\n\t<\/div>\n\n\t\n\n<\/div>\n\n\t<section class=\"section\" id=\"section_191048239\">\n\t\t<div class=\"section-bg fill\" >\n\t\t\t\t\t\t\t\t\t\n\t\t\t\n\n\t\t<\/div>\n\n\t\t\n\n\t\t<div class=\"section-content relative\">\n\t\t\t\n\n<div class=\"row\" style=\"max-width:1200px\" id=\"row-1560636246\">\n\n\n\t<div id=\"col-752983247\" class=\"col small-12 large-12\"  >\n\t\t\t\t<div class=\"col-inner\"  >\n\t\t\t\n\t\t\t\n\n\t<div id=\"text-662804776\" class=\"text\">\n\t\t\n\n<h3>Nosso Compromisso com a Excel\u00eancia<\/h3>\n\t\t\n<style>\n#text-662804776 {\n  font-size: 1.75rem;\n  text-align: center;\n}\n<\/style>\n\t<\/div>\n\t\n\n\t\t<\/div>\n\t\t\t\t\t<\/div>\n\n\t\n\n<\/div>\n<div class=\"row row-large row-solid\" style=\"max-width:1200px\" id=\"row-1822523809\">\n\n\n\t<div id=\"col-1766309181\" class=\"col medium-10 small-12 large-6\"  >\n\t\t\t\t<div class=\"col-inner\"  >\n\t\t\t\n\t\t\t\n\n\n\t\t<div class=\"icon-box featured-box icon-box-left text-left\"  >\n\t\t\t\t\t<div class=\"icon-box-img\" style=\"width: 69px\">\n\t\t\t\t<div class=\"icon\">\n\t\t\t\t\t<div class=\"icon-inner\" >\n\t\t\t\t\t\t<img loading=\"lazy\" decoding=\"async\" width=\"120\" height=\"120\" src=\"https:\/\/arturf.com\/wp-content\/uploads\/2023\/07\/check-line.png\" class=\"attachment-medium size-medium\" alt=\"Qualidade\" srcset=\"https:\/\/arturf.com\/wp-content\/uploads\/2023\/07\/check-line.png 120w, https:\/\/arturf.com\/wp-content\/uploads\/2023\/07\/check-line-12x12.png 12w, https:\/\/arturf.com\/wp-content\/uploads\/2023\/07\/check-line-100x100.png 100w\" sizes=\"auto, (max-width: 120px) 100vw, 120px\" \/>\t\t\t\t\t<\/div>\n\t\t\t\t<\/div>\n\t\t\t<\/div>\n\t\t\t\t<div class=\"icon-box-text last-reset\">\n\t\t\t\t\t\t\t\t\t\n\n<h4>Materiais Premium<\/h4>\n<p>Materiais meticulosamente obtidos e de primeira qualidade garantem qualidade superior, durabilidade e resist\u00eancia ao desgaste, raios UV e fatores ambientais.<\/p>\n\n\t\t<\/div>\n\t<\/div>\n\t\n\t\n\t<div id=\"gap-2132335577\" class=\"gap-element clearfix\" style=\"display:block; height:auto;\">\n\t\t\n<style>\n#gap-2132335577 {\n  padding-top: 30px;\n}\n<\/style>\n\t<\/div>\n\t\n\n\n\t\t<div class=\"icon-box featured-box icon-box-left text-left\"  >\n\t\t\t\t\t<div class=\"icon-box-img\" style=\"width: 69px\">\n\t\t\t\t<div class=\"icon\">\n\t\t\t\t\t<div class=\"icon-inner\" >\n\t\t\t\t\t\t<img loading=\"lazy\" decoding=\"async\" width=\"120\" height=\"120\" src=\"https:\/\/arturf.com\/wp-content\/uploads\/2023\/07\/check-line.png\" class=\"attachment-medium size-medium\" alt=\"Qualidade\" srcset=\"https:\/\/arturf.com\/wp-content\/uploads\/2023\/07\/check-line.png 120w, https:\/\/arturf.com\/wp-content\/uploads\/2023\/07\/check-line-12x12.png 12w, https:\/\/arturf.com\/wp-content\/uploads\/2023\/07\/check-line-100x100.png 100w\" sizes=\"auto, (max-width: 120px) 100vw, 120px\" \/>\t\t\t\t\t<\/div>\n\t\t\t\t<\/div>\n\t\t\t<\/div>\n\t\t\t\t<div class=\"icon-box-text last-reset\">\n\t\t\t\t\t\t\t\t\t\n\n<h4>M\u00e1quinas de ponta<\/h4>\n<p>F\u00e1brica de grama artificial de \u00faltima gera\u00e7\u00e3o com m\u00e1quinas avan\u00e7adas de extrus\u00e3o, tufagem e revestimento, l\u00edder em tecnologia e inova\u00e7\u00e3o.<\/p>\n\n\t\t<\/div>\n\t<\/div>\n\t\n\t\n\t<div id=\"gap-989753402\" class=\"gap-element clearfix\" style=\"display:block; height:auto;\">\n\t\t\n<style>\n#gap-989753402 {\n  padding-top: 30px;\n}\n<\/style>\n\t<\/div>\n\t\n\n\n\t\t<div class=\"icon-box featured-box icon-box-left text-left\"  >\n\t\t\t\t\t<div class=\"icon-box-img\" style=\"width: 69px\">\n\t\t\t\t<div class=\"icon\">\n\t\t\t\t\t<div class=\"icon-inner\" >\n\t\t\t\t\t\t<img loading=\"lazy\" decoding=\"async\" width=\"120\" height=\"120\" src=\"https:\/\/arturf.com\/wp-content\/uploads\/2023\/07\/check-line.png\" class=\"attachment-medium size-medium\" alt=\"Qualidade\" srcset=\"https:\/\/arturf.com\/wp-content\/uploads\/2023\/07\/check-line.png 120w, https:\/\/arturf.com\/wp-content\/uploads\/2023\/07\/check-line-12x12.png 12w, https:\/\/arturf.com\/wp-content\/uploads\/2023\/07\/check-line-100x100.png 100w\" sizes=\"auto, (max-width: 120px) 100vw, 120px\" \/>\t\t\t\t\t<\/div>\n\t\t\t\t<\/div>\n\t\t\t<\/div>\n\t\t\t\t<div class=\"icon-box-text last-reset\">\n\t\t\t\t\t\t\t\t\t\n\n<h4>Artesanato Qualificado<\/h4>\n<p>T\u00e9cnicos altamente experientes garantem aten\u00e7\u00e3o excepcional aos detalhes e excel\u00eancia em cada produto, aproveitando a profunda experi\u00eancia na fabrica\u00e7\u00e3o de grama sint\u00e9tica.<\/p>\n\n\t\t<\/div>\n\t<\/div>\n\t\n\t\n\t<div id=\"gap-296762630\" class=\"gap-element clearfix\" style=\"display:block; height:auto;\">\n\t\t\n<style>\n#gap-296762630 {\n  padding-top: 30px;\n}\n<\/style>\n\t<\/div>\n\t\n\n\n\t\t<\/div>\n\t\t\t\t\n<style>\n#col-1766309181 > .col-inner {\n  padding: 0px 0 0px 0px;\n}\n@media (min-width:850px) {\n  #col-1766309181 > .col-inner {\n    padding: 0px 40px 0px 0px;\n  }\n}\n<\/style>\n\t<\/div>\n\n\t\n\n\t<div id=\"col-930255852\" class=\"col medium-10 small-12 large-6\"  >\n\t\t\t\t<div class=\"col-inner\"  >\n\t\t\t\n\t\t\t\n\n\n\t\t<div class=\"icon-box featured-box icon-box-left text-left\"  >\n\t\t\t\t\t<div class=\"icon-box-img\" style=\"width: 69px\">\n\t\t\t\t<div class=\"icon\">\n\t\t\t\t\t<div class=\"icon-inner\" >\n\t\t\t\t\t\t<img loading=\"lazy\" decoding=\"async\" width=\"120\" height=\"120\" src=\"https:\/\/arturf.com\/wp-content\/uploads\/2023\/07\/check-line.png\" class=\"attachment-medium size-medium\" alt=\"Qualidade\" srcset=\"https:\/\/arturf.com\/wp-content\/uploads\/2023\/07\/check-line.png 120w, https:\/\/arturf.com\/wp-content\/uploads\/2023\/07\/check-line-12x12.png 12w, https:\/\/arturf.com\/wp-content\/uploads\/2023\/07\/check-line-100x100.png 100w\" sizes=\"auto, (max-width: 120px) 100vw, 120px\" \/>\t\t\t\t\t<\/div>\n\t\t\t\t<\/div>\n\t\t\t<\/div>\n\t\t\t\t<div class=\"icon-box-text last-reset\">\n\t\t\t\t\t\t\t\t\t\n\n<h4>Teste completo de pr\u00e9-lan\u00e7amento<\/h4>\n<p>Nossa equipe de controle de qualidade realiza testes abrangentes de resist\u00eancia ao desgaste, resist\u00eancia a UV e desempenho, excedendo os padr\u00f5es da ind\u00fastria, garantindo uma qualidade excepcional do produto.<\/p>\n\n\t\t<\/div>\n\t<\/div>\n\t\n\t\n\t<div id=\"gap-1223281017\" class=\"gap-element clearfix\" style=\"display:block; height:auto;\">\n\t\t\n<style>\n#gap-1223281017 {\n  padding-top: 30px;\n}\n<\/style>\n\t<\/div>\n\t\n\n\n\t\t<div class=\"icon-box featured-box icon-box-left text-left\"  >\n\t\t\t\t\t<div class=\"icon-box-img\" style=\"width: 69px\">\n\t\t\t\t<div class=\"icon\">\n\t\t\t\t\t<div class=\"icon-inner\" >\n\t\t\t\t\t\t<img loading=\"lazy\" decoding=\"async\" width=\"120\" height=\"120\" src=\"https:\/\/arturf.com\/wp-content\/uploads\/2023\/07\/check-line.png\" class=\"attachment-medium size-medium\" alt=\"Qualidade\" srcset=\"https:\/\/arturf.com\/wp-content\/uploads\/2023\/07\/check-line.png 120w, https:\/\/arturf.com\/wp-content\/uploads\/2023\/07\/check-line-12x12.png 12w, https:\/\/arturf.com\/wp-content\/uploads\/2023\/07\/check-line-100x100.png 100w\" sizes=\"auto, (max-width: 120px) 100vw, 120px\" \/>\t\t\t\t\t<\/div>\n\t\t\t\t<\/div>\n\t\t\t<\/div>\n\t\t\t\t<div class=\"icon-box-text last-reset\">\n\t\t\t\t\t\t\t\t\t\n\n<h4>Inspe\u00e7\u00f5es Completas<\/h4>\n<p>Conduzimos rigorosas inspe\u00e7\u00f5es de produ\u00e7\u00e3o e amostragem de rotina para cada pedido, garantindo produtos excepcionais e a satisfa\u00e7\u00e3o do cliente.<\/p>\n\n\t\t<\/div>\n\t<\/div>\n\t\n\t\n\t<div id=\"gap-1940719053\" class=\"gap-element clearfix\" style=\"display:block; height:auto;\">\n\t\t\n<style>\n#gap-1940719053 {\n  padding-top: 30px;\n}\n<\/style>\n\t<\/div>\n\t\n\n\n\t\t<div class=\"icon-box featured-box icon-box-left text-left\"  >\n\t\t\t\t\t<div class=\"icon-box-img\" style=\"width: 69px\">\n\t\t\t\t<div class=\"icon\">\n\t\t\t\t\t<div class=\"icon-inner\" >\n\t\t\t\t\t\t<img loading=\"lazy\" decoding=\"async\" width=\"120\" height=\"120\" src=\"https:\/\/arturf.com\/wp-content\/uploads\/2023\/07\/check-line.png\" class=\"attachment-medium size-medium\" alt=\"Qualidade\" srcset=\"https:\/\/arturf.com\/wp-content\/uploads\/2023\/07\/check-line.png 120w, https:\/\/arturf.com\/wp-content\/uploads\/2023\/07\/check-line-12x12.png 12w, https:\/\/arturf.com\/wp-content\/uploads\/2023\/07\/check-line-100x100.png 100w\" sizes=\"auto, (max-width: 120px) 100vw, 120px\" \/>\t\t\t\t\t<\/div>\n\t\t\t\t<\/div>\n\t\t\t<\/div>\n\t\t\t\t<div class=\"icon-box-text last-reset\">\n\t\t\t\t\t\t\t\t\t\n\n<h4>Garantia confi\u00e1vel<\/h4>\n<p>Nossa garantia confi\u00e1vel garante a satisfa\u00e7\u00e3o total do cliente, resolvendo prontamente quaisquer defeitos ou problemas em nossa grama artificial<\/p>\n\n\t\t<\/div>\n\t<\/div>\n\t\n\t\n\n\t\t<\/div>\n\t\t\t\t\n<style>\n#col-930255852 > .col-inner {\n  padding: 0px 0px 0px 0;\n}\n@media (min-width:850px) {\n  #col-930255852 > .col-inner {\n    padding: 0px 0px 0px 30px;\n  }\n}\n<\/style>\n\t<\/div>\n\n\t\n\n<\/div>\n\t<div id=\"gap-1649329013\" class=\"gap-element clearfix\" style=\"display:block; height:auto;\">\n\t\t\n<style>\n#gap-1649329013 {\n  padding-top: 30px;\n}\n<\/style>\n\t<\/div>\n\t\n\n\n\t\t<\/div>\n\n\t\t\n<style>\n#section_191048239 {\n  padding-top: 80px;\n  padding-bottom: 80px;\n  background-color: rgb(242, 238, 241);\n}\n<\/style>\n\t<\/section>\n\t\n\n\t<section class=\"section\" id=\"section_1292359694\">\n\t\t<div class=\"section-bg fill\" >\n\t\t\t\t\t\t\t\t\t\n\t\t\t\n\n\t\t<\/div>\n\n\t\t\n\n\t\t<div class=\"section-content relative\">\n\t\t\t\n\n<div class=\"row align-center\" style=\"max-width:1200px\" id=\"row-1681428155\">\n\n\n\t<div id=\"col-10660073\" class=\"col medium-10 small-12 large-8\"  >\n\t\t\t\t<div class=\"col-inner\"  >\n\t\t\t\n\t\t\t\n\n\t<div id=\"gap-1588977266\" class=\"gap-element clearfix\" style=\"display:block; height:auto;\">\n\t\t\n<style>\n#gap-1588977266 {\n  padding-top: 30px;\n}\n<\/style>\n\t<\/div>\n\t\n\n\t<div id=\"text-4064691398\" class=\"text\">\n\t\t\n\n<h1>Prioridade de qualidade consistente<\/h1>\n\t\t\n<style>\n#text-4064691398 {\n  font-size: 1.75rem;\n  text-align: center;\n}\n<\/style>\n\t<\/div>\n\t\n\t<div id=\"gap-166528795\" class=\"gap-element clearfix\" style=\"display:block; height:auto;\">\n\t\t\n<style>\n#gap-166528795 {\n  padding-top: 10px;\n}\n<\/style>\n\t<\/div>\n\t\n\n\t<div id=\"text-3269156354\" class=\"text\">\n\t\t\n\n<p>Na Arturf, priorizamos inabalavelmente a garantia de qualidade. Por meio de sele\u00e7\u00e3o meticulosa de mat\u00e9rias-primas, utiliza\u00e7\u00e3o de maquin\u00e1rio avan\u00e7ado, m\u00e3o de obra qualificada, testes abrangentes, inspe\u00e7\u00f5es de rotina e amostragem e termos de garantia confi\u00e1veis, garantimos a produ\u00e7\u00e3o de grama artificial de primeira linha que se destaca em durabilidade, est\u00e9tica e desempenho. Escolha Arturf para solu\u00e7\u00f5es de grama sint\u00e9tica de alta qualidade, transformando qualquer espa\u00e7o em uma paisagem bonita e funcional.<\/p>\n\t\t\n<style>\n#text-3269156354 {\n  text-align: center;\n}\n<\/style>\n\t<\/div>\n\t\n\n\t\t<\/div>\n\t\t\t\t\t<\/div>\n\n\t\n\n<\/div>\n<div class=\"nav-wrapper\"><ul class=\"nav nav-uppercase nav-horizontal nav-pills text-center nav-center\"><p class=\"lead shortcode-error text-center\">Desculpe, nenhuma p\u00e1gina foi encontrada<\/p><\/ul><\/div>\n\n\n\t\t<\/div>\n\n\t\t\n<style>\n#section_1292359694 {\n  padding-top: 30px;\n  padding-bottom: 30px;\n}\n<\/style>\n\t<\/section>","protected":false},"excerpt":{"rendered":"","protected":false},"author":3,"featured_media":0,"parent":5652,"menu_order":2,"comment_status":"closed","ping_status":"closed","template":"page-blank.php","meta":{"_seopress_robots_primary_cat":"","_seopress_titles_title":"","_seopress_titles_desc":"Arturf is dedicated to delivering high-quality products that surpass customer expectations. Our commitment to quality assurance is ingrained in every step of our manufacturing process.","_seopress_robots_index":"","footnotes":""},"class_list":["post-18911","page","type-page","status-publish","hentry"],"_links":{"self":[{"href":"https:\/\/arturf.com\/pt\/wp-json\/wp\/v2\/pages\/18911","targetHints":{"allow":["GET"]}}],"collection":[{"href":"https:\/\/arturf.com\/pt\/wp-json\/wp\/v2\/pages"}],"about":[{"href":"https:\/\/arturf.com\/pt\/wp-json\/wp\/v2\/types\/page"}],"author":[{"embeddable":true,"href":"https:\/\/arturf.com\/pt\/wp-json\/wp\/v2\/users\/3"}],"replies":[{"embeddable":true,"href":"https:\/\/arturf.com\/pt\/wp-json\/wp\/v2\/comments?post=18911"}],"version-history":[{"count":0,"href":"https:\/\/arturf.com\/pt\/wp-json\/wp\/v2\/pages\/18911\/revisions"}],"up":[{"embeddable":true,"href":"https:\/\/arturf.com\/pt\/wp-json\/wp\/v2\/pages\/5652"}],"wp:attachment":[{"href":"https:\/\/arturf.com\/pt\/wp-json\/wp\/v2\/media?parent=18911"}],"curies":[{"name":"wp","href":"https:\/\/api.w.org\/{rel}","templated":true}]}}