{"id":3460,"date":"2012-08-16T14:28:45","date_gmt":"2012-08-16T14:28:45","guid":{"rendered":"https:\/\/arturf.com\/?page_id=3460"},"modified":"2023-07-08T00:24:53","modified_gmt":"2023-07-07T16:24:53","slug":"field-hockey","status":"publish","type":"page","link":"https:\/\/arturf.com\/pt\/sports\/field-hockey\/","title":{"rendered":"Campo de h\u00f3quei em grama artificial"},"content":{"rendered":"<div class=\"banner has-hover\" id=\"banner-54486088\">\n          <div class=\"banner-inner fill\">\n        <div class=\"banner-bg fill\" >\n            <img loading=\"lazy\" decoding=\"async\" width=\"1020\" height=\"365\" src=\"https:\/\/arturf.com\/wp-content\/uploads\/2019\/01\/artificial-grass-field-hockey-1024x366.jpg\" class=\"bg attachment-large size-large\" alt=\"H\u00f3quei\" \/>                                    \n                    <\/div>\n\t\t\n        <div class=\"banner-layers container\">\n            <div class=\"fill banner-link\"><\/div>            \n\n   <div id=\"text-box-600367467\" class=\"text-box banner-layer x50 md-x50 lg-x50 y50 md-y50 lg-y50 res-text\">\n                                <div class=\"text-box-content text dark\">\n              \n              <div class=\"text-inner text-center\">\n                  \n\n<h1>Relva Artificial para H\u00f3quei<\/h1>\n<p>Eleve seu jogo com controle de bola inigual\u00e1vel e desempenho incompar\u00e1vel.<\/p>\n\n              <\/div>\n           <\/div>\n                            \n<style>\n#text-box-600367467 {\n  width: 60%;\n}\n#text-box-600367467 .text-box-content {\n  font-size: 100%;\n}\n<\/style>\n    <\/div>\n \n\n        <\/div>\n      <\/div>\n\n            \n<style>\n#banner-54486088 {\n  padding-top: 400px;\n}\n<\/style>\n  <\/div>\n\n\n<div class=\"row align-center\"  id=\"row-979764324\">\n\n\n\t<div id=\"col-1962790318\" class=\"col medium-10 small-12 large-10\"  >\n\t\t\t\t<div class=\"col-inner\"  >\n\t\t\t\n\t\t\t\n\n<p>Procurando as melhores condi\u00e7\u00f5es de jogo no h\u00f3quei em campo? Consulte Arturf, um fabricante l\u00edder de grama artificial na China. Oferecemos grama de h\u00f3quei de alta qualidade que oferece precis\u00e3o e desempenho inigual\u00e1veis. Com nossa grama artificial, o h\u00f3quei em campo evoluiu para um jogo mais r\u00e1pido e popular, permitindo que os jogadores executem passes r\u00e1pidos com controle de bola preciso.<\/p>\n<h3>Por que escolher relva artificial para h\u00f3quei?<\/h3>\n<p>A introdu\u00e7\u00e3o da relva artificial revolucionou o jogo de h\u00f3quei, proporcionando aos jogadores uma experi\u00eancia de jogo melhorada. Nosso gramado de h\u00f3quei oferece uma superf\u00edcie lisa que garante uma \u00f3tima intera\u00e7\u00e3o bola\/superf\u00edcie, resultando em excelente jogabilidade. A durabilidade do nosso gramado \u00e9 incompar\u00e1vel, com extrema resist\u00eancia ao desgaste.<\/p>\n<h3>Caracter\u00edsticas do nosso campo de h\u00f3quei:<\/h3>\n<ol>\n<li>\n<h4>Melhor intera\u00e7\u00e3o bola\/superf\u00edcie: <\/h4>\n<p>Nosso gramado de h\u00f3quei \u00e9 projetado para fornecer o equil\u00edbrio perfeito entre a bola e a superf\u00edcie, permitindo um rolamento e controle precisos da bola.\n<\/li>\n<li>\n<h4>Superf\u00edcie lisa para \u00f3tima jogabilidade: <\/h4>\n<p>A suavidade do nosso gramado garante um rolamento de bola consistente, permitindo que os jogadores mostrem suas habilidades e executem jogadas din\u00e2micas.\n<\/li>\n<li>\n<h4>Durabilidade Extrema: <\/h4>\n<p>Nosso gramado de h\u00f3quei \u00e9 feito para durar. Ele pode suportar as demandas de jogabilidade intensa, garantindo longevidade e manuten\u00e7\u00e3o m\u00ednima.\n<\/li>\n<li>\n<h4>Ponto denso para apar\u00eancia compacta: <\/h4>\n<p>As fibras densamente costuradas de nosso gramado criam uma apar\u00eancia visualmente atraente e compacta, melhorando a est\u00e9tica geral do campo de h\u00f3quei.\n<\/li>\n<li>\n<h4>Amig\u00e1vel ao jogador com conforto inigual\u00e1vel: <\/h4>\n<p>Priorizamos o conforto e a seguran\u00e7a do jogador. Nosso gramado de h\u00f3quei oferece uma superf\u00edcie acolchoada que reduz o risco de les\u00f5es e oferece uma experi\u00eancia de jogo confort\u00e1vel.\n<\/li>\n<\/ol>\n<h3>Experimente a diferen\u00e7a com o Hockey Turf do Arturf<\/h3>\n<p>Na Arturf, estamos comprometidos em fornecer solu\u00e7\u00f5es de grama artificial que atendam aos mais altos padr\u00f5es de qualidade e desempenho. Nosso gramado de h\u00f3quei \u00e9 projetado para elevar o jogo e criar um ambiente de jogo ideal. Seja voc\u00ea um atleta profissional, um gerente de instala\u00e7\u00f5es esportivas ou uma escola que deseja aprimorar seu campo de h\u00f3quei, nossa grama artificial \u00e9 a escolha ideal.<\/p>\n<p>Desbloqueie o potencial do h\u00f3quei em campo com o gramado de h\u00f3quei de \u00faltima gera\u00e7\u00e3o do Arturf. Entre em contato conosco hoje para discutir suas necessidades e deixe nossa equipe de especialistas ajud\u00e1-lo a encontrar a solu\u00e7\u00e3o perfeita para o seu campo de h\u00f3quei.<\/p>\n\t\n  \n    <div class=\"row large-columns-4 medium-columns-3 small-columns-2 row-small slider row-slider slider-nav-reveal slider-nav-push\"  data-flickity-options='{&quot;imagesLoaded&quot;: true, &quot;groupCells&quot;: &quot;100%&quot;, &quot;dragThreshold&quot; : 5, &quot;cellAlign&quot;: &quot;left&quot;,&quot;wrapAround&quot;: true,&quot;prevNextButtons&quot;: true,&quot;percentPosition&quot;: true,&quot;pageDots&quot;: false, &quot;rightToLeft&quot;: false, &quot;autoPlay&quot; : false}' >\n\n  \n\t     <div class=\"col\" >\n\t\t\t\t\t\t<div class=\"col-inner\">\n\t\t\t\t\t\t\n<div class=\"badge-container absolute left top z-1\">\n\n<\/div>\n\t\t\t\t\t\t<div class=\"product-small box has-hover box-normal box-text-bottom\">\n\t\t\t\t\t\t\t<div class=\"box-image\" >\n\t\t\t\t\t\t\t\t<div class=\"\" >\n\t\t\t\t\t\t\t\t\t<a href=\"https:\/\/arturf.com\/pt\/product\/speed\/\" aria-label=\"Rapidez\">\n\t\t\t\t\t\t\t\t\t\t<img loading=\"lazy\" decoding=\"async\" width=\"350\" height=\"263\" src=\"https:\/\/arturf.com\/wp-content\/uploads\/2019\/01\/Field-Hockey-Grass-Olive-Green-350x263.jpg\" class=\"show-on-hover absolute fill hide-for-small back-image\" alt=\"Vis\u00e3o alternativa da velocidade\" aria-hidden=\"true\" srcset=\"https:\/\/arturf.com\/wp-content\/uploads\/2019\/01\/Field-Hockey-Grass-Olive-Green-350x263.jpg 350w, https:\/\/arturf.com\/wp-content\/uploads\/2019\/01\/Field-Hockey-Grass-Olive-Green-300x225.jpg 300w, https:\/\/arturf.com\/wp-content\/uploads\/2019\/01\/Field-Hockey-Grass-Olive-Green-200x150.jpg 200w, https:\/\/arturf.com\/wp-content\/uploads\/2019\/01\/Field-Hockey-Grass-Olive-Green-768x576.jpg 768w, https:\/\/arturf.com\/wp-content\/uploads\/2019\/01\/Field-Hockey-Grass-Olive-Green-16x12.jpg 16w, https:\/\/arturf.com\/wp-content\/uploads\/2019\/01\/Field-Hockey-Grass-Olive-Green-510x383.jpg 510w, https:\/\/arturf.com\/wp-content\/uploads\/2019\/01\/Field-Hockey-Grass-Olive-Green.jpg 800w\" sizes=\"auto, (max-width: 350px) 100vw, 350px\" \/><img loading=\"lazy\" decoding=\"async\" width=\"350\" height=\"263\" src=\"https:\/\/arturf.com\/wp-content\/uploads\/2019\/01\/Field-Hocky-Multi-sports-Artificial-Grass-350x263.jpg\" class=\"attachment-woocommerce_thumbnail size-woocommerce_thumbnail\" alt=\"Rapidez\" srcset=\"https:\/\/arturf.com\/wp-content\/uploads\/2019\/01\/Field-Hocky-Multi-sports-Artificial-Grass-350x263.jpg 350w, https:\/\/arturf.com\/wp-content\/uploads\/2019\/01\/Field-Hocky-Multi-sports-Artificial-Grass-300x225.jpg 300w, https:\/\/arturf.com\/wp-content\/uploads\/2019\/01\/Field-Hocky-Multi-sports-Artificial-Grass-200x150.jpg 200w, https:\/\/arturf.com\/wp-content\/uploads\/2019\/01\/Field-Hocky-Multi-sports-Artificial-Grass-768x576.jpg 768w, https:\/\/arturf.com\/wp-content\/uploads\/2019\/01\/Field-Hocky-Multi-sports-Artificial-Grass-16x12.jpg 16w, https:\/\/arturf.com\/wp-content\/uploads\/2019\/01\/Field-Hocky-Multi-sports-Artificial-Grass-510x383.jpg 510w, https:\/\/arturf.com\/wp-content\/uploads\/2019\/01\/Field-Hocky-Multi-sports-Artificial-Grass.jpg 800w\" sizes=\"auto, (max-width: 350px) 100vw, 350px\" \/>\t\t\t\t\t\t\t\t\t<\/a>\n\t\t\t\t\t\t\t\t\t\t\t\t\t\t\t\t\t\t \t\t\t\t\t\t\t\t<\/div>\n\t\t\t\t\t\t\t\t<div class=\"image-tools top right show-on-hover\">\n\t\t\t\t\t\t\t\t\t\t\t\t\t\t\t\t\t<\/div>\n\t\t\t\t\t\t\t\t\t\t\t\t\t\t\t\t\t<div class=\"image-tools grid-tools text-center hide-for-small bottom hover-slide-in show-on-hover\">\n\t\t\t\t\t\t\t\t\t\t<a href=\"#quick-view\" class=\"quick-view\" role=\"button\" data-prod=\"7609\" aria-haspopup=\"dialog\" aria-expanded=\"false\" data-flatsome-role-button>Olhada r\u00e1pida<\/a>\t\t\t\t\t\t\t\t\t<\/div>\n\t\t\t\t\t\t\t\t\t\t\t\t\t\t\t\t\t\t\t\t\t\t\t<\/div>\n\n\t\t\t\t\t\t\t<div class=\"box-text text-center dark\" style=\"background-color:rgb(255, 102, 0);\">\n\t\t\t\t\t\t\t\t<div class=\"title-wrapper\"><p class=\"name product-title woocommerce-loop-product__title\"><a href=\"https:\/\/arturf.com\/pt\/product\/speed\/\" class=\"woocommerce-LoopProduct-link woocommerce-loop-product__link\">Rapidez<\/a><\/p><\/div><div class=\"price-wrapper\"><\/div>\t\t\t\t\t\t\t<\/div>\n\t\t\t\t\t\t<\/div>\n\t\t\t\t\t\t<\/div>\n\t\t\t\t\t<\/div><div class=\"col\" >\n\t\t\t\t\t\t<div class=\"col-inner\">\n\t\t\t\t\t\t\n<div class=\"badge-container absolute left top z-1\">\n\n<\/div>\n\t\t\t\t\t\t<div class=\"product-small box has-hover box-normal box-text-bottom\">\n\t\t\t\t\t\t\t<div class=\"box-image\" >\n\t\t\t\t\t\t\t\t<div class=\"\" >\n\t\t\t\t\t\t\t\t\t<a href=\"https:\/\/arturf.com\/pt\/product\/flex\/\" aria-label=\"Flex\u00e3o\">\n\t\t\t\t\t\t\t\t\t\t<img loading=\"lazy\" decoding=\"async\" width=\"350\" height=\"263\" src=\"https:\/\/arturf.com\/wp-content\/uploads\/2018\/05\/Flex-Green-350x263.jpg\" class=\"show-on-hover absolute fill hide-for-small back-image\" alt=\"Vis\u00e3o alternativa do Flex\" aria-hidden=\"true\" srcset=\"https:\/\/arturf.com\/wp-content\/uploads\/2018\/05\/Flex-Green-350x263.jpg 350w, https:\/\/arturf.com\/wp-content\/uploads\/2018\/05\/Flex-Green-500x375.jpg 500w, https:\/\/arturf.com\/wp-content\/uploads\/2018\/05\/Flex-Green-200x150.jpg 200w, https:\/\/arturf.com\/wp-content\/uploads\/2018\/05\/Flex-Green-768x576.jpg 768w, https:\/\/arturf.com\/wp-content\/uploads\/2018\/05\/Flex-Green-16x12.jpg 16w, https:\/\/arturf.com\/wp-content\/uploads\/2018\/05\/Flex-Green-510x383.jpg 510w, https:\/\/arturf.com\/wp-content\/uploads\/2018\/05\/Flex-Green.jpg 800w\" sizes=\"auto, (max-width: 350px) 100vw, 350px\" \/><img loading=\"lazy\" decoding=\"async\" width=\"350\" height=\"263\" src=\"https:\/\/arturf.com\/wp-content\/uploads\/2018\/05\/Arturf-Putting-Green-Flex-Pro-16-1-1-350x263.jpg\" class=\"attachment-woocommerce_thumbnail size-woocommerce_thumbnail\" alt=\"Flex\u00e3o\" srcset=\"https:\/\/arturf.com\/wp-content\/uploads\/2018\/05\/Arturf-Putting-Green-Flex-Pro-16-1-1-350x263.jpg 350w, https:\/\/arturf.com\/wp-content\/uploads\/2018\/05\/Arturf-Putting-Green-Flex-Pro-16-1-1-500x375.jpg 500w, https:\/\/arturf.com\/wp-content\/uploads\/2018\/05\/Arturf-Putting-Green-Flex-Pro-16-1-1-200x150.jpg 200w, https:\/\/arturf.com\/wp-content\/uploads\/2018\/05\/Arturf-Putting-Green-Flex-Pro-16-1-1-768x576.jpg 768w, https:\/\/arturf.com\/wp-content\/uploads\/2018\/05\/Arturf-Putting-Green-Flex-Pro-16-1-1-16x12.jpg 16w, https:\/\/arturf.com\/wp-content\/uploads\/2018\/05\/Arturf-Putting-Green-Flex-Pro-16-1-1-510x383.jpg 510w, https:\/\/arturf.com\/wp-content\/uploads\/2018\/05\/Arturf-Putting-Green-Flex-Pro-16-1-1.jpg 800w\" sizes=\"auto, (max-width: 350px) 100vw, 350px\" \/>\t\t\t\t\t\t\t\t\t<\/a>\n\t\t\t\t\t\t\t\t\t\t\t\t\t\t\t\t\t\t \t\t\t\t\t\t\t\t<\/div>\n\t\t\t\t\t\t\t\t<div class=\"image-tools top right show-on-hover\">\n\t\t\t\t\t\t\t\t\t\t\t\t\t\t\t\t\t<\/div>\n\t\t\t\t\t\t\t\t\t\t\t\t\t\t\t\t\t<div class=\"image-tools grid-tools text-center hide-for-small bottom hover-slide-in show-on-hover\">\n\t\t\t\t\t\t\t\t\t\t<a href=\"#quick-view\" class=\"quick-view\" role=\"button\" data-prod=\"6519\" aria-haspopup=\"dialog\" aria-expanded=\"false\" data-flatsome-role-button>Olhada r\u00e1pida<\/a>\t\t\t\t\t\t\t\t\t<\/div>\n\t\t\t\t\t\t\t\t\t\t\t\t\t\t\t\t\t\t\t\t\t\t\t<\/div>\n\n\t\t\t\t\t\t\t<div class=\"box-text text-center dark\" style=\"background-color:rgb(255, 102, 0);\">\n\t\t\t\t\t\t\t\t<div class=\"title-wrapper\"><p class=\"name product-title woocommerce-loop-product__title\"><a href=\"https:\/\/arturf.com\/pt\/product\/flex\/\" class=\"woocommerce-LoopProduct-link woocommerce-loop-product__link\">Flex\u00e3o<\/a><\/p><\/div><div class=\"price-wrapper\"><\/div>\t\t\t\t\t\t\t<\/div>\n\t\t\t\t\t\t<\/div>\n\t\t\t\t\t\t<\/div>\n\t\t\t\t\t<\/div><\/div>\n\n\n\t\t<\/div>\n\t\t\t\t\t<\/div>\n\n\t\n\n<\/div>","protected":false},"excerpt":{"rendered":"","protected":false},"author":3,"featured_media":0,"parent":2230,"menu_order":14,"comment_status":"closed","ping_status":"closed","template":"page-blank.php","meta":{"_seopress_robots_primary_cat":"","_seopress_titles_title":"Hockey Turf - Artificial Turf for Precision Ball Roll","_seopress_titles_desc":"Elevate your field hockey game with Arturf&#039;s high-quality hockey turf. Optimum ball roll, durability, and player comfort for unmatched performance.","_seopress_robots_index":"","footnotes":""},"class_list":["post-3460","page","type-page","status-publish","hentry"],"_links":{"self":[{"href":"https:\/\/arturf.com\/pt\/wp-json\/wp\/v2\/pages\/3460","targetHints":{"allow":["GET"]}}],"collection":[{"href":"https:\/\/arturf.com\/pt\/wp-json\/wp\/v2\/pages"}],"about":[{"href":"https:\/\/arturf.com\/pt\/wp-json\/wp\/v2\/types\/page"}],"author":[{"embeddable":true,"href":"https:\/\/arturf.com\/pt\/wp-json\/wp\/v2\/users\/3"}],"replies":[{"embeddable":true,"href":"https:\/\/arturf.com\/pt\/wp-json\/wp\/v2\/comments?post=3460"}],"version-history":[{"count":0,"href":"https:\/\/arturf.com\/pt\/wp-json\/wp\/v2\/pages\/3460\/revisions"}],"up":[{"embeddable":true,"href":"https:\/\/arturf.com\/pt\/wp-json\/wp\/v2\/pages\/2230"}],"wp:attachment":[{"href":"https:\/\/arturf.com\/pt\/wp-json\/wp\/v2\/media?parent=3460"}],"curies":[{"name":"wp","href":"https:\/\/api.w.org\/{rel}","templated":true}]}}