{"id":3470,"date":"2012-08-16T14:37:46","date_gmt":"2012-08-16T14:37:46","guid":{"rendered":"https:\/\/arturf.com\/?page_id=3470"},"modified":"2023-07-08T11:12:44","modified_gmt":"2023-07-08T03:12:44","slug":"rugby","status":"publish","type":"page","link":"https:\/\/arturf.com\/pt\/sports\/rugby\/","title":{"rendered":"Campo de rugby de relva artificial"},"content":{"rendered":"<div class=\"banner has-hover\" id=\"banner-1782175403\">\n          <div class=\"banner-inner fill\">\n        <div class=\"banner-bg fill\" >\n            <img loading=\"lazy\" decoding=\"async\" width=\"1020\" height=\"325\" src=\"https:\/\/arturf.com\/wp-content\/uploads\/2020\/05\/Artificial-Turf-Rugby-1024x326.jpg\" class=\"bg attachment-large size-large\" alt=\"Rugby, grama artificial\" \/>                                    \n                    <\/div>\n\t\t\n        <div class=\"banner-layers container\">\n            <div class=\"fill banner-link\"><\/div>            \n\n   <div id=\"text-box-1198984979\" class=\"text-box banner-layer x50 md-x50 lg-x50 y50 md-y50 lg-y50 res-text\">\n                                <div class=\"text-box-content text dark\">\n              \n              <div class=\"text-inner text-center\">\n                  \n\n<h3 class=\"uppercase\"><strong>Grama artificial para rugby<\/strong><\/h3>\n<p>Experimente desempenho superior e seguran\u00e7a do jogador com a grama artificial de rugby do Arturf. Melhore seu jogo com nossa solu\u00e7\u00e3o dur\u00e1vel e resistente a intemp\u00e9ries.<\/p>\n\n              <\/div>\n           <\/div>\n                            \n<style>\n#text-box-1198984979 {\n  width: 60%;\n}\n#text-box-1198984979 .text-box-content {\n  font-size: 100%;\n}\n<\/style>\n    <\/div>\n \n\n        <\/div>\n      <\/div>\n\n            \n<style>\n#banner-1782175403 {\n  padding-top: 400px;\n}\n<\/style>\n  <\/div>\n\n\n<div class=\"row align-center\"  id=\"row-1657583292\">\n\n\n\t<div id=\"col-1386767409\" class=\"col medium-10 small-12 large-10\"  >\n\t\t\t\t<div class=\"col-inner\"  >\n\t\t\t\n\t\t\t\n\n<p>Os campos de grama sint\u00e9tica revolucionaram o jogo de rugby, proporcionando maior jogabilidade e superando os desafios impostos pelos campos de grama natural. Na Arturf, fabricante l\u00edder de grama artificial na China, priorizamos qualidade e desempenho superiores. Nosso gramado de r\u00fagbi atende a rigorosas especifica\u00e7\u00f5es de desempenho, garantindo a seguran\u00e7a do jogador, desempenho ideal da bola e durabilidade de longa dura\u00e7\u00e3o.<\/p>\n<h3>Jogabilidade aprimorada com grama artificial de terceira gera\u00e7\u00e3o<\/h3>\n<p>Com os avan\u00e7os nas superf\u00edcies sint\u00e9ticas, a grama artificial de rugby, muitas vezes conhecida como grama longa ou grama artificial de terceira gera\u00e7\u00e3o, surgiu como um divisor de \u00e1guas. Possui uma pilha mais longa em compara\u00e7\u00e3o com as superf\u00edcies tradicionais cheias de areia e normalmente \u00e9 preenchida com borracha ou uma mistura de borracha e areia. Essa combina\u00e7\u00e3o oferece tra\u00e7\u00e3o e estabilidade superiores aos jogadores, melhorando seu desempenho em campo.<\/p>\n<h3>Superf\u00edcie resistente \u00e0s intemp\u00e9ries para jogabilidade ininterrupta<\/h3>\n<p>Ao contr\u00e1rio dos campos de relva natural que se tornam lamacentos e escorregadios em tempo h\u00famido, a nossa relva artificial mant\u00e9m a sua integridade, permitindo que os jogadores de rugby treinem e compitam sem interrup\u00e7\u00f5es. Imagine treinos e jogos sem se preocupar em escorregar na lama fria e molhada. Nosso gramado sint\u00e9tico oferece uma superf\u00edcie de jogo confi\u00e1vel, garantindo jogabilidade consistente em todas as condi\u00e7\u00f5es clim\u00e1ticas.<\/p>\n<h3>Seguran\u00e7a do jogador: uma preocupa\u00e7\u00e3o primordial<\/h3>\n<p>No Arturf, a seguran\u00e7a do jogador \u00e9 uma prioridade. Nossa grama artificial de rugby \u00e9 projetada com materiais cuidadosamente selecionados e t\u00e9cnicas de constru\u00e7\u00e3o avan\u00e7adas para minimizar o risco de les\u00f5es. A superf\u00edcie tolerante e absorvente de choque reduz o impacto de quedas e colis\u00f5es, protegendo os jogadores durante o jogo intenso. Al\u00e9m disso, a superf\u00edcie de jogo uniforme do gramado sint\u00e9tico minimiza a probabilidade de entorses de tornozelo e outras les\u00f5es frequentemente associadas a campos de grama natural desiguais.<\/p>\n<h3>Desempenho ideal da bola para jogadas de precis\u00e3o<\/h3>\n<p>O desempenho da bola \u00e9 crucial no rugby, e nossa grama artificial oferece resultados excepcionais. A consist\u00eancia consistente da superf\u00edcie garante saltos e rolagens previs\u00edveis da bola, permitindo que os jogadores mantenham o controle da bola e executem passes e chutes precisos. Essa previsibilidade melhora a qualidade geral do jogo, facilitando a competi\u00e7\u00e3o justa e o jogo estrat\u00e9gico.<\/p>\n<h3>Desempenho dur\u00e1vel e duradouro<\/h3>\n<p>Nossa grama artificial de rugby \u00e9 constru\u00edda para durar. Com uma constru\u00e7\u00e3o robusta e materiais de alta qualidade, resiste ao uso intenso, tornando-o adequado para treinos intensos e jogos competitivos. Voc\u00ea pode confiar em nosso gramado sint\u00e9tico para fornecer uma superf\u00edcie de jogo dur\u00e1vel que suportar\u00e1 as demandas do esporte nos pr\u00f3ximos anos.<\/p>\n<h3>Experimente a excel\u00eancia com o campo de rugby Arturf<\/h3>\n<p>Como fabricante l\u00edder de grama artificial na China, a Arturf se dedica a fornecer produtos superiores. Nossa p\u00e1gina de grama de r\u00fagbi mostra a qualidade e o desempenho inigual\u00e1veis de nossa grama sint\u00e9tica, garantindo uma experi\u00eancia aprimorada de r\u00fagbi. D\u00ea adeus aos escorregadores lamacentos e abrace a excel\u00eancia da nossa grama artificial de \u00faltima gera\u00e7\u00e3o.<\/p>\n<h3>Eleve sua experi\u00eancia de rugby com Arturf<\/h3>\n<p>Escolha a grama artificial de r\u00fagbi Arturf para desempenho incompar\u00e1vel, seguran\u00e7a do jogador e durabilidade. Como fabricante l\u00edder, fornecemos grama sint\u00e9tica que supera as expectativas. Nosso compromisso com a qualidade garante que seus jogos de rugby e sess\u00f5es de treinamento sejam conduzidos em uma superf\u00edcie confi\u00e1vel e de alto desempenho.<\/p>\n<p>Invista no gramado de rugby do Arturf e transforme a maneira como voc\u00ea joga. Experimente a diferen\u00e7a de qualidade superior, seguran\u00e7a do jogador e desempenho consistente. Descubra por que jogadores de rugby de todo o mundo confiam em nossa grama sint\u00e9tica. Entre em contato conosco hoje para saber mais sobre nossas solu\u00e7\u00f5es para gramados de r\u00fagbi.<\/p>\n\n\t\t<\/div>\n\t\t\t\t\t<\/div>\n\n\t\n\n<\/div>\n<div class=\"row align-center\"  id=\"row-1881141945\">\n\n\n\t<div id=\"col-1009467708\" class=\"col medium-7 small-12 large-7\"  >\n\t\t\t\t<div class=\"col-inner\"  >\n\t\t\t\n\t\t\t\n\n\t\n  \n    <div class=\"row large-columns-1 medium-columns- small-columns- row-small\" >\n  \n\t     <div class=\"col\" >\n\t\t\t\t\t\t<div class=\"col-inner\">\n\t\t\t\t\t\t\n<div class=\"badge-container absolute left top z-1\">\n\n<\/div>\n\t\t\t\t\t\t<div class=\"product-small box has-hover box-normal box-text-bottom\">\n\t\t\t\t\t\t\t<div class=\"box-image\" >\n\t\t\t\t\t\t\t\t<div class=\"\" >\n\t\t\t\t\t\t\t\t\t<a href=\"https:\/\/arturf.com\/pt\/product\/dura-60\/\" aria-label=\"Dura 60\">\n\t\t\t\t\t\t\t\t\t\t<img loading=\"lazy\" decoding=\"async\" width=\"800\" height=\"600\" src=\"https:\/\/arturf.com\/wp-content\/uploads\/2018\/05\/Artificial-Grass-Diamond-Football-Grass.jpg\" class=\"attachment-large size-large\" alt=\"Dura 60\" srcset=\"https:\/\/arturf.com\/wp-content\/uploads\/2018\/05\/Artificial-Grass-Diamond-Football-Grass.jpg 800w, https:\/\/arturf.com\/wp-content\/uploads\/2018\/05\/Artificial-Grass-Diamond-Football-Grass-300x225.jpg 300w, https:\/\/arturf.com\/wp-content\/uploads\/2018\/05\/Artificial-Grass-Diamond-Football-Grass-200x150.jpg 200w, https:\/\/arturf.com\/wp-content\/uploads\/2018\/05\/Artificial-Grass-Diamond-Football-Grass-768x576.jpg 768w, https:\/\/arturf.com\/wp-content\/uploads\/2018\/05\/Artificial-Grass-Diamond-Football-Grass-16x12.jpg 16w, https:\/\/arturf.com\/wp-content\/uploads\/2018\/05\/Artificial-Grass-Diamond-Football-Grass-350x263.jpg 350w, https:\/\/arturf.com\/wp-content\/uploads\/2018\/05\/Artificial-Grass-Diamond-Football-Grass-510x383.jpg 510w\" sizes=\"auto, (max-width: 800px) 100vw, 800px\" \/>\t\t\t\t\t\t\t\t\t<\/a>\n\t\t\t\t\t\t\t\t\t\t\t\t\t\t\t\t\t\t \t\t\t\t\t\t\t\t<\/div>\n\t\t\t\t\t\t\t\t<div class=\"image-tools top right show-on-hover\">\n\t\t\t\t\t\t\t\t\t\t\t\t\t\t\t\t\t<\/div>\n\t\t\t\t\t\t\t\t\t\t\t\t\t\t\t\t\t<div class=\"image-tools grid-tools text-center hide-for-small bottom hover-slide-in show-on-hover\">\n\t\t\t\t\t\t\t\t\t\t<a href=\"#quick-view\" class=\"quick-view\" role=\"button\" data-prod=\"11631\" aria-haspopup=\"dialog\" aria-expanded=\"false\" data-flatsome-role-button>Olhada r\u00e1pida<\/a>\t\t\t\t\t\t\t\t\t<\/div>\n\t\t\t\t\t\t\t\t\t\t\t\t\t\t\t\t\t\t\t\t\t\t\t<\/div>\n\n\t\t\t\t\t\t\t<div class=\"box-text text-center\" >\n\t\t\t\t\t\t\t\t<div class=\"title-wrapper\"><p class=\"name product-title woocommerce-loop-product__title\"><a href=\"https:\/\/arturf.com\/pt\/product\/dura-60\/\" class=\"woocommerce-LoopProduct-link woocommerce-loop-product__link\">Dura 60<\/a><\/p><\/div><div class=\"price-wrapper\"><\/div>\t\t\t\t\t\t\t<\/div>\n\t\t\t\t\t\t<\/div>\n\t\t\t\t\t\t<\/div>\n\t\t\t\t\t<\/div><\/div>\n\n\n\t\t<\/div>\n\t\t\t\t\t<\/div>\n\n\t\n\n<\/div>","protected":false},"excerpt":{"rendered":"","protected":false},"author":3,"featured_media":0,"parent":2230,"menu_order":17,"comment_status":"closed","ping_status":"closed","template":"page-blank.php","meta":{"_seopress_robots_primary_cat":"","_seopress_titles_title":"","_seopress_titles_desc":"Experience superior performance and player safety with Arturf&#039;s rugby artificial turf. Enhance your game with our durable and weather-resistant solution.","_seopress_robots_index":"","footnotes":""},"class_list":["post-3470","page","type-page","status-publish","hentry"],"_links":{"self":[{"href":"https:\/\/arturf.com\/pt\/wp-json\/wp\/v2\/pages\/3470","targetHints":{"allow":["GET"]}}],"collection":[{"href":"https:\/\/arturf.com\/pt\/wp-json\/wp\/v2\/pages"}],"about":[{"href":"https:\/\/arturf.com\/pt\/wp-json\/wp\/v2\/types\/page"}],"author":[{"embeddable":true,"href":"https:\/\/arturf.com\/pt\/wp-json\/wp\/v2\/users\/3"}],"replies":[{"embeddable":true,"href":"https:\/\/arturf.com\/pt\/wp-json\/wp\/v2\/comments?post=3470"}],"version-history":[{"count":0,"href":"https:\/\/arturf.com\/pt\/wp-json\/wp\/v2\/pages\/3470\/revisions"}],"up":[{"embeddable":true,"href":"https:\/\/arturf.com\/pt\/wp-json\/wp\/v2\/pages\/2230"}],"wp:attachment":[{"href":"https:\/\/arturf.com\/pt\/wp-json\/wp\/v2\/media?parent=3470"}],"curies":[{"name":"wp","href":"https:\/\/api.w.org\/{rel}","templated":true}]}}