{"id":3472,"date":"2012-08-16T14:39:27","date_gmt":"2012-08-16T14:39:27","guid":{"rendered":"https:\/\/arturf.com\/?page_id=3472"},"modified":"2019-04-25T02:14:53","modified_gmt":"2019-04-25T02:14:53","slug":"baseball","status":"publish","type":"page","link":"https:\/\/arturf.com\/pt\/sports\/baseball\/","title":{"rendered":"Campo de beisebol de relva artificial"},"content":{"rendered":"<div class=\"banner has-hover\" id=\"banner-1879072192\">\n          <div class=\"banner-inner fill\">\n        <div class=\"banner-bg fill\" >\n            <img loading=\"lazy\" decoding=\"async\" width=\"1020\" height=\"366\" src=\"https:\/\/arturf.com\/wp-content\/uploads\/2019\/02\/Artificial-Grass-Baseball-Field-1024x367.jpg\" class=\"bg attachment-large size-large\" alt=\"\" \/>                        <div class=\"overlay\"><\/div>            \n                    <\/div>\n\t\t\n        <div class=\"banner-layers container\">\n            <div class=\"fill banner-link\"><\/div>            \n\n   <div id=\"text-box-2080440280\" class=\"text-box banner-layer x50 md-x50 lg-x50 y50 md-y50 lg-y50 res-text\">\n                                <div class=\"text-box-content text dark\">\n              \n              <div class=\"text-inner text-center\">\n                  \n\n<h3 class=\"uppercase\">Mude isso para qualquer coisa<\/h3>\n<p>Lorem ipsum dolor sit amet, consectetuer adipiscing elit, sed diam nonummy nibh euismod tincidunt ut laoreet dolore magna aliquam erat volutpat.<\/p>\n<a class=\"button white is-outline\" >\n\t\t<span>Clique em mim<\/span>\n\t<\/a>\n\n\n\n              <\/div>\n           <\/div>\n                            \n<style>\n#text-box-2080440280 {\n  width: 60%;\n}\n#text-box-2080440280 .text-box-content {\n  font-size: 100%;\n}\n<\/style>\n    <\/div>\n \n\n        <\/div>\n      <\/div>\n\n            \n<style>\n#banner-1879072192 {\n  padding-top: 400px;\n}\n#banner-1879072192 .overlay {\n  background-color: rgba(0, 0, 0, 0.17);\n}\n<\/style>\n  <\/div>\n\n\n<div class=\"row\"  id=\"row-862376335\">\n\n\n\t<div id=\"col-735178671\" class=\"col small-12 large-12\"  >\n\t\t\t\t<div class=\"col-inner\"  >\n\t\t\t\n\t\t\t\n\n<p>O gramado do campo esportivo para o beisebol tornou-se uma tend\u00eancia t\u00e3o crescente que muitas equipes de faculdades e universidades do mundo todo optaram por jogar em grama sint\u00e9tica em vez de grama natural.<\/p>\n<p>\u00a0A textura da grama sint\u00e9tica tamb\u00e9m \u00e9 ideal para esportes como o beisebol, pois alguns estudos indicam que a grama sint\u00e9tica tem tra\u00e7\u00e3o provavelmente compar\u00e1vel \u00e0 da grama natural. Isso ocorre porque as l\u00e2minas de polietileno criam uma superf\u00edcie que n\u00e3o \u00e9 muito dura ou muito escorregadia para tocar, evitando escorreg\u00f5es e poss\u00edveis les\u00f5es. Este tipo de grama artificial de campo esportivo \u00e9 t\u00e3o amig\u00e1vel \u00e0 tra\u00e7\u00e3o que \u00e9 perfeito para os atletas girarem e assumirem as v\u00e1rias posi\u00e7\u00f5es e posi\u00e7\u00f5es de beisebol em suas chuteiras.<\/p>\n<p>Tamb\u00e9m h\u00e1 muitas economias de custo para os propriet\u00e1rios de est\u00e1dios de beisebol, pois os campos sint\u00e9ticos n\u00e3o exigem o mesmo tempo de manuten\u00e7\u00e3o intensiva de poda, irriga\u00e7\u00e3o e corte que os campos tradicionais. Como voc\u00ea pode ver, o beisebol est\u00e1 na vanguarda da tend\u00eancia da grama artificial.<\/p>\n\n\t\t<\/div>\n\t\t\t\t\t<\/div>\n\n\t\n\n<\/div>","protected":false},"excerpt":{"rendered":"","protected":false},"author":3,"featured_media":0,"parent":2230,"menu_order":15,"comment_status":"closed","ping_status":"closed","template":"page-blank.php","meta":{"_seopress_robots_primary_cat":"","_seopress_titles_title":"Artificial Turf for Baseball Field-China Artificial Grass Factory","_seopress_titles_desc":"Artificial turf for baseball has become such a growing trend that many colleges and universities\u2019 teams have chosen to play their games on synthetic grass.","_seopress_robots_index":"","footnotes":""},"class_list":["post-3472","page","type-page","status-publish","hentry"],"_links":{"self":[{"href":"https:\/\/arturf.com\/pt\/wp-json\/wp\/v2\/pages\/3472","targetHints":{"allow":["GET"]}}],"collection":[{"href":"https:\/\/arturf.com\/pt\/wp-json\/wp\/v2\/pages"}],"about":[{"href":"https:\/\/arturf.com\/pt\/wp-json\/wp\/v2\/types\/page"}],"author":[{"embeddable":true,"href":"https:\/\/arturf.com\/pt\/wp-json\/wp\/v2\/users\/3"}],"replies":[{"embeddable":true,"href":"https:\/\/arturf.com\/pt\/wp-json\/wp\/v2\/comments?post=3472"}],"version-history":[{"count":0,"href":"https:\/\/arturf.com\/pt\/wp-json\/wp\/v2\/pages\/3472\/revisions"}],"up":[{"embeddable":true,"href":"https:\/\/arturf.com\/pt\/wp-json\/wp\/v2\/pages\/2230"}],"wp:attachment":[{"href":"https:\/\/arturf.com\/pt\/wp-json\/wp\/v2\/media?parent=3472"}],"curies":[{"name":"wp","href":"https:\/\/api.w.org\/{rel}","templated":true}]}}