{"id":4360,"date":"2013-04-20T15:15:44","date_gmt":"2013-04-20T15:15:44","guid":{"rendered":"https:\/\/arturf.com\/?page_id=4360"},"modified":"2023-07-08T15:38:22","modified_gmt":"2023-07-08T07:38:22","slug":"paintball-field","status":"publish","type":"page","link":"https:\/\/arturf.com\/pt\/sports\/paintball-field\/","title":{"rendered":"Campo de paintball de relva artificial"},"content":{"rendered":"<div class=\"banner has-hover\" id=\"banner-2107556535\">\n          <div class=\"banner-inner fill\">\n        <div class=\"banner-bg fill\" >\n            <img loading=\"lazy\" decoding=\"async\" width=\"1536\" height=\"614\" src=\"https:\/\/arturf.com\/wp-content\/uploads\/2023\/07\/Arturf-Artificial-Grass-for-Paintball-Banner-1536x614.jpg\" class=\"bg attachment-1536x1536 size-1536x1536\" alt=\"Paintball\" \/>                                    \n                    <\/div>\n\t\t\n        <div class=\"banner-layers container\">\n            <div class=\"fill banner-link\"><\/div>            \n\n   <div id=\"text-box-1889735846\" class=\"text-box banner-layer x50 md-x50 lg-x50 y50 md-y50 lg-y50 res-text\">\n                                <div class=\"text-box-content text dark\">\n              \n              <div class=\"text-inner text-center\">\n                  \n\n<h1>Relva sint\u00e9tica superior para campos de paintball<\/h1>\n<p>Gramado artificial de paintball dur\u00e1vel e seguro projetado para jogabilidade superior e f\u00e1cil manuten\u00e7\u00e3o.<\/p>\n\n              <\/div>\n           <\/div>\n                            \n<style>\n#text-box-1889735846 {\n  width: 60%;\n}\n#text-box-1889735846 .text-box-content {\n  font-size: 100%;\n}\n<\/style>\n    <\/div>\n \n\n        <\/div>\n      <\/div>\n\n            \n<style>\n#banner-2107556535 {\n  padding-top: 500px;\n}\n<\/style>\n  <\/div>\n\n\n<div class=\"row align-center\"  id=\"row-1824121061\">\n\n\n\t<div id=\"col-1782163877\" class=\"col medium-10 small-12 large-10\"  >\n\t\t\t\t<div class=\"col-inner\"  >\n\t\t\t\n\t\t\t\n\n<p>Paintball, um esporte popular e atividade recreativa, requer um campo de jogo que seja dur\u00e1vel e duradouro. Enquanto alguns campos de paintball integram ambientes naturais como florestas ou desertos, muitas instala\u00e7\u00f5es internas e externas optam por grama artificial. Projetado especificamente para o ambiente de paintball, a grama artificial oferece tra\u00e7\u00e3o e seguran\u00e7a para os jogadores. Quando se trata de grama artificial de alta qualidade para campos de paintball, Arturf lidera como um fabricante renomado. Oferecemos uma gama diversificada de op\u00e7\u00f5es modernas de grama sint\u00e9tica especificamente adaptadas para atender aos requisitos exclusivos do paintball.<\/p>\n<h2>Por que escolher a relva sint\u00e9tica profissional da Arturf para paintball?<\/h2>\n<ol>\n<li>\n<h4>Qualidade Superior e Durabilidade<\/h4>\n<p>Na Arturf, temos orgulho em oferecer grama sint\u00e9tica de qualidade excepcional. Nosso gramado \u00e9 constru\u00eddo para suportar as demandas de jogos intensos de paintball, garantindo desempenho e durabilidade duradouros. Voc\u00ea pode confiar em nossos produtos para fornecer uma superf\u00edcie de jogo confi\u00e1vel e segura para jogadores de todos os n\u00edveis.<\/p>\n<\/li>\n<li>\n<h4>Adaptado \u00e0s suas necessidades<\/h4>\n<p>Entendemos que cada campo de paintball \u00e9 \u00fanico e \u00e9 por isso que oferecemos uma ampla gama de op\u00e7\u00f5es de personaliza\u00e7\u00e3o. De diferentes pesos de face a diferentes alturas e densidades de pilha, nossa grama sint\u00e9tica pode ser adaptada para atender \u00e0s suas necessidades espec\u00edficas. Trabalhamos em estreita colabora\u00e7\u00e3o com voc\u00ea para encontrar a solu\u00e7\u00e3o perfeita que aprimora a experi\u00eancia geral do paintball.<\/p>\n<\/li>\n<li>\n<h4>Baixa Manuten\u00e7\u00e3o e Adaptabilidade<\/h4>\n<p>A relva sint\u00e9tica do Arturf foi concebida a pensar na manuten\u00e7\u00e3o reduzida. Diga adeus \u00e0 rega, corte e fertiliza\u00e7\u00e3o constantes necess\u00e1rios para a grama natural. Nosso gramado requer manuten\u00e7\u00e3o m\u00ednima, permitindo que voc\u00ea se concentre mais no jogo. Al\u00e9m disso, nosso gramado \u00e9 adapt\u00e1vel a diferentes configura\u00e7\u00f5es de campo, acomodando facilmente os bunkers de campo e proporcionando tra\u00e7\u00e3o e seguran\u00e7a ideais para os jogadores.<\/p>\n<\/li>\n<li>\n<h4>Especializa\u00e7\u00e3o e Confian\u00e7a<\/h4>\n<p>Com nossa vasta experi\u00eancia na ind\u00fastria, o Arturf conquistou a confian\u00e7a dos entusiastas do paintball em todo o mundo. Estamos empenhados em fornecer solu\u00e7\u00f5es de grama sint\u00e9tica de alta qualidade que atendam aos mais altos padr\u00f5es. Ao escolher o Arturf, voc\u00ea est\u00e1 escolhendo um parceiro confi\u00e1vel dedicado a garantir o sucesso do seu campo de paintball.<\/p>\n<\/li>\n<\/ol>\n<p><img alt=\"Paintball\" loading=\"lazy\" decoding=\"async\" class=\"aligncenter wp-image-4466 size-full\" src=\"https:\/\/arturf.com\/wp-content\/uploads\/2013\/04\/Artificial-Turf-Paintball-Field-3.jpg\" width=\"600\" height=\"450\" srcset=\"https:\/\/arturf.com\/wp-content\/uploads\/2013\/04\/Artificial-Turf-Paintball-Field-3.jpg 600w, https:\/\/arturf.com\/wp-content\/uploads\/2013\/04\/Artificial-Turf-Paintball-Field-3-300x225.jpg 300w, https:\/\/arturf.com\/wp-content\/uploads\/2013\/04\/Artificial-Turf-Paintball-Field-3-200x150.jpg 200w, https:\/\/arturf.com\/wp-content\/uploads\/2013\/04\/Artificial-Turf-Paintball-Field-3-16x12.jpg 16w, https:\/\/arturf.com\/wp-content\/uploads\/2013\/04\/Artificial-Turf-Paintball-Field-3-350x263.jpg 350w, https:\/\/arturf.com\/wp-content\/uploads\/2013\/04\/Artificial-Turf-Paintball-Field-3-510x383.jpg 510w\" sizes=\"auto, (max-width: 600px) 100vw, 600px\" \/><\/p>\n<h2>Escolhendo a relva artificial certa para campos de paintball<\/h2>\n<ol>\n<li>\n<h4>Grama de l\u00e2mina curta<\/h4>\n<p>A relva de l\u00e2mina curta \u00e9 adequada para campos interiores e exteriores e oferece uma limpeza mais f\u00e1cil. Se voc\u00ea prefere uma est\u00e9tica de \u201cgrama real\u201d para o seu campo de paintball ao ar livre, considere nosso <a href=\"https:\/\/arturf.com\/pt\/products\/landscape-grass\/\">Relva Long Blade<\/a>.<\/p>\n<\/li>\n<li>\n<h4>Relva Long Blade<\/h4>\n<p>A grama de l\u00e2mina longa \u00e9 usada principalmente para campos ao ar livre devido aos desafios de limpar l\u00e2minas longas em ambientes fechados. Se voc\u00ea tem uma instala\u00e7\u00e3o de paintball coberta, recomendamos explorar nossa sele\u00e7\u00e3o de <a href=\"https:\/\/arturf.com\/pt\/products\/multi-purpose\/\">relva \u201ccurta\u201d<\/a> para uma manuten\u00e7\u00e3o mais conveniente.<\/p>\n<\/li>\n<\/ol>\n<h2>Escolha Arturf para uma solu\u00e7\u00e3o de campo de paintball superior<\/h2>\n<p>Quando se trata de grama sint\u00e9tica profissional para campos de paintball, Arturf \u00e9 o nome em que voc\u00ea pode confiar. Com recursos personaliz\u00e1veis, como pesos de rosto, densidade e alturas de pilha, nossos produtos garantem o ajuste perfeito para sua instala\u00e7\u00e3o de paintball, seja interna ou externa. Espere qualidade, seguran\u00e7a e durabilidade superiores com a grama sint\u00e9tica Arturf, conhecida por sua adaptabilidade e baixa manuten\u00e7\u00e3o. Confie em nossa experi\u00eancia para fornecer uma solu\u00e7\u00e3o de campo de paintball excepcional e duradoura. Escolha Arturf para o melhor em grama sint\u00e9tica.<\/p>\n\n\t\t<\/div>\n\t\t\t\t\t<\/div>\n\n\t\n\n<\/div>","protected":false},"excerpt":{"rendered":"","protected":false},"author":3,"featured_media":0,"parent":2230,"menu_order":22,"comment_status":"closed","ping_status":"closed","template":"page-blank.php","meta":{"_seopress_robots_primary_cat":"","_seopress_titles_title":"Superior Synthetic Turf for Paintball Fields","_seopress_titles_desc":"Experience safe and enjoyable paintball with Arturf&#039;s durable, adaptable, and low-maintenance synthetic turf. Discover our high-quality products today.","_seopress_robots_index":"","footnotes":""},"class_list":["post-4360","page","type-page","status-publish","hentry"],"_links":{"self":[{"href":"https:\/\/arturf.com\/pt\/wp-json\/wp\/v2\/pages\/4360","targetHints":{"allow":["GET"]}}],"collection":[{"href":"https:\/\/arturf.com\/pt\/wp-json\/wp\/v2\/pages"}],"about":[{"href":"https:\/\/arturf.com\/pt\/wp-json\/wp\/v2\/types\/page"}],"author":[{"embeddable":true,"href":"https:\/\/arturf.com\/pt\/wp-json\/wp\/v2\/users\/3"}],"replies":[{"embeddable":true,"href":"https:\/\/arturf.com\/pt\/wp-json\/wp\/v2\/comments?post=4360"}],"version-history":[{"count":0,"href":"https:\/\/arturf.com\/pt\/wp-json\/wp\/v2\/pages\/4360\/revisions"}],"up":[{"embeddable":true,"href":"https:\/\/arturf.com\/pt\/wp-json\/wp\/v2\/pages\/2230"}],"wp:attachment":[{"href":"https:\/\/arturf.com\/pt\/wp-json\/wp\/v2\/media?parent=4360"}],"curies":[{"name":"wp","href":"https:\/\/api.w.org\/{rel}","templated":true}]}}