{"id":4501,"date":"2013-10-25T14:22:25","date_gmt":"2013-10-25T14:22:25","guid":{"rendered":"https:\/\/arturf.com\/?page_id=4501"},"modified":"2023-07-08T15:49:35","modified_gmt":"2023-07-08T07:49:35","slug":"cricket","status":"publish","type":"page","link":"https:\/\/arturf.com\/pt\/sports\/cricket\/","title":{"rendered":"Campo artificial do grilo da grama"},"content":{"rendered":"<div class=\"banner has-hover\" id=\"banner-2103354621\">\n          <div class=\"banner-inner fill\">\n        <div class=\"banner-bg fill\" >\n            <img loading=\"lazy\" decoding=\"async\" width=\"1536\" height=\"614\" src=\"https:\/\/arturf.com\/wp-content\/uploads\/2023\/07\/Artificial-turf-Cricket-Pitch-Arturf-1536x614.jpg\" class=\"bg attachment-1536x1536 size-1536x1536\" alt=\"Cr\u00edquete, Grama Artificial\" \/>                                    \n                    <\/div>\n\t\t\n        <div class=\"banner-layers container\">\n            <div class=\"fill banner-link\"><\/div>            \n\n   <div id=\"text-box-115288126\" class=\"text-box banner-layer x50 md-x50 lg-x50 y50 md-y50 lg-y50 res-text\">\n                                <div class=\"text-box-content text dark\">\n              \n              <div class=\"text-inner text-center\">\n                  \n\n<h1>Grama artificial premium para campos de cr\u00edquete<\/h1>\n\n              <\/div>\n           <\/div>\n                            \n<style>\n#text-box-115288126 {\n  width: 60%;\n}\n#text-box-115288126 .text-box-content {\n  font-size: 100%;\n}\n<\/style>\n    <\/div>\n \n\n        <\/div>\n      <\/div>\n\n            \n<style>\n#banner-2103354621 {\n  padding-top: 500px;\n}\n<\/style>\n  <\/div>\n\n\n<div class=\"row align-center\"  id=\"row-1676005585\">\n\n\n\t<div id=\"col-1055894478\" class=\"col medium-10 small-12 large-10\"  >\n\t\t\t\t<div class=\"col-inner\"  >\n\t\t\t\n\t\t\t\n\n<p>A grama artificial revolucionou a maneira <a href=\"https:\/\/arturf.com\/pt\/sports\/\">Esportes<\/a> s\u00e3o jogados e apreciados em todo o mundo, e o cr\u00edquete n\u00e3o \u00e9 exce\u00e7\u00e3o. Com suas in\u00fameras vantagens sobre a grama natural, a grama artificial tornou-se cada vez mais popular para campos de cr\u00edquete, proporcionando uma superf\u00edcie de jogo consistente, dur\u00e1vel e de baixa manuten\u00e7\u00e3o. Como fornecedor l\u00edder de relva artificial premium, a Arturf oferece uma gama de solu\u00e7\u00f5es de relva sint\u00e9tica de alta qualidade especificamente concebidas para campos de cr\u00edquete. Neste artigo, exploraremos os benef\u00edcios do uso da grama artificial e como ela pode melhorar sua experi\u00eancia no cr\u00edquete.<\/p>\n<h3>Durabilidade e desempenho inigual\u00e1veis:<\/h3>\n<p>A grama artificial para campos de cr\u00edquete foi projetada para suportar os rigores do jogo intenso e do uso frequente. Ao contr\u00e1rio da grama natural, que pode se desgastar rapidamente e desenvolver manchas irregulares, a grama sint\u00e9tica mant\u00e9m sua condi\u00e7\u00e3o original mesmo ap\u00f3s uso extensivo. Os materiais avan\u00e7ados e as t\u00e9cnicas de fabrica\u00e7\u00e3o inovadoras empregadas garantem que a grama artificial seja altamente resistente ao desgaste, desgaste e ao impacto das bolas de cr\u00edquete, permitindo que os jogadores desfrutem de uma superf\u00edcie de jogo consistente e confi\u00e1vel por muitos anos.<\/p>\n<h3>Superf\u00edcie de jogo consistente:<\/h3>\n<p>Uma das principais vantagens da grama artificial \u00e9 sua capacidade de fornecer uma superf\u00edcie de jogo consistente durante todo o ano, independentemente das condi\u00e7\u00f5es clim\u00e1ticas. Projetado para imitar as caracter\u00edsticas da grama natural, oferece excelente ressalto e comportamento previs\u00edvel da bola. Essa consist\u00eancia permite que os jogadores desenvolvam suas habilidades e estrat\u00e9gias sem serem prejudicados por varia\u00e7\u00f5es imprevis\u00edveis no campo. Quer se trate de um jogo de ritmo acelerado ou uma sess\u00e3o de pr\u00e1tica de lazer, grama artificial garante um campo de jogo nivelado para todos os entusiastas do cr\u00edquete.<\/p>\n<h3>Baixa manuten\u00e7\u00e3o e baixo custo:<\/h3>\n<p>Manter um campo de cr\u00edquete de grama natural requer tempo, esfor\u00e7o e recursos financeiros significativos. Corte regular, rega e controle de pragas s\u00e3o apenas algumas das tarefas envolvidas para manter o campo em \u00f3timas condi\u00e7\u00f5es. A grama artificial elimina a necessidade de manuten\u00e7\u00e3o t\u00e3o extensa, economizando tempo e dinheiro. Com requisitos m\u00ednimos de manuten\u00e7\u00e3o, como escova\u00e7\u00e3o e limpeza ocasionais, os clubes e instala\u00e7\u00f5es de cr\u00edquete podem alocar seus recursos com mais efici\u00eancia e se concentrar em aprimorar a experi\u00eancia geral de cr\u00edquete para jogadores e espectadores.<\/p>\n<h3>Benef\u00edcios ambientais:<\/h3>\n<p>A grama artificial reflete o compromisso de fornecer solu\u00e7\u00f5es sustent\u00e1veis e ecol\u00f3gicas. Ao optar por grama sint\u00e9tica em vez de grama natural, os clubes de cr\u00edquete contribuem para os esfor\u00e7os de conserva\u00e7\u00e3o de \u00e1gua, eliminando a necessidade de irriga\u00e7\u00e3o. Al\u00e9m disso, a aus\u00eancia de pesticidas, fertilizantes e herbicidas normalmente associados \u00e0 manuten\u00e7\u00e3o da grama natural reduz a polui\u00e7\u00e3o ambiental. Com relva artificial, pode desfrutar do jogo de cr\u00edquete minimizando a sua pegada ecol\u00f3gica.<\/p>\n<h3>Conclus\u00e3o:<\/h3>\n<p>A grama artificial transformou a maneira como o cr\u00edquete \u00e9 jogado, oferecendo durabilidade, consist\u00eancia de desempenho e economia. Como fornecedor l\u00edder de relva artificial premium, a Arturf fornece solu\u00e7\u00f5es de alta qualidade adaptadas especificamente para campos de cr\u00edquete. Ao escolher a grama artificial, os entusiastas do cr\u00edquete podem desfrutar de uma superf\u00edcie de jogo confi\u00e1vel e de baixa manuten\u00e7\u00e3o que melhora a experi\u00eancia geral do cr\u00edquete. Seja voc\u00ea um jogador profissional, um amador apaixonado ou um clube de cr\u00edquete que deseja atualizar suas instala\u00e7\u00f5es, investir em grama artificial premium para campos de cr\u00edquete pode elevar seu jogo a novos patamares.<\/p>\n<p><img loading=\"lazy\" decoding=\"async\" class=\"alignnone size-full wp-image-4727\" title=\"Campo artificial do grilo da grama\" src=\"https:\/\/arturf.com\/wp-content\/uploads\/2013\/10\/cricket-3.jpg\" alt=\"Campo artificial do grilo da grama\" width=\"600\" height=\"450\" srcset=\"https:\/\/arturf.com\/wp-content\/uploads\/2013\/10\/cricket-3.jpg 600w, https:\/\/arturf.com\/wp-content\/uploads\/2013\/10\/cricket-3-300x225.jpg 300w, https:\/\/arturf.com\/wp-content\/uploads\/2013\/10\/cricket-3-200x150.jpg 200w, https:\/\/arturf.com\/wp-content\/uploads\/2013\/10\/cricket-3-16x12.jpg 16w, https:\/\/arturf.com\/wp-content\/uploads\/2013\/10\/cricket-3-350x263.jpg 350w, https:\/\/arturf.com\/wp-content\/uploads\/2013\/10\/cricket-3-510x383.jpg 510w\" sizes=\"auto, (max-width: 600px) 100vw, 600px\" \/><\/p>\n\t\n  \n    <div class=\"row large-columns-4 medium-columns-3 small-columns-2 row-small slider row-slider slider-nav-reveal slider-nav-push\"  data-flickity-options='{&quot;imagesLoaded&quot;: true, &quot;groupCells&quot;: &quot;100%&quot;, &quot;dragThreshold&quot; : 5, &quot;cellAlign&quot;: &quot;left&quot;,&quot;wrapAround&quot;: true,&quot;prevNextButtons&quot;: true,&quot;percentPosition&quot;: true,&quot;pageDots&quot;: false, &quot;rightToLeft&quot;: false, &quot;autoPlay&quot; : false}' >\n\n  \n\t     <div class=\"product-small col has-hover product type-product post-6559 status-publish first instock product_cat-tennis product_cat-multi-purpose product_cat-hockey has-post-thumbnail shipping-taxable product-type-simple\">\n\t<div class=\"col-inner\">\n\t\n<div class=\"badge-container absolute left top z-1\">\n\n<\/div>\n\t<div class=\"product-small box\">\n\t\t<div class=\"box-image\">\n\t\t\t<div class=\"image-fade_in_back\">\n\t\t\t\t<a href=\"https:\/\/arturf.com\/pt\/product\/tennis-multi-sports-artificial-grass-elite\/\">\n\t\t\t\t\t<img loading=\"lazy\" decoding=\"async\" width=\"350\" height=\"263\" src=\"https:\/\/arturf.com\/wp-content\/uploads\/2018\/06\/Fibrillated-Artificial-Grass-Elite-12-350x263.jpg\" class=\"attachment-woocommerce_thumbnail size-woocommerce_thumbnail\" alt=\"T\u00eanis e grama artificial multi-esportes - Elite\" srcset=\"https:\/\/arturf.com\/wp-content\/uploads\/2018\/06\/Fibrillated-Artificial-Grass-Elite-12-350x263.jpg 350w, https:\/\/arturf.com\/wp-content\/uploads\/2018\/06\/Fibrillated-Artificial-Grass-Elite-12-300x225.jpg 300w, https:\/\/arturf.com\/wp-content\/uploads\/2018\/06\/Fibrillated-Artificial-Grass-Elite-12-200x150.jpg 200w, https:\/\/arturf.com\/wp-content\/uploads\/2018\/06\/Fibrillated-Artificial-Grass-Elite-12-768x576.jpg 768w, https:\/\/arturf.com\/wp-content\/uploads\/2018\/06\/Fibrillated-Artificial-Grass-Elite-12-16x12.jpg 16w, https:\/\/arturf.com\/wp-content\/uploads\/2018\/06\/Fibrillated-Artificial-Grass-Elite-12-510x383.jpg 510w, https:\/\/arturf.com\/wp-content\/uploads\/2018\/06\/Fibrillated-Artificial-Grass-Elite-12.jpg 800w\" sizes=\"auto, (max-width: 350px) 100vw, 350px\" \/><img loading=\"lazy\" decoding=\"async\" width=\"350\" height=\"263\" src=\"https:\/\/arturf.com\/wp-content\/uploads\/2018\/06\/Tennis-Court-Artificial-Turf-F15-Red-350x263.jpg\" class=\"show-on-hover absolute fill hide-for-small back-image\" alt=\"Vis\u00e3o alternativa de grama artificial para t\u00eanis e esportes m\u00faltiplos - Elite\" aria-hidden=\"true\" srcset=\"https:\/\/arturf.com\/wp-content\/uploads\/2018\/06\/Tennis-Court-Artificial-Turf-F15-Red-350x263.jpg 350w, https:\/\/arturf.com\/wp-content\/uploads\/2018\/06\/Tennis-Court-Artificial-Turf-F15-Red-300x225.jpg 300w, https:\/\/arturf.com\/wp-content\/uploads\/2018\/06\/Tennis-Court-Artificial-Turf-F15-Red-200x150.jpg 200w, https:\/\/arturf.com\/wp-content\/uploads\/2018\/06\/Tennis-Court-Artificial-Turf-F15-Red-768x576.jpg 768w, https:\/\/arturf.com\/wp-content\/uploads\/2018\/06\/Tennis-Court-Artificial-Turf-F15-Red-16x12.jpg 16w, https:\/\/arturf.com\/wp-content\/uploads\/2018\/06\/Tennis-Court-Artificial-Turf-F15-Red-510x383.jpg 510w, https:\/\/arturf.com\/wp-content\/uploads\/2018\/06\/Tennis-Court-Artificial-Turf-F15-Red.jpg 800w\" sizes=\"auto, (max-width: 350px) 100vw, 350px\" \/>\t\t\t\t<\/a>\n\t\t\t<\/div>\n\t\t\t<div class=\"image-tools is-small top right show-on-hover\">\n\t\t\t\t\t\t\t<\/div>\n\t\t\t<div class=\"image-tools is-small hide-for-small bottom left show-on-hover\">\n\t\t\t\t\t\t\t<\/div>\n\t\t\t<div class=\"image-tools grid-tools text-center hide-for-small bottom hover-slide-in show-on-hover\">\n\t\t\t\t<a href=\"#quick-view\" class=\"quick-view\" role=\"button\" data-prod=\"6559\" aria-haspopup=\"dialog\" aria-expanded=\"false\" data-flatsome-role-button>Olhada r\u00e1pida<\/a>\t\t\t<\/div>\n\t\t\t\t\t<\/div>\n\n\t\t<div class=\"box-text box-text-products\">\n\t\t\t<div class=\"title-wrapper\">\t\t<p class=\"category uppercase is-smaller no-text-overflow product-cat op-8\">\n\t\t\tt\u00eanis\t\t<\/p>\n\t<p class=\"name product-title woocommerce-loop-product__title\"><a href=\"https:\/\/arturf.com\/pt\/product\/tennis-multi-sports-artificial-grass-elite\/\" class=\"woocommerce-LoopProduct-link woocommerce-loop-product__link\">T\u00eanis e grama artificial multi-esportes - Elite<\/a><\/p><\/div><div class=\"price-wrapper\"><\/div>\t\t<\/div>\n\t<\/div>\n\t\t<\/div>\n<\/div><div class=\"product-small col has-hover product type-product post-6519 status-publish instock product_cat-golf product_cat-tennis product_cat-multi-purpose has-post-thumbnail shipping-taxable product-type-simple\">\n\t<div class=\"col-inner\">\n\t\n<div class=\"badge-container absolute left top z-1\">\n\n<\/div>\n\t<div class=\"product-small box\">\n\t\t<div class=\"box-image\">\n\t\t\t<div class=\"image-fade_in_back\">\n\t\t\t\t<a href=\"https:\/\/arturf.com\/pt\/product\/flex\/\">\n\t\t\t\t\t<img loading=\"lazy\" decoding=\"async\" width=\"350\" height=\"263\" src=\"https:\/\/arturf.com\/wp-content\/uploads\/2018\/05\/Arturf-Putting-Green-Flex-Pro-16-1-1-350x263.jpg\" class=\"attachment-woocommerce_thumbnail size-woocommerce_thumbnail\" alt=\"Flex\u00e3o\" srcset=\"https:\/\/arturf.com\/wp-content\/uploads\/2018\/05\/Arturf-Putting-Green-Flex-Pro-16-1-1-350x263.jpg 350w, https:\/\/arturf.com\/wp-content\/uploads\/2018\/05\/Arturf-Putting-Green-Flex-Pro-16-1-1-500x375.jpg 500w, https:\/\/arturf.com\/wp-content\/uploads\/2018\/05\/Arturf-Putting-Green-Flex-Pro-16-1-1-200x150.jpg 200w, https:\/\/arturf.com\/wp-content\/uploads\/2018\/05\/Arturf-Putting-Green-Flex-Pro-16-1-1-768x576.jpg 768w, https:\/\/arturf.com\/wp-content\/uploads\/2018\/05\/Arturf-Putting-Green-Flex-Pro-16-1-1-16x12.jpg 16w, https:\/\/arturf.com\/wp-content\/uploads\/2018\/05\/Arturf-Putting-Green-Flex-Pro-16-1-1-510x383.jpg 510w, https:\/\/arturf.com\/wp-content\/uploads\/2018\/05\/Arturf-Putting-Green-Flex-Pro-16-1-1.jpg 800w\" sizes=\"auto, (max-width: 350px) 100vw, 350px\" \/><img loading=\"lazy\" decoding=\"async\" width=\"350\" height=\"263\" src=\"https:\/\/arturf.com\/wp-content\/uploads\/2018\/05\/Flex-Green-350x263.jpg\" class=\"show-on-hover absolute fill hide-for-small back-image\" alt=\"Vis\u00e3o alternativa do Flex\" aria-hidden=\"true\" srcset=\"https:\/\/arturf.com\/wp-content\/uploads\/2018\/05\/Flex-Green-350x263.jpg 350w, https:\/\/arturf.com\/wp-content\/uploads\/2018\/05\/Flex-Green-500x375.jpg 500w, https:\/\/arturf.com\/wp-content\/uploads\/2018\/05\/Flex-Green-200x150.jpg 200w, https:\/\/arturf.com\/wp-content\/uploads\/2018\/05\/Flex-Green-768x576.jpg 768w, https:\/\/arturf.com\/wp-content\/uploads\/2018\/05\/Flex-Green-16x12.jpg 16w, https:\/\/arturf.com\/wp-content\/uploads\/2018\/05\/Flex-Green-510x383.jpg 510w, https:\/\/arturf.com\/wp-content\/uploads\/2018\/05\/Flex-Green.jpg 800w\" sizes=\"auto, (max-width: 350px) 100vw, 350px\" \/>\t\t\t\t<\/a>\n\t\t\t<\/div>\n\t\t\t<div class=\"image-tools is-small top right show-on-hover\">\n\t\t\t\t\t\t\t<\/div>\n\t\t\t<div class=\"image-tools is-small hide-for-small bottom left show-on-hover\">\n\t\t\t\t\t\t\t<\/div>\n\t\t\t<div class=\"image-tools grid-tools text-center hide-for-small bottom hover-slide-in show-on-hover\">\n\t\t\t\t<a href=\"#quick-view\" class=\"quick-view\" role=\"button\" data-prod=\"6519\" aria-haspopup=\"dialog\" aria-expanded=\"false\" data-flatsome-role-button>Olhada r\u00e1pida<\/a>\t\t\t<\/div>\n\t\t\t\t\t<\/div>\n\n\t\t<div class=\"box-text box-text-products\">\n\t\t\t<div class=\"title-wrapper\">\t\t<p class=\"category uppercase is-smaller no-text-overflow product-cat op-8\">\n\t\t\tProdutos de Golfe\t\t<\/p>\n\t<p class=\"name product-title woocommerce-loop-product__title\"><a href=\"https:\/\/arturf.com\/pt\/product\/flex\/\" class=\"woocommerce-LoopProduct-link woocommerce-loop-product__link\">Flex\u00e3o<\/a><\/p><\/div><div class=\"price-wrapper\"><\/div>\t\t<\/div>\n\t<\/div>\n\t\t<\/div>\n<\/div><\/div>\n\n\n\t\t<\/div>\n\t\t\t\t\t<\/div>\n\n\t\n\n<\/div>","protected":false},"excerpt":{"rendered":"","protected":false},"author":3,"featured_media":0,"parent":2230,"menu_order":20,"comment_status":"closed","ping_status":"closed","template":"page-blank.php","meta":{"_seopress_robots_primary_cat":"","_seopress_titles_title":"","_seopress_titles_desc":"Enhance cricket with Arturf&#039;s premium artificial grass - durable, high-performance, low maintenance. Elevate your game now!","_seopress_robots_index":"","footnotes":""},"class_list":["post-4501","page","type-page","status-publish","hentry"],"_links":{"self":[{"href":"https:\/\/arturf.com\/pt\/wp-json\/wp\/v2\/pages\/4501","targetHints":{"allow":["GET"]}}],"collection":[{"href":"https:\/\/arturf.com\/pt\/wp-json\/wp\/v2\/pages"}],"about":[{"href":"https:\/\/arturf.com\/pt\/wp-json\/wp\/v2\/types\/page"}],"author":[{"embeddable":true,"href":"https:\/\/arturf.com\/pt\/wp-json\/wp\/v2\/users\/3"}],"replies":[{"embeddable":true,"href":"https:\/\/arturf.com\/pt\/wp-json\/wp\/v2\/comments?post=4501"}],"version-history":[{"count":0,"href":"https:\/\/arturf.com\/pt\/wp-json\/wp\/v2\/pages\/4501\/revisions"}],"up":[{"embeddable":true,"href":"https:\/\/arturf.com\/pt\/wp-json\/wp\/v2\/pages\/2230"}],"wp:attachment":[{"href":"https:\/\/arturf.com\/pt\/wp-json\/wp\/v2\/media?parent=4501"}],"curies":[{"name":"wp","href":"https:\/\/api.w.org\/{rel}","templated":true}]}}