{"id":6786,"date":"2018-08-04T08:57:54","date_gmt":"2018-08-04T08:57:54","guid":{"rendered":"https:\/\/arturf.com\/?page_id=6786"},"modified":"2023-07-13T11:29:03","modified_gmt":"2023-07-13T03:29:03","slug":"artificial-grass-factory","status":"publish","type":"page","link":"https:\/\/arturf.com\/pt\/about\/artificial-grass-factory\/","title":{"rendered":"F\u00e1brica de grama artificial"},"content":{"rendered":"<section class=\"section dark\" id=\"section_1530999623\">\n\t\t<div class=\"section-bg fill\" >\n\t\t\t<img loading=\"lazy\" decoding=\"async\" width=\"1536\" height=\"1152\" src=\"https:\/\/arturf.com\/wp-content\/uploads\/2023\/07\/Arturf-Factory-Artificial-Grass-Tufting-1536x1152.jpg\" class=\"bg attachment-1536x1536 size-1536x1536\" alt=\"fabricante\" \/>\t\t\t\t\t\t<div class=\"section-bg-overlay absolute fill\"><\/div>\n\t\t\t\n\n\t\t<\/div>\n\n\t\t\n\n\t\t<div class=\"section-content relative\">\n\t\t\t\n\n<div class=\"row align-center\"  id=\"row-1436634031\">\n\n\n\t<div id=\"col-460188896\" class=\"col medium-10 small-12 large-7\"  >\n\t\t\t\t<div class=\"col-inner text-center\"  >\n\t\t\t\n\t\t\t\n\n<div class=\"video-button-wrapper\" style=\"font-size:120%\"><a href=\"https:\/\/www.youtube.com\/watch?v=zJLf-lc35wc\" class=\"button open-video icon circle is-outline is-xlarge\" role=\"button\" aria-label=\"Abrir v\u00eddeo no lightbox\" data-flatsome-role-button><i class=\"icon-play\" aria-hidden=\"true\" style=\"font-size:1.5em;\"><\/i><\/a><\/div>\n\n\t<div id=\"text-1583625936\" class=\"text\">\n\t\t\n\n<h1>F\u00e1brica de grama artificial<\/h1>\n\t\t\n<style>\n#text-1583625936 {\n  font-size: 1.5rem;\n}\n<\/style>\n\t<\/div>\n\t\n<p>A Arturf se destaca como fabricante l\u00edder de grama artificial na China, mantendo controle total sobre todo o processo de fabrica\u00e7\u00e3o.<\/p>\n\t<div id=\"gap-1390970169\" class=\"gap-element clearfix\" style=\"display:block; height:auto;\">\n\t\t\n<style>\n#gap-1390970169 {\n  padding-top: 10px;\n}\n<\/style>\n\t<\/div>\n\t\n\n\n\t\t<\/div>\n\t\t\t\t\t<\/div>\n\n\t\n\n<\/div>\n\n\t\t<\/div>\n\n\t\t\n<style>\n#section_1530999623 {\n  padding-top: 30px;\n  padding-bottom: 30px;\n  min-height: 600px;\n}\n#section_1530999623 .section-bg-overlay {\n  background-color: rgba(0, 0, 0, 0.5);\n}\n@media (min-width:550px) {\n  #section_1530999623 {\n    min-height: 700px;\n  }\n}\n@media (min-width:850px) {\n  #section_1530999623 {\n    min-height: 900px;\n  }\n}\n<\/style>\n\t<\/section>\n\t\n<div class=\"row align-middle align-center\"  id=\"row-496487413\">\n\n\n\t<div id=\"col-15530840\" class=\"col small-12 large-12\"  >\n\t\t\t\t<div class=\"col-inner\"  >\n\t\t\t\n\t\t\t\n\n\t<div id=\"gap-1799383891\" class=\"gap-element clearfix\" style=\"display:block; height:auto;\">\n\t\t\n<style>\n#gap-1799383891 {\n  padding-top: 30px;\n}\n<\/style>\n\t<\/div>\n\t\n\n<p>A Arturf, confi\u00e1vel fabricante de grama artificial na China, destaca-se da concorr\u00eancia por supervisionar todo o processo de fabrica\u00e7\u00e3o, garantindo controle rigoroso e qualidade impec\u00e1vel. Junte-se a n\u00f3s em uma extraordin\u00e1ria visita \u00e0 f\u00e1brica enquanto revelamos as complexidades de nossas tr\u00eas etapas essenciais de fabrica\u00e7\u00e3o: extrus\u00e3o de fibra, tufagem de turfa e revestimento traseiro. Cada etapa contribui para a cria\u00e7\u00e3o de nossos produtos superiores de grama artificial.<\/p>\n\n\t\t<\/div>\n\t\t\t\t\t<\/div>\n\n\t\n\n<\/div>\n<div class=\"row align-middle\"  id=\"row-231671273\">\n\n\n\t<div id=\"col-1072466416\" class=\"col medium-6 small-12 large-6\"  >\n\t\t\t\t<div class=\"col-inner\"  >\n\t\t\t\n\t\t\t\n\n\t<div id=\"gap-511843033\" class=\"gap-element clearfix\" style=\"display:block; height:auto;\">\n\t\t\n<style>\n#gap-511843033 {\n  padding-top: 30px;\n}\n<\/style>\n\t<\/div>\n\t\n\n<h3>Extrus\u00e3o \u2013 Criando a Ess\u00eancia da Grama Artificial<\/h3>\n<p>No centro de qualquer sistema de grama artificial est\u00e1 o fio, um componente crucial que influencia diretamente o desempenho e a vida \u00fatil. No Arturf, levamos esse aspecto a s\u00e9rio. Nosso fio \u00e9 meticulosamente trabalhado usando gr\u00e2nulos de resina de primeira qualidade, que s\u00e3o derretidos para formar a base de nossos fios de grama artificial. Durante este processo de extrus\u00e3o crucial, incorporamos inibidores de UV de alta qualidade e outros aditivos que aumentam a longevidade de nossos produtos de grama sint\u00e9tica. Esses recursos se tornam uma parte inerente da grama, garantindo que nunca desbotem ou desapare\u00e7am com o tempo. Atrav\u00e9s da arte da extrus\u00e3o, damos vida \u00e0s nossas resinas, transformando-as em fios resistentes e dur\u00e1veis.<\/p>\n\n\t\t<\/div>\n\t\t\t\t\t<\/div>\n\n\t\n\n\t<div id=\"col-1362566889\" class=\"col medium-6 small-12 large-6 small-col-first\"  >\n\t\t\t\t<div class=\"col-inner\"  >\n\t\t\t\n\t\t\t\n\n\t<div id=\"gap-851200379\" class=\"gap-element clearfix\" style=\"display:block; height:auto;\">\n\t\t\n<style>\n#gap-851200379 {\n  padding-top: 30px;\n}\n<\/style>\n\t<\/div>\n\t\n\n\t<div class=\"box has-hover   has-hover box-overlay dark box-text-middle\" >\n\n\t\t<div class=\"box-image\" style=\"border-radius:100%;width:80%;\">\n\t\t\t\t\t\t<div class=\"image-zoom-long image-cover\" style=\"padding-top:100%;\">\n\t\t\t\t<img loading=\"lazy\" decoding=\"async\" width=\"1000\" height=\"750\" src=\"https:\/\/arturf.com\/wp-content\/uploads\/2018\/12\/Yarn-Producing-4.jpg\" class=\"attachment-large size-large\" alt=\"fabricante\" srcset=\"https:\/\/arturf.com\/wp-content\/uploads\/2018\/12\/Yarn-Producing-4.jpg 1000w, https:\/\/arturf.com\/wp-content\/uploads\/2018\/12\/Yarn-Producing-4-300x225.jpg 300w, https:\/\/arturf.com\/wp-content\/uploads\/2018\/12\/Yarn-Producing-4-200x150.jpg 200w, https:\/\/arturf.com\/wp-content\/uploads\/2018\/12\/Yarn-Producing-4-768x576.jpg 768w, https:\/\/arturf.com\/wp-content\/uploads\/2018\/12\/Yarn-Producing-4-16x12.jpg 16w, https:\/\/arturf.com\/wp-content\/uploads\/2018\/12\/Yarn-Producing-4-350x263.jpg 350w, https:\/\/arturf.com\/wp-content\/uploads\/2018\/12\/Yarn-Producing-4-510x383.jpg 510w\" sizes=\"auto, (max-width: 1000px) 100vw, 1000px\" \/>\t\t\t\t<div class=\"overlay\" style=\"background-color:1\"><\/div>\t\t\t\t\t\t\t<\/div>\n\t\t\t\t\t<\/div>\n\n\t\t<div class=\"box-text text-center\" >\n\t\t\t<div class=\"box-text-inner\">\n\t\t\t\t\n\n<h4>Extrus\u00e3o de fios<\/h4>\n\n\t\t\t<\/div>\n\t\t<\/div>\n\t<\/div>\n\t\n\n\t\t<\/div>\n\t\t\t\t\t<\/div>\n\n\t\n\n<\/div>\n\t<div id=\"gap-1434707227\" class=\"gap-element clearfix\" style=\"display:block; height:auto;\">\n\t\t\n<style>\n#gap-1434707227 {\n  padding-top: 80px;\n}\n<\/style>\n\t<\/div>\n\t\n\n<div class=\"row align-middle\"  id=\"row-1120630880\">\n\n\n\t<div id=\"col-1269297066\" class=\"col medium-6 small-12 large-6 small-col-first\"  >\n\t\t\t\t<div class=\"col-inner\"  >\n\t\t\t\n\t\t\t\n\n\t<div id=\"gap-1053756544\" class=\"gap-element clearfix\" style=\"display:block; height:auto;\">\n\t\t\n<style>\n#gap-1053756544 {\n  padding-top: 30px;\n}\n<\/style>\n\t<\/div>\n\t\n\n\t<div class=\"box has-hover   has-hover box-overlay dark box-text-middle\" >\n\n\t\t<div class=\"box-image\" style=\"border-radius:100%;width:80%;\">\n\t\t\t\t\t\t<div class=\"image-zoom-long image-cover\" style=\"padding-top:100%;\">\n\t\t\t\t<img loading=\"lazy\" decoding=\"async\" width=\"1000\" height=\"750\" src=\"https:\/\/arturf.com\/wp-content\/uploads\/2018\/12\/Artificial-Grass-Tufting-2.jpg\" class=\"attachment- size-\" alt=\"fabricante\" srcset=\"https:\/\/arturf.com\/wp-content\/uploads\/2018\/12\/Artificial-Grass-Tufting-2.jpg 1000w, https:\/\/arturf.com\/wp-content\/uploads\/2018\/12\/Artificial-Grass-Tufting-2-300x225.jpg 300w, https:\/\/arturf.com\/wp-content\/uploads\/2018\/12\/Artificial-Grass-Tufting-2-200x150.jpg 200w, https:\/\/arturf.com\/wp-content\/uploads\/2018\/12\/Artificial-Grass-Tufting-2-768x576.jpg 768w, https:\/\/arturf.com\/wp-content\/uploads\/2018\/12\/Artificial-Grass-Tufting-2-16x12.jpg 16w, https:\/\/arturf.com\/wp-content\/uploads\/2018\/12\/Artificial-Grass-Tufting-2-350x263.jpg 350w, https:\/\/arturf.com\/wp-content\/uploads\/2018\/12\/Artificial-Grass-Tufting-2-510x383.jpg 510w\" sizes=\"auto, (max-width: 1000px) 100vw, 1000px\" \/>\t\t\t\t<div class=\"overlay\" style=\"background-color:1\"><\/div>\t\t\t\t\t\t\t<\/div>\n\t\t\t\t\t<\/div>\n\n\t\t<div class=\"box-text text-center\" >\n\t\t\t<div class=\"box-text-inner\">\n\t\t\t\t\n\n<h4>Aduba\u00e7\u00e3o artificial da grama<\/h4>\n\n\t\t\t<\/div>\n\t\t<\/div>\n\t<\/div>\n\t\n\n\t\t<\/div>\n\t\t\t\t\t<\/div>\n\n\t\n\n\t<div id=\"col-767576978\" class=\"col medium-6 small-12 large-6\"  >\n\t\t\t\t<div class=\"col-inner\"  >\n\t\t\t\n\t\t\t\n\n\t<div id=\"gap-1126389900\" class=\"gap-element clearfix\" style=\"display:block; height:auto;\">\n\t\t\n<style>\n#gap-1126389900 {\n  padding-top: 30px;\n}\n<\/style>\n\t<\/div>\n\t\n\n<h3>Tufting \u2013 Tecendo Excel\u00eancia em Cada Fio<\/h3>\n<p>Uma vez que os fios de grama artificial estejam completos, eles passam pelo processo de tufagem para criar um suporte robusto. Este forro, feito de tecido ou pano, forma a base da grama sint\u00e9tica.<\/p>\n<p>Durante o tufamento, os fios de grama artificial ou feixes de filamentos s\u00e3o meticulosamente tecidos no forro, formando la\u00e7os. Uma agulha especializada, semelhante a uma grande agulha de costura, empurra o forro, entrela\u00e7ando-se com os fios para criar la\u00e7os ou pilhas. Esses la\u00e7os s\u00e3o ent\u00e3o cortados com precis\u00e3o, resultando em pilhas de grama individuais. Em nossas linhas de produ\u00e7\u00e3o de tufos, utilizamos maquin\u00e1rio de \u00faltima gera\u00e7\u00e3o, equipado com mais de 1.000 agulhas por fileira, variando conforme a largura do tapete de grama e a intensidade da pilha desejada. Na f\u00e1brica de grama artificial Arturf, temos orgulho de nossas linhas de produ\u00e7\u00e3o de tufos avan\u00e7adas, compostas por profissionais experientes com mais de seis anos de experi\u00eancia.<\/p>\n\n\t\t<\/div>\n\t\t\t\t\t<\/div>\n\n\t\n\n<\/div>\n\t<div id=\"gap-747685826\" class=\"gap-element clearfix\" style=\"display:block; height:auto;\">\n\t\t\n<style>\n#gap-747685826 {\n  padding-top: 80px;\n}\n<\/style>\n\t<\/div>\n\t\n\n<div class=\"row align-middle\"  id=\"row-1591982532\">\n\n\n\t<div id=\"col-1823230766\" class=\"col medium-6 small-12 large-6\"  >\n\t\t\t\t<div class=\"col-inner\"  >\n\t\t\t\n\t\t\t\n\n\t<div id=\"gap-228999847\" class=\"gap-element clearfix\" style=\"display:block; height:auto;\">\n\t\t\n<style>\n#gap-228999847 {\n  padding-top: 30px;\n}\n<\/style>\n\t<\/div>\n\t\n\n<h3>Revestimento - Garantindo a qualidade para um \u00f3timo desempenho<\/h3>\n<p>Ap\u00f3s o processo de tufagem, \u00e9 essencial prender firmemente os fios de grama artificial ao forro, evitando que eles se desloquem durante o uso.<\/p>\n<p>Na terceira etapa, aplicamos l\u00e1tex ou poliuretano na parte de tr\u00e1s do dorso, garantindo uma forte liga\u00e7\u00e3o entre os fios e o dorso, al\u00e9m de proporcionar maior rigidez.<\/p>\n<p>O l\u00e1tex ou poliuretano est\u00e1 inicialmente em estado l\u00edquido, semelhante \u00e0 cola, quando aplicado no carpete. No entanto, durante o processo de revestimento, ele endurece, refor\u00e7ando o carpete e prendendo firmemente as pilhas de grama. Para facilitar a drenagem eficiente, pequenos orif\u00edcios s\u00e3o meticulosamente perfurados no tapete de grama, permitindo que a \u00e1gua flua da superf\u00edcie para o solo subjacente, mesmo durante chuvas fortes. Embora esses orif\u00edcios de drenagem permane\u00e7am invis\u00edveis, eles desempenham um papel crucial na manuten\u00e7\u00e3o da integridade do sistema de grama artificial.<\/p>\n\n\t\t<\/div>\n\t\t\t\t\t<\/div>\n\n\t\n\n\t<div id=\"col-1925218935\" class=\"col medium-6 small-12 large-6 small-col-first\"  >\n\t\t\t\t<div class=\"col-inner\"  >\n\t\t\t\n\t\t\t\n\n\t<div id=\"gap-1479462733\" class=\"gap-element clearfix\" style=\"display:block; height:auto;\">\n\t\t\n<style>\n#gap-1479462733 {\n  padding-top: 30px;\n}\n<\/style>\n\t<\/div>\n\t\n\n\t<div class=\"box has-hover   has-hover box-overlay dark box-text-middle\" >\n\n\t\t<div class=\"box-image\" style=\"border-radius:100%;width:80%;\">\n\t\t\t\t\t\t<div class=\"image-zoom-long image-cover\" style=\"padding-top:100%;\">\n\t\t\t\t<img loading=\"lazy\" decoding=\"async\" width=\"750\" height=\"562\" src=\"https:\/\/arturf.com\/wp-content\/uploads\/2018\/12\/Artificial-Grass-Coating.jpg\" class=\"attachment- size-\" alt=\"fabricante\" srcset=\"https:\/\/arturf.com\/wp-content\/uploads\/2018\/12\/Artificial-Grass-Coating.jpg 750w, https:\/\/arturf.com\/wp-content\/uploads\/2018\/12\/Artificial-Grass-Coating-300x225.jpg 300w, https:\/\/arturf.com\/wp-content\/uploads\/2018\/12\/Artificial-Grass-Coating-200x150.jpg 200w, https:\/\/arturf.com\/wp-content\/uploads\/2018\/12\/Artificial-Grass-Coating-16x12.jpg 16w, https:\/\/arturf.com\/wp-content\/uploads\/2018\/12\/Artificial-Grass-Coating-350x263.jpg 350w, https:\/\/arturf.com\/wp-content\/uploads\/2018\/12\/Artificial-Grass-Coating-510x382.jpg 510w\" sizes=\"auto, (max-width: 750px) 100vw, 750px\" \/>\t\t\t\t<div class=\"overlay\" style=\"background-color:1\"><\/div>\t\t\t\t\t\t\t<\/div>\n\t\t\t\t\t<\/div>\n\n\t\t<div class=\"box-text text-center\" >\n\t\t\t<div class=\"box-text-inner\">\n\t\t\t\t\n\n<h4>Revestimento protetor<\/h4>\n\n\t\t\t<\/div>\n\t\t<\/div>\n\t<\/div>\n\t\n\n\t\t<\/div>\n\t\t\t\t\t<\/div>\n\n\t\n\n<\/div>\n\t<div id=\"gap-271897726\" class=\"gap-element clearfix\" style=\"display:block; height:auto;\">\n\t\t\n<style>\n#gap-271897726 {\n  padding-top: 80px;\n}\n<\/style>\n\t<\/div>\n\t\n\n\t<div id=\"gap-206257385\" class=\"gap-element clearfix\" style=\"display:block; height:auto;\">\n\t\t\n<style>\n#gap-206257385 {\n  padding-top: 80px;\n}\n<\/style>\n\t<\/div>\n\t\n\n<div class=\"row align-middle\"  id=\"row-53778578\">\n\n\n\t<div id=\"col-748905674\" class=\"col medium-6 small-12 large-6 small-col-first\"  >\n\t\t\t\t<div class=\"col-inner\"  >\n\t\t\t\n\t\t\t\n\n\t<div id=\"gap-647259045\" class=\"gap-element clearfix\" style=\"display:block; height:auto;\">\n\t\t\n<style>\n#gap-647259045 {\n  padding-top: 30px;\n}\n<\/style>\n\t<\/div>\n\t\n\n\t<div class=\"box has-hover   has-hover box-overlay dark box-text-middle\" >\n\n\t\t<div class=\"box-image\" style=\"border-radius:100%;width:80%;\">\n\t\t\t\t\t\t<div class=\"image-zoom-long image-cover\" style=\"padding-top:100%;\">\n\t\t\t\t<img loading=\"lazy\" decoding=\"async\" width=\"1000\" height=\"749\" src=\"https:\/\/arturf.com\/wp-content\/uploads\/2018\/12\/Artificial-Grass-Warehousing.jpg\" class=\"attachment- size-\" alt=\"fabricante\" srcset=\"https:\/\/arturf.com\/wp-content\/uploads\/2018\/12\/Artificial-Grass-Warehousing.jpg 1000w, https:\/\/arturf.com\/wp-content\/uploads\/2018\/12\/Artificial-Grass-Warehousing-300x225.jpg 300w, https:\/\/arturf.com\/wp-content\/uploads\/2018\/12\/Artificial-Grass-Warehousing-200x150.jpg 200w, https:\/\/arturf.com\/wp-content\/uploads\/2018\/12\/Artificial-Grass-Warehousing-768x575.jpg 768w, https:\/\/arturf.com\/wp-content\/uploads\/2018\/12\/Artificial-Grass-Warehousing-16x12.jpg 16w, https:\/\/arturf.com\/wp-content\/uploads\/2018\/12\/Artificial-Grass-Warehousing-350x263.jpg 350w, https:\/\/arturf.com\/wp-content\/uploads\/2018\/12\/Artificial-Grass-Warehousing-510x382.jpg 510w\" sizes=\"auto, (max-width: 1000px) 100vw, 1000px\" \/>\t\t\t\t<div class=\"overlay\" style=\"background-color:1\"><\/div>\t\t\t\t\t\t\t<\/div>\n\t\t\t\t\t<\/div>\n\n\t\t<div class=\"box-text text-center\" >\n\t\t\t<div class=\"box-text-inner\">\n\t\t\t\t\n\n<h4>Armaz\u00e9m de produtos acabados<\/h4>\n\n\t\t\t<\/div>\n\t\t<\/div>\n\t<\/div>\n\t\n\n\t\t<\/div>\n\t\t\t\t\t<\/div>\n\n\t\n\n\t<div id=\"col-375132447\" class=\"col medium-6 small-12 large-6\"  >\n\t\t\t\t<div class=\"col-inner\"  >\n\t\t\t\n\t\t\t\n\n\t<div id=\"gap-932997098\" class=\"gap-element clearfix\" style=\"display:block; height:auto;\">\n\t\t\n<style>\n#gap-932997098 {\n  padding-top: 30px;\n}\n<\/style>\n\t<\/div>\n\t\n\n<h3>Armazenagem - Prote\u00e7\u00e3o da Qualidade<\/h3>\n<p>Antes do envio, os rolos de grama artificial s\u00e3o armazenados com seguran\u00e7a em nosso armaz\u00e9m moderno, projetado exclusivamente para armazenamento de grama artificial. A cada rolo \u00e9 atribu\u00eddo um c\u00f3digo para f\u00e1cil diferencia\u00e7\u00e3o e m\u00e1ximo cuidado at\u00e9 a entrega.<\/p>\n\n\t\t<\/div>\n\t\t\t\t\t<\/div>\n\n\t\n\n<\/div>\n\t<div id=\"gap-435969208\" class=\"gap-element clearfix\" style=\"display:block; height:auto;\">\n\t\t\n<style>\n#gap-435969208 {\n  padding-top: 30px;\n}\n<\/style>\n\t<\/div>\n\t\n\n<div class=\"row align-center\"  id=\"row-1568578055\">\n\n\n\t<div id=\"col-1164778677\" class=\"col medium-10 small-12 large-10\"  >\n\t\t\t\t<div class=\"col-inner text-left\"  >\n\t\t\t\n\t\t\t\n\n<p>A satisfa\u00e7\u00e3o do cliente \u00e9 nossa principal prioridade na Arturf. Para garantir isso, nos esfor\u00e7amos continuamente para melhorar e refinar v\u00e1rios aspectos de nossas opera\u00e7\u00f5es, incluindo nossa cadeia de suprimentos, processos de controle de qualidade, m\u00e3o de obra de produ\u00e7\u00e3o, treinamento de pessoal e linhas de produ\u00e7\u00e3o. Se voc\u00ea est\u00e1 procurando um fabricante de grama artificial confi\u00e1vel, o Arturf \u00e9 a escolha perfeita para voc\u00ea.<\/p>\n\t<div id=\"gap-143251568\" class=\"gap-element clearfix\" style=\"display:block; height:auto;\">\n\t\t\n<style>\n#gap-143251568 {\n  padding-top: 30px;\n}\n<\/style>\n\t<\/div>\n\t\n\n<div class=\"nav-wrapper\"><ul class=\"nav nav-uppercase nav-horizontal nav-pills text-center nav-center\"><li class=\"active\"><a href=\"https:\/\/arturf.com\/pt\/about\/artificial-grass-factory\/\">F\u00e1brica de grama artificial<\/a><\/li><li class=\"\"><a href=\"https:\/\/arturf.com\/pt\/about\/quality-assurance\/\">Garantia da Qualidade<\/a><\/li><li class=\"\"><a href=\"https:\/\/arturf.com\/pt\/about\/technology-innovation\/\">Tecnologia e Inova\u00e7\u00e3o<\/a><\/li><\/ul><\/div>\n\n\n\t\t<\/div>\n\t\t\t\t\t<\/div>\n\n\t\n\n<\/div>","protected":false},"excerpt":{"rendered":"","protected":false},"author":3,"featured_media":0,"parent":5652,"menu_order":1,"comment_status":"closed","ping_status":"closed","template":"page-blank.php","meta":{"_seopress_robots_primary_cat":"","_seopress_titles_title":"Artificial Grass Factory","_seopress_titles_desc":"A leading artificial grass factory in China. We control the whole process of manufacturing from start to finish.","_seopress_robots_index":"","footnotes":""},"class_list":["post-6786","page","type-page","status-publish","hentry"],"_links":{"self":[{"href":"https:\/\/arturf.com\/pt\/wp-json\/wp\/v2\/pages\/6786","targetHints":{"allow":["GET"]}}],"collection":[{"href":"https:\/\/arturf.com\/pt\/wp-json\/wp\/v2\/pages"}],"about":[{"href":"https:\/\/arturf.com\/pt\/wp-json\/wp\/v2\/types\/page"}],"author":[{"embeddable":true,"href":"https:\/\/arturf.com\/pt\/wp-json\/wp\/v2\/users\/3"}],"replies":[{"embeddable":true,"href":"https:\/\/arturf.com\/pt\/wp-json\/wp\/v2\/comments?post=6786"}],"version-history":[{"count":0,"href":"https:\/\/arturf.com\/pt\/wp-json\/wp\/v2\/pages\/6786\/revisions"}],"up":[{"embeddable":true,"href":"https:\/\/arturf.com\/pt\/wp-json\/wp\/v2\/pages\/5652"}],"wp:attachment":[{"href":"https:\/\/arturf.com\/pt\/wp-json\/wp\/v2\/media?parent=6786"}],"curies":[{"name":"wp","href":"https:\/\/api.w.org\/{rel}","templated":true}]}}