{"id":7057,"date":"2018-11-29T08:02:12","date_gmt":"2018-11-29T08:02:12","guid":{"rendered":"https:\/\/arturf.com\/?page_id=7057"},"modified":"2023-07-14T22:00:30","modified_gmt":"2023-07-14T14:00:30","slug":"technology-innovation","status":"publish","type":"page","link":"https:\/\/arturf.com\/pt\/about\/technology-innovation\/","title":{"rendered":"Tecnologia e Inova\u00e7\u00e3o"},"content":{"rendered":"<section class=\"section has-scroll-for-more\" id=\"section_390866091\">\n\t\t<div class=\"section-bg fill\" >\n\t\t\t\t\t\t\t\t\t<button class=\"scroll-for-more z-5 icon absolute bottom h-center\" aria-label=\"Role para mais\"><i class=\"icon-angle-down\" aria-hidden=\"true\" style=\"font-size:42px;\"><\/i><\/button>\n\t\t\t\n\n\t\t<\/div>\n\n\t\t\n\n\t\t<div class=\"section-content relative\">\n\t\t\t\n\n<div class=\"row align-center\"  id=\"row-939380067\">\n\n\n\t<div id=\"col-1208322876\" class=\"col medium-8 small-10 large-7\"  >\n\t\t\t\t<div class=\"col-inner text-center\"  >\n\t\t\t\n\t\t\t\n\n<h2 style=\"font-size: 250%;\">Estamos empenhados em permanecer na vanguarda da tecnologia e inova\u00e7\u00e3o<\/h2>\n\n\t\t<\/div>\n\t\t\t\t\n<style>\n#col-1208322876 > .col-inner {\n  padding: 40px 0px 0px 0px;\n}\n<\/style>\n\t<\/div>\n\n\t\n\n<\/div>\n\n\t\t<\/div>\n\n\t\t\n<style>\n#section_390866091 {\n  padding-top: 30px;\n  padding-bottom: 30px;\n}\n<\/style>\n\t<\/section>\n\t\n\n\t<section class=\"section\" id=\"section_1554773914\">\n\t\t<div class=\"section-bg fill\" >\n\t\t\t\t\t\t\t\t\t\n\t\t\t\n\n\t\t<\/div>\n\n\t\t\n\n\t\t<div class=\"section-content relative\">\n\t\t\t\n\n<div class=\"row align-middle\"  id=\"row-2005575300\">\n\n\n\t<div id=\"col-1036928135\" class=\"col medium-4 small-12 large-4\"  >\n\t\t\t\t<div class=\"col-inner\"  >\n\t\t\t\n\t\t\t\n\n\n  <div class=\"banner has-hover\" id=\"banner-2085145418\">\n          <div class=\"banner-inner fill\">\n        <div class=\"banner-bg fill\" >\n            <img loading=\"lazy\" decoding=\"async\" width=\"500\" height=\"375\" src=\"https:\/\/arturf.com\/wp-content\/uploads\/2023\/07\/Arturf-Artificial-Turf-Fiber-500x375.jpg\" class=\"bg attachment-medium size-medium\" alt=\"Tecnologia, Inova\u00e7\u00e3o\" \/>                                    \n                    <\/div>\n\t\t\n        <div class=\"banner-layers container\">\n            <div class=\"fill banner-link\"><\/div>            \n\n\n        <\/div>\n      <\/div>\n\n            \n<style>\n#banner-2085145418 {\n  padding-top: 250px;\n  background-color: rgb(247, 245, 244);\n}\n@media (min-width:550px) {\n  #banner-2085145418 {\n    padding-top: 99.99%;\n  }\n}\n<\/style>\n  <\/div>\n\n\n\n\t\t<\/div>\n\t\t\t\t\t<\/div>\n\n\t\n\n\t<div id=\"col-751538152\" class=\"col medium-4 small-12 large-4\"  >\n\t\t\t\t<div class=\"col-inner\"  >\n\t\t\t\n\t\t\t\n\n\n  <div class=\"banner has-hover has-parallax\" id=\"banner-1288223241\">\n          <div class=\"banner-inner fill\">\n        <div class=\"banner-bg fill\" data-parallax=\"-6\" data-parallax-container=\".banner\" data-parallax-background>\n            <img loading=\"lazy\" decoding=\"async\" width=\"768\" height=\"575\" src=\"https:\/\/arturf.com\/wp-content\/uploads\/2018\/04\/NON-INFILL-FOOTBALL-GRASS-NFMT30-2-768x575.jpg\" class=\"bg attachment-medium_large size-medium_large\" alt=\"Tecnologia, Inova\u00e7\u00e3o\" \/>                                    \n                    <\/div>\n\t\t\n        <div class=\"banner-layers container\">\n            <div class=\"fill banner-link\"><\/div>            \n\n\n        <\/div>\n      <\/div>\n\n            \n<style>\n#banner-1288223241 {\n  padding-top: 400px;\n  background-color: rgb(247, 245, 244);\n}\n@media (min-width:850px) {\n  #banner-1288223241 {\n    padding-top: 500px;\n  }\n}\n<\/style>\n  <\/div>\n\n\n\n\t\t<\/div>\n\t\t\t\t\t<\/div>\n\n\t\n\n\t<div id=\"col-1535245399\" class=\"col medium-4 small-12 large-4\"  >\n\t\t\t\t<div class=\"col-inner\"  >\n\t\t\t\n\t\t\t\n\n\n  <div class=\"banner has-hover\" id=\"banner-1779952058\">\n          <div class=\"banner-inner fill\">\n        <div class=\"banner-bg fill\" >\n            <img loading=\"lazy\" decoding=\"async\" width=\"500\" height=\"334\" src=\"https:\/\/arturf.com\/wp-content\/uploads\/2023\/07\/Pet-Artificial-Turf-PetGo-2-500x334.jpg\" class=\"bg attachment-medium size-medium\" alt=\"Tecnologia, Inova\u00e7\u00e3o\" \/>                                    \n                    <\/div>\n\t\t\n        <div class=\"banner-layers container\">\n            <div class=\"fill banner-link\"><\/div>            \n\n\n        <\/div>\n      <\/div>\n\n            \n<style>\n#banner-1779952058 {\n  padding-top: 250px;\n  background-color: rgb(247, 245, 244);\n}\n@media (min-width:550px) {\n  #banner-1779952058 {\n    padding-top: 99.99%;\n  }\n}\n<\/style>\n  <\/div>\n\n\n\n\t\t<\/div>\n\t\t\t\t\t<\/div>\n\n\t\n\n<\/div>\n\n\t\t<\/div>\n\n\t\t\n<style>\n#section_1554773914 {\n  padding-top: 30px;\n  padding-bottom: 30px;\n}\n<\/style>\n\t<\/section>\n\t\n\n\t<section class=\"section\" id=\"section_1970890713\">\n\t\t<div class=\"section-bg fill\" >\n\t\t\t\t\t\t\t\t\t\n\t\t\t\n\n\t\t<\/div>\n\n\t\t\n\n\t\t<div class=\"section-content relative\">\n\t\t\t\n\n<div class=\"row align-center\"  id=\"row-1745793906\">\n\n\n\t<div id=\"col-1673906725\" class=\"col medium-7 small-12 large-7\"  >\n\t\t\t\t<div class=\"col-inner\"  >\n\t\t\t\n\t\t\t\n\n<p>Na Arturf, nos dedicamos a investir continuamente em tecnologia e inova\u00e7\u00e3o para liderar o caminho na ind\u00fastria de grama artificial. Por meio de nossos esfor\u00e7os cont\u00ednuos de pesquisa e desenvolvimento, nos esfor\u00e7amos para melhorar o desempenho, a est\u00e9tica natural e a durabilidade de nossos produtos de grama artificial.<\/p>\n<h3>Exemplos de Nossos Avan\u00e7os Tecnol\u00f3gicos:<\/h3>\n<h4>1. Forma do fio:<\/h4>\n<p>A forma do fio \u00e9 um fator crucial na determina\u00e7\u00e3o da qualidade final da grama artificial. Nossa equipe da Arturf desenvolveu uma gama de <a href=\"https:\/\/arturf.com\/pt\/knowledge-hub\/exploring-artificial-turf-yarn-shapes\/\">formas de fios<\/a>, cada um oferecendo caracter\u00edsticas \u00fanicas. Essas formas influenciam significativamente o apelo visual, a textura e o desempenho geral das l\u00e2minas de grama artificial.<\/p>\n<h4>2. Cor realista:<\/h4>\n<p>Inspirando-se na beleza da grama natural, replicamos meticulosamente as cores de v\u00e1rias esp\u00e9cies de grama para imitar seus tons vibrantes ao longo das esta\u00e7\u00f5es. Entendemos que clientes de diferentes regi\u00f5es t\u00eam prefer\u00eancias diversas e oferecemos uma gama diversificada de cores para atender \u00e0s necessidades individuais.<\/p>\n<h4>3. Relva sem Preenchimento:<\/h4>\n<p>Por meio de engenharia inovadora, fomos pioneiros <a href=\"https:\/\/arturf.com\/pt\/buyers-guide\/infill-or-non-infill-artificial-grass\/\">relva sem enchimento<\/a> solu\u00e7\u00f5es que eliminam a necessidade de materiais de preenchimento como borracha ou areia. Essa tecnologia inovadora agiliza o processo de instala\u00e7\u00e3o, reduz os requisitos de manuten\u00e7\u00e3o e garante excelente desempenho e durabilidade.<\/p>\n<h4>4. Relva para animais de estima\u00e7\u00e3o:<\/h4>\n<p>Reconhecemos a import\u00e2ncia de proporcionar um ambiente seguro e confort\u00e1vel para nossos amigos peludos. Para resolver isso, desenvolvemos grama especial para animais de estima\u00e7\u00e3o projetada para suportar uso pesado, resistir a odores e facilitar a limpeza. Nosso <a href=\"https:\/\/arturf.com\/pt\/product\/pet-artificial-grass-pawscape\/\">grama artificial que aceita animais de estima\u00e7\u00e3o<\/a> \u00e9 ideal para aplica\u00e7\u00f5es residenciais e comerciais.<\/p>\n<h4>5. Relva antiest\u00e1tica:<\/h4>\n<p>Para melhorar a experi\u00eancia do usu\u00e1rio, introduzimos <a href=\"https:\/\/arturf.com\/pt\/product\/anti-static-artificial-grass\/\">grama antiest\u00e1tica<\/a>. Esta solu\u00e7\u00e3o inovadora minimiza efetivamente o ac\u00famulo de eletricidade est\u00e1tica na superf\u00edcie da grama, criando um ambiente mais agrad\u00e1vel e confort\u00e1vel para indiv\u00edduos e animais de estima\u00e7\u00e3o.<\/p>\n<h4>6. Costura em Z:<\/h4>\n<p>Oferecemos dois m\u00e9todos de costura: 1-forma de costura e <a href=\"https:\/\/arturf.com\/pt\/knowledge-hub\/w-stitch-tufted-artificial-grass\/\">forma de costura Z<\/a>. Embora ambos os m\u00e9todos atendam a padr\u00f5es rigorosos, a forma de costura em Z garante uma distribui\u00e7\u00e3o mais uniforme das fibras da grama e aumenta a for\u00e7a adesiva. Isso resulta em melhor qualidade geral e desempenho de nossa grama artificial.<\/p>\n<p>Esses exemplos s\u00e3o apenas um vislumbre de nossa dedica\u00e7\u00e3o aos avan\u00e7os tecnol\u00f3gicos e \u00e0 inova\u00e7\u00e3o. No Arturf, continuamos comprometidos em ultrapassar os limites da tecnologia de grama artificial. Ao investir continuamente em pesquisa e desenvolvimento, nos esfor\u00e7amos para oferecer produtos excepcionais que superam as expectativas dos clientes.<\/p>\n\n\t\t<\/div>\n\t\t\t\t\n<style>\n#col-1673906725 > .col-inner {\n  margin: 0px 0px -60px 0px;\n}\n<\/style>\n\t<\/div>\n\n\t\n\n<\/div>\n\n\t\t<\/div>\n\n\t\t\n<style>\n#section_1970890713 {\n  padding-top: 60px;\n  padding-bottom: 60px;\n}\n<\/style>\n\t<\/section>\n\t\n\n\t<section class=\"section\" id=\"section_714939469\">\n\t\t<div class=\"section-bg fill\" >\n\t\t\t\t\t\t\t\t\t\n\t\t\t\n\n\t\t<\/div>\n\n\t\t\n\n\t\t<div class=\"section-content relative\">\n\t\t\t\n\n<div class=\"nav-wrapper\"><ul class=\"nav nav-uppercase nav-horizontal nav-pills text-center nav-center\"><li class=\"\"><a href=\"https:\/\/arturf.com\/pt\/about\/artificial-grass-factory\/\">F\u00e1brica de grama artificial<\/a><\/li><li class=\"\"><a href=\"https:\/\/arturf.com\/pt\/about\/quality-assurance\/\">Garantia da Qualidade<\/a><\/li><li class=\"active\"><a href=\"https:\/\/arturf.com\/pt\/about\/technology-innovation\/\">Tecnologia e Inova\u00e7\u00e3o<\/a><\/li><\/ul><\/div>\n\n\n\t\t<\/div>\n\n\t\t\n<style>\n#section_714939469 {\n  padding-top: 30px;\n  padding-bottom: 30px;\n}\n<\/style>\n\t<\/section>","protected":false},"excerpt":{"rendered":"","protected":false},"author":3,"featured_media":0,"parent":5652,"menu_order":3,"comment_status":"closed","ping_status":"closed","template":"page-blank.php","meta":{"_seopress_robots_primary_cat":"","_seopress_titles_title":"Technology and Innovation-Leading Artificial Grass Manufacturer","_seopress_titles_desc":"Experience our industry-leading dedication to technology and innovation. Enhancing performance, aesthetics, and durability in artificial grass.","_seopress_robots_index":"","footnotes":""},"class_list":["post-7057","page","type-page","status-publish","hentry"],"_links":{"self":[{"href":"https:\/\/arturf.com\/pt\/wp-json\/wp\/v2\/pages\/7057","targetHints":{"allow":["GET"]}}],"collection":[{"href":"https:\/\/arturf.com\/pt\/wp-json\/wp\/v2\/pages"}],"about":[{"href":"https:\/\/arturf.com\/pt\/wp-json\/wp\/v2\/types\/page"}],"author":[{"embeddable":true,"href":"https:\/\/arturf.com\/pt\/wp-json\/wp\/v2\/users\/3"}],"replies":[{"embeddable":true,"href":"https:\/\/arturf.com\/pt\/wp-json\/wp\/v2\/comments?post=7057"}],"version-history":[{"count":0,"href":"https:\/\/arturf.com\/pt\/wp-json\/wp\/v2\/pages\/7057\/revisions"}],"up":[{"embeddable":true,"href":"https:\/\/arturf.com\/pt\/wp-json\/wp\/v2\/pages\/5652"}],"wp:attachment":[{"href":"https:\/\/arturf.com\/pt\/wp-json\/wp\/v2\/media?parent=7057"}],"curies":[{"name":"wp","href":"https:\/\/api.w.org\/{rel}","templated":true}]}}