{"id":10362,"date":"2019-12-10T02:40:11","date_gmt":"2019-12-10T02:40:11","guid":{"rendered":"https:\/\/arturf.com\/?post_type=product&#038;p=10362"},"modified":"2023-07-19T18:00:19","modified_gmt":"2023-07-19T10:00:19","slug":"golf-hitting-mat","status":"publish","type":"product","link":"https:\/\/arturf.com\/pt\/product\/golf-hitting-mat\/","title":{"rendered":"Estabilidade e durabilidade superiores do tapete de rebatidas de golfe"},"content":{"rendered":"<p>Descubra a melhor experi\u00eancia de treinamento de golfe com nosso Golf Hitting Mat de primeira linha. Seja voc\u00ea um jogador de golfe experiente ou apenas come\u00e7ando, este tapete foi projetado para ajud\u00e1-lo a alcan\u00e7ar suas melhores tacadas e aperfei\u00e7oar suas tacadas.<\/p>\n<h3>Estabilidade e durabilidade inigual\u00e1veis:<\/h3>\n<p>Nosso tapete de golfe \u00e9 cuidadosamente trabalhado com uma base de borracha EVA grossa e robusta, proporcionando estabilidade imbat\u00edvel em qualquer superf\u00edcie plana. Com esta constru\u00e7\u00e3o resistente, voc\u00ea pode praticar com confian\u00e7a suas unidades de longo alcance sem medo de escorregar ou perder o equil\u00edbrio.<\/p>\n<h3>Perfeito para todos os jogadores de golfe:<\/h3>\n<p>Seja voc\u00ea um jogador de golfe profissional ou um novato apenas come\u00e7ando a aprender o jogo, nosso tapete de golfe atende a todos os n\u00edveis de habilidade. Iniciantes podem ganhar confian\u00e7a e melhorar suas tacadas, enquanto jogadores experientes podem ajustar suas t\u00e9cnicas e manter a consist\u00eancia.<\/p>\n<h3>A melhor ferramenta de treinamento:<\/h3>\n<p>Leve o seu treinamento de golfe para o pr\u00f3ximo n\u00edvel com este tapete premium. Praticar regularmente com nosso tapete n\u00e3o s\u00f3 melhorar\u00e1 sua mec\u00e2nica de swing, mas tamb\u00e9m minimizar\u00e1 o impacto em suas articula\u00e7\u00f5es, gra\u00e7as \u00e0s suas propriedades de absor\u00e7\u00e3o de choque.<\/p>\n<p>Atualize sua experi\u00eancia de golfe com nosso Golf Hitting Mat profissional. Eleve o seu jogo, melhore a sua precis\u00e3o e veja a sua confian\u00e7a aumentar ao acertar os greens como um profissional. Invista em sua jornada de golfe hoje!<\/p>\n\n  \n    <div class=\"row large-columns-6 medium-columns-3 small-columns-2\" >\n  <div class=\"gallery-col col\" >\n          <div class=\"col-inner\">\n            <a class=\"image-lightbox lightbox-gallery\" href=\"https:\/\/arturf.com\/wp-content\/uploads\/2020\/08\/ARTURF-Golf-Hitting-Mat-Stock.jpg\" title=\"\">            <div class=\"box has-hover gallery-box box-overlay dark\">\n              <div class=\"box-image\" >\n                <img loading=\"lazy\" decoding=\"async\" width=\"300\" height=\"200\" src=\"https:\/\/arturf.com\/wp-content\/uploads\/2020\/08\/ARTURF-Golf-Hitting-Mat-Stock-300x200.jpg\" class=\"attachment-medium size-medium\" alt=\"\" ids=\"12516,12517,12518,12519\" columns=\"6\" srcset=\"https:\/\/arturf.com\/wp-content\/uploads\/2020\/08\/ARTURF-Golf-Hitting-Mat-Stock-300x200.jpg 300w, https:\/\/arturf.com\/wp-content\/uploads\/2020\/08\/ARTURF-Golf-Hitting-Mat-Stock-768x511.jpg 768w, https:\/\/arturf.com\/wp-content\/uploads\/2020\/08\/ARTURF-Golf-Hitting-Mat-Stock-18x12.jpg 18w, https:\/\/arturf.com\/wp-content\/uploads\/2020\/08\/ARTURF-Golf-Hitting-Mat-Stock-510x339.jpg 510w, https:\/\/arturf.com\/wp-content\/uploads\/2020\/08\/ARTURF-Golf-Hitting-Mat-Stock.jpg 800w\" sizes=\"auto, (max-width: 300px) 100vw, 300px\" \/>                                  <div class=\"overlay fill\"\n                      style=\"background-color: rgba(0,0,0,.15)\">\n                  <\/div>\n                                                              <\/div>\n              <div class=\"box-text text-left\" >\n                 <p><\/p>\n              <\/div>\n            <\/div>\n            <\/a>          <\/div>\n         <\/div><div class=\"gallery-col col\" >\n          <div class=\"col-inner\">\n            <a class=\"image-lightbox lightbox-gallery\" href=\"https:\/\/arturf.com\/wp-content\/uploads\/2020\/08\/Arturf-Golf-Hitting-Mat-Use-2.jpg\" title=\"\">            <div class=\"box has-hover gallery-box box-overlay dark\">\n              <div class=\"box-image\" >\n                <img loading=\"lazy\" decoding=\"async\" width=\"300\" height=\"200\" src=\"https:\/\/arturf.com\/wp-content\/uploads\/2020\/08\/Arturf-Golf-Hitting-Mat-Use-2-300x200.jpg\" class=\"attachment-medium size-medium\" alt=\"\" ids=\"12516,12517,12518,12519\" columns=\"6\" srcset=\"https:\/\/arturf.com\/wp-content\/uploads\/2020\/08\/Arturf-Golf-Hitting-Mat-Use-2-300x200.jpg 300w, https:\/\/arturf.com\/wp-content\/uploads\/2020\/08\/Arturf-Golf-Hitting-Mat-Use-2-768x512.jpg 768w, https:\/\/arturf.com\/wp-content\/uploads\/2020\/08\/Arturf-Golf-Hitting-Mat-Use-2-18x12.jpg 18w, https:\/\/arturf.com\/wp-content\/uploads\/2020\/08\/Arturf-Golf-Hitting-Mat-Use-2-510x340.jpg 510w, https:\/\/arturf.com\/wp-content\/uploads\/2020\/08\/Arturf-Golf-Hitting-Mat-Use-2.jpg 800w\" sizes=\"auto, (max-width: 300px) 100vw, 300px\" \/>                                  <div class=\"overlay fill\"\n                      style=\"background-color: rgba(0,0,0,.15)\">\n                  <\/div>\n                                                              <\/div>\n              <div class=\"box-text text-left\" >\n                 <p><\/p>\n              <\/div>\n            <\/div>\n            <\/a>          <\/div>\n         <\/div><div class=\"gallery-col col\" >\n          <div class=\"col-inner\">\n            <a class=\"image-lightbox lightbox-gallery\" href=\"https:\/\/arturf.com\/wp-content\/uploads\/2020\/08\/Arturf-Golf-Hitting-Mat-Use-1.jpg\" title=\"\">            <div class=\"box has-hover gallery-box box-overlay dark\">\n              <div class=\"box-image\" >\n                <img loading=\"lazy\" decoding=\"async\" width=\"300\" height=\"200\" src=\"https:\/\/arturf.com\/wp-content\/uploads\/2020\/08\/Arturf-Golf-Hitting-Mat-Use-1-300x200.jpg\" class=\"attachment-medium size-medium\" alt=\"\" ids=\"12516,12517,12518,12519\" columns=\"6\" srcset=\"https:\/\/arturf.com\/wp-content\/uploads\/2020\/08\/Arturf-Golf-Hitting-Mat-Use-1-300x200.jpg 300w, https:\/\/arturf.com\/wp-content\/uploads\/2020\/08\/Arturf-Golf-Hitting-Mat-Use-1-768x511.jpg 768w, https:\/\/arturf.com\/wp-content\/uploads\/2020\/08\/Arturf-Golf-Hitting-Mat-Use-1-18x12.jpg 18w, https:\/\/arturf.com\/wp-content\/uploads\/2020\/08\/Arturf-Golf-Hitting-Mat-Use-1-510x339.jpg 510w, https:\/\/arturf.com\/wp-content\/uploads\/2020\/08\/Arturf-Golf-Hitting-Mat-Use-1.jpg 800w\" sizes=\"auto, (max-width: 300px) 100vw, 300px\" \/>                                  <div class=\"overlay fill\"\n                      style=\"background-color: rgba(0,0,0,.15)\">\n                  <\/div>\n                                                              <\/div>\n              <div class=\"box-text text-left\" >\n                 <p><\/p>\n              <\/div>\n            <\/div>\n            <\/a>          <\/div>\n         <\/div><div class=\"gallery-col col\" >\n          <div class=\"col-inner\">\n            <a class=\"image-lightbox lightbox-gallery\" href=\"https:\/\/arturf.com\/wp-content\/uploads\/2020\/08\/Arturf-Golf-Hitting-Mat-Use-3.jpg\" title=\"\">            <div class=\"box has-hover gallery-box box-overlay dark\">\n              <div class=\"box-image\" >\n                <img loading=\"lazy\" decoding=\"async\" width=\"300\" height=\"200\" src=\"https:\/\/arturf.com\/wp-content\/uploads\/2020\/08\/Arturf-Golf-Hitting-Mat-Use-3-300x200.jpg\" class=\"attachment-medium size-medium\" alt=\"\" ids=\"12516,12517,12518,12519\" columns=\"6\" srcset=\"https:\/\/arturf.com\/wp-content\/uploads\/2020\/08\/Arturf-Golf-Hitting-Mat-Use-3-300x200.jpg 300w, https:\/\/arturf.com\/wp-content\/uploads\/2020\/08\/Arturf-Golf-Hitting-Mat-Use-3-768x512.jpg 768w, https:\/\/arturf.com\/wp-content\/uploads\/2020\/08\/Arturf-Golf-Hitting-Mat-Use-3-18x12.jpg 18w, https:\/\/arturf.com\/wp-content\/uploads\/2020\/08\/Arturf-Golf-Hitting-Mat-Use-3-510x340.jpg 510w, https:\/\/arturf.com\/wp-content\/uploads\/2020\/08\/Arturf-Golf-Hitting-Mat-Use-3.jpg 800w\" sizes=\"auto, (max-width: 300px) 100vw, 300px\" \/>                                  <div class=\"overlay fill\"\n                      style=\"background-color: rgba(0,0,0,.15)\">\n                  <\/div>\n                                                              <\/div>\n              <div class=\"box-text text-left\" >\n                 <p><\/p>\n              <\/div>\n            <\/div>\n            <\/a>          <\/div>\n         <\/div><\/div>","protected":false},"excerpt":{"rendered":"<p>Intensifique seu jogo de golfe com nosso Golf Hitting Mat profissional. Feito com uma base espessa de EVA, este tapete premium foi projetado para profissionais e iniciantes. Se voc\u00ea prefere praticar em ambientes fechados ou ao ar livre, nosso tapete de golfe oferece a solu\u00e7\u00e3o perfeita para aprimorar suas habilidades e desempenho.<\/p>","protected":false},"featured_media":10365,"template":"","meta":{"_seopress_robots_primary_cat":"","_seopress_titles_title":"","_seopress_titles_desc":"","_seopress_robots_index":""},"product_brand":[],"product_cat":[65],"product_tag":[],"class_list":{"0":"post-10362","1":"product","2":"type-product","3":"status-publish","4":"has-post-thumbnail","6":"product_cat-golf","8":"first","9":"instock","10":"shipping-taxable","11":"product-type-simple"},"_links":{"self":[{"href":"https:\/\/arturf.com\/pt\/wp-json\/wp\/v2\/product\/10362","targetHints":{"allow":["GET"]}}],"collection":[{"href":"https:\/\/arturf.com\/pt\/wp-json\/wp\/v2\/product"}],"about":[{"href":"https:\/\/arturf.com\/pt\/wp-json\/wp\/v2\/types\/product"}],"wp:featuredmedia":[{"embeddable":true,"href":"https:\/\/arturf.com\/pt\/wp-json\/wp\/v2\/media\/10365"}],"wp:attachment":[{"href":"https:\/\/arturf.com\/pt\/wp-json\/wp\/v2\/media?parent=10362"}],"wp:term":[{"taxonomy":"product_brand","embeddable":true,"href":"https:\/\/arturf.com\/pt\/wp-json\/wp\/v2\/product_brand?post=10362"},{"taxonomy":"product_cat","embeddable":true,"href":"https:\/\/arturf.com\/pt\/wp-json\/wp\/v2\/product_cat?post=10362"},{"taxonomy":"product_tag","embeddable":true,"href":"https:\/\/arturf.com\/pt\/wp-json\/wp\/v2\/product_tag?post=10362"}],"curies":[{"name":"wp","href":"https:\/\/api.w.org\/{rel}","templated":true}]}}