{"id":11306,"date":"2020-03-14T14:33:00","date_gmt":"2020-03-14T06:33:00","guid":{"rendered":"https:\/\/arturf.com\/?post_type=product&#038;p=11306"},"modified":"2023-09-06T10:07:01","modified_gmt":"2023-09-06T02:07:01","slug":"artificial-grass-brush-machine","status":"publish","type":"product","link":"https:\/\/arturf.com\/pt\/product\/artificial-grass-brush-machine\/","title":{"rendered":"M\u00e1quina de escova de grama artificial"},"content":{"rendered":"<h3>M\u00e1quina de escova para jardim e \u00e1reas de lazer<\/h3>\n<p>Nossa m\u00e1quina de escova para grama artificial port\u00e1til e f\u00e1cil de usar \u00e9 ideal para instala\u00e7\u00e3o e manuten\u00e7\u00e3o de \u00e1reas de paisagismo e playground, e alguns pequenos campos de esportes. A escova neste dispositivo acionado por motor \u00e9 para escovar a grama artificial tanto para fins de instala\u00e7\u00e3o quanto de manuten\u00e7\u00e3o. O &#039;cabelo&#039; especial na escova evita qualquer dano \u00e0s fibras da grama artificial na grama enquanto ainda realiza a limpeza adequada e a\u00e7\u00e3o de pentear. Isso tornar\u00e1 as costuras menos vis\u00edveis, remover\u00e1 detritos, pentear as fibras e escovar o enchimento (se aplic\u00e1vel). O motor a gasolina requer pouca manuten\u00e7\u00e3o e \u00e9 muito econ\u00f4mico. O guiador largo proporciona um bom controlo direccional e uma boa ader\u00eancia.<\/p>\n\t<div id=\"gap-720932050\" class=\"gap-element clearfix\" style=\"display:block; height:auto;\">\n\t\t\n<style>\n#gap-720932050 {\n  padding-top: 30px;\n}\n<\/style>\n\t<\/div>\n\t\n<div class=\"row align-middle\"  id=\"row-2136623892\">\n\n\t<div id=\"col-2090671595\" class=\"col medium-4 small-12 large-4\"  >\n\t\t\t\t<div class=\"col-inner\"  >\n\t\t\t\n\t\t\t\n\t<div class=\"img has-hover x md-x lg-x y md-y lg-y\" id=\"image_598040783\">\n\t\t\t\t\t\t\t\t<div class=\"img-inner image-cover dark\" style=\"padding-top:75%;\">\n\t\t\t<img loading=\"lazy\" decoding=\"async\" width=\"800\" height=\"599\" src=\"https:\/\/arturf.com\/wp-content\/uploads\/2020\/03\/Artificial-Grass-Brush-Machine-1.jpg\" class=\"attachment-large size-large\" alt=\"M\u00e1quina de escova\" srcset=\"https:\/\/arturf.com\/wp-content\/uploads\/2020\/03\/Artificial-Grass-Brush-Machine-1.jpg 800w, https:\/\/arturf.com\/wp-content\/uploads\/2020\/03\/Artificial-Grass-Brush-Machine-1-300x225.jpg 300w, https:\/\/arturf.com\/wp-content\/uploads\/2020\/03\/Artificial-Grass-Brush-Machine-1-200x150.jpg 200w, https:\/\/arturf.com\/wp-content\/uploads\/2020\/03\/Artificial-Grass-Brush-Machine-1-768x575.jpg 768w, https:\/\/arturf.com\/wp-content\/uploads\/2020\/03\/Artificial-Grass-Brush-Machine-1-16x12.jpg 16w, https:\/\/arturf.com\/wp-content\/uploads\/2020\/03\/Artificial-Grass-Brush-Machine-1-350x263.jpg 350w, https:\/\/arturf.com\/wp-content\/uploads\/2020\/03\/Artificial-Grass-Brush-Machine-1-510x382.jpg 510w\" sizes=\"auto, (max-width: 800px) 100vw, 800px\" \/>\t\t\t\t\t\t\n\t\t\t\t\t<\/div>\n\t\t\t\t\t\t\t\t\n<style>\n#image_598040783 {\n  width: 100%;\n}\n<\/style>\n\t<\/div>\n\t\n\t\t<\/div>\n\t\t\t\t\t<\/div>\n\n\t\n\n\t<div id=\"col-2107262803\" class=\"col medium-8 small-12 large-8\"  >\n\t\t\t\t<div class=\"col-inner\"  >\n\t\t\t\n\t\t\t\n<p>Usado para escovar areias de s\u00edlica em grama artificial. Ideal para instala\u00e7\u00e3o e manuten\u00e7\u00e3o de grama artificial de jardim, manuten\u00e7\u00e3o de mini campo esportivo. <\/p>\n<ul>\n<li>Produto: M\u00e1quina de escova de grama artificial LW60<\/li>\n<li>Largura de trabalho: 600 mm; Pot\u00eancia: 1,2 kw<\/li>\n<li>Peso: 28 kg<\/li>\n<li>Dimens\u00e3o do contorno: (C x L x A) 1100 mm x 600 mm x 900 mm<\/li>\n<\/ul>\n\t\t<\/div>\n\t\t\t\t\t<\/div>\n\n\t\n<\/div>\n<div class=\"row align-middle\"  id=\"row-1070388912\">\n\n\t<div id=\"col-266154100\" class=\"col medium-4 small-12 large-4\"  >\n\t\t\t\t<div class=\"col-inner\"  >\n\t\t\t\n\t\t\t\n\t<div class=\"img has-hover x md-x lg-x y md-y lg-y\" id=\"image_1428057981\">\n\t\t\t\t\t\t\t\t<div class=\"img-inner image-cover dark\" style=\"padding-top:75%;\">\n\t\t\t<img loading=\"lazy\" decoding=\"async\" width=\"800\" height=\"534\" src=\"https:\/\/arturf.com\/wp-content\/uploads\/2020\/03\/Artificial-Grass-Brush-Machine-LW70.jpg\" class=\"attachment-large size-large\" alt=\"M\u00e1quina de escova\" srcset=\"https:\/\/arturf.com\/wp-content\/uploads\/2020\/03\/Artificial-Grass-Brush-Machine-LW70.jpg 800w, https:\/\/arturf.com\/wp-content\/uploads\/2020\/03\/Artificial-Grass-Brush-Machine-LW70-300x200.jpg 300w, https:\/\/arturf.com\/wp-content\/uploads\/2020\/03\/Artificial-Grass-Brush-Machine-LW70-768x513.jpg 768w, https:\/\/arturf.com\/wp-content\/uploads\/2020\/03\/Artificial-Grass-Brush-Machine-LW70-18x12.jpg 18w, https:\/\/arturf.com\/wp-content\/uploads\/2020\/03\/Artificial-Grass-Brush-Machine-LW70-510x340.jpg 510w\" sizes=\"auto, (max-width: 800px) 100vw, 800px\" \/>\t\t\t\t\t\t\n\t\t\t\t\t<\/div>\n\t\t\t\t\t\t\t\t\n<style>\n#image_1428057981 {\n  width: 100%;\n}\n<\/style>\n\t<\/div>\n\t\n\t\t<\/div>\n\t\t\t\t\t<\/div>\n\n\t\n\n\t<div id=\"col-1938538246\" class=\"col medium-8 small-12 large-8\"  >\n\t\t\t\t<div class=\"col-inner\"  >\n\t\t\t\n\t\t\t\n<p>Usado para escovar areias de s\u00edlica em grama artificial. Ideal para instala\u00e7\u00e3o e manuten\u00e7\u00e3o de \u00e1rea de grama artificial de jardim e mini relva esportiva. <\/p>\n<ul>\n<li>Produto: M\u00e1quina de escova de grama artificial LW70<\/li>\n<li>Largura de trabalho: 700 mm<\/li>\n<li>Pot\u00eancia: 6,5 HP (gasolina)<\/li>\n<li>Peso: 80 kg<\/li>\n<li>Dimens\u00e3o do contorno: (C x L x A) 1700 mm x 700 mm x 1020 mm<\/li>\n<\/ul>\n\t\t<\/div>\n\t\t\t\t\t<\/div>\n\n\t\n<\/div>\n<hr \/>\n<h3>M\u00e1quina de escova para campos esportivos<\/h3>\n<p>Uma boa m\u00e1quina de escovar \u00e9 ainda mais importante para campos de esportes do que para jardins e \u00e1reas de recrea\u00e7\u00e3o, porque a maioria dos campos de esportes s\u00e3o muito maiores e precisam de mais preenchimento. Por exemplo, para o campo de futebol de grama artificial, voc\u00ea n\u00e3o s\u00f3 precisa preencher areia de s\u00edlica, mas tamb\u00e9m precisa preencher gr\u00e2nulos de borracha. Um campo de futebol de 5 tem cerca de 800 metros quadrados. Os campos de futebol de 7 e 11 s\u00e3o ainda maiores. Nestes casos, \u00e9 muito dif\u00edcil escovar os materiais de enchimento manualmente. Para um campo de futebol de 5 ou campos esportivos menores, voc\u00ea ainda pode usar as duas m\u00e1quinas port\u00e1teis acima. Se voc\u00ea \u00e9 um construtor de campos esportivos ou instalador de gramados esportivos, pode precisar de uma m\u00e1quina de escova para grama artificial mais profissional, como as duas m\u00e1quinas de escova a seguir:<\/p>\n<div class=\"row align-middle\"  id=\"row-559986476\">\n\n\t<div id=\"col-1259169597\" class=\"col medium-4 small-12 large-4\"  >\n\t\t\t\t<div class=\"col-inner text-center\"  >\n\t\t\t\n\t\t\t\n\t<div class=\"img has-hover x md-x lg-x y md-y lg-y\" id=\"image_1966163322\">\n\t\t\t\t\t\t\t\t<div class=\"img-inner dark\" >\n\t\t\t<img loading=\"lazy\" decoding=\"async\" width=\"768\" height=\"512\" src=\"https:\/\/arturf.com\/wp-content\/uploads\/2020\/03\/Artificial-turf-brushing-machine-SW-Pro-768x512.jpg\" class=\"attachment-medium_large size-medium_large\" alt=\"M\u00e1quina de escova\" srcset=\"https:\/\/arturf.com\/wp-content\/uploads\/2020\/03\/Artificial-turf-brushing-machine-SW-Pro-768x512.jpg 768w, https:\/\/arturf.com\/wp-content\/uploads\/2020\/03\/Artificial-turf-brushing-machine-SW-Pro-300x200.jpg 300w, https:\/\/arturf.com\/wp-content\/uploads\/2020\/03\/Artificial-turf-brushing-machine-SW-Pro-18x12.jpg 18w, https:\/\/arturf.com\/wp-content\/uploads\/2020\/03\/Artificial-turf-brushing-machine-SW-Pro-510x340.jpg 510w, https:\/\/arturf.com\/wp-content\/uploads\/2020\/03\/Artificial-turf-brushing-machine-SW-Pro.jpg 800w\" sizes=\"auto, (max-width: 768px) 100vw, 768px\" \/>\t\t\t\t\t\t\n\t\t\t\t\t<\/div>\n\t\t\t\t\t\t\t\t\n<style>\n#image_1966163322 {\n  width: 100%;\n}\n<\/style>\n\t<\/div>\n\t\n\t\t<\/div>\n\t\t\t\t\t<\/div>\n\n\t\n\n\t<div id=\"col-1282030444\" class=\"col medium-8 small-12 large-8\"  >\n\t\t\t\t<div class=\"col-inner\"  >\n\t\t\t\n\t\t\t\n<ul>\n<li>Produto: Grama Artificial <strong>Preenchimento e Escova<\/strong> M\u00e1quina SFB 145<\/li>\n<li>Capacidade ProLoading: 1000kg-1200kg<\/li>\n<li>Largura de enchimento de areia: 1450 mm<\/li>\n<li>Velocidade de movimento: 1,9-2,2km \/ h<\/li>\n<li>Pot\u00eancia: 12kw<\/li>\n<li>Peso: 1800 kg<\/li>\n<li>Dimens\u00e3o do contorno: (C x L x A) 2.800 mm x 2.000 mm x 2100 mm<\/li>\n<\/ul>\n<div class=\"video-button-wrapper\"><a href=\"https:\/\/www.youtube.com\/watch?v=mHL9izhv9WI\" class=\"button open-video icon circle is-outline is-xlarge\" role=\"button\" aria-label=\"Abrir v\u00eddeo no lightbox\" data-flatsome-role-button><i class=\"icon-play\" aria-hidden=\"true\" style=\"font-size:1.5em;\"><\/i><\/a><\/div>\n\t\t<\/div>\n\t\t\t\t\t<\/div>\n\n\t\n<\/div>\n\t<div id=\"gap-524145741\" class=\"gap-element clearfix\" style=\"display:block; height:auto;\">\n\t\t\n<style>\n#gap-524145741 {\n  padding-top: 30px;\n}\n<\/style>\n\t<\/div>\n\t\n<div class=\"row align-middle\"  id=\"row-430158751\">\n\n\t<div id=\"col-1794483813\" class=\"col medium-4 small-12 large-4\"  >\n\t\t\t\t<div class=\"col-inner\"  >\n\t\t\t\n\t\t\t\n\t<div class=\"img has-hover x md-x lg-x y md-y lg-y\" id=\"image_1328788832\">\n\t\t\t\t\t\t\t\t<div class=\"img-inner image-cover dark\" style=\"padding-top:75%;\">\n\t\t\t<img loading=\"lazy\" decoding=\"async\" width=\"800\" height=\"533\" src=\"https:\/\/arturf.com\/wp-content\/uploads\/2020\/03\/Artificial-turf-brushing-machine-SW150-.jpg\" class=\"attachment-large size-large\" alt=\"M\u00e1quina de escova\" srcset=\"https:\/\/arturf.com\/wp-content\/uploads\/2020\/03\/Artificial-turf-brushing-machine-SW150-.jpg 800w, https:\/\/arturf.com\/wp-content\/uploads\/2020\/03\/Artificial-turf-brushing-machine-SW150--300x200.jpg 300w, https:\/\/arturf.com\/wp-content\/uploads\/2020\/03\/Artificial-turf-brushing-machine-SW150--768x512.jpg 768w, https:\/\/arturf.com\/wp-content\/uploads\/2020\/03\/Artificial-turf-brushing-machine-SW150--18x12.jpg 18w, https:\/\/arturf.com\/wp-content\/uploads\/2020\/03\/Artificial-turf-brushing-machine-SW150--510x340.jpg 510w\" sizes=\"auto, (max-width: 800px) 100vw, 800px\" \/>\t\t\t\t\t\t\n\t\t\t\t\t<\/div>\n\t\t\t\t\t\t\t\t\n<style>\n#image_1328788832 {\n  width: 100%;\n}\n<\/style>\n\t<\/div>\n\t\n\t\t<\/div>\n\t\t\t\t\t<\/div>\n\n\t\n\n\t<div id=\"col-1848557876\" class=\"col medium-8 small-12 large-8\"  >\n\t\t\t\t<div class=\"col-inner\"  >\n\t\t\t\n\t\t\t\n<ul>\n<li>Produto: M\u00e1quina de escova de grama artificial SW 150<\/li>\n<li>Largura de trabalho: 1500 mm<\/li>\n<li>Pot\u00eancia: 5,5 HP (gasolina)<\/li>\n<li>Peso: 200kg<\/li>\n<li>Dimens\u00e3o do contorno: (C x L x A) 1800 mm x 1100 mm x 950 mm<\/li>\n<\/ul>\n<div class=\"video-button-wrapper\"><a href=\"https:\/\/www.youtube.com\/watch?v=8nj2IHufir8\" class=\"button open-video icon circle is-outline is-xlarge\" role=\"button\" aria-label=\"Abrir v\u00eddeo no lightbox\" data-flatsome-role-button><i class=\"icon-play\" aria-hidden=\"true\" style=\"font-size:1.5em;\"><\/i><\/a><\/div>\n\t\t<\/div>\n\t\t\t\t\t<\/div>\n\n\t\n<\/div>\n\t<div id=\"gap-560874498\" class=\"gap-element clearfix\" style=\"display:block; height:auto;\">\n\t\t\n<style>\n#gap-560874498 {\n  padding-top: 30px;\n}\n<\/style>\n\t<\/div>\n\t\n<hr \/>\n<h3>Equipamento adicional<\/h3>\n<p>Equipamentos ou ferramentas adicionais que podem ajudar a espalhar enchimentos, como areia de s\u00edlica e gr\u00e2nulos de borracha, e escovar a superf\u00edcie do gramado artificial.<\/p>\n<div class=\"row align-middle\"  id=\"row-37280750\">\n\n\t<div id=\"col-1390834459\" class=\"col medium-4 small-12 large-4\"  >\n\t\t\t\t<div class=\"col-inner\"  >\n\t\t\t\n\t\t\t\n\t<div class=\"img has-hover x md-x lg-x y md-y lg-y\" id=\"image_562341596\">\n\t\t\t\t\t\t\t\t<div class=\"img-inner image-cover dark\" style=\"padding-top:75%;\">\n\t\t\t<img loading=\"lazy\" decoding=\"async\" width=\"800\" height=\"600\" src=\"https:\/\/arturf.com\/wp-content\/uploads\/2022\/07\/Triangular-Turf-Brush.jpg\" class=\"attachment-large size-large\" alt=\"M\u00e1quina de escova\" srcset=\"https:\/\/arturf.com\/wp-content\/uploads\/2022\/07\/Triangular-Turf-Brush.jpg 800w, https:\/\/arturf.com\/wp-content\/uploads\/2022\/07\/Triangular-Turf-Brush-500x375.jpg 500w, https:\/\/arturf.com\/wp-content\/uploads\/2022\/07\/Triangular-Turf-Brush-200x150.jpg 200w, https:\/\/arturf.com\/wp-content\/uploads\/2022\/07\/Triangular-Turf-Brush-768x576.jpg 768w, https:\/\/arturf.com\/wp-content\/uploads\/2022\/07\/Triangular-Turf-Brush-16x12.jpg 16w, https:\/\/arturf.com\/wp-content\/uploads\/2022\/07\/Triangular-Turf-Brush-350x263.jpg 350w, https:\/\/arturf.com\/wp-content\/uploads\/2022\/07\/Triangular-Turf-Brush-510x383.jpg 510w\" sizes=\"auto, (max-width: 800px) 100vw, 800px\" \/>\t\t\t\t\t\t\n\t\t\t\t\t<\/div>\n\t\t\t\t\t\t\t\t\n<style>\n#image_562341596 {\n  width: 100%;\n}\n<\/style>\n\t<\/div>\n\t\n\t\t<\/div>\n\t\t\t\t\t<\/div>\n\n\t\n\n\t<div id=\"col-775356986\" class=\"col medium-8 small-12 large-8\"  >\n\t\t\t\t<div class=\"col-inner\"  >\n\t\t\t\n\t\t\t\n<h3>Escova de relva triangular<\/h3>\n<p>A vassoura para relva tem uma forma triangular. O arranjo triangular altamente eficaz das escovas vai endireitar e limpar cada l\u00e2mina de grama ou levantar fibras sint\u00e9ticas e redistribuir o enchimento para melhor consist\u00eancia do passo.<\/p>\n\n  \n    <div class=\"row large-columns-6 medium-columns-3 small-columns-2\" >\n  <div class=\"gallery-col col\" >\n          <div class=\"col-inner\">\n            <a class=\"image-lightbox lightbox-gallery\" href=\"https:\/\/arturf.com\/wp-content\/uploads\/2020\/12\/Triangular-Turf-Brush-002.jpg\" title=\"\">            <div class=\"box has-hover gallery-box box-overlay dark\">\n              <div class=\"box-image\" >\n                <img loading=\"lazy\" decoding=\"async\" width=\"300\" height=\"200\" src=\"https:\/\/arturf.com\/wp-content\/uploads\/2020\/12\/Triangular-Turf-Brush-002-300x200.jpg\" class=\"attachment-medium size-medium\" alt=\"M\u00e1quina de escova\" ids=\"13572,13571,13574\" columns=\"6\" srcset=\"https:\/\/arturf.com\/wp-content\/uploads\/2020\/12\/Triangular-Turf-Brush-002-300x200.jpg 300w, https:\/\/arturf.com\/wp-content\/uploads\/2020\/12\/Triangular-Turf-Brush-002-18x12.jpg 18w, https:\/\/arturf.com\/wp-content\/uploads\/2020\/12\/Triangular-Turf-Brush-002-510x339.jpg 510w, https:\/\/arturf.com\/wp-content\/uploads\/2020\/12\/Triangular-Turf-Brush-002.jpg 600w\" sizes=\"auto, (max-width: 300px) 100vw, 300px\" \/>                                  <div class=\"overlay fill\"\n                      style=\"background-color: rgba(0,0,0,.15)\">\n                  <\/div>\n                                                              <\/div>\n              <div class=\"box-text text-left\" >\n                 <p><\/p>\n              <\/div>\n            <\/div>\n            <\/a>          <\/div>\n         <\/div><div class=\"gallery-col col\" >\n          <div class=\"col-inner\">\n            <a class=\"image-lightbox lightbox-gallery\" href=\"https:\/\/arturf.com\/wp-content\/uploads\/2020\/12\/Triangular-Turf-Brush-001.jpg\" title=\"\">            <div class=\"box has-hover gallery-box box-overlay dark\">\n              <div class=\"box-image\" >\n                <img loading=\"lazy\" decoding=\"async\" width=\"300\" height=\"200\" src=\"https:\/\/arturf.com\/wp-content\/uploads\/2020\/12\/Triangular-Turf-Brush-001-300x200.jpg\" class=\"attachment-medium size-medium\" alt=\"M\u00e1quina de escova\" ids=\"13572,13571,13574\" columns=\"6\" srcset=\"https:\/\/arturf.com\/wp-content\/uploads\/2020\/12\/Triangular-Turf-Brush-001-300x200.jpg 300w, https:\/\/arturf.com\/wp-content\/uploads\/2020\/12\/Triangular-Turf-Brush-001-18x12.jpg 18w, https:\/\/arturf.com\/wp-content\/uploads\/2020\/12\/Triangular-Turf-Brush-001-510x339.jpg 510w, https:\/\/arturf.com\/wp-content\/uploads\/2020\/12\/Triangular-Turf-Brush-001.jpg 600w\" sizes=\"auto, (max-width: 300px) 100vw, 300px\" \/>                                  <div class=\"overlay fill\"\n                      style=\"background-color: rgba(0,0,0,.15)\">\n                  <\/div>\n                                                              <\/div>\n              <div class=\"box-text text-left\" >\n                 <p><\/p>\n              <\/div>\n            <\/div>\n            <\/a>          <\/div>\n         <\/div><div class=\"gallery-col col\" >\n          <div class=\"col-inner\">\n            <a class=\"image-lightbox lightbox-gallery\" href=\"https:\/\/arturf.com\/wp-content\/uploads\/2020\/12\/Triangular-Turf-Brush-003-1.jpg\" title=\"\">            <div class=\"box has-hover gallery-box box-overlay dark\">\n              <div class=\"box-image\" >\n                <img loading=\"lazy\" decoding=\"async\" width=\"300\" height=\"200\" src=\"https:\/\/arturf.com\/wp-content\/uploads\/2020\/12\/Triangular-Turf-Brush-003-1-300x200.jpg\" class=\"attachment-medium size-medium\" alt=\"M\u00e1quina de escova\" ids=\"13572,13571,13574\" columns=\"6\" srcset=\"https:\/\/arturf.com\/wp-content\/uploads\/2020\/12\/Triangular-Turf-Brush-003-1-300x200.jpg 300w, https:\/\/arturf.com\/wp-content\/uploads\/2020\/12\/Triangular-Turf-Brush-003-1-18x12.jpg 18w, https:\/\/arturf.com\/wp-content\/uploads\/2020\/12\/Triangular-Turf-Brush-003-1-510x339.jpg 510w, https:\/\/arturf.com\/wp-content\/uploads\/2020\/12\/Triangular-Turf-Brush-003-1.jpg 600w\" sizes=\"auto, (max-width: 300px) 100vw, 300px\" \/>                                  <div class=\"overlay fill\"\n                      style=\"background-color: rgba(0,0,0,.15)\">\n                  <\/div>\n                                                              <\/div>\n              <div class=\"box-text text-left\" >\n                 <p><\/p>\n              <\/div>\n            <\/div>\n            <\/a>          <\/div>\n         <\/div><\/div>\n\t\t<\/div>\n\t\t\t\t\t<\/div>\n\n\t\n<\/div>\n\t<div id=\"gap-742217251\" class=\"gap-element clearfix\" style=\"display:block; height:auto;\">\n\t\t\n<style>\n#gap-742217251 {\n  padding-top: 30px;\n}\n<\/style>\n\t<\/div>\n\t\n<div class=\"row align-middle\"  id=\"row-1621132614\">\n\n\t<div id=\"col-46615072\" class=\"col medium-4 small-12 large-4\"  >\n\t\t\t\t<div class=\"col-inner\"  >\n\t\t\t\n\t\t\t\n\t<div class=\"img has-hover x md-x lg-x y md-y lg-y\" id=\"image_90408935\">\n\t\t\t\t\t\t\t\t<div class=\"img-inner image-cover dark\" style=\"padding-top:75%;\">\n\t\t\t<img loading=\"lazy\" decoding=\"async\" width=\"800\" height=\"600\" src=\"https:\/\/arturf.com\/wp-content\/uploads\/2021\/08\/Infill-Drop-Spreader-1.jpg\" class=\"attachment-large size-large\" alt=\"M\u00e1quina de escova\" srcset=\"https:\/\/arturf.com\/wp-content\/uploads\/2021\/08\/Infill-Drop-Spreader-1.jpg 800w, https:\/\/arturf.com\/wp-content\/uploads\/2021\/08\/Infill-Drop-Spreader-1-300x225.jpg 300w, https:\/\/arturf.com\/wp-content\/uploads\/2021\/08\/Infill-Drop-Spreader-1-200x150.jpg 200w, https:\/\/arturf.com\/wp-content\/uploads\/2021\/08\/Infill-Drop-Spreader-1-768x576.jpg 768w, https:\/\/arturf.com\/wp-content\/uploads\/2021\/08\/Infill-Drop-Spreader-1-16x12.jpg 16w, https:\/\/arturf.com\/wp-content\/uploads\/2021\/08\/Infill-Drop-Spreader-1-350x263.jpg 350w, https:\/\/arturf.com\/wp-content\/uploads\/2021\/08\/Infill-Drop-Spreader-1-510x383.jpg 510w\" sizes=\"auto, (max-width: 800px) 100vw, 800px\" \/>\t\t\t\t\t\t\n\t\t\t\t\t<\/div>\n\t\t\t\t\t\t\t\t\n<style>\n#image_90408935 {\n  width: 100%;\n}\n<\/style>\n\t<\/div>\n\t\n\t\t<\/div>\n\t\t\t\t\t<\/div>\n\n\t\n\n\t<div id=\"col-2038360048\" class=\"col medium-8 small-12 large-8\"  >\n\t\t\t\t<div class=\"col-inner\"  >\n\t\t\t\n\t\t\t\n<h3>Espalhador de Preenchimento<\/h3>\n<p>Uma maneira conveniente e eficiente de distribuir areia em \u00e1reas menores de grama sint\u00e9tica. O Infill Drop Spreader divide a areia igualmente sobre o campo de grama artificial. A quantidade de areia pode ser ajustada com a alavanca embaixo do guiador.<\/p>\n<p>Ele pode aumentar a produtividade de qualquer equipe profissional de instala\u00e7\u00e3o, pois reduzir\u00e1 drasticamente o tempo necess\u00e1rio para aplicar a limpeza de areia.<\/p>\n\n  \n    <div class=\"row large-columns-6 medium-columns-3 small-columns-2\" >\n  <div class=\"gallery-col col\" >\n          <div class=\"col-inner\">\n            <a class=\"image-lightbox lightbox-gallery\" href=\"https:\/\/arturf.com\/wp-content\/uploads\/2021\/08\/Infill-Drop-Spreader-3.jpg\" title=\"\">            <div class=\"box has-hover gallery-box box-overlay dark\">\n              <div class=\"box-image\" >\n                <img loading=\"lazy\" decoding=\"async\" width=\"300\" height=\"225\" src=\"https:\/\/arturf.com\/wp-content\/uploads\/2021\/08\/Infill-Drop-Spreader-3-300x225.jpg\" class=\"attachment-medium size-medium\" alt=\"M\u00e1quina de escova\" ids=\"15507,15509,15506\" columns=\"6\" srcset=\"https:\/\/arturf.com\/wp-content\/uploads\/2021\/08\/Infill-Drop-Spreader-3-300x225.jpg 300w, https:\/\/arturf.com\/wp-content\/uploads\/2021\/08\/Infill-Drop-Spreader-3-200x150.jpg 200w, https:\/\/arturf.com\/wp-content\/uploads\/2021\/08\/Infill-Drop-Spreader-3-768x575.jpg 768w, https:\/\/arturf.com\/wp-content\/uploads\/2021\/08\/Infill-Drop-Spreader-3-16x12.jpg 16w, https:\/\/arturf.com\/wp-content\/uploads\/2021\/08\/Infill-Drop-Spreader-3-350x263.jpg 350w, https:\/\/arturf.com\/wp-content\/uploads\/2021\/08\/Infill-Drop-Spreader-3-510x382.jpg 510w, https:\/\/arturf.com\/wp-content\/uploads\/2021\/08\/Infill-Drop-Spreader-3.jpg 800w\" sizes=\"auto, (max-width: 300px) 100vw, 300px\" \/>                                  <div class=\"overlay fill\"\n                      style=\"background-color: rgba(0,0,0,.15)\">\n                  <\/div>\n                                                              <\/div>\n              <div class=\"box-text text-left\" >\n                 <p><\/p>\n              <\/div>\n            <\/div>\n            <\/a>          <\/div>\n         <\/div><div class=\"gallery-col col\" >\n          <div class=\"col-inner\">\n            <a class=\"image-lightbox lightbox-gallery\" href=\"https:\/\/arturf.com\/wp-content\/uploads\/2021\/08\/Infill-Drop-Spreader-2-1.jpg\" title=\"\">            <div class=\"box has-hover gallery-box box-overlay dark\">\n              <div class=\"box-image\" >\n                <img loading=\"lazy\" decoding=\"async\" width=\"300\" height=\"225\" src=\"https:\/\/arturf.com\/wp-content\/uploads\/2021\/08\/Infill-Drop-Spreader-2-1-300x225.jpg\" class=\"attachment-medium size-medium\" alt=\"M\u00e1quina de escova\" ids=\"15507,15509,15506\" columns=\"6\" srcset=\"https:\/\/arturf.com\/wp-content\/uploads\/2021\/08\/Infill-Drop-Spreader-2-1-300x225.jpg 300w, https:\/\/arturf.com\/wp-content\/uploads\/2021\/08\/Infill-Drop-Spreader-2-1-200x150.jpg 200w, https:\/\/arturf.com\/wp-content\/uploads\/2021\/08\/Infill-Drop-Spreader-2-1-768x576.jpg 768w, https:\/\/arturf.com\/wp-content\/uploads\/2021\/08\/Infill-Drop-Spreader-2-1-16x12.jpg 16w, https:\/\/arturf.com\/wp-content\/uploads\/2021\/08\/Infill-Drop-Spreader-2-1-350x263.jpg 350w, https:\/\/arturf.com\/wp-content\/uploads\/2021\/08\/Infill-Drop-Spreader-2-1-510x383.jpg 510w, https:\/\/arturf.com\/wp-content\/uploads\/2021\/08\/Infill-Drop-Spreader-2-1.jpg 800w\" sizes=\"auto, (max-width: 300px) 100vw, 300px\" \/>                                  <div class=\"overlay fill\"\n                      style=\"background-color: rgba(0,0,0,.15)\">\n                  <\/div>\n                                                              <\/div>\n              <div class=\"box-text text-left\" >\n                 <p><\/p>\n              <\/div>\n            <\/div>\n            <\/a>          <\/div>\n         <\/div><div class=\"gallery-col col\" >\n          <div class=\"col-inner\">\n            <a class=\"image-lightbox lightbox-gallery\" href=\"https:\/\/arturf.com\/wp-content\/uploads\/2021\/08\/Infill-Drop-Spreader-4.jpg\" title=\"\">            <div class=\"box has-hover gallery-box box-overlay dark\">\n              <div class=\"box-image\" >\n                <img loading=\"lazy\" decoding=\"async\" width=\"300\" height=\"225\" src=\"https:\/\/arturf.com\/wp-content\/uploads\/2021\/08\/Infill-Drop-Spreader-4-300x225.jpg\" class=\"attachment-medium size-medium\" alt=\"M\u00e1quina de escova\" ids=\"15507,15509,15506\" columns=\"6\" srcset=\"https:\/\/arturf.com\/wp-content\/uploads\/2021\/08\/Infill-Drop-Spreader-4-300x225.jpg 300w, https:\/\/arturf.com\/wp-content\/uploads\/2021\/08\/Infill-Drop-Spreader-4-200x150.jpg 200w, https:\/\/arturf.com\/wp-content\/uploads\/2021\/08\/Infill-Drop-Spreader-4-768x576.jpg 768w, https:\/\/arturf.com\/wp-content\/uploads\/2021\/08\/Infill-Drop-Spreader-4-16x12.jpg 16w, https:\/\/arturf.com\/wp-content\/uploads\/2021\/08\/Infill-Drop-Spreader-4-350x263.jpg 350w, https:\/\/arturf.com\/wp-content\/uploads\/2021\/08\/Infill-Drop-Spreader-4-510x383.jpg 510w, https:\/\/arturf.com\/wp-content\/uploads\/2021\/08\/Infill-Drop-Spreader-4.jpg 800w\" sizes=\"auto, (max-width: 300px) 100vw, 300px\" \/>                                  <div class=\"overlay fill\"\n                      style=\"background-color: rgba(0,0,0,.15)\">\n                  <\/div>\n                                                              <\/div>\n              <div class=\"box-text text-left\" >\n                 <p><\/p>\n              <\/div>\n            <\/div>\n            <\/a>          <\/div>\n         <\/div><\/div>\n\t\t<\/div>\n\t\t\t\t\t<\/div>\n\n\t\n<\/div>","protected":false},"excerpt":{"rendered":"<p>A m\u00e1quina com escova para grama artificial \u00e9 uma das ferramentas \/ m\u00e1quinas mais importantes para instala\u00e7\u00e3o e manuten\u00e7\u00e3o de grama artificial. Oferecemos diferentes op\u00e7\u00f5es para <strong>\u00e1reas de paisagem<\/strong> e <strong>campos de esportes<\/strong>.<\/p>","protected":false},"featured_media":11307,"template":"","meta":{"_seopress_robots_primary_cat":"","_seopress_titles_title":"","_seopress_titles_desc":"","_seopress_robots_index":""},"product_brand":[],"product_cat":[66],"product_tag":[],"class_list":{"0":"post-11306","1":"product","2":"type-product","3":"status-publish","4":"has-post-thumbnail","6":"product_cat-accessories","8":"first","9":"instock","10":"shipping-taxable","11":"product-type-simple"},"_links":{"self":[{"href":"https:\/\/arturf.com\/pt\/wp-json\/wp\/v2\/product\/11306","targetHints":{"allow":["GET"]}}],"collection":[{"href":"https:\/\/arturf.com\/pt\/wp-json\/wp\/v2\/product"}],"about":[{"href":"https:\/\/arturf.com\/pt\/wp-json\/wp\/v2\/types\/product"}],"wp:featuredmedia":[{"embeddable":true,"href":"https:\/\/arturf.com\/pt\/wp-json\/wp\/v2\/media\/11307"}],"wp:attachment":[{"href":"https:\/\/arturf.com\/pt\/wp-json\/wp\/v2\/media?parent=11306"}],"wp:term":[{"taxonomy":"product_brand","embeddable":true,"href":"https:\/\/arturf.com\/pt\/wp-json\/wp\/v2\/product_brand?post=11306"},{"taxonomy":"product_cat","embeddable":true,"href":"https:\/\/arturf.com\/pt\/wp-json\/wp\/v2\/product_cat?post=11306"},{"taxonomy":"product_tag","embeddable":true,"href":"https:\/\/arturf.com\/pt\/wp-json\/wp\/v2\/product_tag?post=11306"}],"curies":[{"name":"wp","href":"https:\/\/api.w.org\/{rel}","templated":true}]}}