{"id":11797,"date":"2020-06-18T08:58:24","date_gmt":"2020-06-18T00:58:24","guid":{"rendered":"https:\/\/arturf.com\/?post_type=product&#038;p=11797"},"modified":"2022-05-28T09:45:12","modified_gmt":"2022-05-28T01:45:12","slug":"professional-artificial-grass-installation-tools","status":"publish","type":"product","link":"https:\/\/arturf.com\/pt\/product\/professional-artificial-grass-installation-tools\/","title":{"rendered":"Ferramentas profissionais de instala\u00e7\u00e3o de grama artificial"},"content":{"rendered":"<p>Conjunto de ferramentas para a instala\u00e7\u00e3o de grama artificial. Nove ferramentas de instala\u00e7\u00e3o de grama artificial para um pacote completo totalmente. Voc\u00ea pode comprar um pacote completo ou apenas selecionar v\u00e1rias ferramentas usadas com mais freq\u00fc\u00eancia. Nossas ferramentas de instala\u00e7\u00e3o ajudar\u00e3o muito a economizar tempo e energia se voc\u00ea for um instalador de grama artificial, especialmente \u00fatil para instaladores de grama artificial de futebol.<\/p>\n\t<div class=\"box has-hover   has-hover box-vertical box-text-bottom\" >\n\n\t\t<div class=\"box-image\" style=\"width:20%;\">\n\t\t\t\t\t\t<div class=\"\" >\n\t\t\t\t<img loading=\"lazy\" decoding=\"async\" width=\"400\" height=\"400\" src=\"https:\/\/arturf.com\/wp-content\/uploads\/2020\/06\/Line-Cutter.jpg\" class=\"attachment- size-\" alt=\"\" srcset=\"https:\/\/arturf.com\/wp-content\/uploads\/2020\/06\/Line-Cutter.jpg 400w, https:\/\/arturf.com\/wp-content\/uploads\/2020\/06\/Line-Cutter-300x300.jpg 300w, https:\/\/arturf.com\/wp-content\/uploads\/2020\/06\/Line-Cutter-12x12.jpg 12w, https:\/\/arturf.com\/wp-content\/uploads\/2020\/06\/Line-Cutter-100x100.jpg 100w\" sizes=\"auto, (max-width: 400px) 100vw, 400px\" \/>\t\t\t\t\t\t\t\t\t\t\t<\/div>\n\t\t\t\t\t<\/div>\n\n\t\t<div class=\"box-text text-left\" >\n\t\t\t<div class=\"box-text-inner\">\n\t\t\t\t\n<h4>Cortador de linha<\/h4>\n<p>Uma ferramenta \u00fatil para cortar a grama verde colocada em uma linha e, em seguida, instale a linha de grama branca cortada. \u00c9 dif\u00edcil instalar o <a href=\"https:\/\/arturf.com\/pt\/installation\/artificial-grass-line-marking\/\">marca\u00e7\u00f5es de linha branca<\/a> sem esta ferramenta, \u00e9 fundamental e importante para a instala\u00e7\u00e3o da grama.<\/p>\n\t\t\t<\/div>\n\t\t<\/div>\n\t<\/div>\n\t\n\t<div id=\"gap-1087131431\" class=\"gap-element clearfix\" style=\"display:block; height:auto;\">\n\t\t\n<style>\n#gap-1087131431 {\n  padding-top: 20px;\n}\n<\/style>\n\t<\/div>\n\t\n\t<div class=\"box has-hover   has-hover box-vertical box-text-bottom\" >\n\n\t\t<div class=\"box-image\" style=\"width:20%;\">\n\t\t\t\t\t\t<div class=\"\" >\n\t\t\t\t<img loading=\"lazy\" decoding=\"async\" width=\"400\" height=\"400\" src=\"https:\/\/arturf.com\/wp-content\/uploads\/2020\/06\/Circle-Cutter.jpg\" class=\"attachment- size-\" alt=\"\" srcset=\"https:\/\/arturf.com\/wp-content\/uploads\/2020\/06\/Circle-Cutter.jpg 400w, https:\/\/arturf.com\/wp-content\/uploads\/2020\/06\/Circle-Cutter-300x300.jpg 300w, https:\/\/arturf.com\/wp-content\/uploads\/2020\/06\/Circle-Cutter-12x12.jpg 12w, https:\/\/arturf.com\/wp-content\/uploads\/2020\/06\/Circle-Cutter-100x100.jpg 100w\" sizes=\"auto, (max-width: 400px) 100vw, 400px\" \/>\t\t\t\t\t\t\t\t\t\t\t<\/div>\n\t\t\t\t\t<\/div>\n\n\t\t<div class=\"box-text text-left\" >\n\t\t\t<div class=\"box-text-inner\">\n\t\t\t\t\n<h4>Circle Cutter<\/h4>\n<p>Uma ferramenta \u00fatil para relva artificial chamada cortador de c\u00edrculos. Ele foi projetado para fazer pontos perfeitos no c\u00edrculo de grama, como ponto central e pontos de penalidade no campo de futebol. E \u00e9 uma ferramenta maravilhosa e importante para os buracos verdes do cortador de golfe.<\/p>\n\t\t\t<\/div>\n\t\t<\/div>\n\t<\/div>\n\t\n\t<div id=\"gap-1664343662\" class=\"gap-element clearfix\" style=\"display:block; height:auto;\">\n\t\t\n<style>\n#gap-1664343662 {\n  padding-top: 20px;\n}\n<\/style>\n\t<\/div>\n\t\n\t<div class=\"box has-hover   has-hover box-vertical box-text-bottom\" >\n\n\t\t<div class=\"box-image\" style=\"width:20%;\">\n\t\t\t\t\t\t<div class=\"\" >\n\t\t\t\t<img loading=\"lazy\" decoding=\"async\" width=\"400\" height=\"400\" src=\"https:\/\/arturf.com\/wp-content\/uploads\/2020\/06\/Turf-Fix.jpg\" class=\"attachment- size-\" alt=\"\" srcset=\"https:\/\/arturf.com\/wp-content\/uploads\/2020\/06\/Turf-Fix.jpg 400w, https:\/\/arturf.com\/wp-content\/uploads\/2020\/06\/Turf-Fix-300x300.jpg 300w, https:\/\/arturf.com\/wp-content\/uploads\/2020\/06\/Turf-Fix-12x12.jpg 12w, https:\/\/arturf.com\/wp-content\/uploads\/2020\/06\/Turf-Fix-100x100.jpg 100w\" sizes=\"auto, (max-width: 400px) 100vw, 400px\" \/>\t\t\t\t\t\t\t\t\t\t\t<\/div>\n\t\t\t\t\t<\/div>\n\n\t\t<div class=\"box-text text-left\" >\n\t\t\t<div class=\"box-text-inner\">\n\t\t\t\t\n<h4>Turf Fix<\/h4>\n<p>Uma ferramenta \u00fatil e profissional de instala\u00e7\u00e3o de grama artificial que ajuda a puxar dois peda\u00e7os de grama pesada de maneira f\u00e1cil e lenta para unir-se perfeitamente a eles e obter uma costura uniforme.<\/p>\n\t\t\t<\/div>\n\t\t<\/div>\n\t<\/div>\n\t\n\t<div id=\"gap-1073276880\" class=\"gap-element clearfix\" style=\"display:block; height:auto;\">\n\t\t\n<style>\n#gap-1073276880 {\n  padding-top: 20px;\n}\n<\/style>\n\t<\/div>\n\t\n\t<div class=\"box has-hover   has-hover box-vertical box-text-bottom\" >\n\n\t\t<div class=\"box-image\" style=\"width:20%;\">\n\t\t\t\t\t\t<div class=\"\" >\n\t\t\t\t<img loading=\"lazy\" decoding=\"async\" width=\"400\" height=\"400\" src=\"https:\/\/arturf.com\/wp-content\/uploads\/2020\/06\/Grass-Grip.jpg\" class=\"attachment- size-\" alt=\"\" srcset=\"https:\/\/arturf.com\/wp-content\/uploads\/2020\/06\/Grass-Grip.jpg 400w, https:\/\/arturf.com\/wp-content\/uploads\/2020\/06\/Grass-Grip-300x300.jpg 300w, https:\/\/arturf.com\/wp-content\/uploads\/2020\/06\/Grass-Grip-12x12.jpg 12w, https:\/\/arturf.com\/wp-content\/uploads\/2020\/06\/Grass-Grip-100x100.jpg 100w\" sizes=\"auto, (max-width: 400px) 100vw, 400px\" \/>\t\t\t\t\t\t\t\t\t\t\t<\/div>\n\t\t\t\t\t<\/div>\n\n\t\t<div class=\"box-text text-left\" >\n\t\t\t<div class=\"box-text-inner\">\n\t\t\t\t\n<h4>Aperto de grama<\/h4>\n<p>Uma ferramenta \u00fatil e profissional para a instala\u00e7\u00e3o de grama artificial que ajuda a agarrar grama pesada e puxar facilmente sem danific\u00e1-la. Ele tem uma boca grande, cheia de dentes poderosos, conectando-se com duas al\u00e7as, segurando as al\u00e7as com as duas m\u00e3os e puxando-a. D\u00e1 for\u00e7a ao agarrar a grama usando a r\u00e9gua de alavanca.<\/p>\n\t\t\t<\/div>\n\t\t<\/div>\n\t<\/div>\n\t\n\t<div id=\"gap-75579292\" class=\"gap-element clearfix\" style=\"display:block; height:auto;\">\n\t\t\n<style>\n#gap-75579292 {\n  padding-top: 20px;\n}\n<\/style>\n\t<\/div>\n\t\n\t<div class=\"box has-hover   has-hover box-vertical box-text-bottom\" >\n\n\t\t<div class=\"box-image\" style=\"width:20%;\">\n\t\t\t\t\t\t<div class=\"\" >\n\t\t\t\t<img loading=\"lazy\" decoding=\"async\" width=\"400\" height=\"400\" src=\"https:\/\/arturf.com\/wp-content\/uploads\/2020\/06\/Seam-Fix.jpg\" class=\"attachment- size-\" alt=\"\" srcset=\"https:\/\/arturf.com\/wp-content\/uploads\/2020\/06\/Seam-Fix.jpg 400w, https:\/\/arturf.com\/wp-content\/uploads\/2020\/06\/Seam-Fix-300x300.jpg 300w, https:\/\/arturf.com\/wp-content\/uploads\/2020\/06\/Seam-Fix-12x12.jpg 12w, https:\/\/arturf.com\/wp-content\/uploads\/2020\/06\/Seam-Fix-100x100.jpg 100w\" sizes=\"auto, (max-width: 400px) 100vw, 400px\" \/>\t\t\t\t\t\t\t\t\t\t\t<\/div>\n\t\t\t\t\t<\/div>\n\n\t\t<div class=\"box-text text-left\" >\n\t\t\t<div class=\"box-text-inner\">\n\t\t\t\t\n<h4>Seam Fix<\/h4>\n<p>Para pressionar e fixar as bordas da grama, pode ajudar a fixar uma costura s\u00f3lida e bonita. Ele \u00e9 projetado com al\u00e7a e uma argola pode ser usada de maneira agachada, ou com uma vara ou tubo com comprimento adequado para que voc\u00ea possa caminhar.<\/p>\n\t\t\t<\/div>\n\t\t<\/div>\n\t<\/div>\n\t\n\t<div id=\"gap-985855456\" class=\"gap-element clearfix\" style=\"display:block; height:auto;\">\n\t\t\n<style>\n#gap-985855456 {\n  padding-top: 20px;\n}\n<\/style>\n\t<\/div>\n\t\n\t<div class=\"box has-hover   has-hover box-vertical box-text-bottom\" >\n\n\t\t<div class=\"box-image\" style=\"width:20%;\">\n\t\t\t\t\t\t<div class=\"\" >\n\t\t\t\t<img loading=\"lazy\" decoding=\"async\" width=\"400\" height=\"400\" src=\"https:\/\/arturf.com\/wp-content\/uploads\/2020\/06\/Glue-Fix.jpg\" class=\"attachment- size-\" alt=\"\" srcset=\"https:\/\/arturf.com\/wp-content\/uploads\/2020\/06\/Glue-Fix.jpg 400w, https:\/\/arturf.com\/wp-content\/uploads\/2020\/06\/Glue-Fix-300x300.jpg 300w, https:\/\/arturf.com\/wp-content\/uploads\/2020\/06\/Glue-Fix-12x12.jpg 12w, https:\/\/arturf.com\/wp-content\/uploads\/2020\/06\/Glue-Fix-100x100.jpg 100w\" sizes=\"auto, (max-width: 400px) 100vw, 400px\" \/>\t\t\t\t\t\t\t\t\t\t\t<\/div>\n\t\t\t\t\t<\/div>\n\n\t\t<div class=\"box-text text-left\" >\n\t\t\t<div class=\"box-text-inner\">\n\t\t\t\t\n<h4>Glue Fix<\/h4>\n<p>Uma ferramenta \u00fatil tamb\u00e9m chamada de aplicador de cola para revestimento de cola de fita de costura para grama artificial. Com ele, voc\u00ea pode divulgar <a href=\"https:\/\/arturf.com\/pt\/product\/artificial-grass-adhesive\/\">cola de grama artificial<\/a> na fita de costura de forma r\u00e1pida e f\u00e1cil. Dois recipientes de cola, largura de revestimento ajust\u00e1vel para adaptar diferentes larguras de fita de costura<\/p>\n\t\t\t<\/div>\n\t\t<\/div>\n\t<\/div>\n\t\n\t<div id=\"gap-897682927\" class=\"gap-element clearfix\" style=\"display:block; height:auto;\">\n\t\t\n<style>\n#gap-897682927 {\n  padding-top: 20px;\n}\n<\/style>\n\t<\/div>\n\t\n\t<div class=\"box has-hover   has-hover box-vertical box-text-bottom\" >\n\n\t\t<div class=\"box-image\" style=\"width:20%;\">\n\t\t\t\t\t\t<div class=\"\" >\n\t\t\t\t<img loading=\"lazy\" decoding=\"async\" width=\"400\" height=\"400\" src=\"https:\/\/arturf.com\/wp-content\/uploads\/2020\/06\/Grass-Cutter.jpg\" class=\"attachment- size-\" alt=\"\" srcset=\"https:\/\/arturf.com\/wp-content\/uploads\/2020\/06\/Grass-Cutter.jpg 400w, https:\/\/arturf.com\/wp-content\/uploads\/2020\/06\/Grass-Cutter-300x300.jpg 300w, https:\/\/arturf.com\/wp-content\/uploads\/2020\/06\/Grass-Cutter-12x12.jpg 12w, https:\/\/arturf.com\/wp-content\/uploads\/2020\/06\/Grass-Cutter-100x100.jpg 100w\" sizes=\"auto, (max-width: 400px) 100vw, 400px\" \/>\t\t\t\t\t\t\t\t\t\t\t<\/div>\n\t\t\t\t\t<\/div>\n\n\t\t<div class=\"box-text text-left\" >\n\t\t\t<div class=\"box-text-inner\">\n\t\t\t\t\n<h4>Cortador de grama<\/h4>\n<p>Uma ferramenta \u00fatil para cortar rapidamente ao longo da trilha existente de grama artificial. Al\u00e7a confort\u00e1vel e f\u00e1cil de segurar com uma \u00fanica m\u00e3o. Ferramenta leve e pr\u00e1tica para cortar grama, f\u00e1cil de avan\u00e7ar para cortar uma linha reta.<\/p>\n\t\t\t<\/div>\n\t\t<\/div>\n\t<\/div>\n\t\n\t<div id=\"gap-896990088\" class=\"gap-element clearfix\" style=\"display:block; height:auto;\">\n\t\t\n<style>\n#gap-896990088 {\n  padding-top: 20px;\n}\n<\/style>\n\t<\/div>\n\t\n\t<div class=\"box has-hover   has-hover box-vertical box-text-bottom\" >\n\n\t\t<div class=\"box-image\" style=\"width:20%;\">\n\t\t\t\t\t\t<div class=\"\" >\n\t\t\t\t<img loading=\"lazy\" decoding=\"async\" width=\"400\" height=\"400\" src=\"https:\/\/arturf.com\/wp-content\/uploads\/2020\/06\/Edge-Trimmer.jpg\" class=\"attachment- size-\" alt=\"\" srcset=\"https:\/\/arturf.com\/wp-content\/uploads\/2020\/06\/Edge-Trimmer.jpg 400w, https:\/\/arturf.com\/wp-content\/uploads\/2020\/06\/Edge-Trimmer-300x300.jpg 300w, https:\/\/arturf.com\/wp-content\/uploads\/2020\/06\/Edge-Trimmer-12x12.jpg 12w, https:\/\/arturf.com\/wp-content\/uploads\/2020\/06\/Edge-Trimmer-100x100.jpg 100w\" sizes=\"auto, (max-width: 400px) 100vw, 400px\" \/>\t\t\t\t\t\t\t\t\t\t\t<\/div>\n\t\t\t\t\t<\/div>\n\n\t\t<div class=\"box-text text-left\" >\n\t\t\t<div class=\"box-text-inner\">\n\t\t\t\t\n<h4>Aparador de borda<\/h4>\n<p>O aparador de grama \u00e9 uma ferramenta muito \u00fatil e eficaz para a instala\u00e7\u00e3o de relva sint\u00e9tica; pode nos ajudar a cortar rapidamente a borda extra (apoio extra da grama) ou a parte extra da grama. Ele tem uma al\u00e7a para voc\u00ea segur\u00e1-lo com a m\u00e3o e com a gente de uma maneira que se agacha, no entanto, um bast\u00e3o no comprimento adequado \u00e9 fortemente anexado a esta ferramenta para que voc\u00ea possa caminhar com rapidez e conforto. H\u00e1 um aro para conectar o bast\u00e3o ou o tubo.<\/p>\n\t\t\t<\/div>\n\t\t<\/div>\n\t<\/div>\n\t\n\t<div id=\"gap-1953150179\" class=\"gap-element clearfix\" style=\"display:block; height:auto;\">\n\t\t\n<style>\n#gap-1953150179 {\n  padding-top: 20px;\n}\n<\/style>\n\t<\/div>\n\t\n\t<div class=\"box has-hover   has-hover box-vertical box-text-bottom\" >\n\n\t\t<div class=\"box-image\" style=\"width:20%;\">\n\t\t\t\t\t\t<div class=\"\" >\n\t\t\t\t<img loading=\"lazy\" decoding=\"async\" width=\"403\" height=\"403\" src=\"https:\/\/arturf.com\/wp-content\/uploads\/2020\/06\/Floor-Test.jpg\" class=\"attachment- size-\" alt=\"\" srcset=\"https:\/\/arturf.com\/wp-content\/uploads\/2020\/06\/Floor-Test.jpg 403w, https:\/\/arturf.com\/wp-content\/uploads\/2020\/06\/Floor-Test-300x300.jpg 300w, https:\/\/arturf.com\/wp-content\/uploads\/2020\/06\/Floor-Test-12x12.jpg 12w, https:\/\/arturf.com\/wp-content\/uploads\/2020\/06\/Floor-Test-100x100.jpg 100w\" sizes=\"auto, (max-width: 403px) 100vw, 403px\" \/>\t\t\t\t\t\t\t\t\t\t\t<\/div>\n\t\t\t\t\t<\/div>\n\n\t\t<div class=\"box-text text-left\" >\n\t\t\t<div class=\"box-text-inner\">\n\t\t\t\t\n<h4>Teste de piso<\/h4>\n<p>Esta ferramenta (r\u00e9gua) chamada teste de piso ou r\u00e9gua de profundidade \u00e9 usada para medir a profundidade do preenchimento, incluindo gr\u00e2nulos de areia e borracha e outros materiais de preenchimento preenchidos dentro da grama sint\u00e9tica \/ grama artificial, \u00e9 uma ferramenta muito \u00fatil para a instala\u00e7\u00e3o de grama artificial , nos ajuda a testar a quantidade e a qualidade do preenchimento da superf\u00edcie da grama artificial.<\/p>\n\t\t\t<\/div>\n\t\t<\/div>\n\t<\/div>","protected":false},"excerpt":{"rendered":"<p>Ferramentas \u00fateis e profissionais para instala\u00e7\u00e3o de grama artificial, incluindo cortador de linha, cortador de c\u00edrculos, reparo de grama, aperto de grama, reparo de costura, reparo de cola, cortador de grama, aparador de bordas e teste de piso. Totalmente nove ferramentas de instala\u00e7\u00e3o de grama artificial para um pacote completo. Voc\u00ea pode comprar um pacote completo ou apenas selecionar v\u00e1rias ferramentas usadas com mais freq\u00fc\u00eancia.<\/p>","protected":false},"featured_media":11916,"template":"","meta":{"_seopress_robots_primary_cat":"","_seopress_titles_title":"","_seopress_titles_desc":"Useful and professional tools for artificial grass installation, including turf grip, turf fix, seam fix, line cutter, grass cutter, glue fix, edge trimmer, circle cutter, and floor test.","_seopress_robots_index":""},"product_brand":[],"product_cat":[66],"product_tag":[],"class_list":{"0":"post-11797","1":"product","2":"type-product","3":"status-publish","4":"has-post-thumbnail","6":"product_cat-accessories","8":"first","9":"instock","10":"shipping-taxable","11":"product-type-simple"},"_links":{"self":[{"href":"https:\/\/arturf.com\/pt\/wp-json\/wp\/v2\/product\/11797","targetHints":{"allow":["GET"]}}],"collection":[{"href":"https:\/\/arturf.com\/pt\/wp-json\/wp\/v2\/product"}],"about":[{"href":"https:\/\/arturf.com\/pt\/wp-json\/wp\/v2\/types\/product"}],"wp:featuredmedia":[{"embeddable":true,"href":"https:\/\/arturf.com\/pt\/wp-json\/wp\/v2\/media\/11916"}],"wp:attachment":[{"href":"https:\/\/arturf.com\/pt\/wp-json\/wp\/v2\/media?parent=11797"}],"wp:term":[{"taxonomy":"product_brand","embeddable":true,"href":"https:\/\/arturf.com\/pt\/wp-json\/wp\/v2\/product_brand?post=11797"},{"taxonomy":"product_cat","embeddable":true,"href":"https:\/\/arturf.com\/pt\/wp-json\/wp\/v2\/product_cat?post=11797"},{"taxonomy":"product_tag","embeddable":true,"href":"https:\/\/arturf.com\/pt\/wp-json\/wp\/v2\/product_tag?post=11797"}],"curies":[{"name":"wp","href":"https:\/\/api.w.org\/{rel}","templated":true}]}}