{"id":12663,"date":"2020-08-29T08:36:12","date_gmt":"2020-08-29T00:36:12","guid":{"rendered":"https:\/\/arturf.com\/?post_type=product&#038;p=12663"},"modified":"2023-07-15T11:42:39","modified_gmt":"2023-07-15T03:42:39","slug":"decor","status":"publish","type":"product","link":"https:\/\/arturf.com\/pt\/product\/decor\/","title":{"rendered":"Decor"},"content":{"rendered":"<h3>Caracter\u00edsticas principais:<\/h3>\n<ol>\n<li>\n<h4>Comprimento da fibra curta:<\/h4>\n<p>Com um comprimento de fibra compacto variando de 8 mm a 15 mm, o Decor oferece uma apar\u00eancia elegante e bem cuidada que se assemelha a um carpete de alta qualidade.<\/p>\n<\/li>\n<li>\n<h4>Est\u00e9tica com apar\u00eancia de carpete:<\/h4>\n<p>Com sua constru\u00e7\u00e3o cuidadosamente projetada, o Decor reproduz o apelo visual de um carpete natural, adicionando um toque de eleg\u00e2ncia a qualquer espa\u00e7o.<\/p>\n<\/li>\n<li>\n<h4>Solu\u00e7\u00e3o econ\u00f4mica:<\/h4>\n<p>O Decor destaca-se como uma op\u00e7\u00e3o econ\u00f4mica, garantindo que voc\u00ea possa aprimorar seu ambiente sem gastar muito.<\/p>\n<\/li>\n<\/ol>\n<h3>Aplica\u00e7\u00f5es adequadas:\u00a0<\/h3>\n<ol>\n<li>\n<h4>Exibi\u00e7\u00e3o de neg\u00f3cios:<\/h4>\n<p>Quer seja um retalhista, hoteleiro ou expositor, o Decor \u00e9 uma excelente escolha para expositores empresariais, acrescentando um toque de sofistica\u00e7\u00e3o e requinte ao seu showroom ou \u00e1rea de exposi\u00e7\u00e3o.<\/p>\n<p><img loading=\"lazy\" decoding=\"async\" class=\"wp-image-5525 size-full alignnone\" style=\"color: #555555; font-size: 14.4px;\" src=\"https:\/\/arturf.com\/wp-content\/uploads\/2016\/06\/Artificial-Grass-for-Display-4.jpg\" alt=\"Grama artificial para exibi\u00e7\u00e3o\" width=\"800\" height=\"533\" srcset=\"https:\/\/arturf.com\/wp-content\/uploads\/2016\/06\/Artificial-Grass-for-Display-4.jpg 800w, https:\/\/arturf.com\/wp-content\/uploads\/2016\/06\/Artificial-Grass-for-Display-4-300x200.jpg 300w, https:\/\/arturf.com\/wp-content\/uploads\/2016\/06\/Artificial-Grass-for-Display-4-768x512.jpg 768w, https:\/\/arturf.com\/wp-content\/uploads\/2016\/06\/Artificial-Grass-for-Display-4-18x12.jpg 18w, https:\/\/arturf.com\/wp-content\/uploads\/2016\/06\/Artificial-Grass-for-Display-4-510x340.jpg 510w\" sizes=\"auto, (max-width: 800px) 100vw, 800px\" \/><\/p>\n<\/li>\n<li>\n<h4>Decora\u00e7\u00e3o:<\/h4>\n<p>Aumente a beleza de seus espa\u00e7os internos ou externos incorporando Decor. Sua apar\u00eancia de carpete eleva o apelo est\u00e9tico de jardins, varandas, p\u00e1tios ou qualquer \u00e1rea onde voc\u00ea deseja uma atmosfera convidativa e visualmente atraente.<\/p>\n<p><img alt=\"\" loading=\"lazy\" decoding=\"async\" class=\"alignnone wp-image-12665 size-full\" style=\"color: #555555; font-size: 14.4px;\" src=\"https:\/\/arturf.com\/wp-content\/uploads\/2020\/08\/Wall-Decoration-Grass-2.jpg\" width=\"800\" height=\"533\" srcset=\"https:\/\/arturf.com\/wp-content\/uploads\/2020\/08\/Wall-Decoration-Grass-2.jpg 800w, https:\/\/arturf.com\/wp-content\/uploads\/2020\/08\/Wall-Decoration-Grass-2-300x200.jpg 300w, https:\/\/arturf.com\/wp-content\/uploads\/2020\/08\/Wall-Decoration-Grass-2-768x512.jpg 768w, https:\/\/arturf.com\/wp-content\/uploads\/2020\/08\/Wall-Decoration-Grass-2-18x12.jpg 18w, https:\/\/arturf.com\/wp-content\/uploads\/2020\/08\/Wall-Decoration-Grass-2-510x340.jpg 510w\" sizes=\"auto, (max-width: 800px) 100vw, 800px\" \/><\/p>\n<\/li>\n<li>\n<h4>Eventos:<\/h4>\n<p>Perfeito para eventos privados e corporativos, o Decor oferece uma solu\u00e7\u00e3o econ\u00f4mica para criar espa\u00e7os de eventos impressionantes. Seja um casamento, uma festa ou uma reuni\u00e3o corporativa, esta grama artificial com apar\u00eancia de tapete pode melhorar o ambiente geral e deixar uma impress\u00e3o duradoura em seus convidados.<\/p>\n<p><img alt=\"\" loading=\"lazy\" decoding=\"async\" class=\"alignnone wp-image-17477 size-full\" style=\"color: #555555; font-size: 14.4px;\" src=\"https:\/\/arturf.com\/wp-content\/uploads\/2022\/08\/Green-Event-turf-Decor.jpg\" width=\"800\" height=\"533\" srcset=\"https:\/\/arturf.com\/wp-content\/uploads\/2022\/08\/Green-Event-turf-Decor.jpg 800w, https:\/\/arturf.com\/wp-content\/uploads\/2022\/08\/Green-Event-turf-Decor-300x200.jpg 300w, https:\/\/arturf.com\/wp-content\/uploads\/2022\/08\/Green-Event-turf-Decor-768x512.jpg 768w, https:\/\/arturf.com\/wp-content\/uploads\/2022\/08\/Green-Event-turf-Decor-18x12.jpg 18w, https:\/\/arturf.com\/wp-content\/uploads\/2022\/08\/Green-Event-turf-Decor-510x340.jpg 510w\" sizes=\"auto, (max-width: 800px) 100vw, 800px\" \/><\/p>\n<\/li>\n<\/ol>\n\n\t<section class=\"section\" id=\"section_1779020709\">\n\t\t<div class=\"section-bg fill\" >\n\t\t\t\t\t\t\t\t\t\n\t\t\t\n\n\t\t<\/div>\n\n\t\t\n\n\t\t<div class=\"section-content relative\">\n\t\t\t\n\n<div class=\"row\"  id=\"row-1479590622\">\n\n\n\t<div id=\"col-970270220\" class=\"col small-12 large-12\"  >\n\t\t\t\t<div class=\"col-inner text-center\"  >\n\t\t\t\n\t\t\t\n\n<h2>perguntas frequentes<\/h2>\n\n\t\t<\/div>\n\t\t\t\t\t<\/div>\n\n\t\n\n<\/div>\n<div class=\"row align-center row-box-shadow-1\"  id=\"row-305156031\">\n\n\n\t<div id=\"col-453370635\" class=\"col medium-10 small-12 large-9\"  >\n\t\t\t\t<div class=\"col-inner\" style=\"background-color:rgb(255,255,255);\" >\n\t\t\t\n\t\t\t\n\n<div class=\"accordion\">\n\n\t<div id=\"accordion-1797426341\" class=\"accordion-item\">\n\t\t<a id=\"accordion-1797426341-label\" class=\"accordion-title plain\" href=\"#accordion-item-can-you-customize-specifications-for-your-artificial-turf-products?\" aria-expanded=\"false\" aria-controls=\"accordion-1797426341-content\">\n\t\t\t<button class=\"toggle\" aria-label=\"Alternar\"><i class=\"icon-angle-down\" aria-hidden=\"true\"><\/i><\/button>\n\t\t\t<span>Voc\u00ea pode personalizar as especifica\u00e7\u00f5es para seus produtos de grama artificial?<\/span>\n\t\t<\/a>\n\t\t<div id=\"accordion-1797426341-content\" class=\"accordion-inner\" aria-labelledby=\"accordion-1797426341-label\">\n\t\t\t\n\n<p>Sim, oferecemos op\u00e7\u00f5es de personaliza\u00e7\u00e3o de cor, formato do fio, altura da pilha, densidade e forro. Tamb\u00e9m podemos produzir de acordo com uma amostra fornecida.<\/p>\n\n\t\t<\/div>\n\t<\/div>\n\t\n\t<div id=\"accordion-3215491951\" class=\"accordion-item\">\n\t\t<a id=\"accordion-3215491951-label\" class=\"accordion-title plain\" href=\"#accordion-item-do-you-have-stock?\" aria-expanded=\"false\" aria-controls=\"accordion-3215491951-content\">\n\t\t\t<button class=\"toggle\" aria-label=\"Alternar\"><i class=\"icon-angle-down\" aria-hidden=\"true\"><\/i><\/button>\n\t\t\t<span>Voc\u00ea t\u00eam estoque?<\/span>\n\t\t<\/a>\n\t\t<div id=\"accordion-3215491951-content\" class=\"accordion-inner\" aria-labelledby=\"accordion-3215491951-label\">\n\t\t\t\n\n<p>N\u00e3o, n\u00e3o mantemos estoque. Iniciamos a produ\u00e7\u00e3o com base em pedidos espec\u00edficos.<\/p>\n\n\t\t<\/div>\n\t<\/div>\n\t\n\t<div id=\"accordion-473377171\" class=\"accordion-item\">\n\t\t<a id=\"accordion-473377171-label\" class=\"accordion-title plain\" href=\"#accordion-item-what-is-your-moq?\" aria-expanded=\"false\" aria-controls=\"accordion-473377171-content\">\n\t\t\t<button class=\"toggle\" aria-label=\"Alternar\"><i class=\"icon-angle-down\" aria-hidden=\"true\"><\/i><\/button>\n\t\t\t<span>Qual \u00e9 o seu MOQ?<\/span>\n\t\t<\/a>\n\t\t<div id=\"accordion-473377171-content\" class=\"accordion-inner\" aria-labelledby=\"accordion-473377171-label\">\n\t\t\t\n\n<p>Para a maioria da grama artificial, nossa quantidade m\u00ednima de pedido (MOQ) \u00e9 de 500 metros quadrados. Para alguns produtos de peso facial leve, o MOQ \u00e9 de 800 metros quadrados.<\/p>\n\n\t\t<\/div>\n\t<\/div>\n\t\n\t<div id=\"accordion-3946763193\" class=\"accordion-item\">\n\t\t<a id=\"accordion-3946763193-label\" class=\"accordion-title plain\" href=\"#accordion-item-what-are-the-width-and-length-options-for-artificial-grass?\" aria-expanded=\"false\" aria-controls=\"accordion-3946763193-content\">\n\t\t\t<button class=\"toggle\" aria-label=\"Alternar\"><i class=\"icon-angle-down\" aria-hidden=\"true\"><\/i><\/button>\n\t\t\t<span>Quais s\u00e3o as op\u00e7\u00f5es de largura e comprimento para grama artificial?<\/span>\n\t\t<\/a>\n\t\t<div id=\"accordion-3946763193-content\" class=\"accordion-inner\" aria-labelledby=\"accordion-3946763193-label\">\n\t\t\t\n\n<p>Nossas op\u00e7\u00f5es de largura comuns s\u00e3o 2m, 3,75m, 3,95m, 4m e 5m. O comprimento pode ser personalizado de acordo com os requisitos espec\u00edficos do seu projeto. Por padr\u00e3o, misturamos grama de 4m de largura e 2m de largura para otimizar o espa\u00e7o do cont\u00eainer.<\/p>\n\n\t\t<\/div>\n\t<\/div>\n\t\n\t<div id=\"accordion-1027940875\" class=\"accordion-item\">\n\t\t<a id=\"accordion-1027940875-label\" class=\"accordion-title plain\" href=\"#accordion-item-what-information-do-you-need-to-provide-the-landed-cost-for-international-customers?\" aria-expanded=\"false\" aria-controls=\"accordion-1027940875-content\">\n\t\t\t<button class=\"toggle\" aria-label=\"Alternar\"><i class=\"icon-angle-down\" aria-hidden=\"true\"><\/i><\/button>\n\t\t\t<span>Quais informa\u00e7\u00f5es voc\u00ea precisa para fornecer o custo de importa\u00e7\u00e3o para clientes internacionais?<\/span>\n\t\t<\/a>\n\t\t<div id=\"accordion-1027940875-content\" class=\"accordion-inner\" aria-labelledby=\"accordion-1027940875-label\">\n\t\t\t\n\n<p>Para fornecer o custo de desembarque, exigimos informa\u00e7\u00f5es sobre os detalhes do produto, quantidade e porto de destino.<\/p>\n\n\t\t<\/div>\n\t<\/div>\n\t\n\n<\/div>\n\n\t\t<\/div>\n\t\t\t\t\t<\/div>\n\n\t\n\n\n<style>\n#row-305156031 > .col > .col-inner {\n  padding: 0px 0px 0px 0px;\n}\n@media (min-width:550px) {\n  #row-305156031 > .col > .col-inner {\n    padding: 30px 30px 30px 30px;\n  }\n}\n<\/style>\n<\/div>\n\n\t\t<\/div>\n\n\t\t\n<style>\n#section_1779020709 {\n  padding-top: 60px;\n  padding-bottom: 60px;\n}\n<\/style>\n\t<\/section>\n\t\n<div class=\"row align-center\"  id=\"row-175733418\">\n\n\n\t<div id=\"col-1691765151\" class=\"col medium-4 large-4\"  >\n\t\t\t\t<div class=\"col-inner\"  >\n\t\t\t\n\t<div class=\"is-border\"\n\t\tstyle=\"border-width:0px 0px 0px 0px;\">\n\t<\/div>\n\t\t\t\n\n\n\t\t<div class=\"icon-box featured-box icon-box-center text-center\"  style=\"margin:0px 0px 0px 0px;\">\n\t\t\t\t\t<div class=\"icon-box-img has-icon-bg\" style=\"width: 100px\">\n\t\t\t\t<div class=\"icon\">\n\t\t\t\t\t<div class=\"icon-inner\" style=\"border-width:2px;color:rgba(47, 159, 18, 0.88);\">\n\t\t\t\t\t\t<img loading=\"lazy\" decoding=\"async\" width=\"100\" height=\"100\" src=\"https:\/\/arturf.com\/wp-content\/uploads\/2018\/06\/Icon-Good-quality.png\" class=\"attachment-medium size-medium\" alt=\"\" srcset=\"https:\/\/arturf.com\/wp-content\/uploads\/2018\/06\/Icon-Good-quality.png 100w, https:\/\/arturf.com\/wp-content\/uploads\/2018\/06\/Icon-Good-quality-12x12.png 12w\" sizes=\"auto, (max-width: 100px) 100vw, 100px\" \/>\t\t\t\t\t<\/div>\n\t\t\t\t<\/div>\n\t\t\t<\/div>\n\t\t\t\t<div class=\"icon-box-text last-reset\">\n\t\t\t<h5 class=\"uppercase\">Qualidade Comprovada<\/h5>\t\t\t\t\t\t\n\n<p>Relva artificial premium com resist\u00eancia aos raios UV e ao desgaste. Garantias s\u00f3lidas garantem uma satisfa\u00e7\u00e3o duradoura.<\/p>\n\n\t\t<\/div>\n\t<\/div>\n\t\n\t\n\n\t\t<\/div>\n\t\t\t\t\t<\/div>\n\n\t\n\n\t<div id=\"col-380808621\" class=\"col medium-4 large-4\"  >\n\t\t\t\t<div class=\"col-inner\"  >\n\t\t\t\n\t<div class=\"is-border\"\n\t\tstyle=\"border-width:0px 0px 0px 0px;\">\n\t<\/div>\n\t\t\t\n\n\n\t\t<div class=\"icon-box featured-box icon-box-center text-center\"  style=\"margin:0px 0px 0px 0px;\">\n\t\t\t\t\t<div class=\"icon-box-img has-icon-bg\" style=\"width: 100px\">\n\t\t\t\t<div class=\"icon\">\n\t\t\t\t\t<div class=\"icon-inner\" style=\"border-width:2px;color:rgba(47, 159, 18, 0.88);\">\n\t\t\t\t\t\t<img loading=\"lazy\" decoding=\"async\" width=\"100\" height=\"100\" src=\"https:\/\/arturf.com\/wp-content\/uploads\/2018\/06\/Icon-Good-price.png\" class=\"attachment-medium size-medium\" alt=\"\" srcset=\"https:\/\/arturf.com\/wp-content\/uploads\/2018\/06\/Icon-Good-price.png 100w, https:\/\/arturf.com\/wp-content\/uploads\/2018\/06\/Icon-Good-price-12x12.png 12w\" sizes=\"auto, (max-width: 100px) 100vw, 100px\" \/>\t\t\t\t\t<\/div>\n\t\t\t\t<\/div>\n\t\t\t<\/div>\n\t\t\t\t<div class=\"icon-box-text last-reset\">\n\t\t\t<h5 class=\"uppercase\">Pre\u00e7os competitivos<\/h5>\t\t\t\t\t\t\n\n<p>Oferecemos pre\u00e7os competitivos, promovendo crescimento m\u00fatuo e sucesso de longo prazo com nossos estimados revendedores.<\/p>\n\n\t\t<\/div>\n\t<\/div>\n\t\n\t\n\n\t\t<\/div>\n\t\t\t\t\t<\/div>\n\n\t\n\n\t<div id=\"col-1323693945\" class=\"col medium-4 large-4\"  >\n\t\t\t\t<div class=\"col-inner\"  >\n\t\t\t\n\t<div class=\"is-border\"\n\t\tstyle=\"border-width:0px 0px 0px 0px;\">\n\t<\/div>\n\t\t\t\n\n\n\t\t<div class=\"icon-box featured-box icon-box-center text-center\"  style=\"margin:0px 0px 0px 0px;\">\n\t\t\t\t\t<div class=\"icon-box-img has-icon-bg\" style=\"width: 100px\">\n\t\t\t\t<div class=\"icon\">\n\t\t\t\t\t<div class=\"icon-inner\" style=\"border-width:2px;color:rgba(47, 159, 18, 0.88);\">\n\t\t\t\t\t\t<img loading=\"lazy\" decoding=\"async\" width=\"100\" height=\"100\" src=\"https:\/\/arturf.com\/wp-content\/uploads\/2018\/06\/Icon-tailor-made.png\" class=\"attachment-medium size-medium\" alt=\"\" srcset=\"https:\/\/arturf.com\/wp-content\/uploads\/2018\/06\/Icon-tailor-made.png 100w, https:\/\/arturf.com\/wp-content\/uploads\/2018\/06\/Icon-tailor-made-12x12.png 12w\" sizes=\"auto, (max-width: 100px) 100vw, 100px\" \/>\t\t\t\t\t<\/div>\n\t\t\t\t<\/div>\n\t\t\t<\/div>\n\t\t\t\t<div class=\"icon-box-text last-reset\">\n\t\t\t<h5 class=\"uppercase\">Solu\u00e7\u00f5es personalizadas<\/h5>\t\t\t\t\t\t\n\n<p>Desbloqueie o potencial do mercado com diversas op\u00e7\u00f5es de grama artificial. <a href=\"https:\/\/arturf.com\/pt\/buyers-guide\/customized-artificial-grass-products\/\">Adaptado a necessidades ou amostras exclusivas<\/a>.<\/p>\n\n\t\t<\/div>\n\t<\/div>\n\t\n\t\n\n\t\t<\/div>\n\t\t\t\t\t<\/div>\n\n\t\n\n<\/div>","protected":false},"excerpt":{"rendered":"<p>Decor \u00e9 uma op\u00e7\u00e3o not\u00e1vel de grama artificial projetada para imitar a apar\u00eancia de um carpete exuberante, ao mesmo tempo em que oferece um pre\u00e7o acess\u00edvel imbat\u00edvel. Com seu comprimento de fibra curta e pre\u00e7o acess\u00edvel, o Decor destina-se principalmente a fins decorativos e paisag\u00edsticos, tornando-o uma escolha ideal para uma variedade de aplica\u00e7\u00f5es.<\/p>","protected":false},"featured_media":17157,"template":"","meta":{"_seopress_robots_primary_cat":"","_seopress_titles_title":"Decor: Affordable Artificial Turf for Displays, Decoration, Events","_seopress_titles_desc":"Transform your spaces with affordable artificial turf for business displays, decoration, and events. Experience the elegance of carpet-like aesthetics.","_seopress_robots_index":""},"product_brand":[],"product_cat":[64],"product_tag":[],"class_list":{"0":"post-12663","1":"product","2":"type-product","3":"status-publish","4":"has-post-thumbnail","6":"product_cat-landscape","8":"first","9":"instock","10":"shipping-taxable","11":"product-type-simple"},"_links":{"self":[{"href":"https:\/\/arturf.com\/pt\/wp-json\/wp\/v2\/product\/12663","targetHints":{"allow":["GET"]}}],"collection":[{"href":"https:\/\/arturf.com\/pt\/wp-json\/wp\/v2\/product"}],"about":[{"href":"https:\/\/arturf.com\/pt\/wp-json\/wp\/v2\/types\/product"}],"wp:featuredmedia":[{"embeddable":true,"href":"https:\/\/arturf.com\/pt\/wp-json\/wp\/v2\/media\/17157"}],"wp:attachment":[{"href":"https:\/\/arturf.com\/pt\/wp-json\/wp\/v2\/media?parent=12663"}],"wp:term":[{"taxonomy":"product_brand","embeddable":true,"href":"https:\/\/arturf.com\/pt\/wp-json\/wp\/v2\/product_brand?post=12663"},{"taxonomy":"product_cat","embeddable":true,"href":"https:\/\/arturf.com\/pt\/wp-json\/wp\/v2\/product_cat?post=12663"},{"taxonomy":"product_tag","embeddable":true,"href":"https:\/\/arturf.com\/pt\/wp-json\/wp\/v2\/product_tag?post=12663"}],"curies":[{"name":"wp","href":"https:\/\/api.w.org\/{rel}","templated":true}]}}