{"id":13490,"date":"2020-12-07T14:25:30","date_gmt":"2020-12-07T06:25:30","guid":{"rendered":"https:\/\/arturf.com\/?post_type=product&#038;p=13490"},"modified":"2024-07-13T16:25:22","modified_gmt":"2024-07-13T08:25:22","slug":"sports-lighting","status":"publish","type":"product","link":"https:\/\/arturf.com\/pt\/product\/sports-lighting\/","title":{"rendered":"Ilumina\u00e7\u00e3o Desportiva"},"content":{"rendered":"<p>Experimente o auge da ilumina\u00e7\u00e3o desportiva com as nossas solu\u00e7\u00f5es LED premium. Colaboramos estreitamente com renomados fabricantes de ilumina\u00e7\u00e3o esportiva LED para oferecer tecnologia de ponta que aumenta a visibilidade e a efici\u00eancia do seu campo esportivo.<\/p>\n<h3>Por que escolher nossas luzes LED esportivas?<\/h3>\n<ol>\n<li>\n<p><strong>Parcerias de especialistas:<\/strong> Embora n\u00e3o produzamos holofotes LED, estabelecemos colabora\u00e7\u00f5es profundas com v\u00e1rios fornecedores de ilumina\u00e7\u00e3o desportiva de renome. Isso nos permite selecionar os produtos de ilumina\u00e7\u00e3o esportiva LED mais adequados para nossos valiosos clientes, garantindo o melhor desempenho e confiabilidade poss\u00edveis.<\/p>\n<\/li>\n<li>\n<p><strong>Garantia da Qualidade:<\/strong> Nossas parcerias de longo prazo garantem qualidade est\u00e1vel e pre\u00e7os competitivos, proporcionando valor excepcional sem comprometer o desempenho.<\/p>\n<\/li>\n<li>\n<p><strong>Solu\u00e7\u00f5es personalizadas:<\/strong> Adaptados para atender aos requisitos exclusivos do seu projeto, fornecemos simula\u00e7\u00e3o gratuita e relat\u00f3rios de an\u00e1lise fotom\u00e9trica. Isso garante desempenho ideal e solu\u00e7\u00f5es econ\u00f4micas adaptadas ao tamanho do campo, aos n\u00edveis de ilumin\u00e2ncia desejados, ao n\u00famero de postes de luz e \u00e0 altura dos postes.<\/p>\n<\/li>\n<li>\n<p><strong>Servi\u00e7o sem complica\u00e7\u00f5es:<\/strong> Como seu \u00fanico ponto de contato, o Arturf gerencia todos os aspectos do seu projeto de ilumina\u00e7\u00e3o, garantindo uma implementa\u00e7\u00e3o tranquila e bem-sucedida.<\/p>\n<\/li>\n<\/ol>\n<h3>Caracter\u00edsticas de nossos produtos de ilumina\u00e7\u00e3o LED esportiva:<\/h3>\n<ul>\n<li>\n<p><strong>Alta efici\u00eancia:<\/strong> Utilizando chips LED de alta qualidade, nossas luzes para est\u00e1dios atingem at\u00e9 150-160lm\/W, maximizando a economia de energia e descontos operacionais.<\/p>\n<\/li>\n<li>\n<p><strong>Design modular:<\/strong> A pot\u00eancia ajust\u00e1vel variando de 200W a 1800W permite flexibilidade no design e gerenciamento de energia.<\/p>\n<\/li>\n<li>\n<p><strong>Drivers confi\u00e1veis:<\/strong> Equipado com drivers de marcas renomadas como Meanwell, Inventronics ou Philips, garantindo alto fator de pot\u00eancia (&gt;0,9), baixa distor\u00e7\u00e3o harm\u00f4nica total (THD) e opera\u00e7\u00e3o sem cintila\u00e7\u00e3o.<\/p>\n<\/li>\n<li>\n<p><strong>Leve e dur\u00e1vel:<\/strong> Projetadas especificamente para ambientes esportivos, nossas luzes oferecem constru\u00e7\u00e3o robusta sem comprometer o desempenho.<\/p>\n<\/li>\n<li>\n<p><strong>\u00c2ngulos de feixe vers\u00e1teis:<\/strong> Escolha entre uma variedade de \u00e2ngulos de feixe para otimizar a distribui\u00e7\u00e3o de luz para diferentes tamanhos e configura\u00e7\u00f5es de campo, garantindo cobertura uniforme e brilho m\u00ednimo.<\/p>\n<\/li>\n<\/ul>\n<h3>Galeria de produtos<\/h3>\n<p>Explore a nossa sele\u00e7\u00e3o de solu\u00e7\u00f5es de ilumina\u00e7\u00e3o LED desportiva premium.<\/p>\n<div class=\"row\"  id=\"row-823565920\">\n\n\t<div id=\"col-1039529216\" class=\"col small-12 large-12\"  >\n\t\t\t\t<div class=\"col-inner\"  >\n\t\t\t\n\t\t\t\n\n  \n    <div class=\"row large-columns-3 medium-columns- small-columns-2\" >\n  <div class=\"gallery-col col\" >\n          <div class=\"col-inner\">\n            <a class=\"image-lightbox lightbox-gallery\" href=\"https:\/\/arturf.com\/wp-content\/uploads\/2020\/12\/Arturf-LED-Sports-Lighting-03.jpg\" title=\"\">            <div class=\"box has-hover gallery-box box-overlay dark\">\n              <div class=\"box-image image-cover\" style=\"padding-top:100%;\">\n                <img loading=\"lazy\" decoding=\"async\" width=\"500\" height=\"500\" src=\"https:\/\/arturf.com\/wp-content\/uploads\/2020\/12\/Arturf-LED-Sports-Lighting-03-500x500.jpg\" class=\"attachment-medium size-medium\" alt=\"\" ids=\"19851,19850,19849,13496,13497,13495\" columns=\"3\" image_height=\"100%\" srcset=\"https:\/\/arturf.com\/wp-content\/uploads\/2020\/12\/Arturf-LED-Sports-Lighting-03-500x500.jpg 500w, https:\/\/arturf.com\/wp-content\/uploads\/2020\/12\/Arturf-LED-Sports-Lighting-03-768x768.jpg 768w, https:\/\/arturf.com\/wp-content\/uploads\/2020\/12\/Arturf-LED-Sports-Lighting-03-12x12.jpg 12w, https:\/\/arturf.com\/wp-content\/uploads\/2020\/12\/Arturf-LED-Sports-Lighting-03-510x510.jpg 510w, https:\/\/arturf.com\/wp-content\/uploads\/2020\/12\/Arturf-LED-Sports-Lighting-03-100x100.jpg 100w, https:\/\/arturf.com\/wp-content\/uploads\/2020\/12\/Arturf-LED-Sports-Lighting-03.jpg 1000w\" sizes=\"auto, (max-width: 500px) 100vw, 500px\" \/>                                  <div class=\"overlay fill\"\n                      style=\"background-color: rgba(0,0,0,.15)\">\n                  <\/div>\n                                                              <\/div>\n              <div class=\"box-text text-left\" >\n                 <p><\/p>\n              <\/div>\n            <\/div>\n            <\/a>          <\/div>\n         <\/div><div class=\"gallery-col col\" >\n          <div class=\"col-inner\">\n            <a class=\"image-lightbox lightbox-gallery\" href=\"https:\/\/arturf.com\/wp-content\/uploads\/2020\/12\/Arturf-LED-Sports-Lighting-02.jpg\" title=\"\">            <div class=\"box has-hover gallery-box box-overlay dark\">\n              <div class=\"box-image image-cover\" style=\"padding-top:100%;\">\n                <img loading=\"lazy\" decoding=\"async\" width=\"500\" height=\"375\" src=\"https:\/\/arturf.com\/wp-content\/uploads\/2020\/12\/Arturf-LED-Sports-Lighting-02-500x375.jpg\" class=\"attachment-medium size-medium\" alt=\"\" ids=\"19851,19850,19849,13496,13497,13495\" columns=\"3\" image_height=\"100%\" srcset=\"https:\/\/arturf.com\/wp-content\/uploads\/2020\/12\/Arturf-LED-Sports-Lighting-02-500x375.jpg 500w, https:\/\/arturf.com\/wp-content\/uploads\/2020\/12\/Arturf-LED-Sports-Lighting-02-200x150.jpg 200w, https:\/\/arturf.com\/wp-content\/uploads\/2020\/12\/Arturf-LED-Sports-Lighting-02-768x575.jpg 768w, https:\/\/arturf.com\/wp-content\/uploads\/2020\/12\/Arturf-LED-Sports-Lighting-02-16x12.jpg 16w, https:\/\/arturf.com\/wp-content\/uploads\/2020\/12\/Arturf-LED-Sports-Lighting-02-350x263.jpg 350w, https:\/\/arturf.com\/wp-content\/uploads\/2020\/12\/Arturf-LED-Sports-Lighting-02-510x382.jpg 510w, https:\/\/arturf.com\/wp-content\/uploads\/2020\/12\/Arturf-LED-Sports-Lighting-02.jpg 1000w\" sizes=\"auto, (max-width: 500px) 100vw, 500px\" \/>                                  <div class=\"overlay fill\"\n                      style=\"background-color: rgba(0,0,0,.15)\">\n                  <\/div>\n                                                              <\/div>\n              <div class=\"box-text text-left\" >\n                 <p><\/p>\n              <\/div>\n            <\/div>\n            <\/a>          <\/div>\n         <\/div><div class=\"gallery-col col\" >\n          <div class=\"col-inner\">\n            <a class=\"image-lightbox lightbox-gallery\" href=\"https:\/\/arturf.com\/wp-content\/uploads\/2020\/12\/Arturf-LED-Sports-Lighting-01.jpg\" title=\"\">            <div class=\"box has-hover gallery-box box-overlay dark\">\n              <div class=\"box-image image-cover\" style=\"padding-top:100%;\">\n                <img loading=\"lazy\" decoding=\"async\" width=\"500\" height=\"500\" src=\"https:\/\/arturf.com\/wp-content\/uploads\/2020\/12\/Arturf-LED-Sports-Lighting-01-500x500.jpg\" class=\"attachment-medium size-medium\" alt=\"\" ids=\"19851,19850,19849,13496,13497,13495\" columns=\"3\" image_height=\"100%\" srcset=\"https:\/\/arturf.com\/wp-content\/uploads\/2020\/12\/Arturf-LED-Sports-Lighting-01-500x500.jpg 500w, https:\/\/arturf.com\/wp-content\/uploads\/2020\/12\/Arturf-LED-Sports-Lighting-01-768x768.jpg 768w, https:\/\/arturf.com\/wp-content\/uploads\/2020\/12\/Arturf-LED-Sports-Lighting-01-12x12.jpg 12w, https:\/\/arturf.com\/wp-content\/uploads\/2020\/12\/Arturf-LED-Sports-Lighting-01-510x510.jpg 510w, https:\/\/arturf.com\/wp-content\/uploads\/2020\/12\/Arturf-LED-Sports-Lighting-01-100x100.jpg 100w, https:\/\/arturf.com\/wp-content\/uploads\/2020\/12\/Arturf-LED-Sports-Lighting-01.jpg 1000w\" sizes=\"auto, (max-width: 500px) 100vw, 500px\" \/>                                  <div class=\"overlay fill\"\n                      style=\"background-color: rgba(0,0,0,.15)\">\n                  <\/div>\n                                                              <\/div>\n              <div class=\"box-text text-left\" >\n                 <p><\/p>\n              <\/div>\n            <\/div>\n            <\/a>          <\/div>\n         <\/div><div class=\"gallery-col col\" >\n          <div class=\"col-inner\">\n            <a class=\"image-lightbox lightbox-gallery\" href=\"https:\/\/arturf.com\/wp-content\/uploads\/2020\/12\/LED-SPORTS-LIGHTING-QC865.jpg\" title=\"\">            <div class=\"box has-hover gallery-box box-overlay dark\">\n              <div class=\"box-image image-cover\" style=\"padding-top:100%;\">\n                <img loading=\"lazy\" decoding=\"async\" width=\"300\" height=\"300\" src=\"https:\/\/arturf.com\/wp-content\/uploads\/2020\/12\/LED-SPORTS-LIGHTING-QC865-300x300.jpg\" class=\"attachment-medium size-medium\" alt=\"\" ids=\"19851,19850,19849,13496,13497,13495\" columns=\"3\" image_height=\"100%\" srcset=\"https:\/\/arturf.com\/wp-content\/uploads\/2020\/12\/LED-SPORTS-LIGHTING-QC865-300x300.jpg 300w, https:\/\/arturf.com\/wp-content\/uploads\/2020\/12\/LED-SPORTS-LIGHTING-QC865-768x768.jpg 768w, https:\/\/arturf.com\/wp-content\/uploads\/2020\/12\/LED-SPORTS-LIGHTING-QC865-12x12.jpg 12w, https:\/\/arturf.com\/wp-content\/uploads\/2020\/12\/LED-SPORTS-LIGHTING-QC865-510x510.jpg 510w, https:\/\/arturf.com\/wp-content\/uploads\/2020\/12\/LED-SPORTS-LIGHTING-QC865-100x100.jpg 100w, https:\/\/arturf.com\/wp-content\/uploads\/2020\/12\/LED-SPORTS-LIGHTING-QC865.jpg 800w\" sizes=\"auto, (max-width: 300px) 100vw, 300px\" \/>                                  <div class=\"overlay fill\"\n                      style=\"background-color: rgba(0,0,0,.15)\">\n                  <\/div>\n                                                              <\/div>\n              <div class=\"box-text text-left\" >\n                 <p><\/p>\n              <\/div>\n            <\/div>\n            <\/a>          <\/div>\n         <\/div><div class=\"gallery-col col\" >\n          <div class=\"col-inner\">\n            <a class=\"image-lightbox lightbox-gallery\" href=\"https:\/\/arturf.com\/wp-content\/uploads\/2020\/12\/LED-SPORTS-LIGHTING-QC866.jpg\" title=\"\">            <div class=\"box has-hover gallery-box box-overlay dark\">\n              <div class=\"box-image image-cover\" style=\"padding-top:100%;\">\n                <img loading=\"lazy\" decoding=\"async\" width=\"300\" height=\"300\" src=\"https:\/\/arturf.com\/wp-content\/uploads\/2020\/12\/LED-SPORTS-LIGHTING-QC866-300x300.jpg\" class=\"attachment-medium size-medium\" alt=\"\" ids=\"19851,19850,19849,13496,13497,13495\" columns=\"3\" image_height=\"100%\" srcset=\"https:\/\/arturf.com\/wp-content\/uploads\/2020\/12\/LED-SPORTS-LIGHTING-QC866-300x300.jpg 300w, https:\/\/arturf.com\/wp-content\/uploads\/2020\/12\/LED-SPORTS-LIGHTING-QC866-768x768.jpg 768w, https:\/\/arturf.com\/wp-content\/uploads\/2020\/12\/LED-SPORTS-LIGHTING-QC866-12x12.jpg 12w, https:\/\/arturf.com\/wp-content\/uploads\/2020\/12\/LED-SPORTS-LIGHTING-QC866-510x510.jpg 510w, https:\/\/arturf.com\/wp-content\/uploads\/2020\/12\/LED-SPORTS-LIGHTING-QC866-100x100.jpg 100w, https:\/\/arturf.com\/wp-content\/uploads\/2020\/12\/LED-SPORTS-LIGHTING-QC866.jpg 800w\" sizes=\"auto, (max-width: 300px) 100vw, 300px\" \/>                                  <div class=\"overlay fill\"\n                      style=\"background-color: rgba(0,0,0,.15)\">\n                  <\/div>\n                                                              <\/div>\n              <div class=\"box-text text-left\" >\n                 <p><\/p>\n              <\/div>\n            <\/div>\n            <\/a>          <\/div>\n         <\/div><div class=\"gallery-col col\" >\n          <div class=\"col-inner\">\n            <a class=\"image-lightbox lightbox-gallery\" href=\"https:\/\/arturf.com\/wp-content\/uploads\/2020\/12\/LED-SPORTS-LIGHTING-TLT337.png\" title=\"\">            <div class=\"box has-hover gallery-box box-overlay dark\">\n              <div class=\"box-image image-cover\" style=\"padding-top:100%;\">\n                <img loading=\"lazy\" decoding=\"async\" width=\"300\" height=\"300\" src=\"https:\/\/arturf.com\/wp-content\/uploads\/2020\/12\/LED-SPORTS-LIGHTING-TLT337-300x300.png\" class=\"attachment-medium size-medium\" alt=\"\" ids=\"19851,19850,19849,13496,13497,13495\" columns=\"3\" image_height=\"100%\" srcset=\"https:\/\/arturf.com\/wp-content\/uploads\/2020\/12\/LED-SPORTS-LIGHTING-TLT337-300x300.png 300w, https:\/\/arturf.com\/wp-content\/uploads\/2020\/12\/LED-SPORTS-LIGHTING-TLT337-768x768.png 768w, https:\/\/arturf.com\/wp-content\/uploads\/2020\/12\/LED-SPORTS-LIGHTING-TLT337-12x12.png 12w, https:\/\/arturf.com\/wp-content\/uploads\/2020\/12\/LED-SPORTS-LIGHTING-TLT337-510x510.png 510w, https:\/\/arturf.com\/wp-content\/uploads\/2020\/12\/LED-SPORTS-LIGHTING-TLT337-100x100.png 100w, https:\/\/arturf.com\/wp-content\/uploads\/2020\/12\/LED-SPORTS-LIGHTING-TLT337.png 800w\" sizes=\"auto, (max-width: 300px) 100vw, 300px\" \/>                                  <div class=\"overlay fill\"\n                      style=\"background-color: rgba(0,0,0,.15)\">\n                  <\/div>\n                                                              <\/div>\n              <div class=\"box-text text-left\" >\n                 <p><\/p>\n              <\/div>\n            <\/div>\n            <\/a>          <\/div>\n         <\/div><\/div>\n\t\t<\/div>\n\t\t\t\t\t<\/div>\n\n\t\n<\/div>\n<p class=\"lead\">Conclus\u00e3o<\/p>\n<p>Selecionar a ilumina\u00e7\u00e3o desportiva LED certa \u00e9 crucial para cumprir as normas regulamentares e melhorar a experi\u00eancia tanto dos jogadores como dos espectadores. Seja para campos escolares ou arenas nacionais, nossas solu\u00e7\u00f5es LED atendem a todos os n\u00edveis de jogo com precis\u00e3o e confiabilidade.<\/p>\n<p>Para mais informa\u00e7\u00f5es ou para come\u00e7ar a planear a sua solu\u00e7\u00e3o de ilumina\u00e7\u00e3o, contacte-nos em <a rel=\"noreferrer\">info@arturf.com<\/a>. Nossa equipe dedicada de engenharia e vendas est\u00e1 pronta para ajud\u00e1-lo.<\/p>\n<p class=\"lead\">Informa\u00e7\u00f5es Adicionais: Requisitos Lux para Ilumina\u00e7\u00e3o de Campo de Futebol<\/p>\n<p>Os requisitos de luxo para ilumina\u00e7\u00e3o de campos de futebol dependem do tipo de atividade e do n\u00edvel competitivo. aqui est\u00e3o alguns exemplos:<\/p>\n<ul>\n<li>Partidas recreativas: 200 lux<\/li>\n<li>Futebol do ensino m\u00e9dio ou universit\u00e1rio: 500 lux<\/li>\n<li>Ilumina\u00e7\u00e3o de transmiss\u00e3o padr\u00e3o: 200 fc<\/li>\n<li>Eventos televisionados: 1.500\u20132.000 lux<\/li>\n<li>Treinamento da Copa do Mundo ou pequenas competi\u00e7\u00f5es: 750 lux<\/li>\n<li>Pr\u00e1tica de jogo: 500 lux<\/li>\n<li>Treinamento padr\u00e3o: 300 lux<\/li>\n<\/ul>","protected":false},"excerpt":{"rendered":"<p>Melhore os seus campos desportivos com os nossos sistemas de ilumina\u00e7\u00e3o LED de \u00faltima gera\u00e7\u00e3o. Em parceria com fabricantes de primeira linha, oferecemos ilumina\u00e7\u00e3o personaliz\u00e1vel e de alta efici\u00eancia, adaptada \u00e0s suas necessidades espec\u00edficas. Desfrute de qualidade superior, pre\u00e7os competitivos e servi\u00e7o descomplicado com o Arturf.<\/p>","protected":false},"featured_media":13491,"template":"","meta":{"_seopress_robots_primary_cat":"","_seopress_titles_title":"","_seopress_titles_desc":"","_seopress_robots_index":""},"product_brand":[],"product_cat":[66],"product_tag":[],"class_list":{"0":"post-13490","1":"product","2":"type-product","3":"status-publish","4":"has-post-thumbnail","6":"product_cat-accessories","8":"first","9":"instock","10":"shipping-taxable","11":"product-type-simple"},"_links":{"self":[{"href":"https:\/\/arturf.com\/pt\/wp-json\/wp\/v2\/product\/13490","targetHints":{"allow":["GET"]}}],"collection":[{"href":"https:\/\/arturf.com\/pt\/wp-json\/wp\/v2\/product"}],"about":[{"href":"https:\/\/arturf.com\/pt\/wp-json\/wp\/v2\/types\/product"}],"wp:featuredmedia":[{"embeddable":true,"href":"https:\/\/arturf.com\/pt\/wp-json\/wp\/v2\/media\/13491"}],"wp:attachment":[{"href":"https:\/\/arturf.com\/pt\/wp-json\/wp\/v2\/media?parent=13490"}],"wp:term":[{"taxonomy":"product_brand","embeddable":true,"href":"https:\/\/arturf.com\/pt\/wp-json\/wp\/v2\/product_brand?post=13490"},{"taxonomy":"product_cat","embeddable":true,"href":"https:\/\/arturf.com\/pt\/wp-json\/wp\/v2\/product_cat?post=13490"},{"taxonomy":"product_tag","embeddable":true,"href":"https:\/\/arturf.com\/pt\/wp-json\/wp\/v2\/product_tag?post=13490"}],"curies":[{"name":"wp","href":"https:\/\/api.w.org\/{rel}","templated":true}]}}