{"id":13671,"date":"2021-01-08T11:05:09","date_gmt":"2021-01-08T03:05:09","guid":{"rendered":"https:\/\/arturf.com\/?post_type=product&#038;p=13671"},"modified":"2022-07-03T14:57:10","modified_gmt":"2022-07-03T06:57:10","slug":"artificial-hedge-mats","status":"publish","type":"product","link":"https:\/\/arturf.com\/pt\/product\/artificial-hedge-mats\/","title":{"rendered":"Esteiras para sebes artificiais"},"content":{"rendered":"<h3>Especifica\u00e7\u00f5es:<\/h3>\n<p><strong>Material:<\/strong> 100% novo PE novo<br \/><strong>Tamanho normal:<\/strong> 50 cm x 50 cm (20 \u2033 * 20 \u2033)<br \/><strong>Est\u00e1vel UV\/Resistente ao Fogo:<\/strong> Sim ou opcional<br \/><strong>Ocasi\u00e3o:<\/strong> Exterior; interior<br \/><strong>Garantia:<\/strong> 3 anos ao ar livre; interno 5 anos<br \/><strong>MOQ:<\/strong> 100 m2<\/p>\n<p>Os tapetes de sebes artificiais podem ser usados no interior para eventos e festas ou no exterior para uma tela permanente. Perfeito para design de interiores comercial.<\/p>\n<p>Uma variedade de produtos com folhas diferentes, que podem corresponder a quase todas as suas necessidades e gostos.<\/p>\n<p>Geralmente, nossas esteiras de cerca viva de buxo artificial s\u00e3o do tamanho regular de 50cmx50cm que podem ser personalizadas. Os tapetes se conectam com seguran\u00e7a e podem ser flexionados ou aparados para se ajustarem a formas ou superf\u00edcies irregulares. Cada folha \u00e9 moldada individualmente, garantindo que o produto final seja quase indistingu\u00edvel de uma sebe real.<\/p>\n<p>N\u00e3o importa o tamanho, forma ou escala do seu projeto, nossas esteiras sebes artificiais s\u00e3o a melhor maneira de trazer o verde exuberante de uma sebe luxuosa para qualquer espa\u00e7o.<\/p>\n<h3>Uma grande variedade de produtos<\/h3>\n<p>Uma grande variedade de tapetes artificiais feitos com diferentes tipos de folhas. Alguns tapetes est\u00e3o listados abaixo, entre em contato conosco para mais op\u00e7\u00f5es.<\/p>\n\n  \n    <div class=\"row large-columns-5 medium-columns-3 small-columns-2 slider row-slider slider-nav-reveal slider-nav-push\"  data-flickity-options='{&quot;imagesLoaded&quot;: true, &quot;groupCells&quot;: &quot;100%&quot;, &quot;dragThreshold&quot; : 5, &quot;cellAlign&quot;: &quot;left&quot;,&quot;wrapAround&quot;: true,&quot;prevNextButtons&quot;: true,&quot;percentPosition&quot;: true,&quot;pageDots&quot;: false, &quot;rightToLeft&quot;: false, &quot;autoPlay&quot; : false}' >\n\n  <div class=\"gallery-col col\" >\n          <div class=\"col-inner\">\n            <a class=\"image-lightbox lightbox-gallery\" href=\"https:\/\/arturf.com\/wp-content\/uploads\/2021\/01\/Artificial-Hedge-Milan-Green_\u526f\u672c.jpg\" title=\"\">            <div class=\"box has-hover gallery-box box-normal\">\n              <div class=\"box-image\" >\n                <img loading=\"lazy\" decoding=\"async\" width=\"300\" height=\"300\" src=\"https:\/\/arturf.com\/wp-content\/uploads\/2021\/01\/Artificial-Hedge-Milan-Green_\u526f\u672c-300x300.jpg\" class=\"attachment-medium size-medium\" alt=\"\" ids=\"13672,13681,13678,13677,14183,13679,14184,13680\" style=\"normal\" type=\"slider\" columns=\"5\" image_size=\"medium\" srcset=\"https:\/\/arturf.com\/wp-content\/uploads\/2021\/01\/Artificial-Hedge-Milan-Green_\u526f\u672c-300x300.jpg 300w, https:\/\/arturf.com\/wp-content\/uploads\/2021\/01\/Artificial-Hedge-Milan-Green_\u526f\u672c-768x768.jpg 768w, https:\/\/arturf.com\/wp-content\/uploads\/2021\/01\/Artificial-Hedge-Milan-Green_\u526f\u672c-12x12.jpg 12w, https:\/\/arturf.com\/wp-content\/uploads\/2021\/01\/Artificial-Hedge-Milan-Green_\u526f\u672c-510x510.jpg 510w, https:\/\/arturf.com\/wp-content\/uploads\/2021\/01\/Artificial-Hedge-Milan-Green_\u526f\u672c-100x100.jpg 100w, https:\/\/arturf.com\/wp-content\/uploads\/2021\/01\/Artificial-Hedge-Milan-Green_\u526f\u672c.jpg 800w\" sizes=\"auto, (max-width: 300px) 100vw, 300px\" \/>                                                              <\/div>\n              <div class=\"box-text text-left\" >\n                 <p><\/p>\n              <\/div>\n            <\/div>\n            <\/a>          <\/div>\n         <\/div><div class=\"gallery-col col\" >\n          <div class=\"col-inner\">\n            <a class=\"image-lightbox lightbox-gallery\" href=\"https:\/\/arturf.com\/wp-content\/uploads\/2021\/01\/M10.jpg\" title=\"\">            <div class=\"box has-hover gallery-box box-normal\">\n              <div class=\"box-image\" >\n                <img loading=\"lazy\" decoding=\"async\" width=\"300\" height=\"300\" src=\"https:\/\/arturf.com\/wp-content\/uploads\/2021\/01\/M10-300x300.jpg\" class=\"attachment-medium size-medium\" alt=\"\" ids=\"13672,13681,13678,13677,14183,13679,14184,13680\" style=\"normal\" type=\"slider\" columns=\"5\" image_size=\"medium\" srcset=\"https:\/\/arturf.com\/wp-content\/uploads\/2021\/01\/M10-300x300.jpg 300w, https:\/\/arturf.com\/wp-content\/uploads\/2021\/01\/M10-768x768.jpg 768w, https:\/\/arturf.com\/wp-content\/uploads\/2021\/01\/M10-12x12.jpg 12w, https:\/\/arturf.com\/wp-content\/uploads\/2021\/01\/M10-510x510.jpg 510w, https:\/\/arturf.com\/wp-content\/uploads\/2021\/01\/M10-100x100.jpg 100w, https:\/\/arturf.com\/wp-content\/uploads\/2021\/01\/M10.jpg 800w\" sizes=\"auto, (max-width: 300px) 100vw, 300px\" \/>                                                              <\/div>\n              <div class=\"box-text text-left\" >\n                 <p><\/p>\n              <\/div>\n            <\/div>\n            <\/a>          <\/div>\n         <\/div><div class=\"gallery-col col\" >\n          <div class=\"col-inner\">\n            <a class=\"image-lightbox lightbox-gallery\" href=\"https:\/\/arturf.com\/wp-content\/uploads\/2021\/01\/M3.jpg\" title=\"\">            <div class=\"box has-hover gallery-box box-normal\">\n              <div class=\"box-image\" >\n                <img loading=\"lazy\" decoding=\"async\" width=\"300\" height=\"300\" src=\"https:\/\/arturf.com\/wp-content\/uploads\/2021\/01\/M3-300x300.jpg\" class=\"attachment-medium size-medium\" alt=\"\" ids=\"13672,13681,13678,13677,14183,13679,14184,13680\" style=\"normal\" type=\"slider\" columns=\"5\" image_size=\"medium\" srcset=\"https:\/\/arturf.com\/wp-content\/uploads\/2021\/01\/M3-300x300.jpg 300w, https:\/\/arturf.com\/wp-content\/uploads\/2021\/01\/M3-768x768.jpg 768w, https:\/\/arturf.com\/wp-content\/uploads\/2021\/01\/M3-12x12.jpg 12w, https:\/\/arturf.com\/wp-content\/uploads\/2021\/01\/M3-510x510.jpg 510w, https:\/\/arturf.com\/wp-content\/uploads\/2021\/01\/M3-100x100.jpg 100w, https:\/\/arturf.com\/wp-content\/uploads\/2021\/01\/M3.jpg 800w\" sizes=\"auto, (max-width: 300px) 100vw, 300px\" \/>                                                              <\/div>\n              <div class=\"box-text text-left\" >\n                 <p><\/p>\n              <\/div>\n            <\/div>\n            <\/a>          <\/div>\n         <\/div><div class=\"gallery-col col\" >\n          <div class=\"col-inner\">\n            <a class=\"image-lightbox lightbox-gallery\" href=\"https:\/\/arturf.com\/wp-content\/uploads\/2021\/01\/M2.jpg\" title=\"\">            <div class=\"box has-hover gallery-box box-normal\">\n              <div class=\"box-image\" >\n                <img loading=\"lazy\" decoding=\"async\" width=\"300\" height=\"300\" src=\"https:\/\/arturf.com\/wp-content\/uploads\/2021\/01\/M2-300x300.jpg\" class=\"attachment-medium size-medium\" alt=\"\" ids=\"13672,13681,13678,13677,14183,13679,14184,13680\" style=\"normal\" type=\"slider\" columns=\"5\" image_size=\"medium\" srcset=\"https:\/\/arturf.com\/wp-content\/uploads\/2021\/01\/M2-300x300.jpg 300w, https:\/\/arturf.com\/wp-content\/uploads\/2021\/01\/M2-768x768.jpg 768w, https:\/\/arturf.com\/wp-content\/uploads\/2021\/01\/M2-12x12.jpg 12w, https:\/\/arturf.com\/wp-content\/uploads\/2021\/01\/M2-510x510.jpg 510w, https:\/\/arturf.com\/wp-content\/uploads\/2021\/01\/M2-100x100.jpg 100w, https:\/\/arturf.com\/wp-content\/uploads\/2021\/01\/M2.jpg 800w\" sizes=\"auto, (max-width: 300px) 100vw, 300px\" \/>                                                              <\/div>\n              <div class=\"box-text text-left\" >\n                 <p><\/p>\n              <\/div>\n            <\/div>\n            <\/a>          <\/div>\n         <\/div><div class=\"gallery-col col\" >\n          <div class=\"col-inner\">\n            <a class=\"image-lightbox lightbox-gallery\" href=\"https:\/\/arturf.com\/wp-content\/uploads\/2021\/04\/Lucky-Grass-Artificial-Hedge-Mats-Green.jpg\" title=\"\">            <div class=\"box has-hover gallery-box box-normal\">\n              <div class=\"box-image\" >\n                <img loading=\"lazy\" decoding=\"async\" width=\"300\" height=\"300\" src=\"https:\/\/arturf.com\/wp-content\/uploads\/2021\/04\/Lucky-Grass-Artificial-Hedge-Mats-Green-300x300.jpg\" class=\"attachment-medium size-medium\" alt=\"\" ids=\"13672,13681,13678,13677,14183,13679,14184,13680\" style=\"normal\" type=\"slider\" columns=\"5\" image_size=\"medium\" srcset=\"https:\/\/arturf.com\/wp-content\/uploads\/2021\/04\/Lucky-Grass-Artificial-Hedge-Mats-Green-300x300.jpg 300w, https:\/\/arturf.com\/wp-content\/uploads\/2021\/04\/Lucky-Grass-Artificial-Hedge-Mats-Green-768x768.jpg 768w, https:\/\/arturf.com\/wp-content\/uploads\/2021\/04\/Lucky-Grass-Artificial-Hedge-Mats-Green-12x12.jpg 12w, https:\/\/arturf.com\/wp-content\/uploads\/2021\/04\/Lucky-Grass-Artificial-Hedge-Mats-Green-510x510.jpg 510w, https:\/\/arturf.com\/wp-content\/uploads\/2021\/04\/Lucky-Grass-Artificial-Hedge-Mats-Green-100x100.jpg 100w, https:\/\/arturf.com\/wp-content\/uploads\/2021\/04\/Lucky-Grass-Artificial-Hedge-Mats-Green.jpg 800w\" sizes=\"auto, (max-width: 300px) 100vw, 300px\" \/>                                                              <\/div>\n              <div class=\"box-text text-left\" >\n                 <p><\/p>\n              <\/div>\n            <\/div>\n            <\/a>          <\/div>\n         <\/div><div class=\"gallery-col col\" >\n          <div class=\"col-inner\">\n            <a class=\"image-lightbox lightbox-gallery\" href=\"https:\/\/arturf.com\/wp-content\/uploads\/2021\/01\/M3-6.jpg\" title=\"\">            <div class=\"box has-hover gallery-box box-normal\">\n              <div class=\"box-image\" >\n                <img loading=\"lazy\" decoding=\"async\" width=\"300\" height=\"300\" src=\"https:\/\/arturf.com\/wp-content\/uploads\/2021\/01\/M3-6-300x300.jpg\" class=\"attachment-medium size-medium\" alt=\"\" ids=\"13672,13681,13678,13677,14183,13679,14184,13680\" style=\"normal\" type=\"slider\" columns=\"5\" image_size=\"medium\" srcset=\"https:\/\/arturf.com\/wp-content\/uploads\/2021\/01\/M3-6-300x300.jpg 300w, https:\/\/arturf.com\/wp-content\/uploads\/2021\/01\/M3-6-768x768.jpg 768w, https:\/\/arturf.com\/wp-content\/uploads\/2021\/01\/M3-6-12x12.jpg 12w, https:\/\/arturf.com\/wp-content\/uploads\/2021\/01\/M3-6-510x510.jpg 510w, https:\/\/arturf.com\/wp-content\/uploads\/2021\/01\/M3-6-100x100.jpg 100w, https:\/\/arturf.com\/wp-content\/uploads\/2021\/01\/M3-6.jpg 800w\" sizes=\"auto, (max-width: 300px) 100vw, 300px\" \/>                                                              <\/div>\n              <div class=\"box-text text-left\" >\n                 <p><\/p>\n              <\/div>\n            <\/div>\n            <\/a>          <\/div>\n         <\/div><div class=\"gallery-col col\" >\n          <div class=\"col-inner\">\n            <a class=\"image-lightbox lightbox-gallery\" href=\"https:\/\/arturf.com\/wp-content\/uploads\/2021\/04\/Lucky-Grass-Artificial-Hedge-Mats.jpg\" title=\"\">            <div class=\"box has-hover gallery-box box-normal\">\n              <div class=\"box-image\" >\n                <img loading=\"lazy\" decoding=\"async\" width=\"300\" height=\"300\" src=\"https:\/\/arturf.com\/wp-content\/uploads\/2021\/04\/Lucky-Grass-Artificial-Hedge-Mats-300x300.jpg\" class=\"attachment-medium size-medium\" alt=\"\" ids=\"13672,13681,13678,13677,14183,13679,14184,13680\" style=\"normal\" type=\"slider\" columns=\"5\" image_size=\"medium\" srcset=\"https:\/\/arturf.com\/wp-content\/uploads\/2021\/04\/Lucky-Grass-Artificial-Hedge-Mats-300x300.jpg 300w, https:\/\/arturf.com\/wp-content\/uploads\/2021\/04\/Lucky-Grass-Artificial-Hedge-Mats-768x768.jpg 768w, https:\/\/arturf.com\/wp-content\/uploads\/2021\/04\/Lucky-Grass-Artificial-Hedge-Mats-12x12.jpg 12w, https:\/\/arturf.com\/wp-content\/uploads\/2021\/04\/Lucky-Grass-Artificial-Hedge-Mats-510x510.jpg 510w, https:\/\/arturf.com\/wp-content\/uploads\/2021\/04\/Lucky-Grass-Artificial-Hedge-Mats-100x100.jpg 100w, https:\/\/arturf.com\/wp-content\/uploads\/2021\/04\/Lucky-Grass-Artificial-Hedge-Mats.jpg 800w\" sizes=\"auto, (max-width: 300px) 100vw, 300px\" \/>                                                              <\/div>\n              <div class=\"box-text text-left\" >\n                 <p><\/p>\n              <\/div>\n            <\/div>\n            <\/a>          <\/div>\n         <\/div><div class=\"gallery-col col\" >\n          <div class=\"col-inner\">\n            <a class=\"image-lightbox lightbox-gallery\" href=\"https:\/\/arturf.com\/wp-content\/uploads\/2021\/01\/M9.jpg\" title=\"\">            <div class=\"box has-hover gallery-box box-normal\">\n              <div class=\"box-image\" >\n                <img loading=\"lazy\" decoding=\"async\" width=\"300\" height=\"300\" src=\"https:\/\/arturf.com\/wp-content\/uploads\/2021\/01\/M9-300x300.jpg\" class=\"attachment-medium size-medium\" alt=\"\" ids=\"13672,13681,13678,13677,14183,13679,14184,13680\" style=\"normal\" type=\"slider\" columns=\"5\" image_size=\"medium\" srcset=\"https:\/\/arturf.com\/wp-content\/uploads\/2021\/01\/M9-300x300.jpg 300w, https:\/\/arturf.com\/wp-content\/uploads\/2021\/01\/M9-768x768.jpg 768w, https:\/\/arturf.com\/wp-content\/uploads\/2021\/01\/M9-12x12.jpg 12w, https:\/\/arturf.com\/wp-content\/uploads\/2021\/01\/M9-510x510.jpg 510w, https:\/\/arturf.com\/wp-content\/uploads\/2021\/01\/M9-100x100.jpg 100w, https:\/\/arturf.com\/wp-content\/uploads\/2021\/01\/M9.jpg 800w\" sizes=\"auto, (max-width: 300px) 100vw, 300px\" \/>                                                              <\/div>\n              <div class=\"box-text text-left\" >\n                 <p><\/p>\n              <\/div>\n            <\/div>\n            <\/a>          <\/div>\n         <\/div><\/div>","protected":false},"excerpt":{"rendered":"<p>A sebe artificial \u00e9 uma alternativa realista \u00e0 sebe viva que leva tempo a estabelecer-se e requer manuten\u00e7\u00e3o cont\u00ednua. Ideal para paredes e veda\u00e7\u00f5es existentes ou para proporcionar privacidade \u00e0 volta de piscinas e terra\u00e7os.<\/p>","protected":false},"featured_media":13672,"template":"","meta":{"_seopress_robots_primary_cat":"","_seopress_titles_title":"","_seopress_titles_desc":"","_seopress_robots_index":""},"product_brand":[],"product_cat":[782],"product_tag":[],"class_list":{"0":"post-13671","1":"product","2":"type-product","3":"status-publish","4":"has-post-thumbnail","6":"product_cat-artificial-hedge","8":"first","9":"instock","10":"shipping-taxable","11":"product-type-simple"},"_links":{"self":[{"href":"https:\/\/arturf.com\/pt\/wp-json\/wp\/v2\/product\/13671","targetHints":{"allow":["GET"]}}],"collection":[{"href":"https:\/\/arturf.com\/pt\/wp-json\/wp\/v2\/product"}],"about":[{"href":"https:\/\/arturf.com\/pt\/wp-json\/wp\/v2\/types\/product"}],"wp:featuredmedia":[{"embeddable":true,"href":"https:\/\/arturf.com\/pt\/wp-json\/wp\/v2\/media\/13672"}],"wp:attachment":[{"href":"https:\/\/arturf.com\/pt\/wp-json\/wp\/v2\/media?parent=13671"}],"wp:term":[{"taxonomy":"product_brand","embeddable":true,"href":"https:\/\/arturf.com\/pt\/wp-json\/wp\/v2\/product_brand?post=13671"},{"taxonomy":"product_cat","embeddable":true,"href":"https:\/\/arturf.com\/pt\/wp-json\/wp\/v2\/product_cat?post=13671"},{"taxonomy":"product_tag","embeddable":true,"href":"https:\/\/arturf.com\/pt\/wp-json\/wp\/v2\/product_tag?post=13671"}],"curies":[{"name":"wp","href":"https:\/\/api.w.org\/{rel}","templated":true}]}}