{"id":15483,"date":"2008-08-16T09:20:35","date_gmt":"2008-08-16T01:20:35","guid":{"rendered":"https:\/\/arturf.com\/?post_type=product&#038;p=15483"},"modified":"2022-07-08T12:43:31","modified_gmt":"2022-07-08T04:43:31","slug":"artificial-grass-logos-and-insignia-bespoke-logo-mats","status":"publish","type":"product","link":"https:\/\/arturf.com\/pt\/product\/artificial-grass-logos-and-insignia-bespoke-logo-mats\/","title":{"rendered":"Tapetes personalizados com logotipo"},"content":{"rendered":"<p>Quer seu logotipo incorporado em sua superf\u00edcie de grama artificial? Do logotipo da sua empresa para <a href=\"https:\/\/arturf.com\/pt\/landscape-grass\/hopscotch-a-great-addition-to-your-artificial-grass-playground\/\">amarelinha<\/a>, \u00e0s letras, as possibilidades s\u00e3o infinitas ...<\/p>\n<p>Por que usar um <a href=\"https:\/\/arturf.com\/pt\/info\/artificial-grass-logo\/\">logotipo de grama artificial<\/a> ou ins\u00edgnia? Os benef\u00edcios incluem:<\/p>\n<ul>\n<li>O logotipo de grama sint\u00e9tica se destacar\u00e1 como um local de neg\u00f3cios profissional e leg\u00edtimo.<\/li>\n<li>O logotipo de grama artificial aumentar\u00e1 o reconhecimento da marca da sua organiza\u00e7\u00e3o.<\/li>\n<li>Aumente o reconhecimento do nome com logotipos de grama sint\u00e9tica.<\/li>\n<li>Personalize sua organiza\u00e7\u00e3o de uma forma \u00fanica.<\/li>\n<\/ul>\n<p>Ao contr\u00e1rio dos logotipos embutidos manualmente, nossos produtos s\u00e3o feitos de fios coloridos de grama artificial com cores integradas, tufados com uma m\u00e1quina especial. Portanto, \u00e9 mais dur\u00e1vel e o padr\u00e3o n\u00e3o se rasga da grama artificial ao seu redor. Ao contr\u00e1rio das cores impressas, as cores s\u00e3o permanentes. Podemos reproduzir de forma confi\u00e1vel padr\u00f5es e formas complexos e intrincados de acordo com seus requisitos.<\/p>\n<h4>O padr\u00e3o do Logos \/ Ins\u00edgnia<\/h4>\n<p>Temos alguns padr\u00f5es populares, como &#039;sorriso&#039; e &#039;amarelinha&#039; para \u00e1reas de lazer, e tamb\u00e9m fornecemos logotipos personalizados e tapetes Insignia. Neste caso, \u00e9 necess\u00e1ria uma imagem de alta resolu\u00e7\u00e3o. Vamos verificar essa imagem primeiro e discutir mais detalhes.<\/p>\n<h4>Op\u00e7\u00f5es de cores:<\/h4>\n<p><img alt=\"\" loading=\"lazy\" decoding=\"async\" class=\"alignnone wp-image-17008 size-full\" src=\"https:\/\/arturf.com\/wp-content\/uploads\/2022\/06\/Artificial-Grass-Logo-Color-Options.jpg\" width=\"1000\" height=\"117\" srcset=\"https:\/\/arturf.com\/wp-content\/uploads\/2022\/06\/Artificial-Grass-Logo-Color-Options.jpg 1000w, https:\/\/arturf.com\/wp-content\/uploads\/2022\/06\/Artificial-Grass-Logo-Color-Options-300x35.jpg 300w, https:\/\/arturf.com\/wp-content\/uploads\/2022\/06\/Artificial-Grass-Logo-Color-Options-768x90.jpg 768w, https:\/\/arturf.com\/wp-content\/uploads\/2022\/06\/Artificial-Grass-Logo-Color-Options-18x2.jpg 18w, https:\/\/arturf.com\/wp-content\/uploads\/2022\/06\/Artificial-Grass-Logo-Color-Options-510x60.jpg 510w\" sizes=\"auto, (max-width: 1000px) 100vw, 1000px\" \/><\/p>\n<h4>Tamanho das esteiras<\/h4>\n<p>De um modo geral, a largura m\u00e1xima de um \u00fanico tapete \u00e9 de 2 metros. O comprimento pode ser feito como pedido. Se precisar de um tapete mais largo, podemos fazer dois ou mais tapetes. Voc\u00ea junta essas pe\u00e7as no local.<\/p>\n<h4>A altura da pilha das esteiras<\/h4>\n<p>Fornecemos logotipos com altura de pilha de 10 mm - 35 mm e tapetes Insignia.<\/p>\n<h4>Alguns exemplos:<\/h4>\n\n  \n    <div id=\"gallery-559625123\" class=\"row large-columns-6 medium-columns-3 small-columns-2 row-masonry\" data-packery-options='{\"itemSelector\": \".col\", \"gutter\": 0, \"presentageWidth\" : true}'>\n\n  <div class=\"gallery-col col\" >\n          <div class=\"col-inner\">\n            <a class=\"image-lightbox lightbox-gallery\" href=\"https:\/\/arturf.com\/wp-content\/uploads\/2022\/05\/Artificial-Grass-Logo-Sunflower-Smile.jpg\" title=\"\">            <div class=\"box has-hover gallery-box box-default\">\n              <div class=\"box-image image-cover\" style=\"padding-top:75%;\">\n                <img loading=\"lazy\" decoding=\"async\" width=\"225\" height=\"300\" src=\"https:\/\/arturf.com\/wp-content\/uploads\/2022\/05\/Artificial-Grass-Logo-Sunflower-Smile-225x300.jpg\" class=\"attachment-medium size-medium\" alt=\"\" ids=\"16973,16969,16968,16970,16972,15501,16971,15499,15500,15502,15503,15498\" style=\"default\" type=\"masonry\" columns=\"6\" image_height=\"75%\" srcset=\"https:\/\/arturf.com\/wp-content\/uploads\/2022\/05\/Artificial-Grass-Logo-Sunflower-Smile-225x300.jpg 225w, https:\/\/arturf.com\/wp-content\/uploads\/2022\/05\/Artificial-Grass-Logo-Sunflower-Smile-9x12.jpg 9w, https:\/\/arturf.com\/wp-content\/uploads\/2022\/05\/Artificial-Grass-Logo-Sunflower-Smile-510x680.jpg 510w, https:\/\/arturf.com\/wp-content\/uploads\/2022\/05\/Artificial-Grass-Logo-Sunflower-Smile.jpg 750w\" sizes=\"auto, (max-width: 225px) 100vw, 225px\" \/>                                                              <\/div>\n              <div class=\"box-text text-left\" >\n                 <p><\/p>\n              <\/div>\n            <\/div>\n            <\/a>          <\/div>\n         <\/div><div class=\"gallery-col col\" >\n          <div class=\"col-inner\">\n            <a class=\"image-lightbox lightbox-gallery\" href=\"https:\/\/arturf.com\/wp-content\/uploads\/2022\/05\/Artificial-Grass-Logo-Mat-Kids-Play.jpg\" title=\"\">            <div class=\"box has-hover gallery-box box-default\">\n              <div class=\"box-image image-cover\" style=\"padding-top:75%;\">\n                <img loading=\"lazy\" decoding=\"async\" width=\"225\" height=\"300\" src=\"https:\/\/arturf.com\/wp-content\/uploads\/2022\/05\/Artificial-Grass-Logo-Mat-Kids-Play-225x300.jpg\" class=\"attachment-medium size-medium\" alt=\"\" ids=\"16973,16969,16968,16970,16972,15501,16971,15499,15500,15502,15503,15498\" style=\"default\" type=\"masonry\" columns=\"6\" image_height=\"75%\" srcset=\"https:\/\/arturf.com\/wp-content\/uploads\/2022\/05\/Artificial-Grass-Logo-Mat-Kids-Play-225x300.jpg 225w, https:\/\/arturf.com\/wp-content\/uploads\/2022\/05\/Artificial-Grass-Logo-Mat-Kids-Play-9x12.jpg 9w, https:\/\/arturf.com\/wp-content\/uploads\/2022\/05\/Artificial-Grass-Logo-Mat-Kids-Play-510x680.jpg 510w, https:\/\/arturf.com\/wp-content\/uploads\/2022\/05\/Artificial-Grass-Logo-Mat-Kids-Play.jpg 600w\" sizes=\"auto, (max-width: 225px) 100vw, 225px\" \/>                                                              <\/div>\n              <div class=\"box-text text-left\" >\n                 <p><\/p>\n              <\/div>\n            <\/div>\n            <\/a>          <\/div>\n         <\/div><div class=\"gallery-col col\" >\n          <div class=\"col-inner\">\n            <a class=\"image-lightbox lightbox-gallery\" href=\"https:\/\/arturf.com\/wp-content\/uploads\/2008\/08\/Bespoke-Logo-Lawn-for-GYM-mats.jpg\" title=\"\">            <div class=\"box has-hover gallery-box box-default\">\n              <div class=\"box-image image-cover\" style=\"padding-top:75%;\">\n                <img loading=\"lazy\" decoding=\"async\" width=\"300\" height=\"225\" src=\"https:\/\/arturf.com\/wp-content\/uploads\/2008\/08\/Bespoke-Logo-Lawn-for-GYM-mats-300x225.jpg\" class=\"attachment-medium size-medium\" alt=\"\" ids=\"16973,16969,16968,16970,16972,15501,16971,15499,15500,15502,15503,15498\" style=\"default\" type=\"masonry\" columns=\"6\" image_height=\"75%\" srcset=\"https:\/\/arturf.com\/wp-content\/uploads\/2008\/08\/Bespoke-Logo-Lawn-for-GYM-mats-300x225.jpg 300w, https:\/\/arturf.com\/wp-content\/uploads\/2008\/08\/Bespoke-Logo-Lawn-for-GYM-mats-200x150.jpg 200w, https:\/\/arturf.com\/wp-content\/uploads\/2008\/08\/Bespoke-Logo-Lawn-for-GYM-mats-768x576.jpg 768w, https:\/\/arturf.com\/wp-content\/uploads\/2008\/08\/Bespoke-Logo-Lawn-for-GYM-mats-16x12.jpg 16w, https:\/\/arturf.com\/wp-content\/uploads\/2008\/08\/Bespoke-Logo-Lawn-for-GYM-mats-350x263.jpg 350w, https:\/\/arturf.com\/wp-content\/uploads\/2008\/08\/Bespoke-Logo-Lawn-for-GYM-mats-510x383.jpg 510w, https:\/\/arturf.com\/wp-content\/uploads\/2008\/08\/Bespoke-Logo-Lawn-for-GYM-mats.jpg 800w\" sizes=\"auto, (max-width: 300px) 100vw, 300px\" \/>                                                              <\/div>\n              <div class=\"box-text text-left\" >\n                 <p><\/p>\n              <\/div>\n            <\/div>\n            <\/a>          <\/div>\n         <\/div><div class=\"gallery-col col\" >\n          <div class=\"col-inner\">\n            <a class=\"image-lightbox lightbox-gallery\" href=\"https:\/\/arturf.com\/wp-content\/uploads\/2022\/05\/Artificial-Lawn-Logo-PCYC-Queensland.jpg\" title=\"\">            <div class=\"box has-hover gallery-box box-default\">\n              <div class=\"box-image image-cover\" style=\"padding-top:75%;\">\n                <img loading=\"lazy\" decoding=\"async\" width=\"225\" height=\"300\" src=\"https:\/\/arturf.com\/wp-content\/uploads\/2022\/05\/Artificial-Lawn-Logo-PCYC-Queensland-225x300.jpg\" class=\"attachment-medium size-medium\" alt=\"\" ids=\"16973,16969,16968,16970,16972,15501,16971,15499,15500,15502,15503,15498\" style=\"default\" type=\"masonry\" columns=\"6\" image_height=\"75%\" srcset=\"https:\/\/arturf.com\/wp-content\/uploads\/2022\/05\/Artificial-Lawn-Logo-PCYC-Queensland-225x300.jpg 225w, https:\/\/arturf.com\/wp-content\/uploads\/2022\/05\/Artificial-Lawn-Logo-PCYC-Queensland-9x12.jpg 9w, https:\/\/arturf.com\/wp-content\/uploads\/2022\/05\/Artificial-Lawn-Logo-PCYC-Queensland-510x681.jpg 510w, https:\/\/arturf.com\/wp-content\/uploads\/2022\/05\/Artificial-Lawn-Logo-PCYC-Queensland.jpg 599w\" sizes=\"auto, (max-width: 225px) 100vw, 225px\" \/>                                                              <\/div>\n              <div class=\"box-text text-left\" >\n                 <p><\/p>\n              <\/div>\n            <\/div>\n            <\/a>          <\/div>\n         <\/div><div class=\"gallery-col col\" >\n          <div class=\"col-inner\">\n            <a class=\"image-lightbox lightbox-gallery\" href=\"https:\/\/arturf.com\/wp-content\/uploads\/2022\/05\/Artificial-Grass-Logo-Mat.jpg\" title=\"\">            <div class=\"box has-hover gallery-box box-default\">\n              <div class=\"box-image image-cover\" style=\"padding-top:75%;\">\n                <img loading=\"lazy\" decoding=\"async\" width=\"225\" height=\"300\" src=\"https:\/\/arturf.com\/wp-content\/uploads\/2022\/05\/Artificial-Grass-Logo-Mat-225x300.jpg\" class=\"attachment-medium size-medium\" alt=\"\" ids=\"16973,16969,16968,16970,16972,15501,16971,15499,15500,15502,15503,15498\" style=\"default\" type=\"masonry\" columns=\"6\" image_height=\"75%\" srcset=\"https:\/\/arturf.com\/wp-content\/uploads\/2022\/05\/Artificial-Grass-Logo-Mat-225x300.jpg 225w, https:\/\/arturf.com\/wp-content\/uploads\/2022\/05\/Artificial-Grass-Logo-Mat-9x12.jpg 9w, https:\/\/arturf.com\/wp-content\/uploads\/2022\/05\/Artificial-Grass-Logo-Mat-510x680.jpg 510w, https:\/\/arturf.com\/wp-content\/uploads\/2022\/05\/Artificial-Grass-Logo-Mat.jpg 750w\" sizes=\"auto, (max-width: 225px) 100vw, 225px\" \/>                                                              <\/div>\n              <div class=\"box-text text-left\" >\n                 <p><\/p>\n              <\/div>\n            <\/div>\n            <\/a>          <\/div>\n         <\/div><div class=\"gallery-col col\" >\n          <div class=\"col-inner\">\n            <a class=\"image-lightbox lightbox-gallery\" href=\"https:\/\/arturf.com\/wp-content\/uploads\/2021\/08\/Artificial-Grass-Logos-and-Insignia-6.jpg\" title=\"\">            <div class=\"box has-hover gallery-box box-default\">\n              <div class=\"box-image image-cover\" style=\"padding-top:75%;\">\n                <img loading=\"lazy\" decoding=\"async\" width=\"215\" height=\"300\" src=\"https:\/\/arturf.com\/wp-content\/uploads\/2021\/08\/Artificial-Grass-Logos-and-Insignia-6-215x300.jpg\" class=\"attachment-medium size-medium\" alt=\"\" ids=\"16973,16969,16968,16970,16972,15501,16971,15499,15500,15502,15503,15498\" style=\"default\" type=\"masonry\" columns=\"6\" image_height=\"75%\" srcset=\"https:\/\/arturf.com\/wp-content\/uploads\/2021\/08\/Artificial-Grass-Logos-and-Insignia-6-215x300.jpg 215w, https:\/\/arturf.com\/wp-content\/uploads\/2021\/08\/Artificial-Grass-Logos-and-Insignia-6-9x12.jpg 9w, https:\/\/arturf.com\/wp-content\/uploads\/2021\/08\/Artificial-Grass-Logos-and-Insignia-6-510x713.jpg 510w, https:\/\/arturf.com\/wp-content\/uploads\/2021\/08\/Artificial-Grass-Logos-and-Insignia-6.jpg 572w\" sizes=\"auto, (max-width: 215px) 100vw, 215px\" \/>                                                              <\/div>\n              <div class=\"box-text text-left\" >\n                 <p><\/p>\n              <\/div>\n            <\/div>\n            <\/a>          <\/div>\n         <\/div><div class=\"gallery-col col\" >\n          <div class=\"col-inner\">\n            <a class=\"image-lightbox lightbox-gallery\" href=\"https:\/\/arturf.com\/wp-content\/uploads\/2022\/05\/Artificial-Grass-Logo-GYM-Mats.jpg\" title=\"\">            <div class=\"box has-hover gallery-box box-default\">\n              <div class=\"box-image image-cover\" style=\"padding-top:75%;\">\n                <img loading=\"lazy\" decoding=\"async\" width=\"225\" height=\"300\" src=\"https:\/\/arturf.com\/wp-content\/uploads\/2022\/05\/Artificial-Grass-Logo-GYM-Mats-225x300.jpg\" class=\"attachment-medium size-medium\" alt=\"\" ids=\"16973,16969,16968,16970,16972,15501,16971,15499,15500,15502,15503,15498\" style=\"default\" type=\"masonry\" columns=\"6\" image_height=\"75%\" srcset=\"https:\/\/arturf.com\/wp-content\/uploads\/2022\/05\/Artificial-Grass-Logo-GYM-Mats-225x300.jpg 225w, https:\/\/arturf.com\/wp-content\/uploads\/2022\/05\/Artificial-Grass-Logo-GYM-Mats-9x12.jpg 9w, https:\/\/arturf.com\/wp-content\/uploads\/2022\/05\/Artificial-Grass-Logo-GYM-Mats-510x681.jpg 510w, https:\/\/arturf.com\/wp-content\/uploads\/2022\/05\/Artificial-Grass-Logo-GYM-Mats.jpg 749w\" sizes=\"auto, (max-width: 225px) 100vw, 225px\" \/>                                                              <\/div>\n              <div class=\"box-text text-left\" >\n                 <p><\/p>\n              <\/div>\n            <\/div>\n            <\/a>          <\/div>\n         <\/div><div class=\"gallery-col col\" >\n          <div class=\"col-inner\">\n            <a class=\"image-lightbox lightbox-gallery\" href=\"https:\/\/arturf.com\/wp-content\/uploads\/2021\/08\/Artificial-Grass-Logos-and-Insignia-4-809x1024.jpg\" title=\"\">            <div class=\"box has-hover gallery-box box-default\">\n              <div class=\"box-image image-cover\" style=\"padding-top:75%;\">\n                <img loading=\"lazy\" decoding=\"async\" width=\"237\" height=\"300\" src=\"https:\/\/arturf.com\/wp-content\/uploads\/2021\/08\/Artificial-Grass-Logos-and-Insignia-4-237x300.jpg\" class=\"attachment-medium size-medium\" alt=\"\" ids=\"16973,16969,16968,16970,16972,15501,16971,15499,15500,15502,15503,15498\" style=\"default\" type=\"masonry\" columns=\"6\" image_height=\"75%\" srcset=\"https:\/\/arturf.com\/wp-content\/uploads\/2021\/08\/Artificial-Grass-Logos-and-Insignia-4-237x300.jpg 237w, https:\/\/arturf.com\/wp-content\/uploads\/2021\/08\/Artificial-Grass-Logos-and-Insignia-4-809x1024.jpg 809w, https:\/\/arturf.com\/wp-content\/uploads\/2021\/08\/Artificial-Grass-Logos-and-Insignia-4-768x972.jpg 768w, https:\/\/arturf.com\/wp-content\/uploads\/2021\/08\/Artificial-Grass-Logos-and-Insignia-4-9x12.jpg 9w, https:\/\/arturf.com\/wp-content\/uploads\/2021\/08\/Artificial-Grass-Logos-and-Insignia-4-510x645.jpg 510w, https:\/\/arturf.com\/wp-content\/uploads\/2021\/08\/Artificial-Grass-Logos-and-Insignia-4.jpg 1000w\" sizes=\"auto, (max-width: 237px) 100vw, 237px\" \/>                                                              <\/div>\n              <div class=\"box-text text-left\" >\n                 <p><\/p>\n              <\/div>\n            <\/div>\n            <\/a>          <\/div>\n         <\/div><div class=\"gallery-col col\" >\n          <div class=\"col-inner\">\n            <a class=\"image-lightbox lightbox-gallery\" href=\"https:\/\/arturf.com\/wp-content\/uploads\/2021\/08\/Artificial-Grass-Logos-and-Insignia-5.jpg\" title=\"\">            <div class=\"box has-hover gallery-box box-default\">\n              <div class=\"box-image image-cover\" style=\"padding-top:75%;\">\n                <img loading=\"lazy\" decoding=\"async\" width=\"300\" height=\"106\" src=\"https:\/\/arturf.com\/wp-content\/uploads\/2021\/08\/Artificial-Grass-Logos-and-Insignia-5-300x106.jpg\" class=\"attachment-medium size-medium\" alt=\"\" ids=\"16973,16969,16968,16970,16972,15501,16971,15499,15500,15502,15503,15498\" style=\"default\" type=\"masonry\" columns=\"6\" image_height=\"75%\" srcset=\"https:\/\/arturf.com\/wp-content\/uploads\/2021\/08\/Artificial-Grass-Logos-and-Insignia-5-300x106.jpg 300w, https:\/\/arturf.com\/wp-content\/uploads\/2021\/08\/Artificial-Grass-Logos-and-Insignia-5-768x270.jpg 768w, https:\/\/arturf.com\/wp-content\/uploads\/2021\/08\/Artificial-Grass-Logos-and-Insignia-5-18x6.jpg 18w, https:\/\/arturf.com\/wp-content\/uploads\/2021\/08\/Artificial-Grass-Logos-and-Insignia-5-510x180.jpg 510w, https:\/\/arturf.com\/wp-content\/uploads\/2021\/08\/Artificial-Grass-Logos-and-Insignia-5.jpg 1000w\" sizes=\"auto, (max-width: 300px) 100vw, 300px\" \/>                                                              <\/div>\n              <div class=\"box-text text-left\" >\n                 <p><\/p>\n              <\/div>\n            <\/div>\n            <\/a>          <\/div>\n         <\/div><div class=\"gallery-col col\" >\n          <div class=\"col-inner\">\n            <a class=\"image-lightbox lightbox-gallery\" href=\"https:\/\/arturf.com\/wp-content\/uploads\/2021\/08\/Artificial-Grass-Logos-and-Insignia-1.jpg\" title=\"\">            <div class=\"box has-hover gallery-box box-default\">\n              <div class=\"box-image image-cover\" style=\"padding-top:75%;\">\n                <img loading=\"lazy\" decoding=\"async\" width=\"300\" height=\"300\" src=\"https:\/\/arturf.com\/wp-content\/uploads\/2021\/08\/Artificial-Grass-Logos-and-Insignia-1-300x300.jpg\" class=\"attachment-medium size-medium\" alt=\"\" ids=\"16973,16969,16968,16970,16972,15501,16971,15499,15500,15502,15503,15498\" style=\"default\" type=\"masonry\" columns=\"6\" image_height=\"75%\" srcset=\"https:\/\/arturf.com\/wp-content\/uploads\/2021\/08\/Artificial-Grass-Logos-and-Insignia-1-300x300.jpg 300w, https:\/\/arturf.com\/wp-content\/uploads\/2021\/08\/Artificial-Grass-Logos-and-Insignia-1-768x768.jpg 768w, https:\/\/arturf.com\/wp-content\/uploads\/2021\/08\/Artificial-Grass-Logos-and-Insignia-1-12x12.jpg 12w, https:\/\/arturf.com\/wp-content\/uploads\/2021\/08\/Artificial-Grass-Logos-and-Insignia-1-510x510.jpg 510w, https:\/\/arturf.com\/wp-content\/uploads\/2021\/08\/Artificial-Grass-Logos-and-Insignia-1-100x100.jpg 100w, https:\/\/arturf.com\/wp-content\/uploads\/2021\/08\/Artificial-Grass-Logos-and-Insignia-1.jpg 800w\" sizes=\"auto, (max-width: 300px) 100vw, 300px\" \/>                                                              <\/div>\n              <div class=\"box-text text-left\" >\n                 <p><\/p>\n              <\/div>\n            <\/div>\n            <\/a>          <\/div>\n         <\/div><div class=\"gallery-col col\" >\n          <div class=\"col-inner\">\n            <a class=\"image-lightbox lightbox-gallery\" href=\"https:\/\/arturf.com\/wp-content\/uploads\/2021\/08\/Artificial-Grass-Logos-and-Insignia-2.jpg\" title=\"\">            <div class=\"box has-hover gallery-box box-default\">\n              <div class=\"box-image image-cover\" style=\"padding-top:75%;\">\n                <img loading=\"lazy\" decoding=\"async\" width=\"300\" height=\"300\" src=\"https:\/\/arturf.com\/wp-content\/uploads\/2021\/08\/Artificial-Grass-Logos-and-Insignia-2-300x300.jpg\" class=\"attachment-medium size-medium\" alt=\"\" ids=\"16973,16969,16968,16970,16972,15501,16971,15499,15500,15502,15503,15498\" style=\"default\" type=\"masonry\" columns=\"6\" image_height=\"75%\" srcset=\"https:\/\/arturf.com\/wp-content\/uploads\/2021\/08\/Artificial-Grass-Logos-and-Insignia-2-300x300.jpg 300w, https:\/\/arturf.com\/wp-content\/uploads\/2021\/08\/Artificial-Grass-Logos-and-Insignia-2-768x768.jpg 768w, https:\/\/arturf.com\/wp-content\/uploads\/2021\/08\/Artificial-Grass-Logos-and-Insignia-2-12x12.jpg 12w, https:\/\/arturf.com\/wp-content\/uploads\/2021\/08\/Artificial-Grass-Logos-and-Insignia-2-510x510.jpg 510w, https:\/\/arturf.com\/wp-content\/uploads\/2021\/08\/Artificial-Grass-Logos-and-Insignia-2-100x100.jpg 100w, https:\/\/arturf.com\/wp-content\/uploads\/2021\/08\/Artificial-Grass-Logos-and-Insignia-2.jpg 800w\" sizes=\"auto, (max-width: 300px) 100vw, 300px\" \/>                                                              <\/div>\n              <div class=\"box-text text-left\" >\n                 <p><\/p>\n              <\/div>\n            <\/div>\n            <\/a>          <\/div>\n         <\/div><div class=\"gallery-col col\" >\n          <div class=\"col-inner\">\n            <a class=\"image-lightbox lightbox-gallery\" href=\"https:\/\/arturf.com\/wp-content\/uploads\/2021\/08\/Artificial-Grass-Logos-and-Insignia-3.jpg\" title=\"\">            <div class=\"box has-hover gallery-box box-default\">\n              <div class=\"box-image image-cover\" style=\"padding-top:75%;\">\n                <img loading=\"lazy\" decoding=\"async\" width=\"300\" height=\"300\" src=\"https:\/\/arturf.com\/wp-content\/uploads\/2021\/08\/Artificial-Grass-Logos-and-Insignia-3-300x300.jpg\" class=\"attachment-medium size-medium\" alt=\"\" ids=\"16973,16969,16968,16970,16972,15501,16971,15499,15500,15502,15503,15498\" style=\"default\" type=\"masonry\" columns=\"6\" image_height=\"75%\" srcset=\"https:\/\/arturf.com\/wp-content\/uploads\/2021\/08\/Artificial-Grass-Logos-and-Insignia-3-300x300.jpg 300w, https:\/\/arturf.com\/wp-content\/uploads\/2021\/08\/Artificial-Grass-Logos-and-Insignia-3-768x766.jpg 768w, https:\/\/arturf.com\/wp-content\/uploads\/2021\/08\/Artificial-Grass-Logos-and-Insignia-3-12x12.jpg 12w, https:\/\/arturf.com\/wp-content\/uploads\/2021\/08\/Artificial-Grass-Logos-and-Insignia-3-510x509.jpg 510w, https:\/\/arturf.com\/wp-content\/uploads\/2021\/08\/Artificial-Grass-Logos-and-Insignia-3-100x100.jpg 100w, https:\/\/arturf.com\/wp-content\/uploads\/2021\/08\/Artificial-Grass-Logos-and-Insignia-3.jpg 800w\" sizes=\"auto, (max-width: 300px) 100vw, 300px\" \/>                                                              <\/div>\n              <div class=\"box-text text-left\" >\n                 <p><\/p>\n              <\/div>\n            <\/div>\n            <\/a>          <\/div>\n         <\/div><\/div>","protected":false},"excerpt":{"rendered":"<p>Um logotipo ou ins\u00edgnia de grama artificial pode ser usado individualmente para mostrar sua marca, ou decora\u00e7\u00e3o, ou embutido em um campo de grama sint\u00e9tica. De qualquer forma, vai melhorar a impress\u00e3o de sua propriedade. Ao contr\u00e1rio das cores impressas, as cores dos nossos log\u00f3tipos e ins\u00edgnias de relva artificial s\u00e3o permanentes.<\/p>","protected":false},"featured_media":15486,"template":"","meta":{"_seopress_robots_primary_cat":"","_seopress_titles_title":"Artificial Grass Logos and Insignia \/Bespoke Logo Mats","_seopress_titles_desc":"","_seopress_robots_index":""},"product_brand":[],"product_cat":[64,66],"product_tag":[],"class_list":{"0":"post-15483","1":"product","2":"type-product","3":"status-publish","4":"has-post-thumbnail","6":"product_cat-landscape","7":"product_cat-accessories","9":"first","10":"instock","11":"shipping-taxable","12":"product-type-simple"},"_links":{"self":[{"href":"https:\/\/arturf.com\/pt\/wp-json\/wp\/v2\/product\/15483","targetHints":{"allow":["GET"]}}],"collection":[{"href":"https:\/\/arturf.com\/pt\/wp-json\/wp\/v2\/product"}],"about":[{"href":"https:\/\/arturf.com\/pt\/wp-json\/wp\/v2\/types\/product"}],"wp:featuredmedia":[{"embeddable":true,"href":"https:\/\/arturf.com\/pt\/wp-json\/wp\/v2\/media\/15486"}],"wp:attachment":[{"href":"https:\/\/arturf.com\/pt\/wp-json\/wp\/v2\/media?parent=15483"}],"wp:term":[{"taxonomy":"product_brand","embeddable":true,"href":"https:\/\/arturf.com\/pt\/wp-json\/wp\/v2\/product_brand?post=15483"},{"taxonomy":"product_cat","embeddable":true,"href":"https:\/\/arturf.com\/pt\/wp-json\/wp\/v2\/product_cat?post=15483"},{"taxonomy":"product_tag","embeddable":true,"href":"https:\/\/arturf.com\/pt\/wp-json\/wp\/v2\/product_tag?post=15483"}],"curies":[{"name":"wp","href":"https:\/\/api.w.org\/{rel}","templated":true}]}}