{"id":15534,"date":"2021-08-21T16:59:11","date_gmt":"2021-08-21T08:59:11","guid":{"rendered":"https:\/\/arturf.com\/?post_type=product&#038;p=15534"},"modified":"2021-08-21T17:01:26","modified_gmt":"2021-08-21T09:01:26","slug":"artificial-leaf-screening","status":"publish","type":"product","link":"https:\/\/arturf.com\/pt\/product\/artificial-leaf-screening\/","title":{"rendered":"Triagem de Folha Artificial"},"content":{"rendered":"<div>Perfeito para embelezar paredes e cercas feias. Esta alternativa realista \u00e0 cobertura tradicional \u00e9 uma \u00f3tima maneira de disfar\u00e7ar cercas e paredes ou adicionar um pouco de privacidade extra \u00e0s suas instala\u00e7\u00f5es. Os rolos para tela de folhas artificiais s\u00e3o r\u00e1pidos e f\u00e1ceis de instalar, n\u00e3o requerem manuten\u00e7\u00e3o e duram anos. Eles tamb\u00e9m podem ser usados sobre mandris e p\u00e9rgulas, criando uma \u00e1rea sombreada suave abaixo.<\/div>\n<div>\u00a0<\/div>\n<div>Cada rolo de nossa sebe artificial Ivy cobre uma \u00e1rea de 3 metros de largura x 1 metro de altura, proporcionando um n\u00edvel impressionante de cobertura por unidade. F\u00e1cil de instalar com os lacres verdes fornecidos e perfeito para p\u00e1tios frontais, quintais, varandas, decks, piscinas, banheiras de hidromassagem, restaurantes, caf\u00e9s, eventos imobili\u00e1rios, apartamentos, alugu\u00e9is, eventos especiais e muito mais. nossos rolos de hera artificial tamb\u00e9m s\u00e3o 100% ECO amig\u00e1veis e sustent\u00e1veis.<\/div>","protected":false},"excerpt":{"rendered":"<p>Os rolos de prote\u00e7\u00e3o de folhas artificiais s\u00e3o a maneira mais r\u00e1pida e econ\u00f4mica de trazer a vegeta\u00e7\u00e3o e a cobertura de uma cerca viva natural para qualquer cerca externa \/ interna, parede ou outras superf\u00edcies.<\/p>","protected":false},"featured_media":15535,"template":"","meta":{"_seopress_robots_primary_cat":"","_seopress_titles_title":"","_seopress_titles_desc":"","_seopress_robots_index":""},"product_brand":[],"product_cat":[782],"product_tag":[],"class_list":{"0":"post-15534","1":"product","2":"type-product","3":"status-publish","4":"has-post-thumbnail","6":"product_cat-artificial-hedge","8":"first","9":"instock","10":"shipping-taxable","11":"product-type-simple"},"_links":{"self":[{"href":"https:\/\/arturf.com\/pt\/wp-json\/wp\/v2\/product\/15534","targetHints":{"allow":["GET"]}}],"collection":[{"href":"https:\/\/arturf.com\/pt\/wp-json\/wp\/v2\/product"}],"about":[{"href":"https:\/\/arturf.com\/pt\/wp-json\/wp\/v2\/types\/product"}],"wp:featuredmedia":[{"embeddable":true,"href":"https:\/\/arturf.com\/pt\/wp-json\/wp\/v2\/media\/15535"}],"wp:attachment":[{"href":"https:\/\/arturf.com\/pt\/wp-json\/wp\/v2\/media?parent=15534"}],"wp:term":[{"taxonomy":"product_brand","embeddable":true,"href":"https:\/\/arturf.com\/pt\/wp-json\/wp\/v2\/product_brand?post=15534"},{"taxonomy":"product_cat","embeddable":true,"href":"https:\/\/arturf.com\/pt\/wp-json\/wp\/v2\/product_cat?post=15534"},{"taxonomy":"product_tag","embeddable":true,"href":"https:\/\/arturf.com\/pt\/wp-json\/wp\/v2\/product_tag?post=15534"}],"curies":[{"name":"wp","href":"https:\/\/api.w.org\/{rel}","templated":true}]}}