{"id":17132,"date":"2022-07-02T10:45:18","date_gmt":"2022-07-02T02:45:18","guid":{"rendered":"https:\/\/arturf.com\/?post_type=product&#038;p=17132"},"modified":"2022-08-25T19:57:58","modified_gmt":"2022-08-25T11:57:58","slug":"event-turf","status":"publish","type":"product","link":"https:\/\/arturf.com\/pt\/product\/event-turf\/","title":{"rendered":"Relva do evento"},"content":{"rendered":"<p>A nossa relva para eventos \u00e9 perfeita para quase todos os espa\u00e7os de eventos porque \u00e9 f\u00e1cil de instalar e pode ser cortada para se adaptar a qualquer tamanho. Pode ser usado mais de uma vez. O maravilhoso gramado do evento levar\u00e1 seu espa\u00e7o para o pr\u00f3ximo n\u00edvel e far\u00e1 todos os convidados felizes.<\/p>\n<p>Empresas de eventos podem usar nossa grama sint\u00e9tica para pisos de eventos. Os benef\u00edcios incluem:<\/p>\n<ul>\n<li>Custo-beneficio<\/li>\n<li>Variedade de cores bonitas<\/li>\n<li>Leve, f\u00e1cil de cortar para caber na forma e tamanho desejados<\/li>\n<li>Prote\u00e7\u00e3o UV embutida para evitar danos causados pelo sol e desbotamento<\/li>\n<\/ul>\n<p><img alt=\"\" loading=\"lazy\" decoding=\"async\" class=\"alignnone wp-image-17137 size-full\" src=\"https:\/\/arturf.com\/wp-content\/uploads\/2022\/07\/Tradeshow-Events-Turf.jpg\" width=\"1000\" height=\"554\" srcset=\"https:\/\/arturf.com\/wp-content\/uploads\/2022\/07\/Tradeshow-Events-Turf.jpg 1000w, https:\/\/arturf.com\/wp-content\/uploads\/2022\/07\/Tradeshow-Events-Turf-500x277.jpg 500w, https:\/\/arturf.com\/wp-content\/uploads\/2022\/07\/Tradeshow-Events-Turf-768x425.jpg 768w, https:\/\/arturf.com\/wp-content\/uploads\/2022\/07\/Tradeshow-Events-Turf-18x10.jpg 18w, https:\/\/arturf.com\/wp-content\/uploads\/2022\/07\/Tradeshow-Events-Turf-510x283.jpg 510w\" sizes=\"auto, (max-width: 1000px) 100vw, 1000px\" \/><\/p>\n<p>A grama do evento n\u00e3o \u00e9 um produto espec\u00edfico. De um modo geral, \u00e9 uma s\u00e9rie de produtos. Caracter\u00edsticas do gramado do evento:<\/p>\n<ul>\n<li>Pilha curta, principalmente 6mm-12mm<\/li>\n<li>Baixo Dtex e peso leve<\/li>\n<li>Tufado por fibras de polipropileno<\/li>\n<li>Barato, multiuso<\/li>\n<li>Ideal para eventos e decora\u00e7\u00e3o (Ver produto\u00a0<a href=\"https:\/\/arturf.com\/pt\/product\/decor\/\">Decor<\/a>)<\/li>\n<\/ul>\n<p>Al\u00e9m disso, <a href=\"https:\/\/arturf.com\/pt\/product\/artificial-grass-logos-and-insignia-bespoke-logo-mats\/\">tapetes de logotipo<\/a> tamb\u00e9m pode ser usado para eventos e atividades. Contacte-nos e diga-nos as suas necessidades. Nossas vendas dar\u00e3o sugest\u00f5es profissionais.<\/p>","protected":false},"excerpt":{"rendered":"<p>Relva leve para eventos com uma variedade de cores. Ideal para ambientes externos e internos, incluindo feiras, feiras de autom\u00f3veis, eventos corporativos, formaturas, festas, casamentos, decks, p\u00e1tios, camping e muito mais.<\/p>","protected":false},"featured_media":17133,"template":"","meta":{"_seopress_robots_primary_cat":"","_seopress_titles_title":"","_seopress_titles_desc":"","_seopress_robots_index":""},"product_brand":[],"product_cat":[64],"product_tag":[],"class_list":{"0":"post-17132","1":"product","2":"type-product","3":"status-publish","4":"has-post-thumbnail","6":"product_cat-landscape","8":"first","9":"instock","10":"shipping-taxable","11":"product-type-simple"},"_links":{"self":[{"href":"https:\/\/arturf.com\/pt\/wp-json\/wp\/v2\/product\/17132","targetHints":{"allow":["GET"]}}],"collection":[{"href":"https:\/\/arturf.com\/pt\/wp-json\/wp\/v2\/product"}],"about":[{"href":"https:\/\/arturf.com\/pt\/wp-json\/wp\/v2\/types\/product"}],"wp:featuredmedia":[{"embeddable":true,"href":"https:\/\/arturf.com\/pt\/wp-json\/wp\/v2\/media\/17133"}],"wp:attachment":[{"href":"https:\/\/arturf.com\/pt\/wp-json\/wp\/v2\/media?parent=17132"}],"wp:term":[{"taxonomy":"product_brand","embeddable":true,"href":"https:\/\/arturf.com\/pt\/wp-json\/wp\/v2\/product_brand?post=17132"},{"taxonomy":"product_cat","embeddable":true,"href":"https:\/\/arturf.com\/pt\/wp-json\/wp\/v2\/product_cat?post=17132"},{"taxonomy":"product_tag","embeddable":true,"href":"https:\/\/arturf.com\/pt\/wp-json\/wp\/v2\/product_tag?post=17132"}],"curies":[{"name":"wp","href":"https:\/\/api.w.org\/{rel}","templated":true}]}}