{"id":17294,"date":"2022-07-19T13:25:15","date_gmt":"2022-07-19T05:25:15","guid":{"rendered":"https:\/\/arturf.com\/?post_type=product&#038;p=17294"},"modified":"2023-07-14T22:18:15","modified_gmt":"2023-07-14T14:18:15","slug":"anti-static-artificial-grass","status":"publish","type":"product","link":"https:\/\/arturf.com\/pt\/product\/anti-static-artificial-grass\/","title":{"rendered":"SparkGuard: Grama artificial antiest\u00e1tica"},"content":{"rendered":"<p>A relva artificial tem muitas vantagens que a relva natural n\u00e3o tem, mas infelizmente tamb\u00e9m tem desvantagens. A \u201celetricidade est\u00e1tica\u201d \u00e9 uma das desvantagens da grama artificial. A eletricidade est\u00e1tica pode nos afetar atrav\u00e9s de pequenos choques, sons inc\u00f4modos e at\u00e9 c\u00e3ibras. A nossa relva artificial anti-est\u00e1tica resolve completamente este problema e proporciona uma superf\u00edcie mais segura. \u00c9 ideal para parques infantis. A tecnologia antiest\u00e1tica est\u00e1 incorporada nas pr\u00f3prias l\u00e2minas de relva artificial e n\u00e3o se desgasta com o tempo.<\/p>\n<h3>Grama artificial antiest\u00e1tica, uma superf\u00edcie mais segura para crian\u00e7as<\/h3>\n<p>Um deslizamento r\u00e1pido em grama artificial pode causar choques est\u00e1ticos. Normalmente, os choques n\u00e3o s\u00e3o dolorosos, mas definitivamente n\u00e3o s\u00e3o divertidos para as crian\u00e7as. O que \u00e9 pior, para crian\u00e7as com implantes cocleares ou outros dispositivos m\u00e9dicos eletr\u00f4nicos, a eletricidade est\u00e1tica \u00e9 uma amea\u00e7a para eles porque tem a possibilidade de danificar seus dispositivos t\u00e3o necess\u00e1rios.<\/p>\n<div class=\"row align-bottom align-center\"  id=\"row-156962575\">\n\n\t<div id=\"col-1251544717\" class=\"col medium-3 small-12 large-3\"  >\n\t\t\t\t<div class=\"col-inner\"  >\n\t\t\t\n\t\t\t\n\n\t\t<div class=\"icon-box featured-box icon-box-center text-center\"  >\n\t\t\t\t\t<div class=\"icon-box-img\" style=\"width: 120px\">\n\t\t\t\t<div class=\"icon\">\n\t\t\t\t\t<div class=\"icon-inner\" >\n\t\t\t\t\t\t<img loading=\"lazy\" decoding=\"async\" width=\"110\" height=\"111\" src=\"https:\/\/arturf.com\/wp-content\/uploads\/2020\/04\/Arturf-anti-uv.png\" class=\"attachment-medium size-medium\" alt=\"Antiest\u00e1tico\" srcset=\"https:\/\/arturf.com\/wp-content\/uploads\/2020\/04\/Arturf-anti-uv.png 110w, https:\/\/arturf.com\/wp-content\/uploads\/2020\/04\/Arturf-anti-uv-12x12.png 12w, https:\/\/arturf.com\/wp-content\/uploads\/2020\/04\/Arturf-anti-uv-100x100.png 100w\" sizes=\"auto, (max-width: 110px) 100vw, 110px\" \/>\t\t\t\t\t<\/div>\n\t\t\t\t<\/div>\n\t\t\t<\/div>\n\t\t\t\t<div class=\"icon-box-text last-reset\">\n\t\t\t\t\t\t\t\t\t\n<h3>Anti-UV<\/h3>\n\t\t<\/div>\n\t<\/div>\n\t\n\t\n\t\t<\/div>\n\t\t\t\t\t<\/div>\n\n\t\n\n\t<div id=\"col-1846453914\" class=\"col medium-3 small-12 large-3\"  >\n\t\t\t\t<div class=\"col-inner\"  >\n\t\t\t\n\t\t\t\n\n\t\t<div class=\"icon-box featured-box icon-box-center text-center\"  >\n\t\t\t\t\t<div class=\"icon-box-img\" style=\"width: 96px\">\n\t\t\t\t<div class=\"icon\">\n\t\t\t\t\t<div class=\"icon-inner\" >\n\t\t\t\t\t\t<img loading=\"lazy\" decoding=\"async\" width=\"256\" height=\"300\" src=\"https:\/\/arturf.com\/wp-content\/uploads\/2022\/07\/Anti-static-256x300.png\" class=\"attachment-medium size-medium\" alt=\"Antiest\u00e1tico\" srcset=\"https:\/\/arturf.com\/wp-content\/uploads\/2022\/07\/Anti-static-256x300.png 256w, https:\/\/arturf.com\/wp-content\/uploads\/2022\/07\/Anti-static-10x12.png 10w, https:\/\/arturf.com\/wp-content\/uploads\/2022\/07\/Anti-static.png 409w\" sizes=\"auto, (max-width: 256px) 100vw, 256px\" \/>\t\t\t\t\t<\/div>\n\t\t\t\t<\/div>\n\t\t\t<\/div>\n\t\t\t\t<div class=\"icon-box-text last-reset\">\n\t\t\t\t\t\t\t\t\t\n<h3>Antiest\u00e1tico<\/h3>\n\t\t<\/div>\n\t<\/div>\n\t\n\t\n\t\t<\/div>\n\t\t\t\t\t<\/div>\n\n\t\n\n\t<div id=\"col-1114996690\" class=\"col medium-3 small-12 large-3\"  >\n\t\t\t\t<div class=\"col-inner\"  >\n\t\t\t\n\t\t\t\n\n\t\t<div class=\"icon-box featured-box icon-box-center text-center\"  >\n\t\t\t\t\t<div class=\"icon-box-img\" style=\"width: 114px\">\n\t\t\t\t<div class=\"icon\">\n\t\t\t\t\t<div class=\"icon-inner\" >\n\t\t\t\t\t\t<img loading=\"lazy\" decoding=\"async\" width=\"156\" height=\"152\" src=\"https:\/\/arturf.com\/wp-content\/uploads\/2022\/07\/Lead-Free.png\" class=\"attachment-medium size-medium\" alt=\"Antiest\u00e1tico\" srcset=\"https:\/\/arturf.com\/wp-content\/uploads\/2022\/07\/Lead-Free.png 156w, https:\/\/arturf.com\/wp-content\/uploads\/2022\/07\/Lead-Free-12x12.png 12w\" sizes=\"auto, (max-width: 156px) 100vw, 156px\" \/>\t\t\t\t\t<\/div>\n\t\t\t\t<\/div>\n\t\t\t<\/div>\n\t\t\t\t<div class=\"icon-box-text last-reset\">\n\t\t\t\t\t\t\t\t\t\n<h3>Sem folhas<\/h3>\n\t\t<\/div>\n\t<\/div>\n\t\n\t\n\t\t<\/div>\n\t\t\t\t\t<\/div>\n\n\t\n<\/div>\n<p>Todos os nossos produtos de grama artificial para \u00e1reas de lazer s\u00e3o feitos com materiais seguros 100%. Eles s\u00e3o anti-UV, sem chumbo, e agora o produto SparkGuard com antiest\u00e1tico fabricado nas fibras. Voc\u00ea ter\u00e1 uma \u00e1rea de jogo mais segura do que nunca.<\/p>\n<p>Leitura adicional: <a href=\"https:\/\/arturf.com\/pt\/knowledge-hub\/how-to-remove-static-electricity-from-artificial-grass\/\">Como remover a eletricidade est\u00e1tica da grama artificial?<\/a><\/p>","protected":false},"excerpt":{"rendered":"<p>Experimente uma \u00e1rea de jogo mais segura com SparkGuard, a grama artificial antiest\u00e1tica permanente e vital\u00edcia. Diga adeus aos inc\u00f4modos choques est\u00e1ticos e crie um ambiente seguro para as crian\u00e7as.<\/p>","protected":false},"featured_media":17297,"template":"","meta":{"_seopress_robots_primary_cat":"","_seopress_titles_title":"","_seopress_titles_desc":"","_seopress_robots_index":""},"product_brand":[],"product_cat":[64],"product_tag":[],"class_list":{"0":"post-17294","1":"product","2":"type-product","3":"status-publish","4":"has-post-thumbnail","6":"product_cat-landscape","8":"first","9":"instock","10":"shipping-taxable","11":"product-type-simple"},"_links":{"self":[{"href":"https:\/\/arturf.com\/pt\/wp-json\/wp\/v2\/product\/17294","targetHints":{"allow":["GET"]}}],"collection":[{"href":"https:\/\/arturf.com\/pt\/wp-json\/wp\/v2\/product"}],"about":[{"href":"https:\/\/arturf.com\/pt\/wp-json\/wp\/v2\/types\/product"}],"wp:featuredmedia":[{"embeddable":true,"href":"https:\/\/arturf.com\/pt\/wp-json\/wp\/v2\/media\/17297"}],"wp:attachment":[{"href":"https:\/\/arturf.com\/pt\/wp-json\/wp\/v2\/media?parent=17294"}],"wp:term":[{"taxonomy":"product_brand","embeddable":true,"href":"https:\/\/arturf.com\/pt\/wp-json\/wp\/v2\/product_brand?post=17294"},{"taxonomy":"product_cat","embeddable":true,"href":"https:\/\/arturf.com\/pt\/wp-json\/wp\/v2\/product_cat?post=17294"},{"taxonomy":"product_tag","embeddable":true,"href":"https:\/\/arturf.com\/pt\/wp-json\/wp\/v2\/product_tag?post=17294"}],"curies":[{"name":"wp","href":"https:\/\/api.w.org\/{rel}","templated":true}]}}