{"id":18786,"date":"2023-07-06T21:34:25","date_gmt":"2023-07-06T13:34:25","guid":{"rendered":"https:\/\/arturf.com\/?post_type=product&#038;p=18786"},"modified":"2023-07-15T09:57:47","modified_gmt":"2023-07-15T01:57:47","slug":"pet-artificial-grass-pawscape","status":"publish","type":"product","link":"https:\/\/arturf.com\/pt\/product\/pet-artificial-grass-pawscape\/","title":{"rendered":"Pawscape: Grama artificial para animais de estima\u00e7\u00e3o"},"content":{"rendered":"<p>Descubra os benef\u00edcios da grama artificial Pawscape para animais de estima\u00e7\u00e3o, onde seus amados animais de estima\u00e7\u00e3o podem brincar, correr, pular e se esticar como fariam na grama real, sem bagun\u00e7a e patas enlameadas. Nossa grama artificial oferece uma maciez incr\u00edvel e um toque suave, garantindo a seguran\u00e7a e divers\u00e3o de seus animais de estima\u00e7\u00e3o.<\/p>\n<p>Projetado especificamente para animais de estima\u00e7\u00e3o, o Pawscape incorpora recursos que promovem limpeza e higiene. A superf\u00edcie da grama \u00e9 resistente ao crescimento de bact\u00e9rias e mofo, impedindo efetivamente o desenvolvimento de odores. Isso garante um ambiente limpo e saud\u00e1vel para seus animais de estima\u00e7\u00e3o, reduzindo o risco de alergias ou infec\u00e7\u00f5es.<\/p>\n<p>Ao escolher o Pawscape, voc\u00ea oferece ao seu animal de estima\u00e7\u00e3o a melhor experi\u00eancia poss\u00edvel, ao mesmo tempo em que promove um v\u00ednculo especial entre voc\u00ea e seu companheiro peludo. Aprecie momentos preciosos juntos na grama artificial de alta qualidade do Pawscape.<\/p>\n<p><img loading=\"lazy\" decoding=\"async\" class=\"alignnone wp-image-19067\" src=\"https:\/\/arturf.com\/wp-content\/uploads\/2023\/07\/Pet-Artificial-Turf-PetGo-2-1024x684.jpg\" alt=\"Suporte de grama artificial para animais de estima\u00e7\u00e3o (Pawscape)\" width=\"600\" height=\"401\" srcset=\"https:\/\/arturf.com\/wp-content\/uploads\/2023\/07\/Pet-Artificial-Turf-PetGo-2-1024x684.jpg 1024w, https:\/\/arturf.com\/wp-content\/uploads\/2023\/07\/Pet-Artificial-Turf-PetGo-2-500x334.jpg 500w, https:\/\/arturf.com\/wp-content\/uploads\/2023\/07\/Pet-Artificial-Turf-PetGo-2-768x513.jpg 768w, https:\/\/arturf.com\/wp-content\/uploads\/2023\/07\/Pet-Artificial-Turf-PetGo-2-18x12.jpg 18w, https:\/\/arturf.com\/wp-content\/uploads\/2023\/07\/Pet-Artificial-Turf-PetGo-2-510x340.jpg 510w, https:\/\/arturf.com\/wp-content\/uploads\/2023\/07\/Pet-Artificial-Turf-PetGo-2.jpg 1080w\" sizes=\"auto, (max-width: 600px) 100vw, 600px\" \/><\/p>\n<h3>Caracter\u00edsticas do forro de grama artificial para animais de estima\u00e7\u00e3o (Pawscape):<\/h3>\n<ol>\n<li>\n<h4>100% Recicl\u00e1vel e ecol\u00f3gico:<\/h4>\n<p>O Pawscape \u00e9 fabricado com a sustentabilidade em mente. N\u00e3o cont\u00e9m l\u00e1tex, PU ou revestimentos, tornando-o seguro e saud\u00e1vel para os usu\u00e1rios e para o meio ambiente.<\/p>\n<\/li>\n<li>\n<h4>Ultraleve e suavidade:<\/h4>\n<p>A grama artificial do Pawscape \u00e9 incrivelmente leve, facilitando a instala\u00e7\u00e3o. \u00c9 a solu\u00e7\u00e3o ideal para projetos de bricolagem e oferece custos de transporte e entrega mais baixos. Na verdade, \u00e9 30% mais leve que a grama normal.<\/p>\n<\/li>\n<li>\n<h4>Drenagem Superior:<\/h4>\n<p>Com Pawscape, voc\u00ea pode dizer adeus ao alagamento e \u00e1reas lamacentas. O forro perme\u00e1vel 100% garante drenagem superior, permitindo que a grama seque rapidamente ap\u00f3s a chuva. Experimente uma drenagem at\u00e9 5 vezes mais r\u00e1pida em compara\u00e7\u00e3o com a grama normal.<\/p>\n<\/li>\n<li>\n<h4>Excelente barreira contra ervas daninhas:<\/h4>\n<p>O design do Pawscape inclui um recurso resistente a ervas daninhas. A aus\u00eancia de orif\u00edcios de drenagem elimina a possibilidade de ervas daninhas, proporcionando uma solu\u00e7\u00e3o limpa e de baixa manuten\u00e7\u00e3o para a \u00e1rea de lazer do seu animal de estima\u00e7\u00e3o. Desfrute de uma taxa de sombreamento 99%, evitando o crescimento indesejado de ervas daninhas.<\/p>\n<\/li>\n<\/ol>\n<p>Invista na grama artificial Pawscape para animais de estima\u00e7\u00e3o hoje e crie um espa\u00e7o seguro, limpo e higi\u00eanico para seus animais de estima\u00e7\u00e3o desfrutarem. Melhore a qualidade das brincadeiras e garanta um ambiente saud\u00e1vel. Experimente a alegria de se relacionar com seus amigos peludos na grama artificial de alta qualidade do Pawscape.<\/p>\n<p><strong>Leitura adicional:<\/strong><\/p>\n<ul>\n<li class=\"bullet-arrow\"><a href=\"https:\/\/arturf.com\/pt\/maintenance\/pet-urine-on-artificial-grass-and-how-to-remove-the-smell\/\"><span style=\"font-size: 14.4px;\">Urina de animal de estima\u00e7\u00e3o em grama artificial e como remover o cheiro<\/span><\/a><\/li>\n<\/ul>\n\n\t<section class=\"section\" id=\"section_1212006525\">\n\t\t<div class=\"section-bg fill\" >\n\t\t\t\t\t\t\t\t\t\n\t\t\t\n\n\t\t<\/div>\n\n\t\t\n\n\t\t<div class=\"section-content relative\">\n\t\t\t\n\n<div class=\"row\"  id=\"row-208173271\">\n\n\n\t<div id=\"col-238221834\" class=\"col small-12 large-12\"  >\n\t\t\t\t<div class=\"col-inner text-center\"  >\n\t\t\t\n\t\t\t\n\n<h2>perguntas frequentes<\/h2>\n\n\t\t<\/div>\n\t\t\t\t\t<\/div>\n\n\t\n\n<\/div>\n<div class=\"row align-center row-box-shadow-1\"  id=\"row-102603871\">\n\n\n\t<div id=\"col-886480220\" class=\"col medium-10 small-12 large-9\"  >\n\t\t\t\t<div class=\"col-inner\" style=\"background-color:rgb(255,255,255);\" >\n\t\t\t\n\t\t\t\n\n<div class=\"accordion\">\n\n\t<div id=\"accordion-2956870720\" class=\"accordion-item\">\n\t\t<a id=\"accordion-2956870720-label\" class=\"accordion-title plain\" href=\"#accordion-item-can-you-customize-specifications-for-your-artificial-turf-products?\" aria-expanded=\"false\" aria-controls=\"accordion-2956870720-content\">\n\t\t\t<button class=\"toggle\" aria-label=\"Alternar\"><i class=\"icon-angle-down\" aria-hidden=\"true\"><\/i><\/button>\n\t\t\t<span>Voc\u00ea pode personalizar as especifica\u00e7\u00f5es para seus produtos de grama artificial?<\/span>\n\t\t<\/a>\n\t\t<div id=\"accordion-2956870720-content\" class=\"accordion-inner\" aria-labelledby=\"accordion-2956870720-label\">\n\t\t\t\n\n<p>Sim, oferecemos op\u00e7\u00f5es de personaliza\u00e7\u00e3o de cor, formato do fio, altura da pilha, densidade e forro. Tamb\u00e9m podemos produzir de acordo com uma amostra fornecida.<\/p>\n\n\t\t<\/div>\n\t<\/div>\n\t\n\t<div id=\"accordion-872065272\" class=\"accordion-item\">\n\t\t<a id=\"accordion-872065272-label\" class=\"accordion-title plain\" href=\"#accordion-item-do-you-have-stock?\" aria-expanded=\"false\" aria-controls=\"accordion-872065272-content\">\n\t\t\t<button class=\"toggle\" aria-label=\"Alternar\"><i class=\"icon-angle-down\" aria-hidden=\"true\"><\/i><\/button>\n\t\t\t<span>Voc\u00ea t\u00eam estoque?<\/span>\n\t\t<\/a>\n\t\t<div id=\"accordion-872065272-content\" class=\"accordion-inner\" aria-labelledby=\"accordion-872065272-label\">\n\t\t\t\n\n<p>N\u00e3o, n\u00e3o mantemos estoque. Iniciamos a produ\u00e7\u00e3o com base em pedidos espec\u00edficos.<\/p>\n\n\t\t<\/div>\n\t<\/div>\n\t\n\t<div id=\"accordion-493710491\" class=\"accordion-item\">\n\t\t<a id=\"accordion-493710491-label\" class=\"accordion-title plain\" href=\"#accordion-item-what-is-your-moq?\" aria-expanded=\"false\" aria-controls=\"accordion-493710491-content\">\n\t\t\t<button class=\"toggle\" aria-label=\"Alternar\"><i class=\"icon-angle-down\" aria-hidden=\"true\"><\/i><\/button>\n\t\t\t<span>Qual \u00e9 o seu MOQ?<\/span>\n\t\t<\/a>\n\t\t<div id=\"accordion-493710491-content\" class=\"accordion-inner\" aria-labelledby=\"accordion-493710491-label\">\n\t\t\t\n\n<p>Para a maioria da grama artificial, nossa quantidade m\u00ednima de pedido (MOQ) \u00e9 de 500 metros quadrados. Para alguns produtos de peso facial leve, o MOQ \u00e9 de 800 metros quadrados.<\/p>\n\n\t\t<\/div>\n\t<\/div>\n\t\n\t<div id=\"accordion-930416928\" class=\"accordion-item\">\n\t\t<a id=\"accordion-930416928-label\" class=\"accordion-title plain\" href=\"#accordion-item-what-are-the-width-and-length-options-for-artificial-grass?\" aria-expanded=\"false\" aria-controls=\"accordion-930416928-content\">\n\t\t\t<button class=\"toggle\" aria-label=\"Alternar\"><i class=\"icon-angle-down\" aria-hidden=\"true\"><\/i><\/button>\n\t\t\t<span>Quais s\u00e3o as op\u00e7\u00f5es de largura e comprimento para grama artificial?<\/span>\n\t\t<\/a>\n\t\t<div id=\"accordion-930416928-content\" class=\"accordion-inner\" aria-labelledby=\"accordion-930416928-label\">\n\t\t\t\n\n<p>Nossas op\u00e7\u00f5es de largura comuns s\u00e3o 2m, 3,75m, 3,95m, 4m e 5m. O comprimento pode ser personalizado de acordo com os requisitos espec\u00edficos do seu projeto. Por padr\u00e3o, misturamos grama de 4m de largura e 2m de largura para otimizar o espa\u00e7o do cont\u00eainer.<\/p>\n\n\t\t<\/div>\n\t<\/div>\n\t\n\t<div id=\"accordion-1119173414\" class=\"accordion-item\">\n\t\t<a id=\"accordion-1119173414-label\" class=\"accordion-title plain\" href=\"#accordion-item-what-information-do-you-need-to-provide-the-landed-cost-for-international-customers?\" aria-expanded=\"false\" aria-controls=\"accordion-1119173414-content\">\n\t\t\t<button class=\"toggle\" aria-label=\"Alternar\"><i class=\"icon-angle-down\" aria-hidden=\"true\"><\/i><\/button>\n\t\t\t<span>Quais informa\u00e7\u00f5es voc\u00ea precisa para fornecer o custo de importa\u00e7\u00e3o para clientes internacionais?<\/span>\n\t\t<\/a>\n\t\t<div id=\"accordion-1119173414-content\" class=\"accordion-inner\" aria-labelledby=\"accordion-1119173414-label\">\n\t\t\t\n\n<p>Para fornecer o custo de desembarque, exigimos informa\u00e7\u00f5es sobre os detalhes do produto, quantidade e porto de destino.<\/p>\n\n\t\t<\/div>\n\t<\/div>\n\t\n\n<\/div>\n\n\t\t<\/div>\n\t\t\t\t\t<\/div>\n\n\t\n\n\n<style>\n#row-102603871 > .col > .col-inner {\n  padding: 0px 0px 0px 0px;\n}\n@media (min-width:550px) {\n  #row-102603871 > .col > .col-inner {\n    padding: 30px 30px 30px 30px;\n  }\n}\n<\/style>\n<\/div>\n\n\t\t<\/div>\n\n\t\t\n<style>\n#section_1212006525 {\n  padding-top: 60px;\n  padding-bottom: 60px;\n}\n<\/style>\n\t<\/section>\n\t\n<div class=\"row align-center\"  id=\"row-218584745\">\n\n\n\t<div id=\"col-182954198\" class=\"col medium-4 large-4\"  >\n\t\t\t\t<div class=\"col-inner\"  >\n\t\t\t\n\t<div class=\"is-border\"\n\t\tstyle=\"border-width:0px 0px 0px 0px;\">\n\t<\/div>\n\t\t\t\n\n\n\t\t<div class=\"icon-box featured-box icon-box-center text-center\"  style=\"margin:0px 0px 0px 0px;\">\n\t\t\t\t\t<div class=\"icon-box-img has-icon-bg\" style=\"width: 100px\">\n\t\t\t\t<div class=\"icon\">\n\t\t\t\t\t<div class=\"icon-inner\" style=\"border-width:2px;color:rgba(47, 159, 18, 0.88);\">\n\t\t\t\t\t\t<img loading=\"lazy\" decoding=\"async\" width=\"100\" height=\"100\" src=\"https:\/\/arturf.com\/wp-content\/uploads\/2018\/06\/Icon-Good-quality.png\" class=\"attachment-medium size-medium\" alt=\"Animal de estima\u00e7\u00e3o, grama artificial para animais de estima\u00e7\u00e3o, Pawscape\" srcset=\"https:\/\/arturf.com\/wp-content\/uploads\/2018\/06\/Icon-Good-quality.png 100w, https:\/\/arturf.com\/wp-content\/uploads\/2018\/06\/Icon-Good-quality-12x12.png 12w\" sizes=\"auto, (max-width: 100px) 100vw, 100px\" \/>\t\t\t\t\t<\/div>\n\t\t\t\t<\/div>\n\t\t\t<\/div>\n\t\t\t\t<div class=\"icon-box-text last-reset\">\n\t\t\t<h5 class=\"uppercase\">Qualidade Comprovada<\/h5>\t\t\t\t\t\t\n\n<p>Relva artificial premium com resist\u00eancia aos raios UV e ao desgaste. Garantias s\u00f3lidas garantem uma satisfa\u00e7\u00e3o duradoura.<\/p>\n\n\t\t<\/div>\n\t<\/div>\n\t\n\t\n\n\t\t<\/div>\n\t\t\t\t\t<\/div>\n\n\t\n\n\t<div id=\"col-88818974\" class=\"col medium-4 large-4\"  >\n\t\t\t\t<div class=\"col-inner\"  >\n\t\t\t\n\t<div class=\"is-border\"\n\t\tstyle=\"border-width:0px 0px 0px 0px;\">\n\t<\/div>\n\t\t\t\n\n\n\t\t<div class=\"icon-box featured-box icon-box-center text-center\"  style=\"margin:0px 0px 0px 0px;\">\n\t\t\t\t\t<div class=\"icon-box-img has-icon-bg\" style=\"width: 100px\">\n\t\t\t\t<div class=\"icon\">\n\t\t\t\t\t<div class=\"icon-inner\" style=\"border-width:2px;color:rgba(47, 159, 18, 0.88);\">\n\t\t\t\t\t\t<img loading=\"lazy\" decoding=\"async\" width=\"100\" height=\"100\" src=\"https:\/\/arturf.com\/wp-content\/uploads\/2018\/06\/Icon-Good-price.png\" class=\"attachment-medium size-medium\" alt=\"Animal de estima\u00e7\u00e3o, grama artificial para animais de estima\u00e7\u00e3o, Pawscape\" srcset=\"https:\/\/arturf.com\/wp-content\/uploads\/2018\/06\/Icon-Good-price.png 100w, https:\/\/arturf.com\/wp-content\/uploads\/2018\/06\/Icon-Good-price-12x12.png 12w\" sizes=\"auto, (max-width: 100px) 100vw, 100px\" \/>\t\t\t\t\t<\/div>\n\t\t\t\t<\/div>\n\t\t\t<\/div>\n\t\t\t\t<div class=\"icon-box-text last-reset\">\n\t\t\t<h5 class=\"uppercase\">Pre\u00e7os competitivos<\/h5>\t\t\t\t\t\t\n\n<p>Oferecemos pre\u00e7os competitivos, promovendo crescimento m\u00fatuo e sucesso de longo prazo com nossos estimados revendedores.<\/p>\n\n\t\t<\/div>\n\t<\/div>\n\t\n\t\n\n\t\t<\/div>\n\t\t\t\t\t<\/div>\n\n\t\n\n\t<div id=\"col-1057110010\" class=\"col medium-4 large-4\"  >\n\t\t\t\t<div class=\"col-inner\"  >\n\t\t\t\n\t<div class=\"is-border\"\n\t\tstyle=\"border-width:0px 0px 0px 0px;\">\n\t<\/div>\n\t\t\t\n\n\n\t\t<div class=\"icon-box featured-box icon-box-center text-center\"  style=\"margin:0px 0px 0px 0px;\">\n\t\t\t\t\t<div class=\"icon-box-img has-icon-bg\" style=\"width: 100px\">\n\t\t\t\t<div class=\"icon\">\n\t\t\t\t\t<div class=\"icon-inner\" style=\"border-width:2px;color:rgba(47, 159, 18, 0.88);\">\n\t\t\t\t\t\t<img loading=\"lazy\" decoding=\"async\" width=\"100\" height=\"100\" src=\"https:\/\/arturf.com\/wp-content\/uploads\/2018\/06\/Icon-tailor-made.png\" class=\"attachment-medium size-medium\" alt=\"Animal de estima\u00e7\u00e3o, grama artificial para animais de estima\u00e7\u00e3o, Pawscape\" srcset=\"https:\/\/arturf.com\/wp-content\/uploads\/2018\/06\/Icon-tailor-made.png 100w, https:\/\/arturf.com\/wp-content\/uploads\/2018\/06\/Icon-tailor-made-12x12.png 12w\" sizes=\"auto, (max-width: 100px) 100vw, 100px\" \/>\t\t\t\t\t<\/div>\n\t\t\t\t<\/div>\n\t\t\t<\/div>\n\t\t\t\t<div class=\"icon-box-text last-reset\">\n\t\t\t<h5 class=\"uppercase\">Solu\u00e7\u00f5es personalizadas<\/h5>\t\t\t\t\t\t\n\n<p>Desbloqueie o potencial do mercado com diversas op\u00e7\u00f5es de grama artificial. <a href=\"https:\/\/arturf.com\/pt\/buyers-guide\/customized-artificial-grass-products\/\">Adaptado a necessidades ou amostras exclusivas<\/a>.<\/p>\n\n\t\t<\/div>\n\t<\/div>\n\t\n\t\n\n\t\t<\/div>\n\t\t\t\t\t<\/div>\n\n\t\n\n<\/div>","protected":false},"excerpt":{"rendered":"<p>Experimente a grama artificial Pawscape para animais de estima\u00e7\u00e3o para um ambiente seguro, limpo e higi\u00eanico para seus animais de estima\u00e7\u00e3o. Proporciona um espa\u00e7o divertido para brincar enquanto inibe bact\u00e9rias e odores, garantindo uma experi\u00eancia saud\u00e1vel. Desfrute de momentos de qualidade com seus amigos peludos no Pawscape.<\/p>","protected":false},"featured_media":19066,"template":"","meta":{"_seopress_robots_primary_cat":"","_seopress_titles_title":"Pawscape Pet Artificial Grass- Inhibit Bacteria &amp; Odors","_seopress_titles_desc":"","_seopress_robots_index":""},"product_brand":[],"product_cat":[64],"product_tag":[],"class_list":{"0":"post-18786","1":"product","2":"type-product","3":"status-publish","4":"has-post-thumbnail","6":"product_cat-landscape","8":"first","9":"instock","10":"shipping-taxable","11":"product-type-simple"},"_links":{"self":[{"href":"https:\/\/arturf.com\/pt\/wp-json\/wp\/v2\/product\/18786","targetHints":{"allow":["GET"]}}],"collection":[{"href":"https:\/\/arturf.com\/pt\/wp-json\/wp\/v2\/product"}],"about":[{"href":"https:\/\/arturf.com\/pt\/wp-json\/wp\/v2\/types\/product"}],"wp:featuredmedia":[{"embeddable":true,"href":"https:\/\/arturf.com\/pt\/wp-json\/wp\/v2\/media\/19066"}],"wp:attachment":[{"href":"https:\/\/arturf.com\/pt\/wp-json\/wp\/v2\/media?parent=18786"}],"wp:term":[{"taxonomy":"product_brand","embeddable":true,"href":"https:\/\/arturf.com\/pt\/wp-json\/wp\/v2\/product_brand?post=18786"},{"taxonomy":"product_cat","embeddable":true,"href":"https:\/\/arturf.com\/pt\/wp-json\/wp\/v2\/product_cat?post=18786"},{"taxonomy":"product_tag","embeddable":true,"href":"https:\/\/arturf.com\/pt\/wp-json\/wp\/v2\/product_tag?post=18786"}],"curies":[{"name":"wp","href":"https:\/\/api.w.org\/{rel}","templated":true}]}}