{"id":19373,"date":"2023-09-06T21:57:13","date_gmt":"2023-09-06T13:57:13","guid":{"rendered":"https:\/\/arturf.com\/?post_type=product&#038;p=19373"},"modified":"2023-09-08T10:27:27","modified_gmt":"2023-09-08T02:27:27","slug":"rubber-tiles","status":"publish","type":"product","link":"https:\/\/arturf.com\/pt\/product\/rubber-tiles\/","title":{"rendered":"Telhas de borracha"},"content":{"rendered":"<p>Nossos pisos de borracha s\u00e3o projetados para suportar as condi\u00e7\u00f5es mais adversas, tornando-os a melhor escolha para aplica\u00e7\u00f5es de pisos premium.<\/p>\n<p>Oferecemos uma sele\u00e7\u00e3o abrangente de produtos de ladrilhos de borracha adequados tanto para \u00e1reas de recrea\u00e7\u00e3o ao ar livre quanto para pisos de academias internas. Fornecem prote\u00e7\u00e3o e amortecimento cruciais, especialmente para jogadores que correm risco de quedas enquanto jogam ou participam em atividades f\u00edsicas.<\/p>\n<h3>Telhas de borracha para playground ao ar livre:<\/h3>\n<p>Essas telhas de borracha s\u00e3o projetadas especificamente para uso em playgrounds, servindo como uma superf\u00edcie confi\u00e1vel para crian\u00e7as e equipamentos de recrea\u00e7\u00e3o.<\/p>\n<ul>\n<li class=\"bullet-arrow\"><strong>Tamanho:<\/strong> 50 cm x 50 cm<\/li>\n<li class=\"bullet-arrow\"><strong>Op\u00e7\u00f5es de espessura:<\/strong> 20mm, 25mm, 30mm, 35mm, 40mm, 45mm, 50mm<\/li>\n<li class=\"bullet-arrow\"><strong>Cor padr\u00e3o: <\/strong>Preto, vermelho, verde<\/li>\n<li class=\"bullet-arrow\"><strong>Cor personaliz\u00e1vel:<\/strong> Amarelo, Azul, Cinza<\/li>\n<\/ul>\n<h4>Galeria<\/h4>\n\n  \n    <div class=\"row large-columns-5 medium-columns-3 small-columns-2\" >\n  <div class=\"gallery-col col\" >\n          <div class=\"col-inner\">\n            <a class=\"image-lightbox lightbox-gallery\" href=\"https:\/\/arturf.com\/wp-content\/uploads\/2023\/09\/Outdoor-Rubber-Tiles-Teamsports-1-1.jpg\" title=\"\">            <div class=\"box has-hover gallery-box box-overlay dark\">\n              <div class=\"box-image\" >\n                <img loading=\"lazy\" decoding=\"async\" width=\"500\" height=\"375\" src=\"https:\/\/arturf.com\/wp-content\/uploads\/2023\/09\/Outdoor-Rubber-Tiles-Teamsports-1-1-500x375.jpg\" class=\"attachment-medium size-medium\" alt=\"Telhas de borracha\" ids=\"19381,19382,19383,19384,19385\" columns=\"5\" srcset=\"https:\/\/arturf.com\/wp-content\/uploads\/2023\/09\/Outdoor-Rubber-Tiles-Teamsports-1-1-500x375.jpg 500w, https:\/\/arturf.com\/wp-content\/uploads\/2023\/09\/Outdoor-Rubber-Tiles-Teamsports-1-1-200x150.jpg 200w, https:\/\/arturf.com\/wp-content\/uploads\/2023\/09\/Outdoor-Rubber-Tiles-Teamsports-1-1-768x576.jpg 768w, https:\/\/arturf.com\/wp-content\/uploads\/2023\/09\/Outdoor-Rubber-Tiles-Teamsports-1-1-16x12.jpg 16w, https:\/\/arturf.com\/wp-content\/uploads\/2023\/09\/Outdoor-Rubber-Tiles-Teamsports-1-1-350x263.jpg 350w, https:\/\/arturf.com\/wp-content\/uploads\/2023\/09\/Outdoor-Rubber-Tiles-Teamsports-1-1-510x383.jpg 510w, https:\/\/arturf.com\/wp-content\/uploads\/2023\/09\/Outdoor-Rubber-Tiles-Teamsports-1-1.jpg 1000w\" sizes=\"auto, (max-width: 500px) 100vw, 500px\" \/>                                  <div class=\"overlay fill\"\n                      style=\"background-color: rgba(0,0,0,.15)\">\n                  <\/div>\n                                                              <\/div>\n              <div class=\"box-text text-left\" >\n                 <p><\/p>\n              <\/div>\n            <\/div>\n            <\/a>          <\/div>\n         <\/div><div class=\"gallery-col col\" >\n          <div class=\"col-inner\">\n            <a class=\"image-lightbox lightbox-gallery\" href=\"https:\/\/arturf.com\/wp-content\/uploads\/2023\/09\/Outdoor-Rubber-Tiles-Teamsports-2.jpg\" title=\"\">            <div class=\"box has-hover gallery-box box-overlay dark\">\n              <div class=\"box-image\" >\n                <img loading=\"lazy\" decoding=\"async\" width=\"500\" height=\"375\" src=\"https:\/\/arturf.com\/wp-content\/uploads\/2023\/09\/Outdoor-Rubber-Tiles-Teamsports-2-500x375.jpg\" class=\"attachment-medium size-medium\" alt=\"Telhas de borracha\" ids=\"19381,19382,19383,19384,19385\" columns=\"5\" srcset=\"https:\/\/arturf.com\/wp-content\/uploads\/2023\/09\/Outdoor-Rubber-Tiles-Teamsports-2-500x375.jpg 500w, https:\/\/arturf.com\/wp-content\/uploads\/2023\/09\/Outdoor-Rubber-Tiles-Teamsports-2-200x150.jpg 200w, https:\/\/arturf.com\/wp-content\/uploads\/2023\/09\/Outdoor-Rubber-Tiles-Teamsports-2-768x576.jpg 768w, https:\/\/arturf.com\/wp-content\/uploads\/2023\/09\/Outdoor-Rubber-Tiles-Teamsports-2-16x12.jpg 16w, https:\/\/arturf.com\/wp-content\/uploads\/2023\/09\/Outdoor-Rubber-Tiles-Teamsports-2-350x263.jpg 350w, https:\/\/arturf.com\/wp-content\/uploads\/2023\/09\/Outdoor-Rubber-Tiles-Teamsports-2-510x383.jpg 510w, https:\/\/arturf.com\/wp-content\/uploads\/2023\/09\/Outdoor-Rubber-Tiles-Teamsports-2.jpg 1000w\" sizes=\"auto, (max-width: 500px) 100vw, 500px\" \/>                                  <div class=\"overlay fill\"\n                      style=\"background-color: rgba(0,0,0,.15)\">\n                  <\/div>\n                                                              <\/div>\n              <div class=\"box-text text-left\" >\n                 <p><\/p>\n              <\/div>\n            <\/div>\n            <\/a>          <\/div>\n         <\/div><div class=\"gallery-col col\" >\n          <div class=\"col-inner\">\n            <a class=\"image-lightbox lightbox-gallery\" href=\"https:\/\/arturf.com\/wp-content\/uploads\/2023\/09\/Outdoor-Rubber-Tiles-Teamsports-3.jpg\" title=\"\">            <div class=\"box has-hover gallery-box box-overlay dark\">\n              <div class=\"box-image\" >\n                <img loading=\"lazy\" decoding=\"async\" width=\"500\" height=\"375\" src=\"https:\/\/arturf.com\/wp-content\/uploads\/2023\/09\/Outdoor-Rubber-Tiles-Teamsports-3-500x375.jpg\" class=\"attachment-medium size-medium\" alt=\"Telhas de borracha\" ids=\"19381,19382,19383,19384,19385\" columns=\"5\" srcset=\"https:\/\/arturf.com\/wp-content\/uploads\/2023\/09\/Outdoor-Rubber-Tiles-Teamsports-3-500x375.jpg 500w, https:\/\/arturf.com\/wp-content\/uploads\/2023\/09\/Outdoor-Rubber-Tiles-Teamsports-3-200x150.jpg 200w, https:\/\/arturf.com\/wp-content\/uploads\/2023\/09\/Outdoor-Rubber-Tiles-Teamsports-3-768x575.jpg 768w, https:\/\/arturf.com\/wp-content\/uploads\/2023\/09\/Outdoor-Rubber-Tiles-Teamsports-3-16x12.jpg 16w, https:\/\/arturf.com\/wp-content\/uploads\/2023\/09\/Outdoor-Rubber-Tiles-Teamsports-3-350x263.jpg 350w, https:\/\/arturf.com\/wp-content\/uploads\/2023\/09\/Outdoor-Rubber-Tiles-Teamsports-3-510x382.jpg 510w, https:\/\/arturf.com\/wp-content\/uploads\/2023\/09\/Outdoor-Rubber-Tiles-Teamsports-3.jpg 1000w\" sizes=\"auto, (max-width: 500px) 100vw, 500px\" \/>                                  <div class=\"overlay fill\"\n                      style=\"background-color: rgba(0,0,0,.15)\">\n                  <\/div>\n                                                              <\/div>\n              <div class=\"box-text text-left\" >\n                 <p><\/p>\n              <\/div>\n            <\/div>\n            <\/a>          <\/div>\n         <\/div><div class=\"gallery-col col\" >\n          <div class=\"col-inner\">\n            <a class=\"image-lightbox lightbox-gallery\" href=\"https:\/\/arturf.com\/wp-content\/uploads\/2023\/09\/Outdoor-Rubber-Tiles-Teamsports-4.jpg\" title=\"\">            <div class=\"box has-hover gallery-box box-overlay dark\">\n              <div class=\"box-image\" >\n                <img loading=\"lazy\" decoding=\"async\" width=\"500\" height=\"375\" src=\"https:\/\/arturf.com\/wp-content\/uploads\/2023\/09\/Outdoor-Rubber-Tiles-Teamsports-4-500x375.jpg\" class=\"attachment-medium size-medium\" alt=\"Telhas de borracha\" ids=\"19381,19382,19383,19384,19385\" columns=\"5\" srcset=\"https:\/\/arturf.com\/wp-content\/uploads\/2023\/09\/Outdoor-Rubber-Tiles-Teamsports-4-500x375.jpg 500w, https:\/\/arturf.com\/wp-content\/uploads\/2023\/09\/Outdoor-Rubber-Tiles-Teamsports-4-200x150.jpg 200w, https:\/\/arturf.com\/wp-content\/uploads\/2023\/09\/Outdoor-Rubber-Tiles-Teamsports-4-768x576.jpg 768w, https:\/\/arturf.com\/wp-content\/uploads\/2023\/09\/Outdoor-Rubber-Tiles-Teamsports-4-16x12.jpg 16w, https:\/\/arturf.com\/wp-content\/uploads\/2023\/09\/Outdoor-Rubber-Tiles-Teamsports-4-350x263.jpg 350w, https:\/\/arturf.com\/wp-content\/uploads\/2023\/09\/Outdoor-Rubber-Tiles-Teamsports-4-510x383.jpg 510w, https:\/\/arturf.com\/wp-content\/uploads\/2023\/09\/Outdoor-Rubber-Tiles-Teamsports-4.jpg 1000w\" sizes=\"auto, (max-width: 500px) 100vw, 500px\" \/>                                  <div class=\"overlay fill\"\n                      style=\"background-color: rgba(0,0,0,.15)\">\n                  <\/div>\n                                                              <\/div>\n              <div class=\"box-text text-left\" >\n                 <p><\/p>\n              <\/div>\n            <\/div>\n            <\/a>          <\/div>\n         <\/div><div class=\"gallery-col col\" >\n          <div class=\"col-inner\">\n            <a class=\"image-lightbox lightbox-gallery\" href=\"https:\/\/arturf.com\/wp-content\/uploads\/2023\/09\/Outdoor-Rubber-Tiles-Teamsports-5.jpg\" title=\"\">            <div class=\"box has-hover gallery-box box-overlay dark\">\n              <div class=\"box-image\" >\n                <img loading=\"lazy\" decoding=\"async\" width=\"500\" height=\"375\" src=\"https:\/\/arturf.com\/wp-content\/uploads\/2023\/09\/Outdoor-Rubber-Tiles-Teamsports-5-500x375.jpg\" class=\"attachment-medium size-medium\" alt=\"Telhas de borracha\" ids=\"19381,19382,19383,19384,19385\" columns=\"5\" srcset=\"https:\/\/arturf.com\/wp-content\/uploads\/2023\/09\/Outdoor-Rubber-Tiles-Teamsports-5-500x375.jpg 500w, https:\/\/arturf.com\/wp-content\/uploads\/2023\/09\/Outdoor-Rubber-Tiles-Teamsports-5-200x150.jpg 200w, https:\/\/arturf.com\/wp-content\/uploads\/2023\/09\/Outdoor-Rubber-Tiles-Teamsports-5-768x576.jpg 768w, https:\/\/arturf.com\/wp-content\/uploads\/2023\/09\/Outdoor-Rubber-Tiles-Teamsports-5-16x12.jpg 16w, https:\/\/arturf.com\/wp-content\/uploads\/2023\/09\/Outdoor-Rubber-Tiles-Teamsports-5-350x263.jpg 350w, https:\/\/arturf.com\/wp-content\/uploads\/2023\/09\/Outdoor-Rubber-Tiles-Teamsports-5-510x383.jpg 510w, https:\/\/arturf.com\/wp-content\/uploads\/2023\/09\/Outdoor-Rubber-Tiles-Teamsports-5.jpg 1000w\" sizes=\"auto, (max-width: 500px) 100vw, 500px\" \/>                                  <div class=\"overlay fill\"\n                      style=\"background-color: rgba(0,0,0,.15)\">\n                  <\/div>\n                                                              <\/div>\n              <div class=\"box-text text-left\" >\n                 <p><\/p>\n              <\/div>\n            <\/div>\n            <\/a>          <\/div>\n         <\/div><\/div>\n<p><span style=\"font-size: 20.16px;\">Telhas de borracha interligadas internas:<\/span><\/p>\n<p>Nossos pisos de borracha para ambientes internos apresentam um mecanismo de intertravamento inovador, empregando pinos conectores de pl\u00e1stico resistentes. Cada placa de borracha incorpora dois furos nos quatro lados, resultando em um total de cinco pinos conectores por placa. Esses pinos s\u00e3o constru\u00eddos em pl\u00e1stico robusto com bordas pontiagudas que os fixam com seguran\u00e7a dentro do ladrilho, uma vez inseridos. O processo de instala\u00e7\u00e3o \u00e9 descomplicado, eliminando a necessidade de cola suja ou de instaladores profissionais caros. Com o nosso design DIY, qualquer pessoa pode facilmente obter uma solu\u00e7\u00e3o de piso perfeita e dur\u00e1vel.<\/p>\n<ul>\n<li class=\"bullet-arrow\"><strong>Tamanho:<\/strong> 50cm x 50cm, 100cm x 100cm<\/li>\n<li class=\"bullet-arrow\"><strong>Op\u00e7\u00f5es de espessura:<\/strong> 15mm, 20mm, 25mm, 30mm, 35mm, 40mm, 45mm, 50mm<\/li>\n<li class=\"bullet-arrow\"><strong>Cor: <\/strong>Contacte-nos para mais informa\u00e7\u00f5es.<\/li>\n<\/ul>\n<h4>Galeria<\/p>\n<\/h4>\n\n  \n    <div class=\"row large-columns-5 medium-columns-3 small-columns-2\" >\n  <div class=\"gallery-col col\" >\n          <div class=\"col-inner\">\n            <a class=\"image-lightbox lightbox-gallery\" href=\"https:\/\/arturf.com\/wp-content\/uploads\/2023\/09\/Gym-Rubber-Tiles-Teamsports-1.jpg\" title=\"\">            <div class=\"box has-hover gallery-box box-overlay dark\">\n              <div class=\"box-image\" >\n                <img loading=\"lazy\" decoding=\"async\" width=\"500\" height=\"375\" src=\"https:\/\/arturf.com\/wp-content\/uploads\/2023\/09\/Gym-Rubber-Tiles-Teamsports-1-500x375.jpg\" class=\"attachment-medium size-medium\" alt=\"Telhas de borracha\" ids=\"19376,19377,19378,19379,19380\" columns=\"5\" srcset=\"https:\/\/arturf.com\/wp-content\/uploads\/2023\/09\/Gym-Rubber-Tiles-Teamsports-1-500x375.jpg 500w, https:\/\/arturf.com\/wp-content\/uploads\/2023\/09\/Gym-Rubber-Tiles-Teamsports-1-200x150.jpg 200w, https:\/\/arturf.com\/wp-content\/uploads\/2023\/09\/Gym-Rubber-Tiles-Teamsports-1-768x576.jpg 768w, https:\/\/arturf.com\/wp-content\/uploads\/2023\/09\/Gym-Rubber-Tiles-Teamsports-1-16x12.jpg 16w, https:\/\/arturf.com\/wp-content\/uploads\/2023\/09\/Gym-Rubber-Tiles-Teamsports-1-350x263.jpg 350w, https:\/\/arturf.com\/wp-content\/uploads\/2023\/09\/Gym-Rubber-Tiles-Teamsports-1-510x383.jpg 510w, https:\/\/arturf.com\/wp-content\/uploads\/2023\/09\/Gym-Rubber-Tiles-Teamsports-1.jpg 1000w\" sizes=\"auto, (max-width: 500px) 100vw, 500px\" \/>                                  <div class=\"overlay fill\"\n                      style=\"background-color: rgba(0,0,0,.15)\">\n                  <\/div>\n                                                              <\/div>\n              <div class=\"box-text text-left\" >\n                 <p><\/p>\n              <\/div>\n            <\/div>\n            <\/a>          <\/div>\n         <\/div><div class=\"gallery-col col\" >\n          <div class=\"col-inner\">\n            <a class=\"image-lightbox lightbox-gallery\" href=\"https:\/\/arturf.com\/wp-content\/uploads\/2023\/09\/Gym-Rubber-Tiles-Teamsports-2.jpg\" title=\"\">            <div class=\"box has-hover gallery-box box-overlay dark\">\n              <div class=\"box-image\" >\n                <img loading=\"lazy\" decoding=\"async\" width=\"500\" height=\"375\" src=\"https:\/\/arturf.com\/wp-content\/uploads\/2023\/09\/Gym-Rubber-Tiles-Teamsports-2-500x375.jpg\" class=\"attachment-medium size-medium\" alt=\"Telhas de borracha\" ids=\"19376,19377,19378,19379,19380\" columns=\"5\" srcset=\"https:\/\/arturf.com\/wp-content\/uploads\/2023\/09\/Gym-Rubber-Tiles-Teamsports-2-500x375.jpg 500w, https:\/\/arturf.com\/wp-content\/uploads\/2023\/09\/Gym-Rubber-Tiles-Teamsports-2-200x150.jpg 200w, https:\/\/arturf.com\/wp-content\/uploads\/2023\/09\/Gym-Rubber-Tiles-Teamsports-2-768x576.jpg 768w, https:\/\/arturf.com\/wp-content\/uploads\/2023\/09\/Gym-Rubber-Tiles-Teamsports-2-16x12.jpg 16w, https:\/\/arturf.com\/wp-content\/uploads\/2023\/09\/Gym-Rubber-Tiles-Teamsports-2-350x263.jpg 350w, https:\/\/arturf.com\/wp-content\/uploads\/2023\/09\/Gym-Rubber-Tiles-Teamsports-2-510x383.jpg 510w, https:\/\/arturf.com\/wp-content\/uploads\/2023\/09\/Gym-Rubber-Tiles-Teamsports-2.jpg 1000w\" sizes=\"auto, (max-width: 500px) 100vw, 500px\" \/>                                  <div class=\"overlay fill\"\n                      style=\"background-color: rgba(0,0,0,.15)\">\n                  <\/div>\n                                                              <\/div>\n              <div class=\"box-text text-left\" >\n                 <p><\/p>\n              <\/div>\n            <\/div>\n            <\/a>          <\/div>\n         <\/div><div class=\"gallery-col col\" >\n          <div class=\"col-inner\">\n            <a class=\"image-lightbox lightbox-gallery\" href=\"https:\/\/arturf.com\/wp-content\/uploads\/2023\/09\/Gym-Rubber-Tiles-Teamsports-3.jpg\" title=\"\">            <div class=\"box has-hover gallery-box box-overlay dark\">\n              <div class=\"box-image\" >\n                <img loading=\"lazy\" decoding=\"async\" width=\"500\" height=\"375\" src=\"https:\/\/arturf.com\/wp-content\/uploads\/2023\/09\/Gym-Rubber-Tiles-Teamsports-3-500x375.jpg\" class=\"attachment-medium size-medium\" alt=\"Telhas de borracha\" ids=\"19376,19377,19378,19379,19380\" columns=\"5\" srcset=\"https:\/\/arturf.com\/wp-content\/uploads\/2023\/09\/Gym-Rubber-Tiles-Teamsports-3-500x375.jpg 500w, https:\/\/arturf.com\/wp-content\/uploads\/2023\/09\/Gym-Rubber-Tiles-Teamsports-3-200x150.jpg 200w, https:\/\/arturf.com\/wp-content\/uploads\/2023\/09\/Gym-Rubber-Tiles-Teamsports-3-768x575.jpg 768w, https:\/\/arturf.com\/wp-content\/uploads\/2023\/09\/Gym-Rubber-Tiles-Teamsports-3-16x12.jpg 16w, https:\/\/arturf.com\/wp-content\/uploads\/2023\/09\/Gym-Rubber-Tiles-Teamsports-3-350x263.jpg 350w, https:\/\/arturf.com\/wp-content\/uploads\/2023\/09\/Gym-Rubber-Tiles-Teamsports-3-510x382.jpg 510w, https:\/\/arturf.com\/wp-content\/uploads\/2023\/09\/Gym-Rubber-Tiles-Teamsports-3.jpg 1000w\" sizes=\"auto, (max-width: 500px) 100vw, 500px\" \/>                                  <div class=\"overlay fill\"\n                      style=\"background-color: rgba(0,0,0,.15)\">\n                  <\/div>\n                                                              <\/div>\n              <div class=\"box-text text-left\" >\n                 <p><\/p>\n              <\/div>\n            <\/div>\n            <\/a>          <\/div>\n         <\/div><div class=\"gallery-col col\" >\n          <div class=\"col-inner\">\n            <a class=\"image-lightbox lightbox-gallery\" href=\"https:\/\/arturf.com\/wp-content\/uploads\/2023\/09\/Gym-Rubber-Tiles-Teamsports-4.jpg\" title=\"\">            <div class=\"box has-hover gallery-box box-overlay dark\">\n              <div class=\"box-image\" >\n                <img loading=\"lazy\" decoding=\"async\" width=\"500\" height=\"375\" src=\"https:\/\/arturf.com\/wp-content\/uploads\/2023\/09\/Gym-Rubber-Tiles-Teamsports-4-500x375.jpg\" class=\"attachment-medium size-medium\" alt=\"Telhas de borracha\" ids=\"19376,19377,19378,19379,19380\" columns=\"5\" srcset=\"https:\/\/arturf.com\/wp-content\/uploads\/2023\/09\/Gym-Rubber-Tiles-Teamsports-4-500x375.jpg 500w, https:\/\/arturf.com\/wp-content\/uploads\/2023\/09\/Gym-Rubber-Tiles-Teamsports-4-200x150.jpg 200w, https:\/\/arturf.com\/wp-content\/uploads\/2023\/09\/Gym-Rubber-Tiles-Teamsports-4-768x576.jpg 768w, https:\/\/arturf.com\/wp-content\/uploads\/2023\/09\/Gym-Rubber-Tiles-Teamsports-4-16x12.jpg 16w, https:\/\/arturf.com\/wp-content\/uploads\/2023\/09\/Gym-Rubber-Tiles-Teamsports-4-350x263.jpg 350w, https:\/\/arturf.com\/wp-content\/uploads\/2023\/09\/Gym-Rubber-Tiles-Teamsports-4-510x383.jpg 510w, https:\/\/arturf.com\/wp-content\/uploads\/2023\/09\/Gym-Rubber-Tiles-Teamsports-4.jpg 1000w\" sizes=\"auto, (max-width: 500px) 100vw, 500px\" \/>                                  <div class=\"overlay fill\"\n                      style=\"background-color: rgba(0,0,0,.15)\">\n                  <\/div>\n                                                              <\/div>\n              <div class=\"box-text text-left\" >\n                 <p><\/p>\n              <\/div>\n            <\/div>\n            <\/a>          <\/div>\n         <\/div><div class=\"gallery-col col\" >\n          <div class=\"col-inner\">\n            <a class=\"image-lightbox lightbox-gallery\" href=\"https:\/\/arturf.com\/wp-content\/uploads\/2023\/09\/Gym-Rubber-Tiles-Teamsports-5.jpg\" title=\"\">            <div class=\"box has-hover gallery-box box-overlay dark\">\n              <div class=\"box-image\" >\n                <img loading=\"lazy\" decoding=\"async\" width=\"500\" height=\"375\" src=\"https:\/\/arturf.com\/wp-content\/uploads\/2023\/09\/Gym-Rubber-Tiles-Teamsports-5-500x375.jpg\" class=\"attachment-medium size-medium\" alt=\"Telhas de borracha\" ids=\"19376,19377,19378,19379,19380\" columns=\"5\" srcset=\"https:\/\/arturf.com\/wp-content\/uploads\/2023\/09\/Gym-Rubber-Tiles-Teamsports-5-500x375.jpg 500w, https:\/\/arturf.com\/wp-content\/uploads\/2023\/09\/Gym-Rubber-Tiles-Teamsports-5-200x150.jpg 200w, https:\/\/arturf.com\/wp-content\/uploads\/2023\/09\/Gym-Rubber-Tiles-Teamsports-5-768x576.jpg 768w, https:\/\/arturf.com\/wp-content\/uploads\/2023\/09\/Gym-Rubber-Tiles-Teamsports-5-16x12.jpg 16w, https:\/\/arturf.com\/wp-content\/uploads\/2023\/09\/Gym-Rubber-Tiles-Teamsports-5-350x263.jpg 350w, https:\/\/arturf.com\/wp-content\/uploads\/2023\/09\/Gym-Rubber-Tiles-Teamsports-5-510x383.jpg 510w, https:\/\/arturf.com\/wp-content\/uploads\/2023\/09\/Gym-Rubber-Tiles-Teamsports-5.jpg 1000w\" sizes=\"auto, (max-width: 500px) 100vw, 500px\" \/>                                  <div class=\"overlay fill\"\n                      style=\"background-color: rgba(0,0,0,.15)\">\n                  <\/div>\n                                                              <\/div>\n              <div class=\"box-text text-left\" >\n                 <p><\/p>\n              <\/div>\n            <\/div>\n            <\/a>          <\/div>\n         <\/div><\/div>","protected":false},"excerpt":{"rendered":"<p>Nossos ladrilhos de borracha grossos s\u00e3o constru\u00eddos de forma resistente para suportar o uso intenso em academias, playgrounds ou como prote\u00e7\u00e3o de piso. F\u00e1cil instala\u00e7\u00e3o DIY com design interligado (ladrilhos de borracha para interiores). As op\u00e7\u00f5es est\u00e3o dispon\u00edveis para aplica\u00e7\u00f5es internas e externas.<\/p>","protected":false},"featured_media":19374,"template":"","meta":{"_seopress_robots_primary_cat":"","_seopress_titles_title":"Outdoor Playground Rubber Tiles &amp; Indoor Interlocking Rubber Tiles","_seopress_titles_desc":"","_seopress_robots_index":""},"product_brand":[],"product_cat":[831],"product_tag":[],"class_list":{"0":"post-19373","1":"product","2":"type-product","3":"status-publish","4":"has-post-thumbnail","6":"product_cat-extras","8":"first","9":"instock","10":"shipping-taxable","11":"product-type-simple"},"_links":{"self":[{"href":"https:\/\/arturf.com\/pt\/wp-json\/wp\/v2\/product\/19373","targetHints":{"allow":["GET"]}}],"collection":[{"href":"https:\/\/arturf.com\/pt\/wp-json\/wp\/v2\/product"}],"about":[{"href":"https:\/\/arturf.com\/pt\/wp-json\/wp\/v2\/types\/product"}],"wp:featuredmedia":[{"embeddable":true,"href":"https:\/\/arturf.com\/pt\/wp-json\/wp\/v2\/media\/19374"}],"wp:attachment":[{"href":"https:\/\/arturf.com\/pt\/wp-json\/wp\/v2\/media?parent=19373"}],"wp:term":[{"taxonomy":"product_brand","embeddable":true,"href":"https:\/\/arturf.com\/pt\/wp-json\/wp\/v2\/product_brand?post=19373"},{"taxonomy":"product_cat","embeddable":true,"href":"https:\/\/arturf.com\/pt\/wp-json\/wp\/v2\/product_cat?post=19373"},{"taxonomy":"product_tag","embeddable":true,"href":"https:\/\/arturf.com\/pt\/wp-json\/wp\/v2\/product_tag?post=19373"}],"curies":[{"name":"wp","href":"https:\/\/api.w.org\/{rel}","templated":true}]}}