{"id":19515,"date":"2023-09-27T17:49:19","date_gmt":"2023-09-27T09:49:19","guid":{"rendered":"https:\/\/arturf.com\/?post_type=product&#038;p=19515"},"modified":"2025-06-02T15:47:15","modified_gmt":"2025-06-02T07:47:15","slug":"padel-flex","status":"publish","type":"product","link":"https:\/\/arturf.com\/pt\/product\/padel-flex\/","title":{"rendered":"PadelFlex"},"content":{"rendered":"<p>PadelFlex \u00e9 um sistema de grama artificial de primeira linha projetado para elevar a experi\u00eancia da quadra de padel. \u00c9 igualmente eficiente para t\u00eanis e superf\u00edcies poliesportivas. Composto por monofilamentos texturizados, o PadelFlex garante desempenho e longevidade superiores.<\/p>\n<p><strong>Caracter\u00edsticas principais:<\/strong><\/p>\n<ol>\n<li><strong>\u00a0Consist\u00eancia de salto:<\/strong> <br \/>PadelFlex garante salto angular e vertical consistente em quadras de padel. Quer a bola atinja a superf\u00edcie ou as paredes de vidro, os jogadores podem contar com caracter\u00edsticas de salto uniformes durante todo o jogo.<\/li>\n<li><strong style=\"color: #555555; font-size: 14.4px;\">Durabilidade:<\/strong><span style=\"color: #555555; font-size: 14.4px;\"> <br \/>Gra\u00e7as \u00e0 sua constru\u00e7\u00e3o robusta e fibra e suporte extremamente fortes, o PadelFlex mant\u00e9m alto desempenho mesmo sob uso intenso. As fibras texturizadas ajudam a reter o preenchimento de areia, melhorando a estabilidade da quadra e reduzindo o desgaste das fibras e das bolas.<\/span><\/li>\n<li><strong style=\"color: #555555; font-size: 14.4px;\">Versatilidade:<\/strong><span style=\"color: #555555; font-size: 14.4px;\"> <br \/>PadelFlex foi projetado para uso vers\u00e1til. Quer esteja a montar um campo de padel interior ou exterior, ou mesmo a considerar uma aplica\u00e7\u00e3o de t\u00e9nis ou polidesportiva, este sistema de relva sint\u00e9tica proporciona resultados excepcionais em v\u00e1rios cen\u00e1rios desportivos.<\/span><\/li>\n<li><strong style=\"color: #555555; font-size: 14.4px;\">Jogo aprimorado:<\/strong><span style=\"color: #555555; font-size: 14.4px;\"> <br \/>Os monofilamentos texturizados contribuem para uma superf\u00edcie de jogo suave e confi\u00e1vel, melhorando a experi\u00eancia geral de jogo. Ele garante que os jogadores possam se concentrar em suas habilidades sem serem prejudicados por saltos inconsistentes ou problemas relacionados ao desgaste.<\/span><\/li>\n<li><strong style=\"color: #555555; font-size: 14.4px;\">Sustentabilidade:<\/strong><span style=\"color: #555555; font-size: 14.4px;\"> <br \/>PadelFlex foi projetado com a sustentabilidade em mente. O seu desempenho duradouro reduz a necessidade de substitui\u00e7\u00f5es frequentes, resultando em menos desperd\u00edcio e numa escolha mais ecol\u00f3gica para instala\u00e7\u00f5es desportivas.<\/span><\/li>\n<\/ol>\n<h3>Op\u00e7\u00f5es de revestimento traseiro:<\/h3>\n\n\t<section class=\"section\" id=\"section_1542958303\">\n\t\t<div class=\"section-bg fill\" >\n\t\t\t\t\t\t\t\t\t\n\t\t\t\n\n\t\t<\/div>\n\n\t\t\n\n\t\t<div class=\"section-content relative\">\n\t\t\t\n<div class=\"row\"  id=\"row-1372332509\">\n\n\t<div id=\"col-720822186\" class=\"col medium-4 small-12 large-4\"  >\n\t\t\t\t<div class=\"col-inner\"  >\n\t\t\t\n\t\t\t\n\t<div class=\"box has-hover   has-hover box-text-bottom\" >\n\n\t\t<div class=\"box-image\" style=\"border-radius:50%;\">\n\t\t\t\t\t\t<div class=\"image-cover\" style=\"padding-top:100%;\">\n\t\t\t\t<img loading=\"lazy\" decoding=\"async\" width=\"800\" height=\"800\" src=\"https:\/\/arturf.com\/wp-content\/uploads\/2023\/09\/Padel-Flex-Backing-Option-SBR-Latex.jpg\" class=\"attachment- size-\" alt=\"padel\" srcset=\"https:\/\/arturf.com\/wp-content\/uploads\/2023\/09\/Padel-Flex-Backing-Option-SBR-Latex.jpg 800w, https:\/\/arturf.com\/wp-content\/uploads\/2023\/09\/Padel-Flex-Backing-Option-SBR-Latex-500x500.jpg 500w, https:\/\/arturf.com\/wp-content\/uploads\/2023\/09\/Padel-Flex-Backing-Option-SBR-Latex-768x768.jpg 768w, https:\/\/arturf.com\/wp-content\/uploads\/2023\/09\/Padel-Flex-Backing-Option-SBR-Latex-12x12.jpg 12w, https:\/\/arturf.com\/wp-content\/uploads\/2023\/09\/Padel-Flex-Backing-Option-SBR-Latex-510x510.jpg 510w, https:\/\/arturf.com\/wp-content\/uploads\/2023\/09\/Padel-Flex-Backing-Option-SBR-Latex-100x100.jpg 100w\" sizes=\"auto, (max-width: 800px) 100vw, 800px\" \/>\t\t\t\t\t\t\t\t\t\t\t<\/div>\n\t\t\t\t\t<\/div>\n\n\t\t<div class=\"box-text text-center\" >\n\t\t\t<div class=\"box-text-inner\">\n\t\t\t\t\n<h4>Suporte revestido com l\u00e1tex SBR<\/h4>\n<p>Uma op\u00e7\u00e3o de revestimento forte e econ\u00f4mica.<\/p>\n\t\t\t<\/div>\n\t\t<\/div>\n\t<\/div>\n\t\n\t\t<\/div>\n\t\t\t\t\t<\/div>\n\n\t\n\n\t<div id=\"col-1643545078\" class=\"col medium-4 small-12 large-4\"  >\n\t\t\t\t<div class=\"col-inner\"  >\n\t\t\t\n\t\t\t\n\t<div class=\"box has-hover   has-hover box-text-bottom\" >\n\n\t\t<div class=\"box-image\" style=\"border-radius:50%;\">\n\t\t\t\t\t\t<div class=\"image-cover\" style=\"padding-top:100%;\">\n\t\t\t\t<img loading=\"lazy\" decoding=\"async\" width=\"800\" height=\"800\" src=\"https:\/\/arturf.com\/wp-content\/uploads\/2023\/09\/Padel-Flex-Backing-Option-PU.jpg\" class=\"attachment- size-\" alt=\"padel\" srcset=\"https:\/\/arturf.com\/wp-content\/uploads\/2023\/09\/Padel-Flex-Backing-Option-PU.jpg 800w, https:\/\/arturf.com\/wp-content\/uploads\/2023\/09\/Padel-Flex-Backing-Option-PU-500x500.jpg 500w, https:\/\/arturf.com\/wp-content\/uploads\/2023\/09\/Padel-Flex-Backing-Option-PU-768x768.jpg 768w, https:\/\/arturf.com\/wp-content\/uploads\/2023\/09\/Padel-Flex-Backing-Option-PU-12x12.jpg 12w, https:\/\/arturf.com\/wp-content\/uploads\/2023\/09\/Padel-Flex-Backing-Option-PU-510x510.jpg 510w, https:\/\/arturf.com\/wp-content\/uploads\/2023\/09\/Padel-Flex-Backing-Option-PU-100x100.jpg 100w\" sizes=\"auto, (max-width: 800px) 100vw, 800px\" \/>\t\t\t\t\t\t\t\t\t\t\t<\/div>\n\t\t\t\t\t<\/div>\n\n\t\t<div class=\"box-text text-center\" >\n\t\t\t<div class=\"box-text-inner\">\n\t\t\t\t\n<h4>Embalagem revestida de PU (poliuretano)<\/h4>\n<p>Extremamente forte e dur\u00e1vel, segura firmemente as fibras, tornando-o ideal para tr\u00e1fego intenso e competi\u00e7\u00e3o intensa.<\/p>\n\t\t\t<\/div>\n\t\t<\/div>\n\t<\/div>\n\t\n\t\t<\/div>\n\t\t\t\t\t<\/div>\n\n\t\n\n\t<div id=\"col-368100946\" class=\"col medium-4 small-12 large-4\"  >\n\t\t\t\t<div class=\"col-inner\"  >\n\t\t\t\n\t\t\t\n\t\t<\/div>\n\t\t\t\t\t<\/div>\n\n\t\n<\/div>\n\t\t<\/div>\n\n\t\t\n<style>\n#section_1542958303 {\n  padding-top: 30px;\n  padding-bottom: 30px;\n}\n<\/style>\n\t<\/section>\n\t\n<p>Concluindo, PadelFlex \u00e9 a escolha certa para quem procura um sistema de grama artificial que traga confiabilidade, consist\u00eancia e durabilidade para quadras de padel, quadras de t\u00eanis e superf\u00edcies poliesportivas. Com o seu design inovador e materiais de alta qualidade, \u00e9 um investimento no futuro das suas instala\u00e7\u00f5es desportivas.<\/p>\n<p>Al\u00e9m da relva artificial de padel, oferecemos um pacote completo de componentes para a constru\u00e7\u00e3o de campos de padel. Confira abaixo os detalhes do produto.<\/p>\n\t\n  \n    <div class=\"row  equalize-box large-columns-3 medium-columns- small-columns-2 row-small slider row-slider slider-nav-reveal slider-nav-push\"  data-flickity-options='{&quot;imagesLoaded&quot;: true, &quot;groupCells&quot;: &quot;100%&quot;, &quot;dragThreshold&quot; : 5, &quot;cellAlign&quot;: &quot;left&quot;,&quot;wrapAround&quot;: true,&quot;prevNextButtons&quot;: true,&quot;percentPosition&quot;: true,&quot;pageDots&quot;: false, &quot;rightToLeft&quot;: false, &quot;autoPlay&quot; : false}' >\n\n  \n\t     <div class=\"product-small col has-hover product type-product post-18223 status-publish first instock product_cat-padel has-post-thumbnail shipping-taxable product-type-simple\">\n\t<div class=\"col-inner\">\n\t\n<div class=\"badge-container absolute left top z-1\">\n\n<\/div>\n\t<div class=\"product-small box\">\n\t\t<div class=\"box-image\">\n\t\t\t<div class=\"image-fade_in_back\">\n\t\t\t\t<a href=\"https:\/\/arturf.com\/pt\/product\/padel-court-kit\/\">\n\t\t\t\t\t<img loading=\"lazy\" decoding=\"async\" width=\"350\" height=\"263\" src=\"https:\/\/arturf.com\/wp-content\/uploads\/2023\/05\/Arturf-Padel-Court-2-350x263.jpg\" class=\"attachment-woocommerce_thumbnail size-woocommerce_thumbnail\" alt=\"Conjunto de quadra de padel\" srcset=\"https:\/\/arturf.com\/wp-content\/uploads\/2023\/05\/Arturf-Padel-Court-2-350x263.jpg 350w, https:\/\/arturf.com\/wp-content\/uploads\/2023\/05\/Arturf-Padel-Court-2-300x225.jpg 300w, https:\/\/arturf.com\/wp-content\/uploads\/2023\/05\/Arturf-Padel-Court-2-1024x768.jpg 1024w, https:\/\/arturf.com\/wp-content\/uploads\/2023\/05\/Arturf-Padel-Court-2-200x150.jpg 200w, https:\/\/arturf.com\/wp-content\/uploads\/2023\/05\/Arturf-Padel-Court-2-768x576.jpg 768w, https:\/\/arturf.com\/wp-content\/uploads\/2023\/05\/Arturf-Padel-Court-2-16x12.jpg 16w, https:\/\/arturf.com\/wp-content\/uploads\/2023\/05\/Arturf-Padel-Court-2-510x383.jpg 510w, https:\/\/arturf.com\/wp-content\/uploads\/2023\/05\/Arturf-Padel-Court-2.jpg 1229w\" sizes=\"auto, (max-width: 350px) 100vw, 350px\" \/><img loading=\"lazy\" decoding=\"async\" width=\"350\" height=\"263\" src=\"https:\/\/arturf.com\/wp-content\/uploads\/2023\/05\/Arturf-Padel-court-1-350x263.png\" class=\"show-on-hover absolute fill hide-for-small back-image\" alt=\"Vis\u00e3o alternativa do Padel Court Kit\" aria-hidden=\"true\" srcset=\"https:\/\/arturf.com\/wp-content\/uploads\/2023\/05\/Arturf-Padel-court-1-350x263.png 350w, https:\/\/arturf.com\/wp-content\/uploads\/2023\/05\/Arturf-Padel-court-1-300x225.png 300w, https:\/\/arturf.com\/wp-content\/uploads\/2023\/05\/Arturf-Padel-court-1-200x150.png 200w, https:\/\/arturf.com\/wp-content\/uploads\/2023\/05\/Arturf-Padel-court-1-768x576.png 768w, https:\/\/arturf.com\/wp-content\/uploads\/2023\/05\/Arturf-Padel-court-1-16x12.png 16w, https:\/\/arturf.com\/wp-content\/uploads\/2023\/05\/Arturf-Padel-court-1-510x383.png 510w, https:\/\/arturf.com\/wp-content\/uploads\/2023\/05\/Arturf-Padel-court-1.png 1000w\" sizes=\"auto, (max-width: 350px) 100vw, 350px\" \/>\t\t\t\t<\/a>\n\t\t\t<\/div>\n\t\t\t<div class=\"image-tools is-small top right show-on-hover\">\n\t\t\t\t\t\t\t<\/div>\n\t\t\t<div class=\"image-tools is-small hide-for-small bottom left show-on-hover\">\n\t\t\t\t\t\t\t<\/div>\n\t\t\t<div class=\"image-tools grid-tools text-center hide-for-small bottom hover-slide-in show-on-hover\">\n\t\t\t\t<a href=\"#quick-view\" class=\"quick-view\" role=\"button\" data-prod=\"18223\" aria-haspopup=\"dialog\" aria-expanded=\"false\" data-flatsome-role-button>Olhada r\u00e1pida<\/a>\t\t\t<\/div>\n\t\t\t\t\t<\/div>\n\n\t\t<div class=\"box-text box-text-products\">\n\t\t\t<div class=\"title-wrapper\">\t\t<p class=\"category uppercase is-smaller no-text-overflow product-cat op-8\">\n\t\t\tpadel\t\t<\/p>\n\t<p class=\"name product-title woocommerce-loop-product__title\"><a href=\"https:\/\/arturf.com\/pt\/product\/padel-court-kit\/\" class=\"woocommerce-LoopProduct-link woocommerce-loop-product__link\">Conjunto de quadra de padel<\/a><\/p><\/div><div class=\"price-wrapper\"><\/div>\t\t<\/div>\n\t<\/div>\n\t\t<\/div>\n<\/div><\/div>","protected":false},"excerpt":{"rendered":"<p>PadelFlex \u00e9 um sistema avan\u00e7ado de grama artificial projetado para quadras de padel, oferecendo excepcional consist\u00eancia e durabilidade de salto, tornando-o adequado para uso interno e externo.<\/p>","protected":false},"featured_media":19732,"template":"","meta":{"_seopress_robots_primary_cat":"932","_seopress_titles_title":"Padel Artificial Turf - FlexPlus: Ultimate Performance","_seopress_titles_desc":"","_seopress_robots_index":""},"product_brand":[],"product_cat":[932,69],"product_tag":[946],"class_list":{"0":"post-19515","1":"product","2":"type-product","3":"status-publish","4":"has-post-thumbnail","6":"product_cat-padel","7":"product_cat-multi-purpose","8":"product_tag-padel-turf","10":"","11":"instock","12":"shipping-taxable","13":"product-type-simple"},"_links":{"self":[{"href":"https:\/\/arturf.com\/pt\/wp-json\/wp\/v2\/product\/19515","targetHints":{"allow":["GET"]}}],"collection":[{"href":"https:\/\/arturf.com\/pt\/wp-json\/wp\/v2\/product"}],"about":[{"href":"https:\/\/arturf.com\/pt\/wp-json\/wp\/v2\/types\/product"}],"wp:featuredmedia":[{"embeddable":true,"href":"https:\/\/arturf.com\/pt\/wp-json\/wp\/v2\/media\/19732"}],"wp:attachment":[{"href":"https:\/\/arturf.com\/pt\/wp-json\/wp\/v2\/media?parent=19515"}],"wp:term":[{"taxonomy":"product_brand","embeddable":true,"href":"https:\/\/arturf.com\/pt\/wp-json\/wp\/v2\/product_brand?post=19515"},{"taxonomy":"product_cat","embeddable":true,"href":"https:\/\/arturf.com\/pt\/wp-json\/wp\/v2\/product_cat?post=19515"},{"taxonomy":"product_tag","embeddable":true,"href":"https:\/\/arturf.com\/pt\/wp-json\/wp\/v2\/product_tag?post=19515"}],"curies":[{"name":"wp","href":"https:\/\/api.w.org\/{rel}","templated":true}]}}