{"id":19842,"date":"2024-06-29T16:51:51","date_gmt":"2024-06-29T08:51:51","guid":{"rendered":"https:\/\/arturf.com\/?post_type=product&#038;p=19842"},"modified":"2024-07-13T21:37:46","modified_gmt":"2024-07-13T13:37:46","slug":"sport-netting-barrier","status":"publish","type":"product","link":"https:\/\/arturf.com\/pt\/product\/sport-netting-barrier\/","title":{"rendered":"Barreira de rede esportiva"},"content":{"rendered":"<p>Nossa barreira de rede esportiva, ou rede de parada de bola, \u00e9 adequada para uma variedade de esportes, incluindo futebol, beisebol e golfe. Quer necessite cercar um campo inteiro ou apenas \u00e1reas espec\u00edficas, a nossa rede oferece a solu\u00e7\u00e3o perfeita para qualquer clube desportivo ou instala\u00e7\u00e3o recreativa.<\/p>\n<h3>Caracter\u00edsticas principais<\/h3>\n<ul>\n<li><strong>Material:<\/strong> Polipropileno de alta densidade (HDPP)<\/li>\n<li><strong>Costumiza\u00e7\u00e3o:<\/strong> O tamanho do furo e o di\u00e2metro da linha s\u00e3o personaliz\u00e1veis para atender \u00e0s suas necessidades espec\u00edficas.<\/li>\n<li><strong>Estabilizado UV:<\/strong> Resistente aos raios UV, garantindo longevidade e durabilidade mesmo em condi\u00e7\u00f5es clim\u00e1ticas adversas.<\/li>\n<li><strong>For\u00e7a elevada:<\/strong> Projetado para suportar impactos intensos, tornando-o perfeito para diversas aplica\u00e7\u00f5es esportivas.<\/li>\n<\/ul>\n<h3>Rede de prote\u00e7\u00e3o lateral<\/h3>\n<ul>\n<li><strong>Tamanho padr\u00e3o do furo:<\/strong> 5cm x 5cm<\/li>\n<li><strong>Di\u00e2metro da linha padr\u00e3o:<\/strong> 3mm ou 4mm<\/li>\n<li><strong>Uso:<\/strong> Ideal para proteger as laterais dos campos esportivos, evitando que as bolas saiam da \u00e1rea e garantindo a seguran\u00e7a dos espectadores e do entorno. As redes laterais de prote\u00e7\u00e3o s\u00e3o normalmente usadas em conjunto com <a href=\"https:\/\/arturf.com\/pt\/product\/sports-fencing\/\">cercas esportivas<\/a>. Por exemplo, num sistema de cerca desportiva de 6 m de altura, uma cerca desportiva de 4 m pode ser usada na parte inferior e uma rede de prote\u00e7\u00e3o lateral de 2 m na parte superior.<\/li>\n<\/ul>\n<p><img alt=\"\" loading=\"lazy\" decoding=\"async\" class=\"alignnone wp-image-19861 size-large\" src=\"https:\/\/arturf.com\/wp-content\/uploads\/2024\/07\/Arturf-Sport-Fence-Net-1024x768.jpg\" width=\"1024\" height=\"768\" srcset=\"https:\/\/arturf.com\/wp-content\/uploads\/2024\/07\/Arturf-Sport-Fence-Net-1024x768.jpg 1024w, https:\/\/arturf.com\/wp-content\/uploads\/2024\/07\/Arturf-Sport-Fence-Net-500x375.jpg 500w, https:\/\/arturf.com\/wp-content\/uploads\/2024\/07\/Arturf-Sport-Fence-Net-200x150.jpg 200w, https:\/\/arturf.com\/wp-content\/uploads\/2024\/07\/Arturf-Sport-Fence-Net-768x576.jpg 768w, https:\/\/arturf.com\/wp-content\/uploads\/2024\/07\/Arturf-Sport-Fence-Net-16x12.jpg 16w, https:\/\/arturf.com\/wp-content\/uploads\/2024\/07\/Arturf-Sport-Fence-Net-350x263.jpg 350w, https:\/\/arturf.com\/wp-content\/uploads\/2024\/07\/Arturf-Sport-Fence-Net-510x383.jpg 510w, https:\/\/arturf.com\/wp-content\/uploads\/2024\/07\/Arturf-Sport-Fence-Net.jpg 1440w\" sizes=\"auto, (max-width: 1024px) 100vw, 1024px\" \/><\/p>\n<h3>Rede de cobertura superior<\/h3>\n<ul>\n<li><strong>Tamanho padr\u00e3o do furo:<\/strong> 10cm x 10cm<\/li>\n<li><strong>Di\u00e2metro da linha padr\u00e3o:<\/strong> 2mm<\/li>\n<li><strong>Uso:<\/strong> Perfeito para cobrir a parte superior do campo desportivo, evitando que as bolas escapem verticalmente e proporcionando uma camada adicional de prote\u00e7\u00e3o.<\/li>\n<\/ul>\n<h3><img alt=\"\" loading=\"lazy\" decoding=\"async\" class=\"alignnone wp-image-19843 size-large\" src=\"https:\/\/arturf.com\/wp-content\/uploads\/2024\/06\/Top-Cover-Net-Ball-Stop-Net-Arturf-Artificial-Grass-1024x768.jpg\" width=\"1024\" height=\"768\" srcset=\"https:\/\/arturf.com\/wp-content\/uploads\/2024\/06\/Top-Cover-Net-Ball-Stop-Net-Arturf-Artificial-Grass-1024x768.jpg 1024w, https:\/\/arturf.com\/wp-content\/uploads\/2024\/06\/Top-Cover-Net-Ball-Stop-Net-Arturf-Artificial-Grass-500x375.jpg 500w, https:\/\/arturf.com\/wp-content\/uploads\/2024\/06\/Top-Cover-Net-Ball-Stop-Net-Arturf-Artificial-Grass-200x150.jpg 200w, https:\/\/arturf.com\/wp-content\/uploads\/2024\/06\/Top-Cover-Net-Ball-Stop-Net-Arturf-Artificial-Grass-768x576.jpg 768w, https:\/\/arturf.com\/wp-content\/uploads\/2024\/06\/Top-Cover-Net-Ball-Stop-Net-Arturf-Artificial-Grass-16x12.jpg 16w, https:\/\/arturf.com\/wp-content\/uploads\/2024\/06\/Top-Cover-Net-Ball-Stop-Net-Arturf-Artificial-Grass-350x263.jpg 350w, https:\/\/arturf.com\/wp-content\/uploads\/2024\/06\/Top-Cover-Net-Ball-Stop-Net-Arturf-Artificial-Grass-510x383.jpg 510w, https:\/\/arturf.com\/wp-content\/uploads\/2024\/06\/Top-Cover-Net-Ball-Stop-Net-Arturf-Artificial-Grass.jpg 1440w\" sizes=\"auto, (max-width: 1024px) 100vw, 1024px\" \/><\/h3>\n<h3>Benef\u00edcios<\/h3>\n<ul>\n<li><strong>Durabilidade:<\/strong> Feita com fio HDPP torcido, nossa rede bloqueadora de bolas \u00e9 excepcionalmente forte e pode suportar uso pesado sem desfiar ou danificar.<\/li>\n<li><strong>Resistente ao tempo:<\/strong> A estabiliza\u00e7\u00e3o UV permite que a rede permane\u00e7a ao ar livre em qualquer condi\u00e7\u00e3o clim\u00e1tica, sem apodrecer ou degradar.<\/li>\n<li><strong>Customiz\u00e1vel:<\/strong> Personalize a rede de acordo com suas necessidades espec\u00edficas com tamanhos de furos e di\u00e2metros de linha personaliz\u00e1veis, garantindo desempenho ideal para seu esporte.<\/li>\n<li><strong>Seguran\u00e7a:<\/strong> Fornece conten\u00e7\u00e3o confi\u00e1vel, reduzindo o risco de danos \u00e0 propriedade e ferimentos aos transeuntes.<\/li>\n<\/ul>","protected":false},"excerpt":{"rendered":"<p>Nossa barreira de rede esportiva \u00e9 a solu\u00e7\u00e3o definitiva para proteger o per\u00edmetro e a cobertura superior do seu campo esportivo. Este vers\u00e1til sistema de rede, tamb\u00e9m conhecido como rede bloqueadora de bola, foi projetado para manter a \u00e1rea de jogo segura e protegida, garantindo que as bolas e outros equipamentos permane\u00e7am dentro dos limites do campo. Nossa barreira de rede esportiva oferece duas op\u00e7\u00f5es: a rede de prote\u00e7\u00e3o lateral e a rede de cobertura superior. Ambos s\u00e3o fabricados em polipropileno de alta densidade (HDPP) para maior resist\u00eancia e durabilidade.<\/p>","protected":false},"featured_media":7007,"template":"","meta":{"_seopress_robots_primary_cat":"","_seopress_titles_title":"","_seopress_titles_desc":"","_seopress_robots_index":""},"product_brand":[],"product_cat":[66],"product_tag":[],"class_list":{"0":"post-19842","1":"product","2":"type-product","3":"status-publish","4":"has-post-thumbnail","6":"product_cat-accessories","8":"first","9":"instock","10":"shipping-taxable","11":"product-type-simple"},"_links":{"self":[{"href":"https:\/\/arturf.com\/pt\/wp-json\/wp\/v2\/product\/19842","targetHints":{"allow":["GET"]}}],"collection":[{"href":"https:\/\/arturf.com\/pt\/wp-json\/wp\/v2\/product"}],"about":[{"href":"https:\/\/arturf.com\/pt\/wp-json\/wp\/v2\/types\/product"}],"wp:featuredmedia":[{"embeddable":true,"href":"https:\/\/arturf.com\/pt\/wp-json\/wp\/v2\/media\/7007"}],"wp:attachment":[{"href":"https:\/\/arturf.com\/pt\/wp-json\/wp\/v2\/media?parent=19842"}],"wp:term":[{"taxonomy":"product_brand","embeddable":true,"href":"https:\/\/arturf.com\/pt\/wp-json\/wp\/v2\/product_brand?post=19842"},{"taxonomy":"product_cat","embeddable":true,"href":"https:\/\/arturf.com\/pt\/wp-json\/wp\/v2\/product_cat?post=19842"},{"taxonomy":"product_tag","embeddable":true,"href":"https:\/\/arturf.com\/pt\/wp-json\/wp\/v2\/product_tag?post=19842"}],"curies":[{"name":"wp","href":"https:\/\/api.w.org\/{rel}","templated":true}]}}