{"id":19845,"date":"2024-07-06T10:39:27","date_gmt":"2024-07-06T02:39:27","guid":{"rendered":"https:\/\/arturf.com\/?post_type=product&#038;p=19845"},"modified":"2024-07-06T10:59:13","modified_gmt":"2024-07-06T02:59:13","slug":"football-goal","status":"publish","type":"product","link":"https:\/\/arturf.com\/pt\/product\/football-goal\/","title":{"rendered":"Gol de futebol"},"content":{"rendered":"<p><strong>Caracter\u00edsticas do produto:<\/strong><\/p>\n<p><strong>1. Forma\u00e7\u00e3o de pe\u00e7a \u00fanica:<\/strong><br \/>Nossas estruturas de gol s\u00e3o feitas de a\u00e7o premium, moldadas em um \u00fanico processo. Este design, juntamente com um acabamento pl\u00e1stico em spray eletrost\u00e1tico, garante uma estrutura s\u00f3lida e est\u00e1vel que resiste aos danos do vento e do sol.<\/p>\n<p><strong>2. Soldagem Firme:<\/strong><br \/>Utilizando soldagem protetora CO\u2082 e jateamento para remover ferrugem, seguido de pulveriza\u00e7\u00e3o eletrost\u00e1tica, garantimos que nossas soldas sejam robustas, atraentes e duradouras.<\/p>\n<p><strong>3. Projeto est\u00e1vel:<\/strong><br \/>A base da baliza apresenta um grande design de estabiliza\u00e7\u00e3o de disco, garantindo que ela permane\u00e7a segura e dur\u00e1vel mesmo sob fortes impactos durante o jogo.<\/p>\n<p><strong>4. Rede Premium:<\/strong><br \/>Nossas redes s\u00e3o fabricadas em polietileno de alta qualidade, oferecendo durabilidade superior, resist\u00eancia aos raios UV e \u00e0 prova de intemp\u00e9ries.<\/p>\n<p><strong>5. Tubos de a\u00e7o espessados:<\/strong><br \/>Constru\u00eddas com tubos de a\u00e7o espesso premium de padr\u00e3o nacional, nossas metas s\u00e3o feitas de materiais genu\u00ednos e dur\u00e1veis, projetados para durar.<\/p>\n<h3>Dimensionamento da meta por tamanho da equipe:<\/h3>\n<ul>\n<li>\n<p><strong>Lado 11<\/strong>:<\/p>\n<ul>\n<li><strong>N\u00edvel J\u00fanior<\/strong>: O tamanho do poste da baliza \u00e9 6,40 m x 2,13 m (21 p\u00e9s x 7 p\u00e9s).<\/li>\n<li><strong>N\u00edvel s\u00eanior<\/strong>: O tamanho do poste da baliza \u00e9 24 p\u00e9s x 8 p\u00e9s (7,32 m x 2,44 m).<\/li>\n<\/ul>\n<\/li>\n<li>\n<p><strong>Lado 9<\/strong>:<\/p>\n<ul>\n<li>O tamanho do poste da baliza \u00e9 16 p\u00e9s x 7 p\u00e9s (4,88 m x 2,13 m).<\/li>\n<\/ul>\n<\/li>\n<li>\n<p><strong>Lado 7<\/strong> e <strong>Lado de 5<\/strong>:<\/p>\n<ul>\n<li>O tamanho recomendado do poste da baliza \u00e9 3,66 m x 1,83 m (12 p\u00e9s x 6 p\u00e9s), tamb\u00e9m conhecido como gol \u201cMini Futebol\u201d.<\/li>\n<li>Para jogos de 5 de cada lado, os tamanhos dos postes da baliza s\u00e3o 12 p\u00e9s x 4 p\u00e9s (3,66 m x 1,22 m) ou 16 p\u00e9s x 4 p\u00e9s (4,88 m x 1,22 m).<\/li>\n<\/ul>\n<\/li>\n<\/ul>\n<p>Nossas balizas de futebol s\u00e3o projetadas para atender \u00e0s diversas necessidades de equipes de v\u00e1rios tamanhos, garantindo que cada jogador possa desfrutar do jogo com equipamentos seguros, dur\u00e1veis e adaptados ao seu n\u00edvel.<\/p>\n<p><strong>Nota importante:<\/strong> Observe que n\u00e3o fornecemos gols de futebol individualmente. Eles est\u00e3o dispon\u00edveis apenas em conjunto com nosso <a href=\"https:\/\/arturf.com\/pt\/products\/football-grass\/\">relvado de futebol<\/a> ou outros produtos.<\/p>","protected":false},"excerpt":{"rendered":"<p>Poste e rede inclu\u00eddos, nossa baliza de futebol\/futebol foi projetada para durabilidade e estabilidade, perfeita para times de v\u00e1rios tamanhos, de 3 a 11 de cada lado. Constru\u00edda em a\u00e7o galvanizado de alta qualidade e com uma rede robusta de polietileno, esta baliza foi constru\u00edda para resistir a jogos intensos e condi\u00e7\u00f5es clim\u00e1ticas adversas.<\/p>","protected":false},"featured_media":19846,"template":"","meta":{"_seopress_robots_primary_cat":"","_seopress_titles_title":"","_seopress_titles_desc":"","_seopress_robots_index":""},"product_brand":[],"product_cat":[831],"product_tag":[],"class_list":{"0":"post-19845","1":"product","2":"type-product","3":"status-publish","4":"has-post-thumbnail","6":"product_cat-extras","8":"first","9":"instock","10":"shipping-taxable","11":"product-type-simple"},"_links":{"self":[{"href":"https:\/\/arturf.com\/pt\/wp-json\/wp\/v2\/product\/19845","targetHints":{"allow":["GET"]}}],"collection":[{"href":"https:\/\/arturf.com\/pt\/wp-json\/wp\/v2\/product"}],"about":[{"href":"https:\/\/arturf.com\/pt\/wp-json\/wp\/v2\/types\/product"}],"wp:featuredmedia":[{"embeddable":true,"href":"https:\/\/arturf.com\/pt\/wp-json\/wp\/v2\/media\/19846"}],"wp:attachment":[{"href":"https:\/\/arturf.com\/pt\/wp-json\/wp\/v2\/media?parent=19845"}],"wp:term":[{"taxonomy":"product_brand","embeddable":true,"href":"https:\/\/arturf.com\/pt\/wp-json\/wp\/v2\/product_brand?post=19845"},{"taxonomy":"product_cat","embeddable":true,"href":"https:\/\/arturf.com\/pt\/wp-json\/wp\/v2\/product_cat?post=19845"},{"taxonomy":"product_tag","embeddable":true,"href":"https:\/\/arturf.com\/pt\/wp-json\/wp\/v2\/product_tag?post=19845"}],"curies":[{"name":"wp","href":"https:\/\/api.w.org\/{rel}","templated":true}]}}