{"id":20426,"date":"2024-08-23T11:10:52","date_gmt":"2024-08-23T03:10:52","guid":{"rendered":"https:\/\/arturf.com\/?post_type=product&#038;p=20426"},"modified":"2025-03-22T20:12:09","modified_gmt":"2025-03-22T12:12:09","slug":"padel-court-cover","status":"publish","type":"product","link":"https:\/\/arturf.com\/pt\/product\/padel-court-cover\/","title":{"rendered":"Capa para quadra de padel"},"content":{"rendered":"<p>Na Arturf, fornecemos coberturas e toldos premium para quadras de padel que garantem jogo o ano todo, independentemente do clima. Ao contr\u00e1rio das op\u00e7\u00f5es infl\u00e1veis, nossos toldos est\u00e1ticos s\u00e3o constru\u00eddos para durabilidade e oferecem prote\u00e7\u00e3o permanente contra os elementos. Com solu\u00e7\u00f5es personalizadas adaptadas \u00e0s necessidades exclusivas de cada local, a Arturf torna f\u00e1cil elevar sua experi\u00eancia em quadras de padel ao ar livre.<\/p>\n<h3>1. Canopy integrado com pilares da quadra de padel<\/h3>\n<p>Nossas solu\u00e7\u00f5es integradas Padel Court Canopy combinam perfeitamente com os pilares da quadra de padel, criando um design unificado e elegante. Essas coberturas fornecem prote\u00e7\u00e3o ideal contra chuva, sol e vento, garantindo que sua quadra permane\u00e7a em perfeitas condi\u00e7\u00f5es. Com as coberturas integradas do Arturf, aproveite a jogabilidade cont\u00ednua e melhore o apelo est\u00e9tico da sua quadra de padel com uma cobertura dur\u00e1vel para todas as condi\u00e7\u00f5es clim\u00e1ticas.<\/p>\n<p><img alt=\"\" loading=\"lazy\" decoding=\"async\" class=\"alignnone wp-image-20433 size-medium\" src=\"https:\/\/arturf.com\/wp-content\/uploads\/2024\/08\/Canopy-Integrated-with-Padel-Court-Pillars-500x333.jpg\" width=\"500\" height=\"333\" srcset=\"https:\/\/arturf.com\/wp-content\/uploads\/2024\/08\/Canopy-Integrated-with-Padel-Court-Pillars-500x333.jpg 500w, https:\/\/arturf.com\/wp-content\/uploads\/2024\/08\/Canopy-Integrated-with-Padel-Court-Pillars-768x511.jpg 768w, https:\/\/arturf.com\/wp-content\/uploads\/2024\/08\/Canopy-Integrated-with-Padel-Court-Pillars-18x12.jpg 18w, https:\/\/arturf.com\/wp-content\/uploads\/2024\/08\/Canopy-Integrated-with-Padel-Court-Pillars-510x340.jpg 510w, https:\/\/arturf.com\/wp-content\/uploads\/2024\/08\/Canopy-Integrated-with-Padel-Court-Pillars.jpg 1000w\" sizes=\"auto, (max-width: 500px) 100vw, 500px\" \/><\/p>\n<h3>2. Canopy separado da estrutura da quadra de padel<\/h3>\n<p>Para aqueles que exigem mais flexibilidade, a Arturf oferece solu\u00e7\u00f5es de cobertura de quadra de padel que s\u00e3o separadas da estrutura da quadra de padel. Essas coberturas vers\u00e1teis s\u00e3o personaliz\u00e1veis para atender aos requisitos espec\u00edficos do seu local, fornecendo prote\u00e7\u00e3o robusta sem interferir no design da quadra. Seja enfrentando sol intenso ou chuva forte, nossas coberturas separadas oferecem cobertura confi\u00e1vel, permitindo jogo ininterrupto e preservando a integridade do layout da sua quadra de padel.<\/p>\n<p><img alt=\"\" loading=\"lazy\" decoding=\"async\" class=\"alignnone size-medium wp-image-20439\" src=\"https:\/\/arturf.com\/wp-content\/uploads\/2024\/08\/Canopy-Separated-from-Padel-Court-Structure-500x333.jpg\" width=\"500\" height=\"333\" srcset=\"https:\/\/arturf.com\/wp-content\/uploads\/2024\/08\/Canopy-Separated-from-Padel-Court-Structure-500x333.jpg 500w, https:\/\/arturf.com\/wp-content\/uploads\/2024\/08\/Canopy-Separated-from-Padel-Court-Structure-768x511.jpg 768w, https:\/\/arturf.com\/wp-content\/uploads\/2024\/08\/Canopy-Separated-from-Padel-Court-Structure-18x12.jpg 18w, https:\/\/arturf.com\/wp-content\/uploads\/2024\/08\/Canopy-Separated-from-Padel-Court-Structure-510x340.jpg 510w, https:\/\/arturf.com\/wp-content\/uploads\/2024\/08\/Canopy-Separated-from-Padel-Court-Structure.jpg 1000w\" sizes=\"auto, (max-width: 500px) 100vw, 500px\" \/><\/p>\n<h3>3. Edif\u00edcio de a\u00e7o\/alum\u00ednio com paredes<\/h3>\n<p>Para m\u00e1xima prote\u00e7\u00e3o e versatilidade, a Arturf oferece solu\u00e7\u00f5es de constru\u00e7\u00e3o de a\u00e7o ou alum\u00ednio com paredes para sua quadra de padel. Essas estruturas fornecem um ambiente totalmente fechado, protegendo jogadores e equipamentos de todas as condi\u00e7\u00f5es clim\u00e1ticas, incluindo ventos fortes, chuva pesada e luz solar intensa. Constru\u00eddos em a\u00e7o ou alum\u00ednio de alta qualidade, esses edif\u00edcios s\u00e3o projetados para durabilidade e longevidade, garantindo que sua quadra esteja bem protegida o ano todo.<\/p>\n<p>Os edif\u00edcios de a\u00e7o ou alum\u00ednio s\u00e3o personaliz\u00e1veis para atender \u00e0s suas necessidades espec\u00edficas, incluindo tamanho, design e recursos adicionais, como sistemas de ilumina\u00e7\u00e3o e ventila\u00e7\u00e3o. Com os edif\u00edcios de a\u00e7o ou alum\u00ednio da Arturf, voc\u00ea pode transformar sua quadra de padel em uma instala\u00e7\u00e3o confort\u00e1vel para todas as esta\u00e7\u00f5es, que melhora a experi\u00eancia do jogador e estende a usabilidade da quadra.<\/p>\n<p><img alt=\"\" loading=\"lazy\" decoding=\"async\" class=\"alignnone wp-image-20432 size-medium\" src=\"https:\/\/arturf.com\/wp-content\/uploads\/2024\/08\/Padel-Court-Cover-500x300.jpg\" width=\"500\" height=\"300\" srcset=\"https:\/\/arturf.com\/wp-content\/uploads\/2024\/08\/Padel-Court-Cover-500x300.jpg 500w, https:\/\/arturf.com\/wp-content\/uploads\/2024\/08\/Padel-Court-Cover-768x460.jpg 768w, https:\/\/arturf.com\/wp-content\/uploads\/2024\/08\/Padel-Court-Cover-18x12.jpg 18w, https:\/\/arturf.com\/wp-content\/uploads\/2024\/08\/Padel-Court-Cover-510x305.jpg 510w, https:\/\/arturf.com\/wp-content\/uploads\/2024\/08\/Padel-Court-Cover.jpg 1000w\" sizes=\"auto, (max-width: 500px) 100vw, 500px\" \/><\/p>","protected":false},"excerpt":{"rendered":"<p>Explore as op\u00e7\u00f5es de cobertura e cobertura para quadra de padel da Arturf para jogar o ano todo. Designs personalizados, dur\u00e1veis e estilosos que protegem sua quadra em qualquer clima.<\/p>","protected":false},"featured_media":20431,"template":"","meta":{"_seopress_robots_primary_cat":"932","_seopress_titles_title":"Padel Court Cover & Canopy | Durable All-Weather Protection","_seopress_titles_desc":"","_seopress_robots_index":""},"product_brand":[],"product_cat":[932,831],"product_tag":[],"class_list":{"0":"post-20426","1":"product","2":"type-product","3":"status-publish","4":"has-post-thumbnail","6":"product_cat-padel","7":"product_cat-extras","9":"first","10":"instock","11":"shipping-taxable","12":"product-type-simple"},"_links":{"self":[{"href":"https:\/\/arturf.com\/pt\/wp-json\/wp\/v2\/product\/20426","targetHints":{"allow":["GET"]}}],"collection":[{"href":"https:\/\/arturf.com\/pt\/wp-json\/wp\/v2\/product"}],"about":[{"href":"https:\/\/arturf.com\/pt\/wp-json\/wp\/v2\/types\/product"}],"wp:featuredmedia":[{"embeddable":true,"href":"https:\/\/arturf.com\/pt\/wp-json\/wp\/v2\/media\/20431"}],"wp:attachment":[{"href":"https:\/\/arturf.com\/pt\/wp-json\/wp\/v2\/media?parent=20426"}],"wp:term":[{"taxonomy":"product_brand","embeddable":true,"href":"https:\/\/arturf.com\/pt\/wp-json\/wp\/v2\/product_brand?post=20426"},{"taxonomy":"product_cat","embeddable":true,"href":"https:\/\/arturf.com\/pt\/wp-json\/wp\/v2\/product_cat?post=20426"},{"taxonomy":"product_tag","embeddable":true,"href":"https:\/\/arturf.com\/pt\/wp-json\/wp\/v2\/product_tag?post=20426"}],"curies":[{"name":"wp","href":"https:\/\/api.w.org\/{rel}","templated":true}]}}