{"id":26578,"date":"2025-07-05T17:35:13","date_gmt":"2025-07-05T09:35:13","guid":{"rendered":"https:\/\/arturf.com\/?post_type=product&#038;p=26578"},"modified":"2025-07-07T08:19:05","modified_gmt":"2025-07-07T00:19:05","slug":"pickleball-floor","status":"publish","type":"product","link":"https:\/\/arturf.com\/pt\/product\/pickleball-floor\/","title":{"rendered":"Piso de Pickleball"},"content":{"rendered":"<p>O Pickleball est\u00e1 em alta no mundo todo. Para atender \u00e0 crescente demanda, <strong>Arturf<\/strong>\u00a0lan\u00e7ou um piso de pickleball de alto desempenho com propriedades antiderrapantes e resistentes ao desgaste. Projetado para uso interno e externo, oferece excelente rebote e acompanha o ritmo \u00fanico do jogo de pickleball. A superf\u00edcie apresenta <strong>Tecnologia de superf\u00edcie NanoShield do Arturf<\/strong>, oferecendo resist\u00eancia superior ao envelhecimento, aos raios UV e ao ac\u00famulo de oleosidade.<\/p>\n<h4>Tecnologia de superf\u00edcie NanoShield<\/h4>\n<p><strong>Tecnologia de superf\u00edcie NanoShield<\/strong>\u00a0\u00e9 um revestimento ecol\u00f3gico de \u00faltima gera\u00e7\u00e3o que melhora a durabilidade e a apar\u00eancia do piso. Este nanorrevestimento de pol\u00edmero avan\u00e7ado protege contra desbotamento, migra\u00e7\u00e3o de \u00f3leo, danos UV e desgaste, mantendo tra\u00e7\u00e3o consistente e cores vibrantes mesmo em condi\u00e7\u00f5es externas extremas.<\/p>\n<figure id=\"attachment_26582\" aria-describedby=\"caption-attachment-26582\" style=\"width: 1020px\" class=\"wp-caption aligncenter\"><img alt=\"\" loading=\"lazy\" decoding=\"async\" class=\"wp-image-26582 size-large\" src=\"https:\/\/arturf.com\/wp-content\/uploads\/2025\/07\/arturf-pickleball-floor-p3-structure-images-1024x952.jpg\" width=\"1020\" height=\"948\" srcset=\"https:\/\/arturf.com\/wp-content\/uploads\/2025\/07\/arturf-pickleball-floor-p3-structure-images-1024x952.jpg 1024w, https:\/\/arturf.com\/wp-content\/uploads\/2025\/07\/arturf-pickleball-floor-p3-structure-images-500x465.jpg 500w, https:\/\/arturf.com\/wp-content\/uploads\/2025\/07\/arturf-pickleball-floor-p3-structure-images-768x714.jpg 768w, https:\/\/arturf.com\/wp-content\/uploads\/2025\/07\/arturf-pickleball-floor-p3-structure-images-1536x1428.jpg 1536w, https:\/\/arturf.com\/wp-content\/uploads\/2025\/07\/arturf-pickleball-floor-p3-structure-images-13x12.jpg 13w, https:\/\/arturf.com\/wp-content\/uploads\/2025\/07\/arturf-pickleball-floor-p3-structure-images-510x474.jpg 510w, https:\/\/arturf.com\/wp-content\/uploads\/2025\/07\/arturf-pickleball-floor-p3-structure-images.jpg 1652w\" sizes=\"auto, (max-width: 1020px) 100vw, 1020px\" \/><figcaption id=\"caption-attachment-26582\" class=\"wp-caption-text\">estrutura e imagens do piso de pickleball arturf p3<\/figcaption><\/figure>\n<h4>Caracter\u00edsticas do produto\u00a0<\/h4>\n<ol>\n<li><b><\/b><strong><b>Superf\u00edcie nano-revestida<\/b><\/strong>previne a oleosidade e a degrada\u00e7\u00e3o da superf\u00edcie devido \u00e0 exposi\u00e7\u00e3o aos raios UV.<\/li>\n<li><b><\/b><strong><b>Texturizado com pequenos gr\u00e3os de pedra<\/b><\/strong>e part\u00edculas antiderrapantes para m\u00e1xima ader\u00eancia e seguran\u00e7a.<\/li>\n<li><b><\/b><strong><b>Constru\u00e7\u00e3o densa em PVC puro <\/b><\/strong>garante perda m\u00ednima de elasticidade e excelente rebote da bola.<\/li>\n<li><b><\/b><strong><b>F\u00f3rmula patenteada sem \u00f3leo,<\/b><\/strong>antienvelhecimento e desempenho duradouro.<\/li>\n<li><b><\/b><strong><b>Antibacteriano, n\u00e3o absorvente<\/b><\/strong>, e sem odores para condi\u00e7\u00f5es de jogo mais limpas.<\/li>\n<li><b><\/b><strong><b>Materiais ecologicamente seguros<\/b><\/strong>: n\u00e3o t\u00f3xico, inodoro e em conformidade com os padr\u00f5es verdes.<\/li>\n<li><b><\/b><strong><b>Resistente \u00e0 temperatura<\/b><\/strong>: funciona de forma confi\u00e1vel de -40\u00b0C a 100\u00b0<\/li>\n<\/ol>\n<p>\u00a0<\/p>","protected":false},"excerpt":{"rendered":"<p>Projetado para quadras internas e externas, o piso de Pickleball Arturf apresenta textura antiderrapante, excelente rebote e longa durabilidade. Aprimorado com <strong data-start=\"282\" data-end=\"316\">Tecnologia de superf\u00edcie NanoShield<\/strong>, resiste a danos UV, \u00f3leo e desgaste, garantindo desempenho e seguran\u00e7a consistentes. Feito de PVC ecol\u00f3gico, \u00e9 antibacteriano, inodoro e constru\u00eddo para suportar temperaturas extremas.<\/p>","protected":false},"featured_media":26581,"template":"","meta":{"_seopress_robots_primary_cat":"","_seopress_titles_title":"Professional Pickleball Flooring - Indoor\/Outdoor, Anti-Slip Surface","_seopress_titles_desc":"","_seopress_robots_index":""},"product_brand":[],"product_cat":[831],"product_tag":[],"class_list":{"0":"post-26578","1":"product","2":"type-product","3":"status-publish","4":"has-post-thumbnail","6":"product_cat-extras","8":"first","9":"instock","10":"shipping-taxable","11":"product-type-simple"},"_links":{"self":[{"href":"https:\/\/arturf.com\/pt\/wp-json\/wp\/v2\/product\/26578","targetHints":{"allow":["GET"]}}],"collection":[{"href":"https:\/\/arturf.com\/pt\/wp-json\/wp\/v2\/product"}],"about":[{"href":"https:\/\/arturf.com\/pt\/wp-json\/wp\/v2\/types\/product"}],"wp:featuredmedia":[{"embeddable":true,"href":"https:\/\/arturf.com\/pt\/wp-json\/wp\/v2\/media\/26581"}],"wp:attachment":[{"href":"https:\/\/arturf.com\/pt\/wp-json\/wp\/v2\/media?parent=26578"}],"wp:term":[{"taxonomy":"product_brand","embeddable":true,"href":"https:\/\/arturf.com\/pt\/wp-json\/wp\/v2\/product_brand?post=26578"},{"taxonomy":"product_cat","embeddable":true,"href":"https:\/\/arturf.com\/pt\/wp-json\/wp\/v2\/product_cat?post=26578"},{"taxonomy":"product_tag","embeddable":true,"href":"https:\/\/arturf.com\/pt\/wp-json\/wp\/v2\/product_tag?post=26578"}],"curies":[{"name":"wp","href":"https:\/\/api.w.org\/{rel}","templated":true}]}}