{"id":6521,"date":"2017-05-19T08:13:27","date_gmt":"2017-05-19T08:13:27","guid":{"rendered":"https:\/\/arturf.com\/?post_type=product&#038;p=6521"},"modified":"2019-12-18T02:39:54","modified_gmt":"2019-12-18T02:39:54","slug":"artificial-grass-rubber-infill","status":"publish","type":"product","link":"https:\/\/arturf.com\/pt\/product\/artificial-grass-rubber-infill\/","title":{"rendered":"Gr\u00e2nulo de borracha"},"content":{"rendered":"<h2 style=\"text-align: left;\"><strong>Por que usar enchimento de borracha para campos de futebol?<\/strong><\/h2>\n<ul>\n<li class=\"bullet-checkmark bullet-arrow\" style=\"text-align: left;\">Uma camada de preenchimento \u00e9 usada para melhorar a jogabilidade na grama artificial. O preenchimento fornece ader\u00eancia, conforto dos slides, estabilidade e restaura\u00e7\u00e3o de energia.<\/li>\n<li class=\"bullet-checkmark bullet-arrow\" style=\"text-align: left;\">O enchimento de borracha permite que as l\u00e2minas de grama sint\u00e9tica fiquem na vertical, dando \u00e0 grama uma apar\u00eancia natural.<\/li>\n<li class=\"bullet-checkmark bullet-arrow\" style=\"text-align: left;\">Forne\u00e7a uma superf\u00edcie almofadada para reproduzir de maneira semelhante \u00e0 grama natural.<\/li>\n<li class=\"bullet-checkmark bullet-arrow\" style=\"text-align: left;\">Fa\u00e7a com que as superf\u00edcies de grama artificial sejam capazes de suportar tens\u00f5es mais altas do que o normal (proteja o sistema de grama artificial e tenha vida mais longa)<\/li>\n<\/ul>\n\t<div class=\"img has-hover x md-x lg-x y md-y lg-y\" id=\"image_1837793671\">\n\t\t\t\t\t\t\t\t<div class=\"img-inner dark\" >\n\t\t\t<img loading=\"lazy\" decoding=\"async\" width=\"700\" height=\"294\" src=\"https:\/\/arturf.com\/wp-content\/uploads\/2018\/05\/Football-Turf-Infill-System.jpg\" class=\"attachment-large size-large\" alt=\"N\u00e3o preenchido\" srcset=\"https:\/\/arturf.com\/wp-content\/uploads\/2018\/05\/Football-Turf-Infill-System.jpg 700w, https:\/\/arturf.com\/wp-content\/uploads\/2018\/05\/Football-Turf-Infill-System-300x126.jpg 300w, https:\/\/arturf.com\/wp-content\/uploads\/2018\/05\/Football-Turf-Infill-System-18x8.jpg 18w, https:\/\/arturf.com\/wp-content\/uploads\/2018\/05\/Football-Turf-Infill-System-510x214.jpg 510w\" sizes=\"auto, (max-width: 700px) 100vw, 700px\" \/>\t\t\t\t\t\t\n\t\t\t\t\t<\/div>\n\t\t\t\t\t\t\t\t\n<style>\n#image_1837793671 {\n  width: 60%;\n}\n<\/style>\n\t<\/div>\n\t\n<h2>Que tipos de preenchimento de borracha voc\u00ea pode usar para campos de esportes com grama artificial?<\/h2>\n<p>Existem v\u00e1rios tipos de borracha para migalhas que voc\u00ea pode usar como preenchimento, incluindo gr\u00e2nulo de raspador SBR, gr\u00e2nulo de borracha TPE, gr\u00e2nulo de borracha EPDM e materiais org\u00e2nicos. Recomendamos gr\u00e2nulos de borracha SBR ou borracha de migalhas de TPE. Esses dois s\u00e3o os preenchimentos de borracha de alto desempenho mais comuns e comprovados no mercado.<\/p>\n<h3>1. SBR Crumb Rubber<\/h3>\n<p>A borracha triturada SBR (ap\u00f3s sua composi\u00e7\u00e3o qu\u00edmica - borracha de estireno-butadieno) \u00e9 mais comumente fabricada com pneus reciclados. O material foi <a href=\"https:\/\/arturf.com\/pt\/blog\/is-sbr-infill-safe\/\" target=\"_blank\" rel=\"noopener noreferrer\">comprovadamente seguro<\/a> para ser usado como enchimento artificial de grama. O gr\u00e2nulo de borracha SBR \u00e9 o enchimento de borracha mais comum no mercado, com pequenas caracter\u00edsticas de investimento na produ\u00e7\u00e3o.<\/p>\n<p>Borracha de migalha preta de tamanho de 1-3mm para melhorar o desempenho dos campos esportivos. Boa qualidade, limpo, sem mau cheiro e favor\u00e1vel ao meio ambiente.<\/p>\n\t<div class=\"img has-hover x md-x lg-x y md-y lg-y\" id=\"image_859918393\">\n\t\t\t\t\t\t\t\t<div class=\"img-inner dark\" style=\"margin:30px 0px 30px 0px;\">\n\t\t\t<img loading=\"lazy\" decoding=\"async\" width=\"460\" height=\"295\" src=\"https:\/\/arturf.com\/wp-content\/uploads\/2014\/07\/rubber_2-3.jpg\" class=\"attachment-large size-large\" alt=\"Preenchimento de gr\u00e2nulos de borracha\" srcset=\"https:\/\/arturf.com\/wp-content\/uploads\/2014\/07\/rubber_2-3.jpg 460w, https:\/\/arturf.com\/wp-content\/uploads\/2014\/07\/rubber_2-3-300x192.jpg 300w, https:\/\/arturf.com\/wp-content\/uploads\/2014\/07\/rubber_2-3-18x12.jpg 18w\" sizes=\"auto, (max-width: 460px) 100vw, 460px\" \/>\t\t\t\t\t\t\n\t\t\t\t\t<\/div>\n\t\t\t\t\t\t\t\t\n<style>\n#image_859918393 {\n  width: 50%;\n}\n<\/style>\n\t<\/div>\n\t\n<h3>2. Gr\u00e2nulo de borracha TPE<\/h3>\n<p>O elast\u00f4mero termopl\u00e1stico possui alta resili\u00eancia, resist\u00eancia e elasticidade da borracha, al\u00e9m de possuir as caracter\u00edsticas do processamento de inje\u00e7\u00e3o. \u00c9 um gr\u00e2nulo de borracha de pol\u00edmero \u00e0 base de PU, PE, EPDM, SBS, SEBS, PP, PC, PA, ABS. Nossos gr\u00e2nulos ocos de TPE s\u00e3o adequados como material de preenchimento para relva artificial.<\/p>\n\t<div class=\"img has-hover x md-x lg-x y md-y lg-y\" id=\"image_988484927\">\n\t\t\t\t\t\t\t\t<div class=\"img-inner dark\" style=\"margin:30px 0px 30px 0px;\">\n\t\t\t<img loading=\"lazy\" decoding=\"async\" width=\"800\" height=\"533\" src=\"https:\/\/arturf.com\/wp-content\/uploads\/2019\/04\/TPE-RUBBER-INFILL.jpg\" class=\"attachment-large size-large\" alt=\"ENCHIMENTO DE BORRACHA TPE\" srcset=\"https:\/\/arturf.com\/wp-content\/uploads\/2019\/04\/TPE-RUBBER-INFILL.jpg 800w, https:\/\/arturf.com\/wp-content\/uploads\/2019\/04\/TPE-RUBBER-INFILL-300x200.jpg 300w, https:\/\/arturf.com\/wp-content\/uploads\/2019\/04\/TPE-RUBBER-INFILL-768x512.jpg 768w, https:\/\/arturf.com\/wp-content\/uploads\/2019\/04\/TPE-RUBBER-INFILL-18x12.jpg 18w, https:\/\/arturf.com\/wp-content\/uploads\/2019\/04\/TPE-RUBBER-INFILL-510x340.jpg 510w\" sizes=\"auto, (max-width: 800px) 100vw, 800px\" \/>\t\t\t\t\t\t\n\t\t\t\t\t<\/div>\n\t\t\t\t\t\t\t\t\n<style>\n#image_988484927 {\n  width: 50%;\n}\n<\/style>\n\t<\/div>\n\t\n<h2>Existe alguma grama de futebol que n\u00e3o precisa de preenchimentos?<\/h2>\n<p><strong>Sim.<\/strong> Se voc\u00ea deseja uma manuten\u00e7\u00e3o ainda mais minimizada e uma superf\u00edcie mais limpa, pode escolher nossa grama de futebol que n\u00e3o seja de enchimento. N\u00e3o precisa de enchimento de areia e borracha de s\u00edlica. Ideal para futebol de 5, 4, 3 ou 3, e campo multiuso.<\/p>\n\t\n  \n    <div class=\"row large-columns-2 medium-columns- small-columns- row-small\" >\n  \n\t     <div class=\"product-small col has-hover product type-product post-6298 status-publish first instock product_cat-football product_cat-multi-purpose product_tag-football-grass product_tag-non-infill has-post-thumbnail shipping-taxable product-type-simple\">\n\t<div class=\"col-inner\">\n\t\n<div class=\"badge-container absolute left top z-1\">\n\n<\/div>\n\t<div class=\"product-small box\">\n\t\t<div class=\"box-image\">\n\t\t\t<div class=\"image-fade_in_back\">\n\t\t\t\t<a href=\"https:\/\/arturf.com\/pt\/product\/non-infill-football-grass\/\">\n\t\t\t\t\t<img loading=\"lazy\" decoding=\"async\" width=\"350\" height=\"263\" src=\"https:\/\/arturf.com\/wp-content\/uploads\/2018\/04\/NON-INFILL-FOOTBALL-GRASS-NFMT30-1-350x263.jpg\" class=\"attachment-woocommerce_thumbnail size-woocommerce_thumbnail\" alt=\"Grama de futebol sem enchimento\" srcset=\"https:\/\/arturf.com\/wp-content\/uploads\/2018\/04\/NON-INFILL-FOOTBALL-GRASS-NFMT30-1-350x263.jpg 350w, https:\/\/arturf.com\/wp-content\/uploads\/2018\/04\/NON-INFILL-FOOTBALL-GRASS-NFMT30-1-300x225.jpg 300w, https:\/\/arturf.com\/wp-content\/uploads\/2018\/04\/NON-INFILL-FOOTBALL-GRASS-NFMT30-1-200x150.jpg 200w, https:\/\/arturf.com\/wp-content\/uploads\/2018\/04\/NON-INFILL-FOOTBALL-GRASS-NFMT30-1-768x576.jpg 768w, https:\/\/arturf.com\/wp-content\/uploads\/2018\/04\/NON-INFILL-FOOTBALL-GRASS-NFMT30-1-16x12.jpg 16w, https:\/\/arturf.com\/wp-content\/uploads\/2018\/04\/NON-INFILL-FOOTBALL-GRASS-NFMT30-1-510x383.jpg 510w, https:\/\/arturf.com\/wp-content\/uploads\/2018\/04\/NON-INFILL-FOOTBALL-GRASS-NFMT30-1.jpg 800w\" sizes=\"auto, (max-width: 350px) 100vw, 350px\" \/><img loading=\"lazy\" decoding=\"async\" width=\"350\" height=\"263\" src=\"https:\/\/arturf.com\/wp-content\/uploads\/2018\/04\/NON-INFILL-FOOTBALL-GRASS-NFMT30-2-350x263.jpg\" class=\"show-on-hover absolute fill hide-for-small back-image\" alt=\"Vis\u00e3o alternativa de grama de futebol sem preenchimento\" aria-hidden=\"true\" srcset=\"https:\/\/arturf.com\/wp-content\/uploads\/2018\/04\/NON-INFILL-FOOTBALL-GRASS-NFMT30-2-350x263.jpg 350w, https:\/\/arturf.com\/wp-content\/uploads\/2018\/04\/NON-INFILL-FOOTBALL-GRASS-NFMT30-2-300x225.jpg 300w, https:\/\/arturf.com\/wp-content\/uploads\/2018\/04\/NON-INFILL-FOOTBALL-GRASS-NFMT30-2-200x150.jpg 200w, https:\/\/arturf.com\/wp-content\/uploads\/2018\/04\/NON-INFILL-FOOTBALL-GRASS-NFMT30-2-768x575.jpg 768w, https:\/\/arturf.com\/wp-content\/uploads\/2018\/04\/NON-INFILL-FOOTBALL-GRASS-NFMT30-2-16x12.jpg 16w, https:\/\/arturf.com\/wp-content\/uploads\/2018\/04\/NON-INFILL-FOOTBALL-GRASS-NFMT30-2-510x382.jpg 510w, https:\/\/arturf.com\/wp-content\/uploads\/2018\/04\/NON-INFILL-FOOTBALL-GRASS-NFMT30-2.jpg 800w\" sizes=\"auto, (max-width: 350px) 100vw, 350px\" \/>\t\t\t\t<\/a>\n\t\t\t<\/div>\n\t\t\t<div class=\"image-tools is-small top right show-on-hover\">\n\t\t\t\t\t\t\t<\/div>\n\t\t\t<div class=\"image-tools is-small hide-for-small bottom left show-on-hover\">\n\t\t\t\t\t\t\t<\/div>\n\t\t\t<div class=\"image-tools grid-tools text-center hide-for-small bottom hover-slide-in show-on-hover\">\n\t\t\t\t<a href=\"#quick-view\" class=\"quick-view\" role=\"button\" data-prod=\"6298\" aria-haspopup=\"dialog\" aria-expanded=\"false\" data-flatsome-role-button>Olhada r\u00e1pida<\/a>\t\t\t<\/div>\n\t\t\t\t\t<\/div>\n\n\t\t<div class=\"box-text box-text-products\">\n\t\t\t<div class=\"title-wrapper\">\t\t<p class=\"category uppercase is-smaller no-text-overflow product-cat op-8\">\n\t\t\tFutebol\t\t<\/p>\n\t<p class=\"name product-title woocommerce-loop-product__title\"><a href=\"https:\/\/arturf.com\/pt\/product\/non-infill-football-grass\/\" class=\"woocommerce-LoopProduct-link woocommerce-loop-product__link\">Grama de futebol sem enchimento<\/a><\/p><\/div><div class=\"price-wrapper\"><\/div>\t\t<\/div>\n\t<\/div>\n\t\t<\/div>\n<\/div><\/div>\n<p>Grama de futebol cheia ou n\u00e3o cheia, qual \u00e9 a melhor para mim? Por favor <a href=\"https:\/\/arturf.com\/pt\/support\/infill-or-non-infill-artificial-grass\/\">clique para saber mais detalhes<\/a>.<\/p>","protected":false},"excerpt":{"rendered":"<p>Grama artificial sem fibras de palha precisa ser preenchida para se manter em p\u00e9. O preenchimento de borracha fornece uma superf\u00edcie mais macia e d\u00e1 ressalto. Especialmente, \u00e9 necess\u00e1rio enchimento de borracha para grama de futebol cheia de areia. Recomendamos borracha de migalha preta ou gr\u00e2nulos de borracha TPE.<\/p>","protected":false},"featured_media":7004,"template":"","meta":{"_seopress_robots_primary_cat":"","_seopress_titles_title":"Rubber Granule - Artificial Grass Infill - Installation Accessories","_seopress_titles_desc":"","_seopress_robots_index":""},"product_brand":[],"product_cat":[66],"product_tag":[],"class_list":{"0":"post-6521","1":"product","2":"type-product","3":"status-publish","4":"has-post-thumbnail","6":"product_cat-accessories","8":"","9":"instock","10":"shipping-taxable","11":"product-type-simple"},"_links":{"self":[{"href":"https:\/\/arturf.com\/pt\/wp-json\/wp\/v2\/product\/6521","targetHints":{"allow":["GET"]}}],"collection":[{"href":"https:\/\/arturf.com\/pt\/wp-json\/wp\/v2\/product"}],"about":[{"href":"https:\/\/arturf.com\/pt\/wp-json\/wp\/v2\/types\/product"}],"wp:featuredmedia":[{"embeddable":true,"href":"https:\/\/arturf.com\/pt\/wp-json\/wp\/v2\/media\/7004"}],"wp:attachment":[{"href":"https:\/\/arturf.com\/pt\/wp-json\/wp\/v2\/media?parent=6521"}],"wp:term":[{"taxonomy":"product_brand","embeddable":true,"href":"https:\/\/arturf.com\/pt\/wp-json\/wp\/v2\/product_brand?post=6521"},{"taxonomy":"product_cat","embeddable":true,"href":"https:\/\/arturf.com\/pt\/wp-json\/wp\/v2\/product_cat?post=6521"},{"taxonomy":"product_tag","embeddable":true,"href":"https:\/\/arturf.com\/pt\/wp-json\/wp\/v2\/product_tag?post=6521"}],"curies":[{"name":"wp","href":"https:\/\/api.w.org\/{rel}","templated":true}]}}