{"id":6549,"date":"2018-06-05T13:23:36","date_gmt":"2018-06-05T13:23:36","guid":{"rendered":"https:\/\/arturf.com\/?post_type=product&#038;p=6549"},"modified":"2023-07-10T21:26:38","modified_gmt":"2023-07-10T13:26:38","slug":"shock-pad","status":"publish","type":"product","link":"https:\/\/arturf.com\/pt\/product\/shock-pad\/","title":{"rendered":"Almofada de choque"},"content":{"rendered":"<div class=\"row align-middle align-center\"  id=\"row-2102207658\">\n\n\t<div id=\"col-1970282049\" class=\"col medium-6 small-12 large-6 small-col-first\"  >\n\t\t\t\t<div class=\"col-inner\"  >\n\t\t\t\n\t\t\t\n<h3>Melhor maneira de adicionar seguran\u00e7a e resili\u00eancia<\/h3>\n<p>Aumente a seguran\u00e7a e a resili\u00eancia da sua superf\u00edcie de grama artificial com nossa almofada de choque de \u00faltima gera\u00e7\u00e3o. Projetado para elevar a jogabilidade e a longevidade dos campos de grama artificial, nosso amortecedor oferece um efeito de amortecimento natural e confort\u00e1vel, minimizando o risco de les\u00f5es.<\/p>\n\t\t<\/div>\n\t\t\t\t\t<\/div>\n\n\t\n\n\t<div id=\"col-293282191\" class=\"col medium-6 small-12 large-6\"  >\n\t\t\t\t<div class=\"col-inner\"  >\n\t\t\t\n\t\t\t\n\t<div class=\"img has-hover x md-x lg-x y md-y lg-y\" id=\"image_940453677\">\n\t\t\t\t\t\t\t\t<div class=\"img-inner image-cover dark\" style=\"padding-top:56.25%;\">\n\t\t\t<img loading=\"lazy\" decoding=\"async\" width=\"700\" height=\"309\" src=\"https:\/\/arturf.com\/wp-content\/uploads\/2015\/05\/Shockpad-artificial-grass-underlay-3.jpg\" class=\"attachment-large size-large\" alt=\"Underlay artificial da grama da almofada de choque\" srcset=\"https:\/\/arturf.com\/wp-content\/uploads\/2015\/05\/Shockpad-artificial-grass-underlay-3.jpg 700w, https:\/\/arturf.com\/wp-content\/uploads\/2015\/05\/Shockpad-artificial-grass-underlay-3-300x132.jpg 300w, https:\/\/arturf.com\/wp-content\/uploads\/2015\/05\/Shockpad-artificial-grass-underlay-3-18x8.jpg 18w, https:\/\/arturf.com\/wp-content\/uploads\/2015\/05\/Shockpad-artificial-grass-underlay-3-510x225.jpg 510w\" sizes=\"auto, (max-width: 700px) 100vw, 700px\" \/>\t\t\t\t\t\t\n\t\t\t\t\t<\/div>\n\t\t\t\t\t\t\t\t\n<style>\n#image_940453677 {\n  width: 100%;\n}\n<\/style>\n\t<\/div>\n\t\n\t\t<\/div>\n\t\t\t\t\t<\/div>\n\n\t\n<\/div>\n\t<div id=\"gap-1111831077\" class=\"gap-element clearfix\" style=\"display:block; height:auto;\">\n\t\t\n<style>\n#gap-1111831077 {\n  padding-top: 50px;\n}\n<\/style>\n\t<\/div>\n\t\n<div class=\"row align-middle\"  id=\"row-1737598212\">\n\n\t<div id=\"col-1152026122\" class=\"col medium-6 small-12 large-6\"  >\n\t\t\t\t<div class=\"col-inner\"  >\n\t\t\t\n\t\t\t\n\t<div class=\"img has-hover x md-x lg-x y md-y lg-y\" id=\"image_1699011675\">\n\t\t\t\t\t\t\t\t<div class=\"img-inner image-cover dark\" style=\"padding-top:56.25%;\">\n\t\t\t<img loading=\"lazy\" decoding=\"async\" width=\"800\" height=\"445\" src=\"https:\/\/arturf.com\/wp-content\/uploads\/2020\/08\/Arturf-Shock-Pad-Cross-X3010.jpg\" class=\"attachment-original size-original\" alt=\"Almofada de choque\" srcset=\"https:\/\/arturf.com\/wp-content\/uploads\/2020\/08\/Arturf-Shock-Pad-Cross-X3010.jpg 800w, https:\/\/arturf.com\/wp-content\/uploads\/2020\/08\/Arturf-Shock-Pad-Cross-X3010-300x167.jpg 300w, https:\/\/arturf.com\/wp-content\/uploads\/2020\/08\/Arturf-Shock-Pad-Cross-X3010-768x427.jpg 768w, https:\/\/arturf.com\/wp-content\/uploads\/2020\/08\/Arturf-Shock-Pad-Cross-X3010-18x10.jpg 18w, https:\/\/arturf.com\/wp-content\/uploads\/2020\/08\/Arturf-Shock-Pad-Cross-X3010-510x284.jpg 510w\" sizes=\"auto, (max-width: 800px) 100vw, 800px\" \/>\t\t\t\t\t\t\n\t\t\t\t\t<\/div>\n\t\t\t\t\t\t\t\t\n<style>\n#image_1699011675 {\n  width: 100%;\n}\n<\/style>\n\t<\/div>\n\t\n\t\t<\/div>\n\t\t\t\t\t<\/div>\n\n\t\n\n\t<div id=\"col-292930354\" class=\"col medium-6 small-12 large-6 small-col-first\"  >\n\t\t\t\t<div class=\"col-inner\"  >\n\t\t\t\n\t\t\t\n<h3>Verdadeiramente vers\u00e1til<\/h3>\n<p>Referido como uma &quot;ap\u00f3lice de seguro&quot; na ind\u00fastria esportiva, nosso amortecedor atende aos regulamentos endossados pela FIFA para testes de atenua\u00e7\u00e3o de choque em campos de futebol. \u00c9 a camada adicional perfeita para <a href=\"https:\/\/arturf.com\/pt\/product\/non-infill-football-grass\/\">grama artificial de futebol sem enchimento<\/a>. Al\u00e9m disso, oferece uma garantia de seguran\u00e7a para as \u00e1reas de lazer, garantindo que seus filhos possam brincar com tranquilidade. Nossa almofada de choque \u00e9 adequada para v\u00e1rias superf\u00edcies de grama artificial, incluindo futebol, futebol, r\u00fagbi, h\u00f3quei, playgrounds, \u00e1reas multiuso e putting greens.<\/p>\n\t\t<\/div>\n\t\t\t\t\t<\/div>\n\n\t\n<\/div>\n\t<div id=\"gap-621710907\" class=\"gap-element clearfix\" style=\"display:block; height:auto;\">\n\t\t\n<style>\n#gap-621710907 {\n  padding-top: 50px;\n}\n<\/style>\n\t<\/div>\n\t\n<div class=\"row align-middle\"  id=\"row-883784682\">\n\n\t<div id=\"col-815973384\" class=\"col medium-6 small-12 large-6 small-col-first\"  >\n\t\t\t\t<div class=\"col-inner\"  >\n\t\t\t\n\t\t\t\n<h3>Instala\u00e7\u00e3o f\u00e1cil e r\u00e1pida<\/h3>\n<p>Experimente uma instala\u00e7\u00e3o sem complica\u00e7\u00f5es com nossa base de almofada de choque de espuma leve. Pode ser manuseado facilmente por duas pessoas, permitindo percorrer um campo desportivo num s\u00f3 dia. Nenhuma m\u00e1quina especial ou equipe treinada \u00e9 necess\u00e1ria para a instala\u00e7\u00e3o. O comprimento do rolo pode ser personalizado para corresponder ao tamanho do campo, reduzindo o desperd\u00edcio e a m\u00e3o de obra.<\/p>\n\t\t<\/div>\n\t\t\t\t\t<\/div>\n\n\t\n\n\t<div id=\"col-1982692\" class=\"col medium-6 small-12 large-6\"  >\n\t\t\t\t<div class=\"col-inner\"  >\n\t\t\t\n\t\t\t\n\t<div class=\"img has-hover x md-x lg-x y md-y lg-y\" id=\"image_686143649\">\n\t\t\t\t\t\t\t\t<div class=\"img-inner image-cover dark\" style=\"padding-top:56.25%;\">\n\t\t\t<img loading=\"lazy\" decoding=\"async\" width=\"800\" height=\"600\" src=\"https:\/\/arturf.com\/wp-content\/uploads\/2020\/08\/Arturf-Shock-Pad-Cross-X3010-Installation.jpg\" class=\"attachment-original size-original\" alt=\"Almofada de choque\" srcset=\"https:\/\/arturf.com\/wp-content\/uploads\/2020\/08\/Arturf-Shock-Pad-Cross-X3010-Installation.jpg 800w, https:\/\/arturf.com\/wp-content\/uploads\/2020\/08\/Arturf-Shock-Pad-Cross-X3010-Installation-300x225.jpg 300w, https:\/\/arturf.com\/wp-content\/uploads\/2020\/08\/Arturf-Shock-Pad-Cross-X3010-Installation-200x150.jpg 200w, https:\/\/arturf.com\/wp-content\/uploads\/2020\/08\/Arturf-Shock-Pad-Cross-X3010-Installation-768x576.jpg 768w, https:\/\/arturf.com\/wp-content\/uploads\/2020\/08\/Arturf-Shock-Pad-Cross-X3010-Installation-16x12.jpg 16w, https:\/\/arturf.com\/wp-content\/uploads\/2020\/08\/Arturf-Shock-Pad-Cross-X3010-Installation-350x263.jpg 350w, https:\/\/arturf.com\/wp-content\/uploads\/2020\/08\/Arturf-Shock-Pad-Cross-X3010-Installation-510x383.jpg 510w\" sizes=\"auto, (max-width: 800px) 100vw, 800px\" \/>\t\t\t\t\t\t\n\t\t\t\t\t<\/div>\n\t\t\t\t\t\t\t\t\n<style>\n#image_686143649 {\n  width: 100%;\n}\n<\/style>\n\t<\/div>\n\t\n\t\t<\/div>\n\t\t\t\t\t<\/div>\n\n\t\n<\/div>\n\t<div id=\"gap-698703727\" class=\"gap-element clearfix\" style=\"display:block; height:auto;\">\n\t\t\n<style>\n#gap-698703727 {\n  padding-top: 30px;\n}\n<\/style>\n\t<\/div>\n\t\n<h2>Caracter\u00edsticas principais:<\/h2>\n<ol>\n<li>Excelente absor\u00e7\u00e3o de choque e rebote de bola<\/li>\n<li>Material resistente \u00e0 \u00e1gua para instala\u00e7\u00e3o em qualquer clima<\/li>\n<li>Bordas bem cortadas para soldagem\/jun\u00e7\u00e3o f\u00e1cil e precisa com fita adesiva<\/li>\n<li>Design exclusivo para drenagem eficiente de \u00e1gua e estabilidade dimensional<\/li>\n<li>Longevidade \u2013 Resistente a podrid\u00e3o e pulveriza\u00e7\u00e3o, vida \u00fatil estendida<\/li>\n<li>Absor\u00e7\u00e3o de choque est\u00e1vel para desempenho consistente ao longo do tempo<\/li>\n<\/ol>\n<h3 style=\"text-align: left;\">Op\u00e7\u00f5es de padr\u00e3o<\/h3>\n<div class=\"row\"  id=\"row-19878074\">\n\n\t<div id=\"col-1289277031\" class=\"col medium-3 small-6 large-3\"  >\n\t\t\t\t<div class=\"col-inner\"  >\n\t\t\t\n\t\t\t\n\t<div class=\"box has-hover   has-hover box-text-bottom\" >\n\n\t\t<div class=\"box-image\" style=\"border-radius:100%;\">\n\t\t\t\t\t\t<div class=\"\" >\n\t\t\t\t<img loading=\"lazy\" decoding=\"async\" width=\"400\" height=\"400\" src=\"https:\/\/arturf.com\/wp-content\/uploads\/2020\/04\/Artificial-Grass-Shockpads.jpg\" class=\"attachment- size-\" alt=\"Almofada de choque\" srcset=\"https:\/\/arturf.com\/wp-content\/uploads\/2020\/04\/Artificial-Grass-Shockpads.jpg 400w, https:\/\/arturf.com\/wp-content\/uploads\/2020\/04\/Artificial-Grass-Shockpads-300x300.jpg 300w, https:\/\/arturf.com\/wp-content\/uploads\/2020\/04\/Artificial-Grass-Shockpads-12x12.jpg 12w, https:\/\/arturf.com\/wp-content\/uploads\/2020\/04\/Artificial-Grass-Shockpads-100x100.jpg 100w\" sizes=\"auto, (max-width: 400px) 100vw, 400px\" \/>\t\t\t\t\t\t\t\t\t\t\t<\/div>\n\t\t\t\t\t<\/div>\n\n\t\t<div class=\"box-text text-center\" >\n\t\t\t<div class=\"box-text-inner\">\n\t\t\t\t\n\t<div id=\"text-1896784718\" class=\"text\">\n\t\t\n<h4 style=\"text-align: center;\">Moinho de vento<\/h4>\n<p style=\"text-align: center;\"><strong>Inscri\u00e7\u00e3o:<\/strong> Fora dentro<br \/><strong>Palavras-chave:<\/strong> Uma das almofadas de choque mais populares do mercado<\/p>\n\t\t\n<style>\n#text-1896784718 {\n  text-align: center;\n}\n<\/style>\n\t<\/div>\n\t\n\t\t\t<\/div>\n\t\t<\/div>\n\t<\/div>\n\t\n\t\t<\/div>\n\t\t\t\t\t<\/div>\n\n\t\n\n\t<div id=\"col-1992406865\" class=\"col medium-3 small-6 large-3\"  >\n\t\t\t\t<div class=\"col-inner\"  >\n\t\t\t\n\t\t\t\n\t<div class=\"box has-hover   has-hover box-text-bottom\" >\n\n\t\t<div class=\"box-image\" style=\"border-radius:100%;\">\n\t\t\t\t\t\t<div class=\"\" >\n\t\t\t\t<img loading=\"lazy\" decoding=\"async\" width=\"400\" height=\"400\" src=\"https:\/\/arturf.com\/wp-content\/uploads\/2020\/04\/Artificial-Grass-Shock-Pad-Cross.jpg\" class=\"attachment- size-\" alt=\"Almofada de choque\" srcset=\"https:\/\/arturf.com\/wp-content\/uploads\/2020\/04\/Artificial-Grass-Shock-Pad-Cross.jpg 400w, https:\/\/arturf.com\/wp-content\/uploads\/2020\/04\/Artificial-Grass-Shock-Pad-Cross-300x300.jpg 300w, https:\/\/arturf.com\/wp-content\/uploads\/2020\/04\/Artificial-Grass-Shock-Pad-Cross-12x12.jpg 12w, https:\/\/arturf.com\/wp-content\/uploads\/2020\/04\/Artificial-Grass-Shock-Pad-Cross-100x100.jpg 100w\" sizes=\"auto, (max-width: 400px) 100vw, 400px\" \/>\t\t\t\t\t\t\t\t\t\t\t<\/div>\n\t\t\t\t\t<\/div>\n\n\t\t<div class=\"box-text text-center\" >\n\t\t\t<div class=\"box-text-inner\">\n\t\t\t\t\n<h4 style=\"text-align: center;\">Cruz<\/h4>\n<p style=\"text-align: center;\"><strong>Inscri\u00e7\u00e3o: <\/strong>Fora dentro<br \/><strong>Palavras-chave:<\/strong> Ideal para grama artificial com e sem preenchimento, vers\u00e1til<\/p>\n\t\t\t<\/div>\n\t\t<\/div>\n\t<\/div>\n\t\n\t\t<\/div>\n\t\t\t\t\t<\/div>\n\n\t\n\n\t<div id=\"col-1381276287\" class=\"col medium-3 small-6 large-3\"  >\n\t\t\t\t<div class=\"col-inner\"  >\n\t\t\t\n\t\t\t\n\t<div class=\"box has-hover   has-hover box-text-bottom\" >\n\n\t\t<div class=\"box-image\" style=\"border-radius:100%;\">\n\t\t\t\t\t\t<div class=\"\" >\n\t\t\t\t<img loading=\"lazy\" decoding=\"async\" width=\"600\" height=\"600\" src=\"https:\/\/arturf.com\/wp-content\/uploads\/2020\/04\/1.jpg\" class=\"attachment- size-\" alt=\"Almofada de choque\" srcset=\"https:\/\/arturf.com\/wp-content\/uploads\/2020\/04\/1.jpg 600w, https:\/\/arturf.com\/wp-content\/uploads\/2020\/04\/1-300x300.jpg 300w, https:\/\/arturf.com\/wp-content\/uploads\/2020\/04\/1-12x12.jpg 12w, https:\/\/arturf.com\/wp-content\/uploads\/2020\/04\/1-510x510.jpg 510w, https:\/\/arturf.com\/wp-content\/uploads\/2020\/04\/1-100x100.jpg 100w\" sizes=\"auto, (max-width: 600px) 100vw, 600px\" \/>\t\t\t\t\t\t\t\t\t\t\t<\/div>\n\t\t\t\t\t<\/div>\n\n\t\t<div class=\"box-text text-center\" >\n\t\t\t<div class=\"box-text-inner\">\n\t\t\t\t\n<h4 style=\"text-align: center;\">Moinho de vento e entalhe<\/h4>\n<p style=\"text-align: center;\"><strong>Inscri\u00e7\u00e3o: <\/strong>Fora dentro<br \/><strong>Palavras-chave:<\/strong>Super dur\u00e1vel, grande resili\u00eancia<\/p>\n\t\t\t<\/div>\n\t\t<\/div>\n\t<\/div>\n\t\n\t\t<\/div>\n\t\t\t\t\t<\/div>\n\n\t\n\n\t<div id=\"col-430652512\" class=\"col medium-3 small-6 large-3\"  >\n\t\t\t\t<div class=\"col-inner\"  >\n\t\t\t\n\t\t\t\n\t<div class=\"box has-hover   has-hover box-text-bottom\" >\n\n\t\t<div class=\"box-image\" style=\"border-radius:100%;\">\n\t\t\t\t\t\t<div class=\"\" >\n\t\t\t\t<img loading=\"lazy\" decoding=\"async\" width=\"500\" height=\"500\" src=\"https:\/\/arturf.com\/wp-content\/uploads\/2020\/09\/Shock-Pad-UltraFlexFlow.jpg\" class=\"attachment- size-\" alt=\"Almofada de choque\" srcset=\"https:\/\/arturf.com\/wp-content\/uploads\/2020\/09\/Shock-Pad-UltraFlexFlow.jpg 500w, https:\/\/arturf.com\/wp-content\/uploads\/2020\/09\/Shock-Pad-UltraFlexFlow-300x300.jpg 300w, https:\/\/arturf.com\/wp-content\/uploads\/2020\/09\/Shock-Pad-UltraFlexFlow-12x12.jpg 12w, https:\/\/arturf.com\/wp-content\/uploads\/2020\/09\/Shock-Pad-UltraFlexFlow-100x100.jpg 100w\" sizes=\"auto, (max-width: 500px) 100vw, 500px\" \/>\t\t\t\t\t\t\t\t\t\t\t<\/div>\n\t\t\t\t\t<\/div>\n\n\t\t<div class=\"box-text text-center\" >\n\t\t\t<div class=\"box-text-inner\">\n\t\t\t\t\n<h4 style=\"text-align: center;\">Moinho de vento<\/h4>\n<p style=\"text-align: center;\"><strong>Inscri\u00e7\u00e3o:<\/strong> Fora dentro<br \/><strong>Palavras-chave:<\/strong> Super resili\u00eancia, drenagem super r\u00e1pida, ao ar livre<\/p>\n\t\t\t<\/div>\n\t\t<\/div>\n\t<\/div>\n\t\n\t\t<\/div>\n\t\t\t\t\t<\/div>\n\n\t\n<\/div>\n<div class=\"row\"  id=\"row-386624120\">\n\n\t<div id=\"col-1174923178\" class=\"col small-12 large-12\"  >\n\t\t\t\t<div class=\"col-inner\"  >\n\t\t\t\n\t\t\t\n<h3>Espessura e densidade do material:<\/h3>\n<p>Escolha entre nossa gama de op\u00e7\u00f5es de espessura de almofada de choque, variando de 10 mm a 70 mm. Para campos de futebol, as espessuras mais utilizadas s\u00e3o 10mm ou 15mm.<\/p>\n<p>Nossas op\u00e7\u00f5es de densidade de material padr\u00e3o incluem 30kg\/m\u00b3 e 50kg\/m\u00b3. Para MOQs maiores, podemos produzir almofadas de choque com uma densidade de 70kg\/m\u00b3 ou outros materiais de densidade personalizados.<\/p>\n<p>Melhore a seguran\u00e7a e o desempenho da sua superf\u00edcie de grama artificial com nossa almofada antichoque de alta qualidade. Experimente conforto superior, durabilidade e f\u00e1cil instala\u00e7\u00e3o. Contacte-nos agora para encomendar ou perguntar sobre op\u00e7\u00f5es personalizadas.<\/p>\n\t\t<\/div>\n\t\t\t\t\t<\/div>\n\n\t\n<\/div>","protected":false},"excerpt":{"rendered":"<p>Nossa almofada de choque \u00e9 uma camada resiliente projetada para proporcionar conforto e seguran\u00e7a ideais para superf\u00edcies de grama artificial. Oferece amortecimento superior para os jogadores e garante uma experi\u00eancia de jogo mais suave. Se voc\u00ea precisa dele para \u00e1reas de lazer, campos de futebol (especialmente gramados n\u00e3o preenchidos) ou putting greens, nosso amortecedor Arturf \u00e9 a solu\u00e7\u00e3o ideal.<\/p>","protected":false},"featured_media":9603,"template":"","meta":{"_seopress_robots_primary_cat":"","_seopress_titles_title":"Shock Pad - Enhance Safety and Comfort for Artificial Grass Surfaces","_seopress_titles_desc":"Enhance safety and comfort with our shock pad for artificial grass surfaces. Easy installation, versatile, and resilient. ","_seopress_robots_index":""},"product_brand":[],"product_cat":[66],"product_tag":[],"class_list":{"0":"post-6549","1":"product","2":"type-product","3":"status-publish","4":"has-post-thumbnail","6":"product_cat-accessories","8":"first","9":"instock","10":"shipping-taxable","11":"product-type-simple"},"_links":{"self":[{"href":"https:\/\/arturf.com\/pt\/wp-json\/wp\/v2\/product\/6549","targetHints":{"allow":["GET"]}}],"collection":[{"href":"https:\/\/arturf.com\/pt\/wp-json\/wp\/v2\/product"}],"about":[{"href":"https:\/\/arturf.com\/pt\/wp-json\/wp\/v2\/types\/product"}],"wp:featuredmedia":[{"embeddable":true,"href":"https:\/\/arturf.com\/pt\/wp-json\/wp\/v2\/media\/9603"}],"wp:attachment":[{"href":"https:\/\/arturf.com\/pt\/wp-json\/wp\/v2\/media?parent=6549"}],"wp:term":[{"taxonomy":"product_brand","embeddable":true,"href":"https:\/\/arturf.com\/pt\/wp-json\/wp\/v2\/product_brand?post=6549"},{"taxonomy":"product_cat","embeddable":true,"href":"https:\/\/arturf.com\/pt\/wp-json\/wp\/v2\/product_cat?post=6549"},{"taxonomy":"product_tag","embeddable":true,"href":"https:\/\/arturf.com\/pt\/wp-json\/wp\/v2\/product_tag?post=6549"}],"curies":[{"name":"wp","href":"https:\/\/api.w.org\/{rel}","templated":true}]}}