{"id":6708,"date":"2012-07-17T12:11:10","date_gmt":"2012-07-17T12:11:10","guid":{"rendered":"https:\/\/arturf.com\/?post_type=product&#038;p=6708"},"modified":"2023-07-19T17:50:17","modified_gmt":"2023-07-19T09:50:17","slug":"tee-grass","status":"publish","type":"product","link":"https:\/\/arturf.com\/pt\/product\/tee-grass\/","title":{"rendered":"Tee Grass-Domine seus swings"},"content":{"rendered":"<h3>Libere seu potencial de golfe com grama de tee Arturf<\/h3>\n<p>Nosso Tee Grass \u00e9 uma grama artificial PE ultradensa e de qualidade premium, meticulosamente trabalhada para atender exclusivamente aos jogadores de golfe. Apresentando um design sem preenchimento de 40 mm, este gramado n\u00e3o \u00e9 apenas denso o suficiente para suportar um tee peg, mas tamb\u00e9m excepcionalmente dur\u00e1vel, permitindo que voc\u00ea dirija direto da superf\u00edcie sem problemas.<\/p>\n<h3>O balan\u00e7o perfeito, sempre<\/h3>\n<p>Diga adeus \u00e0s interrup\u00e7\u00f5es durante as suas oscila\u00e7\u00f5es. O Tee Grass Arturf oferece uma sensa\u00e7\u00e3o natural e elimina o temido \u201cagarrar\u201d da cabe\u00e7a do taco, proporcionando uma experi\u00eancia de swing suave e consistente. Com suas fibras densas, este gramado permite que voc\u00ea use tees como faria em um campo de golfe normal, tornando-o seu companheiro ideal para anos de pr\u00e1tica de condu\u00e7\u00e3o.<\/p>\n<h3>Constru\u00eddo para durar<\/h3>\n<p>Durabilidade \u00e9 o nosso nome do meio! Nosso Tee Grass \u00e9 feito sob medida para tee-lines de driving range, driving mats e chipping mats, suportando facilmente swing ap\u00f3s swing. Tenha certeza de que nosso gramado manter\u00e1 seu desempenho de alto n\u00edvel, proporcionando a voc\u00ea sess\u00f5es de pr\u00e1tica incompar\u00e1veis.<\/p>\n<h3>Locais infinitos de pinos em T<\/h3>\n<p>Arturf Tee Grass leva sua conveni\u00eancia de golfe a um novo n\u00edvel. A superf\u00edcie permite a coloca\u00e7\u00e3o ilimitada de tees peg, tornando-a a escolha perfeita para campos de golfe com \u00e1reas de tee para todos os climas. Longe v\u00e3o os dias de desgaste em uma \u00fanica \u00e1rea - abrace a liberdade de come\u00e7ar de v\u00e1rias posi\u00e7\u00f5es e \u00e2ngulos.<\/p>\n<p><img alt=\"Tee Grass\" loading=\"lazy\" decoding=\"async\" class=\"alignnone wp-image-12770 size-full\" src=\"https:\/\/arturf.com\/wp-content\/uploads\/2020\/09\/Arturf-golf-mat-tee-grass-TEE-Pro-40.jpg\" width=\"800\" height=\"592\" srcset=\"https:\/\/arturf.com\/wp-content\/uploads\/2020\/09\/Arturf-golf-mat-tee-grass-TEE-Pro-40.jpg 800w, https:\/\/arturf.com\/wp-content\/uploads\/2020\/09\/Arturf-golf-mat-tee-grass-TEE-Pro-40-300x222.jpg 300w, https:\/\/arturf.com\/wp-content\/uploads\/2020\/09\/Arturf-golf-mat-tee-grass-TEE-Pro-40-768x568.jpg 768w, https:\/\/arturf.com\/wp-content\/uploads\/2020\/09\/Arturf-golf-mat-tee-grass-TEE-Pro-40-16x12.jpg 16w, https:\/\/arturf.com\/wp-content\/uploads\/2020\/09\/Arturf-golf-mat-tee-grass-TEE-Pro-40-510x377.jpg 510w\" sizes=\"auto, (max-width: 800px) 100vw, 800px\" \/><\/p>\n<h3>Especifica\u00e7\u00f5es<\/h3>\n<ul>\n<li class=\"bullet-arrow\">Altura da Pilha: 40mm<\/li>\n<li class=\"bullet-arrow\">Fio: Fio de monofilamento de polietileno ondulado ultradenso<\/li>\n<li class=\"bullet-arrow\">Cor verde<\/li>\n<li class=\"bullet-arrow\">Calibre: 5\/16 polegadas<\/li>\n<li class=\"bullet-arrow\">Tamanho: 2m x 18m, embalado em rolo<\/li>\n<li class=\"bullet-arrow\">Peso: 5,0 kg por metro quadrado<\/li>\n<\/ul>\n<h3>Experimente a vantagem do Tee Grass<\/h3>\n<ul>\n<li class=\"bullet-checkmark\">Relva artificial de qualidade premium concebida exclusivamente para golfistas.<\/li>\n<li class=\"bullet-checkmark\">Densidade ideal para suporte de tee peg e condu\u00e7\u00e3o suave fora da superf\u00edcie.<\/li>\n<li class=\"bullet-checkmark\">Experi\u00eancia de swing consistente sem \u201cagarrar\u201d a cabe\u00e7a do taco.<\/li>\n<li class=\"bullet-checkmark\">Constru\u00eddo para suportar incont\u00e1veis oscila\u00e7\u00f5es por anos de pr\u00e1tica de dire\u00e7\u00e3o.<\/li>\n<li class=\"bullet-checkmark\">Ideal para tee-lines de driving range, driving mats e chipping mats.<\/li>\n<li class=\"bullet-checkmark\">Locais infinitos de tee peg para \u00e1reas de tee de campo de golfe para todos os climas.<\/li>\n<\/ul>\n<h3>Em estoque e pronto para entrega r\u00e1pida<\/h3>\n<p>N\u00e3o espere mais para elevar sua pr\u00e1tica de golfe. Nosso Tee Grass est\u00e1 em estoque e pronto para entrega r\u00e1pida, garantindo que voc\u00ea possa come\u00e7ar a refinar seus swings sem demora!<\/p>\n<p><img alt=\"Tee Grass\" loading=\"lazy\" decoding=\"async\" class=\"alignnone wp-image-14423\" src=\"https:\/\/arturf.com\/wp-content\/uploads\/2021\/04\/Golf-Tee-Grass-In-Stock.jpg\" width=\"800\" height=\"600\" srcset=\"https:\/\/arturf.com\/wp-content\/uploads\/2021\/04\/Golf-Tee-Grass-In-Stock.jpg 1000w, https:\/\/arturf.com\/wp-content\/uploads\/2021\/04\/Golf-Tee-Grass-In-Stock-300x225.jpg 300w, https:\/\/arturf.com\/wp-content\/uploads\/2021\/04\/Golf-Tee-Grass-In-Stock-200x150.jpg 200w, https:\/\/arturf.com\/wp-content\/uploads\/2021\/04\/Golf-Tee-Grass-In-Stock-768x576.jpg 768w, https:\/\/arturf.com\/wp-content\/uploads\/2021\/04\/Golf-Tee-Grass-In-Stock-16x12.jpg 16w, https:\/\/arturf.com\/wp-content\/uploads\/2021\/04\/Golf-Tee-Grass-In-Stock-350x263.jpg 350w, https:\/\/arturf.com\/wp-content\/uploads\/2021\/04\/Golf-Tee-Grass-In-Stock-510x383.jpg 510w\" sizes=\"auto, (max-width: 800px) 100vw, 800px\" \/><\/p>\n<p>Desbloqueie seu verdadeiro potencial de golfe com Arturf Tee Grass \u201cTEE Pro 40\u201d! Melhore suas sess\u00f5es de pr\u00e1tica no driving range ou no campo de golfe com nossa grama artificial de alta qualidade, dur\u00e1vel e ideal para tee. Pe\u00e7a agora para entrega r\u00e1pida e leve seu jogo de golfe para o pr\u00f3ximo n\u00edvel!<\/p>\n\n\t<section class=\"section\" id=\"section_1140049513\">\n\t\t<div class=\"section-bg fill\" >\n\t\t\t\t\t\t\t\t\t\n\t\t\t\n\n\t\t<\/div>\n\n\t\t\n\n\t\t<div class=\"section-content relative\">\n\t\t\t\n\n<div class=\"row\"  id=\"row-1191137932\">\n\n\n\t<div id=\"col-1839779750\" class=\"col small-12 large-12\"  >\n\t\t\t\t<div class=\"col-inner text-center\"  >\n\t\t\t\n\t\t\t\n\n<h2>perguntas frequentes<\/h2>\n\n\t\t<\/div>\n\t\t\t\t\t<\/div>\n\n\t\n\n<\/div>\n<div class=\"row align-center row-box-shadow-1\"  id=\"row-1506152432\">\n\n\n\t<div id=\"col-1362554769\" class=\"col medium-10 small-12 large-9\"  >\n\t\t\t\t<div class=\"col-inner\" style=\"background-color:rgb(255,255,255);\" >\n\t\t\t\n\t\t\t\n\n<div class=\"accordion\">\n\n\t<div id=\"accordion-386522872\" class=\"accordion-item\">\n\t\t<a id=\"accordion-386522872-label\" class=\"accordion-title plain\" href=\"#accordion-item-can-you-customize-specifications-for-your-artificial-turf-products?\" aria-expanded=\"false\" aria-controls=\"accordion-386522872-content\">\n\t\t\t<button class=\"toggle\" aria-label=\"Alternar\"><i class=\"icon-angle-down\" aria-hidden=\"true\"><\/i><\/button>\n\t\t\t<span>Voc\u00ea pode personalizar as especifica\u00e7\u00f5es para seus produtos de grama artificial?<\/span>\n\t\t<\/a>\n\t\t<div id=\"accordion-386522872-content\" class=\"accordion-inner\" aria-labelledby=\"accordion-386522872-label\">\n\t\t\t\n\n<p>Sim, oferecemos op\u00e7\u00f5es de personaliza\u00e7\u00e3o de cor, formato do fio, altura da pilha, densidade e forro. Tamb\u00e9m podemos produzir de acordo com uma amostra fornecida.<\/p>\n\n\t\t<\/div>\n\t<\/div>\n\t\n\t<div id=\"accordion-2821342502\" class=\"accordion-item\">\n\t\t<a id=\"accordion-2821342502-label\" class=\"accordion-title plain\" href=\"#accordion-item-do-you-have-stock?\" aria-expanded=\"false\" aria-controls=\"accordion-2821342502-content\">\n\t\t\t<button class=\"toggle\" aria-label=\"Alternar\"><i class=\"icon-angle-down\" aria-hidden=\"true\"><\/i><\/button>\n\t\t\t<span>Voc\u00ea t\u00eam estoque?<\/span>\n\t\t<\/a>\n\t\t<div id=\"accordion-2821342502-content\" class=\"accordion-inner\" aria-labelledby=\"accordion-2821342502-label\">\n\t\t\t\n\n<p>N\u00e3o, n\u00e3o mantemos estoque. Iniciamos a produ\u00e7\u00e3o com base em pedidos espec\u00edficos.<\/p>\n\n\t\t<\/div>\n\t<\/div>\n\t\n\t<div id=\"accordion-2709644138\" class=\"accordion-item\">\n\t\t<a id=\"accordion-2709644138-label\" class=\"accordion-title plain\" href=\"#accordion-item-what-is-your-moq?\" aria-expanded=\"false\" aria-controls=\"accordion-2709644138-content\">\n\t\t\t<button class=\"toggle\" aria-label=\"Alternar\"><i class=\"icon-angle-down\" aria-hidden=\"true\"><\/i><\/button>\n\t\t\t<span>Qual \u00e9 o seu MOQ?<\/span>\n\t\t<\/a>\n\t\t<div id=\"accordion-2709644138-content\" class=\"accordion-inner\" aria-labelledby=\"accordion-2709644138-label\">\n\t\t\t\n\n<p>Para a maioria da grama artificial, nossa quantidade m\u00ednima de pedido (MOQ) \u00e9 de 500 metros quadrados. Para alguns produtos de peso facial leve, o MOQ \u00e9 de 800 metros quadrados.<\/p>\n\n\t\t<\/div>\n\t<\/div>\n\t\n\t<div id=\"accordion-3875334003\" class=\"accordion-item\">\n\t\t<a id=\"accordion-3875334003-label\" class=\"accordion-title plain\" href=\"#accordion-item-what-are-the-width-and-length-options-for-artificial-grass?\" aria-expanded=\"false\" aria-controls=\"accordion-3875334003-content\">\n\t\t\t<button class=\"toggle\" aria-label=\"Alternar\"><i class=\"icon-angle-down\" aria-hidden=\"true\"><\/i><\/button>\n\t\t\t<span>Quais s\u00e3o as op\u00e7\u00f5es de largura e comprimento para grama artificial?<\/span>\n\t\t<\/a>\n\t\t<div id=\"accordion-3875334003-content\" class=\"accordion-inner\" aria-labelledby=\"accordion-3875334003-label\">\n\t\t\t\n\n<p>Nossas op\u00e7\u00f5es de largura comuns s\u00e3o 2m, 3,75m, 3,95m, 4m e 5m. O comprimento pode ser personalizado de acordo com os requisitos espec\u00edficos do seu projeto. Por padr\u00e3o, misturamos grama de 4m de largura e 2m de largura para otimizar o espa\u00e7o do cont\u00eainer.<\/p>\n\n\t\t<\/div>\n\t<\/div>\n\t\n\t<div id=\"accordion-3682228113\" class=\"accordion-item\">\n\t\t<a id=\"accordion-3682228113-label\" class=\"accordion-title plain\" href=\"#accordion-item-what-information-do-you-need-to-provide-the-landed-cost-for-international-customers?\" aria-expanded=\"false\" aria-controls=\"accordion-3682228113-content\">\n\t\t\t<button class=\"toggle\" aria-label=\"Alternar\"><i class=\"icon-angle-down\" aria-hidden=\"true\"><\/i><\/button>\n\t\t\t<span>Quais informa\u00e7\u00f5es voc\u00ea precisa para fornecer o custo de importa\u00e7\u00e3o para clientes internacionais?<\/span>\n\t\t<\/a>\n\t\t<div id=\"accordion-3682228113-content\" class=\"accordion-inner\" aria-labelledby=\"accordion-3682228113-label\">\n\t\t\t\n\n<p>Para fornecer o custo de desembarque, exigimos informa\u00e7\u00f5es sobre os detalhes do produto, quantidade e porto de destino.<\/p>\n\n\t\t<\/div>\n\t<\/div>\n\t\n\n<\/div>\n\n\t\t<\/div>\n\t\t\t\t\t<\/div>\n\n\t\n\n\n<style>\n#row-1506152432 > .col > .col-inner {\n  padding: 0px 0px 0px 0px;\n}\n@media (min-width:550px) {\n  #row-1506152432 > .col > .col-inner {\n    padding: 30px 30px 30px 30px;\n  }\n}\n<\/style>\n<\/div>\n\n\t\t<\/div>\n\n\t\t\n<style>\n#section_1140049513 {\n  padding-top: 60px;\n  padding-bottom: 60px;\n}\n<\/style>\n\t<\/section>\n\t\n<div class=\"row align-center\"  id=\"row-1517343461\">\n\n\n\t<div id=\"col-874471287\" class=\"col medium-4 large-4\"  >\n\t\t\t\t<div class=\"col-inner\"  >\n\t\t\t\n\t<div class=\"is-border\"\n\t\tstyle=\"border-width:0px 0px 0px 0px;\">\n\t<\/div>\n\t\t\t\n\n\n\t\t<div class=\"icon-box featured-box icon-box-center text-center\"  style=\"margin:0px 0px 0px 0px;\">\n\t\t\t\t\t<div class=\"icon-box-img has-icon-bg\" style=\"width: 100px\">\n\t\t\t\t<div class=\"icon\">\n\t\t\t\t\t<div class=\"icon-inner\" style=\"border-width:2px;color:rgba(47, 159, 18, 0.88);\">\n\t\t\t\t\t\t<img loading=\"lazy\" decoding=\"async\" width=\"100\" height=\"100\" src=\"https:\/\/arturf.com\/wp-content\/uploads\/2018\/06\/Icon-Good-quality.png\" class=\"attachment-medium size-medium\" alt=\"Tee Grass\" srcset=\"https:\/\/arturf.com\/wp-content\/uploads\/2018\/06\/Icon-Good-quality.png 100w, https:\/\/arturf.com\/wp-content\/uploads\/2018\/06\/Icon-Good-quality-12x12.png 12w\" sizes=\"auto, (max-width: 100px) 100vw, 100px\" \/>\t\t\t\t\t<\/div>\n\t\t\t\t<\/div>\n\t\t\t<\/div>\n\t\t\t\t<div class=\"icon-box-text last-reset\">\n\t\t\t<h5 class=\"uppercase\">Qualidade Comprovada<\/h5>\t\t\t\t\t\t\n\n<p>Relva artificial premium com resist\u00eancia aos raios UV e ao desgaste. Garantias s\u00f3lidas garantem uma satisfa\u00e7\u00e3o duradoura.<\/p>\n\n\t\t<\/div>\n\t<\/div>\n\t\n\t\n\n\t\t<\/div>\n\t\t\t\t\t<\/div>\n\n\t\n\n\t<div id=\"col-159025560\" class=\"col medium-4 large-4\"  >\n\t\t\t\t<div class=\"col-inner\"  >\n\t\t\t\n\t<div class=\"is-border\"\n\t\tstyle=\"border-width:0px 0px 0px 0px;\">\n\t<\/div>\n\t\t\t\n\n\n\t\t<div class=\"icon-box featured-box icon-box-center text-center\"  style=\"margin:0px 0px 0px 0px;\">\n\t\t\t\t\t<div class=\"icon-box-img has-icon-bg\" style=\"width: 100px\">\n\t\t\t\t<div class=\"icon\">\n\t\t\t\t\t<div class=\"icon-inner\" style=\"border-width:2px;color:rgba(47, 159, 18, 0.88);\">\n\t\t\t\t\t\t<img loading=\"lazy\" decoding=\"async\" width=\"100\" height=\"100\" src=\"https:\/\/arturf.com\/wp-content\/uploads\/2018\/06\/Icon-Good-price.png\" class=\"attachment-medium size-medium\" alt=\"Tee Grass\" srcset=\"https:\/\/arturf.com\/wp-content\/uploads\/2018\/06\/Icon-Good-price.png 100w, https:\/\/arturf.com\/wp-content\/uploads\/2018\/06\/Icon-Good-price-12x12.png 12w\" sizes=\"auto, (max-width: 100px) 100vw, 100px\" \/>\t\t\t\t\t<\/div>\n\t\t\t\t<\/div>\n\t\t\t<\/div>\n\t\t\t\t<div class=\"icon-box-text last-reset\">\n\t\t\t<h5 class=\"uppercase\">Pre\u00e7os competitivos<\/h5>\t\t\t\t\t\t\n\n<p>Oferecemos pre\u00e7os competitivos, promovendo crescimento m\u00fatuo e sucesso de longo prazo com nossos estimados revendedores.<\/p>\n\n\t\t<\/div>\n\t<\/div>\n\t\n\t\n\n\t\t<\/div>\n\t\t\t\t\t<\/div>\n\n\t\n\n\t<div id=\"col-524879280\" class=\"col medium-4 large-4\"  >\n\t\t\t\t<div class=\"col-inner\"  >\n\t\t\t\n\t<div class=\"is-border\"\n\t\tstyle=\"border-width:0px 0px 0px 0px;\">\n\t<\/div>\n\t\t\t\n\n\n\t\t<div class=\"icon-box featured-box icon-box-center text-center\"  style=\"margin:0px 0px 0px 0px;\">\n\t\t\t\t\t<div class=\"icon-box-img has-icon-bg\" style=\"width: 100px\">\n\t\t\t\t<div class=\"icon\">\n\t\t\t\t\t<div class=\"icon-inner\" style=\"border-width:2px;color:rgba(47, 159, 18, 0.88);\">\n\t\t\t\t\t\t<img loading=\"lazy\" decoding=\"async\" width=\"100\" height=\"100\" src=\"https:\/\/arturf.com\/wp-content\/uploads\/2018\/06\/Icon-tailor-made.png\" class=\"attachment-medium size-medium\" alt=\"Tee Grass\" srcset=\"https:\/\/arturf.com\/wp-content\/uploads\/2018\/06\/Icon-tailor-made.png 100w, https:\/\/arturf.com\/wp-content\/uploads\/2018\/06\/Icon-tailor-made-12x12.png 12w\" sizes=\"auto, (max-width: 100px) 100vw, 100px\" \/>\t\t\t\t\t<\/div>\n\t\t\t\t<\/div>\n\t\t\t<\/div>\n\t\t\t\t<div class=\"icon-box-text last-reset\">\n\t\t\t<h5 class=\"uppercase\">Solu\u00e7\u00f5es personalizadas<\/h5>\t\t\t\t\t\t\n\n<p>Desbloqueie o potencial do mercado com diversas op\u00e7\u00f5es de grama artificial. <a href=\"https:\/\/arturf.com\/pt\/buyers-guide\/customized-artificial-grass-products\/\">Adaptado a necessidades ou amostras exclusivas<\/a>.<\/p>\n\n\t\t<\/div>\n\t<\/div>\n\t\n\t\n\n\t\t<\/div>\n\t\t\t\t\t<\/div>\n\n\t\n\n<\/div>","protected":false},"excerpt":{"rendered":"<p>Experimente o melhor na pr\u00e1tica de golfe com nosso Tee Grass \u201cTEE Pro 40\u201d, o melhor relvado de tees de grama artificial sem preenchimento de areia e resistente. Projetado especificamente para ferros e madeiras, este gramado mant\u00e9m os tee pegs no lugar com seguran\u00e7a, garantindo uma experi\u00eancia de golfe segura e agrad\u00e1vel.<\/p>","protected":false},"featured_media":8032,"template":"","meta":{"_seopress_robots_primary_cat":"","_seopress_titles_title":"","_seopress_titles_desc":"Experience perfect swings with Tee Pro 40 - non-infill Tee grass for golf courses. In stock for fast delivery! \u26f3\ufe0f #Golf #TeeGrass","_seopress_robots_index":""},"product_brand":[],"product_cat":[65],"product_tag":[],"class_list":{"0":"post-6708","1":"product","2":"type-product","3":"status-publish","4":"has-post-thumbnail","6":"product_cat-golf","8":"first","9":"instock","10":"shipping-taxable","11":"product-type-simple"},"_links":{"self":[{"href":"https:\/\/arturf.com\/pt\/wp-json\/wp\/v2\/product\/6708","targetHints":{"allow":["GET"]}}],"collection":[{"href":"https:\/\/arturf.com\/pt\/wp-json\/wp\/v2\/product"}],"about":[{"href":"https:\/\/arturf.com\/pt\/wp-json\/wp\/v2\/types\/product"}],"wp:featuredmedia":[{"embeddable":true,"href":"https:\/\/arturf.com\/pt\/wp-json\/wp\/v2\/media\/8032"}],"wp:attachment":[{"href":"https:\/\/arturf.com\/pt\/wp-json\/wp\/v2\/media?parent=6708"}],"wp:term":[{"taxonomy":"product_brand","embeddable":true,"href":"https:\/\/arturf.com\/pt\/wp-json\/wp\/v2\/product_brand?post=6708"},{"taxonomy":"product_cat","embeddable":true,"href":"https:\/\/arturf.com\/pt\/wp-json\/wp\/v2\/product_cat?post=6708"},{"taxonomy":"product_tag","embeddable":true,"href":"https:\/\/arturf.com\/pt\/wp-json\/wp\/v2\/product_tag?post=6708"}],"curies":[{"name":"wp","href":"https:\/\/api.w.org\/{rel}","templated":true}]}}