{"id":6882,"date":"2018-08-20T03:03:34","date_gmt":"2018-08-20T03:03:34","guid":{"rendered":"https:\/\/arturf.com\/?post_type=product&#038;p=6882"},"modified":"2024-07-13T21:25:22","modified_gmt":"2024-07-13T13:25:22","slug":"sports-fencing","status":"publish","type":"product","link":"https:\/\/arturf.com\/pt\/product\/sports-fencing\/","title":{"rendered":"Cerca esportiva"},"content":{"rendered":"<div class=\"row\"  id=\"row-1512494682\">\n\n\t<div id=\"col-667718247\" class=\"col small-12 large-12\"  >\n\t\t\t\t<div class=\"col-inner\"  >\n\t\t\t\n\t\t\t\n<p>Na Arturf, nos dedicamos a fornecer solu\u00e7\u00f5es de alta qualidade para instala\u00e7\u00f5es esportivas. Juntamente com a nossa relva artificial premium, oferecemos cercas desportivas e postes de veda\u00e7\u00e3o de alta qualidade em colabora\u00e7\u00e3o com fabricantes conceituados. Nossas cercas esportivas s\u00e3o projetadas para garantir seguran\u00e7a, durabilidade e apelo est\u00e9tico para diversas aplica\u00e7\u00f5es. Aqui, apresentamos nossos produtos para cercas esportivas:<\/p>\n<h3>Cerca de arame - Cerca de metal revestida de PE\/PVC premium<\/h3>\n<p>Nossa cerca de arame \u00e9 uma cerca de metal revestida de PE\/PVC superior, conhecida por v\u00e1rios nomes, como rede de arame, cerca de malha de arame, cerca de arame de corrente, cerca de ciclone, cerca de furac\u00e3o ou cerca de malha de diamante. \u00c9 a escolha ideal para cercas de campos esportivos, principalmente em \u00e1reas onde a alta resist\u00eancia ao impacto, \u00e0 corros\u00e3o e \u00e0 umidade \u00e9 crucial. Constru\u00eddas em a\u00e7o macio, a\u00e7o inoxid\u00e1vel ou arame de ferro, essas cercas servem como barreiras seguras e s\u00e3o amplamente utilizadas em escolas, parques, playgrounds e campos de futebol para manter as bolas contidas e proteger as pessoas fora da cerca.<\/p>\n<h4><strong>Caracter\u00edsticas principais:<\/strong><\/h4>\n<ul>\n<li>Resist\u00eancia, durabilidade e flexibilidade intransigentes.<\/li>\n<li>Design atraente com v\u00e1rias op\u00e7\u00f5es de cores.<\/li>\n<li>Perfeito para recintos esportivos que sofrem impactos consistentes de bola, como campos de futebol, quadras de t\u00eanis, redes de cr\u00edquete e redes de beisebol.<\/li>\n<li>Adequado para cercas dom\u00e9sticas e industriais que necessitam de resist\u00eancia superior ao impacto e \u00e0 corros\u00e3o.<\/li>\n<li>Instala-se facilmente em solos de terra ou concreto.<\/li>\n<li>Dur\u00e1vel, com manuten\u00e7\u00e3o m\u00ednima necess\u00e1ria.<\/li>\n<\/ul>\n\n  \n    <div class=\"row large-columns-4 medium-columns-3 small-columns-2\" >\n  <div class=\"gallery-col col\" >\n          <div class=\"col-inner\">\n            <a class=\"image-lightbox lightbox-gallery\" href=\"https:\/\/arturf.com\/wp-content\/uploads\/2020\/09\/PE-coated-wire-mesh-fence-1024x768.jpg\" title=\"\">            <div class=\"box has-hover gallery-box box-overlay dark\">\n              <div class=\"box-image image-cover\" style=\"padding-top:75%;\">\n                <img loading=\"lazy\" decoding=\"async\" width=\"300\" height=\"225\" src=\"https:\/\/arturf.com\/wp-content\/uploads\/2020\/09\/PE-coated-wire-mesh-fence-300x225.jpg\" class=\"attachment-medium size-medium\" alt=\"\" ids=\"12746,19853,19859\" image_height=\"75%\" srcset=\"https:\/\/arturf.com\/wp-content\/uploads\/2020\/09\/PE-coated-wire-mesh-fence-300x225.jpg 300w, https:\/\/arturf.com\/wp-content\/uploads\/2020\/09\/PE-coated-wire-mesh-fence-1024x768.jpg 1024w, https:\/\/arturf.com\/wp-content\/uploads\/2020\/09\/PE-coated-wire-mesh-fence-200x150.jpg 200w, https:\/\/arturf.com\/wp-content\/uploads\/2020\/09\/PE-coated-wire-mesh-fence-768x576.jpg 768w, https:\/\/arturf.com\/wp-content\/uploads\/2020\/09\/PE-coated-wire-mesh-fence-16x12.jpg 16w, https:\/\/arturf.com\/wp-content\/uploads\/2020\/09\/PE-coated-wire-mesh-fence-350x263.jpg 350w, https:\/\/arturf.com\/wp-content\/uploads\/2020\/09\/PE-coated-wire-mesh-fence-510x383.jpg 510w, https:\/\/arturf.com\/wp-content\/uploads\/2020\/09\/PE-coated-wire-mesh-fence.jpg 1200w\" sizes=\"auto, (max-width: 300px) 100vw, 300px\" \/>                                  <div class=\"overlay fill\"\n                      style=\"background-color: rgba(0,0,0,.15)\">\n                  <\/div>\n                                                              <\/div>\n              <div class=\"box-text text-left\" >\n                 <p><\/p>\n              <\/div>\n            <\/div>\n            <\/a>          <\/div>\n         <\/div><div class=\"gallery-col col\" >\n          <div class=\"col-inner\">\n            <a class=\"image-lightbox lightbox-gallery\" href=\"https:\/\/arturf.com\/wp-content\/uploads\/2018\/08\/Easy-install-Sport-Fence.jpg\" title=\"\">            <div class=\"box has-hover gallery-box box-overlay dark\">\n              <div class=\"box-image image-cover\" style=\"padding-top:75%;\">\n                <img loading=\"lazy\" decoding=\"async\" width=\"500\" height=\"500\" src=\"https:\/\/arturf.com\/wp-content\/uploads\/2018\/08\/Easy-install-Sport-Fence-500x500.jpg\" class=\"attachment-medium size-medium\" alt=\"\" ids=\"12746,19853,19859\" image_height=\"75%\" srcset=\"https:\/\/arturf.com\/wp-content\/uploads\/2018\/08\/Easy-install-Sport-Fence-500x500.jpg 500w, https:\/\/arturf.com\/wp-content\/uploads\/2018\/08\/Easy-install-Sport-Fence-768x768.jpg 768w, https:\/\/arturf.com\/wp-content\/uploads\/2018\/08\/Easy-install-Sport-Fence-12x12.jpg 12w, https:\/\/arturf.com\/wp-content\/uploads\/2018\/08\/Easy-install-Sport-Fence-510x510.jpg 510w, https:\/\/arturf.com\/wp-content\/uploads\/2018\/08\/Easy-install-Sport-Fence-100x100.jpg 100w, https:\/\/arturf.com\/wp-content\/uploads\/2018\/08\/Easy-install-Sport-Fence.jpg 960w\" sizes=\"auto, (max-width: 500px) 100vw, 500px\" \/>                                  <div class=\"overlay fill\"\n                      style=\"background-color: rgba(0,0,0,.15)\">\n                  <\/div>\n                                                              <\/div>\n              <div class=\"box-text text-left\" >\n                 <p><\/p>\n              <\/div>\n            <\/div>\n            <\/a>          <\/div>\n         <\/div><div class=\"gallery-col col\" >\n          <div class=\"col-inner\">\n            <a class=\"image-lightbox lightbox-gallery\" href=\"https:\/\/arturf.com\/wp-content\/uploads\/2018\/08\/Secure-chain-link-fence-by-inserting-steel-bars-1-1.jpg\" title=\"\">            <div class=\"box has-hover gallery-box box-overlay dark\">\n              <div class=\"box-image image-cover\" style=\"padding-top:75%;\">\n                <img loading=\"lazy\" decoding=\"async\" width=\"500\" height=\"454\" src=\"https:\/\/arturf.com\/wp-content\/uploads\/2018\/08\/Secure-chain-link-fence-by-inserting-steel-bars-1-1-500x454.jpg\" class=\"attachment-medium size-medium\" alt=\"\" ids=\"12746,19853,19859\" image_height=\"75%\" srcset=\"https:\/\/arturf.com\/wp-content\/uploads\/2018\/08\/Secure-chain-link-fence-by-inserting-steel-bars-1-1-500x454.jpg 500w, https:\/\/arturf.com\/wp-content\/uploads\/2018\/08\/Secure-chain-link-fence-by-inserting-steel-bars-1-1-768x697.jpg 768w, https:\/\/arturf.com\/wp-content\/uploads\/2018\/08\/Secure-chain-link-fence-by-inserting-steel-bars-1-1-13x12.jpg 13w, https:\/\/arturf.com\/wp-content\/uploads\/2018\/08\/Secure-chain-link-fence-by-inserting-steel-bars-1-1-510x463.jpg 510w, https:\/\/arturf.com\/wp-content\/uploads\/2018\/08\/Secure-chain-link-fence-by-inserting-steel-bars-1-1.jpg 790w\" sizes=\"auto, (max-width: 500px) 100vw, 500px\" \/>                                  <div class=\"overlay fill\"\n                      style=\"background-color: rgba(0,0,0,.15)\">\n                  <\/div>\n                                                              <\/div>\n              <div class=\"box-text text-left\" >\n                 <p><\/p>\n              <\/div>\n            <\/div>\n            <\/a>          <\/div>\n         <\/div><\/div>\n\t\t<\/div>\n\t\t\t\t\t<\/div>\n\n\t\n<\/div>\n<div class=\"row\"  id=\"row-1893837551\">\n\n\t<div id=\"col-1506691180\" class=\"col small-12 large-12\"  >\n\t\t\t\t<div class=\"col-inner\"  >\n\t\t\t\n\t\t\t\n<h3><span style=\"font-size: 20.16px;\">Cerca de painel de malha soldada 2D<\/span><\/h3>\n<p>A cerca de painel de malha soldada 2D, tamb\u00e9m conhecida como cerca de malha de arame duplo, cerca de malha de arame duplo ou cerca de painel 2D, \u00e9 feita de fio de a\u00e7o inoxid\u00e1vel de baixo carbono de alta qualidade. Apresentando um fio vertical e dois fios horizontais, esta cerca oferece maior resist\u00eancia em compara\u00e7\u00e3o com pain\u00e9is de cerca soldados padr\u00e3o. \u00c9 ideal para proteger o per\u00edmetro de instala\u00e7\u00f5es comerciais, industriais, educacionais e esportivas.<\/p>\n<h4>Caracter\u00edsticas principais:<\/h4>\n<ul>\n<li>Dispon\u00edvel em padr\u00f5es de design de topo plano e topo em arco.<\/li>\n<li>Fios horizontais duplos soldados ao fio vertical para maior rigidez.<\/li>\n<li>Grandes aberturas de malha para alta visibilidade e excelente seguran\u00e7a.<\/li>\n<li>Pre\u00e7os competitivos com alta qualidade, rigidez e longa vida \u00fatil.<\/li>\n<li>Superf\u00edcie galvanizada ou revestida a p\u00f3 para excelente resist\u00eancia \u00e0 ferrugem e corros\u00e3o.<\/li>\n<li>Projetado para suportar v\u00e1rias condi\u00e7\u00f5es ambientais adversas.<\/li>\n<li>Requer manuten\u00e7\u00e3o m\u00ednima devido \u00e0 sua constru\u00e7\u00e3o robusta.<\/li>\n<\/ul>\n\n  \n    <div class=\"row large-columns-4 medium-columns-3 small-columns-2\" >\n  <div class=\"gallery-col col\" >\n          <div class=\"col-inner\">\n            <a class=\"image-lightbox lightbox-gallery\" href=\"https:\/\/arturf.com\/wp-content\/uploads\/2018\/08\/2D-Welded-Mesh-Fence-01.jpg\" title=\"\">            <div class=\"box has-hover gallery-box box-overlay dark\">\n              <div class=\"box-image image-cover\" style=\"padding-top:75%;\">\n                <img loading=\"lazy\" decoding=\"async\" width=\"500\" height=\"500\" src=\"https:\/\/arturf.com\/wp-content\/uploads\/2018\/08\/2D-Welded-Mesh-Fence-01-500x500.jpg\" class=\"attachment-medium size-medium\" alt=\"\" ids=\"19855,19858,19857\" image_height=\"75%\" srcset=\"https:\/\/arturf.com\/wp-content\/uploads\/2018\/08\/2D-Welded-Mesh-Fence-01-500x500.jpg 500w, https:\/\/arturf.com\/wp-content\/uploads\/2018\/08\/2D-Welded-Mesh-Fence-01-12x12.jpg 12w, https:\/\/arturf.com\/wp-content\/uploads\/2018\/08\/2D-Welded-Mesh-Fence-01-510x510.jpg 510w, https:\/\/arturf.com\/wp-content\/uploads\/2018\/08\/2D-Welded-Mesh-Fence-01-100x100.jpg 100w, https:\/\/arturf.com\/wp-content\/uploads\/2018\/08\/2D-Welded-Mesh-Fence-01.jpg 550w\" sizes=\"auto, (max-width: 500px) 100vw, 500px\" \/>                                  <div class=\"overlay fill\"\n                      style=\"background-color: rgba(0,0,0,.15)\">\n                  <\/div>\n                                                              <\/div>\n              <div class=\"box-text text-left\" >\n                 <p><\/p>\n              <\/div>\n            <\/div>\n            <\/a>          <\/div>\n         <\/div><div class=\"gallery-col col\" >\n          <div class=\"col-inner\">\n            <a class=\"image-lightbox lightbox-gallery\" href=\"https:\/\/arturf.com\/wp-content\/uploads\/2018\/08\/2D-Welded-Mesh-Fence-02-1-865x1024.jpg\" title=\"\">            <div class=\"box has-hover gallery-box box-overlay dark\">\n              <div class=\"box-image image-cover\" style=\"padding-top:75%;\">\n                <img loading=\"lazy\" decoding=\"async\" width=\"423\" height=\"500\" src=\"https:\/\/arturf.com\/wp-content\/uploads\/2018\/08\/2D-Welded-Mesh-Fence-02-1-423x500.jpg\" class=\"attachment-medium size-medium\" alt=\"\" ids=\"19855,19858,19857\" image_height=\"75%\" srcset=\"https:\/\/arturf.com\/wp-content\/uploads\/2018\/08\/2D-Welded-Mesh-Fence-02-1-423x500.jpg 423w, https:\/\/arturf.com\/wp-content\/uploads\/2018\/08\/2D-Welded-Mesh-Fence-02-1-865x1024.jpg 865w, https:\/\/arturf.com\/wp-content\/uploads\/2018\/08\/2D-Welded-Mesh-Fence-02-1-768x909.jpg 768w, https:\/\/arturf.com\/wp-content\/uploads\/2018\/08\/2D-Welded-Mesh-Fence-02-1-1298x1536.jpg 1298w, https:\/\/arturf.com\/wp-content\/uploads\/2018\/08\/2D-Welded-Mesh-Fence-02-1-1731x2048.jpg 1731w, https:\/\/arturf.com\/wp-content\/uploads\/2018\/08\/2D-Welded-Mesh-Fence-02-1-10x12.jpg 10w, https:\/\/arturf.com\/wp-content\/uploads\/2018\/08\/2D-Welded-Mesh-Fence-02-1-510x604.jpg 510w, https:\/\/arturf.com\/wp-content\/uploads\/2018\/08\/2D-Welded-Mesh-Fence-02-1.jpg 1920w\" sizes=\"auto, (max-width: 423px) 100vw, 423px\" \/>                                  <div class=\"overlay fill\"\n                      style=\"background-color: rgba(0,0,0,.15)\">\n                  <\/div>\n                                                              <\/div>\n              <div class=\"box-text text-left\" >\n                 <p><\/p>\n              <\/div>\n            <\/div>\n            <\/a>          <\/div>\n         <\/div><div class=\"gallery-col col\" >\n          <div class=\"col-inner\">\n            <a class=\"image-lightbox lightbox-gallery\" href=\"https:\/\/arturf.com\/wp-content\/uploads\/2018\/08\/2D-Welded-Mesh-Fence-03-1024x768.jpg\" title=\"\">            <div class=\"box has-hover gallery-box box-overlay dark\">\n              <div class=\"box-image image-cover\" style=\"padding-top:75%;\">\n                <img loading=\"lazy\" decoding=\"async\" width=\"500\" height=\"375\" src=\"https:\/\/arturf.com\/wp-content\/uploads\/2018\/08\/2D-Welded-Mesh-Fence-03-500x375.jpg\" class=\"attachment-medium size-medium\" alt=\"\" ids=\"19855,19858,19857\" image_height=\"75%\" srcset=\"https:\/\/arturf.com\/wp-content\/uploads\/2018\/08\/2D-Welded-Mesh-Fence-03-500x375.jpg 500w, https:\/\/arturf.com\/wp-content\/uploads\/2018\/08\/2D-Welded-Mesh-Fence-03-1024x768.jpg 1024w, https:\/\/arturf.com\/wp-content\/uploads\/2018\/08\/2D-Welded-Mesh-Fence-03-200x150.jpg 200w, https:\/\/arturf.com\/wp-content\/uploads\/2018\/08\/2D-Welded-Mesh-Fence-03-768x576.jpg 768w, https:\/\/arturf.com\/wp-content\/uploads\/2018\/08\/2D-Welded-Mesh-Fence-03-1536x1152.jpg 1536w, https:\/\/arturf.com\/wp-content\/uploads\/2018\/08\/2D-Welded-Mesh-Fence-03-2048x1536.jpg 2048w, https:\/\/arturf.com\/wp-content\/uploads\/2018\/08\/2D-Welded-Mesh-Fence-03-16x12.jpg 16w, https:\/\/arturf.com\/wp-content\/uploads\/2018\/08\/2D-Welded-Mesh-Fence-03-350x263.jpg 350w, https:\/\/arturf.com\/wp-content\/uploads\/2018\/08\/2D-Welded-Mesh-Fence-03-510x383.jpg 510w\" sizes=\"auto, (max-width: 500px) 100vw, 500px\" \/>                                  <div class=\"overlay fill\"\n                      style=\"background-color: rgba(0,0,0,.15)\">\n                  <\/div>\n                                                              <\/div>\n              <div class=\"box-text text-left\" >\n                 <p><\/p>\n              <\/div>\n            <\/div>\n            <\/a>          <\/div>\n         <\/div><\/div>\n\t\t<\/div>\n\t\t\t\t\t<\/div>\n\n\t\n<\/div>\n<div class=\"row\"  id=\"row-1155699916\">\n\n\t<div id=\"col-1303122256\" class=\"col small-12 large-12\"  >\n\t\t\t\t<div class=\"col-inner\"  >\n\t\t\t\n\t\t\t\n<h3><span style=\"font-size: 20.16px;\">Postes de cerca<\/span><\/h3>\n<p>Al\u00e9m de nossas cercas esportivas, fornecemos uma variedade de postes de alta qualidade projetados para complementar e apoiar nossos sistemas de cercas. Nossos postes de cerca s\u00e3o feitos de materiais dur\u00e1veis, garantindo suporte confi\u00e1vel e aumentando a longevidade de sua cerca. Os postes podem ser de tubo redondo ou quadrado, oferecendo versatilidade para atender a diferentes necessidades de design e instala\u00e7\u00e3o.<\/p>\n<h4>Caracter\u00edsticas principais:<\/h4>\n<ul>\n<li>Feito de materiais de alta qualidade para durabilidade.<\/li>\n<li>Dispon\u00edvel em designs de tubo redondo ou tubo quadrado.<\/li>\n<li>Projetado para fornecer forte suporte para v\u00e1rios tipos de cercas.<\/li>\n<li>Resistente \u00e0 corros\u00e3o e ao desgaste ambiental.<\/li>\n<li>Dispon\u00edvel em v\u00e1rios tamanhos e estilos para atender \u00e0s diferentes necessidades de cercas.<\/li>\n<li>F\u00e1cil de instalar e manter.<\/li>\n<\/ul>\n<h3>Solu\u00e7\u00f5es otimizadas para cercas esportivas<\/h3>\n<p>Na constru\u00e7\u00e3o de instala\u00e7\u00f5es desportivas, \u00e9 crucial alcan\u00e7ar a rela\u00e7\u00e3o custo-efic\u00e1cia sem sacrificar a qualidade. Na Arturf, fornecemos solu\u00e7\u00f5es dur\u00e1veis e acess\u00edveis, combinando diferentes tipos de cercas para atender aos requisitos do projeto de forma eficiente.<\/p>\n<h4>Alturas Comuns e Combina\u00e7\u00f5es de Economia de Custos<\/h4>\n<p>As alturas t\u00edpicas das cercas esportivas s\u00e3o 4m e 6m. Para otimizar custos, frequentemente combinamos dois tipos de cercas. Para uma cerca de futebol com 4 m de altura, os exemplos incluem:<\/p>\n<ul>\n<li>Cerca de painel de malha soldada 2D de 2 m de altura (inferior) + cerca de elo de corrente de 2 m de altura (superior)<\/li>\n<li>Cerca de painel de malha soldada 2D de 2m de altura (inferior) + rede de polietileno de 2m (superior)<\/li>\n<li>Cerca de arame de 2m de altura (inferior) + 2m <a href=\"https:\/\/arturf.com\/pt\/product\/sport-netting-barrier\/\">Rede de polietileno<\/a> (Principal)<\/li>\n<\/ul>\n<p>Essas combina\u00e7\u00f5es garantem seguran\u00e7a robusta e durabilidade a um custo menor.<\/p>\n<hr \/>\n<p>Estamos continuamente expandindo nossa linha de produtos para oferecer mais op\u00e7\u00f5es de cercas. Para mais informa\u00e7\u00f5es sobre nossos produtos de cercas esportivas ou para solicitar um or\u00e7amento, entre em contato conosco pelo e-mail info@arturf.com. Deixe o Arturf ajud\u00e1-lo a criar um ambiente seguro e esteticamente agrad\u00e1vel para suas instala\u00e7\u00f5es esportivas.<\/p>\n\t\t<\/div>\n\t\t\t\t\t<\/div>\n\n\t\n<\/div>","protected":false},"excerpt":{"rendered":"<p>Explore a linha de cercas esportivas de alta qualidade do Arturf, incluindo cercas de arame revestido de PE\/PVC e cercas de malha soldada 2D. Op\u00e7\u00f5es adicionais dispon\u00edveis mediante solicita\u00e7\u00e3o para solu\u00e7\u00f5es personalizadas para atender \u00e0s necessidades de suas instala\u00e7\u00f5es esportivas.<\/p>","protected":false},"featured_media":14465,"template":"","meta":{"_seopress_robots_primary_cat":"","_seopress_titles_title":"","_seopress_titles_desc":"","_seopress_robots_index":""},"product_brand":[],"product_cat":[66],"product_tag":[],"class_list":{"0":"post-6882","1":"product","2":"type-product","3":"status-publish","4":"has-post-thumbnail","6":"product_cat-accessories","8":"first","9":"instock","10":"shipping-taxable","11":"product-type-simple"},"_links":{"self":[{"href":"https:\/\/arturf.com\/pt\/wp-json\/wp\/v2\/product\/6882","targetHints":{"allow":["GET"]}}],"collection":[{"href":"https:\/\/arturf.com\/pt\/wp-json\/wp\/v2\/product"}],"about":[{"href":"https:\/\/arturf.com\/pt\/wp-json\/wp\/v2\/types\/product"}],"wp:featuredmedia":[{"embeddable":true,"href":"https:\/\/arturf.com\/pt\/wp-json\/wp\/v2\/media\/14465"}],"wp:attachment":[{"href":"https:\/\/arturf.com\/pt\/wp-json\/wp\/v2\/media?parent=6882"}],"wp:term":[{"taxonomy":"product_brand","embeddable":true,"href":"https:\/\/arturf.com\/pt\/wp-json\/wp\/v2\/product_brand?post=6882"},{"taxonomy":"product_cat","embeddable":true,"href":"https:\/\/arturf.com\/pt\/wp-json\/wp\/v2\/product_cat?post=6882"},{"taxonomy":"product_tag","embeddable":true,"href":"https:\/\/arturf.com\/pt\/wp-json\/wp\/v2\/product_tag?post=6882"}],"curies":[{"name":"wp","href":"https:\/\/api.w.org\/{rel}","templated":true}]}}