{"id":7196,"date":"2010-12-04T11:55:55","date_gmt":"2010-12-04T11:55:55","guid":{"rendered":"https:\/\/arturf.com\/?post_type=product&#038;p=7196"},"modified":"2020-06-10T09:53:50","modified_gmt":"2020-06-10T01:53:50","slug":"golf-putting-training-aid","status":"publish","type":"product","link":"https:\/\/arturf.com\/pt\/product\/golf-putting-training-aid\/","title":{"rendered":"AUX\u00cdLIOS \u00c0 FORMA\u00c7\u00c3O DE GOLFE"},"content":{"rendered":"<p>Feito de uma base de borracha de qualidade e grama verde sint\u00e9tica que ser\u00e1 dur\u00e1vel e inofensiva. A simula\u00e7\u00e3o premium de colocar a grama permanece suave e parece grama real. Voc\u00ea vai gostar de praticar as habilidades de coloca\u00e7\u00e3o com a grama de 2 cores. Tapete de comprimento estendido de 300 * 30 cm apenas para voc\u00ea. Mais pr\u00e1tica para beneficiar sua sa\u00fade e facilitar seu conv\u00edvio social.<\/p>\n<h3>Recursos:<\/h3>\n<p><strong>1. Furos de dois tamanhos<\/strong><br \/>Desenho de 6,5cm e 8,5cm para forma\u00e7\u00e3o profissional. Melhorando sua habilidade de jogo de tacada praticando com nosso tamanho menor de 6,5 cm. Embora o buraco de golfe padr\u00e3o seja de 10,8 cm (4,25 \u2033), nossas x\u00edcaras de design exclusivo de 8,5 cm e 6,5 cm ir\u00e3o ajud\u00e1-lo a desenvolver precis\u00e3o e exatid\u00e3o.<\/p>\n<p><strong>2. Sistema de retorno da bola de gravidade para economizar tempo.<\/strong> <br \/>Voc\u00ea quer tornar sua pr\u00e1tica de coloca\u00e7\u00e3o mais eficiente? O canal de retorno da bola pode economizar seu tempo de caminhar at\u00e9 o buraco para recuperar a bola v\u00e1rias vezes.<\/p>\n<p><strong>3. Colocando em todos os lugares<\/strong><br \/>Para facilitar o armazenamento em casa ou no escrit\u00f3rio, voc\u00ea pode simplesmente enrolar a grama e ela vai caber em um arm\u00e1rio ou gaveta vazia convenientemente.<\/p>\n<p>Observe que n\u00e3o sugerimos comprar o GOLF PUTTING TRAINING AID individualmente, pois o frete a\u00e9reo ser\u00e1 muito alto e provavelmente muito maior do que o valor dos produtos. Recomendamos encomendar junto com relva artificial e colocar GOLF PUTTING TRAINING AID no mesmo recipiente. Contacte-nos para saber como obter um conjunto GRATUITO de ajuda ao treino de golfe!<\/p>\n\t<div class=\"img has-hover x md-x lg-x y md-y lg-y\" id=\"image_761614242\">\n\t\t\t\t\t\t\t\t<div class=\"img-inner dark\" >\n\t\t\t<img loading=\"lazy\" decoding=\"async\" width=\"788\" height=\"325\" src=\"https:\/\/arturf.com\/wp-content\/uploads\/2020\/06\/wood-putting-trainer-packing.jpg\" class=\"attachment-large size-large\" alt=\"\" srcset=\"https:\/\/arturf.com\/wp-content\/uploads\/2020\/06\/wood-putting-trainer-packing.jpg 788w, https:\/\/arturf.com\/wp-content\/uploads\/2020\/06\/wood-putting-trainer-packing-300x124.jpg 300w, https:\/\/arturf.com\/wp-content\/uploads\/2020\/06\/wood-putting-trainer-packing-768x317.jpg 768w, https:\/\/arturf.com\/wp-content\/uploads\/2020\/06\/wood-putting-trainer-packing-18x7.jpg 18w, https:\/\/arturf.com\/wp-content\/uploads\/2020\/06\/wood-putting-trainer-packing-510x210.jpg 510w\" sizes=\"auto, (max-width: 788px) 100vw, 788px\" \/>\t\t\t\t\t\t\n\t\t\t\t\t<\/div>\n\t\t\t\t\t\t\t\t\n<style>\n#image_761614242 {\n  width: 100%;\n}\n<\/style>\n\t<\/div>\n\t\n\t<div class=\"img has-hover x md-x lg-x y md-y lg-y\" id=\"image_1974637646\">\n\t\t\t\t\t\t\t\t<div class=\"img-inner dark\" >\n\t\t\t<img loading=\"lazy\" decoding=\"async\" width=\"789\" height=\"486\" src=\"https:\/\/arturf.com\/wp-content\/uploads\/2020\/06\/wood-putting-trainer-box-packing.jpg\" class=\"attachment-large size-large\" alt=\"\" srcset=\"https:\/\/arturf.com\/wp-content\/uploads\/2020\/06\/wood-putting-trainer-box-packing.jpg 789w, https:\/\/arturf.com\/wp-content\/uploads\/2020\/06\/wood-putting-trainer-box-packing-300x185.jpg 300w, https:\/\/arturf.com\/wp-content\/uploads\/2020\/06\/wood-putting-trainer-box-packing-768x473.jpg 768w, https:\/\/arturf.com\/wp-content\/uploads\/2020\/06\/wood-putting-trainer-box-packing-18x12.jpg 18w, https:\/\/arturf.com\/wp-content\/uploads\/2020\/06\/wood-putting-trainer-box-packing-510x314.jpg 510w\" sizes=\"auto, (max-width: 789px) 100vw, 789px\" \/>\t\t\t\t\t\t\n\t\t\t\t\t<\/div>\n\t\t\t\t\t\t\t\t\n<style>\n#image_1974637646 {\n  width: 100%;\n}\n<\/style>\n\t<\/div>\n\t\n\n\t<section class=\"section\" id=\"section_956461756\">\n\t\t<div class=\"section-bg fill\" >\n\t\t\t\t\t\t\t\t\t\n\t\t\t\n\n\t\t<\/div>\n\n\t\t\n\n\t\t<div class=\"section-content relative\">\n\t\t\t\n\n<div class=\"row\"  id=\"row-1877650760\">\n\n\n\t<div id=\"col-730602327\" class=\"col small-12 large-12\"  >\n\t\t\t\t<div class=\"col-inner text-center\"  >\n\t\t\t\n\t\t\t\n\n<h2>perguntas frequentes<\/h2>\n\n\t\t<\/div>\n\t\t\t\t\t<\/div>\n\n\t\n\n<\/div>\n<div class=\"row align-center row-box-shadow-1\"  id=\"row-446725279\">\n\n\n\t<div id=\"col-297797621\" class=\"col medium-10 small-12 large-9\"  >\n\t\t\t\t<div class=\"col-inner\" style=\"background-color:rgb(255,255,255);\" >\n\t\t\t\n\t\t\t\n\n<div class=\"accordion\">\n\n\t<div id=\"accordion-992386607\" class=\"accordion-item\">\n\t\t<a id=\"accordion-992386607-label\" class=\"accordion-title plain\" href=\"#accordion-item-can-you-customize-specifications-for-your-artificial-turf-products?\" aria-expanded=\"false\" aria-controls=\"accordion-992386607-content\">\n\t\t\t<button class=\"toggle\" aria-label=\"Alternar\"><i class=\"icon-angle-down\" aria-hidden=\"true\"><\/i><\/button>\n\t\t\t<span>Voc\u00ea pode personalizar as especifica\u00e7\u00f5es para seus produtos de grama artificial?<\/span>\n\t\t<\/a>\n\t\t<div id=\"accordion-992386607-content\" class=\"accordion-inner\" aria-labelledby=\"accordion-992386607-label\">\n\t\t\t\n\n<p>Sim, oferecemos op\u00e7\u00f5es de personaliza\u00e7\u00e3o de cor, formato do fio, altura da pilha, densidade e forro. Tamb\u00e9m podemos produzir de acordo com uma amostra fornecida.<\/p>\n\n\t\t<\/div>\n\t<\/div>\n\t\n\t<div id=\"accordion-3578387103\" class=\"accordion-item\">\n\t\t<a id=\"accordion-3578387103-label\" class=\"accordion-title plain\" href=\"#accordion-item-do-you-have-stock?\" aria-expanded=\"false\" aria-controls=\"accordion-3578387103-content\">\n\t\t\t<button class=\"toggle\" aria-label=\"Alternar\"><i class=\"icon-angle-down\" aria-hidden=\"true\"><\/i><\/button>\n\t\t\t<span>Voc\u00ea t\u00eam estoque?<\/span>\n\t\t<\/a>\n\t\t<div id=\"accordion-3578387103-content\" class=\"accordion-inner\" aria-labelledby=\"accordion-3578387103-label\">\n\t\t\t\n\n<p>N\u00e3o, n\u00e3o mantemos estoque. Iniciamos a produ\u00e7\u00e3o com base em pedidos espec\u00edficos.<\/p>\n\n\t\t<\/div>\n\t<\/div>\n\t\n\t<div id=\"accordion-4021807953\" class=\"accordion-item\">\n\t\t<a id=\"accordion-4021807953-label\" class=\"accordion-title plain\" href=\"#accordion-item-what-is-your-moq?\" aria-expanded=\"false\" aria-controls=\"accordion-4021807953-content\">\n\t\t\t<button class=\"toggle\" aria-label=\"Alternar\"><i class=\"icon-angle-down\" aria-hidden=\"true\"><\/i><\/button>\n\t\t\t<span>Qual \u00e9 o seu MOQ?<\/span>\n\t\t<\/a>\n\t\t<div id=\"accordion-4021807953-content\" class=\"accordion-inner\" aria-labelledby=\"accordion-4021807953-label\">\n\t\t\t\n\n<p>Para a maioria da grama artificial, nossa quantidade m\u00ednima de pedido (MOQ) \u00e9 de 500 metros quadrados. Para alguns produtos de peso facial leve, o MOQ \u00e9 de 800 metros quadrados.<\/p>\n\n\t\t<\/div>\n\t<\/div>\n\t\n\t<div id=\"accordion-2441781236\" class=\"accordion-item\">\n\t\t<a id=\"accordion-2441781236-label\" class=\"accordion-title plain\" href=\"#accordion-item-what-are-the-width-and-length-options-for-artificial-grass?\" aria-expanded=\"false\" aria-controls=\"accordion-2441781236-content\">\n\t\t\t<button class=\"toggle\" aria-label=\"Alternar\"><i class=\"icon-angle-down\" aria-hidden=\"true\"><\/i><\/button>\n\t\t\t<span>Quais s\u00e3o as op\u00e7\u00f5es de largura e comprimento para grama artificial?<\/span>\n\t\t<\/a>\n\t\t<div id=\"accordion-2441781236-content\" class=\"accordion-inner\" aria-labelledby=\"accordion-2441781236-label\">\n\t\t\t\n\n<p>Nossas op\u00e7\u00f5es de largura comuns s\u00e3o 2m, 3,75m, 3,95m, 4m e 5m. O comprimento pode ser personalizado de acordo com os requisitos espec\u00edficos do seu projeto. Por padr\u00e3o, misturamos grama de 4m de largura e 2m de largura para otimizar o espa\u00e7o do cont\u00eainer.<\/p>\n\n\t\t<\/div>\n\t<\/div>\n\t\n\t<div id=\"accordion-2934482302\" class=\"accordion-item\">\n\t\t<a id=\"accordion-2934482302-label\" class=\"accordion-title plain\" href=\"#accordion-item-what-information-do-you-need-to-provide-the-landed-cost-for-international-customers?\" aria-expanded=\"false\" aria-controls=\"accordion-2934482302-content\">\n\t\t\t<button class=\"toggle\" aria-label=\"Alternar\"><i class=\"icon-angle-down\" aria-hidden=\"true\"><\/i><\/button>\n\t\t\t<span>Quais informa\u00e7\u00f5es voc\u00ea precisa para fornecer o custo de importa\u00e7\u00e3o para clientes internacionais?<\/span>\n\t\t<\/a>\n\t\t<div id=\"accordion-2934482302-content\" class=\"accordion-inner\" aria-labelledby=\"accordion-2934482302-label\">\n\t\t\t\n\n<p>Para fornecer o custo de desembarque, exigimos informa\u00e7\u00f5es sobre os detalhes do produto, quantidade e porto de destino.<\/p>\n\n\t\t<\/div>\n\t<\/div>\n\t\n\n<\/div>\n\n\t\t<\/div>\n\t\t\t\t\t<\/div>\n\n\t\n\n\n<style>\n#row-446725279 > .col > .col-inner {\n  padding: 0px 0px 0px 0px;\n}\n@media (min-width:550px) {\n  #row-446725279 > .col > .col-inner {\n    padding: 30px 30px 30px 30px;\n  }\n}\n<\/style>\n<\/div>\n\n\t\t<\/div>\n\n\t\t\n<style>\n#section_956461756 {\n  padding-top: 60px;\n  padding-bottom: 60px;\n}\n<\/style>\n\t<\/section>\n\t\n<div class=\"row align-center\"  id=\"row-642128169\">\n\n\n\t<div id=\"col-930082568\" class=\"col medium-4 large-4\"  >\n\t\t\t\t<div class=\"col-inner\"  >\n\t\t\t\n\t<div class=\"is-border\"\n\t\tstyle=\"border-width:0px 0px 0px 0px;\">\n\t<\/div>\n\t\t\t\n\n\n\t\t<div class=\"icon-box featured-box icon-box-center text-center\"  style=\"margin:0px 0px 0px 0px;\">\n\t\t\t\t\t<div class=\"icon-box-img has-icon-bg\" style=\"width: 100px\">\n\t\t\t\t<div class=\"icon\">\n\t\t\t\t\t<div class=\"icon-inner\" style=\"border-width:2px;color:rgba(47, 159, 18, 0.88);\">\n\t\t\t\t\t\t<img loading=\"lazy\" decoding=\"async\" width=\"100\" height=\"100\" src=\"https:\/\/arturf.com\/wp-content\/uploads\/2018\/06\/Icon-Good-quality.png\" class=\"attachment-medium size-medium\" alt=\"\" srcset=\"https:\/\/arturf.com\/wp-content\/uploads\/2018\/06\/Icon-Good-quality.png 100w, https:\/\/arturf.com\/wp-content\/uploads\/2018\/06\/Icon-Good-quality-12x12.png 12w\" sizes=\"auto, (max-width: 100px) 100vw, 100px\" \/>\t\t\t\t\t<\/div>\n\t\t\t\t<\/div>\n\t\t\t<\/div>\n\t\t\t\t<div class=\"icon-box-text last-reset\">\n\t\t\t<h5 class=\"uppercase\">Qualidade Comprovada<\/h5>\t\t\t\t\t\t\n\n<p>Relva artificial premium com resist\u00eancia aos raios UV e ao desgaste. Garantias s\u00f3lidas garantem uma satisfa\u00e7\u00e3o duradoura.<\/p>\n\n\t\t<\/div>\n\t<\/div>\n\t\n\t\n\n\t\t<\/div>\n\t\t\t\t\t<\/div>\n\n\t\n\n\t<div id=\"col-231014384\" class=\"col medium-4 large-4\"  >\n\t\t\t\t<div class=\"col-inner\"  >\n\t\t\t\n\t<div class=\"is-border\"\n\t\tstyle=\"border-width:0px 0px 0px 0px;\">\n\t<\/div>\n\t\t\t\n\n\n\t\t<div class=\"icon-box featured-box icon-box-center text-center\"  style=\"margin:0px 0px 0px 0px;\">\n\t\t\t\t\t<div class=\"icon-box-img has-icon-bg\" style=\"width: 100px\">\n\t\t\t\t<div class=\"icon\">\n\t\t\t\t\t<div class=\"icon-inner\" style=\"border-width:2px;color:rgba(47, 159, 18, 0.88);\">\n\t\t\t\t\t\t<img loading=\"lazy\" decoding=\"async\" width=\"100\" height=\"100\" src=\"https:\/\/arturf.com\/wp-content\/uploads\/2018\/06\/Icon-Good-price.png\" class=\"attachment-medium size-medium\" alt=\"\" srcset=\"https:\/\/arturf.com\/wp-content\/uploads\/2018\/06\/Icon-Good-price.png 100w, https:\/\/arturf.com\/wp-content\/uploads\/2018\/06\/Icon-Good-price-12x12.png 12w\" sizes=\"auto, (max-width: 100px) 100vw, 100px\" \/>\t\t\t\t\t<\/div>\n\t\t\t\t<\/div>\n\t\t\t<\/div>\n\t\t\t\t<div class=\"icon-box-text last-reset\">\n\t\t\t<h5 class=\"uppercase\">Pre\u00e7os competitivos<\/h5>\t\t\t\t\t\t\n\n<p>Oferecemos pre\u00e7os competitivos, promovendo crescimento m\u00fatuo e sucesso de longo prazo com nossos estimados revendedores.<\/p>\n\n\t\t<\/div>\n\t<\/div>\n\t\n\t\n\n\t\t<\/div>\n\t\t\t\t\t<\/div>\n\n\t\n\n\t<div id=\"col-1144292972\" class=\"col medium-4 large-4\"  >\n\t\t\t\t<div class=\"col-inner\"  >\n\t\t\t\n\t<div class=\"is-border\"\n\t\tstyle=\"border-width:0px 0px 0px 0px;\">\n\t<\/div>\n\t\t\t\n\n\n\t\t<div class=\"icon-box featured-box icon-box-center text-center\"  style=\"margin:0px 0px 0px 0px;\">\n\t\t\t\t\t<div class=\"icon-box-img has-icon-bg\" style=\"width: 100px\">\n\t\t\t\t<div class=\"icon\">\n\t\t\t\t\t<div class=\"icon-inner\" style=\"border-width:2px;color:rgba(47, 159, 18, 0.88);\">\n\t\t\t\t\t\t<img loading=\"lazy\" decoding=\"async\" width=\"100\" height=\"100\" src=\"https:\/\/arturf.com\/wp-content\/uploads\/2018\/06\/Icon-tailor-made.png\" class=\"attachment-medium size-medium\" alt=\"\" srcset=\"https:\/\/arturf.com\/wp-content\/uploads\/2018\/06\/Icon-tailor-made.png 100w, https:\/\/arturf.com\/wp-content\/uploads\/2018\/06\/Icon-tailor-made-12x12.png 12w\" sizes=\"auto, (max-width: 100px) 100vw, 100px\" \/>\t\t\t\t\t<\/div>\n\t\t\t\t<\/div>\n\t\t\t<\/div>\n\t\t\t\t<div class=\"icon-box-text last-reset\">\n\t\t\t<h5 class=\"uppercase\">Solu\u00e7\u00f5es personalizadas<\/h5>\t\t\t\t\t\t\n\n<p>Desbloqueie o potencial do mercado com diversas op\u00e7\u00f5es de grama artificial. <a href=\"https:\/\/arturf.com\/pt\/buyers-guide\/customized-artificial-grass-products\/\">Adaptado a necessidades ou amostras exclusivas<\/a>.<\/p>\n\n\t\t<\/div>\n\t<\/div>\n\t\n\t\n\n\t\t<\/div>\n\t\t\t\t\t<\/div>\n\n\t\n\n<\/div>","protected":false},"excerpt":{"rendered":"<p>Um excelente aux\u00edlio para o treinamento da habilidade de coloca\u00e7\u00e3o de golfe para a pr\u00e1tica de sua coloca\u00e7\u00e3o dentro de casa. Para uma pr\u00e1tica realista onde voc\u00ea quiser, j\u00e1 que o verde facilmente se acumula para carregar e armazenar. Os furos s\u00e3o projetados em uma inclina\u00e7\u00e3o para melhorar a firmeza do curso e para um desafio extra.<\/p>","protected":false},"featured_media":7763,"template":"","meta":{"_seopress_robots_primary_cat":"","_seopress_titles_title":"","_seopress_titles_desc":"","_seopress_robots_index":""},"product_brand":[],"product_cat":[65],"product_tag":[],"class_list":{"0":"post-7196","1":"product","2":"type-product","3":"status-publish","4":"has-post-thumbnail","6":"product_cat-golf","8":"first","9":"instock","10":"shipping-taxable","11":"product-type-simple"},"_links":{"self":[{"href":"https:\/\/arturf.com\/pt\/wp-json\/wp\/v2\/product\/7196","targetHints":{"allow":["GET"]}}],"collection":[{"href":"https:\/\/arturf.com\/pt\/wp-json\/wp\/v2\/product"}],"about":[{"href":"https:\/\/arturf.com\/pt\/wp-json\/wp\/v2\/types\/product"}],"wp:featuredmedia":[{"embeddable":true,"href":"https:\/\/arturf.com\/pt\/wp-json\/wp\/v2\/media\/7763"}],"wp:attachment":[{"href":"https:\/\/arturf.com\/pt\/wp-json\/wp\/v2\/media?parent=7196"}],"wp:term":[{"taxonomy":"product_brand","embeddable":true,"href":"https:\/\/arturf.com\/pt\/wp-json\/wp\/v2\/product_brand?post=7196"},{"taxonomy":"product_cat","embeddable":true,"href":"https:\/\/arturf.com\/pt\/wp-json\/wp\/v2\/product_cat?post=7196"},{"taxonomy":"product_tag","embeddable":true,"href":"https:\/\/arturf.com\/pt\/wp-json\/wp\/v2\/product_tag?post=7196"}],"curies":[{"name":"wp","href":"https:\/\/api.w.org\/{rel}","templated":true}]}}