{"id":7430,"date":"2018-12-20T03:27:57","date_gmt":"2018-12-20T03:27:57","guid":{"rendered":"https:\/\/arturf.com\/?post_type=product&#038;p=7430"},"modified":"2023-07-14T20:17:09","modified_gmt":"2023-07-14T12:17:09","slug":"artificial-grass-mixx","status":"publish","type":"product","link":"https:\/\/arturf.com\/pt\/product\/artificial-grass-mixx\/","title":{"rendered":"Mixx"},"content":{"rendered":"<p>Mixx \u00e9 um produto de grama artificial excepcional criado especificamente para luxuosos jardins e \u00e1reas de lazer. Seus fios e cores \u00fanicas de formas mistas proporcionam uma apar\u00eancia incrivelmente realista, enquanto o fio forte garante excelente durabilidade e resist\u00eancia ao desgaste.<\/p>\n<p>Este produto de alta qualidade oferece excelente durabilidade, apar\u00eancia notavelmente natural e excelente resist\u00eancia aos raios UV. Adequado para jardins de luxo e parques infantis, o Mixx garante uma vida \u00fatil superior a 8 anos.<\/p>\n<h3>Caracter\u00edsticas principais:<\/h3>\n<ol>\n<li>Cores \u00fanicas com multicores misturadas para uma est\u00e9tica natural<\/li>\n<li>Fibras em forma de W para a grama principal, proporcionando excepcional durabilidade com alto Dtex<\/li>\n<li>Um produto de luxo, com a \u00fanica desvantagem sendo um custo mais alto, mas ainda acess\u00edvel em nosso pre\u00e7o direto da f\u00e1brica.<\/li>\n<\/ol>\n<p><img alt=\"\" loading=\"lazy\" decoding=\"async\" class=\"wp-image-14334 size-full alignnone\" src=\"https:\/\/arturf.com\/wp-content\/uploads\/2021\/04\/Top-quality-artificial-grass-Mixx-3-Details.jpg\" width=\"800\" height=\"533\" srcset=\"https:\/\/arturf.com\/wp-content\/uploads\/2021\/04\/Top-quality-artificial-grass-Mixx-3-Details.jpg 800w, https:\/\/arturf.com\/wp-content\/uploads\/2021\/04\/Top-quality-artificial-grass-Mixx-3-Details-300x200.jpg 300w, https:\/\/arturf.com\/wp-content\/uploads\/2021\/04\/Top-quality-artificial-grass-Mixx-3-Details-768x512.jpg 768w, https:\/\/arturf.com\/wp-content\/uploads\/2021\/04\/Top-quality-artificial-grass-Mixx-3-Details-18x12.jpg 18w, https:\/\/arturf.com\/wp-content\/uploads\/2021\/04\/Top-quality-artificial-grass-Mixx-3-Details-510x340.jpg 510w\" sizes=\"auto, (max-width: 800px) 100vw, 800px\" \/><\/p>\n<p><img alt=\"\" loading=\"lazy\" decoding=\"async\" class=\"wp-image-14335 size-full alignnone\" src=\"https:\/\/arturf.com\/wp-content\/uploads\/2021\/04\/Top-quality-artificial-grass-Mixx-4-Details.jpg\" width=\"800\" height=\"533\" srcset=\"https:\/\/arturf.com\/wp-content\/uploads\/2021\/04\/Top-quality-artificial-grass-Mixx-4-Details.jpg 800w, https:\/\/arturf.com\/wp-content\/uploads\/2021\/04\/Top-quality-artificial-grass-Mixx-4-Details-300x200.jpg 300w, https:\/\/arturf.com\/wp-content\/uploads\/2021\/04\/Top-quality-artificial-grass-Mixx-4-Details-768x512.jpg 768w, https:\/\/arturf.com\/wp-content\/uploads\/2021\/04\/Top-quality-artificial-grass-Mixx-4-Details-18x12.jpg 18w, https:\/\/arturf.com\/wp-content\/uploads\/2021\/04\/Top-quality-artificial-grass-Mixx-4-Details-510x340.jpg 510w\" sizes=\"auto, (max-width: 800px) 100vw, 800px\" \/><\/p>\n\n\t<section class=\"section\" id=\"section_640711879\">\n\t\t<div class=\"section-bg fill\" >\n\t\t\t\t\t\t\t\t\t\n\t\t\t\n\n\t\t<\/div>\n\n\t\t\n\n\t\t<div class=\"section-content relative\">\n\t\t\t\n\n<div class=\"row\"  id=\"row-1539533476\">\n\n\n\t<div id=\"col-386938719\" class=\"col small-12 large-12\"  >\n\t\t\t\t<div class=\"col-inner text-center\"  >\n\t\t\t\n\t\t\t\n\n<h2>perguntas frequentes<\/h2>\n\n\t\t<\/div>\n\t\t\t\t\t<\/div>\n\n\t\n\n<\/div>\n<div class=\"row align-center row-box-shadow-1\"  id=\"row-535664348\">\n\n\n\t<div id=\"col-294243929\" class=\"col medium-10 small-12 large-9\"  >\n\t\t\t\t<div class=\"col-inner\" style=\"background-color:rgb(255,255,255);\" >\n\t\t\t\n\t\t\t\n\n<div class=\"accordion\">\n\n\t<div id=\"accordion-4124167545\" class=\"accordion-item\">\n\t\t<a id=\"accordion-4124167545-label\" class=\"accordion-title plain\" href=\"#accordion-item-can-you-customize-specifications-for-your-artificial-turf-products?\" aria-expanded=\"false\" aria-controls=\"accordion-4124167545-content\">\n\t\t\t<button class=\"toggle\" aria-label=\"Alternar\"><i class=\"icon-angle-down\" aria-hidden=\"true\"><\/i><\/button>\n\t\t\t<span>Voc\u00ea pode personalizar as especifica\u00e7\u00f5es para seus produtos de grama artificial?<\/span>\n\t\t<\/a>\n\t\t<div id=\"accordion-4124167545-content\" class=\"accordion-inner\" aria-labelledby=\"accordion-4124167545-label\">\n\t\t\t\n\n<p>Sim, oferecemos op\u00e7\u00f5es de personaliza\u00e7\u00e3o de cor, formato do fio, altura da pilha, densidade e forro. Tamb\u00e9m podemos produzir de acordo com uma amostra fornecida.<\/p>\n\n\t\t<\/div>\n\t<\/div>\n\t\n\t<div id=\"accordion-1815769503\" class=\"accordion-item\">\n\t\t<a id=\"accordion-1815769503-label\" class=\"accordion-title plain\" href=\"#accordion-item-do-you-have-stock?\" aria-expanded=\"false\" aria-controls=\"accordion-1815769503-content\">\n\t\t\t<button class=\"toggle\" aria-label=\"Alternar\"><i class=\"icon-angle-down\" aria-hidden=\"true\"><\/i><\/button>\n\t\t\t<span>Voc\u00ea t\u00eam estoque?<\/span>\n\t\t<\/a>\n\t\t<div id=\"accordion-1815769503-content\" class=\"accordion-inner\" aria-labelledby=\"accordion-1815769503-label\">\n\t\t\t\n\n<p>N\u00e3o, n\u00e3o mantemos estoque. Iniciamos a produ\u00e7\u00e3o com base em pedidos espec\u00edficos.<\/p>\n\n\t\t<\/div>\n\t<\/div>\n\t\n\t<div id=\"accordion-1763028002\" class=\"accordion-item\">\n\t\t<a id=\"accordion-1763028002-label\" class=\"accordion-title plain\" href=\"#accordion-item-what-is-your-moq?\" aria-expanded=\"false\" aria-controls=\"accordion-1763028002-content\">\n\t\t\t<button class=\"toggle\" aria-label=\"Alternar\"><i class=\"icon-angle-down\" aria-hidden=\"true\"><\/i><\/button>\n\t\t\t<span>Qual \u00e9 o seu MOQ?<\/span>\n\t\t<\/a>\n\t\t<div id=\"accordion-1763028002-content\" class=\"accordion-inner\" aria-labelledby=\"accordion-1763028002-label\">\n\t\t\t\n\n<p>Para a maioria da grama artificial, nossa quantidade m\u00ednima de pedido (MOQ) \u00e9 de 500 metros quadrados. Para alguns produtos de peso facial leve, o MOQ \u00e9 de 800 metros quadrados.<\/p>\n\n\t\t<\/div>\n\t<\/div>\n\t\n\t<div id=\"accordion-1323710787\" class=\"accordion-item\">\n\t\t<a id=\"accordion-1323710787-label\" class=\"accordion-title plain\" href=\"#accordion-item-what-are-the-width-and-length-options-for-artificial-grass?\" aria-expanded=\"false\" aria-controls=\"accordion-1323710787-content\">\n\t\t\t<button class=\"toggle\" aria-label=\"Alternar\"><i class=\"icon-angle-down\" aria-hidden=\"true\"><\/i><\/button>\n\t\t\t<span>Quais s\u00e3o as op\u00e7\u00f5es de largura e comprimento para grama artificial?<\/span>\n\t\t<\/a>\n\t\t<div id=\"accordion-1323710787-content\" class=\"accordion-inner\" aria-labelledby=\"accordion-1323710787-label\">\n\t\t\t\n\n<p>Nossas op\u00e7\u00f5es de largura comuns s\u00e3o 2m, 3,75m, 3,95m, 4m e 5m. O comprimento pode ser personalizado de acordo com os requisitos espec\u00edficos do seu projeto. Por padr\u00e3o, misturamos grama de 4m de largura e 2m de largura para otimizar o espa\u00e7o do cont\u00eainer.<\/p>\n\n\t\t<\/div>\n\t<\/div>\n\t\n\t<div id=\"accordion-2353973405\" class=\"accordion-item\">\n\t\t<a id=\"accordion-2353973405-label\" class=\"accordion-title plain\" href=\"#accordion-item-what-information-do-you-need-to-provide-the-landed-cost-for-international-customers?\" aria-expanded=\"false\" aria-controls=\"accordion-2353973405-content\">\n\t\t\t<button class=\"toggle\" aria-label=\"Alternar\"><i class=\"icon-angle-down\" aria-hidden=\"true\"><\/i><\/button>\n\t\t\t<span>Quais informa\u00e7\u00f5es voc\u00ea precisa para fornecer o custo de importa\u00e7\u00e3o para clientes internacionais?<\/span>\n\t\t<\/a>\n\t\t<div id=\"accordion-2353973405-content\" class=\"accordion-inner\" aria-labelledby=\"accordion-2353973405-label\">\n\t\t\t\n\n<p>Para fornecer o custo de desembarque, exigimos informa\u00e7\u00f5es sobre os detalhes do produto, quantidade e porto de destino.<\/p>\n\n\t\t<\/div>\n\t<\/div>\n\t\n\n<\/div>\n\n\t\t<\/div>\n\t\t\t\t\t<\/div>\n\n\t\n\n\n<style>\n#row-535664348 > .col > .col-inner {\n  padding: 0px 0px 0px 0px;\n}\n@media (min-width:550px) {\n  #row-535664348 > .col > .col-inner {\n    padding: 30px 30px 30px 30px;\n  }\n}\n<\/style>\n<\/div>\n\n\t\t<\/div>\n\n\t\t\n<style>\n#section_640711879 {\n  padding-top: 60px;\n  padding-bottom: 60px;\n}\n<\/style>\n\t<\/section>\n\t\n<div class=\"row align-center\"  id=\"row-102325765\">\n\n\n\t<div id=\"col-1303539803\" class=\"col medium-4 large-4\"  >\n\t\t\t\t<div class=\"col-inner\"  >\n\t\t\t\n\t<div class=\"is-border\"\n\t\tstyle=\"border-width:0px 0px 0px 0px;\">\n\t<\/div>\n\t\t\t\n\n\n\t\t<div class=\"icon-box featured-box icon-box-center text-center\"  style=\"margin:0px 0px 0px 0px;\">\n\t\t\t\t\t<div class=\"icon-box-img has-icon-bg\" style=\"width: 100px\">\n\t\t\t\t<div class=\"icon\">\n\t\t\t\t\t<div class=\"icon-inner\" style=\"border-width:2px;color:rgba(47, 159, 18, 0.88);\">\n\t\t\t\t\t\t<img loading=\"lazy\" decoding=\"async\" width=\"100\" height=\"100\" src=\"https:\/\/arturf.com\/wp-content\/uploads\/2018\/06\/Icon-Good-quality.png\" class=\"attachment-medium size-medium\" alt=\"\" srcset=\"https:\/\/arturf.com\/wp-content\/uploads\/2018\/06\/Icon-Good-quality.png 100w, https:\/\/arturf.com\/wp-content\/uploads\/2018\/06\/Icon-Good-quality-12x12.png 12w\" sizes=\"auto, (max-width: 100px) 100vw, 100px\" \/>\t\t\t\t\t<\/div>\n\t\t\t\t<\/div>\n\t\t\t<\/div>\n\t\t\t\t<div class=\"icon-box-text last-reset\">\n\t\t\t<h5 class=\"uppercase\">Qualidade Comprovada<\/h5>\t\t\t\t\t\t\n\n<p>Relva artificial premium com resist\u00eancia aos raios UV e ao desgaste. Garantias s\u00f3lidas garantem uma satisfa\u00e7\u00e3o duradoura.<\/p>\n\n\t\t<\/div>\n\t<\/div>\n\t\n\t\n\n\t\t<\/div>\n\t\t\t\t\t<\/div>\n\n\t\n\n\t<div id=\"col-1511109070\" class=\"col medium-4 large-4\"  >\n\t\t\t\t<div class=\"col-inner\"  >\n\t\t\t\n\t<div class=\"is-border\"\n\t\tstyle=\"border-width:0px 0px 0px 0px;\">\n\t<\/div>\n\t\t\t\n\n\n\t\t<div class=\"icon-box featured-box icon-box-center text-center\"  style=\"margin:0px 0px 0px 0px;\">\n\t\t\t\t\t<div class=\"icon-box-img has-icon-bg\" style=\"width: 100px\">\n\t\t\t\t<div class=\"icon\">\n\t\t\t\t\t<div class=\"icon-inner\" style=\"border-width:2px;color:rgba(47, 159, 18, 0.88);\">\n\t\t\t\t\t\t<img loading=\"lazy\" decoding=\"async\" width=\"100\" height=\"100\" src=\"https:\/\/arturf.com\/wp-content\/uploads\/2018\/06\/Icon-Good-price.png\" class=\"attachment-medium size-medium\" alt=\"\" srcset=\"https:\/\/arturf.com\/wp-content\/uploads\/2018\/06\/Icon-Good-price.png 100w, https:\/\/arturf.com\/wp-content\/uploads\/2018\/06\/Icon-Good-price-12x12.png 12w\" sizes=\"auto, (max-width: 100px) 100vw, 100px\" \/>\t\t\t\t\t<\/div>\n\t\t\t\t<\/div>\n\t\t\t<\/div>\n\t\t\t\t<div class=\"icon-box-text last-reset\">\n\t\t\t<h5 class=\"uppercase\">Pre\u00e7os competitivos<\/h5>\t\t\t\t\t\t\n\n<p>Oferecemos pre\u00e7os competitivos, promovendo crescimento m\u00fatuo e sucesso de longo prazo com nossos estimados revendedores.<\/p>\n\n\t\t<\/div>\n\t<\/div>\n\t\n\t\n\n\t\t<\/div>\n\t\t\t\t\t<\/div>\n\n\t\n\n\t<div id=\"col-1522007336\" class=\"col medium-4 large-4\"  >\n\t\t\t\t<div class=\"col-inner\"  >\n\t\t\t\n\t<div class=\"is-border\"\n\t\tstyle=\"border-width:0px 0px 0px 0px;\">\n\t<\/div>\n\t\t\t\n\n\n\t\t<div class=\"icon-box featured-box icon-box-center text-center\"  style=\"margin:0px 0px 0px 0px;\">\n\t\t\t\t\t<div class=\"icon-box-img has-icon-bg\" style=\"width: 100px\">\n\t\t\t\t<div class=\"icon\">\n\t\t\t\t\t<div class=\"icon-inner\" style=\"border-width:2px;color:rgba(47, 159, 18, 0.88);\">\n\t\t\t\t\t\t<img loading=\"lazy\" decoding=\"async\" width=\"100\" height=\"100\" src=\"https:\/\/arturf.com\/wp-content\/uploads\/2018\/06\/Icon-tailor-made.png\" class=\"attachment-medium size-medium\" alt=\"\" srcset=\"https:\/\/arturf.com\/wp-content\/uploads\/2018\/06\/Icon-tailor-made.png 100w, https:\/\/arturf.com\/wp-content\/uploads\/2018\/06\/Icon-tailor-made-12x12.png 12w\" sizes=\"auto, (max-width: 100px) 100vw, 100px\" \/>\t\t\t\t\t<\/div>\n\t\t\t\t<\/div>\n\t\t\t<\/div>\n\t\t\t\t<div class=\"icon-box-text last-reset\">\n\t\t\t<h5 class=\"uppercase\">Solu\u00e7\u00f5es personalizadas<\/h5>\t\t\t\t\t\t\n\n<p>Desbloqueie o potencial do mercado com diversas op\u00e7\u00f5es de grama artificial. <a href=\"https:\/\/arturf.com\/pt\/buyers-guide\/customized-artificial-grass-products\/\">Adaptado a necessidades ou amostras exclusivas<\/a>.<\/p>\n\n\t\t<\/div>\n\t<\/div>\n\t\n\t\n\n\t\t<\/div>\n\t\t\t\t\t<\/div>\n\n\t\n\n<\/div>","protected":false},"excerpt":{"rendered":"<p>Experimente o luxo e a beleza realista com Mixx, nossa excepcional grama artificial projetada para jardins luxuosos e \u00e1reas de lazer. Seus fios e cores \u00fanicas de formas mistas criam uma est\u00e9tica natural, enquanto as fibras fortes e de alto Dtex garantem durabilidade excepcional.<\/p>","protected":false},"featured_media":14333,"template":"","meta":{"_seopress_robots_primary_cat":"","_seopress_titles_title":"","_seopress_titles_desc":"","_seopress_robots_index":""},"product_brand":[],"product_cat":[64],"product_tag":[],"class_list":{"0":"post-7430","1":"product","2":"type-product","3":"status-publish","4":"has-post-thumbnail","6":"product_cat-landscape","8":"first","9":"instock","10":"shipping-taxable","11":"product-type-simple"},"_links":{"self":[{"href":"https:\/\/arturf.com\/pt\/wp-json\/wp\/v2\/product\/7430","targetHints":{"allow":["GET"]}}],"collection":[{"href":"https:\/\/arturf.com\/pt\/wp-json\/wp\/v2\/product"}],"about":[{"href":"https:\/\/arturf.com\/pt\/wp-json\/wp\/v2\/types\/product"}],"wp:featuredmedia":[{"embeddable":true,"href":"https:\/\/arturf.com\/pt\/wp-json\/wp\/v2\/media\/14333"}],"wp:attachment":[{"href":"https:\/\/arturf.com\/pt\/wp-json\/wp\/v2\/media?parent=7430"}],"wp:term":[{"taxonomy":"product_brand","embeddable":true,"href":"https:\/\/arturf.com\/pt\/wp-json\/wp\/v2\/product_brand?post=7430"},{"taxonomy":"product_cat","embeddable":true,"href":"https:\/\/arturf.com\/pt\/wp-json\/wp\/v2\/product_cat?post=7430"},{"taxonomy":"product_tag","embeddable":true,"href":"https:\/\/arturf.com\/pt\/wp-json\/wp\/v2\/product_tag?post=7430"}],"curies":[{"name":"wp","href":"https:\/\/api.w.org\/{rel}","templated":true}]}}