{"id":7820,"date":"2019-01-14T02:16:13","date_gmt":"2019-01-14T02:16:13","guid":{"rendered":"https:\/\/arturf.com\/?post_type=product&#038;p=7820"},"modified":"2022-07-02T21:43:47","modified_gmt":"2022-07-02T13:43:47","slug":"self-adhesive-seam-tape","status":"publish","type":"product","link":"https:\/\/arturf.com\/pt\/product\/self-adhesive-seam-tape\/","title":{"rendered":"Fita de costura autoadesiva"},"content":{"rendered":"<p>EasyTape \u00e9 uma fita autoadesiva sens\u00edvel \u00e0 press\u00e3o projetada para \u00e1reas de lazer. Com o adesivo e a fita j\u00e1 combinados, esta \u00e9 a op\u00e7\u00e3o de costura mais f\u00e1cil e r\u00e1pida.<\/p>\n\t<div class=\"img has-hover x md-x lg-x y md-y lg-y\" id=\"image_749381667\">\n\t\t\t\t\t\t\t\t<div class=\"img-inner dark\" >\n\t\t\t<img loading=\"lazy\" decoding=\"async\" width=\"1000\" height=\"574\" src=\"https:\/\/arturf.com\/wp-content\/uploads\/2019\/12\/ARTURF-self-adhesive-seam-tape-easy-install.jpg\" class=\"attachment-large size-large\" alt=\"\" srcset=\"https:\/\/arturf.com\/wp-content\/uploads\/2019\/12\/ARTURF-self-adhesive-seam-tape-easy-install.jpg 1000w, https:\/\/arturf.com\/wp-content\/uploads\/2019\/12\/ARTURF-self-adhesive-seam-tape-easy-install-300x172.jpg 300w, https:\/\/arturf.com\/wp-content\/uploads\/2019\/12\/ARTURF-self-adhesive-seam-tape-easy-install-768x441.jpg 768w, https:\/\/arturf.com\/wp-content\/uploads\/2019\/12\/ARTURF-self-adhesive-seam-tape-easy-install-18x10.jpg 18w, https:\/\/arturf.com\/wp-content\/uploads\/2019\/12\/ARTURF-self-adhesive-seam-tape-easy-install-510x293.jpg 510w\" sizes=\"auto, (max-width: 1000px) 100vw, 1000px\" \/>\t\t\t\t\t\t\n\t\t\t\t\t<\/div>\n\t\t\t\t\t\t\t\t\n<style>\n#image_749381667 {\n  width: 80%;\n}\n<\/style>\n\t<\/div>\n\t\n<h4><strong>M\u00e9todos de aplica\u00e7\u00e3o<\/strong><\/h4>\n<ul>\n<li style=\"list-style-type: none;\">\n<ul>\n<li class=\"bullet-checkmark bullet-arrow\">Estenda a grama artificial em tiras paralelas de modo que as bordas se toquem.<\/li>\n<li class=\"bullet-checkmark bullet-arrow\">Dobre as bordas para tr\u00e1s e instale a fita entre os rolos onde a costura ser\u00e1 dobrada, com o lado adesivo para cima.<\/li>\n<li class=\"bullet-checkmark bullet-arrow\">Dobre as bordas de volta na fita. Certifique-se de que as fibras da grama n\u00e3o tocam a superf\u00edcie do adesivo, pressione a costura com firmeza.<\/li>\n<li class=\"bullet-checkmark bullet-arrow\">Deixe as costuras pesadas com pranchas ou similar por 24 horas antes de usar a superf\u00edcie.<\/li>\n<\/ul>\n<\/li>\n<\/ul>\n<div class=\"row\"  id=\"row-885471843\">\n\n\t<div id=\"col-764302231\" class=\"col medium-6 small-12 large-6\"  >\n\t\t\t\t<div class=\"col-inner\"  >\n\t\t\t\n\t\t\t\n<div class=\"video video-fit mb\" style=\"padding-top:56.25%;\"><p><iframe loading=\"lazy\" title=\"Fita de costura autoadesiva para instala\u00e7\u00e3o de grama artificial\" width=\"1020\" height=\"574\" src=\"https:\/\/www.youtube.com\/embed\/9cIFHRVDGTQ?feature=oembed\" frameborder=\"0\" allow=\"accelerometer; autoplay; clipboard-write; encrypted-media; gyroscope; picture-in-picture; web-share\" referrerpolicy=\"strict-origin-when-cross-origin\" allowfullscreen><\/iframe><\/p>\n<\/div>\n\t\t<\/div>\n\t\t\t\t\t<\/div>\n\n\t\n<\/div>\n\t<div id=\"gap-1097948290\" class=\"gap-element clearfix\" style=\"display:block; height:auto;\">\n\t\t\n<style>\n#gap-1097948290 {\n  padding-top: 30px;\n}\n<\/style>\n\t<\/div>\n\t\n<h4>Caracter\u00edsticas da fita de costura autoadesiva<\/h4>\n<ul>\n<li class=\"bullet-checkmark\">\u00a0<strong>F\u00e1cil de usar:<\/strong> A forma tradicional de juntar dois peda\u00e7os de grama artificial \u00e9 usar <a href=\"https:\/\/arturf.com\/pt\/product\/artificial-grass-adhesive\/\">adesivo \/ cola<\/a> e <a href=\"https:\/\/arturf.com\/pt\/product\/artificial-grass-seaming-tape\/\">fita de costura<\/a>. A fita autoadesiva economiza trabalho e tempo. Voc\u00ea s\u00f3 precisa remover o filme PE e grudar na parte de tr\u00e1s do tapete de grama sint\u00e9tica para costurar a grama.<\/li>\n<li class=\"bullet-checkmark\"><strong>Forte ades\u00e3o:<\/strong> revestido com adesivo acr\u00edlico de alta qualidade. Com forte ader\u00eancia, caracter\u00edsticas anti-derrapantes e imperme\u00e1veis.<\/li>\n<li class=\"bullet-checkmark\"><strong>Dur\u00e1vel e duradouro:<\/strong> Depois de costurar a grama artificial, a fita funciona por 6 a 8 anos. \u00d3timas propriedades de autoadesividade, sem f\u00e1cil vazamento no uso, garantindo o longo tempo de servi\u00e7o.<\/li>\n<li class=\"bullet-checkmark\"><strong>Multiuso:<\/strong> Ideal para aplica\u00e7\u00f5es paisag\u00edsticas, como p\u00e1tio, decora\u00e7\u00e3o de pisos, jardim, jardim de inf\u00e2ncia, varanda, entrada e \u00e1rea para c\u00e3es de estima\u00e7\u00e3o.<\/li>\n<\/ul>\n\t<div class=\"img has-hover x md-x lg-x y md-y lg-y\" id=\"image_478848171\">\n\t\t\t\t\t\t\t\t<div class=\"img-inner dark\" >\n\t\t\t<img loading=\"lazy\" decoding=\"async\" width=\"1500\" height=\"1500\" src=\"https:\/\/arturf.com\/wp-content\/uploads\/2019\/12\/Features-of-ARTURF-self-adhesive-seaming-tape.jpg\" class=\"attachment-original size-original\" alt=\"\" srcset=\"https:\/\/arturf.com\/wp-content\/uploads\/2019\/12\/Features-of-ARTURF-self-adhesive-seaming-tape.jpg 1500w, https:\/\/arturf.com\/wp-content\/uploads\/2019\/12\/Features-of-ARTURF-self-adhesive-seaming-tape-300x300.jpg 300w, https:\/\/arturf.com\/wp-content\/uploads\/2019\/12\/Features-of-ARTURF-self-adhesive-seaming-tape-1024x1024.jpg 1024w, https:\/\/arturf.com\/wp-content\/uploads\/2019\/12\/Features-of-ARTURF-self-adhesive-seaming-tape-768x768.jpg 768w, https:\/\/arturf.com\/wp-content\/uploads\/2019\/12\/Features-of-ARTURF-self-adhesive-seaming-tape-12x12.jpg 12w, https:\/\/arturf.com\/wp-content\/uploads\/2019\/12\/Features-of-ARTURF-self-adhesive-seaming-tape-510x510.jpg 510w, https:\/\/arturf.com\/wp-content\/uploads\/2019\/12\/Features-of-ARTURF-self-adhesive-seaming-tape-100x100.jpg 100w\" sizes=\"auto, (max-width: 1500px) 100vw, 1500px\" \/>\t\t\t\t\t\t\n\t\t\t\t\t<\/div>\n\t\t\t\t\t\t\t\t\n<style>\n#image_478848171 {\n  width: 75%;\n}\n<\/style>\n\t<\/div>","protected":false},"excerpt":{"rendered":"<p>Nossa fita de costura autoadesiva (EasyTape) \u00e9 adesiva inclu\u00edda \/ pr\u00e9-revestida. \u00c9 muito conveniente de usar, ideal para aplica\u00e7\u00f5es paisag\u00edsticas, como p\u00e1tio, decora\u00e7\u00e3o de piso, jardim, jardim de inf\u00e2ncia, varanda, entrada e \u00e1rea para c\u00e3es de estima\u00e7\u00e3o.<\/p>\n<p>A fita adesiva de costura \u00e9 f\u00e1cil de usar e embalada como um rolo individual.<\/p>","protected":false},"featured_media":7822,"template":"","meta":{"_seopress_robots_primary_cat":"","_seopress_titles_title":"","_seopress_titles_desc":"Our self-adhesive seam tape \u2018TURF-FIX\u2019 is adhesive included\/pre-coated. It is very convenient to use, Ideal for landscape applications.","_seopress_robots_index":""},"product_brand":[],"product_cat":[66],"product_tag":[],"class_list":{"0":"post-7820","1":"product","2":"type-product","3":"status-publish","4":"has-post-thumbnail","6":"product_cat-accessories","8":"first","9":"instock","10":"shipping-taxable","11":"product-type-simple"},"_links":{"self":[{"href":"https:\/\/arturf.com\/pt\/wp-json\/wp\/v2\/product\/7820","targetHints":{"allow":["GET"]}}],"collection":[{"href":"https:\/\/arturf.com\/pt\/wp-json\/wp\/v2\/product"}],"about":[{"href":"https:\/\/arturf.com\/pt\/wp-json\/wp\/v2\/types\/product"}],"wp:featuredmedia":[{"embeddable":true,"href":"https:\/\/arturf.com\/pt\/wp-json\/wp\/v2\/media\/7822"}],"wp:attachment":[{"href":"https:\/\/arturf.com\/pt\/wp-json\/wp\/v2\/media?parent=7820"}],"wp:term":[{"taxonomy":"product_brand","embeddable":true,"href":"https:\/\/arturf.com\/pt\/wp-json\/wp\/v2\/product_brand?post=7820"},{"taxonomy":"product_cat","embeddable":true,"href":"https:\/\/arturf.com\/pt\/wp-json\/wp\/v2\/product_cat?post=7820"},{"taxonomy":"product_tag","embeddable":true,"href":"https:\/\/arturf.com\/pt\/wp-json\/wp\/v2\/product_tag?post=7820"}],"curies":[{"name":"wp","href":"https:\/\/api.w.org\/{rel}","templated":true}]}}