{"id":11701,"date":"2020-05-10T21:51:17","date_gmt":"2020-05-10T13:51:17","guid":{"rendered":"https:\/\/arturf.com\/?page_id=11701"},"modified":"2023-07-08T15:52:50","modified_gmt":"2023-07-08T07:52:50","slug":"athletics-tracks","status":"publish","type":"page","link":"https:\/\/arturf.com\/vi\/sports\/athletics-tracks\/","title":{"rendered":"C\u1ecf nh\u00e2n t\u1ea1o cho c\u00e1c \u0111\u01b0\u1eddng ch\u1ea1y \u0111i\u1ec1n kinh"},"content":{"rendered":"<div class=\"banner has-hover\" id=\"banner-884066188\">\n          <div class=\"banner-inner fill\">\n        <div class=\"banner-bg fill\" >\n            <img loading=\"lazy\" decoding=\"async\" width=\"1020\" height=\"325\" src=\"https:\/\/arturf.com\/wp-content\/uploads\/2020\/05\/Arturf-running-track-1024x326.jpg\" class=\"bg attachment-large size-large\" alt=\"\" \/>                        <div class=\"overlay\"><\/div>            \n                    <\/div>\n\t\t\n        <div class=\"banner-layers container\">\n            <div class=\"fill banner-link\"><\/div>            \n\n   <div id=\"text-box-1280909054\" class=\"text-box banner-layer x50 md-x50 lg-x50 y50 md-y50 lg-y50 res-text\">\n                                <div class=\"text-box-content text dark\">\n              \n              <div class=\"text-inner text-center\">\n                  \n\n<h1>C\u1ecf nh\u00e2n t\u1ea1o cho \u0111\u01b0\u1eddng ch\u1ea1y \u0111i\u1ec1n kinh<\/h1>\n\n              <\/div>\n           <\/div>\n                            \n<style>\n#text-box-1280909054 {\n  width: 60%;\n}\n#text-box-1280909054 .text-box-content {\n  font-size: 100%;\n}\n<\/style>\n    <\/div>\n \n\n        <\/div>\n      <\/div>\n\n            \n<style>\n#banner-884066188 {\n  padding-top: 400px;\n}\n#banner-884066188 .overlay {\n  background-color: rgba(0,0,0,.5);\n}\n<\/style>\n  <\/div>\n\n\n<div class=\"row align-center\"  id=\"row-674062161\">\n\n\n\t<div id=\"col-1364592229\" class=\"col medium-10 small-12 large-10\"  >\n\t\t\t\t<div class=\"col-inner\"  >\n\t\t\t\n\t\t\t\n\n<p>B\u1ea1n \u0111ang mu\u1ed1n n\u00e2ng c\u1ea5p \u0111\u01b0\u1eddng ch\u1ea1y c\u1ee7a m\u00ecnh \u0111\u1ec3 n\u00e2ng cao hi\u1ec7u su\u1ea5t, \u0111\u1ed9 b\u1ec1n v\u00e0 kh\u1ea3 n\u0103ng s\u1eed d\u1ee5ng quanh n\u0103m? Kh\u00f4ng t\u00ecm \u0111\u00e2u xa h\u01a1n gi\u1ea3i ph\u00e1p ti\u00ean ti\u1ebfn c\u1ee7a s\u00e2n c\u1ecf nh\u00e2n t\u1ea1o. T\u1ea1i Arturf, ch\u00fang t\u00f4i cung c\u1ea5p c\u1ecf nh\u00e2n t\u1ea1o ch\u1ea5t l\u01b0\u1ee3ng h\u00e0ng \u0111\u1ea7u \u0111\u01b0\u1ee3c thi\u1ebft k\u1ebf d\u00e0nh ri\u00eang cho \u0111\u01b0\u1eddng ch\u1ea1y, cung c\u1ea5p cho c\u00e1c v\u1eadn \u0111\u1ed9ng vi\u00ean m\u1ed9t b\u1ec1 m\u1eb7t v\u01b0\u1ee3t tr\u1ed9i \u0111\u1ec3 \u0111\u1ea1t \u0111\u1ebfn t\u1ea7m cao m\u1edbi trong th\u00e0nh t\u00edch c\u1ee7a h\u1ecd.<\/p>\n<p>S\u00e2n c\u1ecf nh\u00e2n t\u1ea1o ti\u00ean ti\u1ebfn nh\u1ea5t c\u1ee7a ch\u00fang t\u00f4i t\u1ef1 h\u00e0o c\u00f3 \u0111\u1ed9 b\u1ec1n v\u01b0\u1ee3t tr\u1ed9i, kh\u1ea3 n\u0103ng ch\u1ed1ng ch\u1ecbu th\u1eddi ti\u1ebft v\u00e0 y\u00eau c\u1ea7u b\u1ea3o tr\u00ec t\u1ed1i thi\u1ec3u. V\u1edbi s\u00e2n c\u1ecf theo d\u00f5i c\u1ee7a ch\u00fang t\u00f4i, b\u1ea1n c\u00f3 th\u1ec3 t\u1eadn h\u01b0\u1edfng kh\u1ea3 n\u0103ng s\u1eed d\u1ee5ng quanh n\u0103m v\u00e0 lo\u1ea1i b\u1ecf nguy c\u01a1 tr\u01b0\u1ee3t ng\u00e3.<\/p>\n<p>T\u1ea1i Arturf, ch\u00fang t\u00f4i chuy\u00ean cung c\u1ea5p c\u00e1c gi\u1ea3i ph\u00e1p c\u1ecf nh\u00e2n t\u1ea1o h\u00e0ng \u0111\u1ea7u cho \u0111\u01b0\u1eddng ch\u1ea1y. C\u00e1ch m\u1ea1ng h\u00f3a c\u01a1 s\u1edf th\u1ec3 thao c\u1ee7a b\u1ea1n b\u1eb1ng c\u00e1ch n\u00e2ng c\u1ea5p l\u00ean s\u00e2n c\u1ecf hi\u1ec7n \u0111\u1ea1i c\u1ee7a ch\u00fang t\u00f4i. Li\u00ean h\u1ec7 v\u1edbi ch\u00fang t\u00f4i ngay h\u00f4m nay \u0111\u1ec3 \u0111\u01b0\u1ee3c c\u00e1c chuy\u00ean gia t\u01b0 v\u1ea5n v\u00e0 cung c\u1ea5p d\u1ecbch v\u1ee5 l\u1eafp \u0111\u1eb7t, \u0111\u1ed3ng th\u1eddi ch\u1ee9ng ki\u1ebfn qu\u00e1 tr\u00ecnh chuy\u1ec3n \u0111\u1ed5i \u0111\u01b0\u1eddng ch\u1ea1y c\u1ee7a b\u1ea1n th\u00e0nh b\u1ec1 m\u1eb7t th\u1ec3 thao \u0111\u1eb3ng c\u1ea5p th\u1ebf gi\u1edbi.<\/p>\n\t\n  \n    <div class=\"row large-columns-4 medium-columns-3 small-columns-2 row-small\" >\n  \n\t     <div class=\"col\" >\n\t\t\t\t\t\t<div class=\"col-inner\">\n\t\t\t\t\t\t\n<div class=\"badge-container absolute left top z-1\">\n\n<\/div>\n\t\t\t\t\t\t<div class=\"product-small box has-hover box-normal box-text-bottom\">\n\t\t\t\t\t\t\t<div class=\"box-image\" >\n\t\t\t\t\t\t\t\t<div class=\"\" >\n\t\t\t\t\t\t\t\t\t<a href=\"https:\/\/arturf.com\/vi\/product\/tennis-multi-sports-artificial-grass-elite\/\" aria-label=\"Tennis &amp; C\u1ecf nh\u00e2n t\u1ea1o nhi\u1ec1u m\u00f4n th\u1ec3 thao - Elite\">\n\t\t\t\t\t\t\t\t\t\t<img loading=\"lazy\" decoding=\"async\" width=\"350\" height=\"263\" src=\"https:\/\/arturf.com\/wp-content\/uploads\/2018\/06\/Tennis-Court-Artificial-Turf-F15-Red-350x263.jpg\" class=\"show-on-hover absolute fill hide-for-small back-image\" alt=\"G\u00f3c nh\u00ecn kh\u00e1c v\u1ec1 C\u1ecf nh\u00e2n t\u1ea1o s\u00e2n tennis v\u00e0 \u0111a n\u0103ng - Elite\" aria-hidden=\"true\" srcset=\"https:\/\/arturf.com\/wp-content\/uploads\/2018\/06\/Tennis-Court-Artificial-Turf-F15-Red-350x263.jpg 350w, https:\/\/arturf.com\/wp-content\/uploads\/2018\/06\/Tennis-Court-Artificial-Turf-F15-Red-300x225.jpg 300w, https:\/\/arturf.com\/wp-content\/uploads\/2018\/06\/Tennis-Court-Artificial-Turf-F15-Red-200x150.jpg 200w, https:\/\/arturf.com\/wp-content\/uploads\/2018\/06\/Tennis-Court-Artificial-Turf-F15-Red-768x576.jpg 768w, https:\/\/arturf.com\/wp-content\/uploads\/2018\/06\/Tennis-Court-Artificial-Turf-F15-Red-16x12.jpg 16w, https:\/\/arturf.com\/wp-content\/uploads\/2018\/06\/Tennis-Court-Artificial-Turf-F15-Red-510x383.jpg 510w, https:\/\/arturf.com\/wp-content\/uploads\/2018\/06\/Tennis-Court-Artificial-Turf-F15-Red.jpg 800w\" sizes=\"auto, (max-width: 350px) 100vw, 350px\" \/><img loading=\"lazy\" decoding=\"async\" width=\"350\" height=\"263\" src=\"https:\/\/arturf.com\/wp-content\/uploads\/2018\/06\/Fibrillated-Artificial-Grass-Elite-12-350x263.jpg\" class=\"attachment-woocommerce_thumbnail size-woocommerce_thumbnail\" alt=\"Tennis &amp; C\u1ecf nh\u00e2n t\u1ea1o nhi\u1ec1u m\u00f4n th\u1ec3 thao - Elite\" srcset=\"https:\/\/arturf.com\/wp-content\/uploads\/2018\/06\/Fibrillated-Artificial-Grass-Elite-12-350x263.jpg 350w, https:\/\/arturf.com\/wp-content\/uploads\/2018\/06\/Fibrillated-Artificial-Grass-Elite-12-300x225.jpg 300w, https:\/\/arturf.com\/wp-content\/uploads\/2018\/06\/Fibrillated-Artificial-Grass-Elite-12-200x150.jpg 200w, https:\/\/arturf.com\/wp-content\/uploads\/2018\/06\/Fibrillated-Artificial-Grass-Elite-12-768x576.jpg 768w, https:\/\/arturf.com\/wp-content\/uploads\/2018\/06\/Fibrillated-Artificial-Grass-Elite-12-16x12.jpg 16w, https:\/\/arturf.com\/wp-content\/uploads\/2018\/06\/Fibrillated-Artificial-Grass-Elite-12-510x383.jpg 510w, https:\/\/arturf.com\/wp-content\/uploads\/2018\/06\/Fibrillated-Artificial-Grass-Elite-12.jpg 800w\" sizes=\"auto, (max-width: 350px) 100vw, 350px\" \/>\t\t\t\t\t\t\t\t\t<\/a>\n\t\t\t\t\t\t\t\t\t\t\t\t\t\t\t\t\t\t \t\t\t\t\t\t\t\t<\/div>\n\t\t\t\t\t\t\t\t<div class=\"image-tools top right show-on-hover\">\n\t\t\t\t\t\t\t\t\t\t\t\t\t\t\t\t\t<\/div>\n\t\t\t\t\t\t\t\t\t\t\t\t\t\t\t\t\t<div class=\"image-tools grid-tools text-center hide-for-small bottom hover-slide-in show-on-hover\">\n\t\t\t\t\t\t\t\t\t\t<a href=\"#quick-view\" class=\"quick-view\" role=\"button\" data-prod=\"6559\" aria-haspopup=\"dialog\" aria-expanded=\"false\" data-flatsome-role-button>Xem nhanh<\/a>\t\t\t\t\t\t\t\t\t<\/div>\n\t\t\t\t\t\t\t\t\t\t\t\t\t\t\t\t\t\t\t\t\t\t\t<\/div>\n\n\t\t\t\t\t\t\t<div class=\"box-text text-center\" >\n\t\t\t\t\t\t\t\t<div class=\"title-wrapper\"><p class=\"name product-title woocommerce-loop-product__title\"><a href=\"https:\/\/arturf.com\/vi\/product\/tennis-multi-sports-artificial-grass-elite\/\" class=\"woocommerce-LoopProduct-link woocommerce-loop-product__link\">Tennis &amp; C\u1ecf nh\u00e2n t\u1ea1o nhi\u1ec1u m\u00f4n th\u1ec3 thao - Elite<\/a><\/p><\/div><div class=\"price-wrapper\"><\/div>\t\t\t\t\t\t\t<\/div>\n\t\t\t\t\t\t<\/div>\n\t\t\t\t\t\t<\/div>\n\t\t\t\t\t<\/div><div class=\"col\" >\n\t\t\t\t\t\t<div class=\"col-inner\">\n\t\t\t\t\t\t\n<div class=\"badge-container absolute left top z-1\">\n\n<\/div>\n\t\t\t\t\t\t<div class=\"product-small box has-hover box-normal box-text-bottom\">\n\t\t\t\t\t\t\t<div class=\"box-image\" >\n\t\t\t\t\t\t\t\t<div class=\"\" >\n\t\t\t\t\t\t\t\t\t<a href=\"https:\/\/arturf.com\/vi\/product\/multi-sports-artificial-grass-multifit\/\" aria-label=\"C\u1ecf nh\u00e2n t\u1ea1o \u0111a th\u1ec3 thao -MultiFit\">\n\t\t\t\t\t\t\t\t\t\t<img loading=\"lazy\" decoding=\"async\" width=\"350\" height=\"263\" src=\"https:\/\/arturf.com\/wp-content\/uploads\/2018\/06\/Multi-sport-grass-350x263.jpg\" class=\"show-on-hover absolute fill hide-for-small back-image\" alt=\"G\u00f3c nh\u00ecn kh\u00e1c v\u1ec1 C\u1ecf nh\u00e2n t\u1ea1o \u0111a n\u0103ng - MultiFit\" aria-hidden=\"true\" srcset=\"https:\/\/arturf.com\/wp-content\/uploads\/2018\/06\/Multi-sport-grass-350x263.jpg 350w, https:\/\/arturf.com\/wp-content\/uploads\/2018\/06\/Multi-sport-grass-300x225.jpg 300w, https:\/\/arturf.com\/wp-content\/uploads\/2018\/06\/Multi-sport-grass-200x150.jpg 200w, https:\/\/arturf.com\/wp-content\/uploads\/2018\/06\/Multi-sport-grass-768x575.jpg 768w, https:\/\/arturf.com\/wp-content\/uploads\/2018\/06\/Multi-sport-grass-16x12.jpg 16w, https:\/\/arturf.com\/wp-content\/uploads\/2018\/06\/Multi-sport-grass-510x382.jpg 510w, https:\/\/arturf.com\/wp-content\/uploads\/2018\/06\/Multi-sport-grass.jpg 800w\" sizes=\"auto, (max-width: 350px) 100vw, 350px\" \/><img loading=\"lazy\" decoding=\"async\" width=\"350\" height=\"263\" src=\"https:\/\/arturf.com\/wp-content\/uploads\/2018\/06\/Tennis-And-multi-sport-grass-350x263.jpg\" class=\"attachment-woocommerce_thumbnail size-woocommerce_thumbnail\" alt=\"C\u1ecf nh\u00e2n t\u1ea1o \u0111a th\u1ec3 thao -MultiFit\" srcset=\"https:\/\/arturf.com\/wp-content\/uploads\/2018\/06\/Tennis-And-multi-sport-grass-350x263.jpg 350w, https:\/\/arturf.com\/wp-content\/uploads\/2018\/06\/Tennis-And-multi-sport-grass-300x225.jpg 300w, https:\/\/arturf.com\/wp-content\/uploads\/2018\/06\/Tennis-And-multi-sport-grass-200x150.jpg 200w, https:\/\/arturf.com\/wp-content\/uploads\/2018\/06\/Tennis-And-multi-sport-grass-768x576.jpg 768w, https:\/\/arturf.com\/wp-content\/uploads\/2018\/06\/Tennis-And-multi-sport-grass-16x12.jpg 16w, https:\/\/arturf.com\/wp-content\/uploads\/2018\/06\/Tennis-And-multi-sport-grass-510x383.jpg 510w, https:\/\/arturf.com\/wp-content\/uploads\/2018\/06\/Tennis-And-multi-sport-grass.jpg 800w\" sizes=\"auto, (max-width: 350px) 100vw, 350px\" \/>\t\t\t\t\t\t\t\t\t<\/a>\n\t\t\t\t\t\t\t\t\t\t\t\t\t\t\t\t\t\t \t\t\t\t\t\t\t\t<\/div>\n\t\t\t\t\t\t\t\t<div class=\"image-tools top right show-on-hover\">\n\t\t\t\t\t\t\t\t\t\t\t\t\t\t\t\t\t<\/div>\n\t\t\t\t\t\t\t\t\t\t\t\t\t\t\t\t\t<div class=\"image-tools grid-tools text-center hide-for-small bottom hover-slide-in show-on-hover\">\n\t\t\t\t\t\t\t\t\t\t<a href=\"#quick-view\" class=\"quick-view\" role=\"button\" data-prod=\"6560\" aria-haspopup=\"dialog\" aria-expanded=\"false\" data-flatsome-role-button>Xem nhanh<\/a>\t\t\t\t\t\t\t\t\t<\/div>\n\t\t\t\t\t\t\t\t\t\t\t\t\t\t\t\t\t\t\t\t\t\t\t<\/div>\n\n\t\t\t\t\t\t\t<div class=\"box-text text-center\" >\n\t\t\t\t\t\t\t\t<div class=\"title-wrapper\"><p class=\"name product-title woocommerce-loop-product__title\"><a href=\"https:\/\/arturf.com\/vi\/product\/multi-sports-artificial-grass-multifit\/\" class=\"woocommerce-LoopProduct-link woocommerce-loop-product__link\">C\u1ecf nh\u00e2n t\u1ea1o \u0111a th\u1ec3 thao -MultiFit<\/a><\/p><\/div><div class=\"price-wrapper\"><\/div>\t\t\t\t\t\t\t<\/div>\n\t\t\t\t\t\t<\/div>\n\t\t\t\t\t\t<\/div>\n\t\t\t\t\t<\/div><\/div>\n\n\n\t\t<\/div>\n\t\t\t\t\t<\/div>\n\n\t\n\n<\/div>","protected":false},"excerpt":{"rendered":"","protected":false},"author":3,"featured_media":0,"parent":2230,"menu_order":16,"comment_status":"closed","ping_status":"closed","template":"page-blank.php","meta":{"_seopress_robots_primary_cat":"","_seopress_titles_title":"","_seopress_titles_desc":"","_seopress_robots_index":"","footnotes":""},"class_list":["post-11701","page","type-page","status-publish","hentry"],"_links":{"self":[{"href":"https:\/\/arturf.com\/vi\/wp-json\/wp\/v2\/pages\/11701","targetHints":{"allow":["GET"]}}],"collection":[{"href":"https:\/\/arturf.com\/vi\/wp-json\/wp\/v2\/pages"}],"about":[{"href":"https:\/\/arturf.com\/vi\/wp-json\/wp\/v2\/types\/page"}],"author":[{"embeddable":true,"href":"https:\/\/arturf.com\/vi\/wp-json\/wp\/v2\/users\/3"}],"replies":[{"embeddable":true,"href":"https:\/\/arturf.com\/vi\/wp-json\/wp\/v2\/comments?post=11701"}],"version-history":[{"count":0,"href":"https:\/\/arturf.com\/vi\/wp-json\/wp\/v2\/pages\/11701\/revisions"}],"up":[{"embeddable":true,"href":"https:\/\/arturf.com\/vi\/wp-json\/wp\/v2\/pages\/2230"}],"wp:attachment":[{"href":"https:\/\/arturf.com\/vi\/wp-json\/wp\/v2\/media?parent=11701"}],"curies":[{"name":"wp","href":"https:\/\/api.w.org\/{rel}","templated":true}]}}