{"id":12123,"date":"2020-07-26T15:30:18","date_gmt":"2020-07-26T07:30:18","guid":{"rendered":"https:\/\/arturf.com\/?page_id=12123"},"modified":"2024-08-23T09:33:59","modified_gmt":"2024-08-23T01:33:59","slug":"privacy-policy","status":"publish","type":"page","link":"https:\/\/arturf.com\/vi\/privacy-policy\/","title":{"rendered":"Ch\u00ednh s\u00e1ch b\u1ea3o m\u1eadt"},"content":{"rendered":"<p>Team Sports Industry Limited (ARTURF, <a href=\"https:\/\/arturf.com\/vi\/\" target=\"_new\" rel=\"noopener\">https:\/\/arturf.com<\/a>) cam k\u1ebft t\u00f4n tr\u1ecdng quy\u1ec1n ri\u00eang t\u01b0 c\u1ee7a b\u1ea1n v\u00e0 nh\u1eadn ra t\u1ea7m quan tr\u1ecdng c\u1ee7a vi\u1ec7c b\u1ea3o v\u1ec7 m\u1ecdi th\u00f4ng tin m\u00e0 b\u1ea1n c\u00f3 th\u1ec3 cung c\u1ea5p cho ch\u00fang t\u00f4i th\u00f4ng qua trang web c\u1ee7a ch\u00fang t\u00f4i. Ch\u00ednh s\u00e1ch b\u1ea3o m\u1eadt n\u00e0y n\u00eau r\u00f5 c\u00e1ch ch\u00fang t\u00f4i thu th\u1eadp, s\u1eed d\u1ee5ng v\u00e0 b\u1ea3o v\u1ec7 th\u00f4ng tin c\u1ee7a b\u1ea1n.<\/p>\n<p>Xin l\u01b0u \u00fd r\u1eb1ng Team Sports Industry Limited c\u00f3 th\u1ec3 c\u1eadp nh\u1eadt ch\u00ednh s\u00e1ch n\u00e0y theo \u0111\u1ecbnh k\u1ef3. Ch\u00fang t\u00f4i khuy\u00ean b\u1ea1n n\u00ean ki\u1ec3m tra trang n\u00e0y th\u01b0\u1eddng xuy\u00ean \u0111\u1ec3 \u0111\u1ea3m b\u1ea3o b\u1ea1n bi\u1ebft v\u1ec1 b\u1ea5t k\u1ef3 thay \u0111\u1ed5i n\u00e0o. Ch\u00ednh s\u00e1ch n\u00e0y c\u00f3 hi\u1ec7u l\u1ef1c t\u1eeb ng\u00e0y 9 th\u00e1ng 10 n\u0103m 2018.<\/p>\n<h3>Th\u00f4ng tin thu th\u1eadp<\/h3>\n<p>B\u1ea1n c\u00f3 th\u1ec3 duy\u1ec7t trang web c\u1ee7a ch\u00fang t\u00f4i m\u00e0 kh\u00f4ng ti\u1ebft l\u1ed9 b\u1ea5t k\u1ef3 th\u00f4ng tin c\u00e1 nh\u00e2n n\u00e0o v\u1ec1 b\u1ea3n th\u00e2n. Khi b\u1ea1n truy c\u1eadp trang web c\u1ee7a ch\u00fang t\u00f4i, m\u00e1y ch\u1ee7 c\u1ee7a ch\u00fang t\u00f4i s\u1ebd t\u1ef1 \u0111\u1ed9ng thu th\u1eadp m\u1ed9t s\u1ed1 th\u00f4ng tin nh\u1ea5t \u0111\u1ecbnh, ch\u1eb3ng h\u1ea1n nh\u01b0 t\u00ean mi\u1ec1n, h\u1ec7 \u0111i\u1ec1u h\u00e0nh \u0111ang s\u1eed d\u1ee5ng (v\u00ed d\u1ee5: Macintosh, Windows) v\u00e0 lo\u1ea1i tr\u00ecnh duy\u1ec7t (v\u00ed d\u1ee5: Netscape, Internet Explorer). Th\u00f4ng tin n\u00e0y \u0111\u01b0\u1ee3c t\u1ed5ng h\u1ee3p \u0111\u1ec3 \u0111o s\u1ed1 l\u01b0\u1ee3t truy c\u1eadp, th\u1eddi gian trung b\u00ecnh d\u00e0nh cho trang web, s\u1ed1 trang \u0111\u00e3 xem v\u00e0 c\u00e1c s\u1ed1 li\u1ec7u s\u1eed d\u1ee5ng t\u01b0\u01a1ng t\u1ef1. Ch\u00fang t\u00f4i s\u1eed d\u1ee5ng d\u1eef li\u1ec7u n\u00e0y \u0111\u1ec3 ph\u00e2n t\u00edch v\u00e0 c\u1ea3i thi\u1ec7n hi\u1ec7u su\u1ea5t v\u00e0 n\u1ed9i dung c\u1ee7a trang web.<\/p>\n<p>Th\u00f4ng tin c\u00e1 nh\u00e2n nh\u01b0 \u0111\u1ecba ch\u1ec9 email, t\u00ean, \u0111\u1ecba ch\u1ec9 th\u1ef1c v\u00e0 s\u1ed1 \u0111i\u1ec7n tho\u1ea1i c\u1ee7a b\u1ea1n ch\u1ec9 \u0111\u01b0\u1ee3c thu th\u1eadp khi b\u1ea1n t\u1ef1 nguy\u1ec7n cung c\u1ea5p, ch\u1eb3ng h\u1ea1n nh\u01b0 khi b\u1ea1n \u0111\u0103ng k\u00fd tr\u00ean trang web c\u1ee7a ch\u00fang t\u00f4i ho\u1eb7c tham gia c\u00e1c ho\u1ea1t \u0111\u1ed9ng tr\u1ef1c tuy\u1ebfn.<\/p>\n<h3>S\u1eed d\u1ee5ng th\u00f4ng tin<\/h3>\n<p>Th\u00f4ng tin ch\u00fang t\u00f4i thu th\u1eadp \u0111\u01b0\u1ee3c s\u1eed d\u1ee5ng cho c\u00e1c m\u1ee5c \u0111\u00edch sau:<\/p>\n<ul>\n<li>X\u1eed l\u00fd \u0111\u01a1n h\u00e0ng v\u00e0 g\u1eedi s\u1ea3n ph\u1ea9m.<\/li>\n<li>L\u01b0u tr\u1eef h\u1ed3 s\u01a1 n\u1ed9i b\u1ed9.<\/li>\n<li>C\u1ea3i thi\u1ec7n s\u1ea3n ph\u1ea9m v\u00e0 d\u1ecbch v\u1ee5 c\u1ee7a ch\u00fang t\u00f4i.<\/li>\n<li>G\u1eedi email qu\u1ea3ng c\u00e1o v\u1ec1 s\u1ea3n ph\u1ea9m m\u1edbi, \u01b0u \u0111\u00e3i \u0111\u1eb7c bi\u1ec7t ho\u1eb7c th\u00f4ng tin kh\u00e1c m\u00e0 ch\u00fang t\u00f4i cho l\u00e0 c\u00f3 th\u1ec3 h\u1eefu \u00edch v\u1edbi b\u1ea1n b\u1eb1ng c\u00e1ch s\u1eed d\u1ee5ng \u0111\u1ecba ch\u1ec9 email m\u00e0 b\u1ea1n \u0111\u00e3 cung c\u1ea5p.<\/li>\n<li>Li\u00ean h\u1ec7 v\u1edbi b\u1ea1n cho m\u1ee5c \u0111\u00edch nghi\u00ean c\u1ee9u th\u1ecb tr\u01b0\u1eddng. Ch\u00fang t\u00f4i c\u00f3 th\u1ec3 li\u00ean h\u1ec7 qua email, \u0111i\u1ec7n tho\u1ea1i, fax ho\u1eb7c th\u01b0.<\/li>\n<\/ul>\n<h3>B\u1ea3o v\u1ec7<\/h3>\n<p>Ch\u00fang t\u00f4i cam k\u1ebft \u0111\u1ea3m b\u1ea3o th\u00f4ng tin c\u1ee7a b\u1ea1n \u0111\u01b0\u1ee3c an to\u00e0n. \u0110\u1ec3 ng\u0103n ch\u1eb7n vi\u1ec7c truy c\u1eadp ho\u1eb7c ti\u1ebft l\u1ed9 tr\u00e1i ph\u00e9p, ch\u00fang t\u00f4i \u0111\u00e3 tri\u1ec3n khai c\u00e1c quy tr\u00ecnh v\u1eadt l\u00fd, \u0111i\u1ec7n t\u1eed v\u00e0 qu\u1ea3n l\u00fd ph\u00f9 h\u1ee3p \u0111\u1ec3 b\u1ea3o v\u1ec7 v\u00e0 b\u1ea3o m\u1eadt th\u00f4ng tin ch\u00fang t\u00f4i thu th\u1eadp tr\u1ef1c tuy\u1ebfn.<\/p>\n<h3>B\u00e1nh quy<\/h3>\n<p>Ch\u00fang t\u00f4i c\u00f3 th\u1ec3 s\u1eed d\u1ee5ng c\u00f4ng ngh\u1ec7 \u0111\u01b0\u1ee3c g\u1ecdi l\u00e0 &quot;cookie&quot; \u0111\u1ec3 cung c\u1ea5p cho b\u1ea1n th\u00f4ng tin \u0111\u01b0\u1ee3c \u0111i\u1ec1u ch\u1ec9nh v\u00e0 n\u00e2ng cao tr\u1ea3i nghi\u1ec7m c\u1ee7a b\u1ea1n tr\u00ean trang web c\u1ee7a ch\u00fang t\u00f4i. Cookie l\u00e0 m\u1ed9t ph\u1ea7n d\u1eef li\u1ec7u nh\u1ecf m\u00e0 trang web c\u00f3 th\u1ec3 g\u1eedi \u0111\u1ebfn tr\u00ecnh duy\u1ec7t c\u1ee7a b\u1ea1n, sau \u0111\u00f3 c\u00f3 th\u1ec3 \u0111\u01b0\u1ee3c l\u01b0u tr\u1eef tr\u00ean thi\u1ebft b\u1ecb c\u1ee7a b\u1ea1n. B\u1ea1n c\u00f3 th\u1ec3 thi\u1ebft l\u1eadp tr\u00ecnh duy\u1ec7t c\u1ee7a m\u00ecnh \u0111\u1ec3 th\u00f4ng b\u00e1o cho b\u1ea1n khi b\u1ea1n nh\u1eadn \u0111\u01b0\u1ee3c cookie, cho b\u1ea1n c\u01a1 h\u1ed9i quy\u1ebft \u0111\u1ecbnh c\u00f3 ch\u1ea5p nh\u1eadn cookie hay kh\u00f4ng. Cookie c\u1ee7a ch\u00fang t\u00f4i c\u00f3 th\u1ec3 thu th\u1eadp th\u00f4ng tin nh\u01b0 h\u1ec7 \u0111i\u1ec1u h\u00e0nh v\u00e0 tr\u00ecnh duy\u1ec7t b\u1ea1n \u0111ang s\u1eed d\u1ee5ng.<\/p>\n<h3>Li\u00ean k\u1ebft \u0111\u1ebfn c\u00e1c trang web kh\u00e1c<\/h3>\n<p>Trang web c\u1ee7a ch\u00fang t\u00f4i c\u00f3 th\u1ec3 ch\u1ee9a c\u00e1c li\u00ean k\u1ebft \u0111\u1ebfn c\u00e1c trang web kh\u00e1c c\u00f3 li\u00ean quan. Tuy nhi\u00ean, sau khi b\u1ea1n r\u1eddi kh\u1ecfi trang web c\u1ee7a ch\u00fang t\u00f4i b\u1eb1ng c\u00e1c li\u00ean k\u1ebft n\u00e0y, ch\u00fang t\u00f4i kh\u00f4ng c\u00f3 quy\u1ec1n ki\u1ec3m so\u00e1t c\u00e1c trang web kh\u00e1c. Do \u0111\u00f3, ch\u00fang t\u00f4i kh\u00f4ng th\u1ec3 ch\u1ecbu tr\u00e1ch nhi\u1ec7m v\u1ec1 vi\u1ec7c b\u1ea3o v\u1ec7 v\u00e0 quy\u1ec1n ri\u00eang t\u01b0 c\u1ee7a b\u1ea5t k\u1ef3 th\u00f4ng tin n\u00e0o b\u1ea1n cung c\u1ea5p khi truy c\u1eadp c\u00e1c trang web \u0111\u00f3. C\u00e1c trang web n\u00e0y kh\u00f4ng ch\u1ecbu s\u1ef1 qu\u1ea3n l\u00fd c\u1ee7a Ch\u00ednh s\u00e1ch quy\u1ec1n ri\u00eang t\u01b0 n\u00e0y. Ch\u00fang t\u00f4i khuy\u00ean b\u1ea1n n\u00ean th\u1eadn tr\u1ecdng v\u00e0 xem x\u00e9t ch\u00ednh s\u00e1ch quy\u1ec1n ri\u00eang t\u01b0 c\u1ee7a b\u1ea5t k\u1ef3 trang web n\u00e0o b\u1ea1n truy c\u1eadp.<\/p>\n<h3>C\u1eadp nh\u1eadt ch\u00ednh s\u00e1ch<\/h3>\n<p>Ch\u00ednh s\u00e1ch b\u1ea3o m\u1eadt c\u1ee7a ch\u00fang t\u00f4i c\u00f3 th\u1ec3 thay \u0111\u1ed5i theo th\u1eddi gian v\u00e0 m\u1ecdi c\u1eadp nh\u1eadt s\u1ebd \u0111\u01b0\u1ee3c \u0111\u0103ng tr\u00ean trang n\u00e0y.<\/p>\n<p>N\u1ebfu b\u1ea1n c\u00f3 b\u1ea5t k\u1ef3 lo ng\u1ea1i n\u00e0o v\u1ec1 c\u00e1c ho\u1ea1t \u0111\u1ed9ng b\u1ea3o m\u1eadt c\u1ee7a ch\u00fang t\u00f4i, vui l\u00f2ng li\u00ean h\u1ec7 v\u1edbi ch\u00fang t\u00f4i ngay qua \u0111i\u1ec7n tho\u1ea1i theo s\u1ed1 (+86) 760 87994998 ho\u1eb7c qua email t\u1ea1i <a rel=\"noopener\">info@arturf.com<\/a>.<\/p>","protected":false},"excerpt":{"rendered":"","protected":false},"author":3,"featured_media":0,"parent":0,"menu_order":29,"comment_status":"closed","ping_status":"closed","template":"page-blank-title-center.php","meta":{"_seopress_robots_primary_cat":"","_seopress_titles_title":"","_seopress_titles_desc":"","_seopress_robots_index":"","footnotes":""},"class_list":["post-12123","page","type-page","status-publish","hentry"],"_links":{"self":[{"href":"https:\/\/arturf.com\/vi\/wp-json\/wp\/v2\/pages\/12123","targetHints":{"allow":["GET"]}}],"collection":[{"href":"https:\/\/arturf.com\/vi\/wp-json\/wp\/v2\/pages"}],"about":[{"href":"https:\/\/arturf.com\/vi\/wp-json\/wp\/v2\/types\/page"}],"author":[{"embeddable":true,"href":"https:\/\/arturf.com\/vi\/wp-json\/wp\/v2\/users\/3"}],"replies":[{"embeddable":true,"href":"https:\/\/arturf.com\/vi\/wp-json\/wp\/v2\/comments?post=12123"}],"version-history":[{"count":0,"href":"https:\/\/arturf.com\/vi\/wp-json\/wp\/v2\/pages\/12123\/revisions"}],"wp:attachment":[{"href":"https:\/\/arturf.com\/vi\/wp-json\/wp\/v2\/media?parent=12123"}],"curies":[{"name":"wp","href":"https:\/\/api.w.org\/{rel}","templated":true}]}}