{"id":1331,"date":"2011-04-12T03:06:46","date_gmt":"2011-04-11T19:06:46","guid":{"rendered":"https:\/\/arturf.com\/"},"modified":"2023-09-03T22:22:44","modified_gmt":"2023-09-03T14:22:44","slug":"support","status":"publish","type":"page","link":"https:\/\/arturf.com\/vi\/support\/","title":{"rendered":"\u1ee6ng h\u1ed9"},"content":{"rendered":"<div class=\"banner has-hover\" id=\"banner-240519041\">\n          <div class=\"banner-inner fill\">\n        <div class=\"banner-bg fill\" >\n            <img loading=\"lazy\" decoding=\"async\" width=\"1020\" height=\"237\" src=\"https:\/\/arturf.com\/wp-content\/uploads\/2018\/04\/Artificial-Grass-Installation_supportsubheader-1024x238.jpg\" class=\"bg attachment-large size-large\" alt=\"mua, l\u1eafp \u0111\u1eb7t, b\u1ea3o tr\u00ec\" \/>                        <div class=\"overlay\"><\/div>            \n                    <\/div>\n\t\t\n        <div class=\"banner-layers container\">\n            <div class=\"fill banner-link\"><\/div>            \n\n   <div id=\"text-box-1511211194\" class=\"text-box banner-layer x50 md-x50 lg-x50 y50 md-y50 lg-y50 res-text\">\n                                <div class=\"text-box-content text dark\">\n              \n              <div class=\"text-inner text-center\">\n                  \n\n<h1>\u1ee6ng h\u1ed9<\/h1>\n<p>Nh\u1eadn h\u1ed7 tr\u1ee3 to\u00e0n di\u1ec7n cho c\u1ecf nh\u00e2n t\u1ea1o, bao g\u1ed3m h\u01b0\u1edbng d\u1eabn ng\u01b0\u1eddi mua, m\u1eb9o l\u1eafp \u0111\u1eb7t, h\u01b0\u1edbng d\u1eabn b\u1ea3o tr\u00ec v\u00e0 c\u01a1 s\u1edf ki\u1ebfn th\u1ee9c cho m\u1ecdi th\u1eafc m\u1eafc c\u1ee7a b\u1ea1n.<\/p>\n\n              <\/div>\n           <\/div>\n                            \n<style>\n#text-box-1511211194 {\n  width: 60%;\n}\n#text-box-1511211194 .text-box-content {\n  font-size: 100%;\n}\n<\/style>\n    <\/div>\n \n\n        <\/div>\n      <\/div>\n\n            \n<style>\n#banner-240519041 {\n  padding-top: 400px;\n}\n#banner-240519041 .overlay {\n  background-color: rgba(0,0,0,.5);\n}\n<\/style>\n  <\/div>\n\n\n\n\t<section class=\"section\" id=\"section_356040811\">\n\t\t<div class=\"section-bg fill\" >\n\t\t\t\t\t\t\t\t\t\n\t\t\t\n\n\t\t<\/div>\n\n\t\t\n\n\t\t<div class=\"section-content relative\">\n\t\t\t\n\n\t<div id=\"gap-1181000492\" class=\"gap-element clearfix\" style=\"display:block; height:auto;\">\n\t\t\n<style>\n#gap-1181000492 {\n  padding-top: 50px;\n}\n<\/style>\n\t<\/div>\n\t\n\n<div class=\"row\"  id=\"row-1028644857\">\n\n\n\t<div id=\"col-1454340145\" class=\"col medium-4 small-12 large-4\"  >\n\t\t\t\t<div class=\"col-inner\"  >\n\t\t\t\n\t\t\t\n\n<h2><a href=\"https:\/\/arturf.com\/vi\/category\/buyers-guide\/\"><span style=\"font-size: 130%;\">H\u01b0\u1edbng d\u1eabn ng\u01b0\u1eddi mua<\/span><\/a><\/h2>\n<p>H\u01b0\u1edbng d\u1eabn c\u1ea7n thi\u1ebft c\u1ee7a b\u1ea1n \u0111\u1ec3 ch\u1ecdn c\u1ecf nh\u00e2n t\u1ea1o ho\u00e0n h\u1ea3o, trao quy\u1ec1n cho ng\u01b0\u1eddi mua \u0111\u01b0a ra quy\u1ebft \u0111\u1ecbnh s\u00e1ng su\u1ed1t cho c\u00e1c nhu c\u1ea7u c\u1ee5 th\u1ec3 c\u1ee7a h\u1ecd.<\/p>\n\n\t\t<\/div>\n\t\t\t\t\n<style>\n#col-1454340145 > .col-inner {\n  padding: 0px 40px 0px 0px;\n}\n<\/style>\n\t<\/div>\n\n\t\n\n\t<div id=\"col-105239895\" class=\"col medium-8 small-12 large-8\"  >\n\t\t\t\t<div class=\"col-inner\"  >\n\t\t\t\n\t\t\t\n\n<p>&nbsp;T\u00e0i nguy\u00ean chuy\u00ean gia c\u1ee7a b\u1ea1n \u0111\u1ec3 mua c\u1ecf nh\u00e2n t\u1ea1o ch\u1ea5t l\u01b0\u1ee3ng. T\u00ecm hi\u1ec3u l\u00e0m th\u1ebf n\u00e0o \u0111\u1ec3 ch\u1ecdn v\u00e0 mua c\u1ecf nh\u00e2n t\u1ea1o cao c\u1ea5p m\u1ed9t c\u00e1ch t\u1ef1 tin. L\u1eddi khuy\u00ean c\u1ea7n thi\u1ebft v\u00e0 th\u00f4ng tin chi ti\u1ebft d\u00e0nh cho ng\u01b0\u1eddi mua \u0111ang t\u00ecm ki\u1ebfm gi\u1ea3i ph\u00e1p s\u00e2n c\u1ecf nh\u00e2n t\u1ea1o cao c\u1ea5p.<\/p>\n<ul class=\"lcp_catlist\" id=\"lcp_instance_0\"><li><a href=\"https:\/\/arturf.com\/vi\/buyers-guide\/artificial-grass-cost\/\">Chi ph\u00ed nh\u1eadp kh\u1ea9u c\u1ecf nh\u00e2n t\u1ea1o t\u1eeb Trung Qu\u1ed1c<\/a><\/li><li><a href=\"https:\/\/arturf.com\/vi\/buyers-guide\/infill-or-non-infill-artificial-grass\/\">C\u1ecf nh\u00e2n t\u1ea1o l\u1ea5p \u0111\u1ea7y ho\u1eb7c kh\u00f4ng l\u1ea5p \u0111\u1ea7y: L\u1ef1a ch\u1ecdn \u0111\u00fang \u0111\u1eafn<\/a><\/li><li><a href=\"https:\/\/arturf.com\/vi\/knowledge-hub\/artificial-grass-specifications\/\">Th\u00f4ng s\u1ed1 k\u1ef9 thu\u1eadt c\u1ecf nh\u00e2n t\u1ea1o: Hi\u1ec3u \u00fd ngh\u0129a c\u1ee7a ch\u00fang<\/a><\/li><li><a href=\"https:\/\/arturf.com\/vi\/buyers-guide\/minimum-order-quantity\/\">S\u1ed1 l\u01b0\u1ee3ng \u0111\u1eb7t h\u00e0ng t\u1ed1i thi\u1ec3u (MOQ) cho c\u1ecf nh\u00e2n t\u1ea1o: Gi\u1ea3i th\u00edch<\/a><\/li><li><a href=\"https:\/\/arturf.com\/vi\/tennis-court\/things-to-consider-when-constructing-a-tennis-court\/\">Nh\u1eefng c\u00e2n nh\u1eafc c\u1ea7n thi\u1ebft \u0111\u1ec3 x\u00e2y d\u1ef1ng s\u00e2n tennis d\u00e2n c\u01b0<\/a><\/li><li><a href=\"https:\/\/arturf.com\/vi\/knowledge-hub\/why-choose-polyurethane-backed-artificial-grass\/\">C\u1ecf nh\u00e2n t\u1ea1o \u0111\u01b0\u1ee3c h\u1ed7 tr\u1ee3 b\u1eb1ng polyurethane: \u01afu \u0111i\u1ec3m v\u00e0 l\u1ee3i \u00edch<\/a><\/li><li><a href=\"https:\/\/arturf.com\/vi\/buyers-guide\/customized-artificial-grass-products\/\">C\u1ecf nh\u00e2n t\u1ea1o t\u00f9y ch\u1ec9nh: Ch\u00eca kh\u00f3a th\u00e0nh c\u00f4ng tr\u00ean th\u1ecb tr\u01b0\u1eddng<\/a><\/li><li><a href=\"https:\/\/arturf.com\/vi\/blog\/different-colors-packing-artificial-grass-rolls\/\">M\u00e0u s\u1eafc \u0111\u00f3ng g\u00f3i kh\u00e1c nhau cho cu\u1ed9n c\u1ecf nh\u00e2n t\u1ea1o: N\u00e2ng cao hi\u1ec7u qu\u1ea3<\/a><\/li><li><a href=\"https:\/\/arturf.com\/vi\/buyers-guide\/considerations-for-choosing-and-ordering-synthetic-grass\/\">Ch\u00edn c\u00e2n nh\u1eafc \u0111\u1ec3 l\u1ef1a ch\u1ecdn v\u00e0 \u0111\u1eb7t mua c\u1ecf t\u1ed5ng h\u1ee3p<\/a><\/li><li><a href=\"https:\/\/arturf.com\/vi\/buyers-guide\/cheap-artificial-grass\/\">T\u00f4i c\u00f3 th\u1ec3 mua C\u1ecf nh\u00e2n t\u1ea1o gi\u00e1 r\u1ebb kh\u00f4ng? H\u01b0\u1edbng d\u1eabn c\u1ee7a b\u1ea1n v\u1ec1 c\u00e1c gi\u1ea3i ph\u00e1p hi\u1ec7u qu\u1ea3 v\u1ec1 chi ph\u00ed<\/a><\/li><li><a href=\"https:\/\/arturf.com\/vi\/buyers-guide\/choose-artificial-grass\/\">L\u00e0m th\u1ebf n\u00e0o \u0111\u1ec3 t\u00ecm m\u1ed9t nh\u00e0 cung c\u1ea5p c\u1ecf nh\u00e2n t\u1ea1o \u0111\u00e1ng tin c\u1eady<\/a><\/li><\/ul>\n\n\t\t<\/div>\n\t\t\t\t\t<\/div>\n\n\t\n\n<\/div>\n<div class=\"text-center\"><div class=\"is-divider divider clearfix\" ><\/div><\/div>\n\n\t<div id=\"gap-463914995\" class=\"gap-element clearfix\" style=\"display:block; height:auto;\">\n\t\t\n<style>\n#gap-463914995 {\n  padding-top: 30px;\n}\n<\/style>\n\t<\/div>\n\t\n\n<div class=\"row\"  id=\"row-907503785\">\n\n\n\t<div id=\"col-2030635295\" class=\"col medium-4 small-12 large-4\"  >\n\t\t\t\t<div class=\"col-inner\"  >\n\t\t\t\n\t\t\t\n\n<h2><a href=\"https:\/\/arturf.com\/vi\/category\/installation\/\"><span style=\"font-size: 130%;\">C\u00e0i \u0111\u1eb7t<\/span><\/a><\/h2>\n<p>T\u00ecm hi\u1ec3u l\u00e0m th\u1ebf n\u00e0o \u0111\u1ec3 c\u00e0i \u0111\u1eb7t c\u1ecf nh\u00e2n t\u1ea1o, cho c\u1ea3 khu v\u1ef1c th\u1ec3 thao v\u00e0 c\u1ea3nh quan.&nbsp;<\/p>\n\n\t\t<\/div>\n\t\t\t\t\n<style>\n#col-2030635295 > .col-inner {\n  padding: 0px 40px 0px 0px;\n}\n<\/style>\n\t<\/div>\n\n\t\n\n\t<div id=\"col-423411583\" class=\"col medium-8 small-12 large-8\"  >\n\t\t\t\t<div class=\"col-inner\"  >\n\t\t\t\n\t\t\t\n\n<p>Vi\u1ec7c l\u1eafp \u0111\u1eb7t \u0111\u00fang c\u00e1ch l\u00e0 r\u1ea5t quan tr\u1ecdng \u0111\u1ec3 c\u00f3 hi\u1ec7u su\u1ea5t t\u1ed1i \u01b0u v\u00e0 tu\u1ed5i th\u1ecd c\u1ee7a b\u1ec1 m\u1eb7t c\u1ecf nh\u00e2n t\u1ea1o c\u1ee7a b\u1ea1n, \u0111\u1ea3m b\u1ea3o \u0111\u1ed9 b\u1ec1n v\u00e0 n\u00e2ng cao tu\u1ed5i th\u1ecd c\u1ee7a n\u00f3.<\/p>\n<ul class=\"lcp_catlist\" id=\"lcp_instance_0\"><li><a href=\"https:\/\/arturf.com\/vi\/landscape-grass\/how-to-install-landscape-artificial-grass\/\">C\u00e1ch c\u00e0i \u0111\u1eb7t c\u1ecf nh\u00e2n t\u1ea1o c\u1ea3nh<\/a><\/li><li><a href=\"https:\/\/arturf.com\/vi\/football-grass\/how-to-install-football-artificial-grass\/\">C\u00e1ch c\u00e0i \u0111\u1eb7t b\u00f3ng \u0111\u00e1 nh\u00e2n t\u1ea1o<\/a><\/li><li><a href=\"https:\/\/arturf.com\/vi\/football-grass\/base-preparation-for-football-grass\/\">Chu\u1ea9n b\u1ecb c\u01a1 s\u1edf cho c\u1ecf b\u00f3ng \u0111\u00e1: Nguy\u00ean t\u1eafc c\u01a1 b\u1ea3n v\u00e0 c\u00e1c lo\u1ea1i kh\u00e1c nhau<\/a><\/li><li><a href=\"https:\/\/arturf.com\/vi\/landscape-grass\/base-preparation-for-landscape-grass\/\">C\u00e1c b\u01b0\u1edbc c\u1ea7n thi\u1ebft \u0111\u1ec3 chu\u1ea9n b\u1ecb c\u01a1 s\u1edf cho vi\u1ec7c l\u1eafp \u0111\u1eb7t c\u1ecf c\u1ea3nh quan<\/a><\/li><li><a href=\"https:\/\/arturf.com\/vi\/installation\/how-much-infill-do-you-need-for-artificial-grass\/\">B\u1ea1n c\u1ea7n bao nhi\u00eau ch\u1ea5t \u0111\u1ed9n cho c\u1ecf nh\u00e2n t\u1ea1o?<\/a><\/li><li><a href=\"https:\/\/arturf.com\/vi\/installation\/artificial-turf-rubber-granule-infill\/\">T\u1ea1i sao n\u00ean s\u1eed d\u1ee5ng cao su Granill Infill cho s\u00e2n c\u1ecf nh\u00e2n t\u1ea1o?<\/a><\/li><li><a href=\"https:\/\/arturf.com\/vi\/installation\/how-to-avoid-the-common-mistakes-when-installing-artificial-grass\/\">Nh\u1eefng sai l\u1ea7m ph\u1ed5 bi\u1ebfn c\u1ea7n tr\u00e1nh khi l\u1eafp \u0111\u1eb7t c\u1ecf nh\u00e2n t\u1ea1o<\/a><\/li><li><a href=\"https:\/\/arturf.com\/vi\/installation\/cut-artificial-grass-to-match-a-special-shaped-area\/\">C\u00e1ch c\u1eaft c\u1ecf nh\u00e2n t\u1ea1o \u0111\u1ec3 ph\u00f9 h\u1ee3p v\u1edbi b\u1ea5t k\u1ef3 khu v\u1ef1c c\u00f3 h\u00ecnh d\u1ea1ng n\u00e0o<\/a><\/li><li><a href=\"https:\/\/arturf.com\/vi\/installation\/artificial-grass-line-marking\/\">V\u1ea1ch k\u1ebb tr\u00ean s\u00e2n th\u1ec3 thao c\u1ecf nh\u00e2n t\u1ea1o<\/a><\/li><li><a href=\"https:\/\/arturf.com\/vi\/installation\/artificial-grass-melting\/\">K\u1ebft qu\u1ea3 ph\u1ea3n chi\u1ebfu \u00e1nh s\u00e1ng m\u1eb7t tr\u1eddi trong c\u1ecf nh\u00e2n t\u1ea1o tan ch\u1ea3y v\u00e0 c\u00e1ch tr\u00e1nh n\u00f3<\/a><\/li><li><a href=\"https:\/\/arturf.com\/vi\/golf-grass\/how-to-install-synthetic-putting-green-grass\/\">C\u00e1ch c\u00e0i \u0111\u1eb7t t\u1ed5ng h\u1ee3p \u0111\u01b0a c\u1ecf xanh<\/a><\/li><li><a href=\"https:\/\/arturf.com\/vi\/installation\/artificial-grass-infills\/\">Ch\u00e8n c\u1ecf nh\u00e2n t\u1ea1o: T\u0103ng c\u01b0\u1eddng di\u1ec7n m\u1ea1o v\u00e0 hi\u1ec7u su\u1ea5t<\/a><\/li><li><a href=\"https:\/\/arturf.com\/vi\/installation\/artificial-turf-wrinkles\/\">Hi\u1ec7n t\u01b0\u1ee3ng nh\u0103n nh\u00fam tr\u00ean c\u1ecf nh\u00e2n t\u1ea1o: Nguy\u00ean nh\u00e2n, c\u00e1ch kh\u1eafc ph\u1ee5c v\u00e0 c\u00e1c m\u1eb9o ph\u00f2ng ng\u1eeba (H\u01b0\u1edbng d\u1eabn \u0111\u1ea7y \u0111\u1ee7)<\/a><\/li><li><a href=\"https:\/\/arturf.com\/vi\/installation\/artificial-grass-installation-mistakes\/\">Nh\u1eefng l\u1ed7i th\u01b0\u1eddng g\u1eb7p khi l\u1eafp \u0111\u1eb7t c\u1ecf nh\u00e2n t\u1ea1o (v\u00e0 c\u00e1ch tr\u00e1nh ch\u00fang)<\/a><\/li><\/ul>\n\n\t\t<\/div>\n\t\t\t\t\t<\/div>\n\n\t\n\n<\/div>\n<div class=\"text-center\"><div class=\"is-divider divider clearfix\" ><\/div><\/div>\n\n\t<div id=\"gap-2122056385\" class=\"gap-element clearfix\" style=\"display:block; height:auto;\">\n\t\t\n<style>\n#gap-2122056385 {\n  padding-top: 30px;\n}\n<\/style>\n\t<\/div>\n\t\n\n<div class=\"row\"  id=\"row-177010031\">\n\n\n\t<div id=\"col-1230207963\" class=\"col medium-4 small-12 large-4\"  >\n\t\t\t\t<div class=\"col-inner\"  >\n\t\t\t\n\t\t\t\n\n<h2><a href=\"https:\/\/arturf.com\/vi\/category\/maintenance\/\"><span style=\"font-size: 130%;\">Ch\u0103m s\u00f3c v\u00e0 b\u1ea3o d\u01b0\u1ee1ng<\/span><\/a><\/h2>\n<p>Gi\u1eef cho c\u1ecf nh\u00e2n t\u1ea1o c\u1ee7a b\u1ea1n s\u1ea1ch s\u1ebd v\u00e0 \u0111\u1ee9ng v\u1eefng.<\/p>\n\n\t\t<\/div>\n\t\t\t\t\n<style>\n#col-1230207963 > .col-inner {\n  padding: 0px 40px 0px 0px;\n}\n<\/style>\n\t<\/div>\n\n\t\n\n\t<div id=\"col-224937944\" class=\"col medium-8 small-12 large-8\"  >\n\t\t\t\t<div class=\"col-inner\"  >\n\t\t\t\n\t\t\t\n\n<p>Kh\u00e1m ph\u00e1 c\u00e1c m\u1eb9o ch\u0103m s\u00f3c v\u00e0 b\u1ea3o tr\u00ec c\u1ea7n thi\u1ebft cho c\u1ecf nh\u00e2n t\u1ea1o c\u1ee7a b\u1ea1n, \u0111\u1ea3m b\u1ea3o t\u00ecnh tr\u1ea1ng nguy\u00ean s\u01a1 v\u00e0 tu\u1ed5i th\u1ecd c\u1ee7a n\u00f3. T\u00ecm hi\u1ec3u c\u00e1ch gi\u1eef cho s\u00e2n c\u1ecf t\u1ed5ng h\u1ee3p c\u1ee7a b\u1ea1n tr\u00f4ng \u0111\u1eb9p nh\u1ea5t v\u1edbi s\u1ef1 h\u01b0\u1edbng d\u1eabn c\u1ee7a chuy\u00ean gia c\u1ee7a ch\u00fang t\u00f4i.<\/p>\n<ul class=\"lcp_catlist\" id=\"lcp_instance_0\"><li><a href=\"https:\/\/arturf.com\/vi\/landscape-grass\/landscape-artificial-lawn-mainteiance\/\">B\u1ea3o d\u01b0\u1ee1ng c\u1ecf nh\u00e2n t\u1ea1o s\u00e2n v\u01b0\u1eddn: H\u01b0\u1edbng d\u1eabn to\u00e0n di\u1ec7n \u0111\u1ec3 c\u00f3 kh\u00f4ng gian ngo\u00e0i tr\u1eddi t\u01b0\u01a1i t\u1ed1t v\u00e0 kh\u00f4ng r\u1eafc r\u1ed1i<\/a><\/li><li><a href=\"https:\/\/arturf.com\/vi\/maintenance\/sports-artificial-grass-maintenance\/\">B\u1ea3o d\u01b0\u1ee1ng c\u1ecf nh\u00e2n t\u1ea1o th\u1ec3 thao: M\u1eb9o \u0111\u1ec3 \u0111\u1ea1t hi\u1ec7u su\u1ea5t t\u1ed1i \u01b0u<\/a><\/li><li><a href=\"https:\/\/arturf.com\/vi\/maintenance\/how-to-clean-residential-artificial-grass\/\">L\u00e0m th\u1ebf n\u00e0o \u0111\u1ec3 l\u00e0m s\u1ea1ch c\u1ecf nh\u00e2n t\u1ea1o?<\/a><\/li><li><a href=\"https:\/\/arturf.com\/vi\/maintenance\/repair-artificial-turf\/\">H\u01b0\u1edbng d\u1eabn t\u1eebng b\u01b0\u1edbc \u0111\u1ec3 s\u1eeda ch\u1eefa s\u00e2n c\u1ecf nh\u00e2n t\u1ea1o: Kh\u1eafc ph\u1ee5c v\u1ebft r\u00e1ch, v\u1ebft b\u1ecfng v\u00e0 \u0111\u01b0\u1eddng n\u1ed1i b\u1ecb l\u1ecfng<\/a><\/li><li><a href=\"https:\/\/arturf.com\/vi\/installation\/artificial-grass-melting\/\">K\u1ebft qu\u1ea3 ph\u1ea3n chi\u1ebfu \u00e1nh s\u00e1ng m\u1eb7t tr\u1eddi trong c\u1ecf nh\u00e2n t\u1ea1o tan ch\u1ea3y v\u00e0 c\u00e1ch tr\u00e1nh n\u00f3<\/a><\/li><li><a href=\"https:\/\/arturf.com\/vi\/maintenance\/pet-urine-on-artificial-grass-and-how-to-remove-the-smell\/\">N\u01b0\u1edbc ti\u1ec3u th\u00fa c\u01b0ng tr\u00ean c\u1ecf nh\u00e2n t\u1ea1o v\u00e0 c\u00e1ch kh\u1eed m\u00f9i h\u00f4i<\/a><\/li><li><a href=\"https:\/\/arturf.com\/vi\/maintenance\/comprehensive-maintenance-guide-for-your-padel-court\/\">H\u01b0\u1edbng d\u1eabn b\u1ea3o tr\u00ec to\u00e0n di\u1ec7n cho s\u00e2n Padel c\u1ee7a b\u1ea1n<\/a><\/li><li><a href=\"https:\/\/arturf.com\/vi\/maintenance\/artificial-grass-maintenance-problems\/\">H\u01b0\u1edbng d\u1eabn b\u1ea3o d\u01b0\u1ee1ng c\u1ecf nh\u00e2n t\u1ea1o v\u00e0 ph\u00f2ng ng\u1eeba c\u00e1c v\u1ea5n \u0111\u1ec1 th\u01b0\u1eddng g\u1eb7p (C\u1ea9m nang \u0111\u1ea7y \u0111\u1ee7 d\u00e0nh cho ch\u1ee7 nh\u00e0)<\/a><\/li><\/ul>\n\n\t\t<\/div>\n\t\t\t\t\t<\/div>\n\n\t\n\n<\/div>\n<div class=\"row\"  id=\"row-963118572\">\n\n\n\t<div id=\"col-634367196\" class=\"col medium-4 small-12 large-4\"  >\n\t\t\t\t<div class=\"col-inner\"  >\n\t\t\t\n\t\t\t\n\n<h2><a href=\"https:\/\/arturf.com\/vi\/category\/knowledge-hub\/\"><span style=\"font-size: 130%;\">Trung t\u00e2m tri th\u1ee9c<\/span><\/a><\/h2>\n<p>M\u1edf kh\u00f3a v\u00f4 s\u1ed1 ki\u1ebfn th\u1ee9c v\u1ec1 c\u1ecf nh\u00e2n t\u1ea1o t\u1ea1i trung t\u00e2m c\u1ee7a ch\u00fang t\u00f4i, cung c\u1ea5p th\u00f4ng tin chi ti\u1ebft chuy\u00ean m\u00f4n v\u00e0 t\u00e0i nguy\u00ean cho t\u1ea5t c\u1ea3 c\u00e1c y\u00eau c\u1ea7u c\u1ee7a b\u1ea1n.<\/p>\n\n\t\t<\/div>\n\t\t\t\t\n<style>\n#col-634367196 > .col-inner {\n  padding: 0px 40px 0px 0px;\n}\n<\/style>\n\t<\/div>\n\n\t\n\n\t<div id=\"col-55026583\" class=\"col medium-8 small-12 large-8\"  >\n\t\t\t\t<div class=\"col-inner\"  >\n\t\t\t\n\t\t\t\n\n<p>Kh\u00e1m ph\u00e1 Trung t\u00e2m ki\u1ebfn th\u1ee9c to\u00e0n di\u1ec7n c\u1ee7a ch\u00fang t\u00f4i, t\u00e0i nguy\u00ean truy c\u1eadp c\u1ee7a b\u1ea1n cho t\u1ea5t c\u1ea3 nh\u1eefng th\u1ee9 li\u00ean quan \u0111\u1ebfn c\u1ecf nh\u00e2n t\u1ea1o. M\u1edf r\u1ed9ng hi\u1ec3u bi\u1ebft c\u1ee7a b\u1ea1n v\u00e0 c\u1eadp nh\u1eadt th\u00f4ng tin v\u1edbi nh\u1eefng hi\u1ec3u bi\u1ebft v\u00e0 th\u00f4ng tin c\u00f3 gi\u00e1 tr\u1ecb v\u1ec1 s\u00e2n c\u1ecf nh\u00e2n t\u1ea1o.<\/p>\n<ul class=\"lcp_catlist\" id=\"lcp_instance_0\"><li><a href=\"https:\/\/arturf.com\/vi\/blog\/the-history-of-artificial-grass\/\">H\u00e9 l\u1ed9 s\u1ef1 ph\u00e1t tri\u1ec3n c\u1ee7a c\u1ecf nh\u00e2n t\u1ea1o: H\u00e0nh tr\u00ecnh xuy\u00ean su\u1ed1t l\u1ecbch s\u1eed<\/a><\/li><li><a href=\"https:\/\/arturf.com\/vi\/blog\/history-of-artificial-grass-in-china\/\">V\u1ea1ch tr\u1ea7n nh\u1eefng quan ni\u1ec7m sai l\u1ea7m ph\u1ed5 bi\u1ebfn v\u1ec1 s\u00e2n c\u1ecf nh\u00e2n t\u1ea1o<\/a><\/li><li><a href=\"https:\/\/arturf.com\/vi\/knowledge-hub\/artificial-grass-faq\/\">H\u1ecfi \u0111\u00e1p v\u1ec1 c\u1ecf nh\u00e2n t\u1ea1o<\/a><\/li><li><a href=\"https:\/\/arturf.com\/vi\/knowledge-hub\/applications-of-artificial-grass\/\">\u1ee8ng d\u1ee5ng \u0111a n\u0103ng c\u1ee7a c\u1ecf nh\u00e2n t\u1ea1o<\/a><\/li><li><a href=\"https:\/\/arturf.com\/vi\/knowledge-hub\/artificial-grass-specifications\/\">Th\u00f4ng s\u1ed1 k\u1ef9 thu\u1eadt c\u1ecf nh\u00e2n t\u1ea1o: Hi\u1ec3u \u00fd ngh\u0129a c\u1ee7a ch\u00fang<\/a><\/li><li><a href=\"https:\/\/arturf.com\/vi\/knowledge-hub\/w-stitch-tufted-artificial-grass\/\">Kh\u00e2u W ho\u1eb7c Z trong c\u1ecf nh\u00e2n t\u1ea1o: N\u00e2ng cao \u0111\u1ed9 b\u1ec1n v\u00e0 t\u00ednh th\u1ea9m m\u1ef9<\/a><\/li><li><a href=\"https:\/\/arturf.com\/vi\/knowledge-hub\/why-choose-polyurethane-backed-artificial-grass\/\">C\u1ecf nh\u00e2n t\u1ea1o \u0111\u01b0\u1ee3c h\u1ed7 tr\u1ee3 b\u1eb1ng polyurethane: \u01afu \u0111i\u1ec3m v\u00e0 l\u1ee3i \u00edch<\/a><\/li><li><a href=\"https:\/\/arturf.com\/vi\/knowledge-hub\/artificial-grass-glossary\/\">Thu\u1eadt ng\u1eef c\u1ecf nh\u00e2n t\u1ea1o c\u01a1 b\u1ea3n: H\u01b0\u1edbng d\u1eabn tham kh\u1ea3o to\u00e0n di\u1ec7n<\/a><\/li><li><a href=\"https:\/\/arturf.com\/vi\/knowledge-hub\/artificial-grass-heat\/\">Qu\u1ea3n l\u00fd nhi\u1ec7t trong c\u1ecf nh\u00e2n t\u1ea1o: M\u1eb9o v\u00e0 c\u00e2n nh\u1eafc<\/a><\/li><li><a href=\"https:\/\/arturf.com\/vi\/knowledge-hub\/raw-material-affecting-the-quality-and-price-of-artificial-grass\/\">Nguy\u00ean li\u1ec7u th\u00f4: \u1ea2nh h\u01b0\u1edfng \u0111\u1ebfn ch\u1ea5t l\u01b0\u1ee3ng v\u00e0 gi\u00e1 c\u1ea3 c\u1ee7a c\u1ecf nh\u00e2n t\u1ea1o<\/a><\/li><li><a href=\"https:\/\/arturf.com\/vi\/blog\/different-colors-packing-artificial-grass-rolls\/\">M\u00e0u s\u1eafc \u0111\u00f3ng g\u00f3i kh\u00e1c nhau cho cu\u1ed9n c\u1ecf nh\u00e2n t\u1ea1o: N\u00e2ng cao hi\u1ec7u qu\u1ea3<\/a><\/li><li><a href=\"https:\/\/arturf.com\/vi\/knowledge-hub\/colored-artificial-grass\/\">C\u1ecf nh\u00e2n t\u1ea1o m\u00e0u: Gi\u1ea3i ph\u00f3ng kh\u1ea3 n\u0103ng thi\u1ebft k\u1ebf s\u00e1ng t\u1ea1o<\/a><\/li><li><a href=\"https:\/\/arturf.com\/vi\/knowledge-hub\/artificial-grass-face-weight\/\">Tr\u1ecdng l\u01b0\u1ee3ng m\u1eb7t c\u1ecf nh\u00e2n t\u1ea1o: Hi\u1ec3u t\u1ea7m quan tr\u1ecdng c\u1ee7a n\u00f3 v\u00e0 \u0111\u01b0a ra l\u1ef1a ch\u1ecdn \u0111\u00fang \u0111\u1eafn<\/a><\/li><li><a href=\"https:\/\/arturf.com\/vi\/knowledge-hub\/artificial-grass-backing\/\">S\u1ef1 th\u1eadt c\u1ee7a vi\u1ec7c h\u1ed7 tr\u1ee3 c\u1ecf nh\u00e2n t\u1ea1o<\/a><\/li><li><a href=\"https:\/\/arturf.com\/vi\/knowledge-hub\/artificial-grass-yarn\/\">S\u1ee3i c\u1ecf nh\u00e2n t\u1ea1o<\/a><\/li><li><a href=\"https:\/\/arturf.com\/vi\/knowledge-hub\/the-artificial-turf-system\/\">C\u00e1c th\u00e0nh ph\u1ea7n ch\u00ednh c\u1ee7a h\u1ec7 th\u1ed1ng c\u1ecf nh\u00e2n t\u1ea1o<\/a><\/li><li><a href=\"https:\/\/arturf.com\/vi\/tennis-court\/things-to-consider-when-constructing-a-tennis-court\/\">Nh\u1eefng c\u00e2n nh\u1eafc c\u1ea7n thi\u1ebft \u0111\u1ec3 x\u00e2y d\u1ef1ng s\u00e2n tennis d\u00e2n c\u01b0<\/a><\/li><li><a href=\"https:\/\/arturf.com\/vi\/knowledge-hub\/silica-sand-for-artificial-grass-infill\/\">C\u00e1t Silica cho l\u1edbp ph\u1ee7 c\u1ecf nh\u00e2n t\u1ea1o: N\u00e2ng cao hi\u1ec7u su\u1ea5t v\u00e0 t\u00ednh b\u1ec1n v\u1eefng<\/a><\/li><li><a href=\"https:\/\/arturf.com\/vi\/knowledge-hub\/artificial-grass-logo\/\">Logo c\u1ecf nh\u00e2n t\u1ea1o: N\u00e2ng cao nh\u1eadn di\u1ec7n th\u01b0\u01a1ng hi\u1ec7u c\u1ee7a b\u1ea1n<\/a><\/li><li><a href=\"https:\/\/arturf.com\/vi\/knowledge-hub\/how-to-remove-static-electricity-from-artificial-grass\/\">C\u00e1ch lo\u1ea1i b\u1ecf t\u0129nh \u0111i\u1ec7n kh\u1ecfi c\u1ecf nh\u00e2n t\u1ea1o: M\u1eb9o v\u00e0 gi\u1ea3i ph\u00e1p<\/a><\/li><li><a href=\"https:\/\/arturf.com\/vi\/knowledge-hub\/exploring-artificial-turf-yarn-shapes\/\">H\u00ecnh d\u1ea1ng s\u1ee3i c\u1ecf nh\u00e2n t\u1ea1o: T\u0103ng c\u01b0\u1eddng s\u1ee9c m\u1ea1nh, kh\u1ea3 n\u0103ng ph\u1ee5c h\u1ed3i v\u00e0 v\u1ebb ngo\u00e0i t\u1ef1 nhi\u00ean<\/a><\/li><li><a href=\"https:\/\/arturf.com\/vi\/knowledge-hub\/how-to-select-appropriate-lighting-for-your-sports-fields\/\">H\u01b0\u1edbng d\u1eabn \u0111\u1ea7y \u0111\u1ee7 v\u1ec1 c\u00e1ch l\u1ef1a ch\u1ecdn \u0111\u00e8n chi\u1ebfu s\u00e1ng s\u00e2n th\u1ec3 thao<\/a><\/li><li><a href=\"https:\/\/arturf.com\/vi\/knowledge-hub\/what-is-pickleball-a-complete-guide-to-the-fastest-growing-sport\/\">Pickleball l\u00e0 g\u00ec? H\u01b0\u1edbng d\u1eabn \u0111\u1ea7y \u0111\u1ee7 v\u1ec1 m\u00f4n th\u1ec3 thao ph\u00e1t tri\u1ec3n nhanh nh\u1ea5t<\/a><\/li><li><a href=\"https:\/\/arturf.com\/vi\/installation\/artificial-turf-wrinkles\/\">Hi\u1ec7n t\u01b0\u1ee3ng nh\u0103n nh\u00fam tr\u00ean c\u1ecf nh\u00e2n t\u1ea1o: Nguy\u00ean nh\u00e2n, c\u00e1ch kh\u1eafc ph\u1ee5c v\u00e0 c\u00e1c m\u1eb9o ph\u00f2ng ng\u1eeba (H\u01b0\u1edbng d\u1eabn \u0111\u1ea7y \u0111\u1ee7)<\/a><\/li><\/ul>\n\n\t\t<\/div>\n\t\t\t\t\t<\/div>\n\n\t\n\n<\/div>\n\n\t\t<\/div>\n\n\t\t\n<style>\n#section_356040811 {\n  padding-top: 20px;\n  padding-bottom: 20px;\n}\n<\/style>\n\t<\/section>\n\t\n<div class=\"row align-center\"  id=\"row-1183776097\">\n\n\n\t<div id=\"col-531182086\" class=\"col medium-9 small-12 large-9\"  >\n\t\t\t\t<div class=\"col-inner\"  >\n\t\t\t\n\t\t\t\n\n<hr>\n<p>N\u1ebfu b\u1ea1n kh\u00f4ng th\u1ec3 t\u00ecm th\u1ea5y th\u00f4ng tin c\u1ea7n thi\u1ebft ho\u1eb7c c\u00f3 b\u1ea5t k\u1ef3 c\u00e2u h\u1ecfi n\u00e0o v\u1ec1 n\u1ed9i dung, vui l\u00f2ng <a href=\"https:\/\/arturf.com\/vi\/contact\/\">li\u00ean h\u1ec7 ch\u00fang t\u00f4i<\/a>. M\u1ed9t trong nh\u1eefng chuy\u00ean gia v\u1ec1 c\u1ecf nh\u00e2n t\u1ea1o c\u1ee7a ch\u00fang t\u00f4i s\u1ebd li\u00ean h\u1ec7 l\u1ea1i v\u1edbi b\u1ea1n trong th\u1eddi gian s\u1edbm nh\u1ea5t.<\/p>\n\n\t\t<\/div>\n\t\t\t\t\t<\/div>\n\n\t\n\n<\/div>","protected":false},"excerpt":{"rendered":"","protected":false},"author":3,"featured_media":0,"parent":0,"menu_order":21,"comment_status":"closed","ping_status":"closed","template":"page-blank.php","meta":{"_seopress_robots_primary_cat":"","_seopress_titles_title":"Support Hub: Artificial Turf Resources for Buying, Installing, Maintaining","_seopress_titles_desc":"Discover a wealth of resources in our artificial turf support hub. From buyer&#039;s guides to installation and maintenance tips, we&#039;ve got you covered!","_seopress_robots_index":"","footnotes":""},"class_list":["post-1331","page","type-page","status-publish","hentry"],"_links":{"self":[{"href":"https:\/\/arturf.com\/vi\/wp-json\/wp\/v2\/pages\/1331","targetHints":{"allow":["GET"]}}],"collection":[{"href":"https:\/\/arturf.com\/vi\/wp-json\/wp\/v2\/pages"}],"about":[{"href":"https:\/\/arturf.com\/vi\/wp-json\/wp\/v2\/types\/page"}],"author":[{"embeddable":true,"href":"https:\/\/arturf.com\/vi\/wp-json\/wp\/v2\/users\/3"}],"replies":[{"embeddable":true,"href":"https:\/\/arturf.com\/vi\/wp-json\/wp\/v2\/comments?post=1331"}],"version-history":[{"count":0,"href":"https:\/\/arturf.com\/vi\/wp-json\/wp\/v2\/pages\/1331\/revisions"}],"wp:attachment":[{"href":"https:\/\/arturf.com\/vi\/wp-json\/wp\/v2\/media?parent=1331"}],"curies":[{"name":"wp","href":"https:\/\/api.w.org\/{rel}","templated":true}]}}