{"id":1336,"date":"2011-04-12T03:08:19","date_gmt":"2011-04-11T19:08:19","guid":{"rendered":"https:\/\/arturf.com\/"},"modified":"2023-07-19T08:35:43","modified_gmt":"2023-07-19T00:35:43","slug":"dealer","status":"publish","type":"page","link":"https:\/\/arturf.com\/vi\/contact\/dealer\/","title":{"rendered":"C\u01a1 h\u1ed9i \u0111\u1ea1i l\u00fd"},"content":{"rendered":"<div class=\"banner has-hover\" id=\"banner-2057577392\">\n          <div class=\"banner-inner fill\">\n        <div class=\"banner-bg fill\" >\n            <img loading=\"lazy\" decoding=\"async\" width=\"1020\" height=\"325\" src=\"https:\/\/arturf.com\/wp-content\/uploads\/2020\/08\/Arturf-Artificial-Grass-Dealer-1024x326.jpg\" class=\"bg attachment-large size-large\" alt=\"\" \/>                        <div class=\"overlay\"><\/div>            \n                    <\/div>\n\t\t\n        <div class=\"banner-layers container\">\n            <div class=\"fill banner-link\"><\/div>            \n\n   <div id=\"text-box-2134922409\" class=\"text-box banner-layer x50 md-x50 lg-x50 y50 md-y50 lg-y50 res-text\">\n                                <div class=\"text-box-content text dark\">\n              \n              <div class=\"text-inner text-center\">\n                  \n\n\t<div id=\"text-3246850323\" class=\"text\">\n\t\t\n\n<h3>\u0110\u1ed1i t\u00e1c kinh doanh c\u1ecf nh\u00e2n t\u1ea1o \u0111\u00e1ng tin c\u1eady c\u1ee7a b\u1ea1n<\/h3>\n\t\t\n<style>\n#text-3246850323 {\n  font-size: 1rem;\n}\n@media (min-width:550px) {\n  #text-3246850323 {\n    font-size: 1.5rem;\n  }\n}\n<\/style>\n\t<\/div>\n\t\n\n              <\/div>\n           <\/div>\n                            \n<style>\n#text-box-2134922409 {\n  width: 60%;\n}\n#text-box-2134922409 .text-box-content {\n  font-size: 100%;\n}\n@media (min-width:550px) {\n  #text-box-2134922409 {\n    width: 40%;\n  }\n}\n<\/style>\n    <\/div>\n \n\n        <\/div>\n      <\/div>\n\n            \n<style>\n#banner-2057577392 {\n  padding-top: 400px;\n}\n#banner-2057577392 .overlay {\n  background-color: rgba(0, 0, 0, 0.35);\n}\n<\/style>\n  <\/div>\n\n\n\n\t<section class=\"section\" id=\"section_1089401365\">\n\t\t<div class=\"section-bg fill\" >\n\t\t\t\t\t\t\t\t\t\n\t\t\t\n\n\t\t<\/div>\n\n\t\t\n\n\t\t<div class=\"section-content relative\">\n\t\t\t\n\n\t<div id=\"gap-1801804227\" class=\"gap-element clearfix\" style=\"display:block; height:auto;\">\n\t\t\n<style>\n#gap-1801804227 {\n  padding-top: 40px;\n}\n<\/style>\n\t<\/div>\n\t\n\n<div class=\"row align-center\"  id=\"row-2132103299\">\n\n\n\t<div id=\"col-284400842\" class=\"col medium-4 small-12 large-4\"  >\n\t\t\t\t<div class=\"col-inner\"  >\n\t\t\t\n\t\t\t\n\n<h1 class=\"uppercase\"><span style=\"font-size: 150%;\">tr\u1edf th\u00e0nh m\u1ed9t \u0111\u1ea1i l\u00fd<\/span><\/h1>\n<p>X\u00e2y d\u1ef1ng doanh nghi\u1ec7p c\u1ee7a b\u1ea1n tr\u00ean vai c\u1ee7a m\u1ed9t nh\u00e0 s\u1ea3n xu\u1ea5t c\u1ecf nh\u00e2n t\u1ea1o h\u00e0ng \u0111\u1ea7u.\u00a0<\/p>\n\n\t\t<\/div>\n\t\t\t\t\t<\/div>\n\n\t\n\n\t<div id=\"col-1081895438\" class=\"col medium-8 small-12 large-8\"  >\n\t\t\t\t<div class=\"col-inner\"  >\n\t\t\t\n\t\t\t\n\n<p style=\"text-align: left;\">B\u1ea1n \u0111ang mu\u1ed1n nh\u1eadp c\u1ecf nh\u00e2n t\u1ea1o \u0111\u1ec3 c\u00f3 l\u1ee3i nhu\u1eadn cao h\u01a1n l\u00e0 t\u00ecm ngu\u1ed3n cung \u1ee9ng t\u1ea1i \u0111\u1ecba ph\u01b0\u01a1ng?<br \/>B\u1ea1n \u0111ang t\u00ecm ki\u1ebfm m\u1ed9t nh\u00e0 cung c\u1ea5p \u0111\u00e1ng tin c\u1eady h\u01a1n cho nhu c\u1ea7u c\u1ecf nh\u00e2n t\u1ea1o c\u1ee7a m\u00ecnh?<br \/>B\u1ea1n quan t\u00e2m \u0111\u1ebfn c\u01a1 h\u1ed9i kinh doanh b\u00e1n th\u1eddi gian hay to\u00e0n th\u1eddi gian?<br \/>B\u1ea1n \u0111ang c\u00e2n nh\u1eafc vi\u1ec7c th\u00eam c\u1ecf nh\u00e2n t\u1ea1o nh\u01b0 m\u1ed9t ho\u1ea1t \u0111\u1ed9ng ph\u1ee5 sinh l\u1ee3i cho doanh nghi\u1ec7p hi\u1ec7n t\u1ea1i c\u1ee7a m\u00ecnh?<\/p>\n<p style=\"text-align: left;\">Kh\u00f4ng c\u1ea7n t\u00ecm \u0111\u00e2u xa h\u01a1n Arturf!<\/p>\n<h3 style=\"text-align: left;\">Khi h\u1ee3p t\u00e1c v\u1edbi ch\u00fang t\u00f4i, b\u1ea1n s\u1ebd \u0111\u01b0\u1ee3c h\u01b0\u1edfng nh\u1eefng l\u1ee3i \u00edch \u0111\u1ea1i l\u00fd sau:<\/h3>\n<ol>\n<li>\u0110\u1ea3m b\u1ea3o ch\u1ea5t l\u01b0\u1ee3ng \u1ed5n \u0111\u1ecbnh: Ch\u1ea5t l\u01b0\u1ee3ng \u1ed5n \u0111\u1ecbnh v\u00e0 nh\u1ea5t qu\u00e1n c\u1ee7a ch\u00fang t\u00f4i \u0111\u1ea3m b\u1ea3o s\u1ef1 an t\u00e2m.<\/li>\n<li>Gi\u00e1 \u0111\u1ea1i l\u00fd c\u1ea1nh tranh: B\u1ea3o \u0111\u1ea3m c\u1ecf nh\u00e2n t\u1ea1o v\u1edbi gi\u00e1 c\u1ea1nh tranh \u0111\u1ec3 t\u1ed1i \u0111a h\u00f3a l\u1ee3i th\u1ebf th\u1ecb tr\u01b0\u1eddng c\u1ee7a b\u1ea1n.<\/li>\n<li>T\u00f9y ch\u1ecdn t\u00f9y ch\u1ec9nh: T\u1eadn h\u01b0\u1edfng s\u1ef1 ti\u1ec7n l\u1ee3i c\u1ee7a c\u00e1c d\u1ecbch v\u1ee5 OEM\/ODM c\u1ee7a ch\u00fang t\u00f4i, <a href=\"https:\/\/arturf.com\/vi\/info\/customized-artificial-grass-products\/\">may s\u1ea3n ph\u1ea9m c\u1ecf nh\u00e2n t\u1ea1o<\/a> ri\u00eang cho doanh nghi\u1ec7p c\u1ee7a b\u1ea1n. T\u1eadn d\u1ee5ng ki\u1ebfn th\u1ee9c chuy\u00ean m\u00f4n c\u1ee7a ch\u00fang t\u00f4i \u0111\u1ec3 \u0111\u1ec1 xu\u1ea5t c\u00e1c s\u1ea3n ph\u1ea9m ph\u00f9 h\u1ee3p cho th\u1ecb tr\u01b0\u1eddng c\u1ee7a b\u1ea1n ho\u1eb7c cung c\u1ea5p cho ch\u00fang t\u00f4i c\u00e1c m\u1eabu \u0111\u1ec3 sao ch\u00e9p (\u0111\u1ea3m b\u1ea3o kh\u00f4ng vi ph\u1ea1m b\u1eb1ng s\u00e1ng ch\u1ebf).<\/li>\n<li>H\u1ed7 tr\u1ee3 t\u00e0i ch\u00ednh cho c\u00e1c \u0111\u1ea1i l\u00fd VIP: H\u1ed7 tr\u1ee3 t\u00e0i ch\u00ednh \u0111\u1ed9c quy\u1ec1n d\u00e0nh cho c\u00e1c \u0111\u1ed1i t\u00e1c quan tr\u1ecdng c\u1ee7a ch\u00fang t\u00f4i.<\/li>\n<li>\u0110\u1ed9i ng\u0169 chuy\u00ean nghi\u1ec7p t\u1eadn t\u00e2m: Nh\u1eadn h\u1ed7 tr\u1ee3 to\u00e0n di\u1ec7n t\u1eeb \u0111\u1ed9i ng\u0169 gi\u00e0u kinh nghi\u1ec7m c\u1ee7a ch\u00fang t\u00f4i.<\/li>\n<li>H\u1ed7 tr\u1ee3 ti\u1ebfp th\u1ecb: H\u01b0\u1edfng l\u1ee3i t\u1eeb chuy\u00ean m\u00f4n ti\u1ebfp th\u1ecb c\u1ee7a ch\u00fang t\u00f4i, bao g\u1ed3m c\u00e1c \u0111\u1ec1 xu\u1ea5t ph\u00f9 h\u1ee3p, in \u1ea5n t\u00e0i li\u1ec7u ti\u1ebfp th\u1ecb mi\u1ec5n ph\u00ed v\u00e0, n\u1ebfu \u0111\u01b0\u1ee3c y\u00eau c\u1ea7u, m\u1ed9t trang web v\u00e0 d\u1ecbch v\u1ee5 l\u01b0u tr\u1eef mi\u1ec5n ph\u00ed (ho\u1eb7c h\u1ed7 tr\u1ee3 CNTT).<\/li>\n<li>B\u1ea3o h\u00e0nh m\u1ea1nh m\u1ebd: S\u1ea3n ph\u1ea9m c\u1ee7a ch\u00fang t\u00f4i \u0111i k\u00e8m v\u1edbi b\u1ea3o h\u00e0nh \u0111\u00e1ng tin c\u1eady \u0111\u1ec3 t\u0103ng th\u00eam s\u1ef1 h\u00e0i l\u00f2ng c\u1ee7a kh\u00e1ch h\u00e0ng.<\/li>\n<li>V\u00e0 nhi\u1ec1u h\u01a1n n\u1eefa\u2026<\/li>\n<\/ol>\n<p style=\"text-align: left;\">N\u1ebfu b\u1ea1n mu\u1ed1n tr\u1edf th\u00e0nh m\u1ed9t \u0111\u1ea1i l\u00fd c\u1ee7a ch\u00fang t\u00f4i, vui l\u00f2ng \u0111i\u1ec1n v\u00e0o m\u1eabu li\u00ean h\u1ec7 d\u01b0\u1edbi \u0111\u00e2y. Ch\u00fang t\u00f4i s\u1ebd c\u00f3 m\u1ed9t \u0111\u1ea1i di\u1ec7n \u0111\u1ec3 li\u00ean l\u1ea1c v\u1edbi b\u1ea1n trong v\u00f2ng 48 gi\u1edd.<\/p>\n<form id=\"forminator-module-15408\" class=\"forminator-custom-form forminator-custom-form-15408\" method=\"post\" data-forminator-render=\"0\" data-uid=\"69dd0cbc832eb\" action=\"\"><div role=\"alert\" aria-live=\"polite\" class=\"forminator-response-message forminator-error\" aria-hidden=\"true\"><\/div><input type=\"hidden\" name=\"trp-form-language\" value=\"vi\"\/><\/form>\n\n\t\t<\/div>\n\t\t\t\t\t<\/div>\n\n\t\n\n<\/div>\n\n\t\t<\/div>\n\n\t\t\n<style>\n#section_1089401365 {\n  padding-top: 30px;\n  padding-bottom: 30px;\n}\n<\/style>\n\t<\/section>","protected":false},"excerpt":{"rendered":"","protected":false},"author":3,"featured_media":0,"parent":2234,"menu_order":26,"comment_status":"closed","ping_status":"closed","template":"page-blank.php","meta":{"_seopress_robots_primary_cat":"","_seopress_titles_title":"Artificial Grass Dealer Opportunity","_seopress_titles_desc":"Our dealership package can provide complete range of artificial grass products,related materials such as infill-rubber granules,special glue for installation","_seopress_robots_index":"","footnotes":""},"class_list":["post-1336","page","type-page","status-publish","hentry"],"_links":{"self":[{"href":"https:\/\/arturf.com\/vi\/wp-json\/wp\/v2\/pages\/1336","targetHints":{"allow":["GET"]}}],"collection":[{"href":"https:\/\/arturf.com\/vi\/wp-json\/wp\/v2\/pages"}],"about":[{"href":"https:\/\/arturf.com\/vi\/wp-json\/wp\/v2\/types\/page"}],"author":[{"embeddable":true,"href":"https:\/\/arturf.com\/vi\/wp-json\/wp\/v2\/users\/3"}],"replies":[{"embeddable":true,"href":"https:\/\/arturf.com\/vi\/wp-json\/wp\/v2\/comments?post=1336"}],"version-history":[{"count":0,"href":"https:\/\/arturf.com\/vi\/wp-json\/wp\/v2\/pages\/1336\/revisions"}],"up":[{"embeddable":true,"href":"https:\/\/arturf.com\/vi\/wp-json\/wp\/v2\/pages\/2234"}],"wp:attachment":[{"href":"https:\/\/arturf.com\/vi\/wp-json\/wp\/v2\/media?parent=1336"}],"curies":[{"name":"wp","href":"https:\/\/api.w.org\/{rel}","templated":true}]}}