{"id":13630,"date":"2021-01-05T21:12:52","date_gmt":"2021-01-05T13:12:52","guid":{"rendered":"https:\/\/arturf.com\/?page_id=13630"},"modified":"2023-08-25T21:55:53","modified_gmt":"2023-08-25T13:55:53","slug":"wall-grass","status":"publish","type":"page","link":"https:\/\/arturf.com\/vi\/landscape\/wall-grass\/","title":{"rendered":"C\u1ecf t\u01b0\u1eddng"},"content":{"rendered":"<section class=\"section dark has-scroll-for-more\" id=\"section_1091884688\">\n\t\t<div class=\"section-bg fill\" >\n\t\t\t<img loading=\"lazy\" decoding=\"async\" width=\"1500\" height=\"681\" src=\"https:\/\/arturf.com\/wp-content\/uploads\/2021\/01\/Artificial-Hedge-Wall-HX.jpg\" class=\"bg attachment- size-\" alt=\"\" \/>\t\t\t\t\t\t<div class=\"section-bg-overlay absolute fill\"><\/div><button class=\"scroll-for-more z-5 icon absolute bottom h-center\" aria-label=\"Cu\u1ed9n \u0111\u1ec3 xem th\u00eam\"><i class=\"icon-angle-down\" aria-hidden=\"true\" style=\"font-size:42px;\"><\/i><\/button><div class=\"effect-rain bg-effect fill no-click\"><\/div>\n\t\t\t\n\n\t\t<\/div>\n\n\t\t\n\n\t\t<div class=\"section-content relative\">\n\t\t\t\n\n<div class=\"row\"  id=\"row-248014389\">\n\n\n\t<div id=\"col-876964640\" class=\"col small-12 large-12\"  >\n\t\t\t\t<div class=\"col-inner\"  >\n\t\t\t\n\t\t\t\n\n<p><a href=\"https:\/\/arturf.com\/vi\/\">Trang Ch\u1ee7<\/a> \/ <a href=\"https:\/\/arturf.com\/vi\/landscape\/wall-grass\/\">C\u1ecf t\u01b0\u1eddng \/<\/a> <a href=\"https:\/\/arturf.com\/vi\/products\/artificial-hedge\/\">C\u00e1c s\u1ea3n ph\u1ea9m<\/a><\/p>\n\n\t\t<\/div>\n\t\t\t\t\t<\/div>\n\n\t\n\n<\/div>\n<div class=\"row\"  id=\"row-1279470389\">\n\n\n\t<div id=\"col-200765667\" class=\"col medium-8 small-12 large-6\"  >\n\t\t\t\t<div class=\"col-inner\"  >\n\t\t\t\n\t\t\t\n\n<h1 style=\"font-size: 300%;\">C\u1ecf t\u01b0\u1eddng &amp; h\u00e0ng r\u00e0o nh\u00e2n t\u1ea1o<\/h1>\n<p>C\u1ecf nh\u00e2n t\u1ea1o \u0111\u00e3 tr\u1edf n\u00ean ph\u1ed5 bi\u1ebfn. H\u00e0ng r\u00e0o nh\u00e2n t\u1ea1o, h\u00e0ng r\u00e0o nh\u00e2n t\u1ea1o, c\u1ecf t\u01b0\u1eddng nh\u00e2n t\u1ea1o c\u0169ng ng\u00e0y c\u00e0ng tr\u1edf n\u00ean ph\u1ed5 bi\u1ebfn. B\u00ean c\u1ea1nh s\u1ea3n xu\u1ea5t c\u1ecf nh\u00e2n t\u1ea1o, ch\u00fang t\u00f4i cung c\u1ea5p h\u00e0ng r\u00e0o nh\u00e2n t\u1ea1o th\u01b0\u01a1ng m\u1ea1i, h\u00e0ng r\u00e0o nh\u00e2n t\u1ea1o, c\u1ecf t\u01b0\u1eddng v\u00e0 c\u00e2y tr\u1ed3ng.<\/p>\n\n\t\t<\/div>\n\t\t\t\t\t<\/div>\n\n\t\n\n<\/div>\n\n\t\t<\/div>\n\n\t\t\n<style>\n#section_1091884688 {\n  padding-top: 20px;\n  padding-bottom: 20px;\n}\n#section_1091884688 .section-bg-overlay {\n  background-color: rgba(0,0,0,.5);\n}\n<\/style>\n\t<\/section>\n\t\n\n\t<section class=\"section\" id=\"section_370986023\">\n\t\t<div class=\"section-bg fill\" >\n\t\t\t\t\t\t\t\t\t\n\t\t\t\n\n\t\t<\/div>\n\n\t\t\n\n\t\t<div class=\"section-content relative\">\n\t\t\t\n\n<div class=\"row\"  id=\"row-988928884\">\n\n\n\t<div id=\"col-181617332\" class=\"col small-12 large-12\"  >\n\t\t\t\t<div class=\"col-inner\"  >\n\t\t\t\n\t\t\t\n\n<div class=\"row row-collapse align-middle\"  id=\"row-958392263\">\n\n\n\t<div id=\"col-298335887\" class=\"col medium-5 small-12 large-4\"  >\n\t\t\t\t<div class=\"col-inner\"  >\n\t\t\t\n\t\t\t\n\n\n  <div class=\"banner has-hover\" id=\"banner-749524721\">\n          <div class=\"banner-inner fill\">\n        <div class=\"banner-bg fill\" >\n            <img loading=\"lazy\" decoding=\"async\" width=\"700\" height=\"700\" src=\"https:\/\/arturf.com\/wp-content\/uploads\/2021\/01\/Artificial-Boxwood-Hedges.jpg\" class=\"bg attachment-original size-original\" alt=\"\" \/>                                    \n                    <\/div>\n\t\t\n        <div class=\"banner-layers container\">\n            <div class=\"fill banner-link\"><\/div>            \n\n\n        <\/div>\n      <\/div>\n\n            \n<style>\n#banner-749524721 {\n  padding-top: 400px;\n  background-color: rgb(244, 244, 244);\n}\n@media (min-width:550px) {\n  #banner-749524721 {\n    padding-top: 500px;\n  }\n}\n<\/style>\n  <\/div>\n\n\n\n\t\t<\/div>\n\t\t\t\t\t<\/div>\n\n\t\n\n\t<div id=\"col-1250875070\" class=\"col team-sorted-info medium-7 small-12 large-8\"  >\n\t\t\t\t<div class=\"col-inner\"  >\n\t\t\t\n\t\t\t\n\n<h2>Th\u1ea3m h\u00e0ng r\u00e0o nh\u00e2n t\u1ea1o<\/h2>\n\t<div id=\"gap-1612774104\" class=\"gap-element clearfix\" style=\"display:block; height:auto;\">\n\t\t\n<style>\n#gap-1612774104 {\n  padding-top: 5px;\n}\n<\/style>\n\t<\/div>\n\t\n\n<p>Th\u1ea3m h\u00e0ng r\u00e0o v\u00e0 h\u00e0ng r\u00e0o nh\u00e2n t\u1ea1o c\u1ee7a ch\u00fang t\u00f4i \u0111\u01b0\u1ee3c l\u00e0m b\u1eb1ng nh\u1eefng chi\u1ebfc l\u00e1 \u0111\u01a1n gi\u1ea3n nh\u01b0ng s\u1ed1ng \u0111\u1ed9ng nh\u01b0 th\u1eadt v\u00e0 kh\u00f4ng bao gi\u1edd l\u1ed7i m\u1ed1t. Ch\u00fang c\u00f3 th\u1ec3 \u0111\u01b0\u1ee3c c\u1eaft \u0111\u1ec3 ph\u00f9 h\u1ee3p v\u1edbi c\u00e1c khu v\u1ef1c b\u1ea5t th\u01b0\u1eddng v\u00e0 c\u00f3 th\u1ec3 \u0111\u01b0\u1ee3c l\u1eafp \u0111\u1eb7t d\u1ec5 d\u00e0ng tr\u00ean c\u00e1c b\u1ec1 m\u1eb7t cong ho\u1eb7c nh\u1ea5p nh\u00f4. B\u1ea5t k\u1ec3 quy m\u00f4, h\u00ecnh d\u1ea1ng hay quy m\u00f4 d\u1ef1 \u00e1n c\u1ee7a b\u1ea1n, th\u1ea3m h\u00e0ng r\u00e0o nh\u00e2n t\u1ea1o c\u1ee7a ch\u00fang t\u00f4i l\u00e0 c\u00e1ch ho\u00e0n h\u1ea3o \u0111\u1ec3 mang l\u1ea1i m\u00e0u xanh t\u01b0\u01a1i t\u1ed1t c\u1ee7a h\u00e0ng r\u00e0o sang tr\u1ecdng cho b\u1ea5t k\u1ef3 kh\u00f4ng gian n\u00e0o.<\/p>\n<div class=\"is-divider divider clearfix\" style=\"margin-top:1.2em;margin-bottom:1.2em;max-width:100%;height:2px;background-color:rgba(0, 0, 0, 0.09);\"><\/div>\n\n<div class=\"row row-small\"  id=\"row-1078652202\">\n\n\n\t<div id=\"col-509943278\" class=\"col medium-12 small-12 large-7\"  >\n\t\t\t\t<div class=\"col-inner\"  >\n\t\t\t\n\t\t\t\n\n\n\t\t<\/div>\n\t\t\t\t\t<\/div>\n\n\t\n\n\t<div id=\"col-823311547\" class=\"col medium-12 small-12 large-5\"  >\n\t\t\t\t<div class=\"col-inner\"  >\n\t\t\t\n\t\t\t\n\n<a href=\"https:\/\/arturf.com\/vi\/product\/artificial-hedge-mats\/\" class=\"button secondary lowercase expand\" >\n\t\t<span>Th\u00f4ng tin chi ti\u1ebft s\u1ea3n ph\u1ea9m<\/span>\n\t<i class=\"icon-angle-right\" aria-hidden=\"true\"><\/i><\/a>\n\n\n\n\t\t<\/div>\n\t\t\t\t\t<\/div>\n\n\t\n\n<\/div>\n\n\t\t<\/div>\n\t\t\t\t\n<style>\n#col-1250875070 > .col-inner {\n  padding: 40px 40px 40px 40px;\n}\n<\/style>\n\t<\/div>\n\n\t\n\n<\/div>\n\n\t\t<\/div>\n\t\t\t\t\n<style>\n#col-181617332 > .col-inner {\n  margin: 10px 0px 10px 0px;\n}\n<\/style>\n\t<\/div>\n\n\t\n\n\n<style>\n#row-988928884 > .col > .col-inner {\n  background-color: rgb(255,255,255);\n}\n<\/style>\n<\/div>\n<div class=\"row\"  id=\"row-1312989653\">\n\n\n\t<div id=\"col-2032163105\" class=\"col small-12 large-12\"  >\n\t\t\t\t<div class=\"col-inner\"  >\n\t\t\t\n\t\t\t\n\n<div class=\"row row-collapse align-middle\"  id=\"row-308331348\">\n\n\n\t<div id=\"col-512911267\" class=\"col team-sorted-info medium-7 small-12 large-8\"  >\n\t\t\t\t<div class=\"col-inner\"  >\n\t\t\t\n\t\t\t\n\n<h2>T\u1ea5m v\u01b0\u1eddn th\u1eb3ng \u0111\u1ee9ng<\/h2>\n\t<div id=\"gap-1629684615\" class=\"gap-element clearfix\" style=\"display:block; height:auto;\">\n\t\t\n<style>\n#gap-1629684615 {\n  padding-top: 5px;\n}\n<\/style>\n\t<\/div>\n\t\n\n<p>Hi\u1ec7u \u1ee9ng 3D tuy\u1ec7t v\u1eddi c\u1ee7a nh\u1eefng t\u1ea5m h\u00e0ng r\u00e0o nh\u00e2n t\u1ea1o nhi\u1ec7t \u0111\u1edbi n\u00e0y \u0111\u01b0\u1ee3c t\u1ea1o ra b\u1edfi c\u00e1c k\u00edch th\u01b0\u1edbc, \u0111\u1ed9 s\u00e2u v\u00e0 ki\u1ec3u d\u00e1ng kh\u00e1c nhau c\u1ee7a th\u1ef1c v\u1eadt c\u00f3 trong thi\u1ebft k\u1ebf. C\u00e2y c\u1ed1i n\u00e2ng l\u00ean v\u00e0 r\u1eddi kh\u1ecfi b\u1ea3ng \u0111i\u1ec1u khi\u1ec3n v\u00e0 t\u1ea1o cho b\u1ee9c t\u01b0\u1eddng xanh th\u00eam chi\u1ec1u s\u00e2u v\u00e0 hi\u1ec7n th\u1ef1c.<\/p>\n<p>L\u00fd t\u01b0\u1edfng cho c\u00e1c b\u1ee9c t\u01b0\u1eddng xanh nh\u00e2n t\u1ea1o trong v\u0103n ph\u00f2ng, nh\u00e0 \u1edf, c\u1eeda h\u00e0ng, kh\u00e1ch s\u1ea1n, qu\u00e1n bar, qu\u00e1n c\u00e0 ph\u00ea &amp; nh\u00e0 h\u00e0ng. Tuy\u1ec7t v\u1eddi cho gian h\u00e0ng tri\u1ec3n l\u00e3m, s\u1ef1 ki\u1ec7n c\u00f4ng ty, \u0111\u00e1m c\u01b0\u1edbi v\u00e0 c\u00e1c s\u1ef1 ki\u1ec7n ri\u00eang t\u01b0 kh\u00e1c, c\u0169ng nh\u01b0 ph\u00f4ng n\u1ec1n tuy\u1ec7t \u0111\u1eb9p cho logo, b\u1ea3ng hi\u1ec7u \u0111\u00e8n neon v\u00e0 ch\u1eef.<\/p>\n<div class=\"is-divider divider clearfix\" style=\"margin-top:1.2em;margin-bottom:1.2em;max-width:100%;height:2px;background-color:rgba(0, 0, 0, 0.09);\"><\/div>\n\n<div class=\"row row-small\"  id=\"row-569956154\">\n\n\n\t<div id=\"col-1015670718\" class=\"col medium-12 small-12 large-5\"  >\n\t\t\t\t<div class=\"col-inner\"  >\n\t\t\t\n\t\t\t\n\n<a href=\"https:\/\/arturf.com\/vi\/product\/vertical-garden-panels\/\" class=\"button secondary lowercase expand\" >\n\t\t<span>Th\u00f4ng tin chi ti\u1ebft s\u1ea3n ph\u1ea9m<\/span>\n\t<i class=\"icon-angle-right\" aria-hidden=\"true\"><\/i><\/a>\n\n\n\n\t\t<\/div>\n\t\t\t\t\t<\/div>\n\n\t\n\n\t<div id=\"col-367019045\" class=\"col medium-12 small-12 large-7\"  >\n\t\t\t\t<div class=\"col-inner\"  >\n\t\t\t\n\t\t\t\n\n\n\t\t<\/div>\n\t\t\t\t\t<\/div>\n\n\t\n\n<\/div>\n\n\t\t<\/div>\n\t\t\t\t\n<style>\n#col-512911267 > .col-inner {\n  padding: 40px 40px 40px 40px;\n}\n<\/style>\n\t<\/div>\n\n\t\n\n\t<div id=\"col-2143848487\" class=\"col medium-5 small-12 large-4 small-col-first\"  >\n\t\t\t\t<div class=\"col-inner\"  >\n\t\t\t\n\t\t\t\n\n\n  <div class=\"banner has-hover\" id=\"banner-15259962\">\n          <div class=\"banner-inner fill\">\n        <div class=\"banner-bg fill\" >\n            <img loading=\"lazy\" decoding=\"async\" width=\"600\" height=\"838\" src=\"https:\/\/arturf.com\/wp-content\/uploads\/2021\/01\/3D-Vertical-Garden-Panel.jpg\" class=\"bg attachment-original size-original\" alt=\"\" \/>                                    \n                    <\/div>\n\t\t\n        <div class=\"banner-layers container\">\n            <div class=\"fill banner-link\"><\/div>            \n\n\n        <\/div>\n      <\/div>\n\n            \n<style>\n#banner-15259962 {\n  padding-top: 400px;\n  background-color: rgb(244, 244, 244);\n}\n@media (min-width:550px) {\n  #banner-15259962 {\n    padding-top: 500px;\n  }\n}\n<\/style>\n  <\/div>\n\n\n\n\t\t<\/div>\n\t\t\t\t\t<\/div>\n\n\t\n\n<\/div>\n\n\t\t<\/div>\n\t\t\t\t\n<style>\n#col-2032163105 > .col-inner {\n  margin: 10px 0px 10px 0px;\n}\n<\/style>\n\t<\/div>\n\n\t\n\n\n<style>\n#row-1312989653 > .col > .col-inner {\n  background-color: rgb(255,255,255);\n}\n<\/style>\n<\/div>\n\n\t\t<\/div>\n\n\t\t\n<style>\n#section_370986023 {\n  padding-top: 60px;\n  padding-bottom: 60px;\n  background-color: rgb(228, 228, 228);\n}\n<\/style>\n\t<\/section>\n\t\n<div class=\"row\"  id=\"row-308420280\">\n\n\n\t<div id=\"col-1233085207\" class=\"col medium-4 small-12 large-4\"  >\n\t\t\t\t<div class=\"col-inner\"  >\n\t\t\t\n\t\t\t\n\n<h3 style=\"text-align: center;\">100% PE t\u01b0\u01a1i<\/h3>\n<p style=\"text-align: center;\">\u0110\u01b0\u1ee3c l\u00e0m t\u1eeb polyethylene cao c\u1ea5p. V\u1eadt li\u1ec7u t\u01b0\u01a1i 100% \u0111\u1ea3m b\u1ea3o h\u00e0ng r\u00e0o nh\u00e2n t\u1ea1o c\u1ee7a ch\u00fang t\u00f4i c\u00f3 tu\u1ed5i th\u1ecd l\u00e2u d\u00e0i.<\/p>\n\n\t\t<\/div>\n\t\t\t\t\t<\/div>\n\n\t\n\n\t<div id=\"col-1558908837\" class=\"col medium-4 small-12 large-4\"  >\n\t\t\t\t<div class=\"col-inner\"  >\n\t\t\t\n\t\t\t\n\n<h3 style=\"text-align: center;\">UV \u1ed5n \u0111\u1ecbnh<\/h3>\n<p style=\"text-align: center;\">H\u00e0ng r\u00e0o nh\u00e2n t\u1ea1o ch\u1ed1ng tia UV (C\u00f3 ho\u1eb7c t\u00f9y ch\u1ecdn) \u0111\u01b0\u1ee3c thi\u1ebft k\u1ebf \u0111\u1ec3 gi\u1eef cho c\u00e2y c\u1ee7a b\u1ea1n s\u1ed1ng l\u00e2u h\u01a1n v\u00e0 \u0111\u1ea7y m\u00e0u s\u1eafc.<\/p>\n\n\t\t<\/div>\n\t\t\t\t\t<\/div>\n\n\t\n\n\t<div id=\"col-222359931\" class=\"col medium-4 small-12 large-4\"  >\n\t\t\t\t<div class=\"col-inner\"  >\n\t\t\t\n\t\t\t\n\n<h3 style=\"text-align: center;\">S\u1ed1ng \u0111\u1ed9ng nh\u01b0 th\u1eadt<\/h3>\n<p style=\"text-align: center;\">M\u1ed7i chi\u1ebfc l\u00e1 \u0111\u1ec1u \u0111\u01b0\u1ee3c \u0111\u00fac ri\u00eang, \u0111\u1ea3m b\u1ea3o r\u1eb1ng s\u1ea3n ph\u1ea9m cu\u1ed1i c\u00f9ng g\u1ea7n nh\u01b0 kh\u00f4ng th\u1ec3 ph\u00e2n bi\u1ec7t \u0111\u01b0\u1ee3c v\u1edbi h\u00e0ng r\u00e0o th\u1ef1c t\u1ebf.<\/p>\n\n\t\t<\/div>\n\t\t\t\t\t<\/div>\n\n\t\n\n<\/div>\n\n\t<section class=\"section dark\" id=\"section_1135575450\">\n\t\t<div class=\"section-bg fill\" >\n\t\t\t\t\t\t\t\t\t\n\t\t\t\n\n\t\t<\/div>\n\n\t\t\n\n\t\t<div class=\"section-content relative\">\n\t\t\t\n\n<div class=\"row\"  id=\"row-1783803911\">\n\n\n\t<div id=\"col-105448770\" class=\"col medium-8 small-12 large-6\"  >\n\t\t\t\t<div class=\"col-inner\"  >\n\t\t\t\n\t\t\t\n\n<h3 style=\"font-size: 250%;\">Y\u00eau c\u1ea7u c\u00e1c m\u1eabu v\u00e0 b\u00e1o gi\u00e1 mi\u1ec5n ph\u00ed ngay h\u00f4m nay!<\/h3>\n<p>H\u00e3y li\u00ean l\u1ea1c v\u1edbi ch\u00fang t\u00f4i \u0111\u1ec3 nh\u1eadn c\u00e1c m\u1eabu h\u00e0ng r\u00e0o nh\u00e2n t\u1ea1o mi\u1ec5n ph\u00ed v\u00e0 nh\u1eadn b\u00e1o gi\u00e1 mi\u1ec5n ph\u00ed. Ch\u00fang t\u00f4i \u0111\u00e1nh gi\u00e1 cao s\u1ef1 quan t\u00e2m c\u1ee7a b\u1ea1n \u0111\u1ed1i v\u1edbi c\u00e1c s\u1ea3n ph\u1ea9m c\u1ee7a ch\u00fang t\u00f4i v\u00e0 cam k\u1ebft cung c\u1ea5p d\u1ecbch v\u1ee5 kh\u00e1ch h\u00e0ng xu\u1ea5t s\u1eafc.<\/p>\n<a href=\"mailto:info@arturf.com\" class=\"button white lowercase\" >\n\t\t<span>hedge@arturf.com<\/span>\n\t<\/a>\n\n\n\n\t\t<\/div>\n\t\t\t\t\n<style>\n#col-105448770 > .col-inner {\n  padding: 30px 0px 0px 0px;\n}\n<\/style>\n\t<\/div>\n\n\t\n\n\t<div id=\"col-741908946\" class=\"col medium-8 small-12 large-6\"  >\n\t\t\t\t<div class=\"col-inner\"  >\n\t\t\t\n\t\t\t\n\n<form id=\"forminator-module-15348\" class=\"forminator-custom-form forminator-custom-form-15348\" method=\"post\" data-forminator-render=\"0\" data-uid=\"69e1b68b0d05f\" action=\"\"><div role=\"alert\" aria-live=\"polite\" class=\"forminator-response-message forminator-error\" aria-hidden=\"true\"><\/div><input type=\"hidden\" name=\"trp-form-language\" value=\"vi\"\/><\/form>\n<p><em>\u0110\u1ec3 bi\u1ebft th\u00f4ng tin chi ti\u1ebft, vui l\u00f2ng truy c\u1eadp trang web d\u00e0nh ri\u00eang cho <a href=\"https:\/\/pandagreens.com\/\">h\u00e0ng r\u00e0o nh\u00e2n t\u1ea1o<\/a><\/em><\/p>\n\n\t\t<\/div>\n\t\t\t\t\n<style>\n#col-741908946 > .col-inner {\n  padding: 30px 0px 0px 0px;\n}\n<\/style>\n\t<\/div>\n\n\t\n\n<\/div>\n\n\t\t<\/div>\n\n\t\t\n<style>\n#section_1135575450 {\n  padding-top: 60px;\n  padding-bottom: 60px;\n  background-color: rgb(43, 43, 43);\n}\n<\/style>\n\t<\/section>","protected":false},"excerpt":{"rendered":"","protected":false},"author":3,"featured_media":0,"parent":6461,"menu_order":0,"comment_status":"closed","ping_status":"closed","template":"page-blank-landingpage.php","meta":{"_seopress_robots_primary_cat":"","_seopress_titles_title":"Artificial Hedge Mats-Vertical Garden Panels-Wall Grass","_seopress_titles_desc":"We provide commercial-grade artificial hedges and plants at unbeatable price. Reliable artificial hedge manufacturer located in China.","_seopress_robots_index":"","footnotes":""},"class_list":["post-13630","page","type-page","status-publish","hentry"],"_links":{"self":[{"href":"https:\/\/arturf.com\/vi\/wp-json\/wp\/v2\/pages\/13630","targetHints":{"allow":["GET"]}}],"collection":[{"href":"https:\/\/arturf.com\/vi\/wp-json\/wp\/v2\/pages"}],"about":[{"href":"https:\/\/arturf.com\/vi\/wp-json\/wp\/v2\/types\/page"}],"author":[{"embeddable":true,"href":"https:\/\/arturf.com\/vi\/wp-json\/wp\/v2\/users\/3"}],"replies":[{"embeddable":true,"href":"https:\/\/arturf.com\/vi\/wp-json\/wp\/v2\/comments?post=13630"}],"version-history":[{"count":0,"href":"https:\/\/arturf.com\/vi\/wp-json\/wp\/v2\/pages\/13630\/revisions"}],"up":[{"embeddable":true,"href":"https:\/\/arturf.com\/vi\/wp-json\/wp\/v2\/pages\/6461"}],"wp:attachment":[{"href":"https:\/\/arturf.com\/vi\/wp-json\/wp\/v2\/media?parent=13630"}],"curies":[{"name":"wp","href":"https:\/\/api.w.org\/{rel}","templated":true}]}}