{"id":2234,"date":"2011-12-29T22:03:23","date_gmt":"2011-12-29T14:03:23","guid":{"rendered":"https:\/\/arturf.com\/?page_id=2234"},"modified":"2025-09-13T12:31:23","modified_gmt":"2025-09-13T04:31:23","slug":"contact","status":"publish","type":"page","link":"https:\/\/arturf.com\/vi\/contact\/","title":{"rendered":"Li\u00ean h\u1ec7 ch\u00fang t\u00f4i"},"content":{"rendered":"<section class=\"section greenturftilerepeat\" id=\"section_1717235968\">\n\t\t<div class=\"section-bg fill\" >\n\t\t\t<img loading=\"lazy\" decoding=\"async\" width=\"1600\" height=\"1066\" src=\"https:\/\/arturf.com\/wp-content\/uploads\/2022\/04\/Arturf-Artificial-Grass-background.jpg\" class=\"bg attachment-original size-original\" alt=\"c\u00e1c m\u1eabu mi\u1ec5n ph\u00ed\" \/>\t\t\t\t\t\t\n\t\t\t\n\n\t\t<\/div>\n\n\t\t\n\n\t\t<div class=\"section-content relative\">\n\t\t\t\n<div class=\"row row-collapse align-center\"  id=\"row-1910404766\">\n\n\t<div id=\"col-2138930537\" class=\"col medium-5 small-12 large-5\"  >\n\t\t\t\t<div class=\"col-inner\"  >\n\t\t\t\n\t\t\t\n\n  <div class=\"banner has-hover\" id=\"banner-548173560\">\n          <div class=\"banner-inner fill\">\n        <div class=\"banner-bg fill\" >\n                                                \n                    <\/div>\n\t\t\n        <div class=\"banner-layers container\">\n            <div class=\"fill banner-link\"><\/div>            \n   <div id=\"text-box-1239337608\" class=\"text-box banner-layer x50 md-x50 lg-x50 y50 md-y50 lg-y50 res-text\">\n                                <div class=\"text-box-content text dark\">\n              \n              <div class=\"text-inner text-left\">\n                  \n<p>Ch\u00fang t\u00f4i cung c\u1ea5p c\u00e1c g\u00f3i c\u1ecf nh\u00e2n t\u1ea1o cao c\u1ea5p v\u00e0 s\u00e2n padel tr\u1ecdn g\u00f3i v\u1edbi gi\u00e1 g\u1ed1c t\u1ea1i x\u01b0\u1edfng. Gi\u1ea3i ph\u00e1p c\u1ecf nh\u00e2n t\u1ea1o tr\u1ecdn g\u00f3i c\u1ee7a ch\u00fang t\u00f4i bao g\u1ed3m c\u1ecf, \u0111\u1ec7m gi\u1ea3m ch\u1ea5n, keo d\u00e1n v\u00e0 ph\u1ee5 ki\u1ec7n. Li\u00ean h\u1ec7 v\u1edbi ch\u00fang t\u00f4i ngay h\u00f4m nay \u0111\u1ec3 \u0111\u01b0\u1ee3c b\u00e1o gi\u00e1\u2014c\u00f3 s\u1eb5n m\u1eabu mi\u1ec5n ph\u00ed!<\/p>\n\t<div id=\"gap-201603354\" class=\"gap-element clearfix\" style=\"display:block; height:auto;\">\n\t\t\n<style>\n#gap-201603354 {\n  padding-top: 10px;\n}\n<\/style>\n\t<\/div>\n\t\n<div data-no-translation=\"\">\n<h4><span style=\"font-size: 100%;\"><strong>Arturf China<\/strong><\/span><\/h4>\n<p style=\"text-align: left;\">Team Sports Industry Limited<br \/>\ud83d\udea2 Sales Office: No.5 Chengnan 1st Road, South District, Zhongshan, Guangdong, China.<br \/>\ud83d\udea2 Manufacturing Base: Yixing, Wuxi City, Jiangsu Province, China.<br \/>\u260e\ufe0f\u00a0Tel \u2460: <em>+86 760 87994998<\/em><br \/>\ud83d\udcf2 Tel \u2461: <em>+86 18665067669 (HP\/WhatsApp\/Line, Recommended)<br \/><\/em>\u2706 WhatsApp Chat:<em>\u00a0 <a href=\"https:\/\/wa.me\/8618665067669\" target=\"_blank\" rel=\"noopener\">Click to talk or drop a message.<\/a><\/em><br \/>\ud83d\udc8c Email:<a href=\"mailto:inquiry@arturf.com\"><em> inquiry@arturf.com<\/em><\/a><\/p>\n<\/div>\n\t<div id=\"gap-2057878563\" class=\"gap-element clearfix\" style=\"display:block; height:auto;\">\n\t\t\n<style>\n#gap-2057878563 {\n  padding-top: 10px;\n}\n<\/style>\n\t<\/div>\n\t\n              <\/div>\n           <\/div>\n                            \n<style>\n#text-box-1239337608 {\n  width: 80%;\n}\n#text-box-1239337608 .text-box-content {\n  font-size: 145%;\n}\n@media (min-width:550px) {\n  #text-box-1239337608 {\n    width: 85%;\n  }\n}\n<\/style>\n    <\/div>\n \n        <\/div>\n      <\/div>\n\n            \n<style>\n#banner-548173560 {\n  padding-top: 550px;\n  background-color: rgba(255, 102, 0, 0.913);\n}\n<\/style>\n  <\/div>\n\n\n\t\t<\/div>\n\t\t\t\t\t<\/div>\n\n\t\n\n\t<div id=\"col-888362136\" class=\"col medium-7 small-12 large-7\"  >\n\t\t\t\t<div class=\"col-inner\"  >\n\t\t\t\n\t\t\t\n\n  <div class=\"banner has-hover\" id=\"banner-1065129560\">\n          <div class=\"banner-inner fill\">\n        <div class=\"banner-bg fill\" >\n                                                \n                    <\/div>\n\t\t\n        <div class=\"banner-layers container\">\n            <div class=\"fill banner-link\"><\/div>            \n   <div id=\"text-box-719501378\" class=\"text-box banner-layer x50 md-x50 lg-x50 y50 md-y50 lg-y50 res-text\">\n                                <div class=\"text-box-content text\">\n              \n              <div class=\"text-inner text-center\">\n                  \n\t<div id=\"gap-1875499366\" class=\"gap-element clearfix\" style=\"display:block; height:auto;\">\n\t\t\n<style>\n#gap-1875499366 {\n  padding-top: 20px;\n}\n<\/style>\n\t<\/div>\n\t\n<p style=\"text-align: left;\">\u0110i\u1ec1n v\u00e0o bi\u1ec3u m\u1eabu li\u00ean h\u1ec7 \u0111\u1ec3 cho ch\u00fang t\u00f4i bi\u1ebft m\u1ed9t ch\u00fat v\u1ec1 nhu c\u1ea7u c\u1ee7a b\u1ea1n. Ch\u00fang t\u00f4i s\u1ebd c\u00f3 \u0111\u1ea1i di\u1ec7n li\u00ean h\u1ec7 v\u1edbi b\u1ea1n trong th\u1eddi gian s\u1edbm nh\u1ea5t.<\/p>\n\t<div id=\"text-1242088923\" class=\"text\">\n\t\t\n<form id=\"forminator-module-15402\" class=\"forminator-custom-form forminator-custom-form-15402\" method=\"post\" data-forminator-render=\"0\" data-uid=\"69de312bdf9d7\" action=\"\"><div role=\"alert\" aria-live=\"polite\" class=\"forminator-response-message forminator-error\" aria-hidden=\"true\"><\/div><input type=\"hidden\" name=\"trp-form-language\" value=\"vi\"\/><\/form>\n\t\t\n<style>\n#text-1242088923 {\n  text-align: left;\n}\n<\/style>\n\t<\/div>\n\t\n              <\/div>\n           <\/div>\n                            \n<style>\n#text-box-719501378 {\n  width: 69%;\n}\n#text-box-719501378 .text-box-content {\n  font-size: 129%;\n}\n<\/style>\n    <\/div>\n \n        <\/div>\n      <\/div>\n\n            \n<style>\n#banner-1065129560 {\n  padding-top: 550px;\n  background-color: rgba(255, 255, 255, 0.855);\n}\n<\/style>\n  <\/div>\n\n\n\t\t<\/div>\n\t\t\t\t\t<\/div>\n\n\t\n<\/div>\n\t\t<\/div>\n\n\t\t\n<style>\n#section_1717235968 {\n  padding-top: 0px;\n  padding-bottom: 0px;\n}\n@media (min-width:550px) {\n  #section_1717235968 {\n    padding-top: 70px;\n    padding-bottom: 70px;\n  }\n}\n<\/style>\n\t<\/section>","protected":false},"excerpt":{"rendered":"","protected":false},"author":3,"featured_media":0,"parent":0,"menu_order":25,"comment_status":"closed","ping_status":"closed","template":"page-blank.php","meta":{"_seopress_robots_primary_cat":"","_seopress_titles_title":"Request Artificial Grass Prices, Cost and Free Samples","_seopress_titles_desc":"Contact us for artificial grass cost and samples.Call 86 760-87994998 or email at info@arturf.com to get free quotation and artificial grass samples.","_seopress_robots_index":"","footnotes":""},"class_list":["post-2234","page","type-page","status-publish","hentry"],"_links":{"self":[{"href":"https:\/\/arturf.com\/vi\/wp-json\/wp\/v2\/pages\/2234","targetHints":{"allow":["GET"]}}],"collection":[{"href":"https:\/\/arturf.com\/vi\/wp-json\/wp\/v2\/pages"}],"about":[{"href":"https:\/\/arturf.com\/vi\/wp-json\/wp\/v2\/types\/page"}],"author":[{"embeddable":true,"href":"https:\/\/arturf.com\/vi\/wp-json\/wp\/v2\/users\/3"}],"replies":[{"embeddable":true,"href":"https:\/\/arturf.com\/vi\/wp-json\/wp\/v2\/comments?post=2234"}],"version-history":[{"count":0,"href":"https:\/\/arturf.com\/vi\/wp-json\/wp\/v2\/pages\/2234\/revisions"}],"wp:attachment":[{"href":"https:\/\/arturf.com\/vi\/wp-json\/wp\/v2\/media?parent=2234"}],"curies":[{"name":"wp","href":"https:\/\/api.w.org\/{rel}","templated":true}]}}