{"id":3460,"date":"2012-08-16T14:28:45","date_gmt":"2012-08-16T14:28:45","guid":{"rendered":"https:\/\/arturf.com\/?page_id=3460"},"modified":"2023-07-08T00:24:53","modified_gmt":"2023-07-07T16:24:53","slug":"field-hockey","status":"publish","type":"page","link":"https:\/\/arturf.com\/vi\/sports\/field-hockey\/","title":{"rendered":"S\u00e2n ch\u01a1i kh\u00fac c\u00f4n c\u1ea7u tr\u00ean s\u00e2n c\u1ecf nh\u00e2n t\u1ea1o"},"content":{"rendered":"<div class=\"banner has-hover\" id=\"banner-519492052\">\n          <div class=\"banner-inner fill\">\n        <div class=\"banner-bg fill\" >\n            <img loading=\"lazy\" decoding=\"async\" width=\"1020\" height=\"365\" src=\"https:\/\/arturf.com\/wp-content\/uploads\/2019\/01\/artificial-grass-field-hockey-1024x366.jpg\" class=\"bg attachment-large size-large\" alt=\"Kh\u00fac c\u00f4n c\u1ea7u\" \/>                                    \n                    <\/div>\n\t\t\n        <div class=\"banner-layers container\">\n            <div class=\"fill banner-link\"><\/div>            \n\n   <div id=\"text-box-313965191\" class=\"text-box banner-layer x50 md-x50 lg-x50 y50 md-y50 lg-y50 res-text\">\n                                <div class=\"text-box-content text dark\">\n              \n              <div class=\"text-inner text-center\">\n                  \n\n<h1>S\u00e2n c\u1ecf nh\u00e2n t\u1ea1o cho m\u00f4n kh\u00fac c\u00f4n c\u1ea7u<\/h1>\n<p>N\u00e2ng t\u1ea7m tr\u1eadn \u0111\u1ea5u c\u1ee7a b\u1ea1n v\u1edbi kh\u1ea3 n\u0103ng ki\u1ec3m so\u00e1t b\u00f3ng v\u01b0\u1ee3t tr\u1ed9i v\u00e0 hi\u1ec7u su\u1ea5t ch\u01b0a t\u1eebng c\u00f3.<\/p>\n\n              <\/div>\n           <\/div>\n                            \n<style>\n#text-box-313965191 {\n  width: 60%;\n}\n#text-box-313965191 .text-box-content {\n  font-size: 100%;\n}\n<\/style>\n    <\/div>\n \n\n        <\/div>\n      <\/div>\n\n            \n<style>\n#banner-519492052 {\n  padding-top: 400px;\n}\n<\/style>\n  <\/div>\n\n\n<div class=\"row align-center\"  id=\"row-170320658\">\n\n\n\t<div id=\"col-188812763\" class=\"col medium-10 small-12 large-10\"  >\n\t\t\t\t<div class=\"col-inner\"  >\n\t\t\t\n\t\t\t\n\n<p>T\u00ecm ki\u1ebfm c\u00e1c \u0111i\u1ec1u ki\u1ec7n tr\u00f2 ch\u01a1i t\u1ed1t nh\u1ea5t trong l\u0129nh v\u1ef1c kh\u00fac c\u00f4n c\u1ea7u? Chuy\u1ec3n sang Arturf, nh\u00e0 s\u1ea3n xu\u1ea5t c\u1ecf nh\u00e2n t\u1ea1o h\u00e0ng \u0111\u1ea7u t\u1ea1i Trung Qu\u1ed1c. Ch\u00fang t\u00f4i cung c\u1ea5p s\u00e2n ch\u01a1i kh\u00fac c\u00f4n c\u1ea7u ch\u1ea5t l\u01b0\u1ee3ng h\u00e0ng \u0111\u1ea7u mang l\u1ea1i hi\u1ec7u su\u1ea5t v\u00e0 \u0111\u1ed9 ch\u00ednh x\u00e1c ch\u01b0a t\u1eebng c\u00f3. V\u1edbi s\u00e2n c\u1ecf nh\u00e2n t\u1ea1o c\u1ee7a ch\u00fang t\u00f4i, kh\u00fac c\u00f4n c\u1ea7u tr\u00ean s\u00e2n \u0111\u00e3 ph\u00e1t tri\u1ec3n th\u00e0nh m\u1ed9t tr\u00f2 ch\u01a1i nhanh h\u01a1n v\u00e0 ph\u1ed5 bi\u1ebfn h\u01a1n, cho ph\u00e9p ng\u01b0\u1eddi ch\u01a1i th\u1ef1c hi\u1ec7n c\u00e1c \u0111\u01b0\u1eddng chuy\u1ec1n nhanh v\u1edbi kh\u1ea3 n\u0103ng ki\u1ec3m so\u00e1t b\u00f3ng ch\u00ednh x\u00e1c.<\/p>\n<h3>T\u1ea1i sao ch\u1ecdn c\u1ecf nh\u00e2n t\u1ea1o cho kh\u00fac c\u00f4n c\u1ea7u?<\/h3>\n<p>S\u1ef1 ra \u0111\u1eddi c\u1ee7a c\u1ecf nh\u00e2n t\u1ea1o \u0111\u00e3 c\u00e1ch m\u1ea1ng h\u00f3a tr\u00f2 ch\u01a1i kh\u00fac c\u00f4n c\u1ea7u, mang \u0111\u1ebfn cho ng\u01b0\u1eddi ch\u01a1i tr\u1ea3i nghi\u1ec7m ch\u01a1i n\u00e2ng cao. S\u00e2n ch\u01a1i kh\u00fac c\u00f4n c\u1ea7u c\u1ee7a ch\u00fang t\u00f4i c\u00f3 b\u1ec1 m\u1eb7t nh\u1eb5n \u0111\u1ea3m b\u1ea3o t\u01b0\u01a1ng t\u00e1c b\u00f3ng\/b\u1ec1 m\u1eb7t t\u1ed1i \u01b0u, mang l\u1ea1i kh\u1ea3 n\u0103ng ch\u01a1i tuy\u1ec7t v\u1eddi. \u0110\u1ed9 b\u1ec1n c\u1ee7a c\u1ecf c\u1ee7a ch\u00fang t\u00f4i l\u00e0 v\u00f4 song, v\u1edbi kh\u1ea3 n\u0103ng ch\u1ed1ng m\u00e0i m\u00f2n c\u1ef1c cao.<\/p>\n<h3>C\u00e1c t\u00ednh n\u0103ng c\u1ee7a s\u00e2n kh\u00fac c\u00f4n c\u1ea7u c\u1ee7a ch\u00fang t\u00f4i:<\/h3>\n<ol>\n<li>\n<h4>T\u01b0\u01a1ng t\u00e1c b\u00f3ng\/b\u1ec1 m\u1eb7t t\u1ed1i \u01b0u: <\/h4>\n<p>S\u00e2n ch\u01a1i kh\u00fac c\u00f4n c\u1ea7u c\u1ee7a ch\u00fang t\u00f4i \u0111\u01b0\u1ee3c thi\u1ebft k\u1ebf \u0111\u1ec3 mang l\u1ea1i s\u1ef1 c\u00e2n b\u1eb1ng ho\u00e0n h\u1ea3o gi\u1eefa b\u00f3ng v\u00e0 b\u1ec1 m\u1eb7t, cho ph\u00e9p ki\u1ec3m so\u00e1t v\u00e0 l\u0103n b\u00f3ng ch\u00ednh x\u00e1c.\n<\/li>\n<li>\n<h4>B\u1ec1 m\u1eb7t nh\u1eb5n cho kh\u1ea3 n\u0103ng ch\u01a1i tuy\u1ec7t v\u1eddi: <\/h4>\n<p>\u0110\u1ed9 nh\u1eb5n c\u1ee7a m\u1eb7t c\u1ecf \u0111\u1ea3m b\u1ea3o b\u00f3ng l\u0103n \u1ed5n \u0111\u1ecbnh, cho ph\u00e9p ng\u01b0\u1eddi ch\u01a1i th\u1ec3 hi\u1ec7n k\u1ef9 n\u0103ng c\u1ee7a m\u00ecnh v\u00e0 th\u1ef1c hi\u1ec7n c\u00e1c l\u1ed1i ch\u01a1i n\u0103ng \u0111\u1ed9ng.\n<\/li>\n<li>\n<h4>\u0110\u1ed9 b\u1ec1n c\u1ef1c cao: <\/h4>\n<p>S\u00e2n kh\u00fac c\u00f4n c\u1ea7u c\u1ee7a ch\u00fang t\u00f4i \u0111\u01b0\u1ee3c x\u00e2y d\u1ef1ng \u0111\u1ec3 t\u1ed3n t\u1ea1i l\u00e2u d\u00e0i. N\u00f3 c\u00f3 th\u1ec3 ch\u1ecbu \u0111\u01b0\u1ee3c y\u00eau c\u1ea7u c\u1ee7a tr\u00f2 ch\u01a1i c\u01b0\u1eddng \u0111\u1ed9 cao, \u0111\u1ea3m b\u1ea3o tu\u1ed5i th\u1ecd v\u00e0 b\u1ea3o tr\u00ec t\u1ed1i thi\u1ec3u.\n<\/li>\n<li>\n<h4>Kh\u00e2u d\u00e0y \u0111\u1eb7c cho h\u00ecnh th\u1ee9c nh\u1ecf g\u1ecdn: <\/h4>\n<p>C\u00e1c s\u1ee3i c\u1ecf \u0111\u01b0\u1ee3c kh\u00e2u d\u00e0y \u0111\u1eb7c c\u1ee7a c\u1ecf c\u1ee7a ch\u00fang t\u00f4i t\u1ea1o ra v\u1ebb ngo\u00e0i nh\u1ecf g\u1ecdn v\u00e0 h\u1ea5p d\u1eabn v\u1ec1 m\u1eb7t th\u1ecb gi\u00e1c, n\u00e2ng cao t\u00ednh th\u1ea9m m\u1ef9 t\u1ed5ng th\u1ec3 c\u1ee7a s\u00e2n kh\u00fac c\u00f4n c\u1ea7u.\n<\/li>\n<li>\n<h4>Th\u00e2n thi\u1ec7n v\u1edbi ng\u01b0\u1eddi ch\u01a1i v\u1edbi s\u1ef1 tho\u1ea3i m\u00e1i v\u01b0\u1ee3t tr\u1ed9i: <\/h4>\n<p>Ch\u00fang t\u00f4i \u01b0u ti\u00ean s\u1ef1 tho\u1ea3i m\u00e1i v\u00e0 an to\u00e0n c\u1ee7a ng\u01b0\u1eddi ch\u01a1i. S\u00e2n ch\u01a1i kh\u00fac c\u00f4n c\u1ea7u c\u1ee7a ch\u00fang t\u00f4i cung c\u1ea5p b\u1ec1 m\u1eb7t c\u00f3 \u0111\u1ec7m gi\u00fap gi\u1ea3m nguy c\u01a1 ch\u1ea5n th\u01b0\u01a1ng v\u00e0 mang l\u1ea1i tr\u1ea3i nghi\u1ec7m ch\u01a1i tho\u1ea3i m\u00e1i.\n<\/li>\n<\/ol>\n<h3>Tr\u1ea3i nghi\u1ec7m s\u1ef1 kh\u00e1c bi\u1ec7t v\u1edbi S\u00e2n kh\u00fac c\u00f4n c\u1ea7u c\u1ee7a Arturf<\/h3>\n<p>T\u1ea1i Arturf, ch\u00fang t\u00f4i cam k\u1ebft cung c\u1ea5p c\u00e1c gi\u1ea3i ph\u00e1p s\u00e2n c\u1ecf nh\u00e2n t\u1ea1o \u0111\u00e1p \u1ee9ng c\u00e1c ti\u00eau chu\u1ea9n cao nh\u1ea5t v\u1ec1 ch\u1ea5t l\u01b0\u1ee3ng v\u00e0 hi\u1ec7u su\u1ea5t. S\u00e2n ch\u01a1i kh\u00fac c\u00f4n c\u1ea7u c\u1ee7a ch\u00fang t\u00f4i \u0111\u01b0\u1ee3c thi\u1ebft k\u1ebf \u0111\u1ec3 n\u00e2ng t\u1ea7m tr\u1eadn \u0111\u1ea5u v\u00e0 t\u1ea1o m\u00f4i tr\u01b0\u1eddng ch\u01a1i t\u1ed1i \u01b0u. Cho d\u00f9 b\u1ea1n l\u00e0 v\u1eadn \u0111\u1ed9ng vi\u00ean chuy\u00ean nghi\u1ec7p, ng\u01b0\u1eddi qu\u1ea3n l\u00fd c\u01a1 s\u1edf th\u1ec3 thao hay tr\u01b0\u1eddng h\u1ecdc \u0111ang t\u00ecm c\u00e1ch c\u1ea3i thi\u1ec7n s\u00e2n kh\u00fac c\u00f4n c\u1ea7u c\u1ee7a m\u00ecnh, c\u1ecf nh\u00e2n t\u1ea1o c\u1ee7a ch\u00fang t\u00f4i l\u00e0 l\u1ef1a ch\u1ecdn l\u00fd t\u01b0\u1edfng.<\/p>\n<p>Khai ph\u00e1 ti\u1ec1m n\u0103ng c\u1ee7a m\u00f4n kh\u00fac c\u00f4n c\u1ea7u tr\u00ean s\u00e2n v\u1edbi s\u00e2n kh\u00fac c\u00f4n c\u1ea7u hi\u1ec7n \u0111\u1ea1i c\u1ee7a Arturf. Li\u00ean h\u1ec7 v\u1edbi ch\u00fang t\u00f4i ngay h\u00f4m nay \u0111\u1ec3 th\u1ea3o lu\u1eadn v\u1ec1 c\u00e1c y\u00eau c\u1ea7u c\u1ee7a b\u1ea1n v\u00e0 \u0111\u1ec3 \u0111\u1ed9i ng\u0169 chuy\u00ean gia c\u1ee7a ch\u00fang t\u00f4i h\u1ed7 tr\u1ee3 b\u1ea1n t\u00ecm ra gi\u1ea3i ph\u00e1p ho\u00e0n h\u1ea3o cho s\u00e2n kh\u00fac c\u00f4n c\u1ea7u c\u1ee7a b\u1ea1n.<\/p>\n\t\n  \n    <div class=\"row large-columns-4 medium-columns-3 small-columns-2 row-small slider row-slider slider-nav-reveal slider-nav-push\"  data-flickity-options='{&quot;imagesLoaded&quot;: true, &quot;groupCells&quot;: &quot;100%&quot;, &quot;dragThreshold&quot; : 5, &quot;cellAlign&quot;: &quot;left&quot;,&quot;wrapAround&quot;: true,&quot;prevNextButtons&quot;: true,&quot;percentPosition&quot;: true,&quot;pageDots&quot;: false, &quot;rightToLeft&quot;: false, &quot;autoPlay&quot; : false}' >\n\n  \n\t     <div class=\"col\" >\n\t\t\t\t\t\t<div class=\"col-inner\">\n\t\t\t\t\t\t\n<div class=\"badge-container absolute left top z-1\">\n\n<\/div>\n\t\t\t\t\t\t<div class=\"product-small box has-hover box-normal box-text-bottom\">\n\t\t\t\t\t\t\t<div class=\"box-image\" >\n\t\t\t\t\t\t\t\t<div class=\"\" >\n\t\t\t\t\t\t\t\t\t<a href=\"https:\/\/arturf.com\/vi\/product\/speed\/\" aria-label=\"T\u1ed1c \u0111\u1ed9\">\n\t\t\t\t\t\t\t\t\t\t<img loading=\"lazy\" decoding=\"async\" width=\"350\" height=\"263\" src=\"https:\/\/arturf.com\/wp-content\/uploads\/2019\/01\/Field-Hockey-Grass-Olive-Green-350x263.jpg\" class=\"show-on-hover absolute fill hide-for-small back-image\" alt=\"G\u00f3c nh\u00ecn kh\u00e1c v\u1ec1 T\u1ed1c \u0111\u1ed9\" aria-hidden=\"true\" srcset=\"https:\/\/arturf.com\/wp-content\/uploads\/2019\/01\/Field-Hockey-Grass-Olive-Green-350x263.jpg 350w, https:\/\/arturf.com\/wp-content\/uploads\/2019\/01\/Field-Hockey-Grass-Olive-Green-300x225.jpg 300w, https:\/\/arturf.com\/wp-content\/uploads\/2019\/01\/Field-Hockey-Grass-Olive-Green-200x150.jpg 200w, https:\/\/arturf.com\/wp-content\/uploads\/2019\/01\/Field-Hockey-Grass-Olive-Green-768x576.jpg 768w, https:\/\/arturf.com\/wp-content\/uploads\/2019\/01\/Field-Hockey-Grass-Olive-Green-16x12.jpg 16w, https:\/\/arturf.com\/wp-content\/uploads\/2019\/01\/Field-Hockey-Grass-Olive-Green-510x383.jpg 510w, https:\/\/arturf.com\/wp-content\/uploads\/2019\/01\/Field-Hockey-Grass-Olive-Green.jpg 800w\" sizes=\"auto, (max-width: 350px) 100vw, 350px\" \/><img loading=\"lazy\" decoding=\"async\" width=\"350\" height=\"263\" src=\"https:\/\/arturf.com\/wp-content\/uploads\/2019\/01\/Field-Hocky-Multi-sports-Artificial-Grass-350x263.jpg\" class=\"attachment-woocommerce_thumbnail size-woocommerce_thumbnail\" alt=\"T\u1ed1c \u0111\u1ed9\" srcset=\"https:\/\/arturf.com\/wp-content\/uploads\/2019\/01\/Field-Hocky-Multi-sports-Artificial-Grass-350x263.jpg 350w, https:\/\/arturf.com\/wp-content\/uploads\/2019\/01\/Field-Hocky-Multi-sports-Artificial-Grass-300x225.jpg 300w, https:\/\/arturf.com\/wp-content\/uploads\/2019\/01\/Field-Hocky-Multi-sports-Artificial-Grass-200x150.jpg 200w, https:\/\/arturf.com\/wp-content\/uploads\/2019\/01\/Field-Hocky-Multi-sports-Artificial-Grass-768x576.jpg 768w, https:\/\/arturf.com\/wp-content\/uploads\/2019\/01\/Field-Hocky-Multi-sports-Artificial-Grass-16x12.jpg 16w, https:\/\/arturf.com\/wp-content\/uploads\/2019\/01\/Field-Hocky-Multi-sports-Artificial-Grass-510x383.jpg 510w, https:\/\/arturf.com\/wp-content\/uploads\/2019\/01\/Field-Hocky-Multi-sports-Artificial-Grass.jpg 800w\" sizes=\"auto, (max-width: 350px) 100vw, 350px\" \/>\t\t\t\t\t\t\t\t\t<\/a>\n\t\t\t\t\t\t\t\t\t\t\t\t\t\t\t\t\t\t \t\t\t\t\t\t\t\t<\/div>\n\t\t\t\t\t\t\t\t<div class=\"image-tools top right show-on-hover\">\n\t\t\t\t\t\t\t\t\t\t\t\t\t\t\t\t\t<\/div>\n\t\t\t\t\t\t\t\t\t\t\t\t\t\t\t\t\t<div class=\"image-tools grid-tools text-center hide-for-small bottom hover-slide-in show-on-hover\">\n\t\t\t\t\t\t\t\t\t\t<a href=\"#quick-view\" class=\"quick-view\" role=\"button\" data-prod=\"7609\" aria-haspopup=\"dialog\" aria-expanded=\"false\" data-flatsome-role-button>Xem nhanh<\/a>\t\t\t\t\t\t\t\t\t<\/div>\n\t\t\t\t\t\t\t\t\t\t\t\t\t\t\t\t\t\t\t\t\t\t\t<\/div>\n\n\t\t\t\t\t\t\t<div class=\"box-text text-center dark\" style=\"background-color:rgb(255, 102, 0);\">\n\t\t\t\t\t\t\t\t<div class=\"title-wrapper\"><p class=\"name product-title woocommerce-loop-product__title\"><a href=\"https:\/\/arturf.com\/vi\/product\/speed\/\" class=\"woocommerce-LoopProduct-link woocommerce-loop-product__link\">T\u1ed1c \u0111\u1ed9<\/a><\/p><\/div><div class=\"price-wrapper\"><\/div>\t\t\t\t\t\t\t<\/div>\n\t\t\t\t\t\t<\/div>\n\t\t\t\t\t\t<\/div>\n\t\t\t\t\t<\/div><div class=\"col\" >\n\t\t\t\t\t\t<div class=\"col-inner\">\n\t\t\t\t\t\t\n<div class=\"badge-container absolute left top z-1\">\n\n<\/div>\n\t\t\t\t\t\t<div class=\"product-small box has-hover box-normal box-text-bottom\">\n\t\t\t\t\t\t\t<div class=\"box-image\" >\n\t\t\t\t\t\t\t\t<div class=\"\" >\n\t\t\t\t\t\t\t\t\t<a href=\"https:\/\/arturf.com\/vi\/product\/flex\/\" aria-label=\"U\u1ed1n cong\">\n\t\t\t\t\t\t\t\t\t\t<img loading=\"lazy\" decoding=\"async\" width=\"350\" height=\"263\" src=\"https:\/\/arturf.com\/wp-content\/uploads\/2018\/05\/Flex-Green-350x263.jpg\" class=\"show-on-hover absolute fill hide-for-small back-image\" alt=\"G\u00f3c nh\u00ecn kh\u00e1c v\u1ec1 Flex\" aria-hidden=\"true\" srcset=\"https:\/\/arturf.com\/wp-content\/uploads\/2018\/05\/Flex-Green-350x263.jpg 350w, https:\/\/arturf.com\/wp-content\/uploads\/2018\/05\/Flex-Green-500x375.jpg 500w, https:\/\/arturf.com\/wp-content\/uploads\/2018\/05\/Flex-Green-200x150.jpg 200w, https:\/\/arturf.com\/wp-content\/uploads\/2018\/05\/Flex-Green-768x576.jpg 768w, https:\/\/arturf.com\/wp-content\/uploads\/2018\/05\/Flex-Green-16x12.jpg 16w, https:\/\/arturf.com\/wp-content\/uploads\/2018\/05\/Flex-Green-510x383.jpg 510w, https:\/\/arturf.com\/wp-content\/uploads\/2018\/05\/Flex-Green.jpg 800w\" sizes=\"auto, (max-width: 350px) 100vw, 350px\" \/><img loading=\"lazy\" decoding=\"async\" width=\"350\" height=\"263\" src=\"https:\/\/arturf.com\/wp-content\/uploads\/2018\/05\/Arturf-Putting-Green-Flex-Pro-16-1-1-350x263.jpg\" class=\"attachment-woocommerce_thumbnail size-woocommerce_thumbnail\" alt=\"U\u1ed1n cong\" srcset=\"https:\/\/arturf.com\/wp-content\/uploads\/2018\/05\/Arturf-Putting-Green-Flex-Pro-16-1-1-350x263.jpg 350w, https:\/\/arturf.com\/wp-content\/uploads\/2018\/05\/Arturf-Putting-Green-Flex-Pro-16-1-1-500x375.jpg 500w, https:\/\/arturf.com\/wp-content\/uploads\/2018\/05\/Arturf-Putting-Green-Flex-Pro-16-1-1-200x150.jpg 200w, https:\/\/arturf.com\/wp-content\/uploads\/2018\/05\/Arturf-Putting-Green-Flex-Pro-16-1-1-768x576.jpg 768w, https:\/\/arturf.com\/wp-content\/uploads\/2018\/05\/Arturf-Putting-Green-Flex-Pro-16-1-1-16x12.jpg 16w, https:\/\/arturf.com\/wp-content\/uploads\/2018\/05\/Arturf-Putting-Green-Flex-Pro-16-1-1-510x383.jpg 510w, https:\/\/arturf.com\/wp-content\/uploads\/2018\/05\/Arturf-Putting-Green-Flex-Pro-16-1-1.jpg 800w\" sizes=\"auto, (max-width: 350px) 100vw, 350px\" \/>\t\t\t\t\t\t\t\t\t<\/a>\n\t\t\t\t\t\t\t\t\t\t\t\t\t\t\t\t\t\t \t\t\t\t\t\t\t\t<\/div>\n\t\t\t\t\t\t\t\t<div class=\"image-tools top right show-on-hover\">\n\t\t\t\t\t\t\t\t\t\t\t\t\t\t\t\t\t<\/div>\n\t\t\t\t\t\t\t\t\t\t\t\t\t\t\t\t\t<div class=\"image-tools grid-tools text-center hide-for-small bottom hover-slide-in show-on-hover\">\n\t\t\t\t\t\t\t\t\t\t<a href=\"#quick-view\" class=\"quick-view\" role=\"button\" data-prod=\"6519\" aria-haspopup=\"dialog\" aria-expanded=\"false\" data-flatsome-role-button>Xem nhanh<\/a>\t\t\t\t\t\t\t\t\t<\/div>\n\t\t\t\t\t\t\t\t\t\t\t\t\t\t\t\t\t\t\t\t\t\t\t<\/div>\n\n\t\t\t\t\t\t\t<div class=\"box-text text-center dark\" style=\"background-color:rgb(255, 102, 0);\">\n\t\t\t\t\t\t\t\t<div class=\"title-wrapper\"><p class=\"name product-title woocommerce-loop-product__title\"><a href=\"https:\/\/arturf.com\/vi\/product\/flex\/\" class=\"woocommerce-LoopProduct-link woocommerce-loop-product__link\">U\u1ed1n cong<\/a><\/p><\/div><div class=\"price-wrapper\"><\/div>\t\t\t\t\t\t\t<\/div>\n\t\t\t\t\t\t<\/div>\n\t\t\t\t\t\t<\/div>\n\t\t\t\t\t<\/div><\/div>\n\n\n\t\t<\/div>\n\t\t\t\t\t<\/div>\n\n\t\n\n<\/div>","protected":false},"excerpt":{"rendered":"","protected":false},"author":3,"featured_media":0,"parent":2230,"menu_order":14,"comment_status":"closed","ping_status":"closed","template":"page-blank.php","meta":{"_seopress_robots_primary_cat":"","_seopress_titles_title":"Hockey Turf - Artificial Turf for Precision Ball Roll","_seopress_titles_desc":"Elevate your field hockey game with Arturf&#039;s high-quality hockey turf. Optimum ball roll, durability, and player comfort for unmatched performance.","_seopress_robots_index":"","footnotes":""},"class_list":["post-3460","page","type-page","status-publish","hentry"],"_links":{"self":[{"href":"https:\/\/arturf.com\/vi\/wp-json\/wp\/v2\/pages\/3460","targetHints":{"allow":["GET"]}}],"collection":[{"href":"https:\/\/arturf.com\/vi\/wp-json\/wp\/v2\/pages"}],"about":[{"href":"https:\/\/arturf.com\/vi\/wp-json\/wp\/v2\/types\/page"}],"author":[{"embeddable":true,"href":"https:\/\/arturf.com\/vi\/wp-json\/wp\/v2\/users\/3"}],"replies":[{"embeddable":true,"href":"https:\/\/arturf.com\/vi\/wp-json\/wp\/v2\/comments?post=3460"}],"version-history":[{"count":0,"href":"https:\/\/arturf.com\/vi\/wp-json\/wp\/v2\/pages\/3460\/revisions"}],"up":[{"embeddable":true,"href":"https:\/\/arturf.com\/vi\/wp-json\/wp\/v2\/pages\/2230"}],"wp:attachment":[{"href":"https:\/\/arturf.com\/vi\/wp-json\/wp\/v2\/media?parent=3460"}],"curies":[{"name":"wp","href":"https:\/\/api.w.org\/{rel}","templated":true}]}}