{"id":3470,"date":"2012-08-16T14:37:46","date_gmt":"2012-08-16T14:37:46","guid":{"rendered":"https:\/\/arturf.com\/?page_id=3470"},"modified":"2023-07-08T11:12:44","modified_gmt":"2023-07-08T03:12:44","slug":"rugby","status":"publish","type":"page","link":"https:\/\/arturf.com\/vi\/sports\/rugby\/","title":{"rendered":"S\u00e2n b\u00f3ng b\u1ea7u d\u1ee5c s\u00e2n c\u1ecf nh\u00e2n t\u1ea1o"},"content":{"rendered":"<div class=\"banner has-hover\" id=\"banner-246728575\">\n          <div class=\"banner-inner fill\">\n        <div class=\"banner-bg fill\" >\n            <img loading=\"lazy\" decoding=\"async\" width=\"1020\" height=\"325\" src=\"https:\/\/arturf.com\/wp-content\/uploads\/2020\/05\/Artificial-Turf-Rugby-1024x326.jpg\" class=\"bg attachment-large size-large\" alt=\"B\u00f3ng b\u1ea7u d\u1ee5c, C\u1ecf nh\u00e2n t\u1ea1o\" \/>                                    \n                    <\/div>\n\t\t\n        <div class=\"banner-layers container\">\n            <div class=\"fill banner-link\"><\/div>            \n\n   <div id=\"text-box-679816587\" class=\"text-box banner-layer x50 md-x50 lg-x50 y50 md-y50 lg-y50 res-text\">\n                                <div class=\"text-box-content text dark\">\n              \n              <div class=\"text-inner text-center\">\n                  \n\n<h3 class=\"uppercase\"><strong>C\u1ecf nh\u00e2n t\u1ea1o cho b\u00f3ng b\u1ea7u d\u1ee5c<\/strong><\/h3>\n<p>Tr\u1ea3i nghi\u1ec7m hi\u1ec7u su\u1ea5t v\u01b0\u1ee3t tr\u1ed9i v\u00e0 s\u1ef1 an to\u00e0n c\u1ee7a ng\u01b0\u1eddi ch\u01a1i v\u1edbi s\u00e2n c\u1ecf nh\u00e2n t\u1ea1o b\u00f3ng b\u1ea7u d\u1ee5c c\u1ee7a Arturf. N\u00e2ng cao tr\u00f2 ch\u01a1i c\u1ee7a b\u1ea1n v\u1edbi gi\u1ea3i ph\u00e1p b\u1ec1n b\u1ec9 v\u00e0 ch\u1ecbu \u0111\u01b0\u1ee3c th\u1eddi ti\u1ebft c\u1ee7a ch\u00fang t\u00f4i.<\/p>\n\n              <\/div>\n           <\/div>\n                            \n<style>\n#text-box-679816587 {\n  width: 60%;\n}\n#text-box-679816587 .text-box-content {\n  font-size: 100%;\n}\n<\/style>\n    <\/div>\n \n\n        <\/div>\n      <\/div>\n\n            \n<style>\n#banner-246728575 {\n  padding-top: 400px;\n}\n<\/style>\n  <\/div>\n\n\n<div class=\"row align-center\"  id=\"row-1862461336\">\n\n\n\t<div id=\"col-1792995428\" class=\"col medium-10 small-12 large-10\"  >\n\t\t\t\t<div class=\"col-inner\"  >\n\t\t\t\n\t\t\t\n\n<p>S\u00e2n c\u1ecf t\u1ed5ng h\u1ee3p \u0111\u00e3 c\u00e1ch m\u1ea1ng h\u00f3a tr\u00f2 ch\u01a1i b\u00f3ng b\u1ea7u d\u1ee5c, mang l\u1ea1i kh\u1ea3 n\u0103ng ch\u01a1i n\u00e2ng cao v\u00e0 v\u01b0\u1ee3t qua nh\u1eefng th\u00e1ch th\u1ee9c do s\u00e2n c\u1ecf t\u1ef1 nhi\u00ean \u0111\u1eb7t ra. T\u1ea1i Arturf, nh\u00e0 s\u1ea3n xu\u1ea5t c\u1ecf nh\u00e2n t\u1ea1o h\u00e0ng \u0111\u1ea7u t\u1ea1i Trung Qu\u1ed1c, ch\u00fang t\u00f4i \u01b0u ti\u00ean ch\u1ea5t l\u01b0\u1ee3ng v\u00e0 hi\u1ec7u su\u1ea5t v\u01b0\u1ee3t tr\u1ed9i. C\u1ecf b\u00f3ng b\u1ea7u d\u1ee5c c\u1ee7a ch\u00fang t\u00f4i \u0111\u00e1p \u1ee9ng c\u00e1c th\u00f4ng s\u1ed1 k\u1ef9 thu\u1eadt hi\u1ec7u su\u1ea5t nghi\u00eam ng\u1eb7t, \u0111\u1ea3m b\u1ea3o an to\u00e0n cho ng\u01b0\u1eddi ch\u01a1i, hi\u1ec7u su\u1ea5t b\u00f3ng t\u1ed1i \u01b0u v\u00e0 \u0111\u1ed9 b\u1ec1n l\u00e2u d\u00e0i.<\/p>\n<h3>Kh\u1ea3 n\u0103ng ch\u01a1i \u0111\u01b0\u1ee3c n\u00e2ng cao v\u1edbi c\u1ecf nh\u00e2n t\u1ea1o th\u1ebf h\u1ec7 th\u1ee9 ba<\/h3>\n<p>V\u1edbi nh\u1eefng ti\u1ebfn b\u1ed9 trong b\u1ec1 m\u1eb7t t\u1ed5ng h\u1ee3p, c\u1ecf nh\u00e2n t\u1ea1o b\u00f3ng b\u1ea7u d\u1ee5c, th\u01b0\u1eddng \u0111\u01b0\u1ee3c g\u1ecdi l\u00e0 c\u1ecf nh\u00e2n t\u1ea1o d\u00e0i ho\u1eb7c c\u1ecf nh\u00e2n t\u1ea1o th\u1ebf h\u1ec7 th\u1ee9 ba, \u0111\u00e3 n\u1ed5i l\u00ean nh\u01b0 m\u1ed9t y\u1ebfu t\u1ed1 thay \u0111\u1ed5i cu\u1ed9c ch\u01a1i. N\u00f3 c\u00f3 m\u1ed9t \u0111\u1ed1ng d\u00e0i h\u01a1n so v\u1edbi c\u00e1c b\u1ec1 m\u1eb7t \u0111\u1ea7y c\u00e1t truy\u1ec1n th\u1ed1ng v\u00e0 th\u01b0\u1eddng \u0111\u01b0\u1ee3c l\u1ea5p \u0111\u1ea7y b\u1eb1ng cao su ho\u1eb7c h\u1ed7n h\u1ee3p cao su v\u00e0 c\u00e1t. S\u1ef1 k\u1ebft h\u1ee3p n\u00e0y mang l\u1ea1i l\u1ef1c k\u00e9o v\u00e0 \u0111\u1ed9 \u1ed5n \u0111\u1ecbnh v\u01b0\u1ee3t tr\u1ed9i cho ng\u01b0\u1eddi ch\u01a1i, n\u00e2ng cao hi\u1ec7u su\u1ea5t c\u1ee7a h\u1ecd tr\u00ean s\u00e2n.<\/p>\n<h3>B\u1ec1 m\u1eb7t ch\u1ecbu th\u1eddi ti\u1ebft \u0111\u1ec3 ch\u01a1i game kh\u00f4ng b\u1ecb gi\u00e1n \u0111o\u1ea1n<\/h3>\n<p>Kh\u00f4ng gi\u1ed1ng nh\u01b0 c\u00e1c s\u00e2n c\u1ecf t\u1ef1 nhi\u00ean tr\u1edf n\u00ean l\u1ea7y l\u1ed9i v\u00e0 tr\u01a1n tr\u01b0\u1ee3t trong th\u1eddi ti\u1ebft \u1ea9m \u01b0\u1edbt, c\u1ecf nh\u00e2n t\u1ea1o c\u1ee7a ch\u00fang t\u00f4i duy tr\u00ec t\u00ednh to\u00e0n v\u1eb9n c\u1ee7a n\u00f3, cho ph\u00e9p c\u00e1c c\u1ea7u th\u1ee7 b\u00f3ng b\u1ea7u d\u1ee5c t\u1eadp luy\u1ec7n v\u00e0 thi \u0111\u1ea5u m\u00e0 kh\u00f4ng b\u1ecb gi\u00e1n \u0111o\u1ea1n. H\u00e3y t\u01b0\u1edfng t\u01b0\u1ee3ng c\u00e1c bu\u1ed5i t\u1eadp luy\u1ec7n v\u00e0 thi \u0111\u1ea5u m\u00e0 kh\u00f4ng ph\u1ea3i lo l\u1eafng v\u1ec1 vi\u1ec7c tr\u01b0\u1ee3t trong b\u00f9n \u01b0\u1edbt v\u00e0 l\u1ea1nh. C\u1ecf t\u1ed5ng h\u1ee3p c\u1ee7a ch\u00fang t\u00f4i cung c\u1ea5p m\u1ed9t b\u1ec1 m\u1eb7t ch\u01a1i \u0111\u00e1ng tin c\u1eady, \u0111\u1ea3m b\u1ea3o l\u1ed1i ch\u01a1i nh\u1ea5t qu\u00e1n trong m\u1ecdi \u0111i\u1ec1u ki\u1ec7n th\u1eddi ti\u1ebft.<\/p>\n<h3>An to\u00e0n c\u1ee7a ng\u01b0\u1eddi ch\u01a1i: M\u1ed1i quan t\u00e2m h\u00e0ng \u0111\u1ea7u<\/h3>\n<p>T\u1ea1i Arturf, s\u1ef1 an to\u00e0n c\u1ee7a ng\u01b0\u1eddi ch\u01a1i l\u00e0 \u01b0u ti\u00ean h\u00e0ng \u0111\u1ea7u. C\u1ecf nh\u00e2n t\u1ea1o b\u00f3ng b\u1ea7u d\u1ee5c c\u1ee7a ch\u00fang t\u00f4i \u0111\u01b0\u1ee3c thi\u1ebft k\u1ebf v\u1edbi c\u00e1c v\u1eadt li\u1ec7u \u0111\u01b0\u1ee3c l\u1ef1a ch\u1ecdn c\u1ea9n th\u1eadn v\u00e0 k\u1ef9 thu\u1eadt x\u00e2y d\u1ef1ng ti\u00ean ti\u1ebfn \u0111\u1ec3 gi\u1ea3m thi\u1ec3u nguy c\u01a1 ch\u1ea5n th\u01b0\u01a1ng. B\u1ec1 m\u1eb7t \u1ed5n \u0111\u1ecbnh v\u00e0 h\u1ea5p th\u1ee5 s\u1ed1c l\u00e0m gi\u1ea3m t\u00e1c \u0111\u1ed9ng c\u1ee7a vi\u1ec7c r\u01a1i v\u00e0 va ch\u1ea1m, b\u1ea3o v\u1ec7 ng\u01b0\u1eddi ch\u01a1i trong qu\u00e1 tr\u00ecnh ch\u01a1i tr\u00f2 ch\u01a1i c\u01b0\u1eddng \u0111\u1ed9 cao. H\u01a1n n\u1eefa, b\u1ec1 m\u1eb7t s\u00e2n b\u1eb1ng ph\u1eb3ng c\u1ee7a c\u1ecf t\u1ed5ng h\u1ee3p gi\u1ea3m thi\u1ec3u kh\u1ea3 n\u0103ng bong g\u00e2n m\u1eaft c\u00e1 ch\u00e2n v\u00e0 c\u00e1c ch\u1ea5n th\u01b0\u01a1ng kh\u00e1c th\u01b0\u1eddng li\u00ean quan \u0111\u1ebfn s\u00e2n c\u1ecf t\u1ef1 nhi\u00ean kh\u00f4ng b\u1eb1ng ph\u1eb3ng.<\/p>\n<h3>Hi\u1ec7u su\u1ea5t b\u00f3ng t\u1ed1i \u01b0u cho c\u00e1c l\u01b0\u1ee3t ch\u01a1i ch\u00ednh x\u00e1c<\/h3>\n<p>Hi\u1ec7u su\u1ea5t b\u00f3ng l\u00e0 r\u1ea5t quan tr\u1ecdng trong m\u00f4n b\u00f3ng b\u1ea7u d\u1ee5c v\u00e0 c\u1ecf nh\u00e2n t\u1ea1o c\u1ee7a ch\u00fang t\u00f4i mang l\u1ea1i k\u1ebft qu\u1ea3 \u0111\u1eb7c bi\u1ec7t. T\u00ednh nh\u1ea5t qu\u00e1n c\u1ee7a b\u1ec1 m\u1eb7t \u0111\u1ea3m b\u1ea3o b\u00f3ng n\u1ea3y v\u00e0 l\u0103n c\u00f3 th\u1ec3 d\u1ef1 \u0111o\u00e1n \u0111\u01b0\u1ee3c, cho ph\u00e9p ng\u01b0\u1eddi ch\u01a1i duy tr\u00ec kh\u1ea3 n\u0103ng ki\u1ec3m so\u00e1t b\u00f3ng v\u00e0 th\u1ef1c hi\u1ec7n c\u00e1c \u0111\u01b0\u1eddng chuy\u1ec1n v\u00e0 c\u00fa \u0111\u00e1 ch\u00ednh x\u00e1c. Kh\u1ea3 n\u0103ng d\u1ef1 \u0111o\u00e1n n\u00e0y n\u00e2ng cao ch\u1ea5t l\u01b0\u1ee3ng t\u1ed5ng th\u1ec3 c\u1ee7a tr\u00f2 ch\u01a1i, t\u1ea1o \u0111i\u1ec1u ki\u1ec7n c\u1ea1nh tranh c\u00f4ng b\u1eb1ng v\u00e0 ch\u01a1i c\u00f3 chi\u1ebfn l\u01b0\u1ee3c.<\/p>\n<h3>Hi\u1ec7u su\u1ea5t b\u1ec1n b\u1ec9 v\u00e0 l\u00e2u d\u00e0i<\/h3>\n<p>C\u1ecf nh\u00e2n t\u1ea1o b\u00f3ng b\u1ea7u d\u1ee5c c\u1ee7a ch\u00fang t\u00f4i \u0111\u01b0\u1ee3c x\u00e2y d\u1ef1ng \u0111\u1ec3 t\u1ed3n t\u1ea1i l\u00e2u d\u00e0i. V\u1edbi k\u1ebft c\u1ea5u ch\u1eafc ch\u1eafn v\u00e0 v\u1eadt li\u1ec7u ch\u1ea5t l\u01b0\u1ee3ng cao, n\u00f3 c\u00f3 th\u1ec3 ch\u1ecbu \u0111\u01b0\u1ee3c vi\u1ec7c s\u1eed d\u1ee5ng nhi\u1ec1u, khi\u1ebfn n\u00f3 ph\u00f9 h\u1ee3p cho c\u00e1c bu\u1ed5i t\u1eadp c\u01b0\u1eddng \u0111\u1ed9 cao v\u00e0 c\u00e1c tr\u1eadn thi \u0111\u1ea5u. B\u1ea1n c\u00f3 th\u1ec3 tin t\u01b0\u1edfng v\u00e0o c\u1ecf t\u1ed5ng h\u1ee3p c\u1ee7a ch\u00fang t\u00f4i \u0111\u1ec3 cung c\u1ea5p m\u1ed9t b\u1ec1 m\u1eb7t ch\u01a1i b\u1ec1n b\u1ec9 \u0111\u00e1p \u1ee9ng nhu c\u1ea7u c\u1ee7a m\u00f4n th\u1ec3 thao n\u00e0y trong nhi\u1ec1u n\u0103m t\u1edbi.<\/p>\n<h3>Tr\u1ea3i nghi\u1ec7m s\u1ef1 xu\u1ea5t s\u1eafc v\u1edbi Rugby Turf c\u1ee7a Arturf<\/h3>\n<p>L\u00e0 nh\u00e0 s\u1ea3n xu\u1ea5t c\u1ecf nh\u00e2n t\u1ea1o h\u00e0ng \u0111\u1ea7u t\u1ea1i Trung Qu\u1ed1c, Arturf chuy\u00ean cung c\u1ea5p c\u00e1c s\u1ea3n ph\u1ea9m cao c\u1ea5p. Trang s\u00e2n b\u00f3ng b\u1ea7u d\u1ee5c c\u1ee7a ch\u00fang t\u00f4i gi\u1edbi thi\u1ec7u ch\u1ea5t l\u01b0\u1ee3ng v\u00e0 hi\u1ec7u su\u1ea5t tuy\u1ec7t v\u1eddi c\u1ee7a s\u00e2n c\u1ecf t\u1ed5ng h\u1ee3p c\u1ee7a ch\u00fang t\u00f4i, \u0111\u1ea3m b\u1ea3o tr\u1ea3i nghi\u1ec7m b\u00f3ng b\u1ea7u d\u1ee5c n\u00e2ng cao. T\u1ea1m bi\u1ec7t nh\u1eefng \u0111\u01b0\u1eddng tr\u01b0\u1ee3t l\u1ea7y l\u1ed9i v\u00e0 \u0111\u00f3n nh\u1eadn s\u1ef1 xu\u1ea5t s\u1eafc c\u1ee7a s\u00e2n c\u1ecf nh\u00e2n t\u1ea1o h\u00e0ng \u0111\u1ea7u c\u1ee7a ch\u00fang t\u00f4i.<\/p>\n<h3>N\u00e2ng cao tr\u1ea3i nghi\u1ec7m b\u00f3ng b\u1ea7u d\u1ee5c c\u1ee7a b\u1ea1n v\u1edbi Arturf<\/h3>\n<p>Ch\u1ecdn c\u1ecf nh\u00e2n t\u1ea1o b\u00f3ng b\u1ea7u d\u1ee5c c\u1ee7a Arturf \u0111\u1ec3 c\u00f3 hi\u1ec7u su\u1ea5t v\u01b0\u1ee3t tr\u1ed9i, s\u1ef1 an to\u00e0n c\u1ee7a ng\u01b0\u1eddi ch\u01a1i v\u00e0 \u0111\u1ed9 b\u1ec1n. L\u00e0 nh\u00e0 s\u1ea3n xu\u1ea5t h\u00e0ng \u0111\u1ea7u, ch\u00fang t\u00f4i cung c\u1ea5p c\u1ecf t\u1ed5ng h\u1ee3p v\u01b0\u1ee3t qu\u00e1 mong \u0111\u1ee3i. Cam k\u1ebft c\u1ee7a ch\u00fang t\u00f4i v\u1ec1 ch\u1ea5t l\u01b0\u1ee3ng \u0111\u1ea3m b\u1ea3o r\u1eb1ng c\u00e1c tr\u1eadn \u0111\u1ea5u b\u00f3ng b\u1ea7u d\u1ee5c v\u00e0 c\u00e1c bu\u1ed5i hu\u1ea5n luy\u1ec7n c\u1ee7a b\u1ea1n \u0111\u01b0\u1ee3c ti\u1ebfn h\u00e0nh tr\u00ean m\u1ed9t b\u1ec1 m\u1eb7t \u0111\u00e1ng tin c\u1eady v\u00e0 c\u00f3 hi\u1ec7u su\u1ea5t cao.<\/p>\n<p>\u0110\u1ea7u t\u01b0 v\u00e0o s\u00e2n b\u00f3ng b\u1ea7u d\u1ee5c c\u1ee7a Arturf v\u00e0 thay \u0111\u1ed5i c\u00e1ch b\u1ea1n ch\u01a1i tr\u00f2 ch\u01a1i. Tr\u1ea3i nghi\u1ec7m s\u1ef1 kh\u00e1c bi\u1ec7t v\u1ec1 ch\u1ea5t l\u01b0\u1ee3ng v\u01b0\u1ee3t tr\u1ed9i, s\u1ef1 an to\u00e0n c\u1ee7a ng\u01b0\u1eddi ch\u01a1i v\u00e0 hi\u1ec7u su\u1ea5t \u1ed5n \u0111\u1ecbnh. Kh\u00e1m ph\u00e1 l\u00fd do t\u1ea1i sao c\u1ecf t\u1ed5ng h\u1ee3p c\u1ee7a ch\u00fang t\u00f4i \u0111\u01b0\u1ee3c ng\u01b0\u1eddi ch\u01a1i b\u00f3ng b\u1ea7u d\u1ee5c tr\u00ean kh\u1eafp th\u1ebf gi\u1edbi tin d\u00f9ng. Li\u00ean h\u1ec7 v\u1edbi ch\u00fang t\u00f4i h\u00f4m nay \u0111\u1ec3 t\u00ecm hi\u1ec3u th\u00eam v\u1ec1 c\u00e1c gi\u1ea3i ph\u00e1p s\u00e2n b\u00f3ng b\u1ea7u d\u1ee5c c\u1ee7a ch\u00fang t\u00f4i.<\/p>\n\n\t\t<\/div>\n\t\t\t\t\t<\/div>\n\n\t\n\n<\/div>\n<div class=\"row align-center\"  id=\"row-1189144751\">\n\n\n\t<div id=\"col-2035621225\" class=\"col medium-7 small-12 large-7\"  >\n\t\t\t\t<div class=\"col-inner\"  >\n\t\t\t\n\t\t\t\n\n\t\n  \n    <div class=\"row large-columns-1 medium-columns- small-columns- row-small\" >\n  \n\t     <div class=\"col\" >\n\t\t\t\t\t\t<div class=\"col-inner\">\n\t\t\t\t\t\t\n<div class=\"badge-container absolute left top z-1\">\n\n<\/div>\n\t\t\t\t\t\t<div class=\"product-small box has-hover box-normal box-text-bottom\">\n\t\t\t\t\t\t\t<div class=\"box-image\" >\n\t\t\t\t\t\t\t\t<div class=\"\" >\n\t\t\t\t\t\t\t\t\t<a href=\"https:\/\/arturf.com\/vi\/product\/dura-60\/\" aria-label=\"Dura 60\">\n\t\t\t\t\t\t\t\t\t\t<img loading=\"lazy\" decoding=\"async\" width=\"800\" height=\"600\" src=\"https:\/\/arturf.com\/wp-content\/uploads\/2018\/05\/Artificial-Grass-Diamond-Football-Grass.jpg\" class=\"attachment-large size-large\" alt=\"Dura 60\" srcset=\"https:\/\/arturf.com\/wp-content\/uploads\/2018\/05\/Artificial-Grass-Diamond-Football-Grass.jpg 800w, https:\/\/arturf.com\/wp-content\/uploads\/2018\/05\/Artificial-Grass-Diamond-Football-Grass-300x225.jpg 300w, https:\/\/arturf.com\/wp-content\/uploads\/2018\/05\/Artificial-Grass-Diamond-Football-Grass-200x150.jpg 200w, https:\/\/arturf.com\/wp-content\/uploads\/2018\/05\/Artificial-Grass-Diamond-Football-Grass-768x576.jpg 768w, https:\/\/arturf.com\/wp-content\/uploads\/2018\/05\/Artificial-Grass-Diamond-Football-Grass-16x12.jpg 16w, https:\/\/arturf.com\/wp-content\/uploads\/2018\/05\/Artificial-Grass-Diamond-Football-Grass-350x263.jpg 350w, https:\/\/arturf.com\/wp-content\/uploads\/2018\/05\/Artificial-Grass-Diamond-Football-Grass-510x383.jpg 510w\" sizes=\"auto, (max-width: 800px) 100vw, 800px\" \/>\t\t\t\t\t\t\t\t\t<\/a>\n\t\t\t\t\t\t\t\t\t\t\t\t\t\t\t\t\t\t \t\t\t\t\t\t\t\t<\/div>\n\t\t\t\t\t\t\t\t<div class=\"image-tools top right show-on-hover\">\n\t\t\t\t\t\t\t\t\t\t\t\t\t\t\t\t\t<\/div>\n\t\t\t\t\t\t\t\t\t\t\t\t\t\t\t\t\t<div class=\"image-tools grid-tools text-center hide-for-small bottom hover-slide-in show-on-hover\">\n\t\t\t\t\t\t\t\t\t\t<a href=\"#quick-view\" class=\"quick-view\" role=\"button\" data-prod=\"11631\" aria-haspopup=\"dialog\" aria-expanded=\"false\" data-flatsome-role-button>Xem nhanh<\/a>\t\t\t\t\t\t\t\t\t<\/div>\n\t\t\t\t\t\t\t\t\t\t\t\t\t\t\t\t\t\t\t\t\t\t\t<\/div>\n\n\t\t\t\t\t\t\t<div class=\"box-text text-center\" >\n\t\t\t\t\t\t\t\t<div class=\"title-wrapper\"><p class=\"name product-title woocommerce-loop-product__title\"><a href=\"https:\/\/arturf.com\/vi\/product\/dura-60\/\" class=\"woocommerce-LoopProduct-link woocommerce-loop-product__link\">Dura 60<\/a><\/p><\/div><div class=\"price-wrapper\"><\/div>\t\t\t\t\t\t\t<\/div>\n\t\t\t\t\t\t<\/div>\n\t\t\t\t\t\t<\/div>\n\t\t\t\t\t<\/div><\/div>\n\n\n\t\t<\/div>\n\t\t\t\t\t<\/div>\n\n\t\n\n<\/div>","protected":false},"excerpt":{"rendered":"","protected":false},"author":3,"featured_media":0,"parent":2230,"menu_order":17,"comment_status":"closed","ping_status":"closed","template":"page-blank.php","meta":{"_seopress_robots_primary_cat":"","_seopress_titles_title":"","_seopress_titles_desc":"Experience superior performance and player safety with Arturf&#039;s rugby artificial turf. Enhance your game with our durable and weather-resistant solution.","_seopress_robots_index":"","footnotes":""},"class_list":["post-3470","page","type-page","status-publish","hentry"],"_links":{"self":[{"href":"https:\/\/arturf.com\/vi\/wp-json\/wp\/v2\/pages\/3470","targetHints":{"allow":["GET"]}}],"collection":[{"href":"https:\/\/arturf.com\/vi\/wp-json\/wp\/v2\/pages"}],"about":[{"href":"https:\/\/arturf.com\/vi\/wp-json\/wp\/v2\/types\/page"}],"author":[{"embeddable":true,"href":"https:\/\/arturf.com\/vi\/wp-json\/wp\/v2\/users\/3"}],"replies":[{"embeddable":true,"href":"https:\/\/arturf.com\/vi\/wp-json\/wp\/v2\/comments?post=3470"}],"version-history":[{"count":0,"href":"https:\/\/arturf.com\/vi\/wp-json\/wp\/v2\/pages\/3470\/revisions"}],"up":[{"embeddable":true,"href":"https:\/\/arturf.com\/vi\/wp-json\/wp\/v2\/pages\/2230"}],"wp:attachment":[{"href":"https:\/\/arturf.com\/vi\/wp-json\/wp\/v2\/media?parent=3470"}],"curies":[{"name":"wp","href":"https:\/\/api.w.org\/{rel}","templated":true}]}}