{"id":3472,"date":"2012-08-16T14:39:27","date_gmt":"2012-08-16T14:39:27","guid":{"rendered":"https:\/\/arturf.com\/?page_id=3472"},"modified":"2019-04-25T02:14:53","modified_gmt":"2019-04-25T02:14:53","slug":"baseball","status":"publish","type":"page","link":"https:\/\/arturf.com\/vi\/sports\/baseball\/","title":{"rendered":"S\u00e2n b\u00f3ng ch\u00e0y c\u1ecf nh\u00e2n t\u1ea1o"},"content":{"rendered":"<div class=\"banner has-hover\" id=\"banner-1603613570\">\n          <div class=\"banner-inner fill\">\n        <div class=\"banner-bg fill\" >\n            <img loading=\"lazy\" decoding=\"async\" width=\"1020\" height=\"366\" src=\"https:\/\/arturf.com\/wp-content\/uploads\/2019\/02\/Artificial-Grass-Baseball-Field-1024x367.jpg\" class=\"bg attachment-large size-large\" alt=\"\" \/>                        <div class=\"overlay\"><\/div>            \n                    <\/div>\n\t\t\n        <div class=\"banner-layers container\">\n            <div class=\"fill banner-link\"><\/div>            \n\n   <div id=\"text-box-789520556\" class=\"text-box banner-layer x50 md-x50 lg-x50 y50 md-y50 lg-y50 res-text\">\n                                <div class=\"text-box-content text dark\">\n              \n              <div class=\"text-inner text-center\">\n                  \n\n<h3 class=\"uppercase\">Thay \u0111\u1ed5i \u0111i\u1ec1u n\u00e0y th\u00e0nh b\u1ea5t c\u1ee9 \u0111i\u1ec1u g\u00ec<\/h3>\n<p>Lorem ipsum dolor ng\u1ed3i amet, consectetuer adipiscing elit, sed diam nonummy nibh euismod tincidunt ut laoreet dolore magna aliquam erat volutpat.<\/p>\n<a class=\"button white is-outline\" >\n\t\t<span>Nh\u1ea5p v\u00e0o \u0111\u00e2y<\/span>\n\t<\/a>\n\n\n\n              <\/div>\n           <\/div>\n                            \n<style>\n#text-box-789520556 {\n  width: 60%;\n}\n#text-box-789520556 .text-box-content {\n  font-size: 100%;\n}\n<\/style>\n    <\/div>\n \n\n        <\/div>\n      <\/div>\n\n            \n<style>\n#banner-1603613570 {\n  padding-top: 400px;\n}\n#banner-1603613570 .overlay {\n  background-color: rgba(0, 0, 0, 0.17);\n}\n<\/style>\n  <\/div>\n\n\n<div class=\"row\"  id=\"row-390082764\">\n\n\n\t<div id=\"col-1610038512\" class=\"col small-12 large-12\"  >\n\t\t\t\t<div class=\"col-inner\"  >\n\t\t\t\n\t\t\t\n\n<p>S\u00e2n th\u1ec3 thao d\u00e0nh cho b\u00f3ng ch\u00e0y \u0111\u00e3 tr\u1edf th\u00e0nh m\u1ed9t xu h\u01b0\u1edbng ph\u00e1t tri\u1ec3n \u0111\u1ebfn m\u1ee9c nhi\u1ec1u \u0111\u1ed9i b\u00f3ng c\u1ee7a c\u00e1c tr\u01b0\u1eddng cao \u0111\u1eb3ng v\u00e0 \u0111\u1ea1i h\u1ecdc tr\u00ean th\u1ebf gi\u1edbi \u0111\u00e3 ch\u1ecdn \u0111\u1ec3 ch\u01a1i c\u00e1c tr\u00f2 ch\u01a1i c\u1ee7a h\u1ecd tr\u00ean c\u1ecf t\u1ed5ng h\u1ee3p thay v\u00ec c\u1ecf t\u1ef1 nhi\u00ean.<\/p>\n<p>\u00a0K\u1ebft c\u1ea5u c\u1ee7a c\u1ecf t\u1ed5ng h\u1ee3p c\u0169ng l\u00fd t\u01b0\u1edfng cho m\u1ed9t m\u00f4n th\u1ec3 thao nh\u01b0 b\u00f3ng ch\u00e0y, v\u00ec m\u1ed9t s\u1ed1 nghi\u00ean c\u1ee9u ch\u1ec9 ra r\u1eb1ng c\u1ecf t\u1ed5ng h\u1ee3p c\u00f3 l\u1ef1c k\u00e9o c\u00f3 th\u1ec3 t\u01b0\u01a1ng \u0111\u01b0\u01a1ng v\u1edbi c\u1ecf t\u1ef1 nhi\u00ean. \u0110i\u1ec1u n\u00e0y l\u00e0 do c\u00e1c l\u01b0\u1ee1i l\u00e0m b\u1eb1ng polyethylene t\u1ea1o ra m\u1ed9t b\u1ec1 m\u1eb7t kh\u00f4ng qu\u00e1 c\u1ee9ng ho\u1eb7c qu\u00e1 tr\u01a1n \u0111\u1ec3 ch\u01a1i, do \u0111\u00f3 ng\u0103n ng\u1eeba tr\u01a1n tr\u01b0\u1ee3t v\u00e0 c\u00e1c ch\u1ea5n th\u01b0\u01a1ng c\u00f3 th\u1ec3 x\u1ea3y ra. Lo\u1ea1i c\u1ecf s\u00e2n th\u1ec3 thao nh\u00e2n t\u1ea1o n\u00e0y th\u00e2n thi\u1ec7n v\u1edbi l\u1ef1c k\u00e9o \u0111\u1ebfn m\u1ee9c n\u00f3 ho\u00e0n h\u1ea3o cho c\u00e1c v\u1eadn \u0111\u1ed9ng vi\u00ean xoay ng\u01b0\u1eddi v\u00e0 th\u1ef1c hi\u1ec7n nhi\u1ec1u t\u01b0 th\u1ebf v\u00e0 v\u1ecb tr\u00ed b\u00f3ng ch\u00e0y tr\u00ean m\u1eb7t v\u1ee3t c\u1ee7a h\u1ecd.<\/p>\n<p>C\u00f3 r\u1ea5t nhi\u1ec1u kho\u1ea3n ti\u1ebft ki\u1ec7m chi ph\u00ed cho c\u00e1c ch\u1ee7 s\u1edf h\u1eefu s\u00e2n v\u1eadn \u0111\u1ed9ng b\u00f3ng ch\u00e0y, v\u00ec c\u00e1c s\u00e2n t\u1ed5ng h\u1ee3p kh\u00f4ng y\u00eau c\u1ea7u b\u1ea3o tr\u00ec c\u1eaft t\u1ec9a, t\u01b0\u1edbi n\u01b0\u1edbc v\u00e0 c\u1eaft c\u1ecf theo th\u1eddi gian nh\u01b0 c\u00e1c s\u00e2n truy\u1ec1n th\u1ed1ng c\u1ea7n. Nh\u01b0 b\u1ea1n th\u1ea5y, b\u00f3ng ch\u00e0y \u0111\u00e3 \u0111i \u0111\u1ea7u trong xu h\u01b0\u1edbng c\u1ecf nh\u00e2n t\u1ea1o.<\/p>\n\n\t\t<\/div>\n\t\t\t\t\t<\/div>\n\n\t\n\n<\/div>","protected":false},"excerpt":{"rendered":"","protected":false},"author":3,"featured_media":0,"parent":2230,"menu_order":15,"comment_status":"closed","ping_status":"closed","template":"page-blank.php","meta":{"_seopress_robots_primary_cat":"","_seopress_titles_title":"Artificial Turf for Baseball Field-China Artificial Grass Factory","_seopress_titles_desc":"Artificial turf for baseball has become such a growing trend that many colleges and universities\u2019 teams have chosen to play their games on synthetic grass.","_seopress_robots_index":"","footnotes":""},"class_list":["post-3472","page","type-page","status-publish","hentry"],"_links":{"self":[{"href":"https:\/\/arturf.com\/vi\/wp-json\/wp\/v2\/pages\/3472","targetHints":{"allow":["GET"]}}],"collection":[{"href":"https:\/\/arturf.com\/vi\/wp-json\/wp\/v2\/pages"}],"about":[{"href":"https:\/\/arturf.com\/vi\/wp-json\/wp\/v2\/types\/page"}],"author":[{"embeddable":true,"href":"https:\/\/arturf.com\/vi\/wp-json\/wp\/v2\/users\/3"}],"replies":[{"embeddable":true,"href":"https:\/\/arturf.com\/vi\/wp-json\/wp\/v2\/comments?post=3472"}],"version-history":[{"count":0,"href":"https:\/\/arturf.com\/vi\/wp-json\/wp\/v2\/pages\/3472\/revisions"}],"up":[{"embeddable":true,"href":"https:\/\/arturf.com\/vi\/wp-json\/wp\/v2\/pages\/2230"}],"wp:attachment":[{"href":"https:\/\/arturf.com\/vi\/wp-json\/wp\/v2\/media?parent=3472"}],"curies":[{"name":"wp","href":"https:\/\/api.w.org\/{rel}","templated":true}]}}