{"id":4360,"date":"2013-04-20T15:15:44","date_gmt":"2013-04-20T15:15:44","guid":{"rendered":"https:\/\/arturf.com\/?page_id=4360"},"modified":"2023-07-08T15:38:22","modified_gmt":"2023-07-08T07:38:22","slug":"paintball-field","status":"publish","type":"page","link":"https:\/\/arturf.com\/vi\/sports\/paintball-field\/","title":{"rendered":"S\u00e2n b\u00f3ng c\u1ecf nh\u00e2n t\u1ea1o"},"content":{"rendered":"<div class=\"banner has-hover\" id=\"banner-864454968\">\n          <div class=\"banner-inner fill\">\n        <div class=\"banner-bg fill\" >\n            <img loading=\"lazy\" decoding=\"async\" width=\"1536\" height=\"614\" src=\"https:\/\/arturf.com\/wp-content\/uploads\/2023\/07\/Arturf-Artificial-Grass-for-Paintball-Banner-1536x614.jpg\" class=\"bg attachment-1536x1536 size-1536x1536\" alt=\"S\u01a1n\" \/>                                    \n                    <\/div>\n\t\t\n        <div class=\"banner-layers container\">\n            <div class=\"fill banner-link\"><\/div>            \n\n   <div id=\"text-box-584745595\" class=\"text-box banner-layer x50 md-x50 lg-x50 y50 md-y50 lg-y50 res-text\">\n                                <div class=\"text-box-content text dark\">\n              \n              <div class=\"text-inner text-center\">\n                  \n\n<h1>C\u1ecf t\u1ed5ng h\u1ee3p cao c\u1ea5p cho s\u00e2n b\u00f3ng s\u01a1n<\/h1>\n<p>S\u00e2n c\u1ecf nh\u00e2n t\u1ea1o paintball b\u1ec1n v\u00e0 an to\u00e0n \u0111\u01b0\u1ee3c thi\u1ebft k\u1ebf \u0111\u1ec3 ch\u01a1i tr\u00f2 ch\u01a1i v\u01b0\u1ee3t tr\u1ed9i v\u00e0 b\u1ea3o tr\u00ec d\u1ec5 d\u00e0ng.<\/p>\n\n              <\/div>\n           <\/div>\n                            \n<style>\n#text-box-584745595 {\n  width: 60%;\n}\n#text-box-584745595 .text-box-content {\n  font-size: 100%;\n}\n<\/style>\n    <\/div>\n \n\n        <\/div>\n      <\/div>\n\n            \n<style>\n#banner-864454968 {\n  padding-top: 500px;\n}\n<\/style>\n  <\/div>\n\n\n<div class=\"row align-center\"  id=\"row-737336934\">\n\n\n\t<div id=\"col-1231632994\" class=\"col medium-10 small-12 large-10\"  >\n\t\t\t\t<div class=\"col-inner\"  >\n\t\t\t\n\t\t\t\n\n<p>Paintball, m\u1ed9t m\u00f4n th\u1ec3 thao v\u00e0 ho\u1ea1t \u0111\u1ed9ng gi\u1ea3i tr\u00ed ph\u1ed5 bi\u1ebfn, \u0111\u00f2i h\u1ecfi m\u1ed9t s\u00e2n ch\u01a1i b\u1ec1n b\u1ec9 v\u00e0 l\u00e2u d\u00e0i. Trong khi m\u1ed9t s\u1ed1 s\u00e2n b\u00f3ng s\u01a1n t\u00edch h\u1ee3p m\u00f4i tr\u01b0\u1eddng t\u1ef1 nhi\u00ean nh\u01b0 r\u1eebng ho\u1eb7c sa m\u1ea1c, nhi\u1ec1u c\u01a1 s\u1edf trong nh\u00e0 v\u00e0 ngo\u00e0i tr\u1eddi l\u1ea1i ch\u1ecdn s\u00e2n c\u1ecf nh\u00e2n t\u1ea1o. \u0110\u01b0\u1ee3c thi\u1ebft k\u1ebf \u0111\u1eb7c bi\u1ec7t cho m\u00f4i tr\u01b0\u1eddng paintball, c\u1ecf nh\u00e2n t\u1ea1o cung c\u1ea5p l\u1ef1c k\u00e9o v\u00e0 s\u1ef1 an to\u00e0n cho ng\u01b0\u1eddi ch\u01a1i. Khi n\u00f3i \u0111\u1ebfn c\u1ecf nh\u00e2n t\u1ea1o ch\u1ea5t l\u01b0\u1ee3ng cao cho s\u00e2n b\u00f3ng s\u01a1n, Arturf d\u1eabn \u0111\u1ea7u v\u1edbi t\u01b0 c\u00e1ch l\u00e0 nh\u00e0 s\u1ea3n xu\u1ea5t n\u1ed5i ti\u1ebfng. Ch\u00fang t\u00f4i cung c\u1ea5p m\u1ed9t lo\u1ea1t c\u00e1c t\u00f9y ch\u1ecdn c\u1ecf nh\u00e2n t\u1ea1o hi\u1ec7n \u0111\u1ea1i \u0111\u01b0\u1ee3c thi\u1ebft k\u1ebf \u0111\u1eb7c bi\u1ec7t \u0111\u1ec3 \u0111\u00e1p \u1ee9ng c\u00e1c y\u00eau c\u1ea7u ri\u00eang c\u1ee7a m\u00f4n b\u1eafn s\u00fang s\u01a1n.<\/p>\n<h2>T\u1ea1i sao n\u00ean ch\u1ecdn S\u00e2n c\u1ecf nh\u00e2n t\u1ea1o chuy\u00ean nghi\u1ec7p cho B\u1eafn s\u00fang s\u01a1n c\u1ee7a Arturf?<\/h2>\n<ol>\n<li>\n<h4>Ch\u1ea5t l\u01b0\u1ee3ng v\u01b0\u1ee3t tr\u1ed9i v\u00e0 \u0111\u1ed9 b\u1ec1n<\/h4>\n<p>T\u1ea1i Arturf, ch\u00fang t\u00f4i t\u1ef1 h\u00e0o cung c\u1ea5p c\u1ecf t\u1ed5ng h\u1ee3p c\u00f3 ch\u1ea5t l\u01b0\u1ee3ng v\u01b0\u1ee3t tr\u1ed9i. M\u1eb7t c\u1ecf c\u1ee7a ch\u00fang t\u00f4i \u0111\u01b0\u1ee3c x\u00e2y d\u1ef1ng \u0111\u1ec3 ch\u1ecbu \u0111\u01b0\u1ee3c y\u00eau c\u1ea7u c\u1ee7a tr\u00f2 ch\u01a1i b\u1eafn s\u00fang s\u01a1n c\u01b0\u1eddng \u0111\u1ed9 cao, \u0111\u1ea3m b\u1ea3o hi\u1ec7u su\u1ea5t v\u00e0 \u0111\u1ed9 b\u1ec1n l\u00e2u d\u00e0i. B\u1ea1n c\u00f3 th\u1ec3 tin t\u01b0\u1edfng c\u00e1c s\u1ea3n ph\u1ea9m c\u1ee7a ch\u00fang t\u00f4i s\u1ebd cung c\u1ea5p m\u1ed9t b\u1ec1 m\u1eb7t ch\u01a1i \u0111\u00e1ng tin c\u1eady v\u00e0 an to\u00e0n cho ng\u01b0\u1eddi ch\u01a1i \u1edf m\u1ecdi c\u1ea5p \u0111\u1ed9.<\/p>\n<\/li>\n<li>\n<h4>Ph\u00f9 h\u1ee3p v\u1edbi nhu c\u1ea7u c\u1ee7a b\u1ea1n<\/h4>\n<p>Ch\u00fang t\u00f4i hi\u1ec3u r\u1eb1ng m\u1ed7i tr\u01b0\u1eddng b\u1eafn s\u00fang s\u01a1n l\u00e0 duy nh\u1ea5t v\u00e0 \u0111\u00f3 l\u00e0 l\u00fd do t\u1ea1i sao ch\u00fang t\u00f4i cung c\u1ea5p nhi\u1ec1u t\u00f9y ch\u1ecdn t\u00f9y ch\u1ec9nh. T\u1eeb tr\u1ecdng l\u01b0\u1ee3ng b\u1ec1 m\u1eb7t kh\u00e1c nhau \u0111\u1ebfn chi\u1ec1u cao v\u00e0 m\u1eadt \u0111\u1ed9 c\u1ecdc kh\u00e1c nhau, c\u1ecf t\u1ed5ng h\u1ee3p c\u1ee7a ch\u00fang t\u00f4i c\u00f3 th\u1ec3 \u0111\u01b0\u1ee3c \u0111i\u1ec1u ch\u1ec9nh \u0111\u1ec3 \u0111\u00e1p \u1ee9ng c\u00e1c y\u00eau c\u1ea7u c\u1ee5 th\u1ec3 c\u1ee7a b\u1ea1n. Ch\u00fang t\u00f4i h\u1ee3p t\u00e1c ch\u1eb7t ch\u1ebd v\u1edbi b\u1ea1n \u0111\u1ec3 t\u00ecm ra gi\u1ea3i ph\u00e1p ho\u00e0n h\u1ea3o gi\u00fap n\u00e2ng cao tr\u1ea3i nghi\u1ec7m paintball t\u1ed5ng th\u1ec3.<\/p>\n<\/li>\n<li>\n<h4>B\u1ea3o tr\u00ec th\u1ea5p v\u00e0 kh\u1ea3 n\u0103ng th\u00edch \u1ee9ng<\/h4>\n<p>S\u00e2n c\u1ecf t\u1ed5ng h\u1ee3p c\u1ee7a Arturf \u0111\u01b0\u1ee3c thi\u1ebft k\u1ebf v\u1edbi m\u1ee5c \u0111\u00edch b\u1ea3o tr\u00ec th\u1ea5p. N\u00f3i l\u1eddi t\u1ea1m bi\u1ec7t v\u1edbi vi\u1ec7c t\u01b0\u1edbi n\u01b0\u1edbc, c\u1eaft c\u1ecf v\u00e0 b\u00f3n ph\u00e2n li\u00ean t\u1ee5c c\u1ea7n thi\u1ebft cho c\u1ecf t\u1ef1 nhi\u00ean. S\u00e2n c\u1ecf c\u1ee7a ch\u00fang t\u00f4i y\u00eau c\u1ea7u b\u1ea3o tr\u00ec t\u1ed1i thi\u1ec3u, cho ph\u00e9p b\u1ea1n t\u1eadp trung h\u01a1n v\u00e0o tr\u1eadn \u0111\u1ea5u. Ngo\u00e0i ra, m\u1eb7t c\u1ecf c\u1ee7a ch\u00fang t\u00f4i c\u00f3 th\u1ec3 th\u00edch \u1ee9ng v\u1edbi c\u00e1c c\u1ea5u h\u00ecnh s\u00e2n kh\u00e1c nhau, d\u1ec5 d\u00e0ng b\u1ed1 tr\u00ed c\u00e1c h\u1ed1 c\u00e1t tr\u00ean s\u00e2n v\u00e0 mang l\u1ea1i \u0111\u1ed9 b\u00e1m \u0111\u01b0\u1eddng c\u0169ng nh\u01b0 \u0111\u1ed9 an to\u00e0n t\u1ed1i \u01b0u cho ng\u01b0\u1eddi ch\u01a1i.<\/p>\n<\/li>\n<li>\n<h4>Chuy\u00ean m\u00f4n v\u00e0 Tin c\u1eady<\/h4>\n<p>V\u1edbi kinh nghi\u1ec7m s\u00e2u r\u1ed9ng c\u1ee7a ch\u00fang t\u00f4i trong ng\u00e0nh, Arturf \u0111\u00e3 gi\u00e0nh \u0111\u01b0\u1ee3c s\u1ef1 tin t\u01b0\u1edfng c\u1ee7a nh\u1eefng ng\u01b0\u1eddi \u0111am m\u00ea s\u00fang s\u01a1n tr\u00ean to\u00e0n th\u1ebf gi\u1edbi. Ch\u00fang t\u00f4i cam k\u1ebft cung c\u1ea5p c\u00e1c gi\u1ea3i ph\u00e1p c\u1ecf nh\u00e2n t\u1ea1o ch\u1ea5t l\u01b0\u1ee3ng cao \u0111\u00e1p \u1ee9ng c\u00e1c ti\u00eau chu\u1ea9n cao nh\u1ea5t. Khi b\u1ea1n ch\u1ecdn Arturf, b\u1ea1n \u0111ang ch\u1ecdn m\u1ed9t \u0111\u1ed1i t\u00e1c \u0111\u00e1ng tin c\u1eady chuy\u00ean \u0111\u1ea3m b\u1ea3o th\u00e0nh c\u00f4ng cho s\u00e2n b\u00f3ng s\u01a1n c\u1ee7a b\u1ea1n.<\/p>\n<\/li>\n<\/ol>\n<p><img alt=\"S\u01a1n\" loading=\"lazy\" decoding=\"async\" class=\"aligncenter wp-image-4466 size-full\" src=\"https:\/\/arturf.com\/wp-content\/uploads\/2013\/04\/Artificial-Turf-Paintball-Field-3.jpg\" width=\"600\" height=\"450\" srcset=\"https:\/\/arturf.com\/wp-content\/uploads\/2013\/04\/Artificial-Turf-Paintball-Field-3.jpg 600w, https:\/\/arturf.com\/wp-content\/uploads\/2013\/04\/Artificial-Turf-Paintball-Field-3-300x225.jpg 300w, https:\/\/arturf.com\/wp-content\/uploads\/2013\/04\/Artificial-Turf-Paintball-Field-3-200x150.jpg 200w, https:\/\/arturf.com\/wp-content\/uploads\/2013\/04\/Artificial-Turf-Paintball-Field-3-16x12.jpg 16w, https:\/\/arturf.com\/wp-content\/uploads\/2013\/04\/Artificial-Turf-Paintball-Field-3-350x263.jpg 350w, https:\/\/arturf.com\/wp-content\/uploads\/2013\/04\/Artificial-Turf-Paintball-Field-3-510x383.jpg 510w\" sizes=\"auto, (max-width: 600px) 100vw, 600px\" \/><\/p>\n<h2>Ch\u1ecdn c\u1ecf nh\u00e2n t\u1ea1o ph\u00f9 h\u1ee3p cho s\u00e2n b\u00f3ng s\u01a1n<\/h2>\n<ol>\n<li>\n<h4>C\u1ecf l\u01b0\u1ee1i ng\u1eafn<\/h4>\n<p>C\u1ecf l\u01b0\u1ee1i ng\u1eafn ph\u00f9 h\u1ee3p cho c\u1ea3 s\u00e2n trong nh\u00e0 v\u00e0 ngo\u00e0i tr\u1eddi v\u00e0 gi\u00fap l\u00e0m s\u1ea1ch d\u1ec5 d\u00e0ng h\u01a1n. N\u1ebfu b\u1ea1n th\u00edch th\u1ea9m m\u1ef9 \u201cc\u1ecf th\u1eadt\u201d cho s\u00e2n b\u00f3ng s\u01a1n ngo\u00e0i tr\u1eddi c\u1ee7a m\u00ecnh, h\u00e3y xem x\u00e9t <a href=\"https:\/\/arturf.com\/vi\/products\/landscape-grass\/\">Long Blade Turf<\/a>.<\/p>\n<\/li>\n<li>\n<h4>Long Blade Turf<\/h4>\n<p>C\u1ecf l\u01b0\u1ee1i d\u00e0i ch\u1ee7 y\u1ebfu \u0111\u01b0\u1ee3c s\u1eed d\u1ee5ng cho c\u00e1c s\u00e2n ngo\u00e0i tr\u1eddi do nh\u1eefng th\u00e1ch th\u1ee9c trong vi\u1ec7c l\u00e0m s\u1ea1ch l\u01b0\u1ee1i d\u00e0i trong nh\u00e0. N\u1ebfu b\u1ea1n c\u00f3 m\u1ed9t c\u01a1 s\u1edf b\u1eafn s\u00fang s\u01a1n trong nh\u00e0, ch\u00fang t\u00f4i khuy\u00ean b\u1ea1n n\u00ean kh\u00e1m ph\u00e1 l\u1ef1a ch\u1ecdn c\u1ee7a ch\u00fang t\u00f4i <a href=\"https:\/\/arturf.com\/vi\/products\/multi-purpose\/\">S\u00e2n c\u1ecf \u201cng\u1eafn\u201d<\/a> \u0111\u1ec3 b\u1ea3o tr\u00ec thu\u1eadn ti\u1ec7n h\u01a1n.<\/p>\n<\/li>\n<\/ol>\n<h2>Ch\u1ecdn Arturf \u0111\u1ec3 c\u00f3 Gi\u1ea3i ph\u00e1p S\u00e2n b\u00f3ng S\u01a1n Cao c\u1ea5p<\/h2>\n<p>Khi nh\u1eafc \u0111\u1ebfn c\u1ecf nh\u00e2n t\u1ea1o chuy\u00ean nghi\u1ec7p cho s\u00e2n b\u1eafn s\u00fang s\u01a1n, Arturf l\u00e0 c\u00e1i t\u00ean m\u00e0 b\u1ea1n c\u00f3 th\u1ec3 tin c\u1eady. V\u1edbi c\u00e1c t\u00ednh n\u0103ng c\u00f3 th\u1ec3 t\u00f9y ch\u1ec9nh nh\u01b0 tr\u1ecdng l\u01b0\u1ee3ng b\u1ec1 m\u1eb7t, m\u1eadt \u0111\u1ed9 v\u00e0 chi\u1ec1u cao c\u1ecdc, c\u00e1c s\u1ea3n ph\u1ea9m c\u1ee7a ch\u00fang t\u00f4i \u0111\u1ea3m b\u1ea3o ph\u00f9 h\u1ee3p ho\u00e0n h\u1ea3o cho c\u01a1 s\u1edf b\u1eafn s\u00fang s\u01a1n c\u1ee7a b\u1ea1n, d\u00f9 \u1edf trong nh\u00e0 hay ngo\u00e0i tr\u1eddi. Mong \u0111\u1ee3i ch\u1ea5t l\u01b0\u1ee3ng, \u0111\u1ed9 an to\u00e0n v\u00e0 \u0111\u1ed9 b\u1ec1n v\u01b0\u1ee3t tr\u1ed9i v\u1edbi c\u1ecf t\u1ed5ng h\u1ee3p c\u1ee7a Arturf, \u0111\u01b0\u1ee3c bi\u1ebft \u0111\u1ebfn v\u1edbi kh\u1ea3 n\u0103ng th\u00edch \u1ee9ng v\u00e0 b\u1ea3o tr\u00ec th\u1ea5p. H\u00e3y tin t\u01b0\u1edfng v\u00e0o chuy\u00ean m\u00f4n c\u1ee7a ch\u00fang t\u00f4i \u0111\u1ec3 cung c\u1ea5p gi\u1ea3i ph\u00e1p s\u00e2n b\u00f3ng s\u01a1n \u0111\u1eb7c bi\u1ec7t v\u00e0 l\u00e2u d\u00e0i. Ch\u1ecdn Arturf \u0111\u1ec3 ch\u01a1i t\u1ed1t nh\u1ea5t tr\u00ean s\u00e2n c\u1ecf nh\u00e2n t\u1ea1o.<\/p>\n\n\t\t<\/div>\n\t\t\t\t\t<\/div>\n\n\t\n\n<\/div>","protected":false},"excerpt":{"rendered":"","protected":false},"author":3,"featured_media":0,"parent":2230,"menu_order":22,"comment_status":"closed","ping_status":"closed","template":"page-blank.php","meta":{"_seopress_robots_primary_cat":"","_seopress_titles_title":"Superior Synthetic Turf for Paintball Fields","_seopress_titles_desc":"Experience safe and enjoyable paintball with Arturf&#039;s durable, adaptable, and low-maintenance synthetic turf. Discover our high-quality products today.","_seopress_robots_index":"","footnotes":""},"class_list":["post-4360","page","type-page","status-publish","hentry"],"_links":{"self":[{"href":"https:\/\/arturf.com\/vi\/wp-json\/wp\/v2\/pages\/4360","targetHints":{"allow":["GET"]}}],"collection":[{"href":"https:\/\/arturf.com\/vi\/wp-json\/wp\/v2\/pages"}],"about":[{"href":"https:\/\/arturf.com\/vi\/wp-json\/wp\/v2\/types\/page"}],"author":[{"embeddable":true,"href":"https:\/\/arturf.com\/vi\/wp-json\/wp\/v2\/users\/3"}],"replies":[{"embeddable":true,"href":"https:\/\/arturf.com\/vi\/wp-json\/wp\/v2\/comments?post=4360"}],"version-history":[{"count":0,"href":"https:\/\/arturf.com\/vi\/wp-json\/wp\/v2\/pages\/4360\/revisions"}],"up":[{"embeddable":true,"href":"https:\/\/arturf.com\/vi\/wp-json\/wp\/v2\/pages\/2230"}],"wp:attachment":[{"href":"https:\/\/arturf.com\/vi\/wp-json\/wp\/v2\/media?parent=4360"}],"curies":[{"name":"wp","href":"https:\/\/api.w.org\/{rel}","templated":true}]}}