{"id":4501,"date":"2013-10-25T14:22:25","date_gmt":"2013-10-25T14:22:25","guid":{"rendered":"https:\/\/arturf.com\/?page_id=4501"},"modified":"2023-07-08T15:49:35","modified_gmt":"2023-07-08T07:49:35","slug":"cricket","status":"publish","type":"page","link":"https:\/\/arturf.com\/vi\/sports\/cricket\/","title":{"rendered":"S\u00e2n c\u1ecf nh\u00e2n t\u1ea1o"},"content":{"rendered":"<div class=\"banner has-hover\" id=\"banner-645407472\">\n          <div class=\"banner-inner fill\">\n        <div class=\"banner-bg fill\" >\n            <img loading=\"lazy\" decoding=\"async\" width=\"1536\" height=\"614\" src=\"https:\/\/arturf.com\/wp-content\/uploads\/2023\/07\/Artificial-turf-Cricket-Pitch-Arturf-1536x614.jpg\" class=\"bg attachment-1536x1536 size-1536x1536\" alt=\"Cricket, C\u1ecf nh\u00e2n t\u1ea1o\" \/>                                    \n                    <\/div>\n\t\t\n        <div class=\"banner-layers container\">\n            <div class=\"fill banner-link\"><\/div>            \n\n   <div id=\"text-box-239444824\" class=\"text-box banner-layer x50 md-x50 lg-x50 y50 md-y50 lg-y50 res-text\">\n                                <div class=\"text-box-content text dark\">\n              \n              <div class=\"text-inner text-center\">\n                  \n\n<h1>C\u1ecf nh\u00e2n t\u1ea1o cao c\u1ea5p cho s\u00e2n cricket<\/h1>\n\n              <\/div>\n           <\/div>\n                            \n<style>\n#text-box-239444824 {\n  width: 60%;\n}\n#text-box-239444824 .text-box-content {\n  font-size: 100%;\n}\n<\/style>\n    <\/div>\n \n\n        <\/div>\n      <\/div>\n\n            \n<style>\n#banner-645407472 {\n  padding-top: 500px;\n}\n<\/style>\n  <\/div>\n\n\n<div class=\"row align-center\"  id=\"row-1519952496\">\n\n\n\t<div id=\"col-778446520\" class=\"col medium-10 small-12 large-10\"  >\n\t\t\t\t<div class=\"col-inner\"  >\n\t\t\t\n\t\t\t\n\n<p>C\u1ecf nh\u00e2n t\u1ea1o \u0111\u00e3 c\u00e1ch m\u1ea1ng h\u00f3a c\u00e1ch th\u1ee9c <a href=\"https:\/\/arturf.com\/vi\/sports\/\">c\u00e1c m\u00f4n th\u1ec3 thao<\/a> \u0111\u01b0\u1ee3c ch\u01a1i v\u00e0 th\u01b0\u1edfng th\u1ee9c tr\u00ean to\u00e0n th\u1ebf gi\u1edbi, v\u00e0 m\u00f4n cricket c\u0169ng kh\u00f4ng ngo\u1ea1i l\u1ec7. V\u1edbi v\u00f4 s\u1ed1 \u01b0u \u0111i\u1ec3m so v\u1edbi c\u1ecf t\u1ef1 nhi\u00ean, c\u1ecf nh\u00e2n t\u1ea1o ng\u00e0y c\u00e0ng tr\u1edf n\u00ean ph\u1ed5 bi\u1ebfn \u0111\u1ed1i v\u1edbi c\u00e1c s\u00e2n cricket, mang l\u1ea1i b\u1ec1 m\u1eb7t ch\u01a1i nh\u1ea5t qu\u00e1n, b\u1ec1n v\u00e0 \u00edt ph\u1ea3i b\u1ea3o tr\u00ec. L\u00e0 nh\u00e0 cung c\u1ea5p c\u1ecf nh\u00e2n t\u1ea1o cao c\u1ea5p h\u00e0ng \u0111\u1ea7u, Arturf cung c\u1ea5p nhi\u1ec1u gi\u1ea3i ph\u00e1p c\u1ecf t\u1ed5ng h\u1ee3p ch\u1ea5t l\u01b0\u1ee3ng cao \u0111\u01b0\u1ee3c thi\u1ebft k\u1ebf \u0111\u1eb7c bi\u1ec7t cho s\u00e2n cricket. Trong b\u00e0i vi\u1ebft n\u00e0y, ch\u00fang ta s\u1ebd kh\u00e1m ph\u00e1 nh\u1eefng l\u1ee3i \u00edch c\u1ee7a vi\u1ec7c s\u1eed d\u1ee5ng c\u1ecf nh\u00e2n t\u1ea1o v\u00e0 c\u00e1ch n\u00f3 c\u00f3 th\u1ec3 n\u00e2ng cao tr\u1ea3i nghi\u1ec7m ch\u01a1i cricket c\u1ee7a b\u1ea1n.<\/p>\n<h3>\u0110\u1ed9 b\u1ec1n v\u00e0 hi\u1ec7u su\u1ea5t ch\u01b0a t\u1eebng c\u00f3:<\/h3>\n<p>C\u1ecf nh\u00e2n t\u1ea1o cho s\u00e2n cricket \u0111\u01b0\u1ee3c thi\u1ebft k\u1ebf \u0111\u1ec3 ch\u1ecbu \u0111\u01b0\u1ee3c s\u1ef1 kh\u1eafc nghi\u1ec7t c\u1ee7a l\u1ed1i ch\u01a1i c\u01b0\u1eddng \u0111\u1ed9 cao v\u00e0 vi\u1ec7c s\u1eed d\u1ee5ng th\u01b0\u1eddng xuy\u00ean. Kh\u00f4ng gi\u1ed1ng nh\u01b0 c\u1ecf t\u1ef1 nhi\u00ean, c\u00f3 th\u1ec3 b\u1ecb m\u00f2n nhanh ch\u00f3ng v\u00e0 ph\u00e1t tri\u1ec3n c\u00e1c m\u1ea3ng kh\u00f4ng \u0111\u1ed3ng \u0111\u1ec1u, c\u1ecf t\u1ed5ng h\u1ee3p duy tr\u00ec t\u00ecnh tr\u1ea1ng nguy\u00ean s\u01a1 c\u1ee7a n\u00f3 ngay c\u1ea3 sau khi s\u1eed d\u1ee5ng r\u1ed9ng r\u00e3i. C\u00e1c v\u1eadt li\u1ec7u ti\u00ean ti\u1ebfn v\u00e0 k\u1ef9 thu\u1eadt s\u1ea3n xu\u1ea5t ti\u00ean ti\u1ebfn \u0111\u01b0\u1ee3c s\u1eed d\u1ee5ng \u0111\u1ea3m b\u1ea3o r\u1eb1ng c\u1ecf nh\u00e2n t\u1ea1o c\u00f3 kh\u1ea3 n\u0103ng ch\u1ed1ng m\u00e0i m\u00f2n cao v\u00e0 t\u00e1c \u0111\u1ed9ng c\u1ee7a b\u00f3ng cricket, cho ph\u00e9p ng\u01b0\u1eddi ch\u01a1i t\u1eadn h\u01b0\u1edfng m\u1ed9t b\u1ec1 m\u1eb7t ch\u01a1i \u1ed5n \u0111\u1ecbnh v\u00e0 \u0111\u00e1ng tin c\u1eady trong nhi\u1ec1u n\u0103m t\u1edbi.<\/p>\n<h3>B\u1ec1 m\u1eb7t ch\u01a1i nh\u1ea5t qu\u00e1n:<\/h3>\n<p>M\u1ed9t trong nh\u1eefng \u01b0u \u0111i\u1ec3m ch\u00ednh c\u1ee7a c\u1ecf nh\u00e2n t\u1ea1o l\u00e0 kh\u1ea3 n\u0103ng cung c\u1ea5p b\u1ec1 m\u1eb7t ch\u01a1i \u1ed5n \u0111\u1ecbnh trong su\u1ed1t c\u1ea3 n\u0103m, b\u1ea5t k\u1ec3 \u0111i\u1ec1u ki\u1ec7n th\u1eddi ti\u1ebft. \u0110\u01b0\u1ee3c thi\u1ebft k\u1ebf \u0111\u1ec3 b\u1eaft ch\u01b0\u1edbc c\u00e1c \u0111\u1eb7c t\u00ednh c\u1ee7a c\u1ecf t\u1ef1 nhi\u00ean, n\u00f3 mang l\u1ea1i \u0111\u1ed9 n\u1ea3y b\u00f3ng tuy\u1ec7t v\u1eddi v\u00e0 h\u00e0nh vi b\u00f3ng c\u00f3 th\u1ec3 d\u1ef1 \u0111o\u00e1n \u0111\u01b0\u1ee3c. T\u00ednh nh\u1ea5t qu\u00e1n n\u00e0y cho ph\u00e9p ng\u01b0\u1eddi ch\u01a1i ph\u00e1t tri\u1ec3n c\u00e1c k\u1ef9 n\u0103ng v\u00e0 chi\u1ebfn l\u01b0\u1ee3c c\u1ee7a h\u1ecd m\u00e0 kh\u00f4ng b\u1ecb c\u1ea3n tr\u1edf b\u1edfi c\u00e1c bi\u1ebfn th\u1ec3 kh\u00f4ng th\u1ec3 \u0111o\u00e1n tr\u01b0\u1edbc tr\u00ean s\u00e2n. Cho d\u00f9 \u0111\u00f3 l\u00e0 m\u1ed9t tr\u1eadn \u0111\u1ea5u c\u00f3 nh\u1ecbp \u0111\u1ed9 nhanh hay m\u1ed9t bu\u1ed5i t\u1eadp nh\u00e0n nh\u00e3, c\u1ecf nh\u00e2n t\u1ea1o \u0111\u1ea3m b\u1ea3o m\u1ed9t s\u00e2n ch\u01a1i b\u00ecnh \u0111\u1eb3ng cho t\u1ea5t c\u1ea3 nh\u1eefng ng\u01b0\u1eddi \u0111am m\u00ea m\u00f4n cricket.<\/p>\n<h3>B\u1ea3o tr\u00ec th\u1ea5p v\u00e0 hi\u1ec7u qu\u1ea3 v\u1ec1 chi ph\u00ed:<\/h3>\n<p>Vi\u1ec7c duy tr\u00ec m\u1ed9t s\u00e2n cricket c\u1ecf t\u1ef1 nhi\u00ean \u0111\u00f2i h\u1ecfi th\u1eddi gian, c\u00f4ng s\u1ee9c v\u00e0 ngu\u1ed3n t\u00e0i ch\u00ednh \u0111\u00e1ng k\u1ec3. Th\u01b0\u1eddng xuy\u00ean c\u1eaft c\u1ecf, t\u01b0\u1edbi n\u01b0\u1edbc v\u00e0 ki\u1ec3m so\u00e1t s\u00e2u b\u1ec7nh ch\u1ec9 l\u00e0 m\u1ed9t s\u1ed1 nhi\u1ec7m v\u1ee5 li\u00ean quan \u0111\u1ebfn vi\u1ec7c gi\u1eef cho s\u00e2n \u1edf \u0111i\u1ec1u ki\u1ec7n t\u1ed1i \u01b0u. C\u1ecf nh\u00e2n t\u1ea1o lo\u1ea1i b\u1ecf nhu c\u1ea7u b\u1ea3o tr\u00ec r\u1ed9ng r\u00e3i nh\u01b0 v\u1eady, ti\u1ebft ki\u1ec7m c\u1ea3 th\u1eddi gian v\u00e0 ti\u1ec1n b\u1ea1c. V\u1edbi c\u00e1c y\u00eau c\u1ea7u b\u1ea3o tr\u00ec t\u1ed1i thi\u1ec3u, ch\u1eb3ng h\u1ea1n nh\u01b0 th\u1ec9nh tho\u1ea3ng ch\u1ea3i v\u00e0 l\u00e0m s\u1ea1ch, c\u00e1c c\u00e2u l\u1ea1c b\u1ed9 v\u00e0 c\u01a1 s\u1edf cricket c\u00f3 th\u1ec3 ph\u00e2n b\u1ed5 ngu\u1ed3n l\u1ef1c c\u1ee7a h\u1ecd hi\u1ec7u qu\u1ea3 h\u01a1n v\u00e0 t\u1eadp trung v\u00e0o vi\u1ec7c n\u00e2ng cao tr\u1ea3i nghi\u1ec7m cricket t\u1ed5ng th\u1ec3 cho ng\u01b0\u1eddi ch\u01a1i v\u00e0 kh\u00e1n gi\u1ea3.<\/p>\n<h3>L\u1ee3i \u00edch m\u00f4i tr\u01b0\u1eddng:<\/h3>\n<p>C\u1ecf nh\u00e2n t\u1ea1o ph\u1ea3n \u00e1nh cam k\u1ebft cung c\u1ea5p c\u00e1c gi\u1ea3i ph\u00e1p b\u1ec1n v\u1eefng v\u00e0 th\u00e2n thi\u1ec7n v\u1edbi m\u00f4i tr\u01b0\u1eddng. B\u1eb1ng c\u00e1ch ch\u1ecdn c\u1ecf t\u1ed5ng h\u1ee3p thay v\u00ec c\u1ecf t\u1ef1 nhi\u00ean, c\u00e1c c\u00e2u l\u1ea1c b\u1ed9 cricket g\u00f3p ph\u1ea7n v\u00e0o n\u1ed7 l\u1ef1c b\u1ea3o t\u1ed3n n\u01b0\u1edbc b\u1eb1ng c\u00e1ch lo\u1ea1i b\u1ecf nhu c\u1ea7u t\u01b0\u1edbi ti\u00eau. Ngo\u00e0i ra, vi\u1ec7c kh\u00f4ng s\u1eed d\u1ee5ng thu\u1ed1c tr\u1eeb s\u00e2u, ph\u00e2n b\u00f3n v\u00e0 thu\u1ed1c di\u1ec7t c\u1ecf th\u01b0\u1eddng li\u00ean quan \u0111\u1ebfn vi\u1ec7c duy tr\u00ec c\u1ecf t\u1ef1 nhi\u00ean gi\u00fap gi\u1ea3m \u00f4 nhi\u1ec5m m\u00f4i tr\u01b0\u1eddng. V\u1edbi c\u1ecf nh\u00e2n t\u1ea1o, b\u1ea1n c\u00f3 th\u1ec3 th\u01b0\u1edfng th\u1ee9c tr\u00f2 ch\u01a1i cricket trong khi gi\u1ea3m thi\u1ec3u d\u1ea5u ch\u00e2n sinh th\u00e1i c\u1ee7a m\u00ecnh.<\/p>\n<h3>Ph\u1ea7n k\u1ebft lu\u1eadn:<\/h3>\n<p>C\u1ecf nh\u00e2n t\u1ea1o \u0111\u00e3 thay \u0111\u1ed5i c\u00e1ch ch\u01a1i cricket, mang l\u1ea1i \u0111\u1ed9 b\u1ec1n, t\u00ednh nh\u1ea5t qu\u00e1n v\u1ec1 hi\u1ec7u su\u1ea5t v\u00e0 hi\u1ec7u qu\u1ea3 chi ph\u00ed. L\u00e0 nh\u00e0 cung c\u1ea5p c\u1ecf nh\u00e2n t\u1ea1o cao c\u1ea5p h\u00e0ng \u0111\u1ea7u, Arturf cung c\u1ea5p c\u00e1c gi\u1ea3i ph\u00e1p ch\u1ea5t l\u01b0\u1ee3ng h\u00e0ng \u0111\u1ea7u \u0111\u01b0\u1ee3c thi\u1ebft k\u1ebf ri\u00eang cho s\u00e2n cricket. B\u1eb1ng c\u00e1ch ch\u1ecdn c\u1ecf nh\u00e2n t\u1ea1o, nh\u1eefng ng\u01b0\u1eddi \u0111am m\u00ea m\u00f4n cricket c\u00f3 th\u1ec3 t\u1eadn h\u01b0\u1edfng m\u1ed9t b\u1ec1 m\u1eb7t ch\u01a1i \u0111\u00e1ng tin c\u1eady, \u00edt ph\u1ea3i b\u1ea3o tr\u00ec, gi\u00fap n\u00e2ng cao tr\u1ea3i nghi\u1ec7m ch\u01a1i cricket t\u1ed5ng th\u1ec3. Cho d\u00f9 b\u1ea1n l\u00e0 m\u1ed9t c\u1ea7u th\u1ee7 chuy\u00ean nghi\u1ec7p, m\u1ed9t ng\u01b0\u1eddi \u0111am m\u00ea nghi\u1ec7p d\u01b0 hay m\u1ed9t c\u00e2u l\u1ea1c b\u1ed9 cricket \u0111ang t\u00ecm c\u00e1ch n\u00e2ng c\u1ea5p c\u01a1 s\u1edf v\u1eadt ch\u1ea5t c\u1ee7a m\u00ecnh, th\u00ec vi\u1ec7c \u0111\u1ea7u t\u01b0 v\u00e0o c\u1ecf nh\u00e2n t\u1ea1o cao c\u1ea5p cho s\u00e2n cricket c\u00f3 th\u1ec3 n\u00e2ng tr\u1eadn \u0111\u1ea5u c\u1ee7a b\u1ea1n l\u00ean m\u1ed9t t\u1ea7m cao m\u1edbi.<\/p>\n<p><img loading=\"lazy\" decoding=\"async\" class=\"alignnone size-full wp-image-4727\" title=\"S\u00e2n c\u1ecf nh\u00e2n t\u1ea1o\" src=\"https:\/\/arturf.com\/wp-content\/uploads\/2013\/10\/cricket-3.jpg\" alt=\"S\u00e2n c\u1ecf nh\u00e2n t\u1ea1o\" width=\"600\" height=\"450\" srcset=\"https:\/\/arturf.com\/wp-content\/uploads\/2013\/10\/cricket-3.jpg 600w, https:\/\/arturf.com\/wp-content\/uploads\/2013\/10\/cricket-3-300x225.jpg 300w, https:\/\/arturf.com\/wp-content\/uploads\/2013\/10\/cricket-3-200x150.jpg 200w, https:\/\/arturf.com\/wp-content\/uploads\/2013\/10\/cricket-3-16x12.jpg 16w, https:\/\/arturf.com\/wp-content\/uploads\/2013\/10\/cricket-3-350x263.jpg 350w, https:\/\/arturf.com\/wp-content\/uploads\/2013\/10\/cricket-3-510x383.jpg 510w\" sizes=\"auto, (max-width: 600px) 100vw, 600px\" \/><\/p>\n\t\n  \n    <div class=\"row large-columns-4 medium-columns-3 small-columns-2 row-small slider row-slider slider-nav-reveal slider-nav-push\"  data-flickity-options='{&quot;imagesLoaded&quot;: true, &quot;groupCells&quot;: &quot;100%&quot;, &quot;dragThreshold&quot; : 5, &quot;cellAlign&quot;: &quot;left&quot;,&quot;wrapAround&quot;: true,&quot;prevNextButtons&quot;: true,&quot;percentPosition&quot;: true,&quot;pageDots&quot;: false, &quot;rightToLeft&quot;: false, &quot;autoPlay&quot; : false}' >\n\n  \n\t     <div class=\"product-small col has-hover product type-product post-6559 status-publish first instock product_cat-tennis product_cat-multi-purpose product_cat-hockey has-post-thumbnail shipping-taxable product-type-simple\">\n\t<div class=\"col-inner\">\n\t\n<div class=\"badge-container absolute left top z-1\">\n\n<\/div>\n\t<div class=\"product-small box\">\n\t\t<div class=\"box-image\">\n\t\t\t<div class=\"image-fade_in_back\">\n\t\t\t\t<a href=\"https:\/\/arturf.com\/vi\/product\/tennis-multi-sports-artificial-grass-elite\/\">\n\t\t\t\t\t<img loading=\"lazy\" decoding=\"async\" width=\"350\" height=\"263\" src=\"https:\/\/arturf.com\/wp-content\/uploads\/2018\/06\/Fibrillated-Artificial-Grass-Elite-12-350x263.jpg\" class=\"attachment-woocommerce_thumbnail size-woocommerce_thumbnail\" alt=\"Tennis &amp; C\u1ecf nh\u00e2n t\u1ea1o nhi\u1ec1u m\u00f4n th\u1ec3 thao - Elite\" srcset=\"https:\/\/arturf.com\/wp-content\/uploads\/2018\/06\/Fibrillated-Artificial-Grass-Elite-12-350x263.jpg 350w, https:\/\/arturf.com\/wp-content\/uploads\/2018\/06\/Fibrillated-Artificial-Grass-Elite-12-300x225.jpg 300w, https:\/\/arturf.com\/wp-content\/uploads\/2018\/06\/Fibrillated-Artificial-Grass-Elite-12-200x150.jpg 200w, https:\/\/arturf.com\/wp-content\/uploads\/2018\/06\/Fibrillated-Artificial-Grass-Elite-12-768x576.jpg 768w, https:\/\/arturf.com\/wp-content\/uploads\/2018\/06\/Fibrillated-Artificial-Grass-Elite-12-16x12.jpg 16w, https:\/\/arturf.com\/wp-content\/uploads\/2018\/06\/Fibrillated-Artificial-Grass-Elite-12-510x383.jpg 510w, https:\/\/arturf.com\/wp-content\/uploads\/2018\/06\/Fibrillated-Artificial-Grass-Elite-12.jpg 800w\" sizes=\"auto, (max-width: 350px) 100vw, 350px\" \/><img loading=\"lazy\" decoding=\"async\" width=\"350\" height=\"263\" src=\"https:\/\/arturf.com\/wp-content\/uploads\/2018\/06\/Tennis-Court-Artificial-Turf-F15-Red-350x263.jpg\" class=\"show-on-hover absolute fill hide-for-small back-image\" alt=\"G\u00f3c nh\u00ecn kh\u00e1c v\u1ec1 C\u1ecf nh\u00e2n t\u1ea1o s\u00e2n tennis v\u00e0 \u0111a n\u0103ng - Elite\" aria-hidden=\"true\" srcset=\"https:\/\/arturf.com\/wp-content\/uploads\/2018\/06\/Tennis-Court-Artificial-Turf-F15-Red-350x263.jpg 350w, https:\/\/arturf.com\/wp-content\/uploads\/2018\/06\/Tennis-Court-Artificial-Turf-F15-Red-300x225.jpg 300w, https:\/\/arturf.com\/wp-content\/uploads\/2018\/06\/Tennis-Court-Artificial-Turf-F15-Red-200x150.jpg 200w, https:\/\/arturf.com\/wp-content\/uploads\/2018\/06\/Tennis-Court-Artificial-Turf-F15-Red-768x576.jpg 768w, https:\/\/arturf.com\/wp-content\/uploads\/2018\/06\/Tennis-Court-Artificial-Turf-F15-Red-16x12.jpg 16w, https:\/\/arturf.com\/wp-content\/uploads\/2018\/06\/Tennis-Court-Artificial-Turf-F15-Red-510x383.jpg 510w, https:\/\/arturf.com\/wp-content\/uploads\/2018\/06\/Tennis-Court-Artificial-Turf-F15-Red.jpg 800w\" sizes=\"auto, (max-width: 350px) 100vw, 350px\" \/>\t\t\t\t<\/a>\n\t\t\t<\/div>\n\t\t\t<div class=\"image-tools is-small top right show-on-hover\">\n\t\t\t\t\t\t\t<\/div>\n\t\t\t<div class=\"image-tools is-small hide-for-small bottom left show-on-hover\">\n\t\t\t\t\t\t\t<\/div>\n\t\t\t<div class=\"image-tools grid-tools text-center hide-for-small bottom hover-slide-in show-on-hover\">\n\t\t\t\t<a href=\"#quick-view\" class=\"quick-view\" role=\"button\" data-prod=\"6559\" aria-haspopup=\"dialog\" aria-expanded=\"false\" data-flatsome-role-button>Xem nhanh<\/a>\t\t\t<\/div>\n\t\t\t\t\t<\/div>\n\n\t\t<div class=\"box-text box-text-products\">\n\t\t\t<div class=\"title-wrapper\">\t\t<p class=\"category uppercase is-smaller no-text-overflow product-cat op-8\">\n\t\t\tQu\u1ea7n v\u1ee3t\t\t<\/p>\n\t<p class=\"name product-title woocommerce-loop-product__title\"><a href=\"https:\/\/arturf.com\/vi\/product\/tennis-multi-sports-artificial-grass-elite\/\" class=\"woocommerce-LoopProduct-link woocommerce-loop-product__link\">Tennis &amp; C\u1ecf nh\u00e2n t\u1ea1o nhi\u1ec1u m\u00f4n th\u1ec3 thao - Elite<\/a><\/p><\/div><div class=\"price-wrapper\"><\/div>\t\t<\/div>\n\t<\/div>\n\t\t<\/div>\n<\/div><div class=\"product-small col has-hover product type-product post-6519 status-publish instock product_cat-golf product_cat-tennis product_cat-multi-purpose has-post-thumbnail shipping-taxable product-type-simple\">\n\t<div class=\"col-inner\">\n\t\n<div class=\"badge-container absolute left top z-1\">\n\n<\/div>\n\t<div class=\"product-small box\">\n\t\t<div class=\"box-image\">\n\t\t\t<div class=\"image-fade_in_back\">\n\t\t\t\t<a href=\"https:\/\/arturf.com\/vi\/product\/flex\/\">\n\t\t\t\t\t<img loading=\"lazy\" decoding=\"async\" width=\"350\" height=\"263\" src=\"https:\/\/arturf.com\/wp-content\/uploads\/2018\/05\/Arturf-Putting-Green-Flex-Pro-16-1-1-350x263.jpg\" class=\"attachment-woocommerce_thumbnail size-woocommerce_thumbnail\" alt=\"U\u1ed1n cong\" srcset=\"https:\/\/arturf.com\/wp-content\/uploads\/2018\/05\/Arturf-Putting-Green-Flex-Pro-16-1-1-350x263.jpg 350w, https:\/\/arturf.com\/wp-content\/uploads\/2018\/05\/Arturf-Putting-Green-Flex-Pro-16-1-1-500x375.jpg 500w, https:\/\/arturf.com\/wp-content\/uploads\/2018\/05\/Arturf-Putting-Green-Flex-Pro-16-1-1-200x150.jpg 200w, https:\/\/arturf.com\/wp-content\/uploads\/2018\/05\/Arturf-Putting-Green-Flex-Pro-16-1-1-768x576.jpg 768w, https:\/\/arturf.com\/wp-content\/uploads\/2018\/05\/Arturf-Putting-Green-Flex-Pro-16-1-1-16x12.jpg 16w, https:\/\/arturf.com\/wp-content\/uploads\/2018\/05\/Arturf-Putting-Green-Flex-Pro-16-1-1-510x383.jpg 510w, https:\/\/arturf.com\/wp-content\/uploads\/2018\/05\/Arturf-Putting-Green-Flex-Pro-16-1-1.jpg 800w\" sizes=\"auto, (max-width: 350px) 100vw, 350px\" \/><img loading=\"lazy\" decoding=\"async\" width=\"350\" height=\"263\" src=\"https:\/\/arturf.com\/wp-content\/uploads\/2018\/05\/Flex-Green-350x263.jpg\" class=\"show-on-hover absolute fill hide-for-small back-image\" alt=\"G\u00f3c nh\u00ecn kh\u00e1c v\u1ec1 Flex\" aria-hidden=\"true\" srcset=\"https:\/\/arturf.com\/wp-content\/uploads\/2018\/05\/Flex-Green-350x263.jpg 350w, https:\/\/arturf.com\/wp-content\/uploads\/2018\/05\/Flex-Green-500x375.jpg 500w, https:\/\/arturf.com\/wp-content\/uploads\/2018\/05\/Flex-Green-200x150.jpg 200w, https:\/\/arturf.com\/wp-content\/uploads\/2018\/05\/Flex-Green-768x576.jpg 768w, https:\/\/arturf.com\/wp-content\/uploads\/2018\/05\/Flex-Green-16x12.jpg 16w, https:\/\/arturf.com\/wp-content\/uploads\/2018\/05\/Flex-Green-510x383.jpg 510w, https:\/\/arturf.com\/wp-content\/uploads\/2018\/05\/Flex-Green.jpg 800w\" sizes=\"auto, (max-width: 350px) 100vw, 350px\" \/>\t\t\t\t<\/a>\n\t\t\t<\/div>\n\t\t\t<div class=\"image-tools is-small top right show-on-hover\">\n\t\t\t\t\t\t\t<\/div>\n\t\t\t<div class=\"image-tools is-small hide-for-small bottom left show-on-hover\">\n\t\t\t\t\t\t\t<\/div>\n\t\t\t<div class=\"image-tools grid-tools text-center hide-for-small bottom hover-slide-in show-on-hover\">\n\t\t\t\t<a href=\"#quick-view\" class=\"quick-view\" role=\"button\" data-prod=\"6519\" aria-haspopup=\"dialog\" aria-expanded=\"false\" data-flatsome-role-button>Xem nhanh<\/a>\t\t\t<\/div>\n\t\t\t\t\t<\/div>\n\n\t\t<div class=\"box-text box-text-products\">\n\t\t\t<div class=\"title-wrapper\">\t\t<p class=\"category uppercase is-smaller no-text-overflow product-cat op-8\">\n\t\t\tS\u1ea3n ph\u1ea9m Golf\t\t<\/p>\n\t<p class=\"name product-title woocommerce-loop-product__title\"><a href=\"https:\/\/arturf.com\/vi\/product\/flex\/\" class=\"woocommerce-LoopProduct-link woocommerce-loop-product__link\">U\u1ed1n cong<\/a><\/p><\/div><div class=\"price-wrapper\"><\/div>\t\t<\/div>\n\t<\/div>\n\t\t<\/div>\n<\/div><\/div>\n\n\n\t\t<\/div>\n\t\t\t\t\t<\/div>\n\n\t\n\n<\/div>","protected":false},"excerpt":{"rendered":"","protected":false},"author":3,"featured_media":0,"parent":2230,"menu_order":20,"comment_status":"closed","ping_status":"closed","template":"page-blank.php","meta":{"_seopress_robots_primary_cat":"","_seopress_titles_title":"","_seopress_titles_desc":"Enhance cricket with Arturf&#039;s premium artificial grass - durable, high-performance, low maintenance. Elevate your game now!","_seopress_robots_index":"","footnotes":""},"class_list":["post-4501","page","type-page","status-publish","hentry"],"_links":{"self":[{"href":"https:\/\/arturf.com\/vi\/wp-json\/wp\/v2\/pages\/4501","targetHints":{"allow":["GET"]}}],"collection":[{"href":"https:\/\/arturf.com\/vi\/wp-json\/wp\/v2\/pages"}],"about":[{"href":"https:\/\/arturf.com\/vi\/wp-json\/wp\/v2\/types\/page"}],"author":[{"embeddable":true,"href":"https:\/\/arturf.com\/vi\/wp-json\/wp\/v2\/users\/3"}],"replies":[{"embeddable":true,"href":"https:\/\/arturf.com\/vi\/wp-json\/wp\/v2\/comments?post=4501"}],"version-history":[{"count":0,"href":"https:\/\/arturf.com\/vi\/wp-json\/wp\/v2\/pages\/4501\/revisions"}],"up":[{"embeddable":true,"href":"https:\/\/arturf.com\/vi\/wp-json\/wp\/v2\/pages\/2230"}],"wp:attachment":[{"href":"https:\/\/arturf.com\/vi\/wp-json\/wp\/v2\/media?parent=4501"}],"curies":[{"name":"wp","href":"https:\/\/api.w.org\/{rel}","templated":true}]}}