{"id":5652,"date":"2016-12-11T12:12:47","date_gmt":"2016-12-11T12:12:47","guid":{"rendered":"https:\/\/arturf.com\/?page_id=5652"},"modified":"2023-09-03T20:37:29","modified_gmt":"2023-09-03T12:37:29","slug":"about","status":"publish","type":"page","link":"https:\/\/arturf.com\/vi\/about\/","title":{"rendered":"Trong kho\u1ea3ng"},"content":{"rendered":"<section class=\"section dark\" id=\"section_1359924452\">\n\t\t<div class=\"section-bg fill\" >\n\t\t\t<img loading=\"lazy\" decoding=\"async\" width=\"2000\" height=\"1500\" src=\"https:\/\/arturf.com\/wp-content\/uploads\/2023\/07\/Arturf-Factory-Artificial-Grass-Tufting.jpg\" class=\"bg attachment- size-\" alt=\"Nh\u00e0 s\u1ea3n xu\u1ea5t, Arturf\" \/>\t\t\t\t<div class=\"video-overlay no-click fill\"><\/div>\n\t<div id=\"ytplayer-612\" class=\"ux-youtube fill object-fit hide-for-medium\" data-videoid=\"zJLf-lc35wc\" data-loop=\"1\" data-audio=\"0\"><\/div>\n\t\t\t<div class=\"section-bg-overlay absolute fill\"><\/div>\n\t\t\t\n\n\t\t<\/div>\n\n\t\t\n\n\t\t<div class=\"section-content relative\">\n\t\t\t\n\n<div class=\"row\"  id=\"row-955563880\">\n\n\n\t<div id=\"col-228229141\" class=\"col medium-7 small-9 large-5\"  >\n\t\t\t\t<div class=\"col-inner\"  >\n\t\t\t\n\t\t\t\n\n\t<div id=\"text-3593356892\" class=\"text\">\n\t\t\n\n<h1>Nh\u00e0 s\u1ea3n xu\u1ea5t c\u1ecf nh\u00e2n t\u1ea1o h\u00e0ng \u0111\u1ea7u- \u0110\u1ed1i t\u00e1c kinh doanh \u0111\u00e1ng tin c\u1eady c\u1ee7a b\u1ea1n<\/h1>\n\t\t\n<style>\n#text-3593356892 {\n  font-size: 1.5rem;\n}\n<\/style>\n\t<\/div>\n\t\n\n\t\t<\/div>\n\t\t\t\t\t<\/div>\n\n\t\n\n<\/div>\n\n\t\t<\/div>\n\n\t\t\n<style>\n#section_1359924452 {\n  padding-top: 100px;\n  padding-bottom: 100px;\n}\n#section_1359924452 .section-bg-overlay {\n  background-color: rgba(0, 0, 0, 0.13);\n}\n@media (min-width:550px) {\n  #section_1359924452 {\n    padding-top: 140px;\n    padding-bottom: 140px;\n  }\n}\n@media (min-width:850px) {\n  #section_1359924452 {\n    padding-top: 180px;\n    padding-bottom: 180px;\n  }\n}\n<\/style>\n\t<\/section>\n\t\n\n\t<section class=\"section\" id=\"section_1293096592\">\n\t\t<div class=\"section-bg fill\" >\n\t\t\t\t\t\t\t\t\t\n\t\t\t\n\n\t\t<\/div>\n\n\t\t\n\n\t\t<div class=\"section-content relative\">\n\t\t\t\n\n<div class=\"row row-large align-right\"  id=\"row-877572812\">\n\n\n\t<div id=\"col-1816454644\" class=\"col medium-4 small-12 large-4\"  >\n\t\t\t\t<div class=\"col-inner\"  >\n\t\t\t\n\t\t\t\n\n\t<div class=\"ux-menu stack stack-col justify-start ux-menu--divider-solid\">\n\t\t\n\n\t<div class=\"ux-menu-link flex menu-item\">\n\t\t<a class=\"ux-menu-link__link flex\" href=\"https:\/\/arturf.com\/vi\/about\/artificial-grass-factory\/\" >\n\t\t\t<i class=\"ux-menu-link__icon text-center icon-angle-right\" aria-hidden=\"true\"><\/i>\t\t\t<span class=\"ux-menu-link__text\">\n\t\t\t\tTham quan nh\u00e0 m\u00e1y\t\t\t<\/span>\n\t\t<\/a>\n\t<\/div>\n\t\n\n\t<div class=\"ux-menu-link flex menu-item\">\n\t\t<a class=\"ux-menu-link__link flex\" href=\"https:\/\/arturf.com\/vi\/about\/quality-assurance\/\" >\n\t\t\t<i class=\"ux-menu-link__icon text-center icon-angle-right\" aria-hidden=\"true\"><\/i>\t\t\t<span class=\"ux-menu-link__text\">\n\t\t\t\t\u0110\u1ea3m b\u1ea3o ch\u1ea5t l\u01b0\u1ee3ng\t\t\t<\/span>\n\t\t<\/a>\n\t<\/div>\n\t\n\n\t<div class=\"ux-menu-link flex menu-item\">\n\t\t<a class=\"ux-menu-link__link flex\" href=\"https:\/\/arturf.com\/vi\/about\/technology-innovation\/\" >\n\t\t\t<i class=\"ux-menu-link__icon text-center icon-angle-right\" aria-hidden=\"true\"><\/i>\t\t\t<span class=\"ux-menu-link__text\">\n\t\t\t\tC\u00f4ng ngh\u1ec7 &amp; \u0110\u1ed5i m\u1edbi\t\t\t<\/span>\n\t\t<\/a>\n\t<\/div>\n\t\n\n\n\t<\/div>\n\t\n\n\t\t<\/div>\n\t\t\t\t\t<\/div>\n\n\t\n\n\t<div id=\"col-2076296772\" class=\"col medium-8 small-12 large-8\"  >\n\t\t\t\t<div class=\"col-inner\"  >\n\t\t\t\n\t\t\t\n\n<h2>T\u1ed5ng quan c\u00f4ng ty<\/h2>\n<p>Arturf, hay Team Sports Industry Ltd., l\u00e0 nh\u00e0 s\u1ea3n xu\u1ea5t c\u1ecf nh\u00e2n t\u1ea1o h\u00e0ng \u0111\u1ea7u t\u1ea1i Trung Qu\u1ed1c. Nh\u00e0 m\u00e1y hi\u1ec7n \u0111\u1ea1i c\u1ee7a ch\u00fang t\u00f4i \u0111\u01b0\u1ee3c trang b\u1ecb m\u00e1y m\u00f3c ti\u00ean ti\u1ebfn, \u0111\u1ea3m b\u1ea3o s\u1ea3n xu\u1ea5t c\u1ecf t\u1ed5ng h\u1ee3p ch\u1ea5t l\u01b0\u1ee3ng cao. Ch\u00fang t\u00f4i \u01b0u ti\u00ean s\u1ef1 an to\u00e0n, \u0111\u1ed9 b\u1ec1n v\u00e0 t\u00ednh th\u1ea9m m\u1ef9 \u0111\u1ec3 mang l\u1ea1i gi\u00e1 tr\u1ecb t\u1ed1t nh\u1ea5t trong ng\u00e0nh.<\/p>\n<p>V\u1edbi nh\u00e0 m\u00e1y \u00e9p \u0111\u00f9n s\u1ee3i ri\u00eang, ch\u00fang t\u00f4i duy tr\u00ec ki\u1ec3m so\u00e1t ch\u1ea5t l\u01b0\u1ee3ng nghi\u00eam ng\u1eb7t ngay t\u1eeb \u0111\u1ea7u. Nh\u00e0 m\u00e1y c\u1ee7a ch\u00fang t\u00f4i cung c\u1ea5p c\u00e1c t\u00f9y ch\u1ecdn t\u00f9y ch\u1ec9nh d\u1ef1a tr\u00ean th\u00f4ng s\u1ed1 k\u1ef9 thu\u1eadt c\u1ee7a b\u1ea1n, c\u00f9ng v\u1edbi c\u00e1c d\u1ecbch v\u1ee5 OEM\/ODM d\u00e0nh cho \u0111\u1ea1i l\u00fd. Ch\u00fang t\u00f4i c\u00f3 m\u1ed9t m\u1ea1ng l\u01b0\u1edbi kh\u00e1ch h\u00e0ng \u0111\u01b0\u1ee3c thi\u1ebft l\u1eadp t\u1ed1t v\u00e0 \u01b0u ti\u00ean s\u1ef1 h\u00e0i l\u00f2ng c\u1ee7a kh\u00e1ch h\u00e0ng tr\u00ean h\u1ebft. T\u1ea1i ARTURF, ch\u00fang t\u00f4i tin r\u1eb1ng c\u1ecf nh\u00e2n t\u1ea1o l\u00e0 m\u1ed9t lo\u1ea1i h\u00ecnh ngh\u1ec7 thu\u1eadt v\u00e0 ch\u00fang t\u00f4i t\u1eadn t\u00e2m mang \u0111\u1ebfn nh\u1eefng s\u1ea3n ph\u1ea9m \u0111\u1eb7c bi\u1ec7t ph\u1ea3n \u00e1nh ni\u1ec1m \u0111am m\u00ea c\u1ee7a ch\u00fang t\u00f4i \u0111\u1ed1i v\u1edbi ng\u00e0nh c\u00f4ng nghi\u1ec7p \u0111\u1ed5i m\u1edbi n\u00e0y.<\/p>\n\n\t\t<\/div>\n\t\t\t\t\t<\/div>\n\n\t\n\n<\/div>\n\t<div id=\"gap-1616101569\" class=\"gap-element clearfix\" style=\"display:block; height:auto;\">\n\t\t\n<style>\n#gap-1616101569 {\n  padding-top: 400px;\n}\n<\/style>\n\t<\/div>\n\t\n\n\n\t\t<\/div>\n\n\t\t\n<style>\n#section_1293096592 {\n  padding-top: 30px;\n  padding-bottom: 30px;\n}\n<\/style>\n\t<\/section>\n\t\n\n\t<section class=\"section\" id=\"section_1441630591\">\n\t\t<div class=\"section-bg fill\" >\n\t\t\t\t\t\t\t\t\t\n\t\t\t\n\n\t\t<\/div>\n\n\t\t\n\n\t\t<div class=\"section-content relative\">\n\t\t\t\n\n<div class=\"row\"  id=\"row-1265597265\">\n\n\n\t<div id=\"col-369025380\" class=\"col small-12 large-12\"  >\n\t\t\t\t<div class=\"col-inner\"  >\n\t\t\t\n\t\t\t\n\n<div class=\"row\"  id=\"row-702466824\">\n\n\n\t<div id=\"col-1619026578\" class=\"col medium-6 small-12 large-6\"  >\n\t\t\t\t<div class=\"col-inner\"  >\n\t\t\t\n\t\t\t\n\n\n  <div class=\"banner has-hover\" id=\"banner-1846426836\">\n          <div class=\"banner-inner fill\">\n        <div class=\"banner-bg fill\" >\n            <img loading=\"lazy\" decoding=\"async\" width=\"1000\" height=\"750\" src=\"https:\/\/arturf.com\/wp-content\/uploads\/2018\/12\/Yarn-Producing-4.jpg\" class=\"bg attachment-large size-large\" alt=\"Nh\u00e0 s\u1ea3n xu\u1ea5t, Arturf\" \/>                                    \n                    <\/div>\n\t\t\n        <div class=\"banner-layers container\">\n            <div class=\"fill banner-link\"><\/div>            \n\n   <div id=\"text-box-1425420594\" class=\"text-box banner-layer x50 md-x50 lg-x50 y50 md-y50 lg-y50 res-text\">\n                                <div class=\"text-box-content text dark\">\n              \n              <div class=\"text-inner text-center\">\n                  \n\n\n              <\/div>\n           <\/div>\n                            \n<style>\n#text-box-1425420594 {\n  width: 60%;\n}\n#text-box-1425420594 .text-box-content {\n  font-size: 100%;\n}\n@media (min-width:550px) {\n  #text-box-1425420594 {\n    width: 60%;\n  }\n}\n<\/style>\n    <\/div>\n \n\n        <\/div>\n      <\/div>\n\n            \n<style>\n#banner-1846426836 {\n  padding-top: 360px;\n  background-color: rgb(250, 250, 250);\n}\n<\/style>\n  <\/div>\n\n\n\n\t\t<\/div>\n\t\t\t\t\t<\/div>\n\n\t\n\n\t<div id=\"col-2076730220\" class=\"col medium-6 small-12 large-6\"  >\n\t\t\t\t<div class=\"col-inner\"  >\n\t\t\t\n\t\t\t\n\n\n  <div class=\"banner has-hover\" id=\"banner-559322479\">\n          <div class=\"banner-inner fill\">\n        <div class=\"banner-bg fill\" >\n            <img loading=\"lazy\" decoding=\"async\" width=\"768\" height=\"576\" src=\"https:\/\/arturf.com\/wp-content\/uploads\/2023\/07\/Arturf-Tufting-Machine-768x576.jpg\" class=\"bg attachment-medium_large size-medium_large\" alt=\"Nh\u00e0 s\u1ea3n xu\u1ea5t, Arturf\" \/>                                    \n                    <\/div>\n\t\t\n        <div class=\"banner-layers container\">\n            <div class=\"fill banner-link\"><\/div>            \n\n   <div id=\"text-box-889917596\" class=\"text-box banner-layer x50 md-x50 lg-x50 y50 md-y50 lg-y50 res-text\">\n                                <div class=\"text-box-content text dark\">\n              \n              <div class=\"text-inner text-center\">\n                  \n\n\n              <\/div>\n           <\/div>\n                            \n<style>\n#text-box-889917596 {\n  width: 60%;\n}\n#text-box-889917596 .text-box-content {\n  font-size: 100%;\n}\n@media (min-width:550px) {\n  #text-box-889917596 {\n    width: 60%;\n  }\n}\n<\/style>\n    <\/div>\n \n\n        <\/div>\n      <\/div>\n\n            \n<style>\n#banner-559322479 {\n  padding-top: 500px;\n  background-color: rgb(250, 250, 250);\n}\n#banner-559322479 .banner-bg img {\n  object-position: 60% 88%;\n}\n<\/style>\n  <\/div>\n\n\n\n\t\t<\/div>\n\t\t\t\t\t<\/div>\n\n\t\n\n<\/div>\n\n\t\t<\/div>\n\t\t\t\t\n<style>\n#col-369025380 > .col-inner {\n  margin: -390px 0px 0px 0px;\n}\n<\/style>\n\t<\/div>\n\n\t\n\n<\/div>\n\n\t\t<\/div>\n\n\t\t\n<style>\n#section_1441630591 {\n  padding-top: 30px;\n  padding-bottom: 30px;\n  background-color: rgb(122, 156, 89);\n}\n<\/style>\n\t<\/section>\n\t\n\n\t<section class=\"section dark\" id=\"section_601920461\">\n\t\t<div class=\"section-bg fill\" >\n\t\t\t\t\t\t\t\t\t\n\t\t\t\n\n\t\t<\/div>\n\n\t\t\n\n\t\t<div class=\"section-content relative\">\n\t\t\t\n\n<div class=\"row\"  id=\"row-1196351878\">\n\n\n\t<div id=\"col-307002782\" class=\"col small-12 large-12\"  >\n\t\t\t\t<div class=\"col-inner\"  >\n\t\t\t\n\t\t\t\n\n\t<div id=\"text-808923664\" class=\"text\">\n\t\t\n\n<h2>T\u1ea1i sao l\u1ea1i l\u00e0 Arturf?<\/h2>\n\t\t\n<style>\n#text-808923664 {\n  font-size: 1.45rem;\n  text-align: center;\n}\n<\/style>\n\t<\/div>\n\t\n\n\t\t<\/div>\n\t\t\t\t\t<\/div>\n\n\t\n\n<\/div>\n<div class=\"row row-large\"  id=\"row-1324985761\">\n\n\n\t<div id=\"col-1034973387\" class=\"col small-12 large-12\"  >\n\t\t\t\t<div class=\"col-inner\"  >\n\t\t\t\n\t\t\t\n\n<div class=\"container section-title-container\" style=\"margin-top:5px;margin-bottom:5px;\"><h3 class=\"section-title section-title-normal\"><b aria-hidden=\"true\"><\/b><span class=\"section-title-main\" style=\"font-size:80%;color:rgb(251, 251, 251);\">01<\/span><b aria-hidden=\"true\"><\/b><\/h3><\/div>\n\n\n\t\t<\/div>\n\t\t\t\t\n<style>\n#col-1034973387 > .col-inner {\n  margin: 0px 0px -20px 0px;\n}\n<\/style>\n\t<\/div>\n\n\t\n\n\t<div id=\"col-318499318\" class=\"col medium-12 small-12 large-6\"  >\n\t\t\t\t<div class=\"col-inner\"  >\n\t\t\t\n\t\t\t\n\n\t<div id=\"text-3281951161\" class=\"text\">\n\t\t\n\n<h3><span style=\"font-size: 180%;\">\u0110\u1ea3m b\u1ea3o ch\u1ea5t l\u01b0\u1ee3ng<\/span><\/h3>\n\t\t\n<style>\n#text-3281951161 {\n  font-size: 0.8rem;\n}\n<\/style>\n\t<\/div>\n\t\n\n\t\t<\/div>\n\t\t\t\t\t<\/div>\n\n\t\n\n\t<div id=\"col-1033591149\" class=\"col medium-12 small-12 large-6\"  >\n\t\t\t\t<div class=\"col-inner\"  >\n\t\t\t\n\t\t\t\n\n<p>Ch\u00fang t\u00f4i ki\u1ec3m so\u00e1t to\u00e0n b\u1ed9 quy tr\u00ecnh s\u1ea3n xu\u1ea5t c\u1ecf nh\u00e2n t\u1ea1o, h\u1ee3p t\u00e1c ch\u1eb7t ch\u1ebd v\u1edbi c\u00e1c nh\u00e0 cung c\u1ea5p nguy\u00ean li\u1ec7u th\u00f4 to\u00e0n c\u1ea7u \u0111\u1ec3 \u0111\u1ea3m b\u1ea3o c\u1ecf nh\u00e2n t\u1ea1o ch\u1ea5t l\u01b0\u1ee3ng cao v\u1edbi gi\u00e1 c\u1ea1nh tranh.<\/p>\n\n\t\t<\/div>\n\t\t\t\t\t<\/div>\n\n\t\n\n<\/div>\n<div class=\"row row-large\"  id=\"row-1236061866\">\n\n\n\t<div id=\"col-581114688\" class=\"col small-12 large-12\"  >\n\t\t\t\t<div class=\"col-inner\"  >\n\t\t\t\n\t\t\t\n\n<div class=\"container section-title-container\" style=\"margin-top:5px;margin-bottom:5px;\"><h3 class=\"section-title section-title-normal\"><b aria-hidden=\"true\"><\/b><span class=\"section-title-main\" style=\"font-size:80%;color:rgb(255, 255, 255);\">02<\/span><b aria-hidden=\"true\"><\/b><\/h3><\/div>\n\n\n\t\t<\/div>\n\t\t\t\t\n<style>\n#col-581114688 > .col-inner {\n  padding: 60px 0px 0px 0px;\n  margin: 0px 0px -20px 0px;\n}\n<\/style>\n\t<\/div>\n\n\t\n\n\t<div id=\"col-1565546716\" class=\"col medium-12 small-12 large-6\"  >\n\t\t\t\t<div class=\"col-inner\"  >\n\t\t\t\n\t\t\t\n\n\t<div id=\"text-3376587119\" class=\"text\">\n\t\t\n\n<h3><span style=\"font-size: 180%;\">Minh b\u1ea1ch to\u00e0n v\u1eb9n<\/span><\/h3>\n\t\t\n<style>\n#text-3376587119 {\n  font-size: 0.8rem;\n}\n<\/style>\n\t<\/div>\n\t\n\n\t\t<\/div>\n\t\t\t\t\t<\/div>\n\n\t\n\n\t<div id=\"col-1337023425\" class=\"col medium-12 small-12 large-6\"  >\n\t\t\t\t<div class=\"col-inner\"  >\n\t\t\t\n\t\t\t\n\n<p>Ch\u00fang t\u00f4i ti\u1ebfn h\u00e0nh kinh doanh m\u1ed9t c\u00e1ch trung th\u1ef1c, cung c\u1ea5p th\u00f4ng s\u1ed1 k\u1ef9 thu\u1eadt ch\u00ednh x\u00e1c, gi\u00e1 c\u1ea3 minh b\u1ea1ch v\u00e0 b\u1ea3o h\u00e0nh \u0111\u00e1ng tin c\u1eady m\u00e0 kh\u00f4ng c\u1ea7n d\u00f9ng \u0111\u1ebfn c\u00e1c chi\u1ebfn thu\u1eadt b\u00e1n h\u00e0ng ho\u1eb7c chi ph\u00ed \u1ea9n.<\/p>\n\n\t\t<\/div>\n\t\t\t\t\t<\/div>\n\n\t\n\n<\/div>\n<div class=\"row row-large\"  id=\"row-1201520372\">\n\n\n\t<div id=\"col-1758921071\" class=\"col small-12 large-12\"  >\n\t\t\t\t<div class=\"col-inner\"  >\n\t\t\t\n\t\t\t\n\n<div class=\"container section-title-container\" style=\"margin-top:5px;margin-bottom:5px;\"><h3 class=\"section-title section-title-normal\"><b aria-hidden=\"true\"><\/b><span class=\"section-title-main\" style=\"font-size:80%;color:rgb(255, 255, 255);\">03<\/span><b aria-hidden=\"true\"><\/b><\/h3><\/div>\n\n\n\t\t<\/div>\n\t\t\t\t\n<style>\n#col-1758921071 > .col-inner {\n  padding: 60px 0px 0px 0px;\n  margin: 0px 0px -20px 0px;\n}\n<\/style>\n\t<\/div>\n\n\t\n\n\t<div id=\"col-176343319\" class=\"col medium-12 small-12 large-6\"  >\n\t\t\t\t<div class=\"col-inner\"  >\n\t\t\t\n\t\t\t\n\n\t<div id=\"text-2642368176\" class=\"text\">\n\t\t\n\n<h3><span style=\"font-size: 180%;\">Ph\u01b0\u01a1ng ph\u00e1p l\u1ea5y kh\u00e1ch h\u00e0ng l\u00e0m trung t\u00e2m<br><\/span><\/h3>\n\t\t\n<style>\n#text-2642368176 {\n  font-size: 0.8rem;\n}\n<\/style>\n\t<\/div>\n\t\n\n\t\t<\/div>\n\t\t\t\t\t<\/div>\n\n\t\n\n\t<div id=\"col-57239398\" class=\"col medium-12 small-12 large-6\"  >\n\t\t\t\t<div class=\"col-inner\"  >\n\t\t\t\n\t\t\t\n\n<p>Ch\u00fang t\u00f4i \u01b0u ti\u00ean s\u1ef1 h\u00e0i l\u00f2ng c\u1ee7a kh\u00e1ch h\u00e0ng b\u1eb1ng c\u00e1ch t\u00f4n tr\u1ecdng nhu c\u1ea7u v\u00e0 mong \u0111\u1ee3i c\u1ee7a h\u1ecd. Ch\u00fang t\u00f4i v\u01b0\u1ee3t qu\u00e1 mong \u0111\u1ee3i th\u00f4ng qua gi\u00e1 c\u1ea3 ph\u1ea3i ch\u0103ng, ch\u1ea5t l\u01b0\u1ee3ng cao, giao h\u00e0ng k\u1ecbp th\u1eddi v\u00e0 t\u00f9y ch\u1ecdn cho c\u00e1c th\u00f4ng s\u1ed1 k\u1ef9 thu\u1eadt c\u1ecf nh\u00e2n t\u1ea1o t\u00f9y ch\u1ec9nh.<\/p>\n\n\t\t<\/div>\n\t\t\t\t\t<\/div>\n\n\t\n\n<\/div>\n<div class=\"row row-large\"  id=\"row-2079766119\">\n\n\n\t<div id=\"col-522933571\" class=\"col small-12 large-12\"  >\n\t\t\t\t<div class=\"col-inner\"  >\n\t\t\t\n\t\t\t\n\n<div class=\"container section-title-container\" style=\"margin-top:5px;margin-bottom:5px;\"><h3 class=\"section-title section-title-normal\"><b aria-hidden=\"true\"><\/b><span class=\"section-title-main\" style=\"font-size:80%;color:rgb(255, 255, 255);\">04<\/span><b aria-hidden=\"true\"><\/b><\/h3><\/div>\n\n\n\t\t<\/div>\n\t\t\t\t\n<style>\n#col-522933571 > .col-inner {\n  padding: 60px 0px 0px 0px;\n  margin: 0px 0px -20px 0px;\n}\n<\/style>\n\t<\/div>\n\n\t\n\n\t<div id=\"col-973346392\" class=\"col medium-12 small-12 large-6\"  >\n\t\t\t\t<div class=\"col-inner\"  >\n\t\t\t\n\t\t\t\n\n\t<div id=\"text-3286828219\" class=\"text\">\n\t\t\n\n<h3><span style=\"font-size: 180%;\">Gi\u1ea3i ph\u00e1p ho\u00e0n ch\u1ec9nh<\/span><\/h3>\n\t\t\n<style>\n#text-3286828219 {\n  font-size: 0.8rem;\n}\n<\/style>\n\t<\/div>\n\t\n\n\t\t<\/div>\n\t\t\t\t\t<\/div>\n\n\t\n\n\t<div id=\"col-1186555835\" class=\"col medium-12 small-12 large-6\"  >\n\t\t\t\t<div class=\"col-inner\"  >\n\t\t\t\n\t\t\t\n\n<p>Ho\u00e0n th\u00e0nh c\u00e0i \u0111\u1eb7t c\u1ee7a b\u1ea1n v\u1edbi ch\u00fang t\u00f4i <a href=\"https:\/\/arturf.com\/vi\/products\/accessories\/\">ph\u1ee5 ki\u1ec7n m\u1ed9t c\u1eeda<\/a>: l\u1edbp l\u00f3t \u0111\u1ec7m ch\u1ed1ng s\u1ed1c, h\u1ea1t cao su, b\u0103ng d\u00ednh, keo d\u00e1n, h\u00e0ng r\u00e0o, \u0111\u00e8n chi\u1ebfu s\u00e1ng\u2026<\/p>\n\n\t\t<\/div>\n\t\t\t\t\t<\/div>\n\n\t\n\n<\/div>\n\n\t\t<\/div>\n\n\t\t\n<style>\n#section_601920461 {\n  padding-top: 80px;\n  padding-bottom: 80px;\n  background-color: #7a9c59;\n}\n<\/style>\n\t<\/section>","protected":false},"excerpt":{"rendered":"","protected":false},"author":3,"featured_media":0,"parent":0,"menu_order":1,"comment_status":"closed","ping_status":"closed","template":"page-blank.php","meta":{"_seopress_robots_primary_cat":"","_seopress_titles_title":"Premier Artificial Turf Manufacturer- Your Reliable Business Partner","_seopress_titles_desc":"Arturf: A manufacturer and your trusted partner for premium artificial grass. We offer customization, transparency, and complete solutions for all your turf needs.","_seopress_robots_index":"","footnotes":""},"class_list":["post-5652","page","type-page","status-publish","hentry"],"_links":{"self":[{"href":"https:\/\/arturf.com\/vi\/wp-json\/wp\/v2\/pages\/5652","targetHints":{"allow":["GET"]}}],"collection":[{"href":"https:\/\/arturf.com\/vi\/wp-json\/wp\/v2\/pages"}],"about":[{"href":"https:\/\/arturf.com\/vi\/wp-json\/wp\/v2\/types\/page"}],"author":[{"embeddable":true,"href":"https:\/\/arturf.com\/vi\/wp-json\/wp\/v2\/users\/3"}],"replies":[{"embeddable":true,"href":"https:\/\/arturf.com\/vi\/wp-json\/wp\/v2\/comments?post=5652"}],"version-history":[{"count":0,"href":"https:\/\/arturf.com\/vi\/wp-json\/wp\/v2\/pages\/5652\/revisions"}],"wp:attachment":[{"href":"https:\/\/arturf.com\/vi\/wp-json\/wp\/v2\/media?parent=5652"}],"curies":[{"name":"wp","href":"https:\/\/api.w.org\/{rel}","templated":true}]}}