{"id":6786,"date":"2018-08-04T08:57:54","date_gmt":"2018-08-04T08:57:54","guid":{"rendered":"https:\/\/arturf.com\/?page_id=6786"},"modified":"2023-07-13T11:29:03","modified_gmt":"2023-07-13T03:29:03","slug":"artificial-grass-factory","status":"publish","type":"page","link":"https:\/\/arturf.com\/vi\/about\/artificial-grass-factory\/","title":{"rendered":"Nh\u00e0 m\u00e1y c\u1ecf nh\u00e2n t\u1ea1o"},"content":{"rendered":"<section class=\"section dark\" id=\"section_97086617\">\n\t\t<div class=\"section-bg fill\" >\n\t\t\t<img loading=\"lazy\" decoding=\"async\" width=\"1536\" height=\"1152\" src=\"https:\/\/arturf.com\/wp-content\/uploads\/2023\/07\/Arturf-Factory-Artificial-Grass-Tufting-1536x1152.jpg\" class=\"bg attachment-1536x1536 size-1536x1536\" alt=\"nh\u00e0 s\u1ea3n xu\u1ea5t\" \/>\t\t\t\t\t\t<div class=\"section-bg-overlay absolute fill\"><\/div>\n\t\t\t\n\n\t\t<\/div>\n\n\t\t\n\n\t\t<div class=\"section-content relative\">\n\t\t\t\n\n<div class=\"row align-center\"  id=\"row-942385707\">\n\n\n\t<div id=\"col-1745509829\" class=\"col medium-10 small-12 large-7\"  >\n\t\t\t\t<div class=\"col-inner text-center\"  >\n\t\t\t\n\t\t\t\n\n<div class=\"video-button-wrapper\" style=\"font-size:120%\"><a href=\"https:\/\/www.youtube.com\/watch?v=zJLf-lc35wc\" class=\"button open-video icon circle is-outline is-xlarge\" role=\"button\" aria-label=\"M\u1edf video trong h\u1ed9p \u0111\u00e8n\" data-flatsome-role-button><i class=\"icon-play\" aria-hidden=\"true\" style=\"font-size:1.5em;\"><\/i><\/a><\/div>\n\n\t<div id=\"text-2546918402\" class=\"text\">\n\t\t\n\n<h1>Nh\u00e0 m\u00e1y c\u1ecf nh\u00e2n t\u1ea1o<\/h1>\n\t\t\n<style>\n#text-2546918402 {\n  font-size: 1.5rem;\n}\n<\/style>\n\t<\/div>\n\t\n<p>Arturf t\u1ef1 kh\u1eb3ng \u0111\u1ecbnh m\u00ecnh l\u00e0 nh\u00e0 s\u1ea3n xu\u1ea5t c\u1ecf nh\u00e2n t\u1ea1o h\u00e0ng \u0111\u1ea7u t\u1ea1i Trung Qu\u1ed1c b\u1eb1ng c\u00e1ch duy tr\u00ec quy\u1ec1n ki\u1ec3m so\u00e1t ho\u00e0n to\u00e0n \u0111\u1ed1i v\u1edbi to\u00e0n b\u1ed9 quy tr\u00ecnh s\u1ea3n xu\u1ea5t.<\/p>\n\t<div id=\"gap-443987618\" class=\"gap-element clearfix\" style=\"display:block; height:auto;\">\n\t\t\n<style>\n#gap-443987618 {\n  padding-top: 10px;\n}\n<\/style>\n\t<\/div>\n\t\n\n\n\t\t<\/div>\n\t\t\t\t\t<\/div>\n\n\t\n\n<\/div>\n\n\t\t<\/div>\n\n\t\t\n<style>\n#section_97086617 {\n  padding-top: 30px;\n  padding-bottom: 30px;\n  min-height: 600px;\n}\n#section_97086617 .section-bg-overlay {\n  background-color: rgba(0, 0, 0, 0.5);\n}\n@media (min-width:550px) {\n  #section_97086617 {\n    min-height: 700px;\n  }\n}\n@media (min-width:850px) {\n  #section_97086617 {\n    min-height: 900px;\n  }\n}\n<\/style>\n\t<\/section>\n\t\n<div class=\"row align-middle align-center\"  id=\"row-8625610\">\n\n\n\t<div id=\"col-310322819\" class=\"col small-12 large-12\"  >\n\t\t\t\t<div class=\"col-inner\"  >\n\t\t\t\n\t\t\t\n\n\t<div id=\"gap-1689223452\" class=\"gap-element clearfix\" style=\"display:block; height:auto;\">\n\t\t\n<style>\n#gap-1689223452 {\n  padding-top: 30px;\n}\n<\/style>\n\t<\/div>\n\t\n\n<p>Arturf, nh\u00e0 s\u1ea3n xu\u1ea5t c\u1ecf nh\u00e2n t\u1ea1o \u0111\u00e1ng tin c\u1eady \u1edf Trung Qu\u1ed1c, n\u1ed5i b\u1eadt so v\u1edbi \u0111\u1ed1i th\u1ee7 nh\u1edd gi\u00e1m s\u00e1t to\u00e0n b\u1ed9 quy tr\u00ecnh s\u1ea3n xu\u1ea5t, \u0111\u1ea3m b\u1ea3o ki\u1ec3m so\u00e1t ch\u1eb7t ch\u1ebd v\u00e0 ch\u1ea5t l\u01b0\u1ee3ng ho\u00e0n h\u1ea3o. H\u00e3y tham gia c\u00f9ng ch\u00fang t\u00f4i trong m\u1ed9t chuy\u1ebfn tham quan nh\u00e0 m\u00e1y \u0111\u1eb7c bi\u1ec7t khi ch\u00fang t\u00f4i ti\u1ebft l\u1ed9 nh\u1eefng \u0111i\u1ec1u ph\u1ee9c t\u1ea1p trong ba b\u01b0\u1edbc s\u1ea3n xu\u1ea5t thi\u1ebft y\u1ebfu c\u1ee7a ch\u00fang t\u00f4i: \u0110\u00f9n s\u1ee3i, Tufting c\u1ecf v\u00e0 L\u1edbp ph\u1ee7 m\u1eb7t sau. T\u1eebng b\u01b0\u1edbc g\u00f3p ph\u1ea7n t\u1ea1o n\u00ean nh\u1eefng s\u1ea3n ph\u1ea9m c\u1ecf nh\u00e2n t\u1ea1o \u01b0u vi\u1ec7t c\u1ee7a ch\u00fang t\u00f4i.<\/p>\n\n\t\t<\/div>\n\t\t\t\t\t<\/div>\n\n\t\n\n<\/div>\n<div class=\"row align-middle\"  id=\"row-1757203356\">\n\n\n\t<div id=\"col-1605149630\" class=\"col medium-6 small-12 large-6\"  >\n\t\t\t\t<div class=\"col-inner\"  >\n\t\t\t\n\t\t\t\n\n\t<div id=\"gap-1346719151\" class=\"gap-element clearfix\" style=\"display:block; height:auto;\">\n\t\t\n<style>\n#gap-1346719151 {\n  padding-top: 30px;\n}\n<\/style>\n\t<\/div>\n\t\n\n<h3>\u0110\u00f9n \u2013 Ch\u1ebf T\u1ea1o Tinh Hoa C\u1ecf Nh\u00e2n T\u1ea1o<\/h3>\n<p>C\u1ed1t l\u00f5i c\u1ee7a b\u1ea5t k\u1ef3 h\u1ec7 th\u1ed1ng c\u1ecf nh\u00e2n t\u1ea1o n\u00e0o l\u00e0 s\u1ee3i, m\u1ed9t th\u00e0nh ph\u1ea7n quan tr\u1ecdng \u1ea3nh h\u01b0\u1edfng tr\u1ef1c ti\u1ebfp \u0111\u1ebfn hi\u1ec7u su\u1ea5t v\u00e0 tu\u1ed5i th\u1ecd. T\u1ea1i Arturf, ch\u00fang t\u00f4i r\u1ea5t coi tr\u1ecdng kh\u00eda c\u1ea1nh n\u00e0y. S\u1ee3i c\u1ee7a ch\u00fang t\u00f4i \u0111\u01b0\u1ee3c l\u00e0m th\u1ee7 c\u00f4ng t\u1ec9 m\u1ec9 b\u1eb1ng c\u00e1ch s\u1eed d\u1ee5ng c\u00e1c vi\u00ean nh\u1ef1a cao c\u1ea5p, \u0111\u01b0\u1ee3c n\u1ea5u ch\u1ea3y \u0111\u1ec3 t\u1ea1o th\u00e0nh n\u1ec1n t\u1ea3ng cho s\u1ee3i c\u1ecf nh\u00e2n t\u1ea1o c\u1ee7a ch\u00fang t\u00f4i. Trong qu\u00e1 tr\u00ecnh \u00e9p \u0111\u00f9n quan tr\u1ecdng n\u00e0y, ch\u00fang t\u00f4i k\u1ebft h\u1ee3p c\u00e1c ch\u1ea5t \u1ee9c ch\u1ebf tia c\u1ef1c t\u00edm ch\u1ea5t l\u01b0\u1ee3ng h\u00e0ng \u0111\u1ea7u v\u00e0 c\u00e1c ch\u1ea5t ph\u1ee5 gia kh\u00e1c \u0111\u1ec3 n\u00e2ng cao tu\u1ed5i th\u1ecd c\u1ee7a c\u00e1c s\u1ea3n ph\u1ea9m c\u1ecf t\u1ed5ng h\u1ee3p c\u1ee7a ch\u00fang t\u00f4i. Nh\u1eefng \u0111\u1eb7c \u0111i\u1ec3m n\u00e0y tr\u1edf th\u00e0nh m\u1ed9t ph\u1ea7n v\u1ed1n c\u00f3 c\u1ee7a c\u1ecf, \u0111\u1ea3m b\u1ea3o r\u1eb1ng ch\u00fang kh\u00f4ng bao gi\u1edd b\u1ecb phai m\u00e0u hay b\u1ecb r\u1eeda tr\u00f4i theo th\u1eddi gian. Th\u00f4ng qua ngh\u1ec7 thu\u1eadt \u00e9p \u0111\u00f9n, ch\u00fang t\u00f4i \u0111\u01b0a nh\u1ef1a c\u1ee7a m\u00ecnh v\u00e0o cu\u1ed9c s\u1ed1ng, bi\u1ebfn ch\u00fang th\u00e0nh s\u1ee3i \u0111\u00e0n h\u1ed3i v\u00e0 b\u1ec1n.<\/p>\n\n\t\t<\/div>\n\t\t\t\t\t<\/div>\n\n\t\n\n\t<div id=\"col-1267339425\" class=\"col medium-6 small-12 large-6 small-col-first\"  >\n\t\t\t\t<div class=\"col-inner\"  >\n\t\t\t\n\t\t\t\n\n\t<div id=\"gap-1781470177\" class=\"gap-element clearfix\" style=\"display:block; height:auto;\">\n\t\t\n<style>\n#gap-1781470177 {\n  padding-top: 30px;\n}\n<\/style>\n\t<\/div>\n\t\n\n\t<div class=\"box has-hover   has-hover box-overlay dark box-text-middle\" >\n\n\t\t<div class=\"box-image\" style=\"border-radius:100%;width:80%;\">\n\t\t\t\t\t\t<div class=\"image-zoom-long image-cover\" style=\"padding-top:100%;\">\n\t\t\t\t<img loading=\"lazy\" decoding=\"async\" width=\"1000\" height=\"750\" src=\"https:\/\/arturf.com\/wp-content\/uploads\/2018\/12\/Yarn-Producing-4.jpg\" class=\"attachment-large size-large\" alt=\"nh\u00e0 s\u1ea3n xu\u1ea5t\" srcset=\"https:\/\/arturf.com\/wp-content\/uploads\/2018\/12\/Yarn-Producing-4.jpg 1000w, https:\/\/arturf.com\/wp-content\/uploads\/2018\/12\/Yarn-Producing-4-300x225.jpg 300w, https:\/\/arturf.com\/wp-content\/uploads\/2018\/12\/Yarn-Producing-4-200x150.jpg 200w, https:\/\/arturf.com\/wp-content\/uploads\/2018\/12\/Yarn-Producing-4-768x576.jpg 768w, https:\/\/arturf.com\/wp-content\/uploads\/2018\/12\/Yarn-Producing-4-16x12.jpg 16w, https:\/\/arturf.com\/wp-content\/uploads\/2018\/12\/Yarn-Producing-4-350x263.jpg 350w, https:\/\/arturf.com\/wp-content\/uploads\/2018\/12\/Yarn-Producing-4-510x383.jpg 510w\" sizes=\"auto, (max-width: 1000px) 100vw, 1000px\" \/>\t\t\t\t<div class=\"overlay\" style=\"background-color:1\"><\/div>\t\t\t\t\t\t\t<\/div>\n\t\t\t\t\t<\/div>\n\n\t\t<div class=\"box-text text-center\" >\n\t\t\t<div class=\"box-text-inner\">\n\t\t\t\t\n\n<h4>\u0110\u00f9n s\u1ee3i<\/h4>\n\n\t\t\t<\/div>\n\t\t<\/div>\n\t<\/div>\n\t\n\n\t\t<\/div>\n\t\t\t\t\t<\/div>\n\n\t\n\n<\/div>\n\t<div id=\"gap-1364308123\" class=\"gap-element clearfix\" style=\"display:block; height:auto;\">\n\t\t\n<style>\n#gap-1364308123 {\n  padding-top: 80px;\n}\n<\/style>\n\t<\/div>\n\t\n\n<div class=\"row align-middle\"  id=\"row-1026763757\">\n\n\n\t<div id=\"col-1609050142\" class=\"col medium-6 small-12 large-6 small-col-first\"  >\n\t\t\t\t<div class=\"col-inner\"  >\n\t\t\t\n\t\t\t\n\n\t<div id=\"gap-1865260204\" class=\"gap-element clearfix\" style=\"display:block; height:auto;\">\n\t\t\n<style>\n#gap-1865260204 {\n  padding-top: 30px;\n}\n<\/style>\n\t<\/div>\n\t\n\n\t<div class=\"box has-hover   has-hover box-overlay dark box-text-middle\" >\n\n\t\t<div class=\"box-image\" style=\"border-radius:100%;width:80%;\">\n\t\t\t\t\t\t<div class=\"image-zoom-long image-cover\" style=\"padding-top:100%;\">\n\t\t\t\t<img loading=\"lazy\" decoding=\"async\" width=\"1000\" height=\"750\" src=\"https:\/\/arturf.com\/wp-content\/uploads\/2018\/12\/Artificial-Grass-Tufting-2.jpg\" class=\"attachment- size-\" alt=\"nh\u00e0 s\u1ea3n xu\u1ea5t\" srcset=\"https:\/\/arturf.com\/wp-content\/uploads\/2018\/12\/Artificial-Grass-Tufting-2.jpg 1000w, https:\/\/arturf.com\/wp-content\/uploads\/2018\/12\/Artificial-Grass-Tufting-2-300x225.jpg 300w, https:\/\/arturf.com\/wp-content\/uploads\/2018\/12\/Artificial-Grass-Tufting-2-200x150.jpg 200w, https:\/\/arturf.com\/wp-content\/uploads\/2018\/12\/Artificial-Grass-Tufting-2-768x576.jpg 768w, https:\/\/arturf.com\/wp-content\/uploads\/2018\/12\/Artificial-Grass-Tufting-2-16x12.jpg 16w, https:\/\/arturf.com\/wp-content\/uploads\/2018\/12\/Artificial-Grass-Tufting-2-350x263.jpg 350w, https:\/\/arturf.com\/wp-content\/uploads\/2018\/12\/Artificial-Grass-Tufting-2-510x383.jpg 510w\" sizes=\"auto, (max-width: 1000px) 100vw, 1000px\" \/>\t\t\t\t<div class=\"overlay\" style=\"background-color:1\"><\/div>\t\t\t\t\t\t\t<\/div>\n\t\t\t\t\t<\/div>\n\n\t\t<div class=\"box-text text-center\" >\n\t\t\t<div class=\"box-text-inner\">\n\t\t\t\t\n\n<h4>C\u1ecf nh\u00e2n t\u1ea1o Tufting<\/h4>\n\n\t\t\t<\/div>\n\t\t<\/div>\n\t<\/div>\n\t\n\n\t\t<\/div>\n\t\t\t\t\t<\/div>\n\n\t\n\n\t<div id=\"col-503678758\" class=\"col medium-6 small-12 large-6\"  >\n\t\t\t\t<div class=\"col-inner\"  >\n\t\t\t\n\t\t\t\n\n\t<div id=\"gap-220067888\" class=\"gap-element clearfix\" style=\"display:block; height:auto;\">\n\t\t\n<style>\n#gap-220067888 {\n  padding-top: 30px;\n}\n<\/style>\n\t<\/div>\n\t\n\n<h3>Tufting \u2013 D\u1ec7t s\u1ef1 xu\u1ea5t s\u1eafc v\u00e0o t\u1eebng \u0111\u01b0\u1eddng ch\u1ec9<\/h3>\n<p>Sau khi c\u00e1c s\u1ee3i c\u1ecf nh\u00e2n t\u1ea1o ho\u00e0n th\u00e0nh, ch\u00fang s\u1ebd tr\u1ea3i qua qu\u00e1 tr\u00ecnh ch\u1ea7n s\u1ee3i \u0111\u1ec3 t\u1ea1o ra m\u1ed9t l\u1edbp n\u1ec1n ch\u1eafc ch\u1eafn. L\u1edbp n\u1ec1n n\u00e0y, \u0111\u01b0\u1ee3c l\u00e0m t\u1eeb v\u1ea3i d\u1ec7t ho\u1eb7c v\u1ea3i, t\u1ea1o th\u00e0nh n\u1ec1n t\u1ea3ng c\u1ee7a c\u1ecf t\u1ed5ng h\u1ee3p.<\/p>\n<p>Trong qu\u00e1 tr\u00ecnh ch\u1ea7n, c\u00e1c s\u1ee3i c\u1ecf nh\u00e2n t\u1ea1o ho\u1eb7c c\u00e1c b\u00f3 s\u1ee3i nh\u1ecf \u0111\u01b0\u1ee3c \u0111an t\u1ec9 m\u1ec9 v\u00e0o l\u1edbp n\u1ec1n, t\u1ea1o th\u00e0nh c\u00e1c v\u00f2ng. M\u1ed9t lo\u1ea1i kim chuy\u00ean d\u1ee5ng, t\u01b0\u01a1ng t\u1ef1 nh\u01b0 kim kh\u00e2u l\u1edbn, \u0111\u1ea9y qua m\u1eb7t sau, \u0111an xen v\u1edbi c\u00e1c s\u1ee3i \u0111\u1ec3 t\u1ea1o v\u00f2ng ho\u1eb7c c\u1ecdc. C\u00e1c v\u00f2ng n\u00e0y sau \u0111\u00f3 \u0111\u01b0\u1ee3c c\u1eaft ch\u00ednh x\u00e1c, t\u1ea1o th\u00e0nh c\u00e1c \u0111\u1ed1ng c\u1ecf ri\u00eang l\u1ebb. Trong c\u00e1c d\u00e2y chuy\u1ec1n s\u1ea3n xu\u1ea5t ch\u1ea7n, ch\u00fang t\u00f4i s\u1eed d\u1ee5ng m\u00e1y m\u00f3c ti\u00ean ti\u1ebfn \u0111\u01b0\u1ee3c trang b\u1ecb h\u01a1n 1000 m\u0169i kim m\u1ed7i h\u00e0ng, thay \u0111\u1ed5i t\u00f9y theo chi\u1ec1u r\u1ed9ng c\u1ee7a th\u1ea3m c\u1ecf v\u00e0 c\u01b0\u1eddng \u0111\u1ed9 c\u1ecdc mong mu\u1ed1n. T\u1ea1i nh\u00e0 m\u00e1y s\u1ea3n xu\u1ea5t c\u1ecf nh\u00e2n t\u1ea1o c\u1ee7a Arturf, ch\u00fang t\u00f4i t\u1ef1 h\u00e0o v\u1ec1 d\u00e2y chuy\u1ec1n s\u1ea3n xu\u1ea5t c\u1ecf nh\u00e2n t\u1ea1o ti\u00ean ti\u1ebfn c\u1ee7a m\u00ecnh, v\u1edbi \u0111\u1ed9i ng\u0169 nh\u00e2n vi\u00ean l\u00e0 c\u00e1c chuy\u00ean gia gi\u00e0u kinh nghi\u1ec7m v\u1edbi h\u01a1n s\u00e1u n\u0103m kinh nghi\u1ec7m.<\/p>\n\n\t\t<\/div>\n\t\t\t\t\t<\/div>\n\n\t\n\n<\/div>\n\t<div id=\"gap-649154470\" class=\"gap-element clearfix\" style=\"display:block; height:auto;\">\n\t\t\n<style>\n#gap-649154470 {\n  padding-top: 80px;\n}\n<\/style>\n\t<\/div>\n\t\n\n<div class=\"row align-middle\"  id=\"row-824582706\">\n\n\n\t<div id=\"col-236408884\" class=\"col medium-6 small-12 large-6\"  >\n\t\t\t\t<div class=\"col-inner\"  >\n\t\t\t\n\t\t\t\n\n\t<div id=\"gap-1446764503\" class=\"gap-element clearfix\" style=\"display:block; height:auto;\">\n\t\t\n<style>\n#gap-1446764503 {\n  padding-top: 30px;\n}\n<\/style>\n\t<\/div>\n\t\n\n<h3>L\u1edbp ph\u1ee7 \u2013 \u0110\u1ea3m b\u1ea3o ch\u1ea5t l\u01b0\u1ee3ng cho hi\u1ec7u su\u1ea5t t\u1ed1i \u01b0u<\/h3>\n<p>Sau qu\u00e1 tr\u00ecnh ch\u1ea7n, \u0111i\u1ec1u c\u1ea7n thi\u1ebft l\u00e0 ph\u1ea3i c\u1ed1 \u0111\u1ecbnh ch\u1eafc ch\u1eafn c\u00e1c s\u1ee3i c\u1ecf nh\u00e2n t\u1ea1o v\u00e0o l\u1edbp l\u00f3t, tr\u00e1nh tr\u01b0\u1eddng h\u1ee3p ch\u00fang b\u1ecb bung ra trong qu\u00e1 tr\u00ecnh s\u1eed d\u1ee5ng.<\/p>\n<p>Trong b\u01b0\u1edbc th\u1ee9 ba, ch\u00fang t\u00f4i b\u00f4i latex ho\u1eb7c polyurethane v\u00e0o m\u1eb7t sau c\u1ee7a l\u1edbp l\u00f3t, \u0111\u1ea3m b\u1ea3o li\u00ean k\u1ebft ch\u1eafc ch\u1eafn gi\u1eefa s\u1ee3i v\u00e0 l\u1edbp l\u00f3t, \u0111\u1ed3ng th\u1eddi t\u0103ng th\u00eam \u0111\u1ed9 c\u1ee9ng.<\/p>\n<p>M\u1ee7 ho\u1eb7c polyurethane ban \u0111\u1ea7u \u1edf tr\u1ea1ng th\u00e1i l\u1ecfng, gi\u1ed1ng nh\u01b0 keo, khi \u0111\u01b0\u1ee3c ph\u1ee7 l\u00ean th\u1ea3m. Tuy nhi\u00ean, trong qu\u00e1 tr\u00ecnh ph\u1ee7, n\u00f3 c\u1ee9ng l\u1ea1i, gia c\u1ed1 th\u1ea3m v\u00e0 c\u1ed1 \u0111\u1ecbnh ch\u1eafc ch\u1eafn c\u00e1c c\u1ecdc c\u1ecf. \u0110\u1ec3 t\u1ea1o \u0111i\u1ec1u ki\u1ec7n tho\u00e1t n\u01b0\u1edbc hi\u1ec7u qu\u1ea3, c\u00e1c l\u1ed7 nh\u1ecf \u0111\u01b0\u1ee3c \u0111\u1ee5c t\u1ec9 m\u1ec9 tr\u00ean th\u1ea3m c\u1ecf, cho ph\u00e9p n\u01b0\u1edbc ch\u1ea3y kh\u1ecfi b\u1ec1 m\u1eb7t v\u00e0 v\u00e0o l\u1edbp \u0111\u1ea5t b\u00ean d\u01b0\u1edbi, ngay c\u1ea3 khi c\u00f3 m\u01b0a l\u1edbn. M\u1eb7c d\u00f9 c\u00e1c l\u1ed7 tho\u00e1t n\u01b0\u1edbc n\u00e0y v\u1eabn v\u00f4 h\u00ecnh nh\u01b0ng ch\u00fang \u0111\u00f3ng m\u1ed9t vai tr\u00f2 quan tr\u1ecdng trong vi\u1ec7c duy tr\u00ec t\u00ednh to\u00e0n v\u1eb9n c\u1ee7a h\u1ec7 th\u1ed1ng c\u1ecf nh\u00e2n t\u1ea1o.<\/p>\n\n\t\t<\/div>\n\t\t\t\t\t<\/div>\n\n\t\n\n\t<div id=\"col-1020139112\" class=\"col medium-6 small-12 large-6 small-col-first\"  >\n\t\t\t\t<div class=\"col-inner\"  >\n\t\t\t\n\t\t\t\n\n\t<div id=\"gap-1050255888\" class=\"gap-element clearfix\" style=\"display:block; height:auto;\">\n\t\t\n<style>\n#gap-1050255888 {\n  padding-top: 30px;\n}\n<\/style>\n\t<\/div>\n\t\n\n\t<div class=\"box has-hover   has-hover box-overlay dark box-text-middle\" >\n\n\t\t<div class=\"box-image\" style=\"border-radius:100%;width:80%;\">\n\t\t\t\t\t\t<div class=\"image-zoom-long image-cover\" style=\"padding-top:100%;\">\n\t\t\t\t<img loading=\"lazy\" decoding=\"async\" width=\"750\" height=\"562\" src=\"https:\/\/arturf.com\/wp-content\/uploads\/2018\/12\/Artificial-Grass-Coating.jpg\" class=\"attachment- size-\" alt=\"nh\u00e0 s\u1ea3n xu\u1ea5t\" srcset=\"https:\/\/arturf.com\/wp-content\/uploads\/2018\/12\/Artificial-Grass-Coating.jpg 750w, https:\/\/arturf.com\/wp-content\/uploads\/2018\/12\/Artificial-Grass-Coating-300x225.jpg 300w, https:\/\/arturf.com\/wp-content\/uploads\/2018\/12\/Artificial-Grass-Coating-200x150.jpg 200w, https:\/\/arturf.com\/wp-content\/uploads\/2018\/12\/Artificial-Grass-Coating-16x12.jpg 16w, https:\/\/arturf.com\/wp-content\/uploads\/2018\/12\/Artificial-Grass-Coating-350x263.jpg 350w, https:\/\/arturf.com\/wp-content\/uploads\/2018\/12\/Artificial-Grass-Coating-510x382.jpg 510w\" sizes=\"auto, (max-width: 750px) 100vw, 750px\" \/>\t\t\t\t<div class=\"overlay\" style=\"background-color:1\"><\/div>\t\t\t\t\t\t\t<\/div>\n\t\t\t\t\t<\/div>\n\n\t\t<div class=\"box-text text-center\" >\n\t\t\t<div class=\"box-text-inner\">\n\t\t\t\t\n\n<h4>L\u1edbp ph\u1ee7 sao l\u01b0u<\/h4>\n\n\t\t\t<\/div>\n\t\t<\/div>\n\t<\/div>\n\t\n\n\t\t<\/div>\n\t\t\t\t\t<\/div>\n\n\t\n\n<\/div>\n\t<div id=\"gap-340732663\" class=\"gap-element clearfix\" style=\"display:block; height:auto;\">\n\t\t\n<style>\n#gap-340732663 {\n  padding-top: 80px;\n}\n<\/style>\n\t<\/div>\n\t\n\n\t<div id=\"gap-1280621150\" class=\"gap-element clearfix\" style=\"display:block; height:auto;\">\n\t\t\n<style>\n#gap-1280621150 {\n  padding-top: 80px;\n}\n<\/style>\n\t<\/div>\n\t\n\n<div class=\"row align-middle\"  id=\"row-1550796666\">\n\n\n\t<div id=\"col-49316767\" class=\"col medium-6 small-12 large-6 small-col-first\"  >\n\t\t\t\t<div class=\"col-inner\"  >\n\t\t\t\n\t\t\t\n\n\t<div id=\"gap-1853379115\" class=\"gap-element clearfix\" style=\"display:block; height:auto;\">\n\t\t\n<style>\n#gap-1853379115 {\n  padding-top: 30px;\n}\n<\/style>\n\t<\/div>\n\t\n\n\t<div class=\"box has-hover   has-hover box-overlay dark box-text-middle\" >\n\n\t\t<div class=\"box-image\" style=\"border-radius:100%;width:80%;\">\n\t\t\t\t\t\t<div class=\"image-zoom-long image-cover\" style=\"padding-top:100%;\">\n\t\t\t\t<img loading=\"lazy\" decoding=\"async\" width=\"1000\" height=\"749\" src=\"https:\/\/arturf.com\/wp-content\/uploads\/2018\/12\/Artificial-Grass-Warehousing.jpg\" class=\"attachment- size-\" alt=\"nh\u00e0 s\u1ea3n xu\u1ea5t\" srcset=\"https:\/\/arturf.com\/wp-content\/uploads\/2018\/12\/Artificial-Grass-Warehousing.jpg 1000w, https:\/\/arturf.com\/wp-content\/uploads\/2018\/12\/Artificial-Grass-Warehousing-300x225.jpg 300w, https:\/\/arturf.com\/wp-content\/uploads\/2018\/12\/Artificial-Grass-Warehousing-200x150.jpg 200w, https:\/\/arturf.com\/wp-content\/uploads\/2018\/12\/Artificial-Grass-Warehousing-768x575.jpg 768w, https:\/\/arturf.com\/wp-content\/uploads\/2018\/12\/Artificial-Grass-Warehousing-16x12.jpg 16w, https:\/\/arturf.com\/wp-content\/uploads\/2018\/12\/Artificial-Grass-Warehousing-350x263.jpg 350w, https:\/\/arturf.com\/wp-content\/uploads\/2018\/12\/Artificial-Grass-Warehousing-510x382.jpg 510w\" sizes=\"auto, (max-width: 1000px) 100vw, 1000px\" \/>\t\t\t\t<div class=\"overlay\" style=\"background-color:1\"><\/div>\t\t\t\t\t\t\t<\/div>\n\t\t\t\t\t<\/div>\n\n\t\t<div class=\"box-text text-center\" >\n\t\t\t<div class=\"box-text-inner\">\n\t\t\t\t\n\n<h4>Kho th\u00e0nh ph\u1ea9m<\/h4>\n\n\t\t\t<\/div>\n\t\t<\/div>\n\t<\/div>\n\t\n\n\t\t<\/div>\n\t\t\t\t\t<\/div>\n\n\t\n\n\t<div id=\"col-1847165674\" class=\"col medium-6 small-12 large-6\"  >\n\t\t\t\t<div class=\"col-inner\"  >\n\t\t\t\n\t\t\t\n\n\t<div id=\"gap-2024608697\" class=\"gap-element clearfix\" style=\"display:block; height:auto;\">\n\t\t\n<style>\n#gap-2024608697 {\n  padding-top: 30px;\n}\n<\/style>\n\t<\/div>\n\t\n\n<h3>Kho b\u00e3i- B\u1ea3o v\u1ec7 ch\u1ea5t l\u01b0\u1ee3ng<\/h3>\n<p>Tr\u01b0\u1edbc khi v\u1eadn chuy\u1ec3n, c\u00e1c cu\u1ed9n c\u1ecf nh\u00e2n t\u1ea1o \u0111\u01b0\u1ee3c l\u01b0u tr\u1eef an to\u00e0n trong nh\u00e0 kho hi\u1ec7n \u0111\u1ea1i c\u1ee7a ch\u00fang t\u00f4i, \u0111\u01b0\u1ee3c thi\u1ebft k\u1ebf \u0111\u1ed9c \u0111\u00e1o \u0111\u1ec3 l\u01b0u tr\u1eef c\u1ecf nh\u00e2n t\u1ea1o. M\u1ed7i cu\u1ed9n \u0111\u01b0\u1ee3c g\u1eafn m\u1ed9t m\u00e3 s\u1ed1 \u0111\u1ec3 d\u1ec5 d\u00e0ng ph\u00e2n bi\u1ec7t v\u00e0 \u0111\u01b0\u1ee3c b\u1ea3o qu\u1ea3n t\u1ed1i \u0111a cho \u0111\u1ebfn khi giao h\u00e0ng.<\/p>\n\n\t\t<\/div>\n\t\t\t\t\t<\/div>\n\n\t\n\n<\/div>\n\t<div id=\"gap-56811922\" class=\"gap-element clearfix\" style=\"display:block; height:auto;\">\n\t\t\n<style>\n#gap-56811922 {\n  padding-top: 30px;\n}\n<\/style>\n\t<\/div>\n\t\n\n<div class=\"row align-center\"  id=\"row-1721128504\">\n\n\n\t<div id=\"col-413247335\" class=\"col medium-10 small-12 large-10\"  >\n\t\t\t\t<div class=\"col-inner text-left\"  >\n\t\t\t\n\t\t\t\n\n<p>S\u1ef1 h\u00e0i l\u00f2ng c\u1ee7a kh\u00e1ch h\u00e0ng l\u00e0 \u01b0u ti\u00ean h\u00e0ng \u0111\u1ea7u c\u1ee7a ch\u00fang t\u00f4i t\u1ea1i Arturf. \u0110\u1ec3 \u0111\u1ea3m b\u1ea3o \u0111i\u1ec1u n\u00e0y, ch\u00fang t\u00f4i li\u00ean t\u1ee5c c\u1ed1 g\u1eafng c\u1ea3i thi\u1ec7n v\u00e0 tinh ch\u1ec9nh c\u00e1c kh\u00eda c\u1ea1nh kh\u00e1c nhau trong ho\u1ea1t \u0111\u1ed9ng c\u1ee7a m\u00ecnh, bao g\u1ed3m chu\u1ed7i cung \u1ee9ng, quy tr\u00ecnh ki\u1ec3m so\u00e1t ch\u1ea5t l\u01b0\u1ee3ng, tay ngh\u1ec1 s\u1ea3n xu\u1ea5t, \u0111\u00e0o t\u1ea1o nh\u00e2n vi\u00ean v\u00e0 d\u00e2y chuy\u1ec1n s\u1ea3n xu\u1ea5t. N\u1ebfu b\u1ea1n \u0111ang t\u00ecm ki\u1ebfm m\u1ed9t nh\u00e0 s\u1ea3n xu\u1ea5t c\u1ecf nh\u00e2n t\u1ea1o \u0111\u00e1ng tin c\u1eady th\u00ec Arturf l\u00e0 s\u1ef1 l\u1ef1a ch\u1ecdn ho\u00e0n h\u1ea3o d\u00e0nh cho b\u1ea1n.<\/p>\n\t<div id=\"gap-1375574943\" class=\"gap-element clearfix\" style=\"display:block; height:auto;\">\n\t\t\n<style>\n#gap-1375574943 {\n  padding-top: 30px;\n}\n<\/style>\n\t<\/div>\n\t\n\n<div class=\"nav-wrapper\"><ul class=\"nav nav-uppercase nav-horizontal nav-pills text-center nav-center\"><li class=\"active\"><a href=\"https:\/\/arturf.com\/vi\/about\/artificial-grass-factory\/\">Nh\u00e0 m\u00e1y c\u1ecf nh\u00e2n t\u1ea1o<\/a><\/li><li class=\"\"><a href=\"https:\/\/arturf.com\/vi\/about\/quality-assurance\/\">\u0110\u1ea3m b\u1ea3o ch\u1ea5t l\u01b0\u1ee3ng<\/a><\/li><li class=\"\"><a href=\"https:\/\/arturf.com\/vi\/about\/technology-innovation\/\">C\u00f4ng ngh\u1ec7 &amp; \u0110\u1ed5i m\u1edbi<\/a><\/li><\/ul><\/div>\n\n\n\t\t<\/div>\n\t\t\t\t\t<\/div>\n\n\t\n\n<\/div>","protected":false},"excerpt":{"rendered":"","protected":false},"author":3,"featured_media":0,"parent":5652,"menu_order":1,"comment_status":"closed","ping_status":"closed","template":"page-blank.php","meta":{"_seopress_robots_primary_cat":"","_seopress_titles_title":"Artificial Grass Factory","_seopress_titles_desc":"A leading artificial grass factory in China. We control the whole process of manufacturing from start to finish.","_seopress_robots_index":"","footnotes":""},"class_list":["post-6786","page","type-page","status-publish","hentry"],"_links":{"self":[{"href":"https:\/\/arturf.com\/vi\/wp-json\/wp\/v2\/pages\/6786","targetHints":{"allow":["GET"]}}],"collection":[{"href":"https:\/\/arturf.com\/vi\/wp-json\/wp\/v2\/pages"}],"about":[{"href":"https:\/\/arturf.com\/vi\/wp-json\/wp\/v2\/types\/page"}],"author":[{"embeddable":true,"href":"https:\/\/arturf.com\/vi\/wp-json\/wp\/v2\/users\/3"}],"replies":[{"embeddable":true,"href":"https:\/\/arturf.com\/vi\/wp-json\/wp\/v2\/comments?post=6786"}],"version-history":[{"count":0,"href":"https:\/\/arturf.com\/vi\/wp-json\/wp\/v2\/pages\/6786\/revisions"}],"up":[{"embeddable":true,"href":"https:\/\/arturf.com\/vi\/wp-json\/wp\/v2\/pages\/5652"}],"wp:attachment":[{"href":"https:\/\/arturf.com\/vi\/wp-json\/wp\/v2\/media?parent=6786"}],"curies":[{"name":"wp","href":"https:\/\/api.w.org\/{rel}","templated":true}]}}