{"id":7057,"date":"2018-11-29T08:02:12","date_gmt":"2018-11-29T08:02:12","guid":{"rendered":"https:\/\/arturf.com\/?page_id=7057"},"modified":"2023-07-14T22:00:30","modified_gmt":"2023-07-14T14:00:30","slug":"technology-innovation","status":"publish","type":"page","link":"https:\/\/arturf.com\/vi\/about\/technology-innovation\/","title":{"rendered":"C\u00f4ng ngh\u1ec7 &amp; \u0110\u1ed5i m\u1edbi"},"content":{"rendered":"<section class=\"section has-scroll-for-more\" id=\"section_122400995\">\n\t\t<div class=\"section-bg fill\" >\n\t\t\t\t\t\t\t\t\t<button class=\"scroll-for-more z-5 icon absolute bottom h-center\" aria-label=\"Cu\u1ed9n \u0111\u1ec3 xem th\u00eam\"><i class=\"icon-angle-down\" aria-hidden=\"true\" style=\"font-size:42px;\"><\/i><\/button>\n\t\t\t\n\n\t\t<\/div>\n\n\t\t\n\n\t\t<div class=\"section-content relative\">\n\t\t\t\n\n<div class=\"row align-center\"  id=\"row-1593278526\">\n\n\n\t<div id=\"col-670372688\" class=\"col medium-8 small-10 large-7\"  >\n\t\t\t\t<div class=\"col-inner text-center\"  >\n\t\t\t\n\t\t\t\n\n<h2 style=\"font-size: 250%;\">Ch\u00fang t\u00f4i cam k\u1ebft lu\u00f4n \u0111i \u0111\u1ea7u trong c\u00f4ng ngh\u1ec7 v\u00e0 \u0111\u1ed5i m\u1edbi<\/h2>\n\n\t\t<\/div>\n\t\t\t\t\n<style>\n#col-670372688 > .col-inner {\n  padding: 40px 0px 0px 0px;\n}\n<\/style>\n\t<\/div>\n\n\t\n\n<\/div>\n\n\t\t<\/div>\n\n\t\t\n<style>\n#section_122400995 {\n  padding-top: 30px;\n  padding-bottom: 30px;\n}\n<\/style>\n\t<\/section>\n\t\n\n\t<section class=\"section\" id=\"section_1019361034\">\n\t\t<div class=\"section-bg fill\" >\n\t\t\t\t\t\t\t\t\t\n\t\t\t\n\n\t\t<\/div>\n\n\t\t\n\n\t\t<div class=\"section-content relative\">\n\t\t\t\n\n<div class=\"row align-middle\"  id=\"row-738641462\">\n\n\n\t<div id=\"col-1188787973\" class=\"col medium-4 small-12 large-4\"  >\n\t\t\t\t<div class=\"col-inner\"  >\n\t\t\t\n\t\t\t\n\n\n  <div class=\"banner has-hover\" id=\"banner-1389453478\">\n          <div class=\"banner-inner fill\">\n        <div class=\"banner-bg fill\" >\n            <img loading=\"lazy\" decoding=\"async\" width=\"500\" height=\"375\" src=\"https:\/\/arturf.com\/wp-content\/uploads\/2023\/07\/Arturf-Artificial-Turf-Fiber-500x375.jpg\" class=\"bg attachment-medium size-medium\" alt=\"C\u00f4ng ngh\u1ec7, \u0110\u1ed5i m\u1edbi\" \/>                                    \n                    <\/div>\n\t\t\n        <div class=\"banner-layers container\">\n            <div class=\"fill banner-link\"><\/div>            \n\n\n        <\/div>\n      <\/div>\n\n            \n<style>\n#banner-1389453478 {\n  padding-top: 250px;\n  background-color: rgb(247, 245, 244);\n}\n@media (min-width:550px) {\n  #banner-1389453478 {\n    padding-top: 99.99%;\n  }\n}\n<\/style>\n  <\/div>\n\n\n\n\t\t<\/div>\n\t\t\t\t\t<\/div>\n\n\t\n\n\t<div id=\"col-2088068847\" class=\"col medium-4 small-12 large-4\"  >\n\t\t\t\t<div class=\"col-inner\"  >\n\t\t\t\n\t\t\t\n\n\n  <div class=\"banner has-hover has-parallax\" id=\"banner-1698824885\">\n          <div class=\"banner-inner fill\">\n        <div class=\"banner-bg fill\" data-parallax=\"-6\" data-parallax-container=\".banner\" data-parallax-background>\n            <img loading=\"lazy\" decoding=\"async\" width=\"768\" height=\"575\" src=\"https:\/\/arturf.com\/wp-content\/uploads\/2018\/04\/NON-INFILL-FOOTBALL-GRASS-NFMT30-2-768x575.jpg\" class=\"bg attachment-medium_large size-medium_large\" alt=\"C\u00f4ng ngh\u1ec7, \u0110\u1ed5i m\u1edbi\" \/>                                    \n                    <\/div>\n\t\t\n        <div class=\"banner-layers container\">\n            <div class=\"fill banner-link\"><\/div>            \n\n\n        <\/div>\n      <\/div>\n\n            \n<style>\n#banner-1698824885 {\n  padding-top: 400px;\n  background-color: rgb(247, 245, 244);\n}\n@media (min-width:850px) {\n  #banner-1698824885 {\n    padding-top: 500px;\n  }\n}\n<\/style>\n  <\/div>\n\n\n\n\t\t<\/div>\n\t\t\t\t\t<\/div>\n\n\t\n\n\t<div id=\"col-1789837663\" class=\"col medium-4 small-12 large-4\"  >\n\t\t\t\t<div class=\"col-inner\"  >\n\t\t\t\n\t\t\t\n\n\n  <div class=\"banner has-hover\" id=\"banner-454950159\">\n          <div class=\"banner-inner fill\">\n        <div class=\"banner-bg fill\" >\n            <img loading=\"lazy\" decoding=\"async\" width=\"500\" height=\"334\" src=\"https:\/\/arturf.com\/wp-content\/uploads\/2023\/07\/Pet-Artificial-Turf-PetGo-2-500x334.jpg\" class=\"bg attachment-medium size-medium\" alt=\"C\u00f4ng ngh\u1ec7, \u0110\u1ed5i m\u1edbi\" \/>                                    \n                    <\/div>\n\t\t\n        <div class=\"banner-layers container\">\n            <div class=\"fill banner-link\"><\/div>            \n\n\n        <\/div>\n      <\/div>\n\n            \n<style>\n#banner-454950159 {\n  padding-top: 250px;\n  background-color: rgb(247, 245, 244);\n}\n@media (min-width:550px) {\n  #banner-454950159 {\n    padding-top: 99.99%;\n  }\n}\n<\/style>\n  <\/div>\n\n\n\n\t\t<\/div>\n\t\t\t\t\t<\/div>\n\n\t\n\n<\/div>\n\n\t\t<\/div>\n\n\t\t\n<style>\n#section_1019361034 {\n  padding-top: 30px;\n  padding-bottom: 30px;\n}\n<\/style>\n\t<\/section>\n\t\n\n\t<section class=\"section\" id=\"section_1021673543\">\n\t\t<div class=\"section-bg fill\" >\n\t\t\t\t\t\t\t\t\t\n\t\t\t\n\n\t\t<\/div>\n\n\t\t\n\n\t\t<div class=\"section-content relative\">\n\t\t\t\n\n<div class=\"row align-center\"  id=\"row-977311653\">\n\n\n\t<div id=\"col-1867445021\" class=\"col medium-7 small-12 large-7\"  >\n\t\t\t\t<div class=\"col-inner\"  >\n\t\t\t\n\t\t\t\n\n<p>T\u1ea1i Arturf, ch\u00fang t\u00f4i cam k\u1ebft li\u00ean t\u1ee5c \u0111\u1ea7u t\u01b0 v\u00e0o c\u00f4ng ngh\u1ec7 v\u00e0 \u0111\u1ed5i m\u1edbi \u0111\u1ec3 d\u1eabn \u0111\u1ea7u trong ng\u00e0nh c\u00f4ng nghi\u1ec7p c\u1ecf nh\u00e2n t\u1ea1o. Th\u00f4ng qua nh\u1eefng n\u1ed7 l\u1ef1c nghi\u00ean c\u1ee9u v\u00e0 ph\u00e1t tri\u1ec3n kh\u00f4ng ng\u1eebng, ch\u00fang t\u00f4i c\u1ed1 g\u1eafng n\u00e2ng cao hi\u1ec7u su\u1ea5t, t\u00ednh th\u1ea9m m\u1ef9 t\u1ef1 nhi\u00ean v\u00e0 \u0111\u1ed9 b\u1ec1n c\u1ee7a c\u00e1c s\u1ea3n ph\u1ea9m c\u1ecf nh\u00e2n t\u1ea1o c\u1ee7a ch\u00fang t\u00f4i.<\/p>\n<h3>V\u00ed d\u1ee5 v\u1ec1 nh\u1eefng ti\u1ebfn b\u1ed9 c\u00f4ng ngh\u1ec7 c\u1ee7a ch\u00fang t\u00f4i:<\/h3>\n<h4>1. H\u00ecnh d\u1ea1ng s\u1ee3i:<\/h4>\n<p>H\u00ecnh d\u1ea1ng c\u1ee7a s\u1ee3i l\u00e0 m\u1ed9t y\u1ebfu t\u1ed1 quan tr\u1ecdng trong vi\u1ec7c x\u00e1c \u0111\u1ecbnh ch\u1ea5t l\u01b0\u1ee3ng cu\u1ed1i c\u00f9ng c\u1ee7a c\u1ecf nh\u00e2n t\u1ea1o. Nh\u00f3m c\u1ee7a ch\u00fang t\u00f4i t\u1ea1i Arturf \u0111\u00e3 ph\u00e1t tri\u1ec3n m\u1ed9t lo\u1ea1t c\u00e1c <a href=\"https:\/\/arturf.com\/vi\/knowledge-hub\/exploring-artificial-turf-yarn-shapes\/\">h\u00ecnh d\u1ea1ng s\u1ee3i<\/a>, m\u1ed7i cung c\u1ea5p c\u00e1c \u0111\u1eb7c \u0111i\u1ec3m \u0111\u1ed9c \u0111\u00e1o. Nh\u1eefng h\u00ecnh d\u1ea1ng n\u00e0y \u1ea3nh h\u01b0\u1edfng \u0111\u00e1ng k\u1ec3 \u0111\u1ebfn s\u1ef1 h\u1ea5p d\u1eabn tr\u1ef1c quan, k\u1ebft c\u1ea5u v\u00e0 hi\u1ec7u su\u1ea5t t\u1ed5ng th\u1ec3 c\u1ee7a c\u00e1c l\u01b0\u1ee1i c\u1ecf nh\u00e2n t\u1ea1o.<\/p>\n<h4>2. M\u00e0u s\u1eafc trung th\u1ef1c:<\/h4>\n<p>L\u1ea5y c\u1ea3m h\u1ee9ng t\u1eeb v\u1ebb \u0111\u1eb9p c\u1ee7a c\u1ecf t\u1ef1 nhi\u00ean, ch\u00fang t\u00f4i t\u00e1i t\u1ea1o t\u1ec9 m\u1ec9 m\u00e0u s\u1eafc c\u1ee7a nhi\u1ec1u lo\u00e0i c\u1ecf kh\u00e1c nhau \u0111\u1ec3 b\u1eaft ch\u01b0\u1edbc m\u00e0u s\u1eafc r\u1ef1c r\u1ee1 c\u1ee7a ch\u00fang trong su\u1ed1t c\u00e1c m\u00f9a. Ch\u00fang t\u00f4i hi\u1ec3u r\u1eb1ng kh\u00e1ch h\u00e0ng t\u1eeb c\u00e1c khu v\u1ef1c kh\u00e1c nhau c\u00f3 s\u1edf th\u00edch \u0111a d\u1ea1ng v\u00e0 ch\u00fang t\u00f4i cung c\u1ea5p nhi\u1ec1u m\u00e0u s\u1eafc kh\u00e1c nhau \u0111\u1ec3 \u0111\u00e1p \u1ee9ng nhu c\u1ea7u c\u00e1 nh\u00e2n.<\/p>\n<h4>3. \u0110\u1ea5t kh\u00f4ng l\u1ea5p \u0111\u1ea7y:<\/h4>\n<p>Th\u00f4ng qua k\u1ef9 thu\u1eadt s\u00e1ng t\u1ea1o, ch\u00fang t\u00f4i \u0111\u00e3 \u0111i ti\u00ean phong <a href=\"https:\/\/arturf.com\/vi\/buyers-guide\/infill-or-non-infill-artificial-grass\/\">s\u00e2n c\u1ecf kh\u00f4ng l\u1ea5p \u0111\u1ea7y<\/a> c\u00e1c gi\u1ea3i ph\u00e1p lo\u1ea1i b\u1ecf s\u1ef1 c\u1ea7n thi\u1ebft c\u1ee7a v\u1eadt li\u1ec7u ch\u00e8n nh\u01b0 cao su ho\u1eb7c c\u00e1t. C\u00f4ng ngh\u1ec7 \u0111\u1ed9t ph\u00e1 n\u00e0y h\u1ee3p l\u00fd h\u00f3a quy tr\u00ecnh l\u1eafp \u0111\u1eb7t, gi\u1ea3m y\u00eau c\u1ea7u b\u1ea3o tr\u00ec v\u00e0 \u0111\u1ea3m b\u1ea3o hi\u1ec7u su\u1ea5t v\u00e0 \u0111\u1ed9 b\u1ec1n v\u01b0\u1ee3t tr\u1ed9i.<\/p>\n<h4>4. C\u1ecf th\u00fa c\u01b0ng:<\/h4>\n<p>Ch\u00fang t\u00f4i nh\u1eadn ra t\u1ea7m quan tr\u1ecdng c\u1ee7a vi\u1ec7c cung c\u1ea5p m\u1ed9t m\u00f4i tr\u01b0\u1eddng an to\u00e0n v\u00e0 tho\u1ea3i m\u00e1i cho nh\u1eefng ng\u01b0\u1eddi b\u1ea1n l\u00f4ng l\u00e1 c\u1ee7a ch\u00fang t\u00f4i. \u0110\u1ec3 gi\u1ea3i quy\u1ebft v\u1ea5n \u0111\u1ec1 n\u00e0y, ch\u00fang t\u00f4i \u0111\u00e3 ph\u00e1t tri\u1ec3n lo\u1ea1i c\u1ecf d\u00e0nh cho th\u00fa c\u01b0ng chuy\u00ean d\u1ee5ng \u0111\u01b0\u1ee3c thi\u1ebft k\u1ebf \u0111\u1ec3 ch\u1ecbu \u0111\u01b0\u1ee3c vi\u1ec7c s\u1eed d\u1ee5ng nhi\u1ec1u, ch\u1ed1ng l\u1ea1i m\u00f9i h\u00f4i v\u00e0 cho ph\u00e9p d\u1ec5 d\u00e0ng v\u1ec7 sinh. C\u1ee7a ch\u00fang t\u00f4i <a href=\"https:\/\/arturf.com\/vi\/product\/pet-artificial-grass-pawscape\/\">c\u1ecf nh\u00e2n t\u1ea1o th\u00e2n thi\u1ec7n v\u1edbi v\u1eadt nu\u00f4i<\/a> l\u00e0 l\u00fd t\u01b0\u1edfng cho c\u00e1c \u1ee9ng d\u1ee5ng d\u00e2n c\u01b0 v\u00e0 th\u01b0\u01a1ng m\u1ea1i nh\u01b0 nhau.<\/p>\n<h4>5. S\u00e2n c\u1ecf ch\u1ed1ng t\u0129nh \u0111i\u1ec7n:<\/h4>\n<p>\u0110\u1ec3 n\u00e2ng cao tr\u1ea3i nghi\u1ec7m ng\u01b0\u1eddi d\u00f9ng, ch\u00fang t\u00f4i \u0111\u00e3 gi\u1edbi thi\u1ec7u <a href=\"https:\/\/arturf.com\/vi\/product\/anti-static-artificial-grass\/\">c\u1ecf ch\u1ed1ng t\u0129nh \u0111i\u1ec7n<\/a>. Gi\u1ea3i ph\u00e1p s\u00e1ng t\u1ea1o n\u00e0y gi\u00fap gi\u1ea3m thi\u1ec3u hi\u1ec7u qu\u1ea3 s\u1ef1 t\u00edch t\u1ee5 t\u0129nh \u0111i\u1ec7n tr\u00ean b\u1ec1 m\u1eb7t c\u1ecf, t\u1ea1o ra m\u1ed9t m\u00f4i tr\u01b0\u1eddng th\u00fa v\u1ecb v\u00e0 tho\u1ea3i m\u00e1i h\u01a1n cho c\u00e1 nh\u00e2n v\u00e0 v\u1eadt nu\u00f4i.<\/p>\n<h4>6. Kh\u00e2u ch\u1eef Z:<\/h4>\n<p>Ch\u00fang t\u00f4i cung c\u1ea5p hai ph\u01b0\u01a1ng ph\u00e1p kh\u00e2u: h\u00ecnh d\u1ea1ng 1 \u0111\u01b0\u1eddng may v\u00e0 <a href=\"https:\/\/arturf.com\/vi\/knowledge-hub\/w-stitch-tufted-artificial-grass\/\">h\u00ecnh ch\u1eef Z<\/a>. M\u1eb7c d\u00f9 c\u1ea3 hai ph\u01b0\u01a1ng ph\u00e1p \u0111\u1ec1u \u0111\u00e1p \u1ee9ng c\u00e1c ti\u00eau chu\u1ea9n kh\u1eaft khe, nh\u01b0ng h\u00ecnh d\u1ea1ng \u0111\u01b0\u1eddng may ch\u1eef Z \u0111\u1ea3m b\u1ea3o s\u1ef1 ph\u00e2n b\u1ed1 s\u1ee3i c\u1ecf \u0111\u1ed3ng \u0111\u1ec1u h\u01a1n v\u00e0 t\u0103ng c\u01b0\u1eddng \u0111\u1ed9 b\u00e1m d\u00ednh. \u0110i\u1ec1u n\u00e0y d\u1eabn \u0111\u1ebfn ch\u1ea5t l\u01b0\u1ee3ng v\u00e0 hi\u1ec7u su\u1ea5t t\u1ed5ng th\u1ec3 c\u1ee7a c\u1ecf nh\u00e2n t\u1ea1o c\u1ee7a ch\u00fang t\u00f4i \u0111\u01b0\u1ee3c c\u1ea3i thi\u1ec7n.<\/p>\n<p>Nh\u1eefng v\u00ed d\u1ee5 n\u00e0y ch\u1ec9 l\u00e0 m\u1ed9t c\u00e1i nh\u00ecn tho\u00e1ng qua v\u1ec1 s\u1ef1 c\u1ed1ng hi\u1ebfn c\u1ee7a ch\u00fang t\u00f4i \u0111\u1ed1i v\u1edbi nh\u1eefng ti\u1ebfn b\u1ed9 v\u00e0 \u0111\u1ed5i m\u1edbi c\u00f4ng ngh\u1ec7. T\u1ea1i Arturf, ch\u00fang t\u00f4i v\u1eabn cam k\u1ebft v\u01b0\u1ee3t qua ranh gi\u1edbi c\u1ee7a c\u00f4ng ngh\u1ec7 c\u1ecf nh\u00e2n t\u1ea1o. B\u1eb1ng c\u00e1ch li\u00ean t\u1ee5c \u0111\u1ea7u t\u01b0 v\u00e0o nghi\u00ean c\u1ee9u v\u00e0 ph\u00e1t tri\u1ec3n, ch\u00fang t\u00f4i c\u1ed1 g\u1eafng cung c\u1ea5p nh\u1eefng s\u1ea3n ph\u1ea9m \u0111\u1eb7c bi\u1ec7t v\u01b0\u1ee3t qua s\u1ef1 mong \u0111\u1ee3i c\u1ee7a kh\u00e1ch h\u00e0ng.<\/p>\n\n\t\t<\/div>\n\t\t\t\t\n<style>\n#col-1867445021 > .col-inner {\n  margin: 0px 0px -60px 0px;\n}\n<\/style>\n\t<\/div>\n\n\t\n\n<\/div>\n\n\t\t<\/div>\n\n\t\t\n<style>\n#section_1021673543 {\n  padding-top: 60px;\n  padding-bottom: 60px;\n}\n<\/style>\n\t<\/section>\n\t\n\n\t<section class=\"section\" id=\"section_1916788317\">\n\t\t<div class=\"section-bg fill\" >\n\t\t\t\t\t\t\t\t\t\n\t\t\t\n\n\t\t<\/div>\n\n\t\t\n\n\t\t<div class=\"section-content relative\">\n\t\t\t\n\n<div class=\"nav-wrapper\"><ul class=\"nav nav-uppercase nav-horizontal nav-pills text-center nav-center\"><li class=\"\"><a href=\"https:\/\/arturf.com\/vi\/about\/artificial-grass-factory\/\">Nh\u00e0 m\u00e1y c\u1ecf nh\u00e2n t\u1ea1o<\/a><\/li><li class=\"\"><a href=\"https:\/\/arturf.com\/vi\/about\/quality-assurance\/\">\u0110\u1ea3m b\u1ea3o ch\u1ea5t l\u01b0\u1ee3ng<\/a><\/li><li class=\"active\"><a href=\"https:\/\/arturf.com\/vi\/about\/technology-innovation\/\">C\u00f4ng ngh\u1ec7 &amp; \u0110\u1ed5i m\u1edbi<\/a><\/li><\/ul><\/div>\n\n\n\t\t<\/div>\n\n\t\t\n<style>\n#section_1916788317 {\n  padding-top: 30px;\n  padding-bottom: 30px;\n}\n<\/style>\n\t<\/section>","protected":false},"excerpt":{"rendered":"","protected":false},"author":3,"featured_media":0,"parent":5652,"menu_order":3,"comment_status":"closed","ping_status":"closed","template":"page-blank.php","meta":{"_seopress_robots_primary_cat":"","_seopress_titles_title":"Technology and Innovation-Leading Artificial Grass Manufacturer","_seopress_titles_desc":"Experience our industry-leading dedication to technology and innovation. Enhancing performance, aesthetics, and durability in artificial grass.","_seopress_robots_index":"","footnotes":""},"class_list":["post-7057","page","type-page","status-publish","hentry"],"_links":{"self":[{"href":"https:\/\/arturf.com\/vi\/wp-json\/wp\/v2\/pages\/7057","targetHints":{"allow":["GET"]}}],"collection":[{"href":"https:\/\/arturf.com\/vi\/wp-json\/wp\/v2\/pages"}],"about":[{"href":"https:\/\/arturf.com\/vi\/wp-json\/wp\/v2\/types\/page"}],"author":[{"embeddable":true,"href":"https:\/\/arturf.com\/vi\/wp-json\/wp\/v2\/users\/3"}],"replies":[{"embeddable":true,"href":"https:\/\/arturf.com\/vi\/wp-json\/wp\/v2\/comments?post=7057"}],"version-history":[{"count":0,"href":"https:\/\/arturf.com\/vi\/wp-json\/wp\/v2\/pages\/7057\/revisions"}],"up":[{"embeddable":true,"href":"https:\/\/arturf.com\/vi\/wp-json\/wp\/v2\/pages\/5652"}],"wp:attachment":[{"href":"https:\/\/arturf.com\/vi\/wp-json\/wp\/v2\/media?parent=7057"}],"curies":[{"name":"wp","href":"https:\/\/api.w.org\/{rel}","templated":true}]}}