{"id":10362,"date":"2019-12-10T02:40:11","date_gmt":"2019-12-10T02:40:11","guid":{"rendered":"https:\/\/arturf.com\/?post_type=product&#038;p=10362"},"modified":"2023-07-19T18:00:19","modified_gmt":"2023-07-19T10:00:19","slug":"golf-hitting-mat","status":"publish","type":"product","link":"https:\/\/arturf.com\/vi\/product\/golf-hitting-mat\/","title":{"rendered":"Th\u1ea3m \u0111\u00e1nh g\u00f4n-\u0110\u1ed9 \u1ed5n \u0111\u1ecbnh v\u00e0 \u0111\u1ed9 b\u1ec1n v\u01b0\u1ee3t tr\u1ed9i"},"content":{"rendered":"<p>Kh\u00e1m ph\u00e1 tr\u1ea3i nghi\u1ec7m luy\u1ec7n t\u1eadp ch\u01a1i g\u00f4n \u0111\u1ec9nh cao v\u1edbi Th\u1ea3m \u0111\u00e1nh g\u00f4n h\u00e0ng \u0111\u1ea7u c\u1ee7a ch\u00fang t\u00f4i. Cho d\u00f9 b\u1ea1n l\u00e0 ng\u01b0\u1eddi ch\u01a1i g\u00f4n d\u00e0y d\u1ea1n kinh nghi\u1ec7m hay m\u1edbi b\u1eaft \u0111\u1ea7u, t\u1ea5m th\u1ea3m n\u00e0y \u0111\u01b0\u1ee3c thi\u1ebft k\u1ebf \u0111\u1ec3 gi\u00fap b\u1ea1n \u0111\u1ea1t \u0111\u01b0\u1ee3c nh\u1eefng c\u00fa xoay ng\u01b0\u1eddi t\u1ed1t nh\u1ea5t v\u00e0 ho\u00e0n thi\u1ec7n nh\u1eefng c\u00fa \u0111\u00e1nh c\u1ee7a m\u00ecnh.<\/p>\n<h3>T\u00ednh \u1ed5n \u0111\u1ecbnh v\u00e0 \u0111\u1ed9 b\u1ec1n v\u00f4 song:<\/h3>\n<p>Th\u1ea3m \u0111\u00e1nh g\u00f4n c\u1ee7a ch\u00fang t\u00f4i \u0111\u01b0\u1ee3c ch\u1ebf t\u1ea1o t\u1ec9 m\u1ec9 v\u1edbi \u0111\u1ebf cao su EVA d\u00e0y v\u00e0 ch\u1eafc ch\u1eafn, mang l\u1ea1i s\u1ef1 \u1ed5n \u0111\u1ecbnh v\u00f4 song tr\u00ean b\u1ea5t k\u1ef3 b\u1ec1 m\u1eb7t ph\u1eb3ng n\u00e0o. V\u1edbi k\u1ebft c\u1ea5u ch\u1eafc ch\u1eafn n\u00e0y, b\u1ea1n c\u00f3 th\u1ec3 t\u1ef1 tin luy\u1ec7n t\u1eadp nh\u1eefng c\u00fa \u0111\u00e1nh xa m\u00e0 kh\u00f4ng s\u1ee3 b\u1ecb tr\u01b0\u1ee3t hay tr\u01b0\u1ee3t ch\u00e2n.<\/p>\n<h3>Ho\u00e0n h\u1ea3o cho m\u1ecdi Golfer:<\/h3>\n<p>Cho d\u00f9 b\u1ea1n l\u00e0 ng\u01b0\u1eddi ch\u01a1i g\u00f4n chuy\u00ean nghi\u1ec7p hay ng\u01b0\u1eddi m\u1edbi b\u1eaft \u0111\u1ea7u h\u1ecdc ch\u01a1i g\u00f4n, th\u1ea3m \u0111\u00e1nh g\u00f4n c\u1ee7a ch\u00fang t\u00f4i \u0111\u00e1p \u1ee9ng m\u1ecdi c\u1ea5p \u0111\u1ed9 k\u1ef9 n\u0103ng. Nh\u1eefng ng\u01b0\u1eddi m\u1edbi b\u1eaft \u0111\u1ea7u c\u00f3 th\u1ec3 x\u00e2y d\u1ef1ng s\u1ef1 t\u1ef1 tin v\u00e0 c\u1ea3i thi\u1ec7n nh\u1eefng c\u00fa xoay ng\u01b0\u1eddi c\u1ee7a h\u1ecd, trong khi nh\u1eefng ng\u01b0\u1eddi ch\u01a1i d\u00e0y d\u1ea1n kinh nghi\u1ec7m c\u00f3 th\u1ec3 tinh ch\u1ec9nh c\u00e1c k\u1ef9 thu\u1eadt c\u1ee7a h\u1ecd v\u00e0 duy tr\u00ec t\u00ednh nh\u1ea5t qu\u00e1n.<\/p>\n<h3>C\u00f4ng c\u1ee5 \u0111\u00e0o t\u1ea1o t\u1ed1i \u01b0u:<\/h3>\n<p>\u0110\u01b0a vi\u1ec7c luy\u1ec7n t\u1eadp ch\u01a1i g\u00f4n c\u1ee7a b\u1ea1n l\u00ean m\u1ed9t t\u1ea7m cao m\u1edbi v\u1edbi t\u1ea5m th\u1ea3m \u0111\u00e1nh cao c\u1ea5p n\u00e0y. Luy\u1ec7n t\u1eadp th\u01b0\u1eddng xuy\u00ean v\u1edbi t\u1ea5m th\u1ea3m c\u1ee7a ch\u00fang t\u00f4i s\u1ebd kh\u00f4ng ch\u1ec9 n\u00e2ng cao c\u01a1 ch\u1ebf xoay ng\u01b0\u1eddi c\u1ee7a b\u1ea1n m\u00e0 c\u00f2n gi\u1ea3m thi\u1ec3u t\u00e1c \u0111\u1ed9ng l\u00ean c\u00e1c kh\u1edbp nh\u1edd \u0111\u1eb7c t\u00ednh h\u1ea5p th\u1ee5 ch\u1ea5n \u0111\u1ed9ng c\u1ee7a n\u00f3.<\/p>\n<p>N\u00e2ng c\u1ea5p tr\u1ea3i nghi\u1ec7m ch\u01a1i g\u00f4n c\u1ee7a b\u1ea1n v\u1edbi Th\u1ea3m \u0111\u00e1nh g\u00f4n chuy\u00ean nghi\u1ec7p c\u1ee7a ch\u00fang t\u00f4i. N\u00e2ng cao tr\u00f2 ch\u01a1i c\u1ee7a b\u1ea1n, c\u1ea3i thi\u1ec7n \u0111\u1ed9 ch\u00ednh x\u00e1c c\u1ee7a b\u1ea1n v\u00e0 xem s\u1ef1 t\u1ef1 tin c\u1ee7a b\u1ea1n t\u0103ng v\u1ecdt khi b\u1ea1n \u0111\u00e1nh b\u00f3ng xanh nh\u01b0 m\u1ed9t ng\u01b0\u1eddi chuy\u00ean nghi\u1ec7p. H\u00e3y \u0111\u1ea7u t\u01b0 v\u00e0o h\u00e0nh tr\u00ecnh ch\u01a1i g\u00f4n c\u1ee7a b\u1ea1n ngay h\u00f4m nay!<\/p>\n\n  \n    <div class=\"row large-columns-6 medium-columns-3 small-columns-2\" >\n  <div class=\"gallery-col col\" >\n          <div class=\"col-inner\">\n            <a class=\"image-lightbox lightbox-gallery\" href=\"https:\/\/arturf.com\/wp-content\/uploads\/2020\/08\/ARTURF-Golf-Hitting-Mat-Stock.jpg\" title=\"\">            <div class=\"box has-hover gallery-box box-overlay dark\">\n              <div class=\"box-image\" >\n                <img loading=\"lazy\" decoding=\"async\" width=\"300\" height=\"200\" src=\"https:\/\/arturf.com\/wp-content\/uploads\/2020\/08\/ARTURF-Golf-Hitting-Mat-Stock-300x200.jpg\" class=\"attachment-medium size-medium\" alt=\"\" ids=\"12516,12517,12518,12519\" columns=\"6\" srcset=\"https:\/\/arturf.com\/wp-content\/uploads\/2020\/08\/ARTURF-Golf-Hitting-Mat-Stock-300x200.jpg 300w, https:\/\/arturf.com\/wp-content\/uploads\/2020\/08\/ARTURF-Golf-Hitting-Mat-Stock-768x511.jpg 768w, https:\/\/arturf.com\/wp-content\/uploads\/2020\/08\/ARTURF-Golf-Hitting-Mat-Stock-18x12.jpg 18w, https:\/\/arturf.com\/wp-content\/uploads\/2020\/08\/ARTURF-Golf-Hitting-Mat-Stock-510x339.jpg 510w, https:\/\/arturf.com\/wp-content\/uploads\/2020\/08\/ARTURF-Golf-Hitting-Mat-Stock.jpg 800w\" sizes=\"auto, (max-width: 300px) 100vw, 300px\" \/>                                  <div class=\"overlay fill\"\n                      style=\"background-color: rgba(0,0,0,.15)\">\n                  <\/div>\n                                                              <\/div>\n              <div class=\"box-text text-left\" >\n                 <p><\/p>\n              <\/div>\n            <\/div>\n            <\/a>          <\/div>\n         <\/div><div class=\"gallery-col col\" >\n          <div class=\"col-inner\">\n            <a class=\"image-lightbox lightbox-gallery\" href=\"https:\/\/arturf.com\/wp-content\/uploads\/2020\/08\/Arturf-Golf-Hitting-Mat-Use-2.jpg\" title=\"\">            <div class=\"box has-hover gallery-box box-overlay dark\">\n              <div class=\"box-image\" >\n                <img loading=\"lazy\" decoding=\"async\" width=\"300\" height=\"200\" src=\"https:\/\/arturf.com\/wp-content\/uploads\/2020\/08\/Arturf-Golf-Hitting-Mat-Use-2-300x200.jpg\" class=\"attachment-medium size-medium\" alt=\"\" ids=\"12516,12517,12518,12519\" columns=\"6\" srcset=\"https:\/\/arturf.com\/wp-content\/uploads\/2020\/08\/Arturf-Golf-Hitting-Mat-Use-2-300x200.jpg 300w, https:\/\/arturf.com\/wp-content\/uploads\/2020\/08\/Arturf-Golf-Hitting-Mat-Use-2-768x512.jpg 768w, https:\/\/arturf.com\/wp-content\/uploads\/2020\/08\/Arturf-Golf-Hitting-Mat-Use-2-18x12.jpg 18w, https:\/\/arturf.com\/wp-content\/uploads\/2020\/08\/Arturf-Golf-Hitting-Mat-Use-2-510x340.jpg 510w, https:\/\/arturf.com\/wp-content\/uploads\/2020\/08\/Arturf-Golf-Hitting-Mat-Use-2.jpg 800w\" sizes=\"auto, (max-width: 300px) 100vw, 300px\" \/>                                  <div class=\"overlay fill\"\n                      style=\"background-color: rgba(0,0,0,.15)\">\n                  <\/div>\n                                                              <\/div>\n              <div class=\"box-text text-left\" >\n                 <p><\/p>\n              <\/div>\n            <\/div>\n            <\/a>          <\/div>\n         <\/div><div class=\"gallery-col col\" >\n          <div class=\"col-inner\">\n            <a class=\"image-lightbox lightbox-gallery\" href=\"https:\/\/arturf.com\/wp-content\/uploads\/2020\/08\/Arturf-Golf-Hitting-Mat-Use-1.jpg\" title=\"\">            <div class=\"box has-hover gallery-box box-overlay dark\">\n              <div class=\"box-image\" >\n                <img loading=\"lazy\" decoding=\"async\" width=\"300\" height=\"200\" src=\"https:\/\/arturf.com\/wp-content\/uploads\/2020\/08\/Arturf-Golf-Hitting-Mat-Use-1-300x200.jpg\" class=\"attachment-medium size-medium\" alt=\"\" ids=\"12516,12517,12518,12519\" columns=\"6\" srcset=\"https:\/\/arturf.com\/wp-content\/uploads\/2020\/08\/Arturf-Golf-Hitting-Mat-Use-1-300x200.jpg 300w, https:\/\/arturf.com\/wp-content\/uploads\/2020\/08\/Arturf-Golf-Hitting-Mat-Use-1-768x511.jpg 768w, https:\/\/arturf.com\/wp-content\/uploads\/2020\/08\/Arturf-Golf-Hitting-Mat-Use-1-18x12.jpg 18w, https:\/\/arturf.com\/wp-content\/uploads\/2020\/08\/Arturf-Golf-Hitting-Mat-Use-1-510x339.jpg 510w, https:\/\/arturf.com\/wp-content\/uploads\/2020\/08\/Arturf-Golf-Hitting-Mat-Use-1.jpg 800w\" sizes=\"auto, (max-width: 300px) 100vw, 300px\" \/>                                  <div class=\"overlay fill\"\n                      style=\"background-color: rgba(0,0,0,.15)\">\n                  <\/div>\n                                                              <\/div>\n              <div class=\"box-text text-left\" >\n                 <p><\/p>\n              <\/div>\n            <\/div>\n            <\/a>          <\/div>\n         <\/div><div class=\"gallery-col col\" >\n          <div class=\"col-inner\">\n            <a class=\"image-lightbox lightbox-gallery\" href=\"https:\/\/arturf.com\/wp-content\/uploads\/2020\/08\/Arturf-Golf-Hitting-Mat-Use-3.jpg\" title=\"\">            <div class=\"box has-hover gallery-box box-overlay dark\">\n              <div class=\"box-image\" >\n                <img loading=\"lazy\" decoding=\"async\" width=\"300\" height=\"200\" src=\"https:\/\/arturf.com\/wp-content\/uploads\/2020\/08\/Arturf-Golf-Hitting-Mat-Use-3-300x200.jpg\" class=\"attachment-medium size-medium\" alt=\"\" ids=\"12516,12517,12518,12519\" columns=\"6\" srcset=\"https:\/\/arturf.com\/wp-content\/uploads\/2020\/08\/Arturf-Golf-Hitting-Mat-Use-3-300x200.jpg 300w, https:\/\/arturf.com\/wp-content\/uploads\/2020\/08\/Arturf-Golf-Hitting-Mat-Use-3-768x512.jpg 768w, https:\/\/arturf.com\/wp-content\/uploads\/2020\/08\/Arturf-Golf-Hitting-Mat-Use-3-18x12.jpg 18w, https:\/\/arturf.com\/wp-content\/uploads\/2020\/08\/Arturf-Golf-Hitting-Mat-Use-3-510x340.jpg 510w, https:\/\/arturf.com\/wp-content\/uploads\/2020\/08\/Arturf-Golf-Hitting-Mat-Use-3.jpg 800w\" sizes=\"auto, (max-width: 300px) 100vw, 300px\" \/>                                  <div class=\"overlay fill\"\n                      style=\"background-color: rgba(0,0,0,.15)\">\n                  <\/div>\n                                                              <\/div>\n              <div class=\"box-text text-left\" >\n                 <p><\/p>\n              <\/div>\n            <\/div>\n            <\/a>          <\/div>\n         <\/div><\/div>","protected":false},"excerpt":{"rendered":"<p>N\u00e2ng cao tr\u00ecnh \u0111\u1ed9 ch\u01a1i g\u00f4n c\u1ee7a b\u1ea1n v\u1edbi Th\u1ea3m \u0111\u00e1nh g\u00f4n chuy\u00ean nghi\u1ec7p c\u1ee7a ch\u00fang t\u00f4i. \u0110\u01b0\u1ee3c ch\u1ebf t\u1ea1o v\u1edbi \u0111\u1ebf EVA d\u00e0y, t\u1ea5m th\u1ea3m cao c\u1ea5p n\u00e0y \u0111\u01b0\u1ee3c thi\u1ebft k\u1ebf cho c\u1ea3 ng\u01b0\u1eddi chuy\u00ean nghi\u1ec7p v\u00e0 ng\u01b0\u1eddi m\u1edbi b\u1eaft \u0111\u1ea7u. Cho d\u00f9 b\u1ea1n th\u00edch luy\u1ec7n t\u1eadp trong nh\u00e0 hay ngo\u00e0i tr\u1eddi, th\u1ea3m ch\u01a1i g\u00f4n c\u1ee7a ch\u00fang t\u00f4i \u0111\u1ec1u mang \u0111\u1ebfn gi\u1ea3i ph\u00e1p ho\u00e0n h\u1ea3o \u0111\u1ec3 n\u00e2ng cao k\u1ef9 n\u0103ng v\u00e0 th\u00e0nh t\u00edch c\u1ee7a b\u1ea1n.<\/p>","protected":false},"featured_media":10365,"template":"","meta":{"_seopress_robots_primary_cat":"","_seopress_titles_title":"","_seopress_titles_desc":"","_seopress_robots_index":""},"product_brand":[],"product_cat":[65],"product_tag":[],"class_list":{"0":"post-10362","1":"product","2":"type-product","3":"status-publish","4":"has-post-thumbnail","6":"product_cat-golf","8":"first","9":"instock","10":"shipping-taxable","11":"product-type-simple"},"_links":{"self":[{"href":"https:\/\/arturf.com\/vi\/wp-json\/wp\/v2\/product\/10362","targetHints":{"allow":["GET"]}}],"collection":[{"href":"https:\/\/arturf.com\/vi\/wp-json\/wp\/v2\/product"}],"about":[{"href":"https:\/\/arturf.com\/vi\/wp-json\/wp\/v2\/types\/product"}],"wp:featuredmedia":[{"embeddable":true,"href":"https:\/\/arturf.com\/vi\/wp-json\/wp\/v2\/media\/10365"}],"wp:attachment":[{"href":"https:\/\/arturf.com\/vi\/wp-json\/wp\/v2\/media?parent=10362"}],"wp:term":[{"taxonomy":"product_brand","embeddable":true,"href":"https:\/\/arturf.com\/vi\/wp-json\/wp\/v2\/product_brand?post=10362"},{"taxonomy":"product_cat","embeddable":true,"href":"https:\/\/arturf.com\/vi\/wp-json\/wp\/v2\/product_cat?post=10362"},{"taxonomy":"product_tag","embeddable":true,"href":"https:\/\/arturf.com\/vi\/wp-json\/wp\/v2\/product_tag?post=10362"}],"curies":[{"name":"wp","href":"https:\/\/api.w.org\/{rel}","templated":true}]}}