{"id":11433,"date":"2020-04-29T12:02:00","date_gmt":"2020-04-29T04:02:00","guid":{"rendered":"https:\/\/arturf.com\/?post_type=product&#038;p=11433"},"modified":"2023-07-14T17:46:53","modified_gmt":"2023-07-14T09:46:53","slug":"artificial-grass-hero","status":"publish","type":"product","link":"https:\/\/arturf.com\/vi\/product\/artificial-grass-hero\/","title":{"rendered":"\u2661Hero"},"content":{"rendered":"<h3>C\u00e1c t\u00ednh n\u0103ng ch\u00ednh:<\/h3>\n<ol>\n<li class=\"bullet-checkmark\">S\u1ee3i b\u1ed9 nh\u1edb h\u00ecnh ch\u1eef C v\u00e0 t\u1ea5m l\u1ee3p d\u00e0y \u0111\u1eb7c \u0111\u1ec3 t\u0103ng c\u01b0\u1eddng kh\u1ea3 n\u0103ng ph\u1ee5c h\u1ed3i<\/li>\n<li class=\"bullet-checkmark\">Ngo\u1ea1i h\u00ecnh th\u1ef1c t\u1ebf v\u00e0 \u0111\u1ed9 b\u1ec1n v\u01b0\u1ee3t tr\u1ed9i<\/li>\n<li class=\"bullet-checkmark\">S\u00e2n c\u1ecf ch\u1ea5t l\u01b0\u1ee3ng cao v\u1edbi gi\u00e1 c\u1ea3 ph\u1ea3i ch\u0103ng<\/li>\n<\/ol>\n<p>Tr\u1ea3i nghi\u1ec7m s\u1ef1 c\u00e2n b\u1eb1ng ho\u00e0n h\u1ea3o gi\u1eefa s\u1ef1 sang tr\u1ecdng v\u00e0 gi\u00e1 c\u1ea3 ph\u1ea3i ch\u0103ng v\u1edbi s\u1ea3n ph\u1ea9m n\u00e0y, n\u00e2ng t\u1ea7m kh\u00f4ng gian ngo\u00e0i tr\u1eddi c\u1ee7a b\u1ea1n l\u00ean m\u1ed9t t\u1ea7m cao m\u1edbi.<\/p>\n<h3>T\u00f9y ch\u1ecdn m\u00e0u c\u00f3 s\u1eb5n:\u00a0<\/h3>\n<div class=\"row\"  id=\"row-1518791549\">\n\n\t<div id=\"col-951121936\" class=\"col medium-4 small-12 large-4\"  >\n\t\t\t\t<div class=\"col-inner\"  >\n\t\t\t\n\t\t\t\n\t<div class=\"box has-hover   has-hover box-text-bottom\" >\n\n\t\t<div class=\"box-image\" style=\"border-radius:50%;\">\n\t\t\t\t\t\t<div class=\"image-cover\" style=\"padding-top:100%;\">\n\t\t\t\t<img loading=\"lazy\" decoding=\"async\" width=\"768\" height=\"576\" src=\"https:\/\/arturf.com\/wp-content\/uploads\/2020\/04\/Hybrid-3035-2-768x576.jpg\" class=\"attachment-medium_large size-medium_large\" alt=\"S\u00e2n v\u01b0\u1eddn,Khu vui ch\u01a1i,C\u1ecf nh\u00e2n t\u1ea1o,H\u00ecnh ch\u1eef C\" srcset=\"https:\/\/arturf.com\/wp-content\/uploads\/2020\/04\/Hybrid-3035-2-768x576.jpg 768w, https:\/\/arturf.com\/wp-content\/uploads\/2020\/04\/Hybrid-3035-2-300x225.jpg 300w, https:\/\/arturf.com\/wp-content\/uploads\/2020\/04\/Hybrid-3035-2-200x150.jpg 200w, https:\/\/arturf.com\/wp-content\/uploads\/2020\/04\/Hybrid-3035-2-16x12.jpg 16w, https:\/\/arturf.com\/wp-content\/uploads\/2020\/04\/Hybrid-3035-2-350x263.jpg 350w, https:\/\/arturf.com\/wp-content\/uploads\/2020\/04\/Hybrid-3035-2-510x383.jpg 510w, https:\/\/arturf.com\/wp-content\/uploads\/2020\/04\/Hybrid-3035-2.jpg 800w\" sizes=\"auto, (max-width: 768px) 100vw, 768px\" \/>\t\t\t\t\t\t\t\t\t\t\t<\/div>\n\t\t\t\t\t<\/div>\n\n\t\t<div class=\"box-text text-center\" >\n\t\t\t<div class=\"box-text-inner\">\n\t\t\t\t\n<h4>M\u1ed8T<\/h4>\n\t\t\t<\/div>\n\t\t<\/div>\n\t<\/div>\n\t\n\t\t<\/div>\n\t\t\t\t\t<\/div>\n\n\t\n\n\t<div id=\"col-383972234\" class=\"col medium-4 small-12 large-4\"  >\n\t\t\t\t<div class=\"col-inner\"  >\n\t\t\t\n\t\t\t\n\t<div class=\"box has-hover   has-hover box-text-bottom\" >\n\n\t\t<div class=\"box-image\" style=\"border-radius:50%;\">\n\t\t\t\t\t\t<div class=\"image-cover\" style=\"padding-top:100%;\">\n\t\t\t\t<img loading=\"lazy\" decoding=\"async\" width=\"768\" height=\"575\" src=\"https:\/\/arturf.com\/wp-content\/uploads\/2018\/12\/Summer-3035-2-768x575.jpg\" class=\"attachment-medium_large size-medium_large\" alt=\"S\u00e2n v\u01b0\u1eddn,Khu vui ch\u01a1i,C\u1ecf nh\u00e2n t\u1ea1o,H\u00ecnh ch\u1eef C\" srcset=\"https:\/\/arturf.com\/wp-content\/uploads\/2018\/12\/Summer-3035-2-768x575.jpg 768w, https:\/\/arturf.com\/wp-content\/uploads\/2018\/12\/Summer-3035-2-300x225.jpg 300w, https:\/\/arturf.com\/wp-content\/uploads\/2018\/12\/Summer-3035-2-200x150.jpg 200w, https:\/\/arturf.com\/wp-content\/uploads\/2018\/12\/Summer-3035-2-16x12.jpg 16w, https:\/\/arturf.com\/wp-content\/uploads\/2018\/12\/Summer-3035-2-350x263.jpg 350w, https:\/\/arturf.com\/wp-content\/uploads\/2018\/12\/Summer-3035-2-510x382.jpg 510w, https:\/\/arturf.com\/wp-content\/uploads\/2018\/12\/Summer-3035-2.jpg 800w\" sizes=\"auto, (max-width: 768px) 100vw, 768px\" \/>\t\t\t\t\t\t\t\t\t\t\t<\/div>\n\t\t\t\t\t<\/div>\n\n\t\t<div class=\"box-text text-center\" >\n\t\t\t<div class=\"box-text-inner\">\n\t\t\t\t\n<h4>b<\/h4>\n\t\t\t<\/div>\n\t\t<\/div>\n\t<\/div>\n\t\n\t\t<\/div>\n\t\t\t\t\t<\/div>\n\n\t\n\n\t<div id=\"col-1075257006\" class=\"col medium-4 small-12 large-4\"  >\n\t\t\t\t<div class=\"col-inner\"  >\n\t\t\t\n\t\t\t\n\t<div class=\"box has-hover   has-hover box-text-bottom\" >\n\n\t\t<div class=\"box-image\" style=\"border-radius:50%;\">\n\t\t\t\t\t\t<div class=\"image-cover\" style=\"padding-top:100%;\">\n\t\t\t\t<img loading=\"lazy\" decoding=\"async\" width=\"768\" height=\"576\" src=\"https:\/\/arturf.com\/wp-content\/uploads\/2023\/07\/Arturf-Artificial-Grass-Hero-FER-768x576.jpg\" class=\"attachment-medium_large size-medium_large\" alt=\"S\u00e2n v\u01b0\u1eddn,Khu vui ch\u01a1i,C\u1ecf nh\u00e2n t\u1ea1o,H\u00ecnh ch\u1eef C\" srcset=\"https:\/\/arturf.com\/wp-content\/uploads\/2023\/07\/Arturf-Artificial-Grass-Hero-FER-768x576.jpg 768w, https:\/\/arturf.com\/wp-content\/uploads\/2023\/07\/Arturf-Artificial-Grass-Hero-FER-500x375.jpg 500w, https:\/\/arturf.com\/wp-content\/uploads\/2023\/07\/Arturf-Artificial-Grass-Hero-FER-200x150.jpg 200w, https:\/\/arturf.com\/wp-content\/uploads\/2023\/07\/Arturf-Artificial-Grass-Hero-FER-16x12.jpg 16w, https:\/\/arturf.com\/wp-content\/uploads\/2023\/07\/Arturf-Artificial-Grass-Hero-FER-350x263.jpg 350w, https:\/\/arturf.com\/wp-content\/uploads\/2023\/07\/Arturf-Artificial-Grass-Hero-FER-510x383.jpg 510w, https:\/\/arturf.com\/wp-content\/uploads\/2023\/07\/Arturf-Artificial-Grass-Hero-FER.jpg 800w\" sizes=\"auto, (max-width: 768px) 100vw, 768px\" \/>\t\t\t\t\t\t\t\t\t\t\t<\/div>\n\t\t\t\t\t<\/div>\n\n\t\t<div class=\"box-text text-center\" >\n\t\t\t<div class=\"box-text-inner\">\n\t\t\t\t\n<h4>C<\/h4>\n\t\t\t<\/div>\n\t\t<\/div>\n\t<\/div>\n\t\n\t\t<\/div>\n\t\t\t\t\t<\/div>\n\n\t\n<\/div>\n\n\t<section class=\"section\" id=\"section_220011758\">\n\t\t<div class=\"section-bg fill\" >\n\t\t\t\t\t\t\t\t\t\n\t\t\t\n\n\t\t<\/div>\n\n\t\t\n\n\t\t<div class=\"section-content relative\">\n\t\t\t\n\n<div class=\"row\"  id=\"row-1413127081\">\n\n\n\t<div id=\"col-633893436\" class=\"col small-12 large-12\"  >\n\t\t\t\t<div class=\"col-inner text-center\"  >\n\t\t\t\n\t\t\t\n\n<h2>c\u00e2u h\u1ecfi th\u01b0\u1eddng g\u1eb7p<\/h2>\n\n\t\t<\/div>\n\t\t\t\t\t<\/div>\n\n\t\n\n<\/div>\n<div class=\"row align-center row-box-shadow-1\"  id=\"row-1225335314\">\n\n\n\t<div id=\"col-1111252075\" class=\"col medium-10 small-12 large-9\"  >\n\t\t\t\t<div class=\"col-inner\" style=\"background-color:rgb(255,255,255);\" >\n\t\t\t\n\t\t\t\n\n<div class=\"accordion\">\n\n\t<div id=\"accordion-209790602\" class=\"accordion-item\">\n\t\t<a id=\"accordion-209790602-label\" class=\"accordion-title plain\" href=\"#accordion-item-can-you-customize-specifications-for-your-artificial-turf-products?\" aria-expanded=\"false\" aria-controls=\"accordion-209790602-content\">\n\t\t\t<button class=\"toggle\" aria-label=\"Chuy\u1ec3n \u0111\u1ed5i\"><i class=\"icon-angle-down\" aria-hidden=\"true\"><\/i><\/button>\n\t\t\t<span>B\u1ea1n c\u00f3 th\u1ec3 t\u00f9y ch\u1ec9nh th\u00f4ng s\u1ed1 k\u1ef9 thu\u1eadt cho c\u00e1c s\u1ea3n ph\u1ea9m c\u1ecf nh\u00e2n t\u1ea1o c\u1ee7a m\u00ecnh kh\u00f4ng?<\/span>\n\t\t<\/a>\n\t\t<div id=\"accordion-209790602-content\" class=\"accordion-inner\" aria-labelledby=\"accordion-209790602-label\">\n\t\t\t\n\n<p>C\u00f3, ch\u00fang t\u00f4i cung c\u1ea5p c\u00e1c t\u00f9y ch\u1ecdn t\u00f9y ch\u1ec9nh v\u1ec1 m\u00e0u s\u1eafc, h\u00ecnh d\u1ea1ng s\u1ee3i, chi\u1ec1u cao c\u1ecdc, m\u1eadt \u0111\u1ed9 v\u00e0 l\u1edbp l\u00f3t. Ch\u00fang t\u00f4i c\u0169ng c\u00f3 th\u1ec3 s\u1ea3n xu\u1ea5t theo m\u1ed9t m\u1eabu \u0111\u01b0\u1ee3c cung c\u1ea5p.<\/p>\n\n\t\t<\/div>\n\t<\/div>\n\t\n\t<div id=\"accordion-1517571036\" class=\"accordion-item\">\n\t\t<a id=\"accordion-1517571036-label\" class=\"accordion-title plain\" href=\"#accordion-item-do-you-have-stock?\" aria-expanded=\"false\" aria-controls=\"accordion-1517571036-content\">\n\t\t\t<button class=\"toggle\" aria-label=\"Chuy\u1ec3n \u0111\u1ed5i\"><i class=\"icon-angle-down\" aria-hidden=\"true\"><\/i><\/button>\n\t\t\t<span>B\u1ea1n c\u00f3 h\u00e0ng kh\u00f4ng?<\/span>\n\t\t<\/a>\n\t\t<div id=\"accordion-1517571036-content\" class=\"accordion-inner\" aria-labelledby=\"accordion-1517571036-label\">\n\t\t\t\n\n<p>Kh\u00f4ng, ch\u00fang t\u00f4i kh\u00f4ng gi\u1eef c\u1ed5 phi\u1ebfu. Ch\u00fang t\u00f4i b\u1eaft \u0111\u1ea7u s\u1ea3n xu\u1ea5t d\u1ef1a tr\u00ean c\u00e1c \u0111\u01a1n \u0111\u1eb7t h\u00e0ng c\u1ee5 th\u1ec3.<\/p>\n\n\t\t<\/div>\n\t<\/div>\n\t\n\t<div id=\"accordion-1086017189\" class=\"accordion-item\">\n\t\t<a id=\"accordion-1086017189-label\" class=\"accordion-title plain\" href=\"#accordion-item-what-is-your-moq?\" aria-expanded=\"false\" aria-controls=\"accordion-1086017189-content\">\n\t\t\t<button class=\"toggle\" aria-label=\"Chuy\u1ec3n \u0111\u1ed5i\"><i class=\"icon-angle-down\" aria-hidden=\"true\"><\/i><\/button>\n\t\t\t<span>Moq c\u1ee7a b\u1ea1n l\u00e0 g\u00ec?<\/span>\n\t\t<\/a>\n\t\t<div id=\"accordion-1086017189-content\" class=\"accordion-inner\" aria-labelledby=\"accordion-1086017189-label\">\n\t\t\t\n\n<p>\u0110\u1ed1i v\u1edbi h\u1ea7u h\u1ebft c\u1ecf nh\u00e2n t\u1ea1o, s\u1ed1 l\u01b0\u1ee3ng \u0111\u1eb7t h\u00e0ng t\u1ed1i thi\u1ec3u (MOQ) c\u1ee7a ch\u00fang t\u00f4i l\u00e0 500 m\u00e9t vu\u00f4ng. \u0110\u1ed1i v\u1edbi m\u1ed9t s\u1ed1 s\u1ea3n ph\u1ea9m c\u00f3 tr\u1ecdng l\u01b0\u1ee3ng nh\u1eb9, MOQ l\u00e0 800 m\u00e9t vu\u00f4ng.<\/p>\n\n\t\t<\/div>\n\t<\/div>\n\t\n\t<div id=\"accordion-1043992988\" class=\"accordion-item\">\n\t\t<a id=\"accordion-1043992988-label\" class=\"accordion-title plain\" href=\"#accordion-item-what-are-the-width-and-length-options-for-artificial-grass?\" aria-expanded=\"false\" aria-controls=\"accordion-1043992988-content\">\n\t\t\t<button class=\"toggle\" aria-label=\"Chuy\u1ec3n \u0111\u1ed5i\"><i class=\"icon-angle-down\" aria-hidden=\"true\"><\/i><\/button>\n\t\t\t<span>C\u00e1c t\u00f9y ch\u1ecdn chi\u1ec1u r\u1ed9ng v\u00e0 chi\u1ec1u d\u00e0i cho c\u1ecf nh\u00e2n t\u1ea1o l\u00e0 g\u00ec?<\/span>\n\t\t<\/a>\n\t\t<div id=\"accordion-1043992988-content\" class=\"accordion-inner\" aria-labelledby=\"accordion-1043992988-label\">\n\t\t\t\n\n<p>C\u00e1c t\u00f9y ch\u1ecdn chi\u1ec1u r\u1ed9ng ph\u1ed5 bi\u1ebfn c\u1ee7a ch\u00fang t\u00f4i l\u00e0 2m, 3,75m, 3,95m, 4m v\u00e0 5m. \u0110\u1ed9 d\u00e0i c\u00f3 th\u1ec3 \u0111\u01b0\u1ee3c t\u00f9y ch\u1ec9nh theo y\u00eau c\u1ea7u d\u1ef1 \u00e1n c\u1ee5 th\u1ec3 c\u1ee7a b\u1ea1n. Theo m\u1eb7c \u0111\u1ecbnh, ch\u00fang t\u00f4i k\u1ebft h\u1ee3p c\u1ecf r\u1ed9ng 4m v\u00e0 c\u1ecf r\u1ed9ng 2m v\u1edbi nhau \u0111\u1ec3 t\u1ed1i \u01b0u h\u00f3a kh\u00f4ng gian ch\u1ee9a.<\/p>\n\n\t\t<\/div>\n\t<\/div>\n\t\n\t<div id=\"accordion-452417570\" class=\"accordion-item\">\n\t\t<a id=\"accordion-452417570-label\" class=\"accordion-title plain\" href=\"#accordion-item-what-information-do-you-need-to-provide-the-landed-cost-for-international-customers?\" aria-expanded=\"false\" aria-controls=\"accordion-452417570-content\">\n\t\t\t<button class=\"toggle\" aria-label=\"Chuy\u1ec3n \u0111\u1ed5i\"><i class=\"icon-angle-down\" aria-hidden=\"true\"><\/i><\/button>\n\t\t\t<span>B\u1ea1n c\u1ea7n th\u00f4ng tin g\u00ec \u0111\u1ec3 cung c\u1ea5p chi ph\u00ed h\u1ea1 c\u00e1nh cho kh\u00e1ch h\u00e0ng qu\u1ed1c t\u1ebf?<\/span>\n\t\t<\/a>\n\t\t<div id=\"accordion-452417570-content\" class=\"accordion-inner\" aria-labelledby=\"accordion-452417570-label\">\n\t\t\t\n\n<p>\u0110\u1ec3 cung c\u1ea5p chi ph\u00ed h\u1ea1 c\u00e1nh, ch\u00fang t\u00f4i y\u00eau c\u1ea7u th\u00f4ng tin v\u1ec1 chi ti\u1ebft s\u1ea3n ph\u1ea9m, s\u1ed1 l\u01b0\u1ee3ng v\u00e0 c\u1ea3ng bi\u1ec3n \u0111\u00edch.<\/p>\n\n\t\t<\/div>\n\t<\/div>\n\t\n\n<\/div>\n\n\t\t<\/div>\n\t\t\t\t\t<\/div>\n\n\t\n\n\n<style>\n#row-1225335314 > .col > .col-inner {\n  padding: 0px 0px 0px 0px;\n}\n@media (min-width:550px) {\n  #row-1225335314 > .col > .col-inner {\n    padding: 30px 30px 30px 30px;\n  }\n}\n<\/style>\n<\/div>\n\n\t\t<\/div>\n\n\t\t\n<style>\n#section_220011758 {\n  padding-top: 60px;\n  padding-bottom: 60px;\n}\n<\/style>\n\t<\/section>\n\t\n<div class=\"row align-center\"  id=\"row-833921526\">\n\n\n\t<div id=\"col-821546983\" class=\"col medium-4 large-4\"  >\n\t\t\t\t<div class=\"col-inner\"  >\n\t\t\t\n\t<div class=\"is-border\"\n\t\tstyle=\"border-width:0px 0px 0px 0px;\">\n\t<\/div>\n\t\t\t\n\n\n\t\t<div class=\"icon-box featured-box icon-box-center text-center\"  style=\"margin:0px 0px 0px 0px;\">\n\t\t\t\t\t<div class=\"icon-box-img has-icon-bg\" style=\"width: 100px\">\n\t\t\t\t<div class=\"icon\">\n\t\t\t\t\t<div class=\"icon-inner\" style=\"border-width:2px;color:rgba(47, 159, 18, 0.88);\">\n\t\t\t\t\t\t<img loading=\"lazy\" decoding=\"async\" width=\"100\" height=\"100\" src=\"https:\/\/arturf.com\/wp-content\/uploads\/2018\/06\/Icon-Good-quality.png\" class=\"attachment-medium size-medium\" alt=\"S\u00e2n v\u01b0\u1eddn,Khu vui ch\u01a1i,C\u1ecf nh\u00e2n t\u1ea1o,H\u00ecnh ch\u1eef C\" srcset=\"https:\/\/arturf.com\/wp-content\/uploads\/2018\/06\/Icon-Good-quality.png 100w, https:\/\/arturf.com\/wp-content\/uploads\/2018\/06\/Icon-Good-quality-12x12.png 12w\" sizes=\"auto, (max-width: 100px) 100vw, 100px\" \/>\t\t\t\t\t<\/div>\n\t\t\t\t<\/div>\n\t\t\t<\/div>\n\t\t\t\t<div class=\"icon-box-text last-reset\">\n\t\t\t<h5 class=\"uppercase\">Ch\u1ea5t l\u01b0\u1ee3ng \u0111\u00e3 \u0111\u01b0\u1ee3c ch\u1ee9ng minh<\/h5>\t\t\t\t\t\t\n\n<p>C\u1ecf nh\u00e2n t\u1ea1o cao c\u1ea5p c\u00f3 kh\u1ea3 n\u0103ng ch\u1ed1ng tia c\u1ef1c t\u00edm v\u00e0 m\u00e0i m\u00f2n. B\u1ea3o h\u00e0nh v\u1eefng ch\u1eafc \u0111\u1ea3m b\u1ea3o s\u1ef1 h\u00e0i l\u00f2ng l\u00e2u d\u00e0i.<\/p>\n\n\t\t<\/div>\n\t<\/div>\n\t\n\t\n\n\t\t<\/div>\n\t\t\t\t\t<\/div>\n\n\t\n\n\t<div id=\"col-36101173\" class=\"col medium-4 large-4\"  >\n\t\t\t\t<div class=\"col-inner\"  >\n\t\t\t\n\t<div class=\"is-border\"\n\t\tstyle=\"border-width:0px 0px 0px 0px;\">\n\t<\/div>\n\t\t\t\n\n\n\t\t<div class=\"icon-box featured-box icon-box-center text-center\"  style=\"margin:0px 0px 0px 0px;\">\n\t\t\t\t\t<div class=\"icon-box-img has-icon-bg\" style=\"width: 100px\">\n\t\t\t\t<div class=\"icon\">\n\t\t\t\t\t<div class=\"icon-inner\" style=\"border-width:2px;color:rgba(47, 159, 18, 0.88);\">\n\t\t\t\t\t\t<img loading=\"lazy\" decoding=\"async\" width=\"100\" height=\"100\" src=\"https:\/\/arturf.com\/wp-content\/uploads\/2018\/06\/Icon-Good-price.png\" class=\"attachment-medium size-medium\" alt=\"S\u00e2n v\u01b0\u1eddn,Khu vui ch\u01a1i,C\u1ecf nh\u00e2n t\u1ea1o,H\u00ecnh ch\u1eef C\" srcset=\"https:\/\/arturf.com\/wp-content\/uploads\/2018\/06\/Icon-Good-price.png 100w, https:\/\/arturf.com\/wp-content\/uploads\/2018\/06\/Icon-Good-price-12x12.png 12w\" sizes=\"auto, (max-width: 100px) 100vw, 100px\" \/>\t\t\t\t\t<\/div>\n\t\t\t\t<\/div>\n\t\t\t<\/div>\n\t\t\t\t<div class=\"icon-box-text last-reset\">\n\t\t\t<h5 class=\"uppercase\">Gi\u00e1 c\u1ea3 c\u1ea1nh tranh<\/h5>\t\t\t\t\t\t\n\n<p>Ch\u00fang t\u00f4i cung c\u1ea5p gi\u00e1 c\u1ea3 c\u1ea1nh tranh, th\u00fac \u0111\u1ea9y s\u1ef1 ph\u00e1t tri\u1ec3n chung v\u00e0 th\u00e0nh c\u00f4ng l\u00e2u d\u00e0i v\u1edbi c\u00e1c \u0111\u1ea1i l\u00fd \u0111\u00e1ng k\u00ednh c\u1ee7a ch\u00fang t\u00f4i.<\/p>\n\n\t\t<\/div>\n\t<\/div>\n\t\n\t\n\n\t\t<\/div>\n\t\t\t\t\t<\/div>\n\n\t\n\n\t<div id=\"col-664869260\" class=\"col medium-4 large-4\"  >\n\t\t\t\t<div class=\"col-inner\"  >\n\t\t\t\n\t<div class=\"is-border\"\n\t\tstyle=\"border-width:0px 0px 0px 0px;\">\n\t<\/div>\n\t\t\t\n\n\n\t\t<div class=\"icon-box featured-box icon-box-center text-center\"  style=\"margin:0px 0px 0px 0px;\">\n\t\t\t\t\t<div class=\"icon-box-img has-icon-bg\" style=\"width: 100px\">\n\t\t\t\t<div class=\"icon\">\n\t\t\t\t\t<div class=\"icon-inner\" style=\"border-width:2px;color:rgba(47, 159, 18, 0.88);\">\n\t\t\t\t\t\t<img loading=\"lazy\" decoding=\"async\" width=\"100\" height=\"100\" src=\"https:\/\/arturf.com\/wp-content\/uploads\/2018\/06\/Icon-tailor-made.png\" class=\"attachment-medium size-medium\" alt=\"S\u00e2n v\u01b0\u1eddn,Khu vui ch\u01a1i,C\u1ecf nh\u00e2n t\u1ea1o,H\u00ecnh ch\u1eef C\" srcset=\"https:\/\/arturf.com\/wp-content\/uploads\/2018\/06\/Icon-tailor-made.png 100w, https:\/\/arturf.com\/wp-content\/uploads\/2018\/06\/Icon-tailor-made-12x12.png 12w\" sizes=\"auto, (max-width: 100px) 100vw, 100px\" \/>\t\t\t\t\t<\/div>\n\t\t\t\t<\/div>\n\t\t\t<\/div>\n\t\t\t\t<div class=\"icon-box-text last-reset\">\n\t\t\t<h5 class=\"uppercase\">Gi\u1ea3i ph\u00e1p t\u00f9y ch\u1ec9nh<\/h5>\t\t\t\t\t\t\n\n<p>Khai ph\u00e1 ti\u1ec1m n\u0103ng th\u1ecb tr\u01b0\u1eddng v\u1edbi c\u00e1c l\u1ef1a ch\u1ecdn c\u1ecf nh\u00e2n t\u1ea1o \u0111a d\u1ea1ng. <a href=\"https:\/\/arturf.com\/vi\/buyers-guide\/customized-artificial-grass-products\/\">Ph\u00f9 h\u1ee3p v\u1edbi nhu c\u1ea7u ho\u1eb7c m\u1eabu \u0111\u1ed9c \u0111\u00e1o<\/a>.<\/p>\n\n\t\t<\/div>\n\t<\/div>\n\t\n\t\n\n\t\t<\/div>\n\t\t\t\t\t<\/div>\n\n\t\n\n<\/div>","protected":false},"excerpt":{"rendered":"<p>N\u00f3 l\u00e0 m\u1ed9t s\u1ea3n ph\u1ea9m c\u1ecf nh\u00e2n t\u1ea1o cao c\u1ea5p, \u0111\u01b0\u1ee3c ch\u1ebf t\u1ea1o b\u1eb1ng c\u00e1c s\u1ee3i h\u00ecnh ch\u1eef c ch\u1eafc ch\u1eafn v\u00e0 m\u1ed9t l\u1edbp l\u00e1 d\u00e0y m\u00e0u n\u00e2u. S\u1ea3n ph\u1ea9m n\u00e0y cung c\u1ea5p kh\u1ea3 n\u0103ng ch\u1ed1ng m\u00e0i m\u00f2n v\u00e0 tia c\u1ef1c t\u00edm \u0111\u1eb7c bi\u1ec7t, l\u00e0m cho n\u00f3 tr\u1edf n\u00ean ho\u00e0n h\u1ea3o cho c\u00e1c khu v\u01b0\u1eddn, khu vui ch\u01a1i, c\u00f4ng vi\u00ean c\u00f4ng c\u1ed9ng v\u00e0 t\u1ea5t c\u1ea3 c\u00e1c \u1ee9ng d\u1ee5ng c\u1ea3nh quan. T\u1eadn h\u01b0\u1edfng ch\u1ea5t l\u01b0\u1ee3ng h\u00e0ng \u0111\u1ea7u cho kh\u00f4ng gian ngo\u00e0i tr\u1eddi c\u1ee7a b\u1ea1n.<\/p>","protected":false},"featured_media":11436,"template":"","meta":{"_seopress_robots_primary_cat":"","_seopress_titles_title":"Premium Artificial Turf with C-Shaped Fibers and Dense Brown Thatch","_seopress_titles_desc":"","_seopress_robots_index":""},"product_brand":[],"product_cat":[64],"product_tag":[],"class_list":{"0":"post-11433","1":"product","2":"type-product","3":"status-publish","4":"has-post-thumbnail","6":"product_cat-landscape","8":"first","9":"instock","10":"shipping-taxable","11":"product-type-simple"},"_links":{"self":[{"href":"https:\/\/arturf.com\/vi\/wp-json\/wp\/v2\/product\/11433","targetHints":{"allow":["GET"]}}],"collection":[{"href":"https:\/\/arturf.com\/vi\/wp-json\/wp\/v2\/product"}],"about":[{"href":"https:\/\/arturf.com\/vi\/wp-json\/wp\/v2\/types\/product"}],"wp:featuredmedia":[{"embeddable":true,"href":"https:\/\/arturf.com\/vi\/wp-json\/wp\/v2\/media\/11436"}],"wp:attachment":[{"href":"https:\/\/arturf.com\/vi\/wp-json\/wp\/v2\/media?parent=11433"}],"wp:term":[{"taxonomy":"product_brand","embeddable":true,"href":"https:\/\/arturf.com\/vi\/wp-json\/wp\/v2\/product_brand?post=11433"},{"taxonomy":"product_cat","embeddable":true,"href":"https:\/\/arturf.com\/vi\/wp-json\/wp\/v2\/product_cat?post=11433"},{"taxonomy":"product_tag","embeddable":true,"href":"https:\/\/arturf.com\/vi\/wp-json\/wp\/v2\/product_tag?post=11433"}],"curies":[{"name":"wp","href":"https:\/\/api.w.org\/{rel}","templated":true}]}}